{"id":108574,"date":"2026-04-24T08:00:39","date_gmt":"2026-04-24T05:00:39","guid":{"rendered":"https:\/\/kidsplay.lt\/produktas\/woopie-magnetine-automobiliu-lenktyniu-trasa-automobilis\/"},"modified":"2026-04-24T08:00:53","modified_gmt":"2026-04-24T05:00:53","slug":"woopie-magnetine-automobiliu-lenktyniu-trasa-automobilis","status":"publish","type":"product","link":"https:\/\/kidsplay.lt\/lv\/products\/woopie-magnetine-automobiliu-lenktyniu-trasa-automobilis\/","title":{"rendered":"\u201eWOOPIE magn\u0113tisk\u0101 auto sac\u012bk\u0161u trase + automa\u0161\u012bna"},"content":{"rendered":"<p>\u201eWOOPIE\u201c magnetin\u0117 lenktyni\u0173 trasa \u2013 tai i\u0161skirtinis \u017eaislas, kuris pa\u017eadina kiekvieno vaiko k\u016brybi\u0161kum\u0105 ir paver\u010dia \u017eaidim\u0105 \u012fsp\u016bdingu nuotykiu su \u0161viesomis ir spalvomis! D\u0117l lengvai sujungiam\u0173 magnetini\u0173 element\u0173 ma\u017eyliai gali savaranki\u0161kai kurti \u012fvairias daugiaauk\u0161tes trasas, kuriomis va\u017eiuoja \u0161vie\u010diantis automobilis. Skaidrios, spalvingos detal\u0117s ir ry\u0161k\u016bs LED efektai daro \u017eaidim\u0105 itin \u012ftraukiant\u012f tiek dien\u0105, tiek nakt\u012f.<br \/>\nFunkcijas:<\/p>\n<p> \tB\u0113rniem no 3 gadu vecuma<br \/>\n \tPagaminta i\u0161 auk\u0161tos kokyb\u0117s med\u017eiag\u0173<br \/>\n \t\u0160vie\u010diantis LED automobilis va\u017eiuojant<br \/>\n \tSpalvingi, permatomi trasos elementai<br \/>\n \tMagnetin\u0117s, lengvai sujungiamos detal\u0117s greitam surinkimui<br \/>\n \tGalimyb\u0117 kurti daugiaauk\u0161tes konstrukcijas (tiltai, rampos, pos\u016bkiai)<br \/>\n \tLengvas surinkimas be \u012franki\u0173<\/p>\n<p>Komplekt\u0101 ietilpst:<\/p>\n<p> \tLED \u0161vie\u010diantis automobilis<br \/>\n \t92 trasos atramos<br \/>\n \t15 jungiam\u0173j\u0173 trasos element\u0173<br \/>\n \t13 trasos element\u0173<br \/>\n \t8 dekoracij\u0173 stulpai<br \/>\n \t8 dekoracijos (kelio \u017eenklai ir v\u0117liav\u0117l\u0117s)<\/p>","protected":false},"excerpt":{"rendered":"<p>\u201eWOOPIE\u201c magnetin\u0117 lenktyni\u0173 trasa \u2013 tai i\u0161skirtinis \u017eaislas, kuris pa\u017eadina kiekvieno vaiko k\u016brybi\u0161kum\u0105 ir paver\u010dia \u017eaidim\u0105 \u012fsp\u016bdingu nuotykiu su \u0161viesomis<\/p>","protected":false},"featured_media":108576,"template":"","meta":{"_acf_changed":false,"_glsr_average":0,"_glsr_ranking":0,"_glsr_reviews":0},"product_brand":[],"product_cat":[448,229],"product_tag":[],"class_list":{"0":"post-108574","1":"product","2":"type-product","3":"status-publish","4":"has-post-thumbnail","6":"product_cat-automobiliai-ir-transportas","7":"product_cat-zaislai-vaikams","8":"\"style=\"background-color: #2ecc711c;\"","10":"first","11":"instock","12":"purchasable","13":"product-type-simple"},"acf":[],"yoast_head":"<!-- This site is optimized with the Yoast SEO plugin v27.4 - https:\/\/yoast.com\/product\/yoast-seo-wordpress\/ -->\n<title>\u201eWOOPIE\u201c magnetin\u0117 automobili\u0173 lenktyni\u0173 trasa + automobilis<\/title>\n<meta name=\"description\" content=\"\u201eWOOPIE\u201c magnetin\u0117 automobili\u0173 lenktyni\u0173 trasa + automobilis - KidsPlay. Did\u017eiausias vaik\u0173 \u017eaisl\u0173 pasirinkimas.\" \/>\n<meta name=\"robots\" content=\"index, follow, max-snippet:-1, max-image-preview:large, max-video-preview:-1\" \/>\n<link rel=\"canonical\" href=\"https:\/\/kidsplay.lt\/lv\/products\/woopie-magnetine-automobiliu-lenktyniu-trasa-automobilis\/\" \/>\n<meta property=\"og:locale\" content=\"lv_LV\" \/>\n<meta property=\"og:type\" content=\"article\" \/>\n<meta property=\"og:title\" content=\"\u201eWOOPIE\u201c magnetin\u0117 automobili\u0173 lenktyni\u0173 trasa + automobilis\" \/>\n<meta property=\"og:description\" content=\"\u201eWOOPIE\u201c magnetin\u0117 automobili\u0173 lenktyni\u0173 trasa + automobilis - KidsPlay. Did\u017eiausias vaik\u0173 \u017eaisl\u0173 pasirinkimas.\" \/>\n<meta property=\"og:url\" content=\"https:\/\/kidsplay.lt\/lv\/products\/woopie-magnetine-automobiliu-lenktyniu-trasa-automobilis\/\" \/>\n<meta property=\"og:site_name\" content=\"KidsPlay\" \/>\n<meta property=\"article:publisher\" content=\"https:\/\/www.facebook.com\/www.kidsplay.lt\" \/>\n<meta property=\"article:modified_time\" content=\"2026-04-24T05:00:53+00:00\" \/>\n<meta property=\"og:image\" content=\"https:\/\/kidsplay.lt\/wp-content\/uploads\/2026\/04\/\u201eWOOPIE-magnetine-automobiliu-lenktyniu-trasa-automobilis.jpg\" \/>\n\t<meta property=\"og:image:width\" content=\"1000\" \/>\n\t<meta property=\"og:image:height\" content=\"1000\" \/>\n\t<meta property=\"og:image:type\" content=\"image\/jpeg\" \/>\n<meta name=\"twitter:card\" content=\"summary_large_image\" \/>\n<meta name=\"twitter:label1\" content=\"Est. reading time\" \/>\n\t<meta name=\"twitter:data1\" content=\"1 min\u016bte\" \/>\n<script type=\"application\/ld+json\" class=\"yoast-schema-graph\">{\"@context\":\"https:\\\/\\\/schema.org\",\"@graph\":[{\"@type\":\"WebPage\",\"@id\":\"https:\\\/\\\/kidsplay.lt\\\/produktas\\\/woopie-magnetine-automobiliu-lenktyniu-trasa-automobilis\\\/\",\"url\":\"https:\\\/\\\/kidsplay.lt\\\/produktas\\\/woopie-magnetine-automobiliu-lenktyniu-trasa-automobilis\\\/\",\"name\":\"\u201eWOOPIE\u201c magnetin\u0117 automobili\u0173 lenktyni\u0173 trasa + automobilis\",\"isPartOf\":{\"@id\":\"https:\\\/\\\/kidsplay.lt\\\/#website\"},\"primaryImageOfPage\":{\"@id\":\"https:\\\/\\\/kidsplay.lt\\\/produktas\\\/woopie-magnetine-automobiliu-lenktyniu-trasa-automobilis\\\/#primaryimage\"},\"image\":{\"@id\":\"https:\\\/\\\/kidsplay.lt\\\/produktas\\\/woopie-magnetine-automobiliu-lenktyniu-trasa-automobilis\\\/#primaryimage\"},\"thumbnailUrl\":\"https:\\\/\\\/kidsplay.lt\\\/wp-content\\\/uploads\\\/2026\\\/04\\\/\u201eWOOPIE-magnetine-automobiliu-lenktyniu-trasa-automobilis.jpg\",\"datePublished\":\"2026-04-24T05:00:39+00:00\",\"dateModified\":\"2026-04-24T05:00:53+00:00\",\"description\":\"\u201eWOOPIE\u201c magnetin\u0117 automobili\u0173 lenktyni\u0173 trasa + automobilis - KidsPlay. Did\u017eiausias vaik\u0173 \u017eaisl\u0173 pasirinkimas.\",\"breadcrumb\":{\"@id\":\"https:\\\/\\\/kidsplay.lt\\\/produktas\\\/woopie-magnetine-automobiliu-lenktyniu-trasa-automobilis\\\/#breadcrumb\"},\"inLanguage\":\"lv-LV\",\"potentialAction\":[{\"@type\":\"ReadAction\",\"target\":[\"https:\\\/\\\/kidsplay.lt\\\/produktas\\\/woopie-magnetine-automobiliu-lenktyniu-trasa-automobilis\\\/\"]}]},{\"@type\":\"ImageObject\",\"inLanguage\":\"lv-LV\",\"@id\":\"https:\\\/\\\/kidsplay.lt\\\/produktas\\\/woopie-magnetine-automobiliu-lenktyniu-trasa-automobilis\\\/#primaryimage\",\"url\":\"https:\\\/\\\/kidsplay.lt\\\/wp-content\\\/uploads\\\/2026\\\/04\\\/\u201eWOOPIE-magnetine-automobiliu-lenktyniu-trasa-automobilis.jpg\",\"contentUrl\":\"https:\\\/\\\/kidsplay.lt\\\/wp-content\\\/uploads\\\/2026\\\/04\\\/\u201eWOOPIE-magnetine-automobiliu-lenktyniu-trasa-automobilis.jpg\",\"width\":1000,\"height\":1000,\"caption\":\"\u201eWOOPIE\u201c magnetin\u0117 automobili\u0173 lenktyni\u0173 trasa + automobilis\"},{\"@type\":\"BreadcrumbList\",\"@id\":\"https:\\\/\\\/kidsplay.lt\\\/produktas\\\/woopie-magnetine-automobiliu-lenktyniu-trasa-automobilis\\\/#breadcrumb\",\"itemListElement\":[{\"@type\":\"ListItem\",\"position\":1,\"name\":\"Pagrindinis\",\"item\":\"https:\\\/\\\/kidsplay.lt\\\/\"},{\"@type\":\"ListItem\",\"position\":2,\"name\":\"Parduotuv\u0117\",\"item\":\"https:\\\/\\\/kidsplay.lt\\\/parduotuve\\\/\"},{\"@type\":\"ListItem\",\"position\":3,\"name\":\"\u201eWOOPIE\u201c magnetin\u0117 automobili\u0173 lenktyni\u0173 trasa + automobilis\"}]},{\"@type\":\"WebSite\",\"@id\":\"https:\\\/\\\/kidsplay.lt\\\/#website\",\"url\":\"https:\\\/\\\/kidsplay.lt\\\/\",\"name\":\"Kidsplay.lt\",\"description\":\"\u012evairios prek\u0117s vaikams\",\"publisher\":{\"@id\":\"https:\\\/\\\/kidsplay.lt\\\/#organization\"},\"alternateName\":\"Kidsplay\",\"potentialAction\":[{\"@type\":\"SearchAction\",\"target\":{\"@type\":\"EntryPoint\",\"urlTemplate\":\"https:\\\/\\\/kidsplay.lt\\\/?s={search_term_string}\"},\"query-input\":{\"@type\":\"PropertyValueSpecification\",\"valueRequired\":true,\"valueName\":\"search_term_string\"}}],\"inLanguage\":\"lv-LV\"},{\"@type\":\"Organization\",\"@id\":\"https:\\\/\\\/kidsplay.lt\\\/#organization\",\"name\":\"KidsPlay\",\"url\":\"https:\\\/\\\/kidsplay.lt\\\/\",\"logo\":{\"@type\":\"ImageObject\",\"inLanguage\":\"lv-LV\",\"@id\":\"https:\\\/\\\/kidsplay.lt\\\/#\\\/schema\\\/logo\\\/image\\\/\",\"url\":\"https:\\\/\\\/kidsplay.lt\\\/wp-content\\\/uploads\\\/2023\\\/07\\\/kidsplay-logo.png\",\"contentUrl\":\"https:\\\/\\\/kidsplay.lt\\\/wp-content\\\/uploads\\\/2023\\\/07\\\/kidsplay-logo.png\",\"width\":451,\"height\":98,\"caption\":\"KidsPlay\"},\"image\":{\"@id\":\"https:\\\/\\\/kidsplay.lt\\\/#\\\/schema\\\/logo\\\/image\\\/\"},\"sameAs\":[\"https:\\\/\\\/www.facebook.com\\\/www.kidsplay.lt\"]}]}<\/script>\n<!-- \/ Yoast SEO plugin. -->","yoast_head_json":{"title":"\u201eWOOPIE magn\u0113tisk\u0101 auto sac\u012bk\u0161u trase + automa\u0161\u012bna","description":"\u201eWOOPIE\u201c magnetin\u0117 automobili\u0173 lenktyni\u0173 trasa + automobilis - KidsPlay. Did\u017eiausias vaik\u0173 \u017eaisl\u0173 pasirinkimas.","robots":{"index":"index","follow":"follow","max-snippet":"max-snippet:-1","max-image-preview":"max-image-preview:large","max-video-preview":"max-video-preview:-1"},"canonical":"https:\/\/kidsplay.lt\/lv\/products\/woopie-magnetine-automobiliu-lenktyniu-trasa-automobilis\/","og_locale":"lv_LV","og_type":"article","og_title":"\u201eWOOPIE\u201c magnetin\u0117 automobili\u0173 lenktyni\u0173 trasa + automobilis","og_description":"\u201eWOOPIE\u201c magnetin\u0117 automobili\u0173 lenktyni\u0173 trasa + automobilis - KidsPlay. Did\u017eiausias vaik\u0173 \u017eaisl\u0173 pasirinkimas.","og_url":"https:\/\/kidsplay.lt\/lv\/products\/woopie-magnetine-automobiliu-lenktyniu-trasa-automobilis\/","og_site_name":"KidsPlay","article_publisher":"https:\/\/www.facebook.com\/www.kidsplay.lt","article_modified_time":"2026-04-24T05:00:53+00:00","og_image":[{"width":1000,"height":1000,"url":"https:\/\/kidsplay.lt\/wp-content\/uploads\/2026\/04\/\u201eWOOPIE-magnetine-automobiliu-lenktyniu-trasa-automobilis.jpg","type":"image\/jpeg"}],"twitter_card":"summary_large_image","twitter_misc":{"Est. reading time":"1 min\u016bte"},"schema":{"@context":"https:\/\/schema.org","@graph":[{"@type":"WebPage","@id":"https:\/\/kidsplay.lt\/produktas\/woopie-magnetine-automobiliu-lenktyniu-trasa-automobilis\/","url":"https:\/\/kidsplay.lt\/produktas\/woopie-magnetine-automobiliu-lenktyniu-trasa-automobilis\/","name":"\u201eWOOPIE magn\u0113tisk\u0101 auto sac\u012bk\u0161u trase + automa\u0161\u012bna","isPartOf":{"@id":"https:\/\/kidsplay.lt\/#website"},"primaryImageOfPage":{"@id":"https:\/\/kidsplay.lt\/produktas\/woopie-magnetine-automobiliu-lenktyniu-trasa-automobilis\/#primaryimage"},"image":{"@id":"https:\/\/kidsplay.lt\/produktas\/woopie-magnetine-automobiliu-lenktyniu-trasa-automobilis\/#primaryimage"},"thumbnailUrl":"https:\/\/kidsplay.lt\/wp-content\/uploads\/2026\/04\/\u201eWOOPIE-magnetine-automobiliu-lenktyniu-trasa-automobilis.jpg","datePublished":"2026-04-24T05:00:39+00:00","dateModified":"2026-04-24T05:00:53+00:00","description":"\u201eWOOPIE\u201c magnetin\u0117 automobili\u0173 lenktyni\u0173 trasa + automobilis - KidsPlay. Did\u017eiausias vaik\u0173 \u017eaisl\u0173 pasirinkimas.","breadcrumb":{"@id":"https:\/\/kidsplay.lt\/produktas\/woopie-magnetine-automobiliu-lenktyniu-trasa-automobilis\/#breadcrumb"},"inLanguage":"lv-LV","potentialAction":[{"@type":"ReadAction","target":["https:\/\/kidsplay.lt\/produktas\/woopie-magnetine-automobiliu-lenktyniu-trasa-automobilis\/"]}]},{"@type":"ImageObject","inLanguage":"lv-LV","@id":"https:\/\/kidsplay.lt\/produktas\/woopie-magnetine-automobiliu-lenktyniu-trasa-automobilis\/#primaryimage","url":"https:\/\/kidsplay.lt\/wp-content\/uploads\/2026\/04\/\u201eWOOPIE-magnetine-automobiliu-lenktyniu-trasa-automobilis.jpg","contentUrl":"https:\/\/kidsplay.lt\/wp-content\/uploads\/2026\/04\/\u201eWOOPIE-magnetine-automobiliu-lenktyniu-trasa-automobilis.jpg","width":1000,"height":1000,"caption":"\u201eWOOPIE\u201c magnetin\u0117 automobili\u0173 lenktyni\u0173 trasa + automobilis"},{"@type":"BreadcrumbList","@id":"https:\/\/kidsplay.lt\/produktas\/woopie-magnetine-automobiliu-lenktyniu-trasa-automobilis\/#breadcrumb","itemListElement":[{"@type":"ListItem","position":1,"name":"Pagrindinis","item":"https:\/\/kidsplay.lt\/"},{"@type":"ListItem","position":2,"name":"Parduotuv\u0117","item":"https:\/\/kidsplay.lt\/parduotuve\/"},{"@type":"ListItem","position":3,"name":"\u201eWOOPIE\u201c magnetin\u0117 automobili\u0173 lenktyni\u0173 trasa + automobilis"}]},{"@type":"WebSite","@id":"https:\/\/kidsplay.lt\/#website","url":"https:\/\/kidsplay.lt\/","name":"B\u0113rnu sp\u0113les.lv","description":"\u012evairios prek\u0117s vaikams","publisher":{"@id":"https:\/\/kidsplay.lt\/#organization"},"alternateName":"Kidsplay","potentialAction":[{"@type":"SearchAction","target":{"@type":"EntryPoint","urlTemplate":"https:\/\/kidsplay.lt\/?s={search_term_string}"},"query-input":{"@type":"PropertyValueSpecification","valueRequired":true,"valueName":"search_term_string"}}],"inLanguage":"lv-LV"},{"@type":"Organization","@id":"https:\/\/kidsplay.lt\/#organization","name":"B\u0113rnu sp\u0113le","url":"https:\/\/kidsplay.lt\/","logo":{"@type":"ImageObject","inLanguage":"lv-LV","@id":"https:\/\/kidsplay.lt\/#\/schema\/logo\/image\/","url":"https:\/\/kidsplay.lt\/wp-content\/uploads\/2023\/07\/kidsplay-logo.png","contentUrl":"https:\/\/kidsplay.lt\/wp-content\/uploads\/2023\/07\/kidsplay-logo.png","width":451,"height":98,"caption":"KidsPlay"},"image":{"@id":"https:\/\/kidsplay.lt\/#\/schema\/logo\/image\/"},"sameAs":["https:\/\/www.facebook.com\/www.kidsplay.lt"]}]}},"_links":{"self":[{"href":"https:\/\/kidsplay.lt\/lv\/wp-json\/wp\/v2\/product\/108574","targetHints":{"allow":["GET"]}}],"collection":[{"href":"https:\/\/kidsplay.lt\/lv\/wp-json\/wp\/v2\/product"}],"about":[{"href":"https:\/\/kidsplay.lt\/lv\/wp-json\/wp\/v2\/types\/product"}],"version-history":[{"count":1,"href":"https:\/\/kidsplay.lt\/lv\/wp-json\/wp\/v2\/product\/108574\/revisions"}],"predecessor-version":[{"id":108575,"href":"https:\/\/kidsplay.lt\/lv\/wp-json\/wp\/v2\/product\/108574\/revisions\/108575"}],"wp:featuredmedia":[{"embeddable":true,"href":"https:\/\/kidsplay.lt\/lv\/wp-json\/wp\/v2\/media\/108576"}],"wp:attachment":[{"href":"https:\/\/kidsplay.lt\/lv\/wp-json\/wp\/v2\/media?parent=108574"}],"wp:term":[{"taxonomy":"product_brand","embeddable":true,"href":"https:\/\/kidsplay.lt\/lv\/wp-json\/wp\/v2\/product_brand?post=108574"},{"taxonomy":"product_cat","embeddable":true,"href":"https:\/\/kidsplay.lt\/lv\/wp-json\/wp\/v2\/product_cat?post=108574"},{"taxonomy":"product_tag","embeddable":true,"href":"https:\/\/kidsplay.lt\/lv\/wp-json\/wp\/v2\/product_tag?post=108574"}],"curies":[{"name":"wp","href":"https:\/\/api.w.org\/{rel}","templated":true}]}}