{"id":108581,"date":"2026-04-24T08:00:57","date_gmt":"2026-04-24T05:00:57","guid":{"rendered":"https:\/\/kidsplay.lt\/produktas\/woopie-interaktyvi-automobiliu-kliuciu-trasa-astronauto-kosminis-nuotykis\/"},"modified":"2026-04-24T08:01:11","modified_gmt":"2026-04-24T05:01:11","slug":"woopie-interaktyvi-automobiliu-kliuciu-trasa-astronauto-kosminis-nuotykis","status":"publish","type":"product","link":"https:\/\/kidsplay.lt\/lv\/products\/woopie-interaktyvi-automobiliu-kliuciu-trasa-astronauto-kosminis-nuotykis\/","title":{"rendered":"\u201eWOOPIE interakt\u012bv\u0101 automa\u0161\u012bnu \u0161\u0137\u0113r\u0161\u013cu josla &quot;Astronautu kosmosa piedz\u012bvojums&quot;\u201c"},"content":{"rendered":"<p>\u201eAstronauto kosminis nuotykis\u201c interaktyvi kli\u016b\u010di\u0173 trasa \u2013 tai i\u0161skirtin\u0117 dovana ma\u017eiesiems tyrin\u0117tojams, trok\u0161tantiems \u012fsp\u016bding\u0173 nuotyki\u0173 ir i\u0161\u0161\u016bki\u0173. Tai ne tik \u017eaislas, bet ir tikra erdv\u0117, kurioje vaikai gali \u012fsijausti \u012f vairuotoj\u0173 vaidmen\u012f ir \u012fveikti \u012fvairias kli\u016btis. D\u0117l sumanios konstrukcijos ir \u012fvairi\u0173 element\u0173 \u017eaidimas suteikia daug \u012ftampos, d\u017eiaugsmo ir k\u016brybi\u0161kumo akimirk\u0173. Puikiai lavina vaizduot\u0119 ir rankinius \u012fg\u016bd\u017eius, tuo pa\u010diu garantuodamas valand\u0173 valandas \u012fdomaus \u017eaidimo.<br \/>\nTrasa si\u016blo ne tik va\u017ein\u0117jim\u0105, bet ir dinami\u0161kus, mygtukais bei ranken\u0117l\u0117mis valdomus interaktyvius elementus. Tai \u012ftraukiantis \u017eaidimas, reikalaujantis d\u0117mesio ir vikrumo. Rinkinyje yra trys automobiliai, kurie gali laisvai jud\u0117ti trasa pagal vaiko vaizduot\u0119 \u2013 taip pat leid\u017eia lenktyniauti ir kurti skirtingus scenarijus. Nors va\u017eiuoti atrodo paprasta, \u012fvairios kli\u016btys, tokios kaip krumpliara\u010diai ir pakeliami tiltai, paver\u010dia kelion\u0119 piln\u0105 adrenalino.<br \/>\nFunkcijas:<\/p>\n<p> \tB\u0113rniem no 3 gadu vecuma<br \/>\n \tJudantys elementai \u2013 valdomi mygtukais ir ranken\u0117l\u0117mis<br \/>\n \tAutomobiliai juda \u201eore\u201c magneto pagalba<br \/>\n \t3 automobiliai rinkinyje<br \/>\n \tVaikas turi planuoti veiksmus ir priimti sprendimus, kaip \u012fveikti kli\u016btis<br \/>\n \tTrakai veikia be baterij\u0173<\/p>\n<p>Komplekt\u0101 ietilpst:<\/p>\n<p> \tAtsitiktinai parinkti automobiliai<br \/>\n \tKosmin\u0117s stoties trasa<\/p>\n<p>Funkcijos:<\/p>\n<p> \tPakelta platforma \u2013 paleid\u017eia automobilius \u012f tras\u0105<br \/>\n \tJudan\u010dios platformos \u2013 kei\u010dia automobilio krypt\u012f<br \/>\n \tJudantis mechanizmas \u2013 kelia automobil\u012f \u012f vir\u0161\u0173<br \/>\n \tRaketa su magnetu \u2013 perkelia automobil\u012f per tilt\u0105<br \/>\n \tPakeliamas tiltas \u2013 leid\u017eia automobiliui prava\u017eiuoti<br \/>\n \tK\u0117limo platforma \u2013 gr\u0105\u017eina automobil\u012f \u012f tras\u0105 iki fini\u0161o<\/p>","protected":false},"excerpt":{"rendered":"<p>\u201eAstronauto kosminis nuotykis\u201c interaktyvi kli\u016b\u010di\u0173 trasa \u2013 tai i\u0161skirtin\u0117 dovana ma\u017eiesiems tyrin\u0117tojams, trok\u0161tantiems \u012fsp\u016bding\u0173 nuotyki\u0173 ir i\u0161\u0161\u016bki\u0173. Tai ne tik<\/p>","protected":false},"featured_media":108583,"template":"","meta":{"_acf_changed":false,"_glsr_average":0,"_glsr_ranking":0,"_glsr_reviews":0},"product_brand":[],"product_cat":[448,229],"product_tag":[],"class_list":{"0":"post-108581","1":"product","2":"type-product","3":"status-publish","4":"has-post-thumbnail","6":"product_cat-automobiliai-ir-transportas","7":"product_cat-zaislai-vaikams","8":"\"style=\"background-color: #2ecc711c;\"","10":"first","11":"instock","12":"purchasable","13":"product-type-simple"},"acf":[],"yoast_head":"<!-- This site is optimized with the Yoast SEO plugin v27.4 - https:\/\/yoast.com\/product\/yoast-seo-wordpress\/ -->\n<title>\u201eWOOPIE\u201c interaktyvi automobili\u0173 kli\u016b\u010di\u0173 trasa \u201eAstronauto kosminis nuotykis\u201c<\/title>\n<meta name=\"description\" content=\"\u201eWOOPIE\u201c interaktyvi automobili\u0173 kli\u016b\u010di\u0173 trasa \u201eAstronauto kosminis nuotykis\u201c - KidsPlay. Did\u017eiausias vaik\u0173 \u017eaisl\u0173 pasirinkimas.\" \/>\n<meta name=\"robots\" content=\"index, follow, max-snippet:-1, max-image-preview:large, max-video-preview:-1\" \/>\n<link rel=\"canonical\" href=\"https:\/\/kidsplay.lt\/lv\/products\/woopie-interaktyvi-automobiliu-kliuciu-trasa-astronauto-kosminis-nuotykis\/\" \/>\n<meta property=\"og:locale\" content=\"lv_LV\" \/>\n<meta property=\"og:type\" content=\"article\" \/>\n<meta property=\"og:title\" content=\"\u201eWOOPIE\u201c interaktyvi automobili\u0173 kli\u016b\u010di\u0173 trasa \u201eAstronauto kosminis nuotykis\u201c\" \/>\n<meta property=\"og:description\" content=\"\u201eWOOPIE\u201c interaktyvi automobili\u0173 kli\u016b\u010di\u0173 trasa \u201eAstronauto kosminis nuotykis\u201c - KidsPlay. Did\u017eiausias vaik\u0173 \u017eaisl\u0173 pasirinkimas.\" \/>\n<meta property=\"og:url\" content=\"https:\/\/kidsplay.lt\/lv\/products\/woopie-interaktyvi-automobiliu-kliuciu-trasa-astronauto-kosminis-nuotykis\/\" \/>\n<meta property=\"og:site_name\" content=\"KidsPlay\" \/>\n<meta property=\"article:publisher\" content=\"https:\/\/www.facebook.com\/www.kidsplay.lt\" \/>\n<meta property=\"article:modified_time\" content=\"2026-04-24T05:01:11+00:00\" \/>\n<meta property=\"og:image\" content=\"https:\/\/kidsplay.lt\/wp-content\/uploads\/2026\/04\/\u201eWOOPIE-interaktyvi-automobiliu-kliuciu-trasa-\u201eAstronauto-kosminis-nuotykis.jpg\" \/>\n\t<meta property=\"og:image:width\" content=\"1000\" \/>\n\t<meta property=\"og:image:height\" content=\"1000\" \/>\n\t<meta property=\"og:image:type\" content=\"image\/jpeg\" \/>\n<meta name=\"twitter:card\" content=\"summary_large_image\" \/>\n<meta name=\"twitter:label1\" content=\"Est. reading time\" \/>\n\t<meta name=\"twitter:data1\" content=\"1 min\u016bte\" \/>\n<script type=\"application\/ld+json\" class=\"yoast-schema-graph\">{\"@context\":\"https:\\\/\\\/schema.org\",\"@graph\":[{\"@type\":\"WebPage\",\"@id\":\"https:\\\/\\\/kidsplay.lt\\\/produktas\\\/woopie-interaktyvi-automobiliu-kliuciu-trasa-astronauto-kosminis-nuotykis\\\/\",\"url\":\"https:\\\/\\\/kidsplay.lt\\\/produktas\\\/woopie-interaktyvi-automobiliu-kliuciu-trasa-astronauto-kosminis-nuotykis\\\/\",\"name\":\"\u201eWOOPIE\u201c interaktyvi automobili\u0173 kli\u016b\u010di\u0173 trasa \u201eAstronauto kosminis nuotykis\u201c\",\"isPartOf\":{\"@id\":\"https:\\\/\\\/kidsplay.lt\\\/#website\"},\"primaryImageOfPage\":{\"@id\":\"https:\\\/\\\/kidsplay.lt\\\/produktas\\\/woopie-interaktyvi-automobiliu-kliuciu-trasa-astronauto-kosminis-nuotykis\\\/#primaryimage\"},\"image\":{\"@id\":\"https:\\\/\\\/kidsplay.lt\\\/produktas\\\/woopie-interaktyvi-automobiliu-kliuciu-trasa-astronauto-kosminis-nuotykis\\\/#primaryimage\"},\"thumbnailUrl\":\"https:\\\/\\\/kidsplay.lt\\\/wp-content\\\/uploads\\\/2026\\\/04\\\/\u201eWOOPIE-interaktyvi-automobiliu-kliuciu-trasa-\u201eAstronauto-kosminis-nuotykis.jpg\",\"datePublished\":\"2026-04-24T05:00:57+00:00\",\"dateModified\":\"2026-04-24T05:01:11+00:00\",\"description\":\"\u201eWOOPIE\u201c interaktyvi automobili\u0173 kli\u016b\u010di\u0173 trasa \u201eAstronauto kosminis nuotykis\u201c - KidsPlay. Did\u017eiausias vaik\u0173 \u017eaisl\u0173 pasirinkimas.\",\"breadcrumb\":{\"@id\":\"https:\\\/\\\/kidsplay.lt\\\/produktas\\\/woopie-interaktyvi-automobiliu-kliuciu-trasa-astronauto-kosminis-nuotykis\\\/#breadcrumb\"},\"inLanguage\":\"lv-LV\",\"potentialAction\":[{\"@type\":\"ReadAction\",\"target\":[\"https:\\\/\\\/kidsplay.lt\\\/produktas\\\/woopie-interaktyvi-automobiliu-kliuciu-trasa-astronauto-kosminis-nuotykis\\\/\"]}]},{\"@type\":\"ImageObject\",\"inLanguage\":\"lv-LV\",\"@id\":\"https:\\\/\\\/kidsplay.lt\\\/produktas\\\/woopie-interaktyvi-automobiliu-kliuciu-trasa-astronauto-kosminis-nuotykis\\\/#primaryimage\",\"url\":\"https:\\\/\\\/kidsplay.lt\\\/wp-content\\\/uploads\\\/2026\\\/04\\\/\u201eWOOPIE-interaktyvi-automobiliu-kliuciu-trasa-\u201eAstronauto-kosminis-nuotykis.jpg\",\"contentUrl\":\"https:\\\/\\\/kidsplay.lt\\\/wp-content\\\/uploads\\\/2026\\\/04\\\/\u201eWOOPIE-interaktyvi-automobiliu-kliuciu-trasa-\u201eAstronauto-kosminis-nuotykis.jpg\",\"width\":1000,\"height\":1000,\"caption\":\"\u201eWOOPIE\u201c interaktyvi automobili\u0173 kli\u016b\u010di\u0173 trasa \u201eAstronauto kosminis nuotykis\u201c\"},{\"@type\":\"BreadcrumbList\",\"@id\":\"https:\\\/\\\/kidsplay.lt\\\/produktas\\\/woopie-interaktyvi-automobiliu-kliuciu-trasa-astronauto-kosminis-nuotykis\\\/#breadcrumb\",\"itemListElement\":[{\"@type\":\"ListItem\",\"position\":1,\"name\":\"Pagrindinis\",\"item\":\"https:\\\/\\\/kidsplay.lt\\\/\"},{\"@type\":\"ListItem\",\"position\":2,\"name\":\"Parduotuv\u0117\",\"item\":\"https:\\\/\\\/kidsplay.lt\\\/parduotuve\\\/\"},{\"@type\":\"ListItem\",\"position\":3,\"name\":\"\u201eWOOPIE\u201c interaktyvi automobili\u0173 kli\u016b\u010di\u0173 trasa \u201eAstronauto kosminis nuotykis\u201c\"}]},{\"@type\":\"WebSite\",\"@id\":\"https:\\\/\\\/kidsplay.lt\\\/#website\",\"url\":\"https:\\\/\\\/kidsplay.lt\\\/\",\"name\":\"Kidsplay.lt\",\"description\":\"\u012evairios prek\u0117s vaikams\",\"publisher\":{\"@id\":\"https:\\\/\\\/kidsplay.lt\\\/#organization\"},\"alternateName\":\"Kidsplay\",\"potentialAction\":[{\"@type\":\"SearchAction\",\"target\":{\"@type\":\"EntryPoint\",\"urlTemplate\":\"https:\\\/\\\/kidsplay.lt\\\/?s={search_term_string}\"},\"query-input\":{\"@type\":\"PropertyValueSpecification\",\"valueRequired\":true,\"valueName\":\"search_term_string\"}}],\"inLanguage\":\"lv-LV\"},{\"@type\":\"Organization\",\"@id\":\"https:\\\/\\\/kidsplay.lt\\\/#organization\",\"name\":\"KidsPlay\",\"url\":\"https:\\\/\\\/kidsplay.lt\\\/\",\"logo\":{\"@type\":\"ImageObject\",\"inLanguage\":\"lv-LV\",\"@id\":\"https:\\\/\\\/kidsplay.lt\\\/#\\\/schema\\\/logo\\\/image\\\/\",\"url\":\"https:\\\/\\\/kidsplay.lt\\\/wp-content\\\/uploads\\\/2023\\\/07\\\/kidsplay-logo.png\",\"contentUrl\":\"https:\\\/\\\/kidsplay.lt\\\/wp-content\\\/uploads\\\/2023\\\/07\\\/kidsplay-logo.png\",\"width\":451,\"height\":98,\"caption\":\"KidsPlay\"},\"image\":{\"@id\":\"https:\\\/\\\/kidsplay.lt\\\/#\\\/schema\\\/logo\\\/image\\\/\"},\"sameAs\":[\"https:\\\/\\\/www.facebook.com\\\/www.kidsplay.lt\"]}]}<\/script>\n<!-- \/ Yoast SEO plugin. -->","yoast_head_json":{"title":"\u201eWOOPIE interakt\u012bv\u0101 automa\u0161\u012bnu \u0161\u0137\u0113r\u0161\u013cu josla &quot;Astronautu kosmosa piedz\u012bvojums&quot;\u201c","description":"\u201eWOOPIE\u201c interaktyvi automobili\u0173 kli\u016b\u010di\u0173 trasa \u201eAstronauto kosminis nuotykis\u201c - KidsPlay. Did\u017eiausias vaik\u0173 \u017eaisl\u0173 pasirinkimas.","robots":{"index":"index","follow":"follow","max-snippet":"max-snippet:-1","max-image-preview":"max-image-preview:large","max-video-preview":"max-video-preview:-1"},"canonical":"https:\/\/kidsplay.lt\/lv\/products\/woopie-interaktyvi-automobiliu-kliuciu-trasa-astronauto-kosminis-nuotykis\/","og_locale":"lv_LV","og_type":"article","og_title":"\u201eWOOPIE\u201c interaktyvi automobili\u0173 kli\u016b\u010di\u0173 trasa \u201eAstronauto kosminis nuotykis\u201c","og_description":"\u201eWOOPIE\u201c interaktyvi automobili\u0173 kli\u016b\u010di\u0173 trasa \u201eAstronauto kosminis nuotykis\u201c - KidsPlay. Did\u017eiausias vaik\u0173 \u017eaisl\u0173 pasirinkimas.","og_url":"https:\/\/kidsplay.lt\/lv\/products\/woopie-interaktyvi-automobiliu-kliuciu-trasa-astronauto-kosminis-nuotykis\/","og_site_name":"KidsPlay","article_publisher":"https:\/\/www.facebook.com\/www.kidsplay.lt","article_modified_time":"2026-04-24T05:01:11+00:00","og_image":[{"width":1000,"height":1000,"url":"https:\/\/kidsplay.lt\/wp-content\/uploads\/2026\/04\/\u201eWOOPIE-interaktyvi-automobiliu-kliuciu-trasa-\u201eAstronauto-kosminis-nuotykis.jpg","type":"image\/jpeg"}],"twitter_card":"summary_large_image","twitter_misc":{"Est. reading time":"1 min\u016bte"},"schema":{"@context":"https:\/\/schema.org","@graph":[{"@type":"WebPage","@id":"https:\/\/kidsplay.lt\/produktas\/woopie-interaktyvi-automobiliu-kliuciu-trasa-astronauto-kosminis-nuotykis\/","url":"https:\/\/kidsplay.lt\/produktas\/woopie-interaktyvi-automobiliu-kliuciu-trasa-astronauto-kosminis-nuotykis\/","name":"\u201eWOOPIE interakt\u012bv\u0101 automa\u0161\u012bnu \u0161\u0137\u0113r\u0161\u013cu josla &quot;Astronautu kosmosa piedz\u012bvojums&quot;\u201c","isPartOf":{"@id":"https:\/\/kidsplay.lt\/#website"},"primaryImageOfPage":{"@id":"https:\/\/kidsplay.lt\/produktas\/woopie-interaktyvi-automobiliu-kliuciu-trasa-astronauto-kosminis-nuotykis\/#primaryimage"},"image":{"@id":"https:\/\/kidsplay.lt\/produktas\/woopie-interaktyvi-automobiliu-kliuciu-trasa-astronauto-kosminis-nuotykis\/#primaryimage"},"thumbnailUrl":"https:\/\/kidsplay.lt\/wp-content\/uploads\/2026\/04\/\u201eWOOPIE-interaktyvi-automobiliu-kliuciu-trasa-\u201eAstronauto-kosminis-nuotykis.jpg","datePublished":"2026-04-24T05:00:57+00:00","dateModified":"2026-04-24T05:01:11+00:00","description":"\u201eWOOPIE\u201c interaktyvi automobili\u0173 kli\u016b\u010di\u0173 trasa \u201eAstronauto kosminis nuotykis\u201c - KidsPlay. Did\u017eiausias vaik\u0173 \u017eaisl\u0173 pasirinkimas.","breadcrumb":{"@id":"https:\/\/kidsplay.lt\/produktas\/woopie-interaktyvi-automobiliu-kliuciu-trasa-astronauto-kosminis-nuotykis\/#breadcrumb"},"inLanguage":"lv-LV","potentialAction":[{"@type":"ReadAction","target":["https:\/\/kidsplay.lt\/produktas\/woopie-interaktyvi-automobiliu-kliuciu-trasa-astronauto-kosminis-nuotykis\/"]}]},{"@type":"ImageObject","inLanguage":"lv-LV","@id":"https:\/\/kidsplay.lt\/produktas\/woopie-interaktyvi-automobiliu-kliuciu-trasa-astronauto-kosminis-nuotykis\/#primaryimage","url":"https:\/\/kidsplay.lt\/wp-content\/uploads\/2026\/04\/\u201eWOOPIE-interaktyvi-automobiliu-kliuciu-trasa-\u201eAstronauto-kosminis-nuotykis.jpg","contentUrl":"https:\/\/kidsplay.lt\/wp-content\/uploads\/2026\/04\/\u201eWOOPIE-interaktyvi-automobiliu-kliuciu-trasa-\u201eAstronauto-kosminis-nuotykis.jpg","width":1000,"height":1000,"caption":"\u201eWOOPIE\u201c interaktyvi automobili\u0173 kli\u016b\u010di\u0173 trasa \u201eAstronauto kosminis nuotykis\u201c"},{"@type":"BreadcrumbList","@id":"https:\/\/kidsplay.lt\/produktas\/woopie-interaktyvi-automobiliu-kliuciu-trasa-astronauto-kosminis-nuotykis\/#breadcrumb","itemListElement":[{"@type":"ListItem","position":1,"name":"Pagrindinis","item":"https:\/\/kidsplay.lt\/"},{"@type":"ListItem","position":2,"name":"Parduotuv\u0117","item":"https:\/\/kidsplay.lt\/parduotuve\/"},{"@type":"ListItem","position":3,"name":"\u201eWOOPIE\u201c interaktyvi automobili\u0173 kli\u016b\u010di\u0173 trasa \u201eAstronauto kosminis nuotykis\u201c"}]},{"@type":"WebSite","@id":"https:\/\/kidsplay.lt\/#website","url":"https:\/\/kidsplay.lt\/","name":"B\u0113rnu sp\u0113les.lv","description":"\u012evairios prek\u0117s vaikams","publisher":{"@id":"https:\/\/kidsplay.lt\/#organization"},"alternateName":"Kidsplay","potentialAction":[{"@type":"SearchAction","target":{"@type":"EntryPoint","urlTemplate":"https:\/\/kidsplay.lt\/?s={search_term_string}"},"query-input":{"@type":"PropertyValueSpecification","valueRequired":true,"valueName":"search_term_string"}}],"inLanguage":"lv-LV"},{"@type":"Organization","@id":"https:\/\/kidsplay.lt\/#organization","name":"B\u0113rnu sp\u0113le","url":"https:\/\/kidsplay.lt\/","logo":{"@type":"ImageObject","inLanguage":"lv-LV","@id":"https:\/\/kidsplay.lt\/#\/schema\/logo\/image\/","url":"https:\/\/kidsplay.lt\/wp-content\/uploads\/2023\/07\/kidsplay-logo.png","contentUrl":"https:\/\/kidsplay.lt\/wp-content\/uploads\/2023\/07\/kidsplay-logo.png","width":451,"height":98,"caption":"KidsPlay"},"image":{"@id":"https:\/\/kidsplay.lt\/#\/schema\/logo\/image\/"},"sameAs":["https:\/\/www.facebook.com\/www.kidsplay.lt"]}]}},"_links":{"self":[{"href":"https:\/\/kidsplay.lt\/lv\/wp-json\/wp\/v2\/product\/108581","targetHints":{"allow":["GET"]}}],"collection":[{"href":"https:\/\/kidsplay.lt\/lv\/wp-json\/wp\/v2\/product"}],"about":[{"href":"https:\/\/kidsplay.lt\/lv\/wp-json\/wp\/v2\/types\/product"}],"version-history":[{"count":1,"href":"https:\/\/kidsplay.lt\/lv\/wp-json\/wp\/v2\/product\/108581\/revisions"}],"predecessor-version":[{"id":108582,"href":"https:\/\/kidsplay.lt\/lv\/wp-json\/wp\/v2\/product\/108581\/revisions\/108582"}],"wp:featuredmedia":[{"embeddable":true,"href":"https:\/\/kidsplay.lt\/lv\/wp-json\/wp\/v2\/media\/108583"}],"wp:attachment":[{"href":"https:\/\/kidsplay.lt\/lv\/wp-json\/wp\/v2\/media?parent=108581"}],"wp:term":[{"taxonomy":"product_brand","embeddable":true,"href":"https:\/\/kidsplay.lt\/lv\/wp-json\/wp\/v2\/product_brand?post=108581"},{"taxonomy":"product_cat","embeddable":true,"href":"https:\/\/kidsplay.lt\/lv\/wp-json\/wp\/v2\/product_cat?post=108581"},{"taxonomy":"product_tag","embeddable":true,"href":"https:\/\/kidsplay.lt\/lv\/wp-json\/wp\/v2\/product_tag?post=108581"}],"curies":[{"name":"wp","href":"https:\/\/api.w.org\/{rel}","templated":true}]}}