{"id":108588,"date":"2026-04-24T08:01:15","date_gmt":"2026-04-24T05:01:15","guid":{"rendered":"https:\/\/kidsplay.lt\/produktas\/viga-medinis-traktorius-gyvunu-ukis\/"},"modified":"2026-04-24T08:01:24","modified_gmt":"2026-04-24T05:01:24","slug":"viga-medinis-traktorius-gyvunu-ukis","status":"publish","type":"product","link":"https:\/\/kidsplay.lt\/lv\/products\/viga-medinis-traktorius-gyvunu-ukis\/","title":{"rendered":"\u201eVIGA koka traktors - dz\u012bvnieku ferma"},"content":{"rendered":"<p>Medinis traktorius su gyv\u016bnais i\u0161 garsaus \u201eViga Toys\u201c prek\u0117s \u017eenklo \u2013 puikus rinkinys gyv\u016bn\u0173 myl\u0117tojams. \u0160is smagus traktorius turi vairuotoj\u0105, arkl\u012f, av\u012f, karv\u0119, pieno buteliuk\u0105, \u0161ieno ry\u0161ul\u012f ir nuimamus priekabos \u0161onus. \u0160onai taip pat gali b\u016bti paversti \u012f \u016bkin\u0119 tvor\u0105. Vaikai gali pasitelkti vaizduot\u0119 ir kurti savo istorijas apie gyvenim\u0105 \u016bkyje. Puikiai tinka tiek \u017eaid\u017eiant vienam, tiek su draugais.<br \/>\nFunkcijas:<\/p>\n<p> \tNuo 18 m\u0117nesi\u0173 am\u017eiaus<br \/>\n \t11 medini\u0173, spalving\u0173 element\u0173<br \/>\n \tPriekabos \u0161onai gali b\u016bti transformuojami \u012f \u016bkin\u0119 tvor\u0105<br \/>\n \tKalad\u0117l\u0117s da\u017eytos netoksi\u0161kais, vaikams saugiais da\u017eais<\/p>","protected":false},"excerpt":{"rendered":"<p>Medinis traktorius su gyv\u016bnais i\u0161 garsaus \u201eViga Toys\u201c prek\u0117s \u017eenklo \u2013 puikus rinkinys gyv\u016bn\u0173 myl\u0117tojams. \u0160is smagus traktorius turi vairuotoj\u0105,<\/p>","protected":false},"featured_media":108590,"template":"","meta":{"_acf_changed":false,"_glsr_average":0,"_glsr_ranking":0,"_glsr_reviews":0},"product_brand":[],"product_cat":[891,883],"product_tag":[],"class_list":{"0":"post-108588","1":"product","2":"type-product","3":"status-publish","4":"has-post-thumbnail","6":"product_cat-medines-transporto-priemones","7":"product_cat-mediniai-zaislai-2","8":"\"style=\"background-color: #2ecc711c;\"","10":"first","11":"instock","12":"purchasable","13":"product-type-simple"},"acf":[],"yoast_head":"<!-- This site is optimized with the Yoast SEO plugin v27.4 - https:\/\/yoast.com\/product\/yoast-seo-wordpress\/ -->\n<title>\u201eVIGA\u201c medinis traktorius \u2013 gyv\u016bn\u0173 \u016bkis<\/title>\n<meta name=\"description\" content=\"\u201eVIGA\u201c medinis traktorius \u2013 gyv\u016bn\u0173 \u016bkis - KidsPlay. Did\u017eiausias vaik\u0173 \u017eaisl\u0173 pasirinkimas.\" \/>\n<meta name=\"robots\" content=\"index, follow, max-snippet:-1, max-image-preview:large, max-video-preview:-1\" \/>\n<link rel=\"canonical\" href=\"https:\/\/kidsplay.lt\/lv\/products\/viga-medinis-traktorius-gyvunu-ukis\/\" \/>\n<meta property=\"og:locale\" content=\"lv_LV\" \/>\n<meta property=\"og:type\" content=\"article\" \/>\n<meta property=\"og:title\" content=\"\u201eVIGA\u201c medinis traktorius \u2013 gyv\u016bn\u0173 \u016bkis\" \/>\n<meta property=\"og:description\" content=\"\u201eVIGA\u201c medinis traktorius \u2013 gyv\u016bn\u0173 \u016bkis - KidsPlay. Did\u017eiausias vaik\u0173 \u017eaisl\u0173 pasirinkimas.\" \/>\n<meta property=\"og:url\" content=\"https:\/\/kidsplay.lt\/lv\/products\/viga-medinis-traktorius-gyvunu-ukis\/\" \/>\n<meta property=\"og:site_name\" content=\"KidsPlay\" \/>\n<meta property=\"article:publisher\" content=\"https:\/\/www.facebook.com\/www.kidsplay.lt\" \/>\n<meta property=\"article:modified_time\" content=\"2026-04-24T05:01:24+00:00\" \/>\n<meta property=\"og:image\" content=\"https:\/\/kidsplay.lt\/wp-content\/uploads\/2026\/04\/\u201eVIGA-medinis-traktorius-\u2013-gyvunu-ukis.jpg\" \/>\n\t<meta property=\"og:image:width\" content=\"1600\" \/>\n\t<meta property=\"og:image:height\" content=\"1600\" \/>\n\t<meta property=\"og:image:type\" content=\"image\/jpeg\" \/>\n<meta name=\"twitter:card\" content=\"summary_large_image\" \/>\n<script type=\"application\/ld+json\" class=\"yoast-schema-graph\">{\"@context\":\"https:\\\/\\\/schema.org\",\"@graph\":[{\"@type\":\"WebPage\",\"@id\":\"https:\\\/\\\/kidsplay.lt\\\/produktas\\\/viga-medinis-traktorius-gyvunu-ukis\\\/\",\"url\":\"https:\\\/\\\/kidsplay.lt\\\/produktas\\\/viga-medinis-traktorius-gyvunu-ukis\\\/\",\"name\":\"\u201eVIGA\u201c medinis traktorius \u2013 gyv\u016bn\u0173 \u016bkis\",\"isPartOf\":{\"@id\":\"https:\\\/\\\/kidsplay.lt\\\/#website\"},\"primaryImageOfPage\":{\"@id\":\"https:\\\/\\\/kidsplay.lt\\\/produktas\\\/viga-medinis-traktorius-gyvunu-ukis\\\/#primaryimage\"},\"image\":{\"@id\":\"https:\\\/\\\/kidsplay.lt\\\/produktas\\\/viga-medinis-traktorius-gyvunu-ukis\\\/#primaryimage\"},\"thumbnailUrl\":\"https:\\\/\\\/kidsplay.lt\\\/wp-content\\\/uploads\\\/2026\\\/04\\\/\u201eVIGA-medinis-traktorius-\u2013-gyvunu-ukis.jpg\",\"datePublished\":\"2026-04-24T05:01:15+00:00\",\"dateModified\":\"2026-04-24T05:01:24+00:00\",\"description\":\"\u201eVIGA\u201c medinis traktorius \u2013 gyv\u016bn\u0173 \u016bkis - KidsPlay. Did\u017eiausias vaik\u0173 \u017eaisl\u0173 pasirinkimas.\",\"breadcrumb\":{\"@id\":\"https:\\\/\\\/kidsplay.lt\\\/produktas\\\/viga-medinis-traktorius-gyvunu-ukis\\\/#breadcrumb\"},\"inLanguage\":\"lv-LV\",\"potentialAction\":[{\"@type\":\"ReadAction\",\"target\":[\"https:\\\/\\\/kidsplay.lt\\\/produktas\\\/viga-medinis-traktorius-gyvunu-ukis\\\/\"]}]},{\"@type\":\"ImageObject\",\"inLanguage\":\"lv-LV\",\"@id\":\"https:\\\/\\\/kidsplay.lt\\\/produktas\\\/viga-medinis-traktorius-gyvunu-ukis\\\/#primaryimage\",\"url\":\"https:\\\/\\\/kidsplay.lt\\\/wp-content\\\/uploads\\\/2026\\\/04\\\/\u201eVIGA-medinis-traktorius-\u2013-gyvunu-ukis.jpg\",\"contentUrl\":\"https:\\\/\\\/kidsplay.lt\\\/wp-content\\\/uploads\\\/2026\\\/04\\\/\u201eVIGA-medinis-traktorius-\u2013-gyvunu-ukis.jpg\",\"width\":1600,\"height\":1600,\"caption\":\"\u201eVIGA\u201c medinis traktorius \u2013 gyv\u016bn\u0173 \u016bkis\"},{\"@type\":\"BreadcrumbList\",\"@id\":\"https:\\\/\\\/kidsplay.lt\\\/produktas\\\/viga-medinis-traktorius-gyvunu-ukis\\\/#breadcrumb\",\"itemListElement\":[{\"@type\":\"ListItem\",\"position\":1,\"name\":\"Pagrindinis\",\"item\":\"https:\\\/\\\/kidsplay.lt\\\/\"},{\"@type\":\"ListItem\",\"position\":2,\"name\":\"Parduotuv\u0117\",\"item\":\"https:\\\/\\\/kidsplay.lt\\\/parduotuve\\\/\"},{\"@type\":\"ListItem\",\"position\":3,\"name\":\"\u201eVIGA\u201c medinis traktorius \u2013 gyv\u016bn\u0173 \u016bkis\"}]},{\"@type\":\"WebSite\",\"@id\":\"https:\\\/\\\/kidsplay.lt\\\/#website\",\"url\":\"https:\\\/\\\/kidsplay.lt\\\/\",\"name\":\"Kidsplay.lt\",\"description\":\"\u012evairios prek\u0117s vaikams\",\"publisher\":{\"@id\":\"https:\\\/\\\/kidsplay.lt\\\/#organization\"},\"alternateName\":\"Kidsplay\",\"potentialAction\":[{\"@type\":\"SearchAction\",\"target\":{\"@type\":\"EntryPoint\",\"urlTemplate\":\"https:\\\/\\\/kidsplay.lt\\\/?s={search_term_string}\"},\"query-input\":{\"@type\":\"PropertyValueSpecification\",\"valueRequired\":true,\"valueName\":\"search_term_string\"}}],\"inLanguage\":\"lv-LV\"},{\"@type\":\"Organization\",\"@id\":\"https:\\\/\\\/kidsplay.lt\\\/#organization\",\"name\":\"KidsPlay\",\"url\":\"https:\\\/\\\/kidsplay.lt\\\/\",\"logo\":{\"@type\":\"ImageObject\",\"inLanguage\":\"lv-LV\",\"@id\":\"https:\\\/\\\/kidsplay.lt\\\/#\\\/schema\\\/logo\\\/image\\\/\",\"url\":\"https:\\\/\\\/kidsplay.lt\\\/wp-content\\\/uploads\\\/2023\\\/07\\\/kidsplay-logo.png\",\"contentUrl\":\"https:\\\/\\\/kidsplay.lt\\\/wp-content\\\/uploads\\\/2023\\\/07\\\/kidsplay-logo.png\",\"width\":451,\"height\":98,\"caption\":\"KidsPlay\"},\"image\":{\"@id\":\"https:\\\/\\\/kidsplay.lt\\\/#\\\/schema\\\/logo\\\/image\\\/\"},\"sameAs\":[\"https:\\\/\\\/www.facebook.com\\\/www.kidsplay.lt\"]}]}<\/script>\n<!-- \/ Yoast SEO plugin. -->","yoast_head_json":{"title":"\u201eVIGA koka traktors - dz\u012bvnieku ferma","description":"\u201eVIGA\u201c medinis traktorius \u2013 gyv\u016bn\u0173 \u016bkis - KidsPlay. Did\u017eiausias vaik\u0173 \u017eaisl\u0173 pasirinkimas.","robots":{"index":"index","follow":"follow","max-snippet":"max-snippet:-1","max-image-preview":"max-image-preview:large","max-video-preview":"max-video-preview:-1"},"canonical":"https:\/\/kidsplay.lt\/lv\/products\/viga-medinis-traktorius-gyvunu-ukis\/","og_locale":"lv_LV","og_type":"article","og_title":"\u201eVIGA\u201c medinis traktorius \u2013 gyv\u016bn\u0173 \u016bkis","og_description":"\u201eVIGA\u201c medinis traktorius \u2013 gyv\u016bn\u0173 \u016bkis - KidsPlay. Did\u017eiausias vaik\u0173 \u017eaisl\u0173 pasirinkimas.","og_url":"https:\/\/kidsplay.lt\/lv\/products\/viga-medinis-traktorius-gyvunu-ukis\/","og_site_name":"KidsPlay","article_publisher":"https:\/\/www.facebook.com\/www.kidsplay.lt","article_modified_time":"2026-04-24T05:01:24+00:00","og_image":[{"width":1600,"height":1600,"url":"https:\/\/kidsplay.lt\/wp-content\/uploads\/2026\/04\/\u201eVIGA-medinis-traktorius-\u2013-gyvunu-ukis.jpg","type":"image\/jpeg"}],"twitter_card":"summary_large_image","schema":{"@context":"https:\/\/schema.org","@graph":[{"@type":"WebPage","@id":"https:\/\/kidsplay.lt\/produktas\/viga-medinis-traktorius-gyvunu-ukis\/","url":"https:\/\/kidsplay.lt\/produktas\/viga-medinis-traktorius-gyvunu-ukis\/","name":"\u201eVIGA koka traktors - dz\u012bvnieku ferma","isPartOf":{"@id":"https:\/\/kidsplay.lt\/#website"},"primaryImageOfPage":{"@id":"https:\/\/kidsplay.lt\/produktas\/viga-medinis-traktorius-gyvunu-ukis\/#primaryimage"},"image":{"@id":"https:\/\/kidsplay.lt\/produktas\/viga-medinis-traktorius-gyvunu-ukis\/#primaryimage"},"thumbnailUrl":"https:\/\/kidsplay.lt\/wp-content\/uploads\/2026\/04\/\u201eVIGA-medinis-traktorius-\u2013-gyvunu-ukis.jpg","datePublished":"2026-04-24T05:01:15+00:00","dateModified":"2026-04-24T05:01:24+00:00","description":"\u201eVIGA\u201c medinis traktorius \u2013 gyv\u016bn\u0173 \u016bkis - KidsPlay. Did\u017eiausias vaik\u0173 \u017eaisl\u0173 pasirinkimas.","breadcrumb":{"@id":"https:\/\/kidsplay.lt\/produktas\/viga-medinis-traktorius-gyvunu-ukis\/#breadcrumb"},"inLanguage":"lv-LV","potentialAction":[{"@type":"ReadAction","target":["https:\/\/kidsplay.lt\/produktas\/viga-medinis-traktorius-gyvunu-ukis\/"]}]},{"@type":"ImageObject","inLanguage":"lv-LV","@id":"https:\/\/kidsplay.lt\/produktas\/viga-medinis-traktorius-gyvunu-ukis\/#primaryimage","url":"https:\/\/kidsplay.lt\/wp-content\/uploads\/2026\/04\/\u201eVIGA-medinis-traktorius-\u2013-gyvunu-ukis.jpg","contentUrl":"https:\/\/kidsplay.lt\/wp-content\/uploads\/2026\/04\/\u201eVIGA-medinis-traktorius-\u2013-gyvunu-ukis.jpg","width":1600,"height":1600,"caption":"\u201eVIGA\u201c medinis traktorius \u2013 gyv\u016bn\u0173 \u016bkis"},{"@type":"BreadcrumbList","@id":"https:\/\/kidsplay.lt\/produktas\/viga-medinis-traktorius-gyvunu-ukis\/#breadcrumb","itemListElement":[{"@type":"ListItem","position":1,"name":"Pagrindinis","item":"https:\/\/kidsplay.lt\/"},{"@type":"ListItem","position":2,"name":"Parduotuv\u0117","item":"https:\/\/kidsplay.lt\/parduotuve\/"},{"@type":"ListItem","position":3,"name":"\u201eVIGA\u201c medinis traktorius \u2013 gyv\u016bn\u0173 \u016bkis"}]},{"@type":"WebSite","@id":"https:\/\/kidsplay.lt\/#website","url":"https:\/\/kidsplay.lt\/","name":"B\u0113rnu sp\u0113les.lv","description":"\u012evairios prek\u0117s vaikams","publisher":{"@id":"https:\/\/kidsplay.lt\/#organization"},"alternateName":"Kidsplay","potentialAction":[{"@type":"SearchAction","target":{"@type":"EntryPoint","urlTemplate":"https:\/\/kidsplay.lt\/?s={search_term_string}"},"query-input":{"@type":"PropertyValueSpecification","valueRequired":true,"valueName":"search_term_string"}}],"inLanguage":"lv-LV"},{"@type":"Organization","@id":"https:\/\/kidsplay.lt\/#organization","name":"B\u0113rnu sp\u0113le","url":"https:\/\/kidsplay.lt\/","logo":{"@type":"ImageObject","inLanguage":"lv-LV","@id":"https:\/\/kidsplay.lt\/#\/schema\/logo\/image\/","url":"https:\/\/kidsplay.lt\/wp-content\/uploads\/2023\/07\/kidsplay-logo.png","contentUrl":"https:\/\/kidsplay.lt\/wp-content\/uploads\/2023\/07\/kidsplay-logo.png","width":451,"height":98,"caption":"KidsPlay"},"image":{"@id":"https:\/\/kidsplay.lt\/#\/schema\/logo\/image\/"},"sameAs":["https:\/\/www.facebook.com\/www.kidsplay.lt"]}]}},"_links":{"self":[{"href":"https:\/\/kidsplay.lt\/lv\/wp-json\/wp\/v2\/product\/108588","targetHints":{"allow":["GET"]}}],"collection":[{"href":"https:\/\/kidsplay.lt\/lv\/wp-json\/wp\/v2\/product"}],"about":[{"href":"https:\/\/kidsplay.lt\/lv\/wp-json\/wp\/v2\/types\/product"}],"version-history":[{"count":1,"href":"https:\/\/kidsplay.lt\/lv\/wp-json\/wp\/v2\/product\/108588\/revisions"}],"predecessor-version":[{"id":108589,"href":"https:\/\/kidsplay.lt\/lv\/wp-json\/wp\/v2\/product\/108588\/revisions\/108589"}],"wp:featuredmedia":[{"embeddable":true,"href":"https:\/\/kidsplay.lt\/lv\/wp-json\/wp\/v2\/media\/108590"}],"wp:attachment":[{"href":"https:\/\/kidsplay.lt\/lv\/wp-json\/wp\/v2\/media?parent=108588"}],"wp:term":[{"taxonomy":"product_brand","embeddable":true,"href":"https:\/\/kidsplay.lt\/lv\/wp-json\/wp\/v2\/product_brand?post=108588"},{"taxonomy":"product_cat","embeddable":true,"href":"https:\/\/kidsplay.lt\/lv\/wp-json\/wp\/v2\/product_cat?post=108588"},{"taxonomy":"product_tag","embeddable":true,"href":"https:\/\/kidsplay.lt\/lv\/wp-json\/wp\/v2\/product_tag?post=108588"}],"curies":[{"name":"wp","href":"https:\/\/api.w.org\/{rel}","templated":true}]}}