{"id":108595,"date":"2026-04-24T08:01:30","date_gmt":"2026-04-24T05:01:30","guid":{"rendered":"https:\/\/kidsplay.lt\/produktas\/woopie-nuotoliniu-budu-valdomas-rc-dinozauras-robotas-stegosaurus\/"},"modified":"2026-04-24T08:01:43","modified_gmt":"2026-04-24T05:01:43","slug":"woopie-nuotoliniu-budu-valdomas-rc-dinozauras-robotas-stegosaurus","status":"publish","type":"product","link":"https:\/\/kidsplay.lt\/lv\/products\/woopie-nuotoliniu-budu-valdomas-rc-dinozauras-robotas-stegosaurus\/","title":{"rendered":"\u201eWOOPIE t\u0101lvad\u012bbas pults RC dinozauru robots Stegosaurus"},"content":{"rendered":"<p>Nusikelk \u012f dinozaur\u0173 laikus su nuostabiu \u201eWoopie\u201c nuotoliniu b\u016bdu valdomu Stegosaurus! \u0160is realisti\u0161kas \u017eaislas \u2013 puiki dovana kiekvienam ma\u017eajam tyrin\u0117tojui ir prie\u0161istorini\u0173 gyv\u016bn\u0173 gerb\u0117jui. Pa\u017eangios funkcijos ir intuityvus valdymas suteikia valand\u0173 valandas \u012ftraukian\u010dio \u017eaidimo, leid\u017eiant vaikui valdyti dinozauro judesius ir garsus. Pasiruo\u0161k riaumoti, \u0161okti ir leistis \u012f nepamir\u0161tamus nuotykius!<br \/>\nFunkcijas:<\/p>\n<p> \tB\u0113rniem no 3 gadu vecuma<br \/>\n \tDinozauras juda pirmyn ir atgal, imituodamas tikr\u0105 stegozauro eisen\u0105<br \/>\n \tJudant si\u016bbuoja galva ir uodega<br \/>\n \t\u0160vie\u010dia akys ir nugaros plok\u0161t\u0117s<br \/>\n \tSkleid\u017eia galingus riaumojimo garsus<br \/>\n \tGali \u0161okti, atlikdamas linksmus judesi\u0173 derinius<br \/>\n \tTuri special\u0173 \u201ekovos re\u017eim\u0105\u201c, kuris suteikia papildomo interaktyvumo<br \/>\n \tErgonomi\u0161kas pultas leid\u017eia lengvai valdyti visas funkcijas<br \/>\n \t3 da\u017eni\u0173 re\u017eimai (ABC), leid\u017eiantys \u017eaisti su keliais dinozaurais vienu metu<br \/>\n \tTvirta konstrukcija u\u017etikrina ilgaam\u017ei\u0161kum\u0105<br \/>\n \tMaitinimas: dinozaurui ir pultui reikalingos 5 x 1,5V AA baterijos (nepridedamos)<\/p>","protected":false},"excerpt":{"rendered":"<p>Nusikelk \u012f dinozaur\u0173 laikus su nuostabiu \u201eWoopie\u201c nuotoliniu b\u016bdu valdomu Stegosaurus! \u0160is realisti\u0161kas \u017eaislas \u2013 puiki dovana kiekvienam ma\u017eajam tyrin\u0117tojui<\/p>","protected":false},"featured_media":108597,"template":"","meta":{"_acf_changed":false,"_glsr_average":0,"_glsr_ranking":0,"_glsr_reviews":0},"product_brand":[],"product_cat":[447,229],"product_tag":[],"class_list":{"0":"post-108595","1":"product","2":"type-product","3":"status-publish","4":"has-post-thumbnail","6":"product_cat-rc-zaislai","7":"product_cat-zaislai-vaikams","8":"\"style=\"background-color: #2ecc711c;\"","10":"first","11":"instock","12":"purchasable","13":"product-type-simple"},"acf":[],"yoast_head":"<!-- This site is optimized with the Yoast SEO plugin v27.4 - https:\/\/yoast.com\/product\/yoast-seo-wordpress\/ -->\n<title>\u201eWOOPIE\u201c nuotoliniu b\u016bdu valdomas RC dinozauras \u2013 robotas Stegosaurus<\/title>\n<meta name=\"description\" content=\"\u201eWOOPIE\u201c nuotoliniu b\u016bdu valdomas RC dinozauras \u2013 robotas Stegosaurus - KidsPlay. Did\u017eiausias vaik\u0173 \u017eaisl\u0173 pasirinkimas.\" \/>\n<meta name=\"robots\" content=\"index, follow, max-snippet:-1, max-image-preview:large, max-video-preview:-1\" \/>\n<link rel=\"canonical\" href=\"https:\/\/kidsplay.lt\/lv\/products\/woopie-nuotoliniu-budu-valdomas-rc-dinozauras-robotas-stegosaurus\/\" \/>\n<meta property=\"og:locale\" content=\"lv_LV\" \/>\n<meta property=\"og:type\" content=\"article\" \/>\n<meta property=\"og:title\" content=\"\u201eWOOPIE\u201c nuotoliniu b\u016bdu valdomas RC dinozauras \u2013 robotas Stegosaurus\" \/>\n<meta property=\"og:description\" content=\"\u201eWOOPIE\u201c nuotoliniu b\u016bdu valdomas RC dinozauras \u2013 robotas Stegosaurus - KidsPlay. Did\u017eiausias vaik\u0173 \u017eaisl\u0173 pasirinkimas.\" \/>\n<meta property=\"og:url\" content=\"https:\/\/kidsplay.lt\/lv\/products\/woopie-nuotoliniu-budu-valdomas-rc-dinozauras-robotas-stegosaurus\/\" \/>\n<meta property=\"og:site_name\" content=\"KidsPlay\" \/>\n<meta property=\"article:publisher\" content=\"https:\/\/www.facebook.com\/www.kidsplay.lt\" \/>\n<meta property=\"article:modified_time\" content=\"2026-04-24T05:01:43+00:00\" \/>\n<meta property=\"og:image\" content=\"https:\/\/kidsplay.lt\/wp-content\/uploads\/2026\/04\/\u201eWOOPIE-nuotoliniu-budu-valdomas-RC-dinozauras-\u2013-robotas-Stegosaurus.jpg\" \/>\n\t<meta property=\"og:image:width\" content=\"1000\" \/>\n\t<meta property=\"og:image:height\" content=\"1000\" \/>\n\t<meta property=\"og:image:type\" content=\"image\/jpeg\" \/>\n<meta name=\"twitter:card\" content=\"summary_large_image\" \/>\n<meta name=\"twitter:label1\" content=\"Est. reading time\" \/>\n\t<meta name=\"twitter:data1\" content=\"1 min\u016bte\" \/>\n<script type=\"application\/ld+json\" class=\"yoast-schema-graph\">{\"@context\":\"https:\\\/\\\/schema.org\",\"@graph\":[{\"@type\":\"WebPage\",\"@id\":\"https:\\\/\\\/kidsplay.lt\\\/produktas\\\/woopie-nuotoliniu-budu-valdomas-rc-dinozauras-robotas-stegosaurus\\\/\",\"url\":\"https:\\\/\\\/kidsplay.lt\\\/produktas\\\/woopie-nuotoliniu-budu-valdomas-rc-dinozauras-robotas-stegosaurus\\\/\",\"name\":\"\u201eWOOPIE\u201c nuotoliniu b\u016bdu valdomas RC dinozauras \u2013 robotas Stegosaurus\",\"isPartOf\":{\"@id\":\"https:\\\/\\\/kidsplay.lt\\\/#website\"},\"primaryImageOfPage\":{\"@id\":\"https:\\\/\\\/kidsplay.lt\\\/produktas\\\/woopie-nuotoliniu-budu-valdomas-rc-dinozauras-robotas-stegosaurus\\\/#primaryimage\"},\"image\":{\"@id\":\"https:\\\/\\\/kidsplay.lt\\\/produktas\\\/woopie-nuotoliniu-budu-valdomas-rc-dinozauras-robotas-stegosaurus\\\/#primaryimage\"},\"thumbnailUrl\":\"https:\\\/\\\/kidsplay.lt\\\/wp-content\\\/uploads\\\/2026\\\/04\\\/\u201eWOOPIE-nuotoliniu-budu-valdomas-RC-dinozauras-\u2013-robotas-Stegosaurus.jpg\",\"datePublished\":\"2026-04-24T05:01:30+00:00\",\"dateModified\":\"2026-04-24T05:01:43+00:00\",\"description\":\"\u201eWOOPIE\u201c nuotoliniu b\u016bdu valdomas RC dinozauras \u2013 robotas Stegosaurus - KidsPlay. Did\u017eiausias vaik\u0173 \u017eaisl\u0173 pasirinkimas.\",\"breadcrumb\":{\"@id\":\"https:\\\/\\\/kidsplay.lt\\\/produktas\\\/woopie-nuotoliniu-budu-valdomas-rc-dinozauras-robotas-stegosaurus\\\/#breadcrumb\"},\"inLanguage\":\"lv-LV\",\"potentialAction\":[{\"@type\":\"ReadAction\",\"target\":[\"https:\\\/\\\/kidsplay.lt\\\/produktas\\\/woopie-nuotoliniu-budu-valdomas-rc-dinozauras-robotas-stegosaurus\\\/\"]}]},{\"@type\":\"ImageObject\",\"inLanguage\":\"lv-LV\",\"@id\":\"https:\\\/\\\/kidsplay.lt\\\/produktas\\\/woopie-nuotoliniu-budu-valdomas-rc-dinozauras-robotas-stegosaurus\\\/#primaryimage\",\"url\":\"https:\\\/\\\/kidsplay.lt\\\/wp-content\\\/uploads\\\/2026\\\/04\\\/\u201eWOOPIE-nuotoliniu-budu-valdomas-RC-dinozauras-\u2013-robotas-Stegosaurus.jpg\",\"contentUrl\":\"https:\\\/\\\/kidsplay.lt\\\/wp-content\\\/uploads\\\/2026\\\/04\\\/\u201eWOOPIE-nuotoliniu-budu-valdomas-RC-dinozauras-\u2013-robotas-Stegosaurus.jpg\",\"width\":1000,\"height\":1000,\"caption\":\"\u201eWOOPIE\u201c nuotoliniu b\u016bdu valdomas RC dinozauras \u2013 robotas Stegosaurus\"},{\"@type\":\"BreadcrumbList\",\"@id\":\"https:\\\/\\\/kidsplay.lt\\\/produktas\\\/woopie-nuotoliniu-budu-valdomas-rc-dinozauras-robotas-stegosaurus\\\/#breadcrumb\",\"itemListElement\":[{\"@type\":\"ListItem\",\"position\":1,\"name\":\"Pagrindinis\",\"item\":\"https:\\\/\\\/kidsplay.lt\\\/\"},{\"@type\":\"ListItem\",\"position\":2,\"name\":\"Parduotuv\u0117\",\"item\":\"https:\\\/\\\/kidsplay.lt\\\/parduotuve\\\/\"},{\"@type\":\"ListItem\",\"position\":3,\"name\":\"\u201eWOOPIE\u201c nuotoliniu b\u016bdu valdomas RC dinozauras \u2013 robotas Stegosaurus\"}]},{\"@type\":\"WebSite\",\"@id\":\"https:\\\/\\\/kidsplay.lt\\\/#website\",\"url\":\"https:\\\/\\\/kidsplay.lt\\\/\",\"name\":\"Kidsplay.lt\",\"description\":\"\u012evairios prek\u0117s vaikams\",\"publisher\":{\"@id\":\"https:\\\/\\\/kidsplay.lt\\\/#organization\"},\"alternateName\":\"Kidsplay\",\"potentialAction\":[{\"@type\":\"SearchAction\",\"target\":{\"@type\":\"EntryPoint\",\"urlTemplate\":\"https:\\\/\\\/kidsplay.lt\\\/?s={search_term_string}\"},\"query-input\":{\"@type\":\"PropertyValueSpecification\",\"valueRequired\":true,\"valueName\":\"search_term_string\"}}],\"inLanguage\":\"lv-LV\"},{\"@type\":\"Organization\",\"@id\":\"https:\\\/\\\/kidsplay.lt\\\/#organization\",\"name\":\"KidsPlay\",\"url\":\"https:\\\/\\\/kidsplay.lt\\\/\",\"logo\":{\"@type\":\"ImageObject\",\"inLanguage\":\"lv-LV\",\"@id\":\"https:\\\/\\\/kidsplay.lt\\\/#\\\/schema\\\/logo\\\/image\\\/\",\"url\":\"https:\\\/\\\/kidsplay.lt\\\/wp-content\\\/uploads\\\/2023\\\/07\\\/kidsplay-logo.png\",\"contentUrl\":\"https:\\\/\\\/kidsplay.lt\\\/wp-content\\\/uploads\\\/2023\\\/07\\\/kidsplay-logo.png\",\"width\":451,\"height\":98,\"caption\":\"KidsPlay\"},\"image\":{\"@id\":\"https:\\\/\\\/kidsplay.lt\\\/#\\\/schema\\\/logo\\\/image\\\/\"},\"sameAs\":[\"https:\\\/\\\/www.facebook.com\\\/www.kidsplay.lt\"]}]}<\/script>\n<!-- \/ Yoast SEO plugin. -->","yoast_head_json":{"title":"\u201eWOOPIE t\u0101lvad\u012bbas pults RC dinozauru robots Stegosaurus","description":"\u201eWOOPIE\u201c nuotoliniu b\u016bdu valdomas RC dinozauras \u2013 robotas Stegosaurus - KidsPlay. Did\u017eiausias vaik\u0173 \u017eaisl\u0173 pasirinkimas.","robots":{"index":"index","follow":"follow","max-snippet":"max-snippet:-1","max-image-preview":"max-image-preview:large","max-video-preview":"max-video-preview:-1"},"canonical":"https:\/\/kidsplay.lt\/lv\/products\/woopie-nuotoliniu-budu-valdomas-rc-dinozauras-robotas-stegosaurus\/","og_locale":"lv_LV","og_type":"article","og_title":"\u201eWOOPIE\u201c nuotoliniu b\u016bdu valdomas RC dinozauras \u2013 robotas Stegosaurus","og_description":"\u201eWOOPIE\u201c nuotoliniu b\u016bdu valdomas RC dinozauras \u2013 robotas Stegosaurus - KidsPlay. Did\u017eiausias vaik\u0173 \u017eaisl\u0173 pasirinkimas.","og_url":"https:\/\/kidsplay.lt\/lv\/products\/woopie-nuotoliniu-budu-valdomas-rc-dinozauras-robotas-stegosaurus\/","og_site_name":"KidsPlay","article_publisher":"https:\/\/www.facebook.com\/www.kidsplay.lt","article_modified_time":"2026-04-24T05:01:43+00:00","og_image":[{"width":1000,"height":1000,"url":"https:\/\/kidsplay.lt\/wp-content\/uploads\/2026\/04\/\u201eWOOPIE-nuotoliniu-budu-valdomas-RC-dinozauras-\u2013-robotas-Stegosaurus.jpg","type":"image\/jpeg"}],"twitter_card":"summary_large_image","twitter_misc":{"Est. reading time":"1 min\u016bte"},"schema":{"@context":"https:\/\/schema.org","@graph":[{"@type":"WebPage","@id":"https:\/\/kidsplay.lt\/produktas\/woopie-nuotoliniu-budu-valdomas-rc-dinozauras-robotas-stegosaurus\/","url":"https:\/\/kidsplay.lt\/produktas\/woopie-nuotoliniu-budu-valdomas-rc-dinozauras-robotas-stegosaurus\/","name":"\u201eWOOPIE t\u0101lvad\u012bbas pults RC dinozauru robots Stegosaurus","isPartOf":{"@id":"https:\/\/kidsplay.lt\/#website"},"primaryImageOfPage":{"@id":"https:\/\/kidsplay.lt\/produktas\/woopie-nuotoliniu-budu-valdomas-rc-dinozauras-robotas-stegosaurus\/#primaryimage"},"image":{"@id":"https:\/\/kidsplay.lt\/produktas\/woopie-nuotoliniu-budu-valdomas-rc-dinozauras-robotas-stegosaurus\/#primaryimage"},"thumbnailUrl":"https:\/\/kidsplay.lt\/wp-content\/uploads\/2026\/04\/\u201eWOOPIE-nuotoliniu-budu-valdomas-RC-dinozauras-\u2013-robotas-Stegosaurus.jpg","datePublished":"2026-04-24T05:01:30+00:00","dateModified":"2026-04-24T05:01:43+00:00","description":"\u201eWOOPIE\u201c nuotoliniu b\u016bdu valdomas RC dinozauras \u2013 robotas Stegosaurus - KidsPlay. Did\u017eiausias vaik\u0173 \u017eaisl\u0173 pasirinkimas.","breadcrumb":{"@id":"https:\/\/kidsplay.lt\/produktas\/woopie-nuotoliniu-budu-valdomas-rc-dinozauras-robotas-stegosaurus\/#breadcrumb"},"inLanguage":"lv-LV","potentialAction":[{"@type":"ReadAction","target":["https:\/\/kidsplay.lt\/produktas\/woopie-nuotoliniu-budu-valdomas-rc-dinozauras-robotas-stegosaurus\/"]}]},{"@type":"ImageObject","inLanguage":"lv-LV","@id":"https:\/\/kidsplay.lt\/produktas\/woopie-nuotoliniu-budu-valdomas-rc-dinozauras-robotas-stegosaurus\/#primaryimage","url":"https:\/\/kidsplay.lt\/wp-content\/uploads\/2026\/04\/\u201eWOOPIE-nuotoliniu-budu-valdomas-RC-dinozauras-\u2013-robotas-Stegosaurus.jpg","contentUrl":"https:\/\/kidsplay.lt\/wp-content\/uploads\/2026\/04\/\u201eWOOPIE-nuotoliniu-budu-valdomas-RC-dinozauras-\u2013-robotas-Stegosaurus.jpg","width":1000,"height":1000,"caption":"\u201eWOOPIE\u201c nuotoliniu b\u016bdu valdomas RC dinozauras \u2013 robotas Stegosaurus"},{"@type":"BreadcrumbList","@id":"https:\/\/kidsplay.lt\/produktas\/woopie-nuotoliniu-budu-valdomas-rc-dinozauras-robotas-stegosaurus\/#breadcrumb","itemListElement":[{"@type":"ListItem","position":1,"name":"Pagrindinis","item":"https:\/\/kidsplay.lt\/"},{"@type":"ListItem","position":2,"name":"Parduotuv\u0117","item":"https:\/\/kidsplay.lt\/parduotuve\/"},{"@type":"ListItem","position":3,"name":"\u201eWOOPIE\u201c nuotoliniu b\u016bdu valdomas RC dinozauras \u2013 robotas Stegosaurus"}]},{"@type":"WebSite","@id":"https:\/\/kidsplay.lt\/#website","url":"https:\/\/kidsplay.lt\/","name":"B\u0113rnu sp\u0113les.lv","description":"\u012evairios prek\u0117s vaikams","publisher":{"@id":"https:\/\/kidsplay.lt\/#organization"},"alternateName":"Kidsplay","potentialAction":[{"@type":"SearchAction","target":{"@type":"EntryPoint","urlTemplate":"https:\/\/kidsplay.lt\/?s={search_term_string}"},"query-input":{"@type":"PropertyValueSpecification","valueRequired":true,"valueName":"search_term_string"}}],"inLanguage":"lv-LV"},{"@type":"Organization","@id":"https:\/\/kidsplay.lt\/#organization","name":"B\u0113rnu sp\u0113le","url":"https:\/\/kidsplay.lt\/","logo":{"@type":"ImageObject","inLanguage":"lv-LV","@id":"https:\/\/kidsplay.lt\/#\/schema\/logo\/image\/","url":"https:\/\/kidsplay.lt\/wp-content\/uploads\/2023\/07\/kidsplay-logo.png","contentUrl":"https:\/\/kidsplay.lt\/wp-content\/uploads\/2023\/07\/kidsplay-logo.png","width":451,"height":98,"caption":"KidsPlay"},"image":{"@id":"https:\/\/kidsplay.lt\/#\/schema\/logo\/image\/"},"sameAs":["https:\/\/www.facebook.com\/www.kidsplay.lt"]}]}},"_links":{"self":[{"href":"https:\/\/kidsplay.lt\/lv\/wp-json\/wp\/v2\/product\/108595","targetHints":{"allow":["GET"]}}],"collection":[{"href":"https:\/\/kidsplay.lt\/lv\/wp-json\/wp\/v2\/product"}],"about":[{"href":"https:\/\/kidsplay.lt\/lv\/wp-json\/wp\/v2\/types\/product"}],"version-history":[{"count":1,"href":"https:\/\/kidsplay.lt\/lv\/wp-json\/wp\/v2\/product\/108595\/revisions"}],"predecessor-version":[{"id":108596,"href":"https:\/\/kidsplay.lt\/lv\/wp-json\/wp\/v2\/product\/108595\/revisions\/108596"}],"wp:featuredmedia":[{"embeddable":true,"href":"https:\/\/kidsplay.lt\/lv\/wp-json\/wp\/v2\/media\/108597"}],"wp:attachment":[{"href":"https:\/\/kidsplay.lt\/lv\/wp-json\/wp\/v2\/media?parent=108595"}],"wp:term":[{"taxonomy":"product_brand","embeddable":true,"href":"https:\/\/kidsplay.lt\/lv\/wp-json\/wp\/v2\/product_brand?post=108595"},{"taxonomy":"product_cat","embeddable":true,"href":"https:\/\/kidsplay.lt\/lv\/wp-json\/wp\/v2\/product_cat?post=108595"},{"taxonomy":"product_tag","embeddable":true,"href":"https:\/\/kidsplay.lt\/lv\/wp-json\/wp\/v2\/product_tag?post=108595"}],"curies":[{"name":"wp","href":"https:\/\/api.w.org\/{rel}","templated":true}]}}