{"id":108602,"date":"2026-04-24T08:01:48","date_gmt":"2026-04-24T05:01:48","guid":{"rendered":"https:\/\/kidsplay.lt\/produktas\/woopie-nuotoliniu-budu-valdomas-dinozauras-rc-robotas-t-rex\/"},"modified":"2026-04-24T08:01:58","modified_gmt":"2026-04-24T05:01:58","slug":"woopie-nuotoliniu-budu-valdomas-dinozauras-rc-robotas-t-rex","status":"publish","type":"product","link":"https:\/\/kidsplay.lt\/lv\/products\/woopie-nuotoliniu-budu-valdomas-dinozauras-rc-robotas-t-rex\/","title":{"rendered":"\u201eWOOPIE t\u0101lvad\u012bbas dinozaurs \u2013 RC robots T-Rex"},"content":{"rendered":"<p>Nusikelk \u012f prie\u0161istorin\u012f pasaul\u012f su \u012fsp\u016bdingu \u201eWoopie\u201c nuotoliniu b\u016bdu valdomu T-Rex dinozauru! \u0160is realisti\u0161kai atkurtas tiranozauras \u2013 puikus \u017eaidim\u0173 draugas kiekvienam ma\u017eam dinozaur\u0173 gerb\u0117jui. Pa\u017eangios funkcijos, tokios kaip judan\u010dios k\u016bno dalys, bauginantis riaumojimas ir \u0161viesos efektai, paver\u010dia \u017eaidim\u0105 itin \u012ftraukian\u010diu ir dinami\u0161ku. Pasiruo\u0161k nepamir\u0161tamiems nuotykiams!<br \/>\nPasi\u016blymas skirtas \u017ealiai \u017eaislo versijai<br \/>\nFunkcijas:<\/p>\n<p> \tB\u0113rniem no 3 gadu vecuma<br \/>\n \tDinozauras juda \u012f priek\u012f, suteikdamas dinami\u0161k\u0105 \u017eaidim\u0105<br \/>\n \tGali \u201e\u0161okti\u201c pagal linksm\u0105 muzik\u0105<br \/>\n \tVaik\u0161\u010diodamas juda galva, \u017eandikaulis ir priekin\u0117s letenos<br \/>\n \tLengvai naudojamas nuotolinio valdymo pultas leid\u017eia pilnai kontroliuoti judesius ir efektus<br \/>\n \t\u0160vie\u010dian\u010dios akys, nugara ir lie\u017euvis suteikia dar daugiau realisti\u0161kumo<br \/>\n \tRealisti\u0161kas riaumojimas nukelia \u012f tikr\u0105 dinozaur\u0173 pasaul\u012f<br \/>\n \tTvirta konstrukcija u\u017etikrina ilgaam\u017ei\u0161kum\u0105 ir saugum\u0105<br \/>\n \tMaitinimas: 5 x 1,5V AA baterijos (nepridedamos)<\/p>\n<p>Komplekt\u0101 ietilpst:<\/p>\n<p> \tInteraktyvus dinozauras<br \/>\n \tT\u0101lvad\u012bbas pults<\/p>","protected":false},"excerpt":{"rendered":"<p>Nusikelk \u012f prie\u0161istorin\u012f pasaul\u012f su \u012fsp\u016bdingu \u201eWoopie\u201c nuotoliniu b\u016bdu valdomu T-Rex dinozauru! \u0160is realisti\u0161kai atkurtas tiranozauras \u2013 puikus \u017eaidim\u0173 draugas<\/p>","protected":false},"featured_media":108604,"template":"","meta":{"_acf_changed":false,"_glsr_average":0,"_glsr_ranking":0,"_glsr_reviews":0},"product_brand":[],"product_cat":[447,229],"product_tag":[],"class_list":{"0":"post-108602","1":"product","2":"type-product","3":"status-publish","4":"has-post-thumbnail","6":"product_cat-rc-zaislai","7":"product_cat-zaislai-vaikams","8":"\"style=\"background-color: #2ecc711c;\"","10":"first","11":"instock","12":"purchasable","13":"product-type-simple"},"acf":[],"yoast_head":"<!-- This site is optimized with the Yoast SEO plugin v27.4 - https:\/\/yoast.com\/product\/yoast-seo-wordpress\/ -->\n<title>\u201eWOOPIE\u201c nuotoliniu b\u016bdu valdomas dinozauras \u2013 RC robotas T-Rex<\/title>\n<meta name=\"description\" content=\"\u201eWOOPIE\u201c nuotoliniu b\u016bdu valdomas dinozauras \u2013 RC robotas T-Rex - KidsPlay. Did\u017eiausias vaik\u0173 \u017eaisl\u0173 pasirinkimas.\" \/>\n<meta name=\"robots\" content=\"index, follow, max-snippet:-1, max-image-preview:large, max-video-preview:-1\" \/>\n<link rel=\"canonical\" href=\"https:\/\/kidsplay.lt\/lv\/products\/woopie-nuotoliniu-budu-valdomas-dinozauras-rc-robotas-t-rex\/\" \/>\n<meta property=\"og:locale\" content=\"lv_LV\" \/>\n<meta property=\"og:type\" content=\"article\" \/>\n<meta property=\"og:title\" content=\"\u201eWOOPIE\u201c nuotoliniu b\u016bdu valdomas dinozauras \u2013 RC robotas T-Rex\" \/>\n<meta property=\"og:description\" content=\"\u201eWOOPIE\u201c nuotoliniu b\u016bdu valdomas dinozauras \u2013 RC robotas T-Rex - KidsPlay. Did\u017eiausias vaik\u0173 \u017eaisl\u0173 pasirinkimas.\" \/>\n<meta property=\"og:url\" content=\"https:\/\/kidsplay.lt\/lv\/products\/woopie-nuotoliniu-budu-valdomas-dinozauras-rc-robotas-t-rex\/\" \/>\n<meta property=\"og:site_name\" content=\"KidsPlay\" \/>\n<meta property=\"article:publisher\" content=\"https:\/\/www.facebook.com\/www.kidsplay.lt\" \/>\n<meta property=\"article:modified_time\" content=\"2026-04-24T05:01:58+00:00\" \/>\n<meta property=\"og:image\" content=\"https:\/\/kidsplay.lt\/wp-content\/uploads\/2026\/04\/\u201eWOOPIE-nuotoliniu-budu-valdomas-dinozauras-\u2013-RC-robotas-T-Rex.jpg\" \/>\n\t<meta property=\"og:image:width\" content=\"1000\" \/>\n\t<meta property=\"og:image:height\" content=\"1000\" \/>\n\t<meta property=\"og:image:type\" content=\"image\/jpeg\" \/>\n<meta name=\"twitter:card\" content=\"summary_large_image\" \/>\n<meta name=\"twitter:label1\" content=\"Est. reading time\" \/>\n\t<meta name=\"twitter:data1\" content=\"1 min\u016bte\" \/>\n<script type=\"application\/ld+json\" class=\"yoast-schema-graph\">{\"@context\":\"https:\\\/\\\/schema.org\",\"@graph\":[{\"@type\":\"WebPage\",\"@id\":\"https:\\\/\\\/kidsplay.lt\\\/produktas\\\/woopie-nuotoliniu-budu-valdomas-dinozauras-rc-robotas-t-rex\\\/\",\"url\":\"https:\\\/\\\/kidsplay.lt\\\/produktas\\\/woopie-nuotoliniu-budu-valdomas-dinozauras-rc-robotas-t-rex\\\/\",\"name\":\"\u201eWOOPIE\u201c nuotoliniu b\u016bdu valdomas dinozauras \u2013 RC robotas T-Rex\",\"isPartOf\":{\"@id\":\"https:\\\/\\\/kidsplay.lt\\\/#website\"},\"primaryImageOfPage\":{\"@id\":\"https:\\\/\\\/kidsplay.lt\\\/produktas\\\/woopie-nuotoliniu-budu-valdomas-dinozauras-rc-robotas-t-rex\\\/#primaryimage\"},\"image\":{\"@id\":\"https:\\\/\\\/kidsplay.lt\\\/produktas\\\/woopie-nuotoliniu-budu-valdomas-dinozauras-rc-robotas-t-rex\\\/#primaryimage\"},\"thumbnailUrl\":\"https:\\\/\\\/kidsplay.lt\\\/wp-content\\\/uploads\\\/2026\\\/04\\\/\u201eWOOPIE-nuotoliniu-budu-valdomas-dinozauras-\u2013-RC-robotas-T-Rex.jpg\",\"datePublished\":\"2026-04-24T05:01:48+00:00\",\"dateModified\":\"2026-04-24T05:01:58+00:00\",\"description\":\"\u201eWOOPIE\u201c nuotoliniu b\u016bdu valdomas dinozauras \u2013 RC robotas T-Rex - KidsPlay. Did\u017eiausias vaik\u0173 \u017eaisl\u0173 pasirinkimas.\",\"breadcrumb\":{\"@id\":\"https:\\\/\\\/kidsplay.lt\\\/produktas\\\/woopie-nuotoliniu-budu-valdomas-dinozauras-rc-robotas-t-rex\\\/#breadcrumb\"},\"inLanguage\":\"lv-LV\",\"potentialAction\":[{\"@type\":\"ReadAction\",\"target\":[\"https:\\\/\\\/kidsplay.lt\\\/produktas\\\/woopie-nuotoliniu-budu-valdomas-dinozauras-rc-robotas-t-rex\\\/\"]}]},{\"@type\":\"ImageObject\",\"inLanguage\":\"lv-LV\",\"@id\":\"https:\\\/\\\/kidsplay.lt\\\/produktas\\\/woopie-nuotoliniu-budu-valdomas-dinozauras-rc-robotas-t-rex\\\/#primaryimage\",\"url\":\"https:\\\/\\\/kidsplay.lt\\\/wp-content\\\/uploads\\\/2026\\\/04\\\/\u201eWOOPIE-nuotoliniu-budu-valdomas-dinozauras-\u2013-RC-robotas-T-Rex.jpg\",\"contentUrl\":\"https:\\\/\\\/kidsplay.lt\\\/wp-content\\\/uploads\\\/2026\\\/04\\\/\u201eWOOPIE-nuotoliniu-budu-valdomas-dinozauras-\u2013-RC-robotas-T-Rex.jpg\",\"width\":1000,\"height\":1000,\"caption\":\"\u201eWOOPIE\u201c nuotoliniu b\u016bdu valdomas dinozauras \u2013 RC robotas T-Rex\"},{\"@type\":\"BreadcrumbList\",\"@id\":\"https:\\\/\\\/kidsplay.lt\\\/produktas\\\/woopie-nuotoliniu-budu-valdomas-dinozauras-rc-robotas-t-rex\\\/#breadcrumb\",\"itemListElement\":[{\"@type\":\"ListItem\",\"position\":1,\"name\":\"Pagrindinis\",\"item\":\"https:\\\/\\\/kidsplay.lt\\\/\"},{\"@type\":\"ListItem\",\"position\":2,\"name\":\"Parduotuv\u0117\",\"item\":\"https:\\\/\\\/kidsplay.lt\\\/parduotuve\\\/\"},{\"@type\":\"ListItem\",\"position\":3,\"name\":\"\u201eWOOPIE\u201c nuotoliniu b\u016bdu valdomas dinozauras \u2013 RC robotas T-Rex\"}]},{\"@type\":\"WebSite\",\"@id\":\"https:\\\/\\\/kidsplay.lt\\\/#website\",\"url\":\"https:\\\/\\\/kidsplay.lt\\\/\",\"name\":\"Kidsplay.lt\",\"description\":\"\u012evairios prek\u0117s vaikams\",\"publisher\":{\"@id\":\"https:\\\/\\\/kidsplay.lt\\\/#organization\"},\"alternateName\":\"Kidsplay\",\"potentialAction\":[{\"@type\":\"SearchAction\",\"target\":{\"@type\":\"EntryPoint\",\"urlTemplate\":\"https:\\\/\\\/kidsplay.lt\\\/?s={search_term_string}\"},\"query-input\":{\"@type\":\"PropertyValueSpecification\",\"valueRequired\":true,\"valueName\":\"search_term_string\"}}],\"inLanguage\":\"lv-LV\"},{\"@type\":\"Organization\",\"@id\":\"https:\\\/\\\/kidsplay.lt\\\/#organization\",\"name\":\"KidsPlay\",\"url\":\"https:\\\/\\\/kidsplay.lt\\\/\",\"logo\":{\"@type\":\"ImageObject\",\"inLanguage\":\"lv-LV\",\"@id\":\"https:\\\/\\\/kidsplay.lt\\\/#\\\/schema\\\/logo\\\/image\\\/\",\"url\":\"https:\\\/\\\/kidsplay.lt\\\/wp-content\\\/uploads\\\/2023\\\/07\\\/kidsplay-logo.png\",\"contentUrl\":\"https:\\\/\\\/kidsplay.lt\\\/wp-content\\\/uploads\\\/2023\\\/07\\\/kidsplay-logo.png\",\"width\":451,\"height\":98,\"caption\":\"KidsPlay\"},\"image\":{\"@id\":\"https:\\\/\\\/kidsplay.lt\\\/#\\\/schema\\\/logo\\\/image\\\/\"},\"sameAs\":[\"https:\\\/\\\/www.facebook.com\\\/www.kidsplay.lt\"]}]}<\/script>\n<!-- \/ Yoast SEO plugin. -->","yoast_head_json":{"title":"\u201eWOOPIE t\u0101lvad\u012bbas dinozaurs \u2013 RC robots T-Rex","description":"\u201eWOOPIE\u201c nuotoliniu b\u016bdu valdomas dinozauras \u2013 RC robotas T-Rex - KidsPlay. Did\u017eiausias vaik\u0173 \u017eaisl\u0173 pasirinkimas.","robots":{"index":"index","follow":"follow","max-snippet":"max-snippet:-1","max-image-preview":"max-image-preview:large","max-video-preview":"max-video-preview:-1"},"canonical":"https:\/\/kidsplay.lt\/lv\/products\/woopie-nuotoliniu-budu-valdomas-dinozauras-rc-robotas-t-rex\/","og_locale":"lv_LV","og_type":"article","og_title":"\u201eWOOPIE\u201c nuotoliniu b\u016bdu valdomas dinozauras \u2013 RC robotas T-Rex","og_description":"\u201eWOOPIE\u201c nuotoliniu b\u016bdu valdomas dinozauras \u2013 RC robotas T-Rex - KidsPlay. Did\u017eiausias vaik\u0173 \u017eaisl\u0173 pasirinkimas.","og_url":"https:\/\/kidsplay.lt\/lv\/products\/woopie-nuotoliniu-budu-valdomas-dinozauras-rc-robotas-t-rex\/","og_site_name":"KidsPlay","article_publisher":"https:\/\/www.facebook.com\/www.kidsplay.lt","article_modified_time":"2026-04-24T05:01:58+00:00","og_image":[{"width":1000,"height":1000,"url":"https:\/\/kidsplay.lt\/wp-content\/uploads\/2026\/04\/\u201eWOOPIE-nuotoliniu-budu-valdomas-dinozauras-\u2013-RC-robotas-T-Rex.jpg","type":"image\/jpeg"}],"twitter_card":"summary_large_image","twitter_misc":{"Est. reading time":"1 min\u016bte"},"schema":{"@context":"https:\/\/schema.org","@graph":[{"@type":"WebPage","@id":"https:\/\/kidsplay.lt\/produktas\/woopie-nuotoliniu-budu-valdomas-dinozauras-rc-robotas-t-rex\/","url":"https:\/\/kidsplay.lt\/produktas\/woopie-nuotoliniu-budu-valdomas-dinozauras-rc-robotas-t-rex\/","name":"\u201eWOOPIE t\u0101lvad\u012bbas dinozaurs \u2013 RC robots T-Rex","isPartOf":{"@id":"https:\/\/kidsplay.lt\/#website"},"primaryImageOfPage":{"@id":"https:\/\/kidsplay.lt\/produktas\/woopie-nuotoliniu-budu-valdomas-dinozauras-rc-robotas-t-rex\/#primaryimage"},"image":{"@id":"https:\/\/kidsplay.lt\/produktas\/woopie-nuotoliniu-budu-valdomas-dinozauras-rc-robotas-t-rex\/#primaryimage"},"thumbnailUrl":"https:\/\/kidsplay.lt\/wp-content\/uploads\/2026\/04\/\u201eWOOPIE-nuotoliniu-budu-valdomas-dinozauras-\u2013-RC-robotas-T-Rex.jpg","datePublished":"2026-04-24T05:01:48+00:00","dateModified":"2026-04-24T05:01:58+00:00","description":"\u201eWOOPIE\u201c nuotoliniu b\u016bdu valdomas dinozauras \u2013 RC robotas T-Rex - KidsPlay. Did\u017eiausias vaik\u0173 \u017eaisl\u0173 pasirinkimas.","breadcrumb":{"@id":"https:\/\/kidsplay.lt\/produktas\/woopie-nuotoliniu-budu-valdomas-dinozauras-rc-robotas-t-rex\/#breadcrumb"},"inLanguage":"lv-LV","potentialAction":[{"@type":"ReadAction","target":["https:\/\/kidsplay.lt\/produktas\/woopie-nuotoliniu-budu-valdomas-dinozauras-rc-robotas-t-rex\/"]}]},{"@type":"ImageObject","inLanguage":"lv-LV","@id":"https:\/\/kidsplay.lt\/produktas\/woopie-nuotoliniu-budu-valdomas-dinozauras-rc-robotas-t-rex\/#primaryimage","url":"https:\/\/kidsplay.lt\/wp-content\/uploads\/2026\/04\/\u201eWOOPIE-nuotoliniu-budu-valdomas-dinozauras-\u2013-RC-robotas-T-Rex.jpg","contentUrl":"https:\/\/kidsplay.lt\/wp-content\/uploads\/2026\/04\/\u201eWOOPIE-nuotoliniu-budu-valdomas-dinozauras-\u2013-RC-robotas-T-Rex.jpg","width":1000,"height":1000,"caption":"\u201eWOOPIE\u201c nuotoliniu b\u016bdu valdomas dinozauras \u2013 RC robotas T-Rex"},{"@type":"BreadcrumbList","@id":"https:\/\/kidsplay.lt\/produktas\/woopie-nuotoliniu-budu-valdomas-dinozauras-rc-robotas-t-rex\/#breadcrumb","itemListElement":[{"@type":"ListItem","position":1,"name":"Pagrindinis","item":"https:\/\/kidsplay.lt\/"},{"@type":"ListItem","position":2,"name":"Parduotuv\u0117","item":"https:\/\/kidsplay.lt\/parduotuve\/"},{"@type":"ListItem","position":3,"name":"\u201eWOOPIE\u201c nuotoliniu b\u016bdu valdomas dinozauras \u2013 RC robotas T-Rex"}]},{"@type":"WebSite","@id":"https:\/\/kidsplay.lt\/#website","url":"https:\/\/kidsplay.lt\/","name":"B\u0113rnu sp\u0113les.lv","description":"\u012evairios prek\u0117s vaikams","publisher":{"@id":"https:\/\/kidsplay.lt\/#organization"},"alternateName":"Kidsplay","potentialAction":[{"@type":"SearchAction","target":{"@type":"EntryPoint","urlTemplate":"https:\/\/kidsplay.lt\/?s={search_term_string}"},"query-input":{"@type":"PropertyValueSpecification","valueRequired":true,"valueName":"search_term_string"}}],"inLanguage":"lv-LV"},{"@type":"Organization","@id":"https:\/\/kidsplay.lt\/#organization","name":"B\u0113rnu sp\u0113le","url":"https:\/\/kidsplay.lt\/","logo":{"@type":"ImageObject","inLanguage":"lv-LV","@id":"https:\/\/kidsplay.lt\/#\/schema\/logo\/image\/","url":"https:\/\/kidsplay.lt\/wp-content\/uploads\/2023\/07\/kidsplay-logo.png","contentUrl":"https:\/\/kidsplay.lt\/wp-content\/uploads\/2023\/07\/kidsplay-logo.png","width":451,"height":98,"caption":"KidsPlay"},"image":{"@id":"https:\/\/kidsplay.lt\/#\/schema\/logo\/image\/"},"sameAs":["https:\/\/www.facebook.com\/www.kidsplay.lt"]}]}},"_links":{"self":[{"href":"https:\/\/kidsplay.lt\/lv\/wp-json\/wp\/v2\/product\/108602","targetHints":{"allow":["GET"]}}],"collection":[{"href":"https:\/\/kidsplay.lt\/lv\/wp-json\/wp\/v2\/product"}],"about":[{"href":"https:\/\/kidsplay.lt\/lv\/wp-json\/wp\/v2\/types\/product"}],"version-history":[{"count":1,"href":"https:\/\/kidsplay.lt\/lv\/wp-json\/wp\/v2\/product\/108602\/revisions"}],"predecessor-version":[{"id":108603,"href":"https:\/\/kidsplay.lt\/lv\/wp-json\/wp\/v2\/product\/108602\/revisions\/108603"}],"wp:featuredmedia":[{"embeddable":true,"href":"https:\/\/kidsplay.lt\/lv\/wp-json\/wp\/v2\/media\/108604"}],"wp:attachment":[{"href":"https:\/\/kidsplay.lt\/lv\/wp-json\/wp\/v2\/media?parent=108602"}],"wp:term":[{"taxonomy":"product_brand","embeddable":true,"href":"https:\/\/kidsplay.lt\/lv\/wp-json\/wp\/v2\/product_brand?post=108602"},{"taxonomy":"product_cat","embeddable":true,"href":"https:\/\/kidsplay.lt\/lv\/wp-json\/wp\/v2\/product_cat?post=108602"},{"taxonomy":"product_tag","embeddable":true,"href":"https:\/\/kidsplay.lt\/lv\/wp-json\/wp\/v2\/product_tag?post=108602"}],"curies":[{"name":"wp","href":"https:\/\/api.w.org\/{rel}","templated":true}]}}