{"id":108609,"date":"2026-04-24T08:02:01","date_gmt":"2026-04-24T05:02:01","guid":{"rendered":"https:\/\/kidsplay.lt\/produktas\/woopie-didelis-nuotoliniu-budu-valdomas-ekskavatorius-su-viksrais-7-funkcijos-garsai-priedai\/"},"modified":"2026-04-24T08:02:15","modified_gmt":"2026-04-24T05:02:15","slug":"woopie-didelis-nuotoliniu-budu-valdomas-ekskavatorius-su-viksrais-7-funkcijos-garsai-priedai","status":"publish","type":"product","link":"https:\/\/kidsplay.lt\/lv\/products\/woopie-didelis-nuotoliniu-budu-valdomas-ekskavatorius-su-viksrais-7-funkcijos-garsai-priedai\/","title":{"rendered":"\u201eWOOPIE lielais t\u0101lvad\u012bbas ekskavators ar k\u0101pur\u0137\u0113d\u0113m \u2013 7 funkcijas, ska\u0146as + aksesu\u0101ri"},"content":{"rendered":"<p>Nuotoliniu b\u016bdu valdoma \u201eWOOPIE\u201c ekskavatoriaus kopija \u2013 puikus \u017eaislas kiekvienam ma\u017eam statybin\u0117s technikos gerb\u0117jui. Transporto priemon\u0117 pagaminta i\u0161 auk\u0161tos kokyb\u0117s plastiko, turi pla\u010dius guminius vik\u0161rus, tod\u0117l lengvai \u012fveikia net sud\u0117tingesn\u012f reljef\u0105, o \u017eaid\u017eiant namuose nebrai\u017eo grind\u0173. Kruop\u0161\u010diai atkurtos detal\u0117s leid\u017eia jaustis tarsi valdytum tikr\u0105 ekskavatori\u0173 (mastelis 1:24). Paversk vaiko kambar\u012f tikra statyb\u0173 aik\u0161tele! Kabinoje yra vairas ir visos reikalingos valdymo svirtys, o ry\u0161kios spalvos suteikia \u017eaislui dar daugiau i\u0161rai\u0161kingumo. 2,4 GHz da\u017enio pultas u\u017etikrina patikim\u0105 valdym\u0105 ir i\u0161skiria \u0161\u012f model\u012f i\u0161 kit\u0173. Puikiai tinka \u017eaisti tiek vienam, tiek su t\u0117vais ar draugais. Rinkinyje taip pat yra \u012fsp\u0117jamieji \u017eenklai ir k\u016bgiai, leid\u017eiantys sukurti tikr\u0105 statyb\u0173 zon\u0105.<br \/>\nFunkcijas:<\/p>\n<p> \tEkskavatorius valdomas komplekte esan\u010diu 2,4 GHz nuotolinio valdymo pultu<br \/>\n \tJuda pirmyn \/ atgal, \u012f kair\u0119 \/ de\u0161in\u0119, kelia ir leid\u017eia kasimo rank\u0105<br \/>\n \tSkleid\u017eia garsus (pvz., signalas, variklio paleidimas)<br \/>\n \tGuminiai, tvirti vik\u0161rai<br \/>\n \t\u012ekraunamas akumuliatorius<br \/>\n \tJudantis kau\u0161as<br \/>\n \t\u012ekrovimo laikas: apie 120 min.<br \/>\n \tSi\u0173stuvo da\u017enis: 2,4 GHz<br \/>\n \tMaitinimas: 4,8 V akumuliatorius<\/p>\n<p>Komplekt\u0101 ietilpst:<\/p>\n<p> \tEkskavatorius<br \/>\n \tT\u0101lvad\u012bbas pults<br \/>\n \t\u012ekrovimo laidas<br \/>\n \t2 k\u016bgiai<br \/>\n \t2 \u012fsp\u0117jamieji \u017eenklai<br \/>\n \t4,8 V akumuliatorius<\/p>","protected":false},"excerpt":{"rendered":"<p>Nuotoliniu b\u016bdu valdoma \u201eWOOPIE\u201c ekskavatoriaus kopija \u2013 puikus \u017eaislas kiekvienam ma\u017eam statybin\u0117s technikos gerb\u0117jui. Transporto priemon\u0117 pagaminta i\u0161 auk\u0161tos kokyb\u0117s<\/p>","protected":false},"featured_media":108611,"template":"","meta":{"_acf_changed":false,"_glsr_average":0,"_glsr_ranking":0,"_glsr_reviews":0},"product_brand":[],"product_cat":[447,229],"product_tag":[],"class_list":{"0":"post-108609","1":"product","2":"type-product","3":"status-publish","4":"has-post-thumbnail","6":"product_cat-rc-zaislai","7":"product_cat-zaislai-vaikams","8":"\"style=\"background-color: #2ecc711c;\"","10":"first","11":"instock","12":"purchasable","13":"product-type-simple"},"acf":[],"yoast_head":"<!-- This site is optimized with the Yoast SEO plugin v27.4 - https:\/\/yoast.com\/product\/yoast-seo-wordpress\/ -->\n<title>\u201eWOOPIE\u201c didelis nuotoliniu b\u016bdu valdomas ekskavatorius su vik\u0161rais \u2013 7 funkcijos, garsai + priedai<\/title>\n<meta name=\"description\" content=\"\u201eWOOPIE\u201c didelis nuotoliniu b\u016bdu valdomas ekskavatorius su vik\u0161rais \u2013 7 funkcijos, garsai + priedai - KidsPlay. Did\u017eiausias vaik\u0173 \u017eaisl\u0173 pasirinkimas.\" \/>\n<meta name=\"robots\" content=\"index, follow, max-snippet:-1, max-image-preview:large, max-video-preview:-1\" \/>\n<link rel=\"canonical\" href=\"https:\/\/kidsplay.lt\/lv\/products\/woopie-didelis-nuotoliniu-budu-valdomas-ekskavatorius-su-viksrais-7-funkcijos-garsai-priedai\/\" \/>\n<meta property=\"og:locale\" content=\"lv_LV\" \/>\n<meta property=\"og:type\" content=\"article\" \/>\n<meta property=\"og:title\" content=\"\u201eWOOPIE\u201c didelis nuotoliniu b\u016bdu valdomas ekskavatorius su vik\u0161rais \u2013 7 funkcijos, garsai + priedai\" \/>\n<meta property=\"og:description\" content=\"\u201eWOOPIE\u201c didelis nuotoliniu b\u016bdu valdomas ekskavatorius su vik\u0161rais \u2013 7 funkcijos, garsai + priedai - KidsPlay. Did\u017eiausias vaik\u0173 \u017eaisl\u0173 pasirinkimas.\" \/>\n<meta property=\"og:url\" content=\"https:\/\/kidsplay.lt\/lv\/products\/woopie-didelis-nuotoliniu-budu-valdomas-ekskavatorius-su-viksrais-7-funkcijos-garsai-priedai\/\" \/>\n<meta property=\"og:site_name\" content=\"KidsPlay\" \/>\n<meta property=\"article:publisher\" content=\"https:\/\/www.facebook.com\/www.kidsplay.lt\" \/>\n<meta property=\"article:modified_time\" content=\"2026-04-24T05:02:15+00:00\" \/>\n<meta property=\"og:image\" content=\"https:\/\/kidsplay.lt\/wp-content\/uploads\/2026\/04\/\u201eWOOPIE-didelis-nuotoliniu-budu-valdomas-ekskavatorius-su-viksrais-\u2013-7-funkcijos-garsai-priedai.jpg\" \/>\n\t<meta property=\"og:image:width\" content=\"2560\" \/>\n\t<meta property=\"og:image:height\" content=\"2560\" \/>\n\t<meta property=\"og:image:type\" content=\"image\/jpeg\" \/>\n<meta name=\"twitter:card\" content=\"summary_large_image\" \/>\n<meta name=\"twitter:label1\" content=\"Est. reading time\" \/>\n\t<meta name=\"twitter:data1\" content=\"1 min\u016bte\" \/>\n<script type=\"application\/ld+json\" class=\"yoast-schema-graph\">{\"@context\":\"https:\\\/\\\/schema.org\",\"@graph\":[{\"@type\":\"WebPage\",\"@id\":\"https:\\\/\\\/kidsplay.lt\\\/produktas\\\/woopie-didelis-nuotoliniu-budu-valdomas-ekskavatorius-su-viksrais-7-funkcijos-garsai-priedai\\\/\",\"url\":\"https:\\\/\\\/kidsplay.lt\\\/produktas\\\/woopie-didelis-nuotoliniu-budu-valdomas-ekskavatorius-su-viksrais-7-funkcijos-garsai-priedai\\\/\",\"name\":\"\u201eWOOPIE\u201c didelis nuotoliniu b\u016bdu valdomas ekskavatorius su vik\u0161rais \u2013 7 funkcijos, garsai + priedai\",\"isPartOf\":{\"@id\":\"https:\\\/\\\/kidsplay.lt\\\/#website\"},\"primaryImageOfPage\":{\"@id\":\"https:\\\/\\\/kidsplay.lt\\\/produktas\\\/woopie-didelis-nuotoliniu-budu-valdomas-ekskavatorius-su-viksrais-7-funkcijos-garsai-priedai\\\/#primaryimage\"},\"image\":{\"@id\":\"https:\\\/\\\/kidsplay.lt\\\/produktas\\\/woopie-didelis-nuotoliniu-budu-valdomas-ekskavatorius-su-viksrais-7-funkcijos-garsai-priedai\\\/#primaryimage\"},\"thumbnailUrl\":\"https:\\\/\\\/kidsplay.lt\\\/wp-content\\\/uploads\\\/2026\\\/04\\\/\u201eWOOPIE-didelis-nuotoliniu-budu-valdomas-ekskavatorius-su-viksrais-\u2013-7-funkcijos-garsai-priedai.jpg\",\"datePublished\":\"2026-04-24T05:02:01+00:00\",\"dateModified\":\"2026-04-24T05:02:15+00:00\",\"description\":\"\u201eWOOPIE\u201c didelis nuotoliniu b\u016bdu valdomas ekskavatorius su vik\u0161rais \u2013 7 funkcijos, garsai + priedai - KidsPlay. Did\u017eiausias vaik\u0173 \u017eaisl\u0173 pasirinkimas.\",\"breadcrumb\":{\"@id\":\"https:\\\/\\\/kidsplay.lt\\\/produktas\\\/woopie-didelis-nuotoliniu-budu-valdomas-ekskavatorius-su-viksrais-7-funkcijos-garsai-priedai\\\/#breadcrumb\"},\"inLanguage\":\"lv-LV\",\"potentialAction\":[{\"@type\":\"ReadAction\",\"target\":[\"https:\\\/\\\/kidsplay.lt\\\/produktas\\\/woopie-didelis-nuotoliniu-budu-valdomas-ekskavatorius-su-viksrais-7-funkcijos-garsai-priedai\\\/\"]}]},{\"@type\":\"ImageObject\",\"inLanguage\":\"lv-LV\",\"@id\":\"https:\\\/\\\/kidsplay.lt\\\/produktas\\\/woopie-didelis-nuotoliniu-budu-valdomas-ekskavatorius-su-viksrais-7-funkcijos-garsai-priedai\\\/#primaryimage\",\"url\":\"https:\\\/\\\/kidsplay.lt\\\/wp-content\\\/uploads\\\/2026\\\/04\\\/\u201eWOOPIE-didelis-nuotoliniu-budu-valdomas-ekskavatorius-su-viksrais-\u2013-7-funkcijos-garsai-priedai.jpg\",\"contentUrl\":\"https:\\\/\\\/kidsplay.lt\\\/wp-content\\\/uploads\\\/2026\\\/04\\\/\u201eWOOPIE-didelis-nuotoliniu-budu-valdomas-ekskavatorius-su-viksrais-\u2013-7-funkcijos-garsai-priedai.jpg\",\"width\":2560,\"height\":2560,\"caption\":\"\u201eWOOPIE\u201c didelis nuotoliniu b\u016bdu valdomas ekskavatorius su vik\u0161rais \u2013 7 funkcijos\"},{\"@type\":\"BreadcrumbList\",\"@id\":\"https:\\\/\\\/kidsplay.lt\\\/produktas\\\/woopie-didelis-nuotoliniu-budu-valdomas-ekskavatorius-su-viksrais-7-funkcijos-garsai-priedai\\\/#breadcrumb\",\"itemListElement\":[{\"@type\":\"ListItem\",\"position\":1,\"name\":\"Pagrindinis\",\"item\":\"https:\\\/\\\/kidsplay.lt\\\/\"},{\"@type\":\"ListItem\",\"position\":2,\"name\":\"Parduotuv\u0117\",\"item\":\"https:\\\/\\\/kidsplay.lt\\\/parduotuve\\\/\"},{\"@type\":\"ListItem\",\"position\":3,\"name\":\"\u201eWOOPIE\u201c didelis nuotoliniu b\u016bdu valdomas ekskavatorius su vik\u0161rais \u2013 7 funkcijos, garsai + priedai\"}]},{\"@type\":\"WebSite\",\"@id\":\"https:\\\/\\\/kidsplay.lt\\\/#website\",\"url\":\"https:\\\/\\\/kidsplay.lt\\\/\",\"name\":\"Kidsplay.lt\",\"description\":\"\u012evairios prek\u0117s vaikams\",\"publisher\":{\"@id\":\"https:\\\/\\\/kidsplay.lt\\\/#organization\"},\"alternateName\":\"Kidsplay\",\"potentialAction\":[{\"@type\":\"SearchAction\",\"target\":{\"@type\":\"EntryPoint\",\"urlTemplate\":\"https:\\\/\\\/kidsplay.lt\\\/?s={search_term_string}\"},\"query-input\":{\"@type\":\"PropertyValueSpecification\",\"valueRequired\":true,\"valueName\":\"search_term_string\"}}],\"inLanguage\":\"lv-LV\"},{\"@type\":\"Organization\",\"@id\":\"https:\\\/\\\/kidsplay.lt\\\/#organization\",\"name\":\"KidsPlay\",\"url\":\"https:\\\/\\\/kidsplay.lt\\\/\",\"logo\":{\"@type\":\"ImageObject\",\"inLanguage\":\"lv-LV\",\"@id\":\"https:\\\/\\\/kidsplay.lt\\\/#\\\/schema\\\/logo\\\/image\\\/\",\"url\":\"https:\\\/\\\/kidsplay.lt\\\/wp-content\\\/uploads\\\/2023\\\/07\\\/kidsplay-logo.png\",\"contentUrl\":\"https:\\\/\\\/kidsplay.lt\\\/wp-content\\\/uploads\\\/2023\\\/07\\\/kidsplay-logo.png\",\"width\":451,\"height\":98,\"caption\":\"KidsPlay\"},\"image\":{\"@id\":\"https:\\\/\\\/kidsplay.lt\\\/#\\\/schema\\\/logo\\\/image\\\/\"},\"sameAs\":[\"https:\\\/\\\/www.facebook.com\\\/www.kidsplay.lt\"]}]}<\/script>\n<!-- \/ Yoast SEO plugin. -->","yoast_head_json":{"title":"\u201eWOOPIE lielais t\u0101lvad\u012bbas ekskavators ar k\u0101pur\u0137\u0113d\u0113m \u2013 7 funkcijas, ska\u0146as + aksesu\u0101ri","description":"\u201eWOOPIE\u201c didelis nuotoliniu b\u016bdu valdomas ekskavatorius su vik\u0161rais \u2013 7 funkcijos, garsai + priedai - KidsPlay. Did\u017eiausias vaik\u0173 \u017eaisl\u0173 pasirinkimas.","robots":{"index":"index","follow":"follow","max-snippet":"max-snippet:-1","max-image-preview":"max-image-preview:large","max-video-preview":"max-video-preview:-1"},"canonical":"https:\/\/kidsplay.lt\/lv\/products\/woopie-didelis-nuotoliniu-budu-valdomas-ekskavatorius-su-viksrais-7-funkcijos-garsai-priedai\/","og_locale":"lv_LV","og_type":"article","og_title":"\u201eWOOPIE\u201c didelis nuotoliniu b\u016bdu valdomas ekskavatorius su vik\u0161rais \u2013 7 funkcijos, garsai + priedai","og_description":"\u201eWOOPIE\u201c didelis nuotoliniu b\u016bdu valdomas ekskavatorius su vik\u0161rais \u2013 7 funkcijos, garsai + priedai - KidsPlay. Did\u017eiausias vaik\u0173 \u017eaisl\u0173 pasirinkimas.","og_url":"https:\/\/kidsplay.lt\/lv\/products\/woopie-didelis-nuotoliniu-budu-valdomas-ekskavatorius-su-viksrais-7-funkcijos-garsai-priedai\/","og_site_name":"KidsPlay","article_publisher":"https:\/\/www.facebook.com\/www.kidsplay.lt","article_modified_time":"2026-04-24T05:02:15+00:00","og_image":[{"width":2560,"height":2560,"url":"https:\/\/kidsplay.lt\/wp-content\/uploads\/2026\/04\/\u201eWOOPIE-didelis-nuotoliniu-budu-valdomas-ekskavatorius-su-viksrais-\u2013-7-funkcijos-garsai-priedai.jpg","type":"image\/jpeg"}],"twitter_card":"summary_large_image","twitter_misc":{"Est. reading time":"1 min\u016bte"},"schema":{"@context":"https:\/\/schema.org","@graph":[{"@type":"WebPage","@id":"https:\/\/kidsplay.lt\/produktas\/woopie-didelis-nuotoliniu-budu-valdomas-ekskavatorius-su-viksrais-7-funkcijos-garsai-priedai\/","url":"https:\/\/kidsplay.lt\/produktas\/woopie-didelis-nuotoliniu-budu-valdomas-ekskavatorius-su-viksrais-7-funkcijos-garsai-priedai\/","name":"\u201eWOOPIE lielais t\u0101lvad\u012bbas ekskavators ar k\u0101pur\u0137\u0113d\u0113m \u2013 7 funkcijas, ska\u0146as + aksesu\u0101ri","isPartOf":{"@id":"https:\/\/kidsplay.lt\/#website"},"primaryImageOfPage":{"@id":"https:\/\/kidsplay.lt\/produktas\/woopie-didelis-nuotoliniu-budu-valdomas-ekskavatorius-su-viksrais-7-funkcijos-garsai-priedai\/#primaryimage"},"image":{"@id":"https:\/\/kidsplay.lt\/produktas\/woopie-didelis-nuotoliniu-budu-valdomas-ekskavatorius-su-viksrais-7-funkcijos-garsai-priedai\/#primaryimage"},"thumbnailUrl":"https:\/\/kidsplay.lt\/wp-content\/uploads\/2026\/04\/\u201eWOOPIE-didelis-nuotoliniu-budu-valdomas-ekskavatorius-su-viksrais-\u2013-7-funkcijos-garsai-priedai.jpg","datePublished":"2026-04-24T05:02:01+00:00","dateModified":"2026-04-24T05:02:15+00:00","description":"\u201eWOOPIE\u201c didelis nuotoliniu b\u016bdu valdomas ekskavatorius su vik\u0161rais \u2013 7 funkcijos, garsai + priedai - KidsPlay. Did\u017eiausias vaik\u0173 \u017eaisl\u0173 pasirinkimas.","breadcrumb":{"@id":"https:\/\/kidsplay.lt\/produktas\/woopie-didelis-nuotoliniu-budu-valdomas-ekskavatorius-su-viksrais-7-funkcijos-garsai-priedai\/#breadcrumb"},"inLanguage":"lv-LV","potentialAction":[{"@type":"ReadAction","target":["https:\/\/kidsplay.lt\/produktas\/woopie-didelis-nuotoliniu-budu-valdomas-ekskavatorius-su-viksrais-7-funkcijos-garsai-priedai\/"]}]},{"@type":"ImageObject","inLanguage":"lv-LV","@id":"https:\/\/kidsplay.lt\/produktas\/woopie-didelis-nuotoliniu-budu-valdomas-ekskavatorius-su-viksrais-7-funkcijos-garsai-priedai\/#primaryimage","url":"https:\/\/kidsplay.lt\/wp-content\/uploads\/2026\/04\/\u201eWOOPIE-didelis-nuotoliniu-budu-valdomas-ekskavatorius-su-viksrais-\u2013-7-funkcijos-garsai-priedai.jpg","contentUrl":"https:\/\/kidsplay.lt\/wp-content\/uploads\/2026\/04\/\u201eWOOPIE-didelis-nuotoliniu-budu-valdomas-ekskavatorius-su-viksrais-\u2013-7-funkcijos-garsai-priedai.jpg","width":2560,"height":2560,"caption":"\u201eWOOPIE\u201c didelis nuotoliniu b\u016bdu valdomas ekskavatorius su vik\u0161rais \u2013 7 funkcijos"},{"@type":"BreadcrumbList","@id":"https:\/\/kidsplay.lt\/produktas\/woopie-didelis-nuotoliniu-budu-valdomas-ekskavatorius-su-viksrais-7-funkcijos-garsai-priedai\/#breadcrumb","itemListElement":[{"@type":"ListItem","position":1,"name":"Pagrindinis","item":"https:\/\/kidsplay.lt\/"},{"@type":"ListItem","position":2,"name":"Parduotuv\u0117","item":"https:\/\/kidsplay.lt\/parduotuve\/"},{"@type":"ListItem","position":3,"name":"\u201eWOOPIE\u201c didelis nuotoliniu b\u016bdu valdomas ekskavatorius su vik\u0161rais \u2013 7 funkcijos, garsai + priedai"}]},{"@type":"WebSite","@id":"https:\/\/kidsplay.lt\/#website","url":"https:\/\/kidsplay.lt\/","name":"B\u0113rnu sp\u0113les.lv","description":"\u012evairios prek\u0117s vaikams","publisher":{"@id":"https:\/\/kidsplay.lt\/#organization"},"alternateName":"Kidsplay","potentialAction":[{"@type":"SearchAction","target":{"@type":"EntryPoint","urlTemplate":"https:\/\/kidsplay.lt\/?s={search_term_string}"},"query-input":{"@type":"PropertyValueSpecification","valueRequired":true,"valueName":"search_term_string"}}],"inLanguage":"lv-LV"},{"@type":"Organization","@id":"https:\/\/kidsplay.lt\/#organization","name":"B\u0113rnu sp\u0113le","url":"https:\/\/kidsplay.lt\/","logo":{"@type":"ImageObject","inLanguage":"lv-LV","@id":"https:\/\/kidsplay.lt\/#\/schema\/logo\/image\/","url":"https:\/\/kidsplay.lt\/wp-content\/uploads\/2023\/07\/kidsplay-logo.png","contentUrl":"https:\/\/kidsplay.lt\/wp-content\/uploads\/2023\/07\/kidsplay-logo.png","width":451,"height":98,"caption":"KidsPlay"},"image":{"@id":"https:\/\/kidsplay.lt\/#\/schema\/logo\/image\/"},"sameAs":["https:\/\/www.facebook.com\/www.kidsplay.lt"]}]}},"_links":{"self":[{"href":"https:\/\/kidsplay.lt\/lv\/wp-json\/wp\/v2\/product\/108609","targetHints":{"allow":["GET"]}}],"collection":[{"href":"https:\/\/kidsplay.lt\/lv\/wp-json\/wp\/v2\/product"}],"about":[{"href":"https:\/\/kidsplay.lt\/lv\/wp-json\/wp\/v2\/types\/product"}],"version-history":[{"count":1,"href":"https:\/\/kidsplay.lt\/lv\/wp-json\/wp\/v2\/product\/108609\/revisions"}],"predecessor-version":[{"id":108610,"href":"https:\/\/kidsplay.lt\/lv\/wp-json\/wp\/v2\/product\/108609\/revisions\/108610"}],"wp:featuredmedia":[{"embeddable":true,"href":"https:\/\/kidsplay.lt\/lv\/wp-json\/wp\/v2\/media\/108611"}],"wp:attachment":[{"href":"https:\/\/kidsplay.lt\/lv\/wp-json\/wp\/v2\/media?parent=108609"}],"wp:term":[{"taxonomy":"product_brand","embeddable":true,"href":"https:\/\/kidsplay.lt\/lv\/wp-json\/wp\/v2\/product_brand?post=108609"},{"taxonomy":"product_cat","embeddable":true,"href":"https:\/\/kidsplay.lt\/lv\/wp-json\/wp\/v2\/product_cat?post=108609"},{"taxonomy":"product_tag","embeddable":true,"href":"https:\/\/kidsplay.lt\/lv\/wp-json\/wp\/v2\/product_tag?post=108609"}],"curies":[{"name":"wp","href":"https:\/\/api.w.org\/{rel}","templated":true}]}}