{"id":108616,"date":"2026-04-24T08:02:18","date_gmt":"2026-04-24T05:02:18","guid":{"rendered":"https:\/\/kidsplay.lt\/produktas\/woopie-klasikinis-garvezio-traukinys-su-begiais-xxl\/"},"modified":"2026-04-24T08:02:32","modified_gmt":"2026-04-24T05:02:32","slug":"woopie-klasikinis-garvezio-traukinys-su-begiais-xxl","status":"publish","type":"product","link":"https:\/\/kidsplay.lt\/lv\/products\/woopie-klasikinis-garvezio-traukinys-su-begiais-xxl\/","title":{"rendered":"\u201eWOOPIE klasiskais tvaika vilciens ar slied\u0113m XXL"},"content":{"rendered":"<p>Nusikelk \u012f nepamir\u0161tam\u0173 kelioni\u0173 pasaul\u012f su klasikiniu \u201eWoopie\u201c garve\u017eio traukiniu! \u0160is \u012fsp\u016bdingas rinkinys \u2013 tai ne tik tikrovi\u0161ka garve\u017eio kopija, bet ir begal\u0117s valand\u0173 k\u016brybi\u0161ko \u017eaidimo \u0161altinis. Autenti\u0161kas klasikinio garve\u017eio dizainas bei realisti\u0161ki \u0161viesos ir garso efektai paver\u010dia kiekvien\u0105 kelion\u0119 tikru nuotykiu, o lengvai sujungiami b\u0117giai leid\u017eia kurti \u012fvairius mar\u0161rutus. Puikus pasirinkimas ma\u017eiesiems traukini\u0173 m\u0117g\u0117jams!<br \/>\nFunkcijas:<\/p>\n<p> \tB\u0113rniem no 3 gadu vecuma<br \/>\n \tAtkuria klasikin\u012f garve\u017e\u012f<br \/>\n \tLokomotyvas turi \u0161vie\u010diant\u012f priekin\u012f \u017eibint\u0105<br \/>\n \tRealisti\u0161ki garso efektai, imituojantys tikr\u0105 garve\u017e\u012f<br \/>\n \tLengvai sujungiami b\u0117giai leid\u017eia greitai kurti skirtingas trasas<br \/>\n \tRinkinyje yra keleivinis ir krovininiai vagonai (anglies ir u\u017edaras vagonas)<br \/>\n \tGalima suformuoti apskrit\u0105 tras\u0105 (74 cm skersmens) arba ovali\u0105 tras\u0105 (134 x 74 cm)<br \/>\n \tReikalingos baterijos: 2 x AA (nepridedamos)<\/p>\n<p>Komplekt\u0101 ietilpst:<\/p>\n<p> \t1 garve\u017eio lokomotyvas su \u0161viesos ir garso efektais<br \/>\n \t1 anglies vagonas<br \/>\n \t1 krovininis vagonas<br \/>\n \t1 keleivinis vagonas<br \/>\n \t10 b\u0117gi\u0173 dali\u0173 (4 tiesios ir 6 lenktos)<\/p>","protected":false},"excerpt":{"rendered":"<p>Nusikelk \u012f nepamir\u0161tam\u0173 kelioni\u0173 pasaul\u012f su klasikiniu \u201eWoopie\u201c garve\u017eio traukiniu! \u0160is \u012fsp\u016bdingas rinkinys \u2013 tai ne tik tikrovi\u0161ka garve\u017eio kopija,<\/p>","protected":false},"featured_media":108618,"template":"","meta":{"_acf_changed":false,"_glsr_average":0,"_glsr_ranking":0,"_glsr_reviews":0},"product_brand":[],"product_cat":[448,229],"product_tag":[],"class_list":{"0":"post-108616","1":"product","2":"type-product","3":"status-publish","4":"has-post-thumbnail","6":"product_cat-automobiliai-ir-transportas","7":"product_cat-zaislai-vaikams","8":"\"style=\"background-color: #2ecc711c;\"","10":"first","11":"instock","12":"purchasable","13":"product-type-simple"},"acf":[],"yoast_head":"<!-- This site is optimized with the Yoast SEO plugin v27.4 - https:\/\/yoast.com\/product\/yoast-seo-wordpress\/ -->\n<title>\u201eWOOPIE\u201c klasikinis garve\u017eio traukinys su b\u0117giais XXL<\/title>\n<meta name=\"description\" content=\"\u201eWOOPIE\u201c klasikinis garve\u017eio traukinys su b\u0117giais XXL - KidsPlay. Did\u017eiausias vaik\u0173 \u017eaisl\u0173 pasirinkimas.\" \/>\n<meta name=\"robots\" content=\"index, follow, max-snippet:-1, max-image-preview:large, max-video-preview:-1\" \/>\n<link rel=\"canonical\" href=\"https:\/\/kidsplay.lt\/lv\/products\/woopie-klasikinis-garvezio-traukinys-su-begiais-xxl\/\" \/>\n<meta property=\"og:locale\" content=\"lv_LV\" \/>\n<meta property=\"og:type\" content=\"article\" \/>\n<meta property=\"og:title\" content=\"\u201eWOOPIE\u201c klasikinis garve\u017eio traukinys su b\u0117giais XXL\" \/>\n<meta property=\"og:description\" content=\"\u201eWOOPIE\u201c klasikinis garve\u017eio traukinys su b\u0117giais XXL - KidsPlay. Did\u017eiausias vaik\u0173 \u017eaisl\u0173 pasirinkimas.\" \/>\n<meta property=\"og:url\" content=\"https:\/\/kidsplay.lt\/lv\/products\/woopie-klasikinis-garvezio-traukinys-su-begiais-xxl\/\" \/>\n<meta property=\"og:site_name\" content=\"KidsPlay\" \/>\n<meta property=\"article:publisher\" content=\"https:\/\/www.facebook.com\/www.kidsplay.lt\" \/>\n<meta property=\"article:modified_time\" content=\"2026-04-24T05:02:32+00:00\" \/>\n<meta property=\"og:image\" content=\"https:\/\/kidsplay.lt\/wp-content\/uploads\/2026\/04\/\u201eWOOPIE-klasikinis-garvezio-traukinys-su-begiais-XXL.jpg\" \/>\n\t<meta property=\"og:image:width\" content=\"1000\" \/>\n\t<meta property=\"og:image:height\" content=\"1000\" \/>\n\t<meta property=\"og:image:type\" content=\"image\/jpeg\" \/>\n<meta name=\"twitter:card\" content=\"summary_large_image\" \/>\n<meta name=\"twitter:label1\" content=\"Est. reading time\" \/>\n\t<meta name=\"twitter:data1\" content=\"1 min\u016bte\" \/>\n<script type=\"application\/ld+json\" class=\"yoast-schema-graph\">{\"@context\":\"https:\\\/\\\/schema.org\",\"@graph\":[{\"@type\":\"WebPage\",\"@id\":\"https:\\\/\\\/kidsplay.lt\\\/produktas\\\/woopie-klasikinis-garvezio-traukinys-su-begiais-xxl\\\/\",\"url\":\"https:\\\/\\\/kidsplay.lt\\\/produktas\\\/woopie-klasikinis-garvezio-traukinys-su-begiais-xxl\\\/\",\"name\":\"\u201eWOOPIE\u201c klasikinis garve\u017eio traukinys su b\u0117giais XXL\",\"isPartOf\":{\"@id\":\"https:\\\/\\\/kidsplay.lt\\\/#website\"},\"primaryImageOfPage\":{\"@id\":\"https:\\\/\\\/kidsplay.lt\\\/produktas\\\/woopie-klasikinis-garvezio-traukinys-su-begiais-xxl\\\/#primaryimage\"},\"image\":{\"@id\":\"https:\\\/\\\/kidsplay.lt\\\/produktas\\\/woopie-klasikinis-garvezio-traukinys-su-begiais-xxl\\\/#primaryimage\"},\"thumbnailUrl\":\"https:\\\/\\\/kidsplay.lt\\\/wp-content\\\/uploads\\\/2026\\\/04\\\/\u201eWOOPIE-klasikinis-garvezio-traukinys-su-begiais-XXL.jpg\",\"datePublished\":\"2026-04-24T05:02:18+00:00\",\"dateModified\":\"2026-04-24T05:02:32+00:00\",\"description\":\"\u201eWOOPIE\u201c klasikinis garve\u017eio traukinys su b\u0117giais XXL - KidsPlay. Did\u017eiausias vaik\u0173 \u017eaisl\u0173 pasirinkimas.\",\"breadcrumb\":{\"@id\":\"https:\\\/\\\/kidsplay.lt\\\/produktas\\\/woopie-klasikinis-garvezio-traukinys-su-begiais-xxl\\\/#breadcrumb\"},\"inLanguage\":\"lv-LV\",\"potentialAction\":[{\"@type\":\"ReadAction\",\"target\":[\"https:\\\/\\\/kidsplay.lt\\\/produktas\\\/woopie-klasikinis-garvezio-traukinys-su-begiais-xxl\\\/\"]}]},{\"@type\":\"ImageObject\",\"inLanguage\":\"lv-LV\",\"@id\":\"https:\\\/\\\/kidsplay.lt\\\/produktas\\\/woopie-klasikinis-garvezio-traukinys-su-begiais-xxl\\\/#primaryimage\",\"url\":\"https:\\\/\\\/kidsplay.lt\\\/wp-content\\\/uploads\\\/2026\\\/04\\\/\u201eWOOPIE-klasikinis-garvezio-traukinys-su-begiais-XXL.jpg\",\"contentUrl\":\"https:\\\/\\\/kidsplay.lt\\\/wp-content\\\/uploads\\\/2026\\\/04\\\/\u201eWOOPIE-klasikinis-garvezio-traukinys-su-begiais-XXL.jpg\",\"width\":1000,\"height\":1000,\"caption\":\"\u201eWOOPIE\u201c klasikinis garve\u017eio traukinys su b\u0117giais XXL\"},{\"@type\":\"BreadcrumbList\",\"@id\":\"https:\\\/\\\/kidsplay.lt\\\/produktas\\\/woopie-klasikinis-garvezio-traukinys-su-begiais-xxl\\\/#breadcrumb\",\"itemListElement\":[{\"@type\":\"ListItem\",\"position\":1,\"name\":\"Pagrindinis\",\"item\":\"https:\\\/\\\/kidsplay.lt\\\/\"},{\"@type\":\"ListItem\",\"position\":2,\"name\":\"Parduotuv\u0117\",\"item\":\"https:\\\/\\\/kidsplay.lt\\\/parduotuve\\\/\"},{\"@type\":\"ListItem\",\"position\":3,\"name\":\"\u201eWOOPIE\u201c klasikinis garve\u017eio traukinys su b\u0117giais XXL\"}]},{\"@type\":\"WebSite\",\"@id\":\"https:\\\/\\\/kidsplay.lt\\\/#website\",\"url\":\"https:\\\/\\\/kidsplay.lt\\\/\",\"name\":\"Kidsplay.lt\",\"description\":\"\u012evairios prek\u0117s vaikams\",\"publisher\":{\"@id\":\"https:\\\/\\\/kidsplay.lt\\\/#organization\"},\"alternateName\":\"Kidsplay\",\"potentialAction\":[{\"@type\":\"SearchAction\",\"target\":{\"@type\":\"EntryPoint\",\"urlTemplate\":\"https:\\\/\\\/kidsplay.lt\\\/?s={search_term_string}\"},\"query-input\":{\"@type\":\"PropertyValueSpecification\",\"valueRequired\":true,\"valueName\":\"search_term_string\"}}],\"inLanguage\":\"lv-LV\"},{\"@type\":\"Organization\",\"@id\":\"https:\\\/\\\/kidsplay.lt\\\/#organization\",\"name\":\"KidsPlay\",\"url\":\"https:\\\/\\\/kidsplay.lt\\\/\",\"logo\":{\"@type\":\"ImageObject\",\"inLanguage\":\"lv-LV\",\"@id\":\"https:\\\/\\\/kidsplay.lt\\\/#\\\/schema\\\/logo\\\/image\\\/\",\"url\":\"https:\\\/\\\/kidsplay.lt\\\/wp-content\\\/uploads\\\/2023\\\/07\\\/kidsplay-logo.png\",\"contentUrl\":\"https:\\\/\\\/kidsplay.lt\\\/wp-content\\\/uploads\\\/2023\\\/07\\\/kidsplay-logo.png\",\"width\":451,\"height\":98,\"caption\":\"KidsPlay\"},\"image\":{\"@id\":\"https:\\\/\\\/kidsplay.lt\\\/#\\\/schema\\\/logo\\\/image\\\/\"},\"sameAs\":[\"https:\\\/\\\/www.facebook.com\\\/www.kidsplay.lt\"]}]}<\/script>\n<!-- \/ Yoast SEO plugin. -->","yoast_head_json":{"title":"\u201eWOOPIE klasiskais tvaika vilciens ar slied\u0113m XXL","description":"\u201eWOOPIE\u201c klasikinis garve\u017eio traukinys su b\u0117giais XXL - KidsPlay. Did\u017eiausias vaik\u0173 \u017eaisl\u0173 pasirinkimas.","robots":{"index":"index","follow":"follow","max-snippet":"max-snippet:-1","max-image-preview":"max-image-preview:large","max-video-preview":"max-video-preview:-1"},"canonical":"https:\/\/kidsplay.lt\/lv\/products\/woopie-klasikinis-garvezio-traukinys-su-begiais-xxl\/","og_locale":"lv_LV","og_type":"article","og_title":"\u201eWOOPIE\u201c klasikinis garve\u017eio traukinys su b\u0117giais XXL","og_description":"\u201eWOOPIE\u201c klasikinis garve\u017eio traukinys su b\u0117giais XXL - KidsPlay. Did\u017eiausias vaik\u0173 \u017eaisl\u0173 pasirinkimas.","og_url":"https:\/\/kidsplay.lt\/lv\/products\/woopie-klasikinis-garvezio-traukinys-su-begiais-xxl\/","og_site_name":"KidsPlay","article_publisher":"https:\/\/www.facebook.com\/www.kidsplay.lt","article_modified_time":"2026-04-24T05:02:32+00:00","og_image":[{"width":1000,"height":1000,"url":"https:\/\/kidsplay.lt\/wp-content\/uploads\/2026\/04\/\u201eWOOPIE-klasikinis-garvezio-traukinys-su-begiais-XXL.jpg","type":"image\/jpeg"}],"twitter_card":"summary_large_image","twitter_misc":{"Est. reading time":"1 min\u016bte"},"schema":{"@context":"https:\/\/schema.org","@graph":[{"@type":"WebPage","@id":"https:\/\/kidsplay.lt\/produktas\/woopie-klasikinis-garvezio-traukinys-su-begiais-xxl\/","url":"https:\/\/kidsplay.lt\/produktas\/woopie-klasikinis-garvezio-traukinys-su-begiais-xxl\/","name":"\u201eWOOPIE klasiskais tvaika vilciens ar slied\u0113m XXL","isPartOf":{"@id":"https:\/\/kidsplay.lt\/#website"},"primaryImageOfPage":{"@id":"https:\/\/kidsplay.lt\/produktas\/woopie-klasikinis-garvezio-traukinys-su-begiais-xxl\/#primaryimage"},"image":{"@id":"https:\/\/kidsplay.lt\/produktas\/woopie-klasikinis-garvezio-traukinys-su-begiais-xxl\/#primaryimage"},"thumbnailUrl":"https:\/\/kidsplay.lt\/wp-content\/uploads\/2026\/04\/\u201eWOOPIE-klasikinis-garvezio-traukinys-su-begiais-XXL.jpg","datePublished":"2026-04-24T05:02:18+00:00","dateModified":"2026-04-24T05:02:32+00:00","description":"\u201eWOOPIE\u201c klasikinis garve\u017eio traukinys su b\u0117giais XXL - KidsPlay. Did\u017eiausias vaik\u0173 \u017eaisl\u0173 pasirinkimas.","breadcrumb":{"@id":"https:\/\/kidsplay.lt\/produktas\/woopie-klasikinis-garvezio-traukinys-su-begiais-xxl\/#breadcrumb"},"inLanguage":"lv-LV","potentialAction":[{"@type":"ReadAction","target":["https:\/\/kidsplay.lt\/produktas\/woopie-klasikinis-garvezio-traukinys-su-begiais-xxl\/"]}]},{"@type":"ImageObject","inLanguage":"lv-LV","@id":"https:\/\/kidsplay.lt\/produktas\/woopie-klasikinis-garvezio-traukinys-su-begiais-xxl\/#primaryimage","url":"https:\/\/kidsplay.lt\/wp-content\/uploads\/2026\/04\/\u201eWOOPIE-klasikinis-garvezio-traukinys-su-begiais-XXL.jpg","contentUrl":"https:\/\/kidsplay.lt\/wp-content\/uploads\/2026\/04\/\u201eWOOPIE-klasikinis-garvezio-traukinys-su-begiais-XXL.jpg","width":1000,"height":1000,"caption":"\u201eWOOPIE\u201c klasikinis garve\u017eio traukinys su b\u0117giais XXL"},{"@type":"BreadcrumbList","@id":"https:\/\/kidsplay.lt\/produktas\/woopie-klasikinis-garvezio-traukinys-su-begiais-xxl\/#breadcrumb","itemListElement":[{"@type":"ListItem","position":1,"name":"Pagrindinis","item":"https:\/\/kidsplay.lt\/"},{"@type":"ListItem","position":2,"name":"Parduotuv\u0117","item":"https:\/\/kidsplay.lt\/parduotuve\/"},{"@type":"ListItem","position":3,"name":"\u201eWOOPIE\u201c klasikinis garve\u017eio traukinys su b\u0117giais XXL"}]},{"@type":"WebSite","@id":"https:\/\/kidsplay.lt\/#website","url":"https:\/\/kidsplay.lt\/","name":"B\u0113rnu sp\u0113les.lv","description":"\u012evairios prek\u0117s vaikams","publisher":{"@id":"https:\/\/kidsplay.lt\/#organization"},"alternateName":"Kidsplay","potentialAction":[{"@type":"SearchAction","target":{"@type":"EntryPoint","urlTemplate":"https:\/\/kidsplay.lt\/?s={search_term_string}"},"query-input":{"@type":"PropertyValueSpecification","valueRequired":true,"valueName":"search_term_string"}}],"inLanguage":"lv-LV"},{"@type":"Organization","@id":"https:\/\/kidsplay.lt\/#organization","name":"B\u0113rnu sp\u0113le","url":"https:\/\/kidsplay.lt\/","logo":{"@type":"ImageObject","inLanguage":"lv-LV","@id":"https:\/\/kidsplay.lt\/#\/schema\/logo\/image\/","url":"https:\/\/kidsplay.lt\/wp-content\/uploads\/2023\/07\/kidsplay-logo.png","contentUrl":"https:\/\/kidsplay.lt\/wp-content\/uploads\/2023\/07\/kidsplay-logo.png","width":451,"height":98,"caption":"KidsPlay"},"image":{"@id":"https:\/\/kidsplay.lt\/#\/schema\/logo\/image\/"},"sameAs":["https:\/\/www.facebook.com\/www.kidsplay.lt"]}]}},"_links":{"self":[{"href":"https:\/\/kidsplay.lt\/lv\/wp-json\/wp\/v2\/product\/108616","targetHints":{"allow":["GET"]}}],"collection":[{"href":"https:\/\/kidsplay.lt\/lv\/wp-json\/wp\/v2\/product"}],"about":[{"href":"https:\/\/kidsplay.lt\/lv\/wp-json\/wp\/v2\/types\/product"}],"version-history":[{"count":1,"href":"https:\/\/kidsplay.lt\/lv\/wp-json\/wp\/v2\/product\/108616\/revisions"}],"predecessor-version":[{"id":108617,"href":"https:\/\/kidsplay.lt\/lv\/wp-json\/wp\/v2\/product\/108616\/revisions\/108617"}],"wp:featuredmedia":[{"embeddable":true,"href":"https:\/\/kidsplay.lt\/lv\/wp-json\/wp\/v2\/media\/108618"}],"wp:attachment":[{"href":"https:\/\/kidsplay.lt\/lv\/wp-json\/wp\/v2\/media?parent=108616"}],"wp:term":[{"taxonomy":"product_brand","embeddable":true,"href":"https:\/\/kidsplay.lt\/lv\/wp-json\/wp\/v2\/product_brand?post=108616"},{"taxonomy":"product_cat","embeddable":true,"href":"https:\/\/kidsplay.lt\/lv\/wp-json\/wp\/v2\/product_cat?post=108616"},{"taxonomy":"product_tag","embeddable":true,"href":"https:\/\/kidsplay.lt\/lv\/wp-json\/wp\/v2\/product_tag?post=108616"}],"curies":[{"name":"wp","href":"https:\/\/api.w.org\/{rel}","templated":true}]}}