{"id":108623,"date":"2026-04-24T08:02:35","date_gmt":"2026-04-24T05:02:35","guid":{"rendered":"https:\/\/kidsplay.lt\/produktas\/woopie-elektrinis-traukinys-2in1-lenktyniu-trasa-viadukas-ir-automobiliai-xxl-192-vnt\/"},"modified":"2026-04-24T08:02:49","modified_gmt":"2026-04-24T05:02:49","slug":"woopie-elektrinis-traukinys-2in1-lenktyniu-trasa-viadukas-ir-automobiliai-xxl-192-vnt","status":"publish","type":"product","link":"https:\/\/kidsplay.lt\/lv\/products\/woopie-elektrinis-traukinys-2in1-lenktyniu-trasa-viadukas-ir-automobiliai-xxl-192-vnt\/","title":{"rendered":"\u201eWOOPIE elektrisk\u0101 vilciena 2in1 sac\u012bk\u0161u trase - viadukts un vagoni (XXL, 192 gab.)"},"content":{"rendered":"<p>\u201eWOOPIE\u201c 2in1 lenktyni\u0173 trasa + elektrinis traukinys buvo sukurta ma\u017eiesiems lenktyni\u0173 entuziastams! Papildomas rinkinio privalumas \u2013 \u012ftrauktas traukinys ir viadukas. Transporto priemon\u0117s va\u017eiuoja atskiromis trasomis, tod\u0117l tai puikus 2in1 \u017eaislas. Lokomotyvas tempia du vagonus, kuriuos ma\u017easis gele\u017einkelininkas gali pakrauti. Trasos yra nepriklausomos \u2013 galima vienu metu naudoti tiek traukin\u012f, tiek automobil\u012f. \u017daislo ry\u0161kios spalvos ir kokybi\u0161kas atlikimas sukuria i\u0161skirtin\u0119 atmosfer\u0105 ir suteikia realisti\u0161k\u0105 i\u0161vaizd\u0105. Rinkinyje taip pat yra med\u017ei\u0173 ir kit\u0173 aplinkos element\u0173, kurie papildo trasos aplink\u0105. Rinkin\u012f sudaro 192 dalys, \u012fskaitant lokomotyv\u0105, automobil\u012f ir pakeliam\u0105 tilt\u0105 su spalvotomis \u0161viesomis. Papildomas privalumas \u2013 realisti\u0161kas traukinio garsas! \u0160is \u017eaislas yra visi\u0161kai saugus vaikams. \u017daisdami ma\u017eyliai lavina savo rankinius \u012fg\u016bd\u017eius ir vaizduot\u0119.<br \/>\nSAVYB\u0116S:<\/p>\n<p> \t\u017daislas skirtas vaikams nuo 6 met\u0173<br \/>\n \tDviej\u0173 lygi\u0173 gele\u017einkelis su viaduku \/ tiltu ir lenktyni\u0173 trasa \u2013 net 192 elementai<br \/>\n \tLokomotyvas tempia 2 pakrautus vagonus<br \/>\n \tSpalvotos \u0161viesos u\u017esidega viaduke j\u012f prava\u017eiavus<br \/>\n \tRealisti\u0161kas traukinio garsas<br \/>\n \tLokomotyvas: 2 x 1,5V AA baterijos (nepridedamos)<br \/>\n \tAutomobilis: 1 x 1,5V AA baterija (nepridedama)<br \/>\n \tTiltas: 3 x 1,5V AA baterijos (nepridedamos)<\/p>\n<p>RINKIN\u012e SUDARO:<\/p>\n<p> \t96 automobilin\u0117s trasos dalys<br \/>\n \t23 gele\u017einkelio trasos dalys<br \/>\n \tbaterijomis maitinamas ap\u0161viestas tiltas<br \/>\n \t14 atram\u0173<br \/>\n \t2 saugos barjerai<br \/>\n \t2 vagonai<br \/>\n \t1 baterijomis varomas automobilis<br \/>\n \t1 lokomotyvas su realisti\u0161kais garsais<br \/>\n \t1 medis<br \/>\n \tkrovinys vagonams<br \/>\n \tkelio \u017eenklai<br \/>\n \ttilto kolonos<\/p>","protected":false},"excerpt":{"rendered":"<p>\u201eWOOPIE\u201c 2in1 lenktyni\u0173 trasa + elektrinis traukinys buvo sukurta ma\u017eiesiems lenktyni\u0173 entuziastams! Papildomas rinkinio privalumas \u2013 \u012ftrauktas traukinys ir viadukas.<\/p>","protected":false},"featured_media":108625,"template":"","meta":{"_acf_changed":false,"_glsr_average":0,"_glsr_ranking":0,"_glsr_reviews":0},"product_brand":[],"product_cat":[448,229],"product_tag":[],"class_list":{"0":"post-108623","1":"product","2":"type-product","3":"status-publish","4":"has-post-thumbnail","6":"product_cat-automobiliai-ir-transportas","7":"product_cat-zaislai-vaikams","8":"\"style=\"background-color: #2ecc711c;\"","10":"first","11":"instock","12":"purchasable","13":"product-type-simple"},"acf":[],"yoast_head":"<!-- This site is optimized with the Yoast SEO plugin v27.4 - https:\/\/yoast.com\/product\/yoast-seo-wordpress\/ -->\n<title>\u201eWOOPIE\u201c elektrinis traukinys 2in1 lenktyni\u0173 trasa \u2013 viadukas ir automobiliai (XXL, 192 vnt.)<\/title>\n<meta name=\"description\" content=\"\u201eWOOPIE\u201c elektrinis traukinys 2in1 lenktyni\u0173 trasa \u2013 viadukas ir automobiliai (XXL, 192 vnt.) - KidsPlay. Did\u017eiausias vaik\u0173 \u017eaisl\u0173 pasirinkimas.\" \/>\n<meta name=\"robots\" content=\"index, follow, max-snippet:-1, max-image-preview:large, max-video-preview:-1\" \/>\n<link rel=\"canonical\" href=\"https:\/\/kidsplay.lt\/lv\/products\/woopie-elektrinis-traukinys-2in1-lenktyniu-trasa-viadukas-ir-automobiliai-xxl-192-vnt\/\" \/>\n<meta property=\"og:locale\" content=\"lv_LV\" \/>\n<meta property=\"og:type\" content=\"article\" \/>\n<meta property=\"og:title\" content=\"\u201eWOOPIE\u201c elektrinis traukinys 2in1 lenktyni\u0173 trasa \u2013 viadukas ir automobiliai (XXL, 192 vnt.)\" \/>\n<meta property=\"og:description\" content=\"\u201eWOOPIE\u201c elektrinis traukinys 2in1 lenktyni\u0173 trasa \u2013 viadukas ir automobiliai (XXL, 192 vnt.) - KidsPlay. Did\u017eiausias vaik\u0173 \u017eaisl\u0173 pasirinkimas.\" \/>\n<meta property=\"og:url\" content=\"https:\/\/kidsplay.lt\/lv\/products\/woopie-elektrinis-traukinys-2in1-lenktyniu-trasa-viadukas-ir-automobiliai-xxl-192-vnt\/\" \/>\n<meta property=\"og:site_name\" content=\"KidsPlay\" \/>\n<meta property=\"article:publisher\" content=\"https:\/\/www.facebook.com\/www.kidsplay.lt\" \/>\n<meta property=\"article:modified_time\" content=\"2026-04-24T05:02:49+00:00\" \/>\n<meta property=\"og:image\" content=\"https:\/\/kidsplay.lt\/wp-content\/uploads\/2026\/04\/\u201eWOOPIE-elektrinis-traukinys-2in1-lenktyniu-trasa-\u2013-viadukas-ir-automobiliai-XXL-192-vnt.jpg\" \/>\n\t<meta property=\"og:image:width\" content=\"840\" \/>\n\t<meta property=\"og:image:height\" content=\"840\" \/>\n\t<meta property=\"og:image:type\" content=\"image\/jpeg\" \/>\n<meta name=\"twitter:card\" content=\"summary_large_image\" \/>\n<meta name=\"twitter:label1\" content=\"Est. reading time\" \/>\n\t<meta name=\"twitter:data1\" content=\"1 min\u016bte\" \/>\n<script type=\"application\/ld+json\" class=\"yoast-schema-graph\">{\"@context\":\"https:\\\/\\\/schema.org\",\"@graph\":[{\"@type\":\"WebPage\",\"@id\":\"https:\\\/\\\/kidsplay.lt\\\/produktas\\\/woopie-elektrinis-traukinys-2in1-lenktyniu-trasa-viadukas-ir-automobiliai-xxl-192-vnt\\\/\",\"url\":\"https:\\\/\\\/kidsplay.lt\\\/produktas\\\/woopie-elektrinis-traukinys-2in1-lenktyniu-trasa-viadukas-ir-automobiliai-xxl-192-vnt\\\/\",\"name\":\"\u201eWOOPIE\u201c elektrinis traukinys 2in1 lenktyni\u0173 trasa \u2013 viadukas ir automobiliai (XXL, 192 vnt.)\",\"isPartOf\":{\"@id\":\"https:\\\/\\\/kidsplay.lt\\\/#website\"},\"primaryImageOfPage\":{\"@id\":\"https:\\\/\\\/kidsplay.lt\\\/produktas\\\/woopie-elektrinis-traukinys-2in1-lenktyniu-trasa-viadukas-ir-automobiliai-xxl-192-vnt\\\/#primaryimage\"},\"image\":{\"@id\":\"https:\\\/\\\/kidsplay.lt\\\/produktas\\\/woopie-elektrinis-traukinys-2in1-lenktyniu-trasa-viadukas-ir-automobiliai-xxl-192-vnt\\\/#primaryimage\"},\"thumbnailUrl\":\"https:\\\/\\\/kidsplay.lt\\\/wp-content\\\/uploads\\\/2026\\\/04\\\/\u201eWOOPIE-elektrinis-traukinys-2in1-lenktyniu-trasa-\u2013-viadukas-ir-automobiliai-XXL-192-vnt.jpg\",\"datePublished\":\"2026-04-24T05:02:35+00:00\",\"dateModified\":\"2026-04-24T05:02:49+00:00\",\"description\":\"\u201eWOOPIE\u201c elektrinis traukinys 2in1 lenktyni\u0173 trasa \u2013 viadukas ir automobiliai (XXL, 192 vnt.) - KidsPlay. Did\u017eiausias vaik\u0173 \u017eaisl\u0173 pasirinkimas.\",\"breadcrumb\":{\"@id\":\"https:\\\/\\\/kidsplay.lt\\\/produktas\\\/woopie-elektrinis-traukinys-2in1-lenktyniu-trasa-viadukas-ir-automobiliai-xxl-192-vnt\\\/#breadcrumb\"},\"inLanguage\":\"lv-LV\",\"potentialAction\":[{\"@type\":\"ReadAction\",\"target\":[\"https:\\\/\\\/kidsplay.lt\\\/produktas\\\/woopie-elektrinis-traukinys-2in1-lenktyniu-trasa-viadukas-ir-automobiliai-xxl-192-vnt\\\/\"]}]},{\"@type\":\"ImageObject\",\"inLanguage\":\"lv-LV\",\"@id\":\"https:\\\/\\\/kidsplay.lt\\\/produktas\\\/woopie-elektrinis-traukinys-2in1-lenktyniu-trasa-viadukas-ir-automobiliai-xxl-192-vnt\\\/#primaryimage\",\"url\":\"https:\\\/\\\/kidsplay.lt\\\/wp-content\\\/uploads\\\/2026\\\/04\\\/\u201eWOOPIE-elektrinis-traukinys-2in1-lenktyniu-trasa-\u2013-viadukas-ir-automobiliai-XXL-192-vnt.jpg\",\"contentUrl\":\"https:\\\/\\\/kidsplay.lt\\\/wp-content\\\/uploads\\\/2026\\\/04\\\/\u201eWOOPIE-elektrinis-traukinys-2in1-lenktyniu-trasa-\u2013-viadukas-ir-automobiliai-XXL-192-vnt.jpg\",\"width\":840,\"height\":840,\"caption\":\"\u201eWOOPIE\u201c elektrinis traukinys 2in1 lenktyni\u0173 trasa \u2013 viadukas ir automobiliai (XXL\"},{\"@type\":\"BreadcrumbList\",\"@id\":\"https:\\\/\\\/kidsplay.lt\\\/produktas\\\/woopie-elektrinis-traukinys-2in1-lenktyniu-trasa-viadukas-ir-automobiliai-xxl-192-vnt\\\/#breadcrumb\",\"itemListElement\":[{\"@type\":\"ListItem\",\"position\":1,\"name\":\"Pagrindinis\",\"item\":\"https:\\\/\\\/kidsplay.lt\\\/\"},{\"@type\":\"ListItem\",\"position\":2,\"name\":\"Parduotuv\u0117\",\"item\":\"https:\\\/\\\/kidsplay.lt\\\/parduotuve\\\/\"},{\"@type\":\"ListItem\",\"position\":3,\"name\":\"\u201eWOOPIE\u201c elektrinis traukinys 2in1 lenktyni\u0173 trasa \u2013 viadukas ir automobiliai (XXL, 192 vnt.)\"}]},{\"@type\":\"WebSite\",\"@id\":\"https:\\\/\\\/kidsplay.lt\\\/#website\",\"url\":\"https:\\\/\\\/kidsplay.lt\\\/\",\"name\":\"Kidsplay.lt\",\"description\":\"\u012evairios prek\u0117s vaikams\",\"publisher\":{\"@id\":\"https:\\\/\\\/kidsplay.lt\\\/#organization\"},\"alternateName\":\"Kidsplay\",\"potentialAction\":[{\"@type\":\"SearchAction\",\"target\":{\"@type\":\"EntryPoint\",\"urlTemplate\":\"https:\\\/\\\/kidsplay.lt\\\/?s={search_term_string}\"},\"query-input\":{\"@type\":\"PropertyValueSpecification\",\"valueRequired\":true,\"valueName\":\"search_term_string\"}}],\"inLanguage\":\"lv-LV\"},{\"@type\":\"Organization\",\"@id\":\"https:\\\/\\\/kidsplay.lt\\\/#organization\",\"name\":\"KidsPlay\",\"url\":\"https:\\\/\\\/kidsplay.lt\\\/\",\"logo\":{\"@type\":\"ImageObject\",\"inLanguage\":\"lv-LV\",\"@id\":\"https:\\\/\\\/kidsplay.lt\\\/#\\\/schema\\\/logo\\\/image\\\/\",\"url\":\"https:\\\/\\\/kidsplay.lt\\\/wp-content\\\/uploads\\\/2023\\\/07\\\/kidsplay-logo.png\",\"contentUrl\":\"https:\\\/\\\/kidsplay.lt\\\/wp-content\\\/uploads\\\/2023\\\/07\\\/kidsplay-logo.png\",\"width\":451,\"height\":98,\"caption\":\"KidsPlay\"},\"image\":{\"@id\":\"https:\\\/\\\/kidsplay.lt\\\/#\\\/schema\\\/logo\\\/image\\\/\"},\"sameAs\":[\"https:\\\/\\\/www.facebook.com\\\/www.kidsplay.lt\"]}]}<\/script>\n<!-- \/ Yoast SEO plugin. -->","yoast_head_json":{"title":"\u201eWOOPIE elektrisk\u0101 vilciena 2in1 sac\u012bk\u0161u trase - viadukts un vagoni (XXL, 192 gab.)","description":"\u201eWOOPIE\u201c elektrinis traukinys 2in1 lenktyni\u0173 trasa \u2013 viadukas ir automobiliai (XXL, 192 vnt.) - KidsPlay. Did\u017eiausias vaik\u0173 \u017eaisl\u0173 pasirinkimas.","robots":{"index":"index","follow":"follow","max-snippet":"max-snippet:-1","max-image-preview":"max-image-preview:large","max-video-preview":"max-video-preview:-1"},"canonical":"https:\/\/kidsplay.lt\/lv\/products\/woopie-elektrinis-traukinys-2in1-lenktyniu-trasa-viadukas-ir-automobiliai-xxl-192-vnt\/","og_locale":"lv_LV","og_type":"article","og_title":"\u201eWOOPIE\u201c elektrinis traukinys 2in1 lenktyni\u0173 trasa \u2013 viadukas ir automobiliai (XXL, 192 vnt.)","og_description":"\u201eWOOPIE\u201c elektrinis traukinys 2in1 lenktyni\u0173 trasa \u2013 viadukas ir automobiliai (XXL, 192 vnt.) - KidsPlay. Did\u017eiausias vaik\u0173 \u017eaisl\u0173 pasirinkimas.","og_url":"https:\/\/kidsplay.lt\/lv\/products\/woopie-elektrinis-traukinys-2in1-lenktyniu-trasa-viadukas-ir-automobiliai-xxl-192-vnt\/","og_site_name":"KidsPlay","article_publisher":"https:\/\/www.facebook.com\/www.kidsplay.lt","article_modified_time":"2026-04-24T05:02:49+00:00","og_image":[{"width":840,"height":840,"url":"https:\/\/kidsplay.lt\/wp-content\/uploads\/2026\/04\/\u201eWOOPIE-elektrinis-traukinys-2in1-lenktyniu-trasa-\u2013-viadukas-ir-automobiliai-XXL-192-vnt.jpg","type":"image\/jpeg"}],"twitter_card":"summary_large_image","twitter_misc":{"Est. reading time":"1 min\u016bte"},"schema":{"@context":"https:\/\/schema.org","@graph":[{"@type":"WebPage","@id":"https:\/\/kidsplay.lt\/produktas\/woopie-elektrinis-traukinys-2in1-lenktyniu-trasa-viadukas-ir-automobiliai-xxl-192-vnt\/","url":"https:\/\/kidsplay.lt\/produktas\/woopie-elektrinis-traukinys-2in1-lenktyniu-trasa-viadukas-ir-automobiliai-xxl-192-vnt\/","name":"\u201eWOOPIE elektrisk\u0101 vilciena 2in1 sac\u012bk\u0161u trase - viadukts un vagoni (XXL, 192 gab.)","isPartOf":{"@id":"https:\/\/kidsplay.lt\/#website"},"primaryImageOfPage":{"@id":"https:\/\/kidsplay.lt\/produktas\/woopie-elektrinis-traukinys-2in1-lenktyniu-trasa-viadukas-ir-automobiliai-xxl-192-vnt\/#primaryimage"},"image":{"@id":"https:\/\/kidsplay.lt\/produktas\/woopie-elektrinis-traukinys-2in1-lenktyniu-trasa-viadukas-ir-automobiliai-xxl-192-vnt\/#primaryimage"},"thumbnailUrl":"https:\/\/kidsplay.lt\/wp-content\/uploads\/2026\/04\/\u201eWOOPIE-elektrinis-traukinys-2in1-lenktyniu-trasa-\u2013-viadukas-ir-automobiliai-XXL-192-vnt.jpg","datePublished":"2026-04-24T05:02:35+00:00","dateModified":"2026-04-24T05:02:49+00:00","description":"\u201eWOOPIE\u201c elektrinis traukinys 2in1 lenktyni\u0173 trasa \u2013 viadukas ir automobiliai (XXL, 192 vnt.) - KidsPlay. Did\u017eiausias vaik\u0173 \u017eaisl\u0173 pasirinkimas.","breadcrumb":{"@id":"https:\/\/kidsplay.lt\/produktas\/woopie-elektrinis-traukinys-2in1-lenktyniu-trasa-viadukas-ir-automobiliai-xxl-192-vnt\/#breadcrumb"},"inLanguage":"lv-LV","potentialAction":[{"@type":"ReadAction","target":["https:\/\/kidsplay.lt\/produktas\/woopie-elektrinis-traukinys-2in1-lenktyniu-trasa-viadukas-ir-automobiliai-xxl-192-vnt\/"]}]},{"@type":"ImageObject","inLanguage":"lv-LV","@id":"https:\/\/kidsplay.lt\/produktas\/woopie-elektrinis-traukinys-2in1-lenktyniu-trasa-viadukas-ir-automobiliai-xxl-192-vnt\/#primaryimage","url":"https:\/\/kidsplay.lt\/wp-content\/uploads\/2026\/04\/\u201eWOOPIE-elektrinis-traukinys-2in1-lenktyniu-trasa-\u2013-viadukas-ir-automobiliai-XXL-192-vnt.jpg","contentUrl":"https:\/\/kidsplay.lt\/wp-content\/uploads\/2026\/04\/\u201eWOOPIE-elektrinis-traukinys-2in1-lenktyniu-trasa-\u2013-viadukas-ir-automobiliai-XXL-192-vnt.jpg","width":840,"height":840,"caption":"\u201eWOOPIE\u201c elektrinis traukinys 2in1 lenktyni\u0173 trasa \u2013 viadukas ir automobiliai (XXL"},{"@type":"BreadcrumbList","@id":"https:\/\/kidsplay.lt\/produktas\/woopie-elektrinis-traukinys-2in1-lenktyniu-trasa-viadukas-ir-automobiliai-xxl-192-vnt\/#breadcrumb","itemListElement":[{"@type":"ListItem","position":1,"name":"Pagrindinis","item":"https:\/\/kidsplay.lt\/"},{"@type":"ListItem","position":2,"name":"Parduotuv\u0117","item":"https:\/\/kidsplay.lt\/parduotuve\/"},{"@type":"ListItem","position":3,"name":"\u201eWOOPIE\u201c elektrinis traukinys 2in1 lenktyni\u0173 trasa \u2013 viadukas ir automobiliai (XXL, 192 vnt.)"}]},{"@type":"WebSite","@id":"https:\/\/kidsplay.lt\/#website","url":"https:\/\/kidsplay.lt\/","name":"B\u0113rnu sp\u0113les.lv","description":"\u012evairios prek\u0117s vaikams","publisher":{"@id":"https:\/\/kidsplay.lt\/#organization"},"alternateName":"Kidsplay","potentialAction":[{"@type":"SearchAction","target":{"@type":"EntryPoint","urlTemplate":"https:\/\/kidsplay.lt\/?s={search_term_string}"},"query-input":{"@type":"PropertyValueSpecification","valueRequired":true,"valueName":"search_term_string"}}],"inLanguage":"lv-LV"},{"@type":"Organization","@id":"https:\/\/kidsplay.lt\/#organization","name":"B\u0113rnu sp\u0113le","url":"https:\/\/kidsplay.lt\/","logo":{"@type":"ImageObject","inLanguage":"lv-LV","@id":"https:\/\/kidsplay.lt\/#\/schema\/logo\/image\/","url":"https:\/\/kidsplay.lt\/wp-content\/uploads\/2023\/07\/kidsplay-logo.png","contentUrl":"https:\/\/kidsplay.lt\/wp-content\/uploads\/2023\/07\/kidsplay-logo.png","width":451,"height":98,"caption":"KidsPlay"},"image":{"@id":"https:\/\/kidsplay.lt\/#\/schema\/logo\/image\/"},"sameAs":["https:\/\/www.facebook.com\/www.kidsplay.lt"]}]}},"_links":{"self":[{"href":"https:\/\/kidsplay.lt\/lv\/wp-json\/wp\/v2\/product\/108623","targetHints":{"allow":["GET"]}}],"collection":[{"href":"https:\/\/kidsplay.lt\/lv\/wp-json\/wp\/v2\/product"}],"about":[{"href":"https:\/\/kidsplay.lt\/lv\/wp-json\/wp\/v2\/types\/product"}],"version-history":[{"count":1,"href":"https:\/\/kidsplay.lt\/lv\/wp-json\/wp\/v2\/product\/108623\/revisions"}],"predecessor-version":[{"id":108624,"href":"https:\/\/kidsplay.lt\/lv\/wp-json\/wp\/v2\/product\/108623\/revisions\/108624"}],"wp:featuredmedia":[{"embeddable":true,"href":"https:\/\/kidsplay.lt\/lv\/wp-json\/wp\/v2\/media\/108625"}],"wp:attachment":[{"href":"https:\/\/kidsplay.lt\/lv\/wp-json\/wp\/v2\/media?parent=108623"}],"wp:term":[{"taxonomy":"product_brand","embeddable":true,"href":"https:\/\/kidsplay.lt\/lv\/wp-json\/wp\/v2\/product_brand?post=108623"},{"taxonomy":"product_cat","embeddable":true,"href":"https:\/\/kidsplay.lt\/lv\/wp-json\/wp\/v2\/product_cat?post=108623"},{"taxonomy":"product_tag","embeddable":true,"href":"https:\/\/kidsplay.lt\/lv\/wp-json\/wp\/v2\/product_tag?post=108623"}],"curies":[{"name":"wp","href":"https:\/\/api.w.org\/{rel}","templated":true}]}}