{"id":108644,"date":"2026-04-24T08:03:30","date_gmt":"2026-04-24T05:03:30","guid":{"rendered":"https:\/\/kidsplay.lt\/produktas\/woopie-magnetiniu-kaladeliu-levituojanti-trasa-32-vnt\/"},"modified":"2026-04-24T08:03:43","modified_gmt":"2026-04-24T05:03:43","slug":"woopie-magnetiniu-kaladeliu-levituojanti-trasa-32-vnt","status":"publish","type":"product","link":"https:\/\/kidsplay.lt\/lv\/products\/woopie-magnetiniu-kaladeliu-levituojanti-trasa-32-vnt\/","title":{"rendered":"\u201eWOOPIE magn\u0113tisko kluc\u012b\u0161u levit\u0101cijas trase (32 gab.)"},"content":{"rendered":"<p>Sukurk nepaprast\u0105 pasaul\u012f su \u201eMagnetic Levitation Track\u201c trasa, kuri suteiks valand\u0173 valandas \u012ftraukian\u010dio \u017eaidimo! \u0160is inovatyvus rinkinys susideda i\u0161 32 detali\u0173, kurios lengvai jungiasi d\u0117l integruot\u0173 magnet\u0173. Unikalus dizainas leid\u017eia traukiniui saugiai jud\u0117ti \u012fvairiomis pozicijomis \u2013 net ir apverstai, imituojant magnetin\u0117s levitacijos rei\u0161kin\u012f. Tai puikus pasirinkimas ma\u017eiesiems konstruktoriams, skatinantis savaranki\u0161kai kurti \u012fdomias trasas ir k\u016brybi\u0161kai \u017eaisti.<br \/>\nFunkcijas:<\/p>\n<p> \t\u017daislas skirtas vaikams nuo 3 met\u0173<br \/>\n \tRinkin\u012f sudaro 32 elementai<br \/>\n \tMagnetinis kalad\u0117li\u0173 ir tras\u0173 sujungimas (magnetin\u0117s traukos technologija)<br \/>\n \tTraukinys saugiai laikosi trasoje ir juda vertikaliai bei horizontaliai<br \/>\n \tIntuityvi ir paprasta surinkimo sistema (DIY)<br \/>\n \tPatogus traukinio maitinimas per pridedam\u0105 USB laid\u0105<\/p>\n<p>Komplekt\u0101 ietilpst:<\/p>\n<p> \t1 elektrinis traukinys<br \/>\n \t16 raudon\u0173 konstrukcini\u0173 kalad\u0117li\u0173<br \/>\n \t7 \u017eali lenkimo elementai<br \/>\n \t4 m\u0117lynos trasos dalys<br \/>\n \t3 geltonos trasos dalys<br \/>\n \t1 USB \u012fkrovimo laidas<\/p>","protected":false},"excerpt":{"rendered":"<p>Sukurk nepaprast\u0105 pasaul\u012f su \u201eMagnetic Levitation Track\u201c trasa, kuri suteiks valand\u0173 valandas \u012ftraukian\u010dio \u017eaidimo! \u0160is inovatyvus rinkinys susideda i\u0161 32<\/p>","protected":false},"featured_media":108646,"template":"","meta":{"_acf_changed":false,"_glsr_average":0,"_glsr_ranking":0,"_glsr_reviews":0},"product_brand":[],"product_cat":[446,229],"product_tag":[],"class_list":{"0":"post-108644","1":"product","2":"type-product","3":"status-publish","4":"has-post-thumbnail","6":"product_cat-konstruktoriai","7":"product_cat-zaislai-vaikams","8":"\"style=\"background-color: #2ecc711c;\"","10":"first","11":"instock","12":"purchasable","13":"product-type-simple"},"acf":[],"yoast_head":"<!-- This site is optimized with the Yoast SEO plugin v27.4 - https:\/\/yoast.com\/product\/yoast-seo-wordpress\/ -->\n<title>\u201eWOOPIE\u201c magnetini\u0173 kalad\u0117li\u0173 levituojanti trasa (32 vnt.)<\/title>\n<meta name=\"description\" content=\"\u201eWOOPIE\u201c magnetini\u0173 kalad\u0117li\u0173 levituojanti trasa (32 vnt.) - KidsPlay. Did\u017eiausias vaik\u0173 \u017eaisl\u0173 pasirinkimas.\" \/>\n<meta name=\"robots\" content=\"index, follow, max-snippet:-1, max-image-preview:large, max-video-preview:-1\" \/>\n<link rel=\"canonical\" href=\"https:\/\/kidsplay.lt\/lv\/products\/woopie-magnetiniu-kaladeliu-levituojanti-trasa-32-vnt\/\" \/>\n<meta property=\"og:locale\" content=\"lv_LV\" \/>\n<meta property=\"og:type\" content=\"article\" \/>\n<meta property=\"og:title\" content=\"\u201eWOOPIE\u201c magnetini\u0173 kalad\u0117li\u0173 levituojanti trasa (32 vnt.)\" \/>\n<meta property=\"og:description\" content=\"\u201eWOOPIE\u201c magnetini\u0173 kalad\u0117li\u0173 levituojanti trasa (32 vnt.) - KidsPlay. Did\u017eiausias vaik\u0173 \u017eaisl\u0173 pasirinkimas.\" \/>\n<meta property=\"og:url\" content=\"https:\/\/kidsplay.lt\/lv\/products\/woopie-magnetiniu-kaladeliu-levituojanti-trasa-32-vnt\/\" \/>\n<meta property=\"og:site_name\" content=\"KidsPlay\" \/>\n<meta property=\"article:publisher\" content=\"https:\/\/www.facebook.com\/www.kidsplay.lt\" \/>\n<meta property=\"article:modified_time\" content=\"2026-04-24T05:03:43+00:00\" \/>\n<meta property=\"og:image\" content=\"https:\/\/kidsplay.lt\/wp-content\/uploads\/2026\/04\/\u201eWOOPIE-magnetiniu-kaladeliu-levituojanti-trasa-32-vnt.jpg\" \/>\n\t<meta property=\"og:image:width\" content=\"1000\" \/>\n\t<meta property=\"og:image:height\" content=\"1000\" \/>\n\t<meta property=\"og:image:type\" content=\"image\/jpeg\" \/>\n<meta name=\"twitter:card\" content=\"summary_large_image\" \/>\n<meta name=\"twitter:label1\" content=\"Est. reading time\" \/>\n\t<meta name=\"twitter:data1\" content=\"1 min\u016bte\" \/>\n<script type=\"application\/ld+json\" class=\"yoast-schema-graph\">{\"@context\":\"https:\\\/\\\/schema.org\",\"@graph\":[{\"@type\":\"WebPage\",\"@id\":\"https:\\\/\\\/kidsplay.lt\\\/produktas\\\/woopie-magnetiniu-kaladeliu-levituojanti-trasa-32-vnt\\\/\",\"url\":\"https:\\\/\\\/kidsplay.lt\\\/produktas\\\/woopie-magnetiniu-kaladeliu-levituojanti-trasa-32-vnt\\\/\",\"name\":\"\u201eWOOPIE\u201c magnetini\u0173 kalad\u0117li\u0173 levituojanti trasa (32 vnt.)\",\"isPartOf\":{\"@id\":\"https:\\\/\\\/kidsplay.lt\\\/#website\"},\"primaryImageOfPage\":{\"@id\":\"https:\\\/\\\/kidsplay.lt\\\/produktas\\\/woopie-magnetiniu-kaladeliu-levituojanti-trasa-32-vnt\\\/#primaryimage\"},\"image\":{\"@id\":\"https:\\\/\\\/kidsplay.lt\\\/produktas\\\/woopie-magnetiniu-kaladeliu-levituojanti-trasa-32-vnt\\\/#primaryimage\"},\"thumbnailUrl\":\"https:\\\/\\\/kidsplay.lt\\\/wp-content\\\/uploads\\\/2026\\\/04\\\/\u201eWOOPIE-magnetiniu-kaladeliu-levituojanti-trasa-32-vnt.jpg\",\"datePublished\":\"2026-04-24T05:03:30+00:00\",\"dateModified\":\"2026-04-24T05:03:43+00:00\",\"description\":\"\u201eWOOPIE\u201c magnetini\u0173 kalad\u0117li\u0173 levituojanti trasa (32 vnt.) - KidsPlay. Did\u017eiausias vaik\u0173 \u017eaisl\u0173 pasirinkimas.\",\"breadcrumb\":{\"@id\":\"https:\\\/\\\/kidsplay.lt\\\/produktas\\\/woopie-magnetiniu-kaladeliu-levituojanti-trasa-32-vnt\\\/#breadcrumb\"},\"inLanguage\":\"lv-LV\",\"potentialAction\":[{\"@type\":\"ReadAction\",\"target\":[\"https:\\\/\\\/kidsplay.lt\\\/produktas\\\/woopie-magnetiniu-kaladeliu-levituojanti-trasa-32-vnt\\\/\"]}]},{\"@type\":\"ImageObject\",\"inLanguage\":\"lv-LV\",\"@id\":\"https:\\\/\\\/kidsplay.lt\\\/produktas\\\/woopie-magnetiniu-kaladeliu-levituojanti-trasa-32-vnt\\\/#primaryimage\",\"url\":\"https:\\\/\\\/kidsplay.lt\\\/wp-content\\\/uploads\\\/2026\\\/04\\\/\u201eWOOPIE-magnetiniu-kaladeliu-levituojanti-trasa-32-vnt.jpg\",\"contentUrl\":\"https:\\\/\\\/kidsplay.lt\\\/wp-content\\\/uploads\\\/2026\\\/04\\\/\u201eWOOPIE-magnetiniu-kaladeliu-levituojanti-trasa-32-vnt.jpg\",\"width\":1000,\"height\":1000,\"caption\":\"\u201eWOOPIE\u201c magnetini\u0173 kalad\u0117li\u0173 levituojanti trasa (32 vnt.)\"},{\"@type\":\"BreadcrumbList\",\"@id\":\"https:\\\/\\\/kidsplay.lt\\\/produktas\\\/woopie-magnetiniu-kaladeliu-levituojanti-trasa-32-vnt\\\/#breadcrumb\",\"itemListElement\":[{\"@type\":\"ListItem\",\"position\":1,\"name\":\"Pagrindinis\",\"item\":\"https:\\\/\\\/kidsplay.lt\\\/\"},{\"@type\":\"ListItem\",\"position\":2,\"name\":\"Parduotuv\u0117\",\"item\":\"https:\\\/\\\/kidsplay.lt\\\/parduotuve\\\/\"},{\"@type\":\"ListItem\",\"position\":3,\"name\":\"\u201eWOOPIE\u201c magnetini\u0173 kalad\u0117li\u0173 levituojanti trasa (32 vnt.)\"}]},{\"@type\":\"WebSite\",\"@id\":\"https:\\\/\\\/kidsplay.lt\\\/#website\",\"url\":\"https:\\\/\\\/kidsplay.lt\\\/\",\"name\":\"Kidsplay.lt\",\"description\":\"\u012evairios prek\u0117s vaikams\",\"publisher\":{\"@id\":\"https:\\\/\\\/kidsplay.lt\\\/#organization\"},\"alternateName\":\"Kidsplay\",\"potentialAction\":[{\"@type\":\"SearchAction\",\"target\":{\"@type\":\"EntryPoint\",\"urlTemplate\":\"https:\\\/\\\/kidsplay.lt\\\/?s={search_term_string}\"},\"query-input\":{\"@type\":\"PropertyValueSpecification\",\"valueRequired\":true,\"valueName\":\"search_term_string\"}}],\"inLanguage\":\"lv-LV\"},{\"@type\":\"Organization\",\"@id\":\"https:\\\/\\\/kidsplay.lt\\\/#organization\",\"name\":\"KidsPlay\",\"url\":\"https:\\\/\\\/kidsplay.lt\\\/\",\"logo\":{\"@type\":\"ImageObject\",\"inLanguage\":\"lv-LV\",\"@id\":\"https:\\\/\\\/kidsplay.lt\\\/#\\\/schema\\\/logo\\\/image\\\/\",\"url\":\"https:\\\/\\\/kidsplay.lt\\\/wp-content\\\/uploads\\\/2023\\\/07\\\/kidsplay-logo.png\",\"contentUrl\":\"https:\\\/\\\/kidsplay.lt\\\/wp-content\\\/uploads\\\/2023\\\/07\\\/kidsplay-logo.png\",\"width\":451,\"height\":98,\"caption\":\"KidsPlay\"},\"image\":{\"@id\":\"https:\\\/\\\/kidsplay.lt\\\/#\\\/schema\\\/logo\\\/image\\\/\"},\"sameAs\":[\"https:\\\/\\\/www.facebook.com\\\/www.kidsplay.lt\"]}]}<\/script>\n<!-- \/ Yoast SEO plugin. -->","yoast_head_json":{"title":"\u201eWOOPIE magn\u0113tisko kluc\u012b\u0161u levit\u0101cijas trase (32 gab.)","description":"\u201eWOOPIE\u201c magnetini\u0173 kalad\u0117li\u0173 levituojanti trasa (32 vnt.) - KidsPlay. Did\u017eiausias vaik\u0173 \u017eaisl\u0173 pasirinkimas.","robots":{"index":"index","follow":"follow","max-snippet":"max-snippet:-1","max-image-preview":"max-image-preview:large","max-video-preview":"max-video-preview:-1"},"canonical":"https:\/\/kidsplay.lt\/lv\/products\/woopie-magnetiniu-kaladeliu-levituojanti-trasa-32-vnt\/","og_locale":"lv_LV","og_type":"article","og_title":"\u201eWOOPIE\u201c magnetini\u0173 kalad\u0117li\u0173 levituojanti trasa (32 vnt.)","og_description":"\u201eWOOPIE\u201c magnetini\u0173 kalad\u0117li\u0173 levituojanti trasa (32 vnt.) - KidsPlay. Did\u017eiausias vaik\u0173 \u017eaisl\u0173 pasirinkimas.","og_url":"https:\/\/kidsplay.lt\/lv\/products\/woopie-magnetiniu-kaladeliu-levituojanti-trasa-32-vnt\/","og_site_name":"KidsPlay","article_publisher":"https:\/\/www.facebook.com\/www.kidsplay.lt","article_modified_time":"2026-04-24T05:03:43+00:00","og_image":[{"width":1000,"height":1000,"url":"https:\/\/kidsplay.lt\/wp-content\/uploads\/2026\/04\/\u201eWOOPIE-magnetiniu-kaladeliu-levituojanti-trasa-32-vnt.jpg","type":"image\/jpeg"}],"twitter_card":"summary_large_image","twitter_misc":{"Est. reading time":"1 min\u016bte"},"schema":{"@context":"https:\/\/schema.org","@graph":[{"@type":"WebPage","@id":"https:\/\/kidsplay.lt\/produktas\/woopie-magnetiniu-kaladeliu-levituojanti-trasa-32-vnt\/","url":"https:\/\/kidsplay.lt\/produktas\/woopie-magnetiniu-kaladeliu-levituojanti-trasa-32-vnt\/","name":"\u201eWOOPIE magn\u0113tisko kluc\u012b\u0161u levit\u0101cijas trase (32 gab.)","isPartOf":{"@id":"https:\/\/kidsplay.lt\/#website"},"primaryImageOfPage":{"@id":"https:\/\/kidsplay.lt\/produktas\/woopie-magnetiniu-kaladeliu-levituojanti-trasa-32-vnt\/#primaryimage"},"image":{"@id":"https:\/\/kidsplay.lt\/produktas\/woopie-magnetiniu-kaladeliu-levituojanti-trasa-32-vnt\/#primaryimage"},"thumbnailUrl":"https:\/\/kidsplay.lt\/wp-content\/uploads\/2026\/04\/\u201eWOOPIE-magnetiniu-kaladeliu-levituojanti-trasa-32-vnt.jpg","datePublished":"2026-04-24T05:03:30+00:00","dateModified":"2026-04-24T05:03:43+00:00","description":"\u201eWOOPIE\u201c magnetini\u0173 kalad\u0117li\u0173 levituojanti trasa (32 vnt.) - KidsPlay. Did\u017eiausias vaik\u0173 \u017eaisl\u0173 pasirinkimas.","breadcrumb":{"@id":"https:\/\/kidsplay.lt\/produktas\/woopie-magnetiniu-kaladeliu-levituojanti-trasa-32-vnt\/#breadcrumb"},"inLanguage":"lv-LV","potentialAction":[{"@type":"ReadAction","target":["https:\/\/kidsplay.lt\/produktas\/woopie-magnetiniu-kaladeliu-levituojanti-trasa-32-vnt\/"]}]},{"@type":"ImageObject","inLanguage":"lv-LV","@id":"https:\/\/kidsplay.lt\/produktas\/woopie-magnetiniu-kaladeliu-levituojanti-trasa-32-vnt\/#primaryimage","url":"https:\/\/kidsplay.lt\/wp-content\/uploads\/2026\/04\/\u201eWOOPIE-magnetiniu-kaladeliu-levituojanti-trasa-32-vnt.jpg","contentUrl":"https:\/\/kidsplay.lt\/wp-content\/uploads\/2026\/04\/\u201eWOOPIE-magnetiniu-kaladeliu-levituojanti-trasa-32-vnt.jpg","width":1000,"height":1000,"caption":"\u201eWOOPIE\u201c magnetini\u0173 kalad\u0117li\u0173 levituojanti trasa (32 vnt.)"},{"@type":"BreadcrumbList","@id":"https:\/\/kidsplay.lt\/produktas\/woopie-magnetiniu-kaladeliu-levituojanti-trasa-32-vnt\/#breadcrumb","itemListElement":[{"@type":"ListItem","position":1,"name":"Pagrindinis","item":"https:\/\/kidsplay.lt\/"},{"@type":"ListItem","position":2,"name":"Parduotuv\u0117","item":"https:\/\/kidsplay.lt\/parduotuve\/"},{"@type":"ListItem","position":3,"name":"\u201eWOOPIE\u201c magnetini\u0173 kalad\u0117li\u0173 levituojanti trasa (32 vnt.)"}]},{"@type":"WebSite","@id":"https:\/\/kidsplay.lt\/#website","url":"https:\/\/kidsplay.lt\/","name":"B\u0113rnu sp\u0113les.lv","description":"\u012evairios prek\u0117s vaikams","publisher":{"@id":"https:\/\/kidsplay.lt\/#organization"},"alternateName":"Kidsplay","potentialAction":[{"@type":"SearchAction","target":{"@type":"EntryPoint","urlTemplate":"https:\/\/kidsplay.lt\/?s={search_term_string}"},"query-input":{"@type":"PropertyValueSpecification","valueRequired":true,"valueName":"search_term_string"}}],"inLanguage":"lv-LV"},{"@type":"Organization","@id":"https:\/\/kidsplay.lt\/#organization","name":"B\u0113rnu sp\u0113le","url":"https:\/\/kidsplay.lt\/","logo":{"@type":"ImageObject","inLanguage":"lv-LV","@id":"https:\/\/kidsplay.lt\/#\/schema\/logo\/image\/","url":"https:\/\/kidsplay.lt\/wp-content\/uploads\/2023\/07\/kidsplay-logo.png","contentUrl":"https:\/\/kidsplay.lt\/wp-content\/uploads\/2023\/07\/kidsplay-logo.png","width":451,"height":98,"caption":"KidsPlay"},"image":{"@id":"https:\/\/kidsplay.lt\/#\/schema\/logo\/image\/"},"sameAs":["https:\/\/www.facebook.com\/www.kidsplay.lt"]}]}},"_links":{"self":[{"href":"https:\/\/kidsplay.lt\/lv\/wp-json\/wp\/v2\/product\/108644","targetHints":{"allow":["GET"]}}],"collection":[{"href":"https:\/\/kidsplay.lt\/lv\/wp-json\/wp\/v2\/product"}],"about":[{"href":"https:\/\/kidsplay.lt\/lv\/wp-json\/wp\/v2\/types\/product"}],"version-history":[{"count":1,"href":"https:\/\/kidsplay.lt\/lv\/wp-json\/wp\/v2\/product\/108644\/revisions"}],"predecessor-version":[{"id":108645,"href":"https:\/\/kidsplay.lt\/lv\/wp-json\/wp\/v2\/product\/108644\/revisions\/108645"}],"wp:featuredmedia":[{"embeddable":true,"href":"https:\/\/kidsplay.lt\/lv\/wp-json\/wp\/v2\/media\/108646"}],"wp:attachment":[{"href":"https:\/\/kidsplay.lt\/lv\/wp-json\/wp\/v2\/media?parent=108644"}],"wp:term":[{"taxonomy":"product_brand","embeddable":true,"href":"https:\/\/kidsplay.lt\/lv\/wp-json\/wp\/v2\/product_brand?post=108644"},{"taxonomy":"product_cat","embeddable":true,"href":"https:\/\/kidsplay.lt\/lv\/wp-json\/wp\/v2\/product_cat?post=108644"},{"taxonomy":"product_tag","embeddable":true,"href":"https:\/\/kidsplay.lt\/lv\/wp-json\/wp\/v2\/product_tag?post=108644"}],"curies":[{"name":"wp","href":"https:\/\/api.w.org\/{rel}","templated":true}]}}