{"id":108658,"date":"2026-04-24T08:04:06","date_gmt":"2026-04-24T05:04:06","guid":{"rendered":"https:\/\/kidsplay.lt\/produktas\/woopie-magnetiniu-3d-konstrukciniu-kaladeliu-edukacinis-rinkinys-pilis-ir-transporto-priemones-110-vnt\/"},"modified":"2026-04-24T08:04:21","modified_gmt":"2026-04-24T05:04:21","slug":"woopie-magnetiniu-3d-konstrukciniu-kaladeliu-edukacinis-rinkinys-pilis-ir-transporto-priemones-110-vnt","status":"publish","type":"product","link":"https:\/\/kidsplay.lt\/lv\/products\/woopie-magnetiniu-3d-konstrukciniu-kaladeliu-edukacinis-rinkinys-pilis-ir-transporto-priemones-110-vnt\/","title":{"rendered":"\u201eWOOPIE magn\u0113tiskie 3D celtniec\u012bbas kluc\u012b\u0161i Izgl\u012btojo\u0161ais komplekts \u2013 Pils un transportl\u012bdzek\u013ci (110 gab.)"},"content":{"rendered":"<p>I\u0161pl\u0117skite vaiko k\u016brybi\u0161kum\u0105 su unikaliu \u201eWoopie\u201c 3D magnetini\u0173 kalad\u0117li\u0173 rinkiniu! \u0160is didelis 110 dali\u0173 rinkinys leid\u017eia kurti fantasti\u0161kus pastatus, transporto priemones ir \u012fvairias 3D konstrukcijas. Kalad\u0117l\u0117s lengvai jungiasi magnet\u0173 pagalba, tod\u0117l \u017eaidimas yra intuityvus ir itin \u012ftraukiantis. Tai puikus \u017eaislas, skatinantis mokym\u0105si per eksperimentavim\u0105, lavinantis login\u012f m\u0105stym\u0105, smulki\u0105j\u0105 motorik\u0105 ir vaizduot\u0119. Kurkite nuostab\u0173 spalv\u0173 ir form\u0173 pasaul\u012f kartu!<br \/>\nFunkcijas:<\/p>\n<p> \tVecums: no 3 gadiem<br \/>\n \tKalad\u0117l\u0117s pagamintos i\u0161 metalo, plastiko ir kit\u0173 med\u017eiag\u0173<br \/>\n \t\u017daisle yra smulki\u0173 detali\u0173, tod\u0117l rekomenduojama suaugusi\u0173j\u0173 prie\u017ei\u016bra<\/p>\n<p>Komplekt\u0101 ietilpst:<\/p>\n<p> \t22 kvadratai<br \/>\n \t28 trikampiai<br \/>\n \t4 pailgi trikampiai<br \/>\n \t2 penkiakampiai<br \/>\n \t2 rat\u0173 komplektai transporto priemon\u0117ms<br \/>\n \t26 raid\u0117s<br \/>\n \t16 skai\u010di\u0173<br \/>\n \t6 matematiniai \u017eenklai<br \/>\n \t2 plok\u0161tel\u0117s<br \/>\n \t1 plastikinis jungiklis<\/p>","protected":false},"excerpt":{"rendered":"<p>I\u0161pl\u0117skite vaiko k\u016brybi\u0161kum\u0105 su unikaliu \u201eWoopie\u201c 3D magnetini\u0173 kalad\u0117li\u0173 rinkiniu! \u0160is didelis 110 dali\u0173 rinkinys leid\u017eia kurti fantasti\u0161kus pastatus, transporto<\/p>","protected":false},"featured_media":108660,"template":"","meta":{"_acf_changed":false,"_glsr_average":0,"_glsr_ranking":0,"_glsr_reviews":0},"product_brand":[],"product_cat":[446,229],"product_tag":[],"class_list":{"0":"post-108658","1":"product","2":"type-product","3":"status-publish","4":"has-post-thumbnail","6":"product_cat-konstruktoriai","7":"product_cat-zaislai-vaikams","8":"\"style=\"background-color: #2ecc711c;\"","10":"first","11":"instock","12":"purchasable","13":"product-type-simple"},"acf":[],"yoast_head":"<!-- This site is optimized with the Yoast SEO plugin v27.4 - https:\/\/yoast.com\/product\/yoast-seo-wordpress\/ -->\n<title>\u201eWOOPIE\u201c magnetini\u0173 3D konstrukcini\u0173 kalad\u0117li\u0173 edukacinis rinkinys \u2013 pilis ir transporto priemon\u0117s (110 vnt.)<\/title>\n<meta name=\"description\" content=\"\u201eWOOPIE\u201c magnetini\u0173 3D konstrukcini\u0173 kalad\u0117li\u0173 edukacinis rinkinys \u2013 pilis ir transporto priemon\u0117s (110 vnt.) - KidsPlay. Did\u017eiausias vaik\u0173 \u017eaisl\u0173 pasirinkimas.\" \/>\n<meta name=\"robots\" content=\"index, follow, max-snippet:-1, max-image-preview:large, max-video-preview:-1\" \/>\n<link rel=\"canonical\" href=\"https:\/\/kidsplay.lt\/lv\/products\/woopie-magnetiniu-3d-konstrukciniu-kaladeliu-edukacinis-rinkinys-pilis-ir-transporto-priemones-110-vnt\/\" \/>\n<meta property=\"og:locale\" content=\"lv_LV\" \/>\n<meta property=\"og:type\" content=\"article\" \/>\n<meta property=\"og:title\" content=\"\u201eWOOPIE\u201c magnetini\u0173 3D konstrukcini\u0173 kalad\u0117li\u0173 edukacinis rinkinys \u2013 pilis ir transporto priemon\u0117s (110 vnt.)\" \/>\n<meta property=\"og:description\" content=\"\u201eWOOPIE\u201c magnetini\u0173 3D konstrukcini\u0173 kalad\u0117li\u0173 edukacinis rinkinys \u2013 pilis ir transporto priemon\u0117s (110 vnt.) - KidsPlay. Did\u017eiausias vaik\u0173 \u017eaisl\u0173 pasirinkimas.\" \/>\n<meta property=\"og:url\" content=\"https:\/\/kidsplay.lt\/lv\/products\/woopie-magnetiniu-3d-konstrukciniu-kaladeliu-edukacinis-rinkinys-pilis-ir-transporto-priemones-110-vnt\/\" \/>\n<meta property=\"og:site_name\" content=\"KidsPlay\" \/>\n<meta property=\"article:publisher\" content=\"https:\/\/www.facebook.com\/www.kidsplay.lt\" \/>\n<meta property=\"article:modified_time\" content=\"2026-04-24T05:04:21+00:00\" \/>\n<meta property=\"og:image\" content=\"https:\/\/kidsplay.lt\/wp-content\/uploads\/2026\/04\/\u201eWOOPIE-magnetiniu-3D-konstrukciniu-kaladeliu-edukacinis-rinkinys-\u2013-pilis-ir-transporto-priemones-110-vnt.jpg\" \/>\n\t<meta property=\"og:image:width\" content=\"1000\" \/>\n\t<meta property=\"og:image:height\" content=\"1000\" \/>\n\t<meta property=\"og:image:type\" content=\"image\/jpeg\" \/>\n<meta name=\"twitter:card\" content=\"summary_large_image\" \/>\n<meta name=\"twitter:label1\" content=\"Est. reading time\" \/>\n\t<meta name=\"twitter:data1\" content=\"1 min\u016bte\" \/>\n<script type=\"application\/ld+json\" class=\"yoast-schema-graph\">{\"@context\":\"https:\\\/\\\/schema.org\",\"@graph\":[{\"@type\":\"WebPage\",\"@id\":\"https:\\\/\\\/kidsplay.lt\\\/produktas\\\/woopie-magnetiniu-3d-konstrukciniu-kaladeliu-edukacinis-rinkinys-pilis-ir-transporto-priemones-110-vnt\\\/\",\"url\":\"https:\\\/\\\/kidsplay.lt\\\/produktas\\\/woopie-magnetiniu-3d-konstrukciniu-kaladeliu-edukacinis-rinkinys-pilis-ir-transporto-priemones-110-vnt\\\/\",\"name\":\"\u201eWOOPIE\u201c magnetini\u0173 3D konstrukcini\u0173 kalad\u0117li\u0173 edukacinis rinkinys \u2013 pilis ir transporto priemon\u0117s (110 vnt.)\",\"isPartOf\":{\"@id\":\"https:\\\/\\\/kidsplay.lt\\\/#website\"},\"primaryImageOfPage\":{\"@id\":\"https:\\\/\\\/kidsplay.lt\\\/produktas\\\/woopie-magnetiniu-3d-konstrukciniu-kaladeliu-edukacinis-rinkinys-pilis-ir-transporto-priemones-110-vnt\\\/#primaryimage\"},\"image\":{\"@id\":\"https:\\\/\\\/kidsplay.lt\\\/produktas\\\/woopie-magnetiniu-3d-konstrukciniu-kaladeliu-edukacinis-rinkinys-pilis-ir-transporto-priemones-110-vnt\\\/#primaryimage\"},\"thumbnailUrl\":\"https:\\\/\\\/kidsplay.lt\\\/wp-content\\\/uploads\\\/2026\\\/04\\\/\u201eWOOPIE-magnetiniu-3D-konstrukciniu-kaladeliu-edukacinis-rinkinys-\u2013-pilis-ir-transporto-priemones-110-vnt.jpg\",\"datePublished\":\"2026-04-24T05:04:06+00:00\",\"dateModified\":\"2026-04-24T05:04:21+00:00\",\"description\":\"\u201eWOOPIE\u201c magnetini\u0173 3D konstrukcini\u0173 kalad\u0117li\u0173 edukacinis rinkinys \u2013 pilis ir transporto priemon\u0117s (110 vnt.) - KidsPlay. Did\u017eiausias vaik\u0173 \u017eaisl\u0173 pasirinkimas.\",\"breadcrumb\":{\"@id\":\"https:\\\/\\\/kidsplay.lt\\\/produktas\\\/woopie-magnetiniu-3d-konstrukciniu-kaladeliu-edukacinis-rinkinys-pilis-ir-transporto-priemones-110-vnt\\\/#breadcrumb\"},\"inLanguage\":\"lv-LV\",\"potentialAction\":[{\"@type\":\"ReadAction\",\"target\":[\"https:\\\/\\\/kidsplay.lt\\\/produktas\\\/woopie-magnetiniu-3d-konstrukciniu-kaladeliu-edukacinis-rinkinys-pilis-ir-transporto-priemones-110-vnt\\\/\"]}]},{\"@type\":\"ImageObject\",\"inLanguage\":\"lv-LV\",\"@id\":\"https:\\\/\\\/kidsplay.lt\\\/produktas\\\/woopie-magnetiniu-3d-konstrukciniu-kaladeliu-edukacinis-rinkinys-pilis-ir-transporto-priemones-110-vnt\\\/#primaryimage\",\"url\":\"https:\\\/\\\/kidsplay.lt\\\/wp-content\\\/uploads\\\/2026\\\/04\\\/\u201eWOOPIE-magnetiniu-3D-konstrukciniu-kaladeliu-edukacinis-rinkinys-\u2013-pilis-ir-transporto-priemones-110-vnt.jpg\",\"contentUrl\":\"https:\\\/\\\/kidsplay.lt\\\/wp-content\\\/uploads\\\/2026\\\/04\\\/\u201eWOOPIE-magnetiniu-3D-konstrukciniu-kaladeliu-edukacinis-rinkinys-\u2013-pilis-ir-transporto-priemones-110-vnt.jpg\",\"width\":1000,\"height\":1000,\"caption\":\"\u201eWOOPIE\u201c magnetini\u0173 3D konstrukcini\u0173 kalad\u0117li\u0173 edukacinis rinkinys \u2013 pilis ir transporto priemon\u0117s (110 vnt.)\"},{\"@type\":\"BreadcrumbList\",\"@id\":\"https:\\\/\\\/kidsplay.lt\\\/produktas\\\/woopie-magnetiniu-3d-konstrukciniu-kaladeliu-edukacinis-rinkinys-pilis-ir-transporto-priemones-110-vnt\\\/#breadcrumb\",\"itemListElement\":[{\"@type\":\"ListItem\",\"position\":1,\"name\":\"Pagrindinis\",\"item\":\"https:\\\/\\\/kidsplay.lt\\\/\"},{\"@type\":\"ListItem\",\"position\":2,\"name\":\"Parduotuv\u0117\",\"item\":\"https:\\\/\\\/kidsplay.lt\\\/parduotuve\\\/\"},{\"@type\":\"ListItem\",\"position\":3,\"name\":\"\u201eWOOPIE\u201c magnetini\u0173 3D konstrukcini\u0173 kalad\u0117li\u0173 edukacinis rinkinys \u2013 pilis ir transporto priemon\u0117s (110 vnt.)\"}]},{\"@type\":\"WebSite\",\"@id\":\"https:\\\/\\\/kidsplay.lt\\\/#website\",\"url\":\"https:\\\/\\\/kidsplay.lt\\\/\",\"name\":\"Kidsplay.lt\",\"description\":\"\u012evairios prek\u0117s vaikams\",\"publisher\":{\"@id\":\"https:\\\/\\\/kidsplay.lt\\\/#organization\"},\"alternateName\":\"Kidsplay\",\"potentialAction\":[{\"@type\":\"SearchAction\",\"target\":{\"@type\":\"EntryPoint\",\"urlTemplate\":\"https:\\\/\\\/kidsplay.lt\\\/?s={search_term_string}\"},\"query-input\":{\"@type\":\"PropertyValueSpecification\",\"valueRequired\":true,\"valueName\":\"search_term_string\"}}],\"inLanguage\":\"lv-LV\"},{\"@type\":\"Organization\",\"@id\":\"https:\\\/\\\/kidsplay.lt\\\/#organization\",\"name\":\"KidsPlay\",\"url\":\"https:\\\/\\\/kidsplay.lt\\\/\",\"logo\":{\"@type\":\"ImageObject\",\"inLanguage\":\"lv-LV\",\"@id\":\"https:\\\/\\\/kidsplay.lt\\\/#\\\/schema\\\/logo\\\/image\\\/\",\"url\":\"https:\\\/\\\/kidsplay.lt\\\/wp-content\\\/uploads\\\/2023\\\/07\\\/kidsplay-logo.png\",\"contentUrl\":\"https:\\\/\\\/kidsplay.lt\\\/wp-content\\\/uploads\\\/2023\\\/07\\\/kidsplay-logo.png\",\"width\":451,\"height\":98,\"caption\":\"KidsPlay\"},\"image\":{\"@id\":\"https:\\\/\\\/kidsplay.lt\\\/#\\\/schema\\\/logo\\\/image\\\/\"},\"sameAs\":[\"https:\\\/\\\/www.facebook.com\\\/www.kidsplay.lt\"]}]}<\/script>\n<!-- \/ Yoast SEO plugin. -->","yoast_head_json":{"title":"\u201eWOOPIE magn\u0113tiskie 3D celtniec\u012bbas kluc\u012b\u0161i Izgl\u012btojo\u0161ais komplekts \u2013 Pils un transportl\u012bdzek\u013ci (110 gab.)","description":"\u201eWOOPIE\u201c magnetini\u0173 3D konstrukcini\u0173 kalad\u0117li\u0173 edukacinis rinkinys \u2013 pilis ir transporto priemon\u0117s (110 vnt.) - KidsPlay. Did\u017eiausias vaik\u0173 \u017eaisl\u0173 pasirinkimas.","robots":{"index":"index","follow":"follow","max-snippet":"max-snippet:-1","max-image-preview":"max-image-preview:large","max-video-preview":"max-video-preview:-1"},"canonical":"https:\/\/kidsplay.lt\/lv\/products\/woopie-magnetiniu-3d-konstrukciniu-kaladeliu-edukacinis-rinkinys-pilis-ir-transporto-priemones-110-vnt\/","og_locale":"lv_LV","og_type":"article","og_title":"\u201eWOOPIE\u201c magnetini\u0173 3D konstrukcini\u0173 kalad\u0117li\u0173 edukacinis rinkinys \u2013 pilis ir transporto priemon\u0117s (110 vnt.)","og_description":"\u201eWOOPIE\u201c magnetini\u0173 3D konstrukcini\u0173 kalad\u0117li\u0173 edukacinis rinkinys \u2013 pilis ir transporto priemon\u0117s (110 vnt.) - KidsPlay. Did\u017eiausias vaik\u0173 \u017eaisl\u0173 pasirinkimas.","og_url":"https:\/\/kidsplay.lt\/lv\/products\/woopie-magnetiniu-3d-konstrukciniu-kaladeliu-edukacinis-rinkinys-pilis-ir-transporto-priemones-110-vnt\/","og_site_name":"KidsPlay","article_publisher":"https:\/\/www.facebook.com\/www.kidsplay.lt","article_modified_time":"2026-04-24T05:04:21+00:00","og_image":[{"width":1000,"height":1000,"url":"https:\/\/kidsplay.lt\/wp-content\/uploads\/2026\/04\/\u201eWOOPIE-magnetiniu-3D-konstrukciniu-kaladeliu-edukacinis-rinkinys-\u2013-pilis-ir-transporto-priemones-110-vnt.jpg","type":"image\/jpeg"}],"twitter_card":"summary_large_image","twitter_misc":{"Est. reading time":"1 min\u016bte"},"schema":{"@context":"https:\/\/schema.org","@graph":[{"@type":"WebPage","@id":"https:\/\/kidsplay.lt\/produktas\/woopie-magnetiniu-3d-konstrukciniu-kaladeliu-edukacinis-rinkinys-pilis-ir-transporto-priemones-110-vnt\/","url":"https:\/\/kidsplay.lt\/produktas\/woopie-magnetiniu-3d-konstrukciniu-kaladeliu-edukacinis-rinkinys-pilis-ir-transporto-priemones-110-vnt\/","name":"\u201eWOOPIE magn\u0113tiskie 3D celtniec\u012bbas kluc\u012b\u0161i Izgl\u012btojo\u0161ais komplekts \u2013 Pils un transportl\u012bdzek\u013ci (110 gab.)","isPartOf":{"@id":"https:\/\/kidsplay.lt\/#website"},"primaryImageOfPage":{"@id":"https:\/\/kidsplay.lt\/produktas\/woopie-magnetiniu-3d-konstrukciniu-kaladeliu-edukacinis-rinkinys-pilis-ir-transporto-priemones-110-vnt\/#primaryimage"},"image":{"@id":"https:\/\/kidsplay.lt\/produktas\/woopie-magnetiniu-3d-konstrukciniu-kaladeliu-edukacinis-rinkinys-pilis-ir-transporto-priemones-110-vnt\/#primaryimage"},"thumbnailUrl":"https:\/\/kidsplay.lt\/wp-content\/uploads\/2026\/04\/\u201eWOOPIE-magnetiniu-3D-konstrukciniu-kaladeliu-edukacinis-rinkinys-\u2013-pilis-ir-transporto-priemones-110-vnt.jpg","datePublished":"2026-04-24T05:04:06+00:00","dateModified":"2026-04-24T05:04:21+00:00","description":"\u201eWOOPIE\u201c magnetini\u0173 3D konstrukcini\u0173 kalad\u0117li\u0173 edukacinis rinkinys \u2013 pilis ir transporto priemon\u0117s (110 vnt.) - KidsPlay. Did\u017eiausias vaik\u0173 \u017eaisl\u0173 pasirinkimas.","breadcrumb":{"@id":"https:\/\/kidsplay.lt\/produktas\/woopie-magnetiniu-3d-konstrukciniu-kaladeliu-edukacinis-rinkinys-pilis-ir-transporto-priemones-110-vnt\/#breadcrumb"},"inLanguage":"lv-LV","potentialAction":[{"@type":"ReadAction","target":["https:\/\/kidsplay.lt\/produktas\/woopie-magnetiniu-3d-konstrukciniu-kaladeliu-edukacinis-rinkinys-pilis-ir-transporto-priemones-110-vnt\/"]}]},{"@type":"ImageObject","inLanguage":"lv-LV","@id":"https:\/\/kidsplay.lt\/produktas\/woopie-magnetiniu-3d-konstrukciniu-kaladeliu-edukacinis-rinkinys-pilis-ir-transporto-priemones-110-vnt\/#primaryimage","url":"https:\/\/kidsplay.lt\/wp-content\/uploads\/2026\/04\/\u201eWOOPIE-magnetiniu-3D-konstrukciniu-kaladeliu-edukacinis-rinkinys-\u2013-pilis-ir-transporto-priemones-110-vnt.jpg","contentUrl":"https:\/\/kidsplay.lt\/wp-content\/uploads\/2026\/04\/\u201eWOOPIE-magnetiniu-3D-konstrukciniu-kaladeliu-edukacinis-rinkinys-\u2013-pilis-ir-transporto-priemones-110-vnt.jpg","width":1000,"height":1000,"caption":"\u201eWOOPIE\u201c magnetini\u0173 3D konstrukcini\u0173 kalad\u0117li\u0173 edukacinis rinkinys \u2013 pilis ir transporto priemon\u0117s (110 vnt.)"},{"@type":"BreadcrumbList","@id":"https:\/\/kidsplay.lt\/produktas\/woopie-magnetiniu-3d-konstrukciniu-kaladeliu-edukacinis-rinkinys-pilis-ir-transporto-priemones-110-vnt\/#breadcrumb","itemListElement":[{"@type":"ListItem","position":1,"name":"Pagrindinis","item":"https:\/\/kidsplay.lt\/"},{"@type":"ListItem","position":2,"name":"Parduotuv\u0117","item":"https:\/\/kidsplay.lt\/parduotuve\/"},{"@type":"ListItem","position":3,"name":"\u201eWOOPIE\u201c magnetini\u0173 3D konstrukcini\u0173 kalad\u0117li\u0173 edukacinis rinkinys \u2013 pilis ir transporto priemon\u0117s (110 vnt.)"}]},{"@type":"WebSite","@id":"https:\/\/kidsplay.lt\/#website","url":"https:\/\/kidsplay.lt\/","name":"B\u0113rnu sp\u0113les.lv","description":"\u012evairios prek\u0117s vaikams","publisher":{"@id":"https:\/\/kidsplay.lt\/#organization"},"alternateName":"Kidsplay","potentialAction":[{"@type":"SearchAction","target":{"@type":"EntryPoint","urlTemplate":"https:\/\/kidsplay.lt\/?s={search_term_string}"},"query-input":{"@type":"PropertyValueSpecification","valueRequired":true,"valueName":"search_term_string"}}],"inLanguage":"lv-LV"},{"@type":"Organization","@id":"https:\/\/kidsplay.lt\/#organization","name":"B\u0113rnu sp\u0113le","url":"https:\/\/kidsplay.lt\/","logo":{"@type":"ImageObject","inLanguage":"lv-LV","@id":"https:\/\/kidsplay.lt\/#\/schema\/logo\/image\/","url":"https:\/\/kidsplay.lt\/wp-content\/uploads\/2023\/07\/kidsplay-logo.png","contentUrl":"https:\/\/kidsplay.lt\/wp-content\/uploads\/2023\/07\/kidsplay-logo.png","width":451,"height":98,"caption":"KidsPlay"},"image":{"@id":"https:\/\/kidsplay.lt\/#\/schema\/logo\/image\/"},"sameAs":["https:\/\/www.facebook.com\/www.kidsplay.lt"]}]}},"_links":{"self":[{"href":"https:\/\/kidsplay.lt\/lv\/wp-json\/wp\/v2\/product\/108658","targetHints":{"allow":["GET"]}}],"collection":[{"href":"https:\/\/kidsplay.lt\/lv\/wp-json\/wp\/v2\/product"}],"about":[{"href":"https:\/\/kidsplay.lt\/lv\/wp-json\/wp\/v2\/types\/product"}],"version-history":[{"count":1,"href":"https:\/\/kidsplay.lt\/lv\/wp-json\/wp\/v2\/product\/108658\/revisions"}],"predecessor-version":[{"id":108659,"href":"https:\/\/kidsplay.lt\/lv\/wp-json\/wp\/v2\/product\/108658\/revisions\/108659"}],"wp:featuredmedia":[{"embeddable":true,"href":"https:\/\/kidsplay.lt\/lv\/wp-json\/wp\/v2\/media\/108660"}],"wp:attachment":[{"href":"https:\/\/kidsplay.lt\/lv\/wp-json\/wp\/v2\/media?parent=108658"}],"wp:term":[{"taxonomy":"product_brand","embeddable":true,"href":"https:\/\/kidsplay.lt\/lv\/wp-json\/wp\/v2\/product_brand?post=108658"},{"taxonomy":"product_cat","embeddable":true,"href":"https:\/\/kidsplay.lt\/lv\/wp-json\/wp\/v2\/product_cat?post=108658"},{"taxonomy":"product_tag","embeddable":true,"href":"https:\/\/kidsplay.lt\/lv\/wp-json\/wp\/v2\/product_tag?post=108658"}],"curies":[{"name":"wp","href":"https:\/\/api.w.org\/{rel}","templated":true}]}}