{"id":108665,"date":"2026-04-24T08:04:24","date_gmt":"2026-04-24T05:04:24","guid":{"rendered":"https:\/\/kidsplay.lt\/produktas\/woopie-magnetiniu-3d-kubu-konstravimo-edukacinis-rinkinys-63-vnt\/"},"modified":"2026-04-24T08:04:38","modified_gmt":"2026-04-24T05:04:38","slug":"woopie-magnetiniu-3d-kubu-konstravimo-edukacinis-rinkinys-63-vnt","status":"publish","type":"product","link":"https:\/\/kidsplay.lt\/lv\/products\/woopie-magnetiniu-3d-kubu-konstravimo-edukacinis-rinkinys-63-vnt\/","title":{"rendered":"\u201eWOOPIE magn\u0113tiskais 3D kubu veido\u0161anas m\u0101c\u012bbu komplekts (63 gab.)"},"content":{"rendered":"<p>Atrask neribotos k\u016brybos pasaul\u012f su \u201eWoopie\u201c magnetini\u0173 kalad\u0117li\u0173 rinkiniu. Puikiai tinkan\u010diu tiek ma\u017eiems, tiek dideliems konstruktoriams, \u0161is inovatyvus rinkinys leid\u017eia kurti \u012fsp\u016bdingas konstrukcijas, transporto priemones ir fig\u016bras, tuo pa\u010diu lavinant vaizduot\u0119 ir smulki\u0105j\u0105 motorik\u0105.<br \/>\nFunkcijas:<\/p>\n<p> \t\u017daislas skirtas vaikams nuo 3 met\u0173<br \/>\n \tRinkin\u012f sudaro 62 detal\u0117s<br \/>\n \t\u012evairios formos: kvadratai, trikampiai, sta\u010diakampiai, taip pat elementai, leid\u017eiantys kurti apskritimus ir sud\u0117tingesnes konstrukcijas<br \/>\n \tNeribotos galimyb\u0117s statyti \u012fvairias strukt\u016bras<br \/>\n \tMagnetai lengvai traukia vienas kit\u0105, formuodami tvirtas konstrukcijas<br \/>\n \tLengvas surinkimas ir i\u0161ardymas<br \/>\n \tPatogi, tvirta d\u0117\u017eut\u0117 laikymui<\/p>","protected":false},"excerpt":{"rendered":"<p>Atrask neribotos k\u016brybos pasaul\u012f su \u201eWoopie\u201c magnetini\u0173 kalad\u0117li\u0173 rinkiniu. Puikiai tinkan\u010diu tiek ma\u017eiems, tiek dideliems konstruktoriams, \u0161is inovatyvus rinkinys leid\u017eia<\/p>","protected":false},"featured_media":108667,"template":"","meta":{"_acf_changed":false,"_glsr_average":0,"_glsr_ranking":0,"_glsr_reviews":0},"product_brand":[],"product_cat":[446,229],"product_tag":[],"class_list":{"0":"post-108665","1":"product","2":"type-product","3":"status-publish","4":"has-post-thumbnail","6":"product_cat-konstruktoriai","7":"product_cat-zaislai-vaikams","8":"\"style=\"background-color: #2ecc711c;\"","10":"first","11":"instock","12":"purchasable","13":"product-type-simple"},"acf":[],"yoast_head":"<!-- This site is optimized with the Yoast SEO plugin v27.4 - https:\/\/yoast.com\/product\/yoast-seo-wordpress\/ -->\n<title>\u201eWOOPIE\u201c magnetini\u0173 3D kub\u0173 konstravimo edukacinis rinkinys (63 vnt.)<\/title>\n<meta name=\"description\" content=\"\u201eWOOPIE\u201c magnetini\u0173 3D kub\u0173 konstravimo edukacinis rinkinys (63 vnt.) - KidsPlay. Did\u017eiausias vaik\u0173 \u017eaisl\u0173 pasirinkimas.\" \/>\n<meta name=\"robots\" content=\"index, follow, max-snippet:-1, max-image-preview:large, max-video-preview:-1\" \/>\n<link rel=\"canonical\" href=\"https:\/\/kidsplay.lt\/lv\/products\/woopie-magnetiniu-3d-kubu-konstravimo-edukacinis-rinkinys-63-vnt\/\" \/>\n<meta property=\"og:locale\" content=\"lv_LV\" \/>\n<meta property=\"og:type\" content=\"article\" \/>\n<meta property=\"og:title\" content=\"\u201eWOOPIE\u201c magnetini\u0173 3D kub\u0173 konstravimo edukacinis rinkinys (63 vnt.)\" \/>\n<meta property=\"og:description\" content=\"\u201eWOOPIE\u201c magnetini\u0173 3D kub\u0173 konstravimo edukacinis rinkinys (63 vnt.) - KidsPlay. Did\u017eiausias vaik\u0173 \u017eaisl\u0173 pasirinkimas.\" \/>\n<meta property=\"og:url\" content=\"https:\/\/kidsplay.lt\/lv\/products\/woopie-magnetiniu-3d-kubu-konstravimo-edukacinis-rinkinys-63-vnt\/\" \/>\n<meta property=\"og:site_name\" content=\"KidsPlay\" \/>\n<meta property=\"article:publisher\" content=\"https:\/\/www.facebook.com\/www.kidsplay.lt\" \/>\n<meta property=\"article:modified_time\" content=\"2026-04-24T05:04:38+00:00\" \/>\n<meta property=\"og:image\" content=\"https:\/\/kidsplay.lt\/wp-content\/uploads\/2026\/04\/\u201eWOOPIE-magnetiniu-3D-kubu-konstravimo-edukacinis-rinkinys-63-vnt.jpg\" \/>\n\t<meta property=\"og:image:width\" content=\"1000\" \/>\n\t<meta property=\"og:image:height\" content=\"1000\" \/>\n\t<meta property=\"og:image:type\" content=\"image\/jpeg\" \/>\n<meta name=\"twitter:card\" content=\"summary_large_image\" \/>\n<script type=\"application\/ld+json\" class=\"yoast-schema-graph\">{\"@context\":\"https:\\\/\\\/schema.org\",\"@graph\":[{\"@type\":\"WebPage\",\"@id\":\"https:\\\/\\\/kidsplay.lt\\\/produktas\\\/woopie-magnetiniu-3d-kubu-konstravimo-edukacinis-rinkinys-63-vnt\\\/\",\"url\":\"https:\\\/\\\/kidsplay.lt\\\/produktas\\\/woopie-magnetiniu-3d-kubu-konstravimo-edukacinis-rinkinys-63-vnt\\\/\",\"name\":\"\u201eWOOPIE\u201c magnetini\u0173 3D kub\u0173 konstravimo edukacinis rinkinys (63 vnt.)\",\"isPartOf\":{\"@id\":\"https:\\\/\\\/kidsplay.lt\\\/#website\"},\"primaryImageOfPage\":{\"@id\":\"https:\\\/\\\/kidsplay.lt\\\/produktas\\\/woopie-magnetiniu-3d-kubu-konstravimo-edukacinis-rinkinys-63-vnt\\\/#primaryimage\"},\"image\":{\"@id\":\"https:\\\/\\\/kidsplay.lt\\\/produktas\\\/woopie-magnetiniu-3d-kubu-konstravimo-edukacinis-rinkinys-63-vnt\\\/#primaryimage\"},\"thumbnailUrl\":\"https:\\\/\\\/kidsplay.lt\\\/wp-content\\\/uploads\\\/2026\\\/04\\\/\u201eWOOPIE-magnetiniu-3D-kubu-konstravimo-edukacinis-rinkinys-63-vnt.jpg\",\"datePublished\":\"2026-04-24T05:04:24+00:00\",\"dateModified\":\"2026-04-24T05:04:38+00:00\",\"description\":\"\u201eWOOPIE\u201c magnetini\u0173 3D kub\u0173 konstravimo edukacinis rinkinys (63 vnt.) - KidsPlay. Did\u017eiausias vaik\u0173 \u017eaisl\u0173 pasirinkimas.\",\"breadcrumb\":{\"@id\":\"https:\\\/\\\/kidsplay.lt\\\/produktas\\\/woopie-magnetiniu-3d-kubu-konstravimo-edukacinis-rinkinys-63-vnt\\\/#breadcrumb\"},\"inLanguage\":\"lv-LV\",\"potentialAction\":[{\"@type\":\"ReadAction\",\"target\":[\"https:\\\/\\\/kidsplay.lt\\\/produktas\\\/woopie-magnetiniu-3d-kubu-konstravimo-edukacinis-rinkinys-63-vnt\\\/\"]}]},{\"@type\":\"ImageObject\",\"inLanguage\":\"lv-LV\",\"@id\":\"https:\\\/\\\/kidsplay.lt\\\/produktas\\\/woopie-magnetiniu-3d-kubu-konstravimo-edukacinis-rinkinys-63-vnt\\\/#primaryimage\",\"url\":\"https:\\\/\\\/kidsplay.lt\\\/wp-content\\\/uploads\\\/2026\\\/04\\\/\u201eWOOPIE-magnetiniu-3D-kubu-konstravimo-edukacinis-rinkinys-63-vnt.jpg\",\"contentUrl\":\"https:\\\/\\\/kidsplay.lt\\\/wp-content\\\/uploads\\\/2026\\\/04\\\/\u201eWOOPIE-magnetiniu-3D-kubu-konstravimo-edukacinis-rinkinys-63-vnt.jpg\",\"width\":1000,\"height\":1000,\"caption\":\"\u201eWOOPIE\u201c magnetini\u0173 3D kub\u0173 konstravimo edukacinis rinkinys (63 vnt.)\"},{\"@type\":\"BreadcrumbList\",\"@id\":\"https:\\\/\\\/kidsplay.lt\\\/produktas\\\/woopie-magnetiniu-3d-kubu-konstravimo-edukacinis-rinkinys-63-vnt\\\/#breadcrumb\",\"itemListElement\":[{\"@type\":\"ListItem\",\"position\":1,\"name\":\"Pagrindinis\",\"item\":\"https:\\\/\\\/kidsplay.lt\\\/\"},{\"@type\":\"ListItem\",\"position\":2,\"name\":\"Parduotuv\u0117\",\"item\":\"https:\\\/\\\/kidsplay.lt\\\/parduotuve\\\/\"},{\"@type\":\"ListItem\",\"position\":3,\"name\":\"\u201eWOOPIE\u201c magnetini\u0173 3D kub\u0173 konstravimo edukacinis rinkinys (63 vnt.)\"}]},{\"@type\":\"WebSite\",\"@id\":\"https:\\\/\\\/kidsplay.lt\\\/#website\",\"url\":\"https:\\\/\\\/kidsplay.lt\\\/\",\"name\":\"Kidsplay.lt\",\"description\":\"\u012evairios prek\u0117s vaikams\",\"publisher\":{\"@id\":\"https:\\\/\\\/kidsplay.lt\\\/#organization\"},\"alternateName\":\"Kidsplay\",\"potentialAction\":[{\"@type\":\"SearchAction\",\"target\":{\"@type\":\"EntryPoint\",\"urlTemplate\":\"https:\\\/\\\/kidsplay.lt\\\/?s={search_term_string}\"},\"query-input\":{\"@type\":\"PropertyValueSpecification\",\"valueRequired\":true,\"valueName\":\"search_term_string\"}}],\"inLanguage\":\"lv-LV\"},{\"@type\":\"Organization\",\"@id\":\"https:\\\/\\\/kidsplay.lt\\\/#organization\",\"name\":\"KidsPlay\",\"url\":\"https:\\\/\\\/kidsplay.lt\\\/\",\"logo\":{\"@type\":\"ImageObject\",\"inLanguage\":\"lv-LV\",\"@id\":\"https:\\\/\\\/kidsplay.lt\\\/#\\\/schema\\\/logo\\\/image\\\/\",\"url\":\"https:\\\/\\\/kidsplay.lt\\\/wp-content\\\/uploads\\\/2023\\\/07\\\/kidsplay-logo.png\",\"contentUrl\":\"https:\\\/\\\/kidsplay.lt\\\/wp-content\\\/uploads\\\/2023\\\/07\\\/kidsplay-logo.png\",\"width\":451,\"height\":98,\"caption\":\"KidsPlay\"},\"image\":{\"@id\":\"https:\\\/\\\/kidsplay.lt\\\/#\\\/schema\\\/logo\\\/image\\\/\"},\"sameAs\":[\"https:\\\/\\\/www.facebook.com\\\/www.kidsplay.lt\"]}]}<\/script>\n<!-- \/ Yoast SEO plugin. -->","yoast_head_json":{"title":"\u201eWOOPIE magn\u0113tiskais 3D kubu veido\u0161anas m\u0101c\u012bbu komplekts (63 gab.)","description":"\u201eWOOPIE\u201c magnetini\u0173 3D kub\u0173 konstravimo edukacinis rinkinys (63 vnt.) - KidsPlay. Did\u017eiausias vaik\u0173 \u017eaisl\u0173 pasirinkimas.","robots":{"index":"index","follow":"follow","max-snippet":"max-snippet:-1","max-image-preview":"max-image-preview:large","max-video-preview":"max-video-preview:-1"},"canonical":"https:\/\/kidsplay.lt\/lv\/products\/woopie-magnetiniu-3d-kubu-konstravimo-edukacinis-rinkinys-63-vnt\/","og_locale":"lv_LV","og_type":"article","og_title":"\u201eWOOPIE\u201c magnetini\u0173 3D kub\u0173 konstravimo edukacinis rinkinys (63 vnt.)","og_description":"\u201eWOOPIE\u201c magnetini\u0173 3D kub\u0173 konstravimo edukacinis rinkinys (63 vnt.) - KidsPlay. Did\u017eiausias vaik\u0173 \u017eaisl\u0173 pasirinkimas.","og_url":"https:\/\/kidsplay.lt\/lv\/products\/woopie-magnetiniu-3d-kubu-konstravimo-edukacinis-rinkinys-63-vnt\/","og_site_name":"KidsPlay","article_publisher":"https:\/\/www.facebook.com\/www.kidsplay.lt","article_modified_time":"2026-04-24T05:04:38+00:00","og_image":[{"width":1000,"height":1000,"url":"https:\/\/kidsplay.lt\/wp-content\/uploads\/2026\/04\/\u201eWOOPIE-magnetiniu-3D-kubu-konstravimo-edukacinis-rinkinys-63-vnt.jpg","type":"image\/jpeg"}],"twitter_card":"summary_large_image","schema":{"@context":"https:\/\/schema.org","@graph":[{"@type":"WebPage","@id":"https:\/\/kidsplay.lt\/produktas\/woopie-magnetiniu-3d-kubu-konstravimo-edukacinis-rinkinys-63-vnt\/","url":"https:\/\/kidsplay.lt\/produktas\/woopie-magnetiniu-3d-kubu-konstravimo-edukacinis-rinkinys-63-vnt\/","name":"\u201eWOOPIE magn\u0113tiskais 3D kubu veido\u0161anas m\u0101c\u012bbu komplekts (63 gab.)","isPartOf":{"@id":"https:\/\/kidsplay.lt\/#website"},"primaryImageOfPage":{"@id":"https:\/\/kidsplay.lt\/produktas\/woopie-magnetiniu-3d-kubu-konstravimo-edukacinis-rinkinys-63-vnt\/#primaryimage"},"image":{"@id":"https:\/\/kidsplay.lt\/produktas\/woopie-magnetiniu-3d-kubu-konstravimo-edukacinis-rinkinys-63-vnt\/#primaryimage"},"thumbnailUrl":"https:\/\/kidsplay.lt\/wp-content\/uploads\/2026\/04\/\u201eWOOPIE-magnetiniu-3D-kubu-konstravimo-edukacinis-rinkinys-63-vnt.jpg","datePublished":"2026-04-24T05:04:24+00:00","dateModified":"2026-04-24T05:04:38+00:00","description":"\u201eWOOPIE\u201c magnetini\u0173 3D kub\u0173 konstravimo edukacinis rinkinys (63 vnt.) - KidsPlay. Did\u017eiausias vaik\u0173 \u017eaisl\u0173 pasirinkimas.","breadcrumb":{"@id":"https:\/\/kidsplay.lt\/produktas\/woopie-magnetiniu-3d-kubu-konstravimo-edukacinis-rinkinys-63-vnt\/#breadcrumb"},"inLanguage":"lv-LV","potentialAction":[{"@type":"ReadAction","target":["https:\/\/kidsplay.lt\/produktas\/woopie-magnetiniu-3d-kubu-konstravimo-edukacinis-rinkinys-63-vnt\/"]}]},{"@type":"ImageObject","inLanguage":"lv-LV","@id":"https:\/\/kidsplay.lt\/produktas\/woopie-magnetiniu-3d-kubu-konstravimo-edukacinis-rinkinys-63-vnt\/#primaryimage","url":"https:\/\/kidsplay.lt\/wp-content\/uploads\/2026\/04\/\u201eWOOPIE-magnetiniu-3D-kubu-konstravimo-edukacinis-rinkinys-63-vnt.jpg","contentUrl":"https:\/\/kidsplay.lt\/wp-content\/uploads\/2026\/04\/\u201eWOOPIE-magnetiniu-3D-kubu-konstravimo-edukacinis-rinkinys-63-vnt.jpg","width":1000,"height":1000,"caption":"\u201eWOOPIE\u201c magnetini\u0173 3D kub\u0173 konstravimo edukacinis rinkinys (63 vnt.)"},{"@type":"BreadcrumbList","@id":"https:\/\/kidsplay.lt\/produktas\/woopie-magnetiniu-3d-kubu-konstravimo-edukacinis-rinkinys-63-vnt\/#breadcrumb","itemListElement":[{"@type":"ListItem","position":1,"name":"Pagrindinis","item":"https:\/\/kidsplay.lt\/"},{"@type":"ListItem","position":2,"name":"Parduotuv\u0117","item":"https:\/\/kidsplay.lt\/parduotuve\/"},{"@type":"ListItem","position":3,"name":"\u201eWOOPIE\u201c magnetini\u0173 3D kub\u0173 konstravimo edukacinis rinkinys (63 vnt.)"}]},{"@type":"WebSite","@id":"https:\/\/kidsplay.lt\/#website","url":"https:\/\/kidsplay.lt\/","name":"B\u0113rnu sp\u0113les.lv","description":"\u012evairios prek\u0117s vaikams","publisher":{"@id":"https:\/\/kidsplay.lt\/#organization"},"alternateName":"Kidsplay","potentialAction":[{"@type":"SearchAction","target":{"@type":"EntryPoint","urlTemplate":"https:\/\/kidsplay.lt\/?s={search_term_string}"},"query-input":{"@type":"PropertyValueSpecification","valueRequired":true,"valueName":"search_term_string"}}],"inLanguage":"lv-LV"},{"@type":"Organization","@id":"https:\/\/kidsplay.lt\/#organization","name":"B\u0113rnu sp\u0113le","url":"https:\/\/kidsplay.lt\/","logo":{"@type":"ImageObject","inLanguage":"lv-LV","@id":"https:\/\/kidsplay.lt\/#\/schema\/logo\/image\/","url":"https:\/\/kidsplay.lt\/wp-content\/uploads\/2023\/07\/kidsplay-logo.png","contentUrl":"https:\/\/kidsplay.lt\/wp-content\/uploads\/2023\/07\/kidsplay-logo.png","width":451,"height":98,"caption":"KidsPlay"},"image":{"@id":"https:\/\/kidsplay.lt\/#\/schema\/logo\/image\/"},"sameAs":["https:\/\/www.facebook.com\/www.kidsplay.lt"]}]}},"_links":{"self":[{"href":"https:\/\/kidsplay.lt\/lv\/wp-json\/wp\/v2\/product\/108665","targetHints":{"allow":["GET"]}}],"collection":[{"href":"https:\/\/kidsplay.lt\/lv\/wp-json\/wp\/v2\/product"}],"about":[{"href":"https:\/\/kidsplay.lt\/lv\/wp-json\/wp\/v2\/types\/product"}],"version-history":[{"count":1,"href":"https:\/\/kidsplay.lt\/lv\/wp-json\/wp\/v2\/product\/108665\/revisions"}],"predecessor-version":[{"id":108666,"href":"https:\/\/kidsplay.lt\/lv\/wp-json\/wp\/v2\/product\/108665\/revisions\/108666"}],"wp:featuredmedia":[{"embeddable":true,"href":"https:\/\/kidsplay.lt\/lv\/wp-json\/wp\/v2\/media\/108667"}],"wp:attachment":[{"href":"https:\/\/kidsplay.lt\/lv\/wp-json\/wp\/v2\/media?parent=108665"}],"wp:term":[{"taxonomy":"product_brand","embeddable":true,"href":"https:\/\/kidsplay.lt\/lv\/wp-json\/wp\/v2\/product_brand?post=108665"},{"taxonomy":"product_cat","embeddable":true,"href":"https:\/\/kidsplay.lt\/lv\/wp-json\/wp\/v2\/product_cat?post=108665"},{"taxonomy":"product_tag","embeddable":true,"href":"https:\/\/kidsplay.lt\/lv\/wp-json\/wp\/v2\/product_tag?post=108665"}],"curies":[{"name":"wp","href":"https:\/\/api.w.org\/{rel}","templated":true}]}}