{"id":108672,"date":"2026-04-24T08:04:41","date_gmt":"2026-04-24T05:04:41","guid":{"rendered":"https:\/\/kidsplay.lt\/produktas\/woopie-magnetiniu-3d-konstravimo-kaladeliu-edukacinis-rinkinys-kamuoliuku-trasa-42-vnt\/"},"modified":"2026-04-24T08:04:54","modified_gmt":"2026-04-24T05:04:54","slug":"woopie-magnetiniu-3d-konstravimo-kaladeliu-edukacinis-rinkinys-kamuoliuku-trasa-42-vnt","status":"publish","type":"product","link":"https:\/\/kidsplay.lt\/lv\/products\/woopie-magnetiniu-3d-konstravimo-kaladeliu-edukacinis-rinkinys-kamuoliuku-trasa-42-vnt\/","title":{"rendered":"\u201eWOOPIE magn\u0113tisko 3D kluc\u012b\u0161u m\u0101c\u012bbu komplekts \u2013 bumbu trase (42 gab.)"},"content":{"rendered":"<p>\u012e\u017eenk \u012f inovatyvaus \u017eaidimo ir neribot\u0173 galimybi\u0173 pasaul\u012f su \u201eWOOPIE\u201c magnetini\u0173 3D konstrukcini\u0173 kalad\u0117li\u0173 rinkiniu, kuriame kuriama \u012ftraukianti kamuoliuk\u0173 trasa! \u0160is unikalus 42 dali\u0173 rinkinys leid\u017eia vaikams savaranki\u0161kai projektuoti ir statyti erdvines konstrukcijas, kuriomis ried\u0117s spalvoti kamuoliukai. Skaidrios magnetin\u0117s plok\u0161tel\u0117s ir ry\u0161kiaspalviai trasos elementai skatina eksperimentuoti su fizikos d\u0117sniais, tuo pa\u010diu lavindami k\u016brybi\u0161kum\u0105, login\u012f m\u0105stym\u0105 ir smulki\u0105j\u0105 motorik\u0105. Tai puiki dovana ma\u017eiesiems in\u017einieriams ir k\u016br\u0117jams, m\u0117gstantiems i\u0161\u0161\u016bkius bei dinami\u0161k\u0105 \u017eaidim\u0105!<br \/>\nFunkcijas:<\/p>\n<p> \t\u017daislas nuo 3 met\u0173<br \/>\n \tPatvarus plastikas su integruotais magnetais<br \/>\n \t3D magnetin\u0117s konstrukcin\u0117s kalad\u0117l\u0117s su kamuoliuk\u0173 trasa<br \/>\n \tSkaidrios trasos detal\u0117s, stipr\u016bs magnetai, galimyb\u0117 kurti \u012fvairias stabilias konstrukcijas<br \/>\n \tPiem\u0113rots gan z\u0113niem, gan meiten\u0113m<br \/>\n \tRinkin\u012f sudaro 42 elementai<\/p>\n<p>Komplekt\u0101 ietilpst:<\/p>\n<p> \tKvadratin\u0117s magnetin\u0117s plok\u0161tel\u0117s (10 vnt.)<br \/>\n \tDidel\u0117s kvadratin\u0117s magnetin\u0117s plok\u0161tel\u0117s (4 vnt.)<br \/>\n \tTrikamp\u0117s magnetin\u0117s plok\u0161tel\u0117s (2 vnt.)<br \/>\n \tKamuoliuk\u0173 trasos elementai: tiesios latako\/slid\u0117s dalys (2 vnt.)<br \/>\n \tLenkti latakai\/slid\u0117s (4 vnt.)<br \/>\n \tVamzdeliai\/tuneliai (4 vnt.)<br \/>\n \tE formos elementai (2 vnt.)<br \/>\n \tDekoratyviniai \/ architekt\u016briniai elementai (8 vnt.)<br \/>\n \tU formos elementai (2 vnt.)<br \/>\n \tKamuoliukai (4 vnt.)<br \/>\n \tLipdukai (1 lapas)<br \/>\n \tNaudojimo instrukcija (1 vnt.)<\/p>","protected":false},"excerpt":{"rendered":"<p>\u012e\u017eenk \u012f inovatyvaus \u017eaidimo ir neribot\u0173 galimybi\u0173 pasaul\u012f su \u201eWOOPIE\u201c magnetini\u0173 3D konstrukcini\u0173 kalad\u0117li\u0173 rinkiniu, kuriame kuriama \u012ftraukianti kamuoliuk\u0173 trasa!<\/p>","protected":false},"featured_media":108674,"template":"","meta":{"_acf_changed":false,"_glsr_average":0,"_glsr_ranking":0,"_glsr_reviews":0},"product_brand":[],"product_cat":[446,229],"product_tag":[],"class_list":{"0":"post-108672","1":"product","2":"type-product","3":"status-publish","4":"has-post-thumbnail","6":"product_cat-konstruktoriai","7":"product_cat-zaislai-vaikams","8":"\"style=\"background-color: #2ecc711c;\"","10":"first","11":"instock","12":"purchasable","13":"product-type-simple"},"acf":[],"yoast_head":"<!-- This site is optimized with the Yoast SEO plugin v27.4 - https:\/\/yoast.com\/product\/yoast-seo-wordpress\/ -->\n<title>\u201eWOOPIE\u201c magnetini\u0173 3D konstravimo kalad\u0117li\u0173 edukacinis rinkinys \u2013 kamuoliuk\u0173 trasa (42 vnt.)<\/title>\n<meta name=\"description\" content=\"\u201eWOOPIE\u201c magnetini\u0173 3D konstravimo kalad\u0117li\u0173 edukacinis rinkinys \u2013 kamuoliuk\u0173 trasa (42 vnt.) - KidsPlay. Did\u017eiausias vaik\u0173 \u017eaisl\u0173 pasirinkimas.\" \/>\n<meta name=\"robots\" content=\"index, follow, max-snippet:-1, max-image-preview:large, max-video-preview:-1\" \/>\n<link rel=\"canonical\" href=\"https:\/\/kidsplay.lt\/lv\/products\/woopie-magnetiniu-3d-konstravimo-kaladeliu-edukacinis-rinkinys-kamuoliuku-trasa-42-vnt\/\" \/>\n<meta property=\"og:locale\" content=\"lv_LV\" \/>\n<meta property=\"og:type\" content=\"article\" \/>\n<meta property=\"og:title\" content=\"\u201eWOOPIE\u201c magnetini\u0173 3D konstravimo kalad\u0117li\u0173 edukacinis rinkinys \u2013 kamuoliuk\u0173 trasa (42 vnt.)\" \/>\n<meta property=\"og:description\" content=\"\u201eWOOPIE\u201c magnetini\u0173 3D konstravimo kalad\u0117li\u0173 edukacinis rinkinys \u2013 kamuoliuk\u0173 trasa (42 vnt.) - KidsPlay. Did\u017eiausias vaik\u0173 \u017eaisl\u0173 pasirinkimas.\" \/>\n<meta property=\"og:url\" content=\"https:\/\/kidsplay.lt\/lv\/products\/woopie-magnetiniu-3d-konstravimo-kaladeliu-edukacinis-rinkinys-kamuoliuku-trasa-42-vnt\/\" \/>\n<meta property=\"og:site_name\" content=\"KidsPlay\" \/>\n<meta property=\"article:publisher\" content=\"https:\/\/www.facebook.com\/www.kidsplay.lt\" \/>\n<meta property=\"article:modified_time\" content=\"2026-04-24T05:04:54+00:00\" \/>\n<meta property=\"og:image\" content=\"https:\/\/kidsplay.lt\/wp-content\/uploads\/2026\/04\/\u201eWOOPIE-magnetiniu-3D-konstravimo-kaladeliu-edukacinis-rinkinys-\u2013-kamuoliuku-trasa-42-vnt.jpg\" \/>\n\t<meta property=\"og:image:width\" content=\"1000\" \/>\n\t<meta property=\"og:image:height\" content=\"1000\" \/>\n\t<meta property=\"og:image:type\" content=\"image\/jpeg\" \/>\n<meta name=\"twitter:card\" content=\"summary_large_image\" \/>\n<meta name=\"twitter:label1\" content=\"Est. reading time\" \/>\n\t<meta name=\"twitter:data1\" content=\"1 min\u016bte\" \/>\n<script type=\"application\/ld+json\" class=\"yoast-schema-graph\">{\"@context\":\"https:\\\/\\\/schema.org\",\"@graph\":[{\"@type\":\"WebPage\",\"@id\":\"https:\\\/\\\/kidsplay.lt\\\/produktas\\\/woopie-magnetiniu-3d-konstravimo-kaladeliu-edukacinis-rinkinys-kamuoliuku-trasa-42-vnt\\\/\",\"url\":\"https:\\\/\\\/kidsplay.lt\\\/produktas\\\/woopie-magnetiniu-3d-konstravimo-kaladeliu-edukacinis-rinkinys-kamuoliuku-trasa-42-vnt\\\/\",\"name\":\"\u201eWOOPIE\u201c magnetini\u0173 3D konstravimo kalad\u0117li\u0173 edukacinis rinkinys \u2013 kamuoliuk\u0173 trasa (42 vnt.)\",\"isPartOf\":{\"@id\":\"https:\\\/\\\/kidsplay.lt\\\/#website\"},\"primaryImageOfPage\":{\"@id\":\"https:\\\/\\\/kidsplay.lt\\\/produktas\\\/woopie-magnetiniu-3d-konstravimo-kaladeliu-edukacinis-rinkinys-kamuoliuku-trasa-42-vnt\\\/#primaryimage\"},\"image\":{\"@id\":\"https:\\\/\\\/kidsplay.lt\\\/produktas\\\/woopie-magnetiniu-3d-konstravimo-kaladeliu-edukacinis-rinkinys-kamuoliuku-trasa-42-vnt\\\/#primaryimage\"},\"thumbnailUrl\":\"https:\\\/\\\/kidsplay.lt\\\/wp-content\\\/uploads\\\/2026\\\/04\\\/\u201eWOOPIE-magnetiniu-3D-konstravimo-kaladeliu-edukacinis-rinkinys-\u2013-kamuoliuku-trasa-42-vnt.jpg\",\"datePublished\":\"2026-04-24T05:04:41+00:00\",\"dateModified\":\"2026-04-24T05:04:54+00:00\",\"description\":\"\u201eWOOPIE\u201c magnetini\u0173 3D konstravimo kalad\u0117li\u0173 edukacinis rinkinys \u2013 kamuoliuk\u0173 trasa (42 vnt.) - KidsPlay. Did\u017eiausias vaik\u0173 \u017eaisl\u0173 pasirinkimas.\",\"breadcrumb\":{\"@id\":\"https:\\\/\\\/kidsplay.lt\\\/produktas\\\/woopie-magnetiniu-3d-konstravimo-kaladeliu-edukacinis-rinkinys-kamuoliuku-trasa-42-vnt\\\/#breadcrumb\"},\"inLanguage\":\"lv-LV\",\"potentialAction\":[{\"@type\":\"ReadAction\",\"target\":[\"https:\\\/\\\/kidsplay.lt\\\/produktas\\\/woopie-magnetiniu-3d-konstravimo-kaladeliu-edukacinis-rinkinys-kamuoliuku-trasa-42-vnt\\\/\"]}]},{\"@type\":\"ImageObject\",\"inLanguage\":\"lv-LV\",\"@id\":\"https:\\\/\\\/kidsplay.lt\\\/produktas\\\/woopie-magnetiniu-3d-konstravimo-kaladeliu-edukacinis-rinkinys-kamuoliuku-trasa-42-vnt\\\/#primaryimage\",\"url\":\"https:\\\/\\\/kidsplay.lt\\\/wp-content\\\/uploads\\\/2026\\\/04\\\/\u201eWOOPIE-magnetiniu-3D-konstravimo-kaladeliu-edukacinis-rinkinys-\u2013-kamuoliuku-trasa-42-vnt.jpg\",\"contentUrl\":\"https:\\\/\\\/kidsplay.lt\\\/wp-content\\\/uploads\\\/2026\\\/04\\\/\u201eWOOPIE-magnetiniu-3D-konstravimo-kaladeliu-edukacinis-rinkinys-\u2013-kamuoliuku-trasa-42-vnt.jpg\",\"width\":1000,\"height\":1000,\"caption\":\"\u201eWOOPIE\u201c magnetini\u0173 3D konstravimo kalad\u0117li\u0173 edukacinis rinkinys \u2013 kamuoliuk\u0173 trasa (42 vnt.)\"},{\"@type\":\"BreadcrumbList\",\"@id\":\"https:\\\/\\\/kidsplay.lt\\\/produktas\\\/woopie-magnetiniu-3d-konstravimo-kaladeliu-edukacinis-rinkinys-kamuoliuku-trasa-42-vnt\\\/#breadcrumb\",\"itemListElement\":[{\"@type\":\"ListItem\",\"position\":1,\"name\":\"Pagrindinis\",\"item\":\"https:\\\/\\\/kidsplay.lt\\\/\"},{\"@type\":\"ListItem\",\"position\":2,\"name\":\"Parduotuv\u0117\",\"item\":\"https:\\\/\\\/kidsplay.lt\\\/parduotuve\\\/\"},{\"@type\":\"ListItem\",\"position\":3,\"name\":\"\u201eWOOPIE\u201c magnetini\u0173 3D konstravimo kalad\u0117li\u0173 edukacinis rinkinys \u2013 kamuoliuk\u0173 trasa (42 vnt.)\"}]},{\"@type\":\"WebSite\",\"@id\":\"https:\\\/\\\/kidsplay.lt\\\/#website\",\"url\":\"https:\\\/\\\/kidsplay.lt\\\/\",\"name\":\"Kidsplay.lt\",\"description\":\"\u012evairios prek\u0117s vaikams\",\"publisher\":{\"@id\":\"https:\\\/\\\/kidsplay.lt\\\/#organization\"},\"alternateName\":\"Kidsplay\",\"potentialAction\":[{\"@type\":\"SearchAction\",\"target\":{\"@type\":\"EntryPoint\",\"urlTemplate\":\"https:\\\/\\\/kidsplay.lt\\\/?s={search_term_string}\"},\"query-input\":{\"@type\":\"PropertyValueSpecification\",\"valueRequired\":true,\"valueName\":\"search_term_string\"}}],\"inLanguage\":\"lv-LV\"},{\"@type\":\"Organization\",\"@id\":\"https:\\\/\\\/kidsplay.lt\\\/#organization\",\"name\":\"KidsPlay\",\"url\":\"https:\\\/\\\/kidsplay.lt\\\/\",\"logo\":{\"@type\":\"ImageObject\",\"inLanguage\":\"lv-LV\",\"@id\":\"https:\\\/\\\/kidsplay.lt\\\/#\\\/schema\\\/logo\\\/image\\\/\",\"url\":\"https:\\\/\\\/kidsplay.lt\\\/wp-content\\\/uploads\\\/2023\\\/07\\\/kidsplay-logo.png\",\"contentUrl\":\"https:\\\/\\\/kidsplay.lt\\\/wp-content\\\/uploads\\\/2023\\\/07\\\/kidsplay-logo.png\",\"width\":451,\"height\":98,\"caption\":\"KidsPlay\"},\"image\":{\"@id\":\"https:\\\/\\\/kidsplay.lt\\\/#\\\/schema\\\/logo\\\/image\\\/\"},\"sameAs\":[\"https:\\\/\\\/www.facebook.com\\\/www.kidsplay.lt\"]}]}<\/script>\n<!-- \/ Yoast SEO plugin. -->","yoast_head_json":{"title":"\u201eWOOPIE magn\u0113tisko 3D kluc\u012b\u0161u m\u0101c\u012bbu komplekts \u2013 bumbu trase (42 gab.)","description":"\u201eWOOPIE\u201c magnetini\u0173 3D konstravimo kalad\u0117li\u0173 edukacinis rinkinys \u2013 kamuoliuk\u0173 trasa (42 vnt.) - KidsPlay. Did\u017eiausias vaik\u0173 \u017eaisl\u0173 pasirinkimas.","robots":{"index":"index","follow":"follow","max-snippet":"max-snippet:-1","max-image-preview":"max-image-preview:large","max-video-preview":"max-video-preview:-1"},"canonical":"https:\/\/kidsplay.lt\/lv\/products\/woopie-magnetiniu-3d-konstravimo-kaladeliu-edukacinis-rinkinys-kamuoliuku-trasa-42-vnt\/","og_locale":"lv_LV","og_type":"article","og_title":"\u201eWOOPIE\u201c magnetini\u0173 3D konstravimo kalad\u0117li\u0173 edukacinis rinkinys \u2013 kamuoliuk\u0173 trasa (42 vnt.)","og_description":"\u201eWOOPIE\u201c magnetini\u0173 3D konstravimo kalad\u0117li\u0173 edukacinis rinkinys \u2013 kamuoliuk\u0173 trasa (42 vnt.) - KidsPlay. Did\u017eiausias vaik\u0173 \u017eaisl\u0173 pasirinkimas.","og_url":"https:\/\/kidsplay.lt\/lv\/products\/woopie-magnetiniu-3d-konstravimo-kaladeliu-edukacinis-rinkinys-kamuoliuku-trasa-42-vnt\/","og_site_name":"KidsPlay","article_publisher":"https:\/\/www.facebook.com\/www.kidsplay.lt","article_modified_time":"2026-04-24T05:04:54+00:00","og_image":[{"width":1000,"height":1000,"url":"https:\/\/kidsplay.lt\/wp-content\/uploads\/2026\/04\/\u201eWOOPIE-magnetiniu-3D-konstravimo-kaladeliu-edukacinis-rinkinys-\u2013-kamuoliuku-trasa-42-vnt.jpg","type":"image\/jpeg"}],"twitter_card":"summary_large_image","twitter_misc":{"Est. reading time":"1 min\u016bte"},"schema":{"@context":"https:\/\/schema.org","@graph":[{"@type":"WebPage","@id":"https:\/\/kidsplay.lt\/produktas\/woopie-magnetiniu-3d-konstravimo-kaladeliu-edukacinis-rinkinys-kamuoliuku-trasa-42-vnt\/","url":"https:\/\/kidsplay.lt\/produktas\/woopie-magnetiniu-3d-konstravimo-kaladeliu-edukacinis-rinkinys-kamuoliuku-trasa-42-vnt\/","name":"\u201eWOOPIE magn\u0113tisko 3D kluc\u012b\u0161u m\u0101c\u012bbu komplekts \u2013 bumbu trase (42 gab.)","isPartOf":{"@id":"https:\/\/kidsplay.lt\/#website"},"primaryImageOfPage":{"@id":"https:\/\/kidsplay.lt\/produktas\/woopie-magnetiniu-3d-konstravimo-kaladeliu-edukacinis-rinkinys-kamuoliuku-trasa-42-vnt\/#primaryimage"},"image":{"@id":"https:\/\/kidsplay.lt\/produktas\/woopie-magnetiniu-3d-konstravimo-kaladeliu-edukacinis-rinkinys-kamuoliuku-trasa-42-vnt\/#primaryimage"},"thumbnailUrl":"https:\/\/kidsplay.lt\/wp-content\/uploads\/2026\/04\/\u201eWOOPIE-magnetiniu-3D-konstravimo-kaladeliu-edukacinis-rinkinys-\u2013-kamuoliuku-trasa-42-vnt.jpg","datePublished":"2026-04-24T05:04:41+00:00","dateModified":"2026-04-24T05:04:54+00:00","description":"\u201eWOOPIE\u201c magnetini\u0173 3D konstravimo kalad\u0117li\u0173 edukacinis rinkinys \u2013 kamuoliuk\u0173 trasa (42 vnt.) - KidsPlay. Did\u017eiausias vaik\u0173 \u017eaisl\u0173 pasirinkimas.","breadcrumb":{"@id":"https:\/\/kidsplay.lt\/produktas\/woopie-magnetiniu-3d-konstravimo-kaladeliu-edukacinis-rinkinys-kamuoliuku-trasa-42-vnt\/#breadcrumb"},"inLanguage":"lv-LV","potentialAction":[{"@type":"ReadAction","target":["https:\/\/kidsplay.lt\/produktas\/woopie-magnetiniu-3d-konstravimo-kaladeliu-edukacinis-rinkinys-kamuoliuku-trasa-42-vnt\/"]}]},{"@type":"ImageObject","inLanguage":"lv-LV","@id":"https:\/\/kidsplay.lt\/produktas\/woopie-magnetiniu-3d-konstravimo-kaladeliu-edukacinis-rinkinys-kamuoliuku-trasa-42-vnt\/#primaryimage","url":"https:\/\/kidsplay.lt\/wp-content\/uploads\/2026\/04\/\u201eWOOPIE-magnetiniu-3D-konstravimo-kaladeliu-edukacinis-rinkinys-\u2013-kamuoliuku-trasa-42-vnt.jpg","contentUrl":"https:\/\/kidsplay.lt\/wp-content\/uploads\/2026\/04\/\u201eWOOPIE-magnetiniu-3D-konstravimo-kaladeliu-edukacinis-rinkinys-\u2013-kamuoliuku-trasa-42-vnt.jpg","width":1000,"height":1000,"caption":"\u201eWOOPIE\u201c magnetini\u0173 3D konstravimo kalad\u0117li\u0173 edukacinis rinkinys \u2013 kamuoliuk\u0173 trasa (42 vnt.)"},{"@type":"BreadcrumbList","@id":"https:\/\/kidsplay.lt\/produktas\/woopie-magnetiniu-3d-konstravimo-kaladeliu-edukacinis-rinkinys-kamuoliuku-trasa-42-vnt\/#breadcrumb","itemListElement":[{"@type":"ListItem","position":1,"name":"Pagrindinis","item":"https:\/\/kidsplay.lt\/"},{"@type":"ListItem","position":2,"name":"Parduotuv\u0117","item":"https:\/\/kidsplay.lt\/parduotuve\/"},{"@type":"ListItem","position":3,"name":"\u201eWOOPIE\u201c magnetini\u0173 3D konstravimo kalad\u0117li\u0173 edukacinis rinkinys \u2013 kamuoliuk\u0173 trasa (42 vnt.)"}]},{"@type":"WebSite","@id":"https:\/\/kidsplay.lt\/#website","url":"https:\/\/kidsplay.lt\/","name":"B\u0113rnu sp\u0113les.lv","description":"\u012evairios prek\u0117s vaikams","publisher":{"@id":"https:\/\/kidsplay.lt\/#organization"},"alternateName":"Kidsplay","potentialAction":[{"@type":"SearchAction","target":{"@type":"EntryPoint","urlTemplate":"https:\/\/kidsplay.lt\/?s={search_term_string}"},"query-input":{"@type":"PropertyValueSpecification","valueRequired":true,"valueName":"search_term_string"}}],"inLanguage":"lv-LV"},{"@type":"Organization","@id":"https:\/\/kidsplay.lt\/#organization","name":"B\u0113rnu sp\u0113le","url":"https:\/\/kidsplay.lt\/","logo":{"@type":"ImageObject","inLanguage":"lv-LV","@id":"https:\/\/kidsplay.lt\/#\/schema\/logo\/image\/","url":"https:\/\/kidsplay.lt\/wp-content\/uploads\/2023\/07\/kidsplay-logo.png","contentUrl":"https:\/\/kidsplay.lt\/wp-content\/uploads\/2023\/07\/kidsplay-logo.png","width":451,"height":98,"caption":"KidsPlay"},"image":{"@id":"https:\/\/kidsplay.lt\/#\/schema\/logo\/image\/"},"sameAs":["https:\/\/www.facebook.com\/www.kidsplay.lt"]}]}},"_links":{"self":[{"href":"https:\/\/kidsplay.lt\/lv\/wp-json\/wp\/v2\/product\/108672","targetHints":{"allow":["GET"]}}],"collection":[{"href":"https:\/\/kidsplay.lt\/lv\/wp-json\/wp\/v2\/product"}],"about":[{"href":"https:\/\/kidsplay.lt\/lv\/wp-json\/wp\/v2\/types\/product"}],"version-history":[{"count":1,"href":"https:\/\/kidsplay.lt\/lv\/wp-json\/wp\/v2\/product\/108672\/revisions"}],"predecessor-version":[{"id":108673,"href":"https:\/\/kidsplay.lt\/lv\/wp-json\/wp\/v2\/product\/108672\/revisions\/108673"}],"wp:featuredmedia":[{"embeddable":true,"href":"https:\/\/kidsplay.lt\/lv\/wp-json\/wp\/v2\/media\/108674"}],"wp:attachment":[{"href":"https:\/\/kidsplay.lt\/lv\/wp-json\/wp\/v2\/media?parent=108672"}],"wp:term":[{"taxonomy":"product_brand","embeddable":true,"href":"https:\/\/kidsplay.lt\/lv\/wp-json\/wp\/v2\/product_brand?post=108672"},{"taxonomy":"product_cat","embeddable":true,"href":"https:\/\/kidsplay.lt\/lv\/wp-json\/wp\/v2\/product_cat?post=108672"},{"taxonomy":"product_tag","embeddable":true,"href":"https:\/\/kidsplay.lt\/lv\/wp-json\/wp\/v2\/product_tag?post=108672"}],"curies":[{"name":"wp","href":"https:\/\/api.w.org\/{rel}","templated":true}]}}