{"id":108679,"date":"2026-04-24T08:04:57","date_gmt":"2026-04-24T05:04:57","guid":{"rendered":"https:\/\/kidsplay.lt\/produktas\/woopie-magnetiniu-3d-kaladeliu-rinkinys-pilis-ir-transporto-priemones-71-vnt\/"},"modified":"2026-04-24T08:05:09","modified_gmt":"2026-04-24T05:05:09","slug":"woopie-magnetiniu-3d-kaladeliu-rinkinys-pilis-ir-transporto-priemones-71-vnt","status":"publish","type":"product","link":"https:\/\/kidsplay.lt\/lv\/products\/woopie-magnetiniu-3d-kaladeliu-rinkinys-pilis-ir-transporto-priemones-71-vnt\/","title":{"rendered":"\u201eWOOPIE magn\u0113tiskais 3D kluc\u012b\u0161u komplekts \u2013 pils un transportl\u012bdzek\u013ci (71 gab.)"},"content":{"rendered":"<p>Atrask berib\u0117s k\u016brybos pasaul\u012f su \u201eWOOPIE\u201c magnetini\u0173 3D kalad\u0117li\u0173 rinkiniu! \u0160is inovatyvus 71 detal\u0117s rinkinys leis vaikui statyti vaizduot\u0119 \u017eadinan\u010dias pilis, dinami\u0161kas transporto priemones ir net abstrak\u010dias geometrines formas. Skaidrios, spalvingos detal\u0117s, stipr\u016bs magnetai ir pridedami transporto tematikos lipdukai \u017eaidim\u0105 daro ne tik lavinant\u012f, bet ir itin \u012ftraukiant\u012f. Puikiai tinka mokymuisi per \u017eaidim\u0105 \u2013 lavina vaizduot\u0119, rank\u0173 \u012fg\u016bd\u017eius ir login\u012f m\u0105stym\u0105. Pasiruo\u0161k valandoms k\u016brybi\u0161ko ir \u012fdomaus \u017eaidimo!<br \/>\nFunkcijas:<\/p>\n<p> \tNuo 3 met\u0173 am\u017eiaus<br \/>\n \tStipr\u016bs magnetai u\u017etikrina stabilias ir \u012fvairias konstrukcijas<br \/>\n \tGalimyb\u0117 kurti tiek plok\u0161\u010dias, tiek 3D fig\u016bras \u2013 nuo pastat\u0173 iki transporto priemoni\u0173<br \/>\n \tLavina motorik\u0105, k\u016brybi\u0161kum\u0105, form\u0173 ir spalv\u0173 pa\u017einim\u0105<br \/>\n \tKruop\u0161\u010diai pagaminti blokai su lygiais, u\u017eapvalintais kra\u0161tais<br \/>\n \tRinkinyje yra apval\u016bs lipdukai su transporto grafika (autobusas, automobilis, sunkve\u017eimis, motociklas, dviratis, laivas, l\u0117ktuvas)<\/p>\n<p>Komplekt\u0101 ietilpst:<\/p>\n<p> \tKvadratai su skyl\u0117mis: 4 vnt.<br \/>\n \tA\u0161tuonkampiai: 12 vnt.<br \/>\n \tTrikampiai: 4 vnt.<br \/>\n \tL formos detal\u0117s: 8 vnt.<br \/>\n \tLipduk\u0173 \/ paveiksl\u0117li\u0173 kortel\u0117s: 24 vnt. (transporto lipdukai)<br \/>\n \tPailgi sta\u010diakampiai (kalad\u0117l\u0117s): 2 vnt.<br \/>\n \tKvadratai su tinkleliu: 8 vnt.<br \/>\n \tTrikampiai su puslankiu (laiptai): 4 vnt.<br \/>\n \tR\u0117meliai su ratais (va\u017eiuokl\u0117): 2 vnt.<br \/>\n \tAuk\u0161ti trikampiai (bok\u0161tai): 2 vnt.<br \/>\n \tCilindras (stogas): 1 vnt.<br \/>\n \tLipduk\u0173 lapai: 2 vnt.<br \/>\n \tSTEM instrukcija \/ gidas: 1 vnt.<br \/>\n \tI\u0161 viso: 71 detal\u0117<\/p>","protected":false},"excerpt":{"rendered":"<p>Atrask berib\u0117s k\u016brybos pasaul\u012f su \u201eWOOPIE\u201c magnetini\u0173 3D kalad\u0117li\u0173 rinkiniu! \u0160is inovatyvus 71 detal\u0117s rinkinys leis vaikui statyti vaizduot\u0119 \u017eadinan\u010dias<\/p>","protected":false},"featured_media":108681,"template":"","meta":{"_acf_changed":false,"_glsr_average":0,"_glsr_ranking":0,"_glsr_reviews":0},"product_brand":[],"product_cat":[446,229],"product_tag":[],"class_list":{"0":"post-108679","1":"product","2":"type-product","3":"status-publish","4":"has-post-thumbnail","6":"product_cat-konstruktoriai","7":"product_cat-zaislai-vaikams","8":"\"style=\"background-color: #2ecc711c;\"","10":"first","11":"instock","12":"purchasable","13":"product-type-simple"},"acf":[],"yoast_head":"<!-- This site is optimized with the Yoast SEO plugin v27.4 - https:\/\/yoast.com\/product\/yoast-seo-wordpress\/ -->\n<title>\u201eWOOPIE\u201c magnetini\u0173 3D kalad\u0117li\u0173 rinkinys \u2013 pilis ir transporto priemon\u0117s (71 vnt.)<\/title>\n<meta name=\"description\" content=\"\u201eWOOPIE\u201c magnetini\u0173 3D kalad\u0117li\u0173 rinkinys \u2013 pilis ir transporto priemon\u0117s (71 vnt.) - KidsPlay. Did\u017eiausias vaik\u0173 \u017eaisl\u0173 pasirinkimas.\" \/>\n<meta name=\"robots\" content=\"index, follow, max-snippet:-1, max-image-preview:large, max-video-preview:-1\" \/>\n<link rel=\"canonical\" href=\"https:\/\/kidsplay.lt\/lv\/products\/woopie-magnetiniu-3d-kaladeliu-rinkinys-pilis-ir-transporto-priemones-71-vnt\/\" \/>\n<meta property=\"og:locale\" content=\"lv_LV\" \/>\n<meta property=\"og:type\" content=\"article\" \/>\n<meta property=\"og:title\" content=\"\u201eWOOPIE\u201c magnetini\u0173 3D kalad\u0117li\u0173 rinkinys \u2013 pilis ir transporto priemon\u0117s (71 vnt.)\" \/>\n<meta property=\"og:description\" content=\"\u201eWOOPIE\u201c magnetini\u0173 3D kalad\u0117li\u0173 rinkinys \u2013 pilis ir transporto priemon\u0117s (71 vnt.) - KidsPlay. Did\u017eiausias vaik\u0173 \u017eaisl\u0173 pasirinkimas.\" \/>\n<meta property=\"og:url\" content=\"https:\/\/kidsplay.lt\/lv\/products\/woopie-magnetiniu-3d-kaladeliu-rinkinys-pilis-ir-transporto-priemones-71-vnt\/\" \/>\n<meta property=\"og:site_name\" content=\"KidsPlay\" \/>\n<meta property=\"article:publisher\" content=\"https:\/\/www.facebook.com\/www.kidsplay.lt\" \/>\n<meta property=\"article:modified_time\" content=\"2026-04-24T05:05:09+00:00\" \/>\n<meta property=\"og:image\" content=\"https:\/\/kidsplay.lt\/wp-content\/uploads\/2026\/04\/\u201eWOOPIE-magnetiniu-3D-kaladeliu-rinkinys-\u2013-pilis-ir-transporto-priemones-71-vnt.jpg\" \/>\n\t<meta property=\"og:image:width\" content=\"1000\" \/>\n\t<meta property=\"og:image:height\" content=\"1000\" \/>\n\t<meta property=\"og:image:type\" content=\"image\/jpeg\" \/>\n<meta name=\"twitter:card\" content=\"summary_large_image\" \/>\n<meta name=\"twitter:label1\" content=\"Est. reading time\" \/>\n\t<meta name=\"twitter:data1\" content=\"1 min\u016bte\" \/>\n<script type=\"application\/ld+json\" class=\"yoast-schema-graph\">{\"@context\":\"https:\\\/\\\/schema.org\",\"@graph\":[{\"@type\":\"WebPage\",\"@id\":\"https:\\\/\\\/kidsplay.lt\\\/produktas\\\/woopie-magnetiniu-3d-kaladeliu-rinkinys-pilis-ir-transporto-priemones-71-vnt\\\/\",\"url\":\"https:\\\/\\\/kidsplay.lt\\\/produktas\\\/woopie-magnetiniu-3d-kaladeliu-rinkinys-pilis-ir-transporto-priemones-71-vnt\\\/\",\"name\":\"\u201eWOOPIE\u201c magnetini\u0173 3D kalad\u0117li\u0173 rinkinys \u2013 pilis ir transporto priemon\u0117s (71 vnt.)\",\"isPartOf\":{\"@id\":\"https:\\\/\\\/kidsplay.lt\\\/#website\"},\"primaryImageOfPage\":{\"@id\":\"https:\\\/\\\/kidsplay.lt\\\/produktas\\\/woopie-magnetiniu-3d-kaladeliu-rinkinys-pilis-ir-transporto-priemones-71-vnt\\\/#primaryimage\"},\"image\":{\"@id\":\"https:\\\/\\\/kidsplay.lt\\\/produktas\\\/woopie-magnetiniu-3d-kaladeliu-rinkinys-pilis-ir-transporto-priemones-71-vnt\\\/#primaryimage\"},\"thumbnailUrl\":\"https:\\\/\\\/kidsplay.lt\\\/wp-content\\\/uploads\\\/2026\\\/04\\\/\u201eWOOPIE-magnetiniu-3D-kaladeliu-rinkinys-\u2013-pilis-ir-transporto-priemones-71-vnt.jpg\",\"datePublished\":\"2026-04-24T05:04:57+00:00\",\"dateModified\":\"2026-04-24T05:05:09+00:00\",\"description\":\"\u201eWOOPIE\u201c magnetini\u0173 3D kalad\u0117li\u0173 rinkinys \u2013 pilis ir transporto priemon\u0117s (71 vnt.) - KidsPlay. Did\u017eiausias vaik\u0173 \u017eaisl\u0173 pasirinkimas.\",\"breadcrumb\":{\"@id\":\"https:\\\/\\\/kidsplay.lt\\\/produktas\\\/woopie-magnetiniu-3d-kaladeliu-rinkinys-pilis-ir-transporto-priemones-71-vnt\\\/#breadcrumb\"},\"inLanguage\":\"lv-LV\",\"potentialAction\":[{\"@type\":\"ReadAction\",\"target\":[\"https:\\\/\\\/kidsplay.lt\\\/produktas\\\/woopie-magnetiniu-3d-kaladeliu-rinkinys-pilis-ir-transporto-priemones-71-vnt\\\/\"]}]},{\"@type\":\"ImageObject\",\"inLanguage\":\"lv-LV\",\"@id\":\"https:\\\/\\\/kidsplay.lt\\\/produktas\\\/woopie-magnetiniu-3d-kaladeliu-rinkinys-pilis-ir-transporto-priemones-71-vnt\\\/#primaryimage\",\"url\":\"https:\\\/\\\/kidsplay.lt\\\/wp-content\\\/uploads\\\/2026\\\/04\\\/\u201eWOOPIE-magnetiniu-3D-kaladeliu-rinkinys-\u2013-pilis-ir-transporto-priemones-71-vnt.jpg\",\"contentUrl\":\"https:\\\/\\\/kidsplay.lt\\\/wp-content\\\/uploads\\\/2026\\\/04\\\/\u201eWOOPIE-magnetiniu-3D-kaladeliu-rinkinys-\u2013-pilis-ir-transporto-priemones-71-vnt.jpg\",\"width\":1000,\"height\":1000,\"caption\":\"\u201eWOOPIE\u201c magnetini\u0173 3D kalad\u0117li\u0173 rinkinys \u2013 pilis ir transporto priemon\u0117s (71 vnt.)\"},{\"@type\":\"BreadcrumbList\",\"@id\":\"https:\\\/\\\/kidsplay.lt\\\/produktas\\\/woopie-magnetiniu-3d-kaladeliu-rinkinys-pilis-ir-transporto-priemones-71-vnt\\\/#breadcrumb\",\"itemListElement\":[{\"@type\":\"ListItem\",\"position\":1,\"name\":\"Pagrindinis\",\"item\":\"https:\\\/\\\/kidsplay.lt\\\/\"},{\"@type\":\"ListItem\",\"position\":2,\"name\":\"Parduotuv\u0117\",\"item\":\"https:\\\/\\\/kidsplay.lt\\\/parduotuve\\\/\"},{\"@type\":\"ListItem\",\"position\":3,\"name\":\"\u201eWOOPIE\u201c magnetini\u0173 3D kalad\u0117li\u0173 rinkinys \u2013 pilis ir transporto priemon\u0117s (71 vnt.)\"}]},{\"@type\":\"WebSite\",\"@id\":\"https:\\\/\\\/kidsplay.lt\\\/#website\",\"url\":\"https:\\\/\\\/kidsplay.lt\\\/\",\"name\":\"Kidsplay.lt\",\"description\":\"\u012evairios prek\u0117s vaikams\",\"publisher\":{\"@id\":\"https:\\\/\\\/kidsplay.lt\\\/#organization\"},\"alternateName\":\"Kidsplay\",\"potentialAction\":[{\"@type\":\"SearchAction\",\"target\":{\"@type\":\"EntryPoint\",\"urlTemplate\":\"https:\\\/\\\/kidsplay.lt\\\/?s={search_term_string}\"},\"query-input\":{\"@type\":\"PropertyValueSpecification\",\"valueRequired\":true,\"valueName\":\"search_term_string\"}}],\"inLanguage\":\"lv-LV\"},{\"@type\":\"Organization\",\"@id\":\"https:\\\/\\\/kidsplay.lt\\\/#organization\",\"name\":\"KidsPlay\",\"url\":\"https:\\\/\\\/kidsplay.lt\\\/\",\"logo\":{\"@type\":\"ImageObject\",\"inLanguage\":\"lv-LV\",\"@id\":\"https:\\\/\\\/kidsplay.lt\\\/#\\\/schema\\\/logo\\\/image\\\/\",\"url\":\"https:\\\/\\\/kidsplay.lt\\\/wp-content\\\/uploads\\\/2023\\\/07\\\/kidsplay-logo.png\",\"contentUrl\":\"https:\\\/\\\/kidsplay.lt\\\/wp-content\\\/uploads\\\/2023\\\/07\\\/kidsplay-logo.png\",\"width\":451,\"height\":98,\"caption\":\"KidsPlay\"},\"image\":{\"@id\":\"https:\\\/\\\/kidsplay.lt\\\/#\\\/schema\\\/logo\\\/image\\\/\"},\"sameAs\":[\"https:\\\/\\\/www.facebook.com\\\/www.kidsplay.lt\"]}]}<\/script>\n<!-- \/ Yoast SEO plugin. -->","yoast_head_json":{"title":"\u201eWOOPIE magn\u0113tiskais 3D kluc\u012b\u0161u komplekts \u2013 pils un transportl\u012bdzek\u013ci (71 gab.)","description":"\u201eWOOPIE\u201c magnetini\u0173 3D kalad\u0117li\u0173 rinkinys \u2013 pilis ir transporto priemon\u0117s (71 vnt.) - KidsPlay. Did\u017eiausias vaik\u0173 \u017eaisl\u0173 pasirinkimas.","robots":{"index":"index","follow":"follow","max-snippet":"max-snippet:-1","max-image-preview":"max-image-preview:large","max-video-preview":"max-video-preview:-1"},"canonical":"https:\/\/kidsplay.lt\/lv\/products\/woopie-magnetiniu-3d-kaladeliu-rinkinys-pilis-ir-transporto-priemones-71-vnt\/","og_locale":"lv_LV","og_type":"article","og_title":"\u201eWOOPIE\u201c magnetini\u0173 3D kalad\u0117li\u0173 rinkinys \u2013 pilis ir transporto priemon\u0117s (71 vnt.)","og_description":"\u201eWOOPIE\u201c magnetini\u0173 3D kalad\u0117li\u0173 rinkinys \u2013 pilis ir transporto priemon\u0117s (71 vnt.) - KidsPlay. Did\u017eiausias vaik\u0173 \u017eaisl\u0173 pasirinkimas.","og_url":"https:\/\/kidsplay.lt\/lv\/products\/woopie-magnetiniu-3d-kaladeliu-rinkinys-pilis-ir-transporto-priemones-71-vnt\/","og_site_name":"KidsPlay","article_publisher":"https:\/\/www.facebook.com\/www.kidsplay.lt","article_modified_time":"2026-04-24T05:05:09+00:00","og_image":[{"width":1000,"height":1000,"url":"https:\/\/kidsplay.lt\/wp-content\/uploads\/2026\/04\/\u201eWOOPIE-magnetiniu-3D-kaladeliu-rinkinys-\u2013-pilis-ir-transporto-priemones-71-vnt.jpg","type":"image\/jpeg"}],"twitter_card":"summary_large_image","twitter_misc":{"Est. reading time":"1 min\u016bte"},"schema":{"@context":"https:\/\/schema.org","@graph":[{"@type":"WebPage","@id":"https:\/\/kidsplay.lt\/produktas\/woopie-magnetiniu-3d-kaladeliu-rinkinys-pilis-ir-transporto-priemones-71-vnt\/","url":"https:\/\/kidsplay.lt\/produktas\/woopie-magnetiniu-3d-kaladeliu-rinkinys-pilis-ir-transporto-priemones-71-vnt\/","name":"\u201eWOOPIE magn\u0113tiskais 3D kluc\u012b\u0161u komplekts \u2013 pils un transportl\u012bdzek\u013ci (71 gab.)","isPartOf":{"@id":"https:\/\/kidsplay.lt\/#website"},"primaryImageOfPage":{"@id":"https:\/\/kidsplay.lt\/produktas\/woopie-magnetiniu-3d-kaladeliu-rinkinys-pilis-ir-transporto-priemones-71-vnt\/#primaryimage"},"image":{"@id":"https:\/\/kidsplay.lt\/produktas\/woopie-magnetiniu-3d-kaladeliu-rinkinys-pilis-ir-transporto-priemones-71-vnt\/#primaryimage"},"thumbnailUrl":"https:\/\/kidsplay.lt\/wp-content\/uploads\/2026\/04\/\u201eWOOPIE-magnetiniu-3D-kaladeliu-rinkinys-\u2013-pilis-ir-transporto-priemones-71-vnt.jpg","datePublished":"2026-04-24T05:04:57+00:00","dateModified":"2026-04-24T05:05:09+00:00","description":"\u201eWOOPIE\u201c magnetini\u0173 3D kalad\u0117li\u0173 rinkinys \u2013 pilis ir transporto priemon\u0117s (71 vnt.) - KidsPlay. Did\u017eiausias vaik\u0173 \u017eaisl\u0173 pasirinkimas.","breadcrumb":{"@id":"https:\/\/kidsplay.lt\/produktas\/woopie-magnetiniu-3d-kaladeliu-rinkinys-pilis-ir-transporto-priemones-71-vnt\/#breadcrumb"},"inLanguage":"lv-LV","potentialAction":[{"@type":"ReadAction","target":["https:\/\/kidsplay.lt\/produktas\/woopie-magnetiniu-3d-kaladeliu-rinkinys-pilis-ir-transporto-priemones-71-vnt\/"]}]},{"@type":"ImageObject","inLanguage":"lv-LV","@id":"https:\/\/kidsplay.lt\/produktas\/woopie-magnetiniu-3d-kaladeliu-rinkinys-pilis-ir-transporto-priemones-71-vnt\/#primaryimage","url":"https:\/\/kidsplay.lt\/wp-content\/uploads\/2026\/04\/\u201eWOOPIE-magnetiniu-3D-kaladeliu-rinkinys-\u2013-pilis-ir-transporto-priemones-71-vnt.jpg","contentUrl":"https:\/\/kidsplay.lt\/wp-content\/uploads\/2026\/04\/\u201eWOOPIE-magnetiniu-3D-kaladeliu-rinkinys-\u2013-pilis-ir-transporto-priemones-71-vnt.jpg","width":1000,"height":1000,"caption":"\u201eWOOPIE\u201c magnetini\u0173 3D kalad\u0117li\u0173 rinkinys \u2013 pilis ir transporto priemon\u0117s (71 vnt.)"},{"@type":"BreadcrumbList","@id":"https:\/\/kidsplay.lt\/produktas\/woopie-magnetiniu-3d-kaladeliu-rinkinys-pilis-ir-transporto-priemones-71-vnt\/#breadcrumb","itemListElement":[{"@type":"ListItem","position":1,"name":"Pagrindinis","item":"https:\/\/kidsplay.lt\/"},{"@type":"ListItem","position":2,"name":"Parduotuv\u0117","item":"https:\/\/kidsplay.lt\/parduotuve\/"},{"@type":"ListItem","position":3,"name":"\u201eWOOPIE\u201c magnetini\u0173 3D kalad\u0117li\u0173 rinkinys \u2013 pilis ir transporto priemon\u0117s (71 vnt.)"}]},{"@type":"WebSite","@id":"https:\/\/kidsplay.lt\/#website","url":"https:\/\/kidsplay.lt\/","name":"B\u0113rnu sp\u0113les.lv","description":"\u012evairios prek\u0117s vaikams","publisher":{"@id":"https:\/\/kidsplay.lt\/#organization"},"alternateName":"Kidsplay","potentialAction":[{"@type":"SearchAction","target":{"@type":"EntryPoint","urlTemplate":"https:\/\/kidsplay.lt\/?s={search_term_string}"},"query-input":{"@type":"PropertyValueSpecification","valueRequired":true,"valueName":"search_term_string"}}],"inLanguage":"lv-LV"},{"@type":"Organization","@id":"https:\/\/kidsplay.lt\/#organization","name":"B\u0113rnu sp\u0113le","url":"https:\/\/kidsplay.lt\/","logo":{"@type":"ImageObject","inLanguage":"lv-LV","@id":"https:\/\/kidsplay.lt\/#\/schema\/logo\/image\/","url":"https:\/\/kidsplay.lt\/wp-content\/uploads\/2023\/07\/kidsplay-logo.png","contentUrl":"https:\/\/kidsplay.lt\/wp-content\/uploads\/2023\/07\/kidsplay-logo.png","width":451,"height":98,"caption":"KidsPlay"},"image":{"@id":"https:\/\/kidsplay.lt\/#\/schema\/logo\/image\/"},"sameAs":["https:\/\/www.facebook.com\/www.kidsplay.lt"]}]}},"_links":{"self":[{"href":"https:\/\/kidsplay.lt\/lv\/wp-json\/wp\/v2\/product\/108679","targetHints":{"allow":["GET"]}}],"collection":[{"href":"https:\/\/kidsplay.lt\/lv\/wp-json\/wp\/v2\/product"}],"about":[{"href":"https:\/\/kidsplay.lt\/lv\/wp-json\/wp\/v2\/types\/product"}],"version-history":[{"count":1,"href":"https:\/\/kidsplay.lt\/lv\/wp-json\/wp\/v2\/product\/108679\/revisions"}],"predecessor-version":[{"id":108680,"href":"https:\/\/kidsplay.lt\/lv\/wp-json\/wp\/v2\/product\/108679\/revisions\/108680"}],"wp:featuredmedia":[{"embeddable":true,"href":"https:\/\/kidsplay.lt\/lv\/wp-json\/wp\/v2\/media\/108681"}],"wp:attachment":[{"href":"https:\/\/kidsplay.lt\/lv\/wp-json\/wp\/v2\/media?parent=108679"}],"wp:term":[{"taxonomy":"product_brand","embeddable":true,"href":"https:\/\/kidsplay.lt\/lv\/wp-json\/wp\/v2\/product_brand?post=108679"},{"taxonomy":"product_cat","embeddable":true,"href":"https:\/\/kidsplay.lt\/lv\/wp-json\/wp\/v2\/product_cat?post=108679"},{"taxonomy":"product_tag","embeddable":true,"href":"https:\/\/kidsplay.lt\/lv\/wp-json\/wp\/v2\/product_tag?post=108679"}],"curies":[{"name":"wp","href":"https:\/\/api.w.org\/{rel}","templated":true}]}}