{"id":108693,"date":"2026-04-24T08:05:28","date_gmt":"2026-04-24T05:05:28","guid":{"rendered":"https:\/\/kidsplay.lt\/produktas\/viga-polarb-medinis-kalimo-zaislas-su-plaktuku-lape-montessori\/"},"modified":"2026-04-24T08:05:41","modified_gmt":"2026-04-24T05:05:41","slug":"viga-polarb-medinis-kalimo-zaislas-su-plaktuku-lape-montessori","status":"publish","type":"product","link":"https:\/\/kidsplay.lt\/lv\/products\/viga-polarb-medinis-kalimo-zaislas-su-plaktuku-lape-montessori\/","title":{"rendered":"\u201eVIGA PolarB koka \u0101mura rota\u013clieta - lapsa (Montessori)"},"content":{"rendered":"<p>Spalvingas \u201eViga\u201c kalimo \u017eaislas \u2013 tai \u017eaislas, kur\u012f pam\u0117gs kiekvienas vaikas. \u0160velnios pastelin\u0117s spalvos ir lengvai suimamas plaktukas skatina ma\u017eyl\u012f \u017eaisti. \u017daidimo metu vaikai lavina tikslius rank\u0173 judesius, vikrum\u0105 ir mokosi atskirti spalvas. Ateityje \u0161is tikslumas ir koordinacija pad\u0117s lengviau i\u0161mokti ra\u0161yti.<br \/>\nFunkcijas:<\/p>\n<p> \tVaiko u\u017eduotis \u2013 \u012fkalti visus kai\u0161telius \u012f skylutes taip, kad jie pereit\u0173 \u012f kit\u0105 r\u0117mo pus\u0119<br \/>\n \tVeikla gali b\u016bti kartojama apver\u010diant \u017eaisl\u0105<br \/>\n \tRinkin\u012f sudaro stovas, 6 spalvoti kai\u0161teliai ir plaktukas<\/p>","protected":false},"excerpt":{"rendered":"<p>Spalvingas \u201eViga\u201c kalimo \u017eaislas \u2013 tai \u017eaislas, kur\u012f pam\u0117gs kiekvienas vaikas. \u0160velnios pastelin\u0117s spalvos ir lengvai suimamas plaktukas skatina ma\u017eyl\u012f<\/p>","protected":false},"featured_media":108695,"template":"","meta":{"_acf_changed":false,"_glsr_average":0,"_glsr_ranking":0,"_glsr_reviews":0},"product_brand":[],"product_cat":[884,883],"product_tag":[],"class_list":{"0":"post-108693","1":"product","2":"type-product","3":"status-publish","4":"has-post-thumbnail","6":"product_cat-edukaciniai-lavinamieji-mediniai-zaislai","7":"product_cat-mediniai-zaislai-2","8":"\"style=\"background-color: #2ecc711c;\"","10":"first","11":"instock","12":"purchasable","13":"product-type-simple"},"acf":[],"yoast_head":"<!-- This site is optimized with the Yoast SEO plugin v27.4 - https:\/\/yoast.com\/product\/yoast-seo-wordpress\/ -->\n<title>\u201eVIGA PolarB\u201c medinis kalimo \u017eaislas su plaktuku \u2013 lap\u0117 (Montessori)<\/title>\n<meta name=\"description\" content=\"\u201eVIGA PolarB\u201c medinis kalimo \u017eaislas su plaktuku \u2013 lap\u0117 (Montessori) - KidsPlay. Did\u017eiausias vaik\u0173 \u017eaisl\u0173 pasirinkimas.\" \/>\n<meta name=\"robots\" content=\"index, follow, max-snippet:-1, max-image-preview:large, max-video-preview:-1\" \/>\n<link rel=\"canonical\" href=\"https:\/\/kidsplay.lt\/lv\/products\/viga-polarb-medinis-kalimo-zaislas-su-plaktuku-lape-montessori\/\" \/>\n<meta property=\"og:locale\" content=\"lv_LV\" \/>\n<meta property=\"og:type\" content=\"article\" \/>\n<meta property=\"og:title\" content=\"\u201eVIGA PolarB\u201c medinis kalimo \u017eaislas su plaktuku \u2013 lap\u0117 (Montessori)\" \/>\n<meta property=\"og:description\" content=\"\u201eVIGA PolarB\u201c medinis kalimo \u017eaislas su plaktuku \u2013 lap\u0117 (Montessori) - KidsPlay. Did\u017eiausias vaik\u0173 \u017eaisl\u0173 pasirinkimas.\" \/>\n<meta property=\"og:url\" content=\"https:\/\/kidsplay.lt\/lv\/products\/viga-polarb-medinis-kalimo-zaislas-su-plaktuku-lape-montessori\/\" \/>\n<meta property=\"og:site_name\" content=\"KidsPlay\" \/>\n<meta property=\"article:publisher\" content=\"https:\/\/www.facebook.com\/www.kidsplay.lt\" \/>\n<meta property=\"article:modified_time\" content=\"2026-04-24T05:05:41+00:00\" \/>\n<meta property=\"og:image\" content=\"https:\/\/kidsplay.lt\/wp-content\/uploads\/2026\/04\/\u201eVIGA-PolarB-medinis-kalimo-zaislas-su-plaktuku-\u2013-lape-Montessori.jpg\" \/>\n\t<meta property=\"og:image:width\" content=\"1000\" \/>\n\t<meta property=\"og:image:height\" content=\"1000\" \/>\n\t<meta property=\"og:image:type\" content=\"image\/jpeg\" \/>\n<meta name=\"twitter:card\" content=\"summary_large_image\" \/>\n<script type=\"application\/ld+json\" class=\"yoast-schema-graph\">{\"@context\":\"https:\\\/\\\/schema.org\",\"@graph\":[{\"@type\":\"WebPage\",\"@id\":\"https:\\\/\\\/kidsplay.lt\\\/produktas\\\/viga-polarb-medinis-kalimo-zaislas-su-plaktuku-lape-montessori\\\/\",\"url\":\"https:\\\/\\\/kidsplay.lt\\\/produktas\\\/viga-polarb-medinis-kalimo-zaislas-su-plaktuku-lape-montessori\\\/\",\"name\":\"\u201eVIGA PolarB\u201c medinis kalimo \u017eaislas su plaktuku \u2013 lap\u0117 (Montessori)\",\"isPartOf\":{\"@id\":\"https:\\\/\\\/kidsplay.lt\\\/#website\"},\"primaryImageOfPage\":{\"@id\":\"https:\\\/\\\/kidsplay.lt\\\/produktas\\\/viga-polarb-medinis-kalimo-zaislas-su-plaktuku-lape-montessori\\\/#primaryimage\"},\"image\":{\"@id\":\"https:\\\/\\\/kidsplay.lt\\\/produktas\\\/viga-polarb-medinis-kalimo-zaislas-su-plaktuku-lape-montessori\\\/#primaryimage\"},\"thumbnailUrl\":\"https:\\\/\\\/kidsplay.lt\\\/wp-content\\\/uploads\\\/2026\\\/04\\\/\u201eVIGA-PolarB-medinis-kalimo-zaislas-su-plaktuku-\u2013-lape-Montessori.jpg\",\"datePublished\":\"2026-04-24T05:05:28+00:00\",\"dateModified\":\"2026-04-24T05:05:41+00:00\",\"description\":\"\u201eVIGA PolarB\u201c medinis kalimo \u017eaislas su plaktuku \u2013 lap\u0117 (Montessori) - KidsPlay. Did\u017eiausias vaik\u0173 \u017eaisl\u0173 pasirinkimas.\",\"breadcrumb\":{\"@id\":\"https:\\\/\\\/kidsplay.lt\\\/produktas\\\/viga-polarb-medinis-kalimo-zaislas-su-plaktuku-lape-montessori\\\/#breadcrumb\"},\"inLanguage\":\"lv-LV\",\"potentialAction\":[{\"@type\":\"ReadAction\",\"target\":[\"https:\\\/\\\/kidsplay.lt\\\/produktas\\\/viga-polarb-medinis-kalimo-zaislas-su-plaktuku-lape-montessori\\\/\"]}]},{\"@type\":\"ImageObject\",\"inLanguage\":\"lv-LV\",\"@id\":\"https:\\\/\\\/kidsplay.lt\\\/produktas\\\/viga-polarb-medinis-kalimo-zaislas-su-plaktuku-lape-montessori\\\/#primaryimage\",\"url\":\"https:\\\/\\\/kidsplay.lt\\\/wp-content\\\/uploads\\\/2026\\\/04\\\/\u201eVIGA-PolarB-medinis-kalimo-zaislas-su-plaktuku-\u2013-lape-Montessori.jpg\",\"contentUrl\":\"https:\\\/\\\/kidsplay.lt\\\/wp-content\\\/uploads\\\/2026\\\/04\\\/\u201eVIGA-PolarB-medinis-kalimo-zaislas-su-plaktuku-\u2013-lape-Montessori.jpg\",\"width\":1000,\"height\":1000,\"caption\":\"\u201eVIGA PolarB\u201c medinis kalimo \u017eaislas su plaktuku \u2013 lap\u0117 (Montessori)\"},{\"@type\":\"BreadcrumbList\",\"@id\":\"https:\\\/\\\/kidsplay.lt\\\/produktas\\\/viga-polarb-medinis-kalimo-zaislas-su-plaktuku-lape-montessori\\\/#breadcrumb\",\"itemListElement\":[{\"@type\":\"ListItem\",\"position\":1,\"name\":\"Pagrindinis\",\"item\":\"https:\\\/\\\/kidsplay.lt\\\/\"},{\"@type\":\"ListItem\",\"position\":2,\"name\":\"Parduotuv\u0117\",\"item\":\"https:\\\/\\\/kidsplay.lt\\\/parduotuve\\\/\"},{\"@type\":\"ListItem\",\"position\":3,\"name\":\"\u201eVIGA PolarB\u201c medinis kalimo \u017eaislas su plaktuku \u2013 lap\u0117 (Montessori)\"}]},{\"@type\":\"WebSite\",\"@id\":\"https:\\\/\\\/kidsplay.lt\\\/#website\",\"url\":\"https:\\\/\\\/kidsplay.lt\\\/\",\"name\":\"Kidsplay.lt\",\"description\":\"\u012evairios prek\u0117s vaikams\",\"publisher\":{\"@id\":\"https:\\\/\\\/kidsplay.lt\\\/#organization\"},\"alternateName\":\"Kidsplay\",\"potentialAction\":[{\"@type\":\"SearchAction\",\"target\":{\"@type\":\"EntryPoint\",\"urlTemplate\":\"https:\\\/\\\/kidsplay.lt\\\/?s={search_term_string}\"},\"query-input\":{\"@type\":\"PropertyValueSpecification\",\"valueRequired\":true,\"valueName\":\"search_term_string\"}}],\"inLanguage\":\"lv-LV\"},{\"@type\":\"Organization\",\"@id\":\"https:\\\/\\\/kidsplay.lt\\\/#organization\",\"name\":\"KidsPlay\",\"url\":\"https:\\\/\\\/kidsplay.lt\\\/\",\"logo\":{\"@type\":\"ImageObject\",\"inLanguage\":\"lv-LV\",\"@id\":\"https:\\\/\\\/kidsplay.lt\\\/#\\\/schema\\\/logo\\\/image\\\/\",\"url\":\"https:\\\/\\\/kidsplay.lt\\\/wp-content\\\/uploads\\\/2023\\\/07\\\/kidsplay-logo.png\",\"contentUrl\":\"https:\\\/\\\/kidsplay.lt\\\/wp-content\\\/uploads\\\/2023\\\/07\\\/kidsplay-logo.png\",\"width\":451,\"height\":98,\"caption\":\"KidsPlay\"},\"image\":{\"@id\":\"https:\\\/\\\/kidsplay.lt\\\/#\\\/schema\\\/logo\\\/image\\\/\"},\"sameAs\":[\"https:\\\/\\\/www.facebook.com\\\/www.kidsplay.lt\"]}]}<\/script>\n<!-- \/ Yoast SEO plugin. -->","yoast_head_json":{"title":"\u201eVIGA PolarB koka \u0101mura rota\u013clieta - lapsa (Montessori)","description":"\u201eVIGA PolarB\u201c medinis kalimo \u017eaislas su plaktuku \u2013 lap\u0117 (Montessori) - KidsPlay. Did\u017eiausias vaik\u0173 \u017eaisl\u0173 pasirinkimas.","robots":{"index":"index","follow":"follow","max-snippet":"max-snippet:-1","max-image-preview":"max-image-preview:large","max-video-preview":"max-video-preview:-1"},"canonical":"https:\/\/kidsplay.lt\/lv\/products\/viga-polarb-medinis-kalimo-zaislas-su-plaktuku-lape-montessori\/","og_locale":"lv_LV","og_type":"article","og_title":"\u201eVIGA PolarB\u201c medinis kalimo \u017eaislas su plaktuku \u2013 lap\u0117 (Montessori)","og_description":"\u201eVIGA PolarB\u201c medinis kalimo \u017eaislas su plaktuku \u2013 lap\u0117 (Montessori) - KidsPlay. Did\u017eiausias vaik\u0173 \u017eaisl\u0173 pasirinkimas.","og_url":"https:\/\/kidsplay.lt\/lv\/products\/viga-polarb-medinis-kalimo-zaislas-su-plaktuku-lape-montessori\/","og_site_name":"KidsPlay","article_publisher":"https:\/\/www.facebook.com\/www.kidsplay.lt","article_modified_time":"2026-04-24T05:05:41+00:00","og_image":[{"width":1000,"height":1000,"url":"https:\/\/kidsplay.lt\/wp-content\/uploads\/2026\/04\/\u201eVIGA-PolarB-medinis-kalimo-zaislas-su-plaktuku-\u2013-lape-Montessori.jpg","type":"image\/jpeg"}],"twitter_card":"summary_large_image","schema":{"@context":"https:\/\/schema.org","@graph":[{"@type":"WebPage","@id":"https:\/\/kidsplay.lt\/produktas\/viga-polarb-medinis-kalimo-zaislas-su-plaktuku-lape-montessori\/","url":"https:\/\/kidsplay.lt\/produktas\/viga-polarb-medinis-kalimo-zaislas-su-plaktuku-lape-montessori\/","name":"\u201eVIGA PolarB koka \u0101mura rota\u013clieta - lapsa (Montessori)","isPartOf":{"@id":"https:\/\/kidsplay.lt\/#website"},"primaryImageOfPage":{"@id":"https:\/\/kidsplay.lt\/produktas\/viga-polarb-medinis-kalimo-zaislas-su-plaktuku-lape-montessori\/#primaryimage"},"image":{"@id":"https:\/\/kidsplay.lt\/produktas\/viga-polarb-medinis-kalimo-zaislas-su-plaktuku-lape-montessori\/#primaryimage"},"thumbnailUrl":"https:\/\/kidsplay.lt\/wp-content\/uploads\/2026\/04\/\u201eVIGA-PolarB-medinis-kalimo-zaislas-su-plaktuku-\u2013-lape-Montessori.jpg","datePublished":"2026-04-24T05:05:28+00:00","dateModified":"2026-04-24T05:05:41+00:00","description":"\u201eVIGA PolarB\u201c medinis kalimo \u017eaislas su plaktuku \u2013 lap\u0117 (Montessori) - KidsPlay. Did\u017eiausias vaik\u0173 \u017eaisl\u0173 pasirinkimas.","breadcrumb":{"@id":"https:\/\/kidsplay.lt\/produktas\/viga-polarb-medinis-kalimo-zaislas-su-plaktuku-lape-montessori\/#breadcrumb"},"inLanguage":"lv-LV","potentialAction":[{"@type":"ReadAction","target":["https:\/\/kidsplay.lt\/produktas\/viga-polarb-medinis-kalimo-zaislas-su-plaktuku-lape-montessori\/"]}]},{"@type":"ImageObject","inLanguage":"lv-LV","@id":"https:\/\/kidsplay.lt\/produktas\/viga-polarb-medinis-kalimo-zaislas-su-plaktuku-lape-montessori\/#primaryimage","url":"https:\/\/kidsplay.lt\/wp-content\/uploads\/2026\/04\/\u201eVIGA-PolarB-medinis-kalimo-zaislas-su-plaktuku-\u2013-lape-Montessori.jpg","contentUrl":"https:\/\/kidsplay.lt\/wp-content\/uploads\/2026\/04\/\u201eVIGA-PolarB-medinis-kalimo-zaislas-su-plaktuku-\u2013-lape-Montessori.jpg","width":1000,"height":1000,"caption":"\u201eVIGA PolarB\u201c medinis kalimo \u017eaislas su plaktuku \u2013 lap\u0117 (Montessori)"},{"@type":"BreadcrumbList","@id":"https:\/\/kidsplay.lt\/produktas\/viga-polarb-medinis-kalimo-zaislas-su-plaktuku-lape-montessori\/#breadcrumb","itemListElement":[{"@type":"ListItem","position":1,"name":"Pagrindinis","item":"https:\/\/kidsplay.lt\/"},{"@type":"ListItem","position":2,"name":"Parduotuv\u0117","item":"https:\/\/kidsplay.lt\/parduotuve\/"},{"@type":"ListItem","position":3,"name":"\u201eVIGA PolarB\u201c medinis kalimo \u017eaislas su plaktuku \u2013 lap\u0117 (Montessori)"}]},{"@type":"WebSite","@id":"https:\/\/kidsplay.lt\/#website","url":"https:\/\/kidsplay.lt\/","name":"B\u0113rnu sp\u0113les.lv","description":"\u012evairios prek\u0117s vaikams","publisher":{"@id":"https:\/\/kidsplay.lt\/#organization"},"alternateName":"Kidsplay","potentialAction":[{"@type":"SearchAction","target":{"@type":"EntryPoint","urlTemplate":"https:\/\/kidsplay.lt\/?s={search_term_string}"},"query-input":{"@type":"PropertyValueSpecification","valueRequired":true,"valueName":"search_term_string"}}],"inLanguage":"lv-LV"},{"@type":"Organization","@id":"https:\/\/kidsplay.lt\/#organization","name":"B\u0113rnu sp\u0113le","url":"https:\/\/kidsplay.lt\/","logo":{"@type":"ImageObject","inLanguage":"lv-LV","@id":"https:\/\/kidsplay.lt\/#\/schema\/logo\/image\/","url":"https:\/\/kidsplay.lt\/wp-content\/uploads\/2023\/07\/kidsplay-logo.png","contentUrl":"https:\/\/kidsplay.lt\/wp-content\/uploads\/2023\/07\/kidsplay-logo.png","width":451,"height":98,"caption":"KidsPlay"},"image":{"@id":"https:\/\/kidsplay.lt\/#\/schema\/logo\/image\/"},"sameAs":["https:\/\/www.facebook.com\/www.kidsplay.lt"]}]}},"_links":{"self":[{"href":"https:\/\/kidsplay.lt\/lv\/wp-json\/wp\/v2\/product\/108693","targetHints":{"allow":["GET"]}}],"collection":[{"href":"https:\/\/kidsplay.lt\/lv\/wp-json\/wp\/v2\/product"}],"about":[{"href":"https:\/\/kidsplay.lt\/lv\/wp-json\/wp\/v2\/types\/product"}],"version-history":[{"count":1,"href":"https:\/\/kidsplay.lt\/lv\/wp-json\/wp\/v2\/product\/108693\/revisions"}],"predecessor-version":[{"id":108694,"href":"https:\/\/kidsplay.lt\/lv\/wp-json\/wp\/v2\/product\/108693\/revisions\/108694"}],"wp:featuredmedia":[{"embeddable":true,"href":"https:\/\/kidsplay.lt\/lv\/wp-json\/wp\/v2\/media\/108695"}],"wp:attachment":[{"href":"https:\/\/kidsplay.lt\/lv\/wp-json\/wp\/v2\/media?parent=108693"}],"wp:term":[{"taxonomy":"product_brand","embeddable":true,"href":"https:\/\/kidsplay.lt\/lv\/wp-json\/wp\/v2\/product_brand?post=108693"},{"taxonomy":"product_cat","embeddable":true,"href":"https:\/\/kidsplay.lt\/lv\/wp-json\/wp\/v2\/product_cat?post=108693"},{"taxonomy":"product_tag","embeddable":true,"href":"https:\/\/kidsplay.lt\/lv\/wp-json\/wp\/v2\/product_tag?post=108693"}],"curies":[{"name":"wp","href":"https:\/\/api.w.org\/{rel}","templated":true}]}}