{"id":108700,"date":"2026-04-24T08:05:44","date_gmt":"2026-04-24T05:05:44","guid":{"rendered":"https:\/\/kidsplay.lt\/produktas\/woopie-didele-dirbtuve-su-irankiais-vaikams-pasidaryk-pats-rinkinys\/"},"modified":"2026-04-24T08:05:47","modified_gmt":"2026-04-24T05:05:47","slug":"woopie-didele-dirbtuve-su-irankiais-vaikams-pasidaryk-pats-rinkinys","status":"publish","type":"product","link":"https:\/\/kidsplay.lt\/lv\/products\/woopie-didele-dirbtuve-su-irankiais-vaikams-pasidaryk-pats-rinkinys\/","title":{"rendered":"\u201eWOOPIE liel\u0101 darbn\u012bca ar instrumentiem b\u0113rniem - DIY komplekts"},"content":{"rendered":"<p>Gerai \u012frengta \u201eWOOPIE\u201c darbo stakl\u0117 yra puikus pasirinkimas kiekvienam ma\u017eajam mechanikui! Ji leid\u017eia vaikams nuo ma\u017eens mokytis, kaip naudoti statybinius \u012frankius ir kaip jie veikia. Dirbtuv\u0117s suteiks vaikams daug smagaus laiko, kartu mokydamos savaranki\u0161kumo ir tvarkos. Tvirta konstrukcija ir vaikams saugios med\u017eiagos lavina k\u016brybi\u0161kum\u0105, skatina vaizduot\u0119 ir ugdo smulki\u0105j\u0105 motorik\u0105. Rinkinyje yra b\u016btini \u012frankiai kiekvienam ma\u017eajam meistrui, \u012fskaitant baterijomis veikiant\u012f gr\u0105\u017et\u0105, plaktuk\u0105, pj\u016bkl\u0105, spaustuv\u0105, atsuktuv\u0105, var\u017etus ir kitus priedus. Rinkin\u012f sudaro 50 dali\u0173!<br \/>\nFunkcijas:<\/p>\n<p> \trekomenduojama nuo 3 met\u0173 am\u017eiaus<br \/>\n \tprakti\u0161ka sienel\u0117 \u012frankiams kabinti<br \/>\n \tturi patogius konteinerius ir lentynas<br \/>\n \tplatus \u012franki\u0173 pasirinkimas<br \/>\n \tskatina savaranki\u0161k\u0105 m\u0105stym\u0105<br \/>\n \tpuikiai tinka \u017eaisti kartu su t\u0117vais ar kitais vaikais<br \/>\n \tlabai auk\u0161ta med\u017eiag\u0173 ir konstrukcijos kokyb\u0117<br \/>\n \tlieliska d\u0101vana<br \/>\n \tsaugu vaikams<\/p>\n<p>Komplekt\u0101 ietilpst:<\/p>\n<p> \tdarbo stakl\u0117s<br \/>\n \t\u012franki\u0173 lentyna<br \/>\n \t\u012franki\u0173 konteineris<br \/>\n \tspaustuvas<br \/>\n \tbaterijomis veikiantis atsuktuvas \/ gr\u0105\u017etas su kei\u010diamais antgaliais<br \/>\n \t\u0101murs<br \/>\n \tz\u0101\u0123is<br \/>\n \tmetalinis pj\u016bklas<br \/>\n \tkampainis<br \/>\n \tknaibles<br \/>\n \t2x atsuktuvas<br \/>\n \tuzgrie\u017e\u0146u atsl\u0113ga<br \/>\n \tvar\u017etai<br \/>\n \tver\u017el\u0117s<br \/>\n \tkiti elementai<\/p>","protected":false},"excerpt":{"rendered":"<p>Gerai \u012frengta \u201eWOOPIE\u201c darbo stakl\u0117 yra puikus pasirinkimas kiekvienam ma\u017eajam mechanikui! Ji leid\u017eia vaikams nuo ma\u017eens mokytis, kaip naudoti statybinius<\/p>","protected":false},"featured_media":108702,"template":"","meta":{"_acf_changed":false,"_glsr_average":0,"_glsr_ranking":0,"_glsr_reviews":0},"product_brand":[],"product_cat":[402,399],"product_tag":[],"class_list":{"0":"post-108700","1":"product","2":"type-product","3":"status-publish","4":"has-post-thumbnail","6":"product_cat-dirbtuves-ir-irankiai","7":"product_cat-vaidmenu-zaidimai-2","8":"\"style=\"background-color: #2ecc711c;\"","10":"first","11":"instock","12":"purchasable","13":"product-type-simple"},"acf":[],"yoast_head":"<!-- This site is optimized with the Yoast SEO plugin v27.4 - https:\/\/yoast.com\/product\/yoast-seo-wordpress\/ -->\n<title>\u201eWOOPIE\u201c didel\u0117 dirbtuv\u0117 su \u012frankiais vaikams \u2013 \u201epasidaryk pats\u201c rinkinys<\/title>\n<meta name=\"description\" content=\"\u201eWOOPIE\u201c didel\u0117 dirbtuv\u0117 su \u012frankiais vaikams \u2013 \u201epasidaryk pats\u201c rinkinys - KidsPlay. Did\u017eiausias vaik\u0173 \u017eaisl\u0173 pasirinkimas.\" \/>\n<meta name=\"robots\" content=\"index, follow, max-snippet:-1, max-image-preview:large, max-video-preview:-1\" \/>\n<link rel=\"canonical\" href=\"https:\/\/kidsplay.lt\/lv\/products\/woopie-didele-dirbtuve-su-irankiais-vaikams-pasidaryk-pats-rinkinys\/\" \/>\n<meta property=\"og:locale\" content=\"lv_LV\" \/>\n<meta property=\"og:type\" content=\"article\" \/>\n<meta property=\"og:title\" content=\"\u201eWOOPIE\u201c didel\u0117 dirbtuv\u0117 su \u012frankiais vaikams \u2013 \u201epasidaryk pats\u201c rinkinys\" \/>\n<meta property=\"og:description\" content=\"\u201eWOOPIE\u201c didel\u0117 dirbtuv\u0117 su \u012frankiais vaikams \u2013 \u201epasidaryk pats\u201c rinkinys - KidsPlay. Did\u017eiausias vaik\u0173 \u017eaisl\u0173 pasirinkimas.\" \/>\n<meta property=\"og:url\" content=\"https:\/\/kidsplay.lt\/lv\/products\/woopie-didele-dirbtuve-su-irankiais-vaikams-pasidaryk-pats-rinkinys\/\" \/>\n<meta property=\"og:site_name\" content=\"KidsPlay\" \/>\n<meta property=\"article:publisher\" content=\"https:\/\/www.facebook.com\/www.kidsplay.lt\" \/>\n<meta property=\"article:modified_time\" content=\"2026-04-24T05:05:47+00:00\" \/>\n<meta property=\"og:image\" content=\"https:\/\/kidsplay.lt\/wp-content\/uploads\/2026\/04\/\u201eWOOPIE-didele-dirbtuve-su-irankiais-vaikams-\u2013-\u201epasidaryk-pats-rinkinys.jpg\" \/>\n\t<meta property=\"og:image:width\" content=\"1000\" \/>\n\t<meta property=\"og:image:height\" content=\"1000\" \/>\n\t<meta property=\"og:image:type\" content=\"image\/jpeg\" \/>\n<meta name=\"twitter:card\" content=\"summary_large_image\" \/>\n<meta name=\"twitter:label1\" content=\"Est. reading time\" \/>\n\t<meta name=\"twitter:data1\" content=\"1 min\u016bte\" \/>\n<script type=\"application\/ld+json\" class=\"yoast-schema-graph\">{\"@context\":\"https:\\\/\\\/schema.org\",\"@graph\":[{\"@type\":\"WebPage\",\"@id\":\"https:\\\/\\\/kidsplay.lt\\\/produktas\\\/woopie-didele-dirbtuve-su-irankiais-vaikams-pasidaryk-pats-rinkinys\\\/\",\"url\":\"https:\\\/\\\/kidsplay.lt\\\/produktas\\\/woopie-didele-dirbtuve-su-irankiais-vaikams-pasidaryk-pats-rinkinys\\\/\",\"name\":\"\u201eWOOPIE\u201c didel\u0117 dirbtuv\u0117 su \u012frankiais vaikams \u2013 \u201epasidaryk pats\u201c rinkinys\",\"isPartOf\":{\"@id\":\"https:\\\/\\\/kidsplay.lt\\\/#website\"},\"primaryImageOfPage\":{\"@id\":\"https:\\\/\\\/kidsplay.lt\\\/produktas\\\/woopie-didele-dirbtuve-su-irankiais-vaikams-pasidaryk-pats-rinkinys\\\/#primaryimage\"},\"image\":{\"@id\":\"https:\\\/\\\/kidsplay.lt\\\/produktas\\\/woopie-didele-dirbtuve-su-irankiais-vaikams-pasidaryk-pats-rinkinys\\\/#primaryimage\"},\"thumbnailUrl\":\"https:\\\/\\\/kidsplay.lt\\\/wp-content\\\/uploads\\\/2026\\\/04\\\/\u201eWOOPIE-didele-dirbtuve-su-irankiais-vaikams-\u2013-\u201epasidaryk-pats-rinkinys.jpg\",\"datePublished\":\"2026-04-24T05:05:44+00:00\",\"dateModified\":\"2026-04-24T05:05:47+00:00\",\"description\":\"\u201eWOOPIE\u201c didel\u0117 dirbtuv\u0117 su \u012frankiais vaikams \u2013 \u201epasidaryk pats\u201c rinkinys - KidsPlay. Did\u017eiausias vaik\u0173 \u017eaisl\u0173 pasirinkimas.\",\"breadcrumb\":{\"@id\":\"https:\\\/\\\/kidsplay.lt\\\/produktas\\\/woopie-didele-dirbtuve-su-irankiais-vaikams-pasidaryk-pats-rinkinys\\\/#breadcrumb\"},\"inLanguage\":\"lv-LV\",\"potentialAction\":[{\"@type\":\"ReadAction\",\"target\":[\"https:\\\/\\\/kidsplay.lt\\\/produktas\\\/woopie-didele-dirbtuve-su-irankiais-vaikams-pasidaryk-pats-rinkinys\\\/\"]}]},{\"@type\":\"ImageObject\",\"inLanguage\":\"lv-LV\",\"@id\":\"https:\\\/\\\/kidsplay.lt\\\/produktas\\\/woopie-didele-dirbtuve-su-irankiais-vaikams-pasidaryk-pats-rinkinys\\\/#primaryimage\",\"url\":\"https:\\\/\\\/kidsplay.lt\\\/wp-content\\\/uploads\\\/2026\\\/04\\\/\u201eWOOPIE-didele-dirbtuve-su-irankiais-vaikams-\u2013-\u201epasidaryk-pats-rinkinys.jpg\",\"contentUrl\":\"https:\\\/\\\/kidsplay.lt\\\/wp-content\\\/uploads\\\/2026\\\/04\\\/\u201eWOOPIE-didele-dirbtuve-su-irankiais-vaikams-\u2013-\u201epasidaryk-pats-rinkinys.jpg\",\"width\":1000,\"height\":1000,\"caption\":\"\u201eWOOPIE\u201c didel\u0117 dirbtuv\u0117 su \u012frankiais vaikams \u2013 \u201epasidaryk pats\u201c rinkinys\"},{\"@type\":\"BreadcrumbList\",\"@id\":\"https:\\\/\\\/kidsplay.lt\\\/produktas\\\/woopie-didele-dirbtuve-su-irankiais-vaikams-pasidaryk-pats-rinkinys\\\/#breadcrumb\",\"itemListElement\":[{\"@type\":\"ListItem\",\"position\":1,\"name\":\"Pagrindinis\",\"item\":\"https:\\\/\\\/kidsplay.lt\\\/\"},{\"@type\":\"ListItem\",\"position\":2,\"name\":\"Parduotuv\u0117\",\"item\":\"https:\\\/\\\/kidsplay.lt\\\/parduotuve\\\/\"},{\"@type\":\"ListItem\",\"position\":3,\"name\":\"\u201eWOOPIE\u201c didel\u0117 dirbtuv\u0117 su \u012frankiais vaikams \u2013 \u201epasidaryk pats\u201c rinkinys\"}]},{\"@type\":\"WebSite\",\"@id\":\"https:\\\/\\\/kidsplay.lt\\\/#website\",\"url\":\"https:\\\/\\\/kidsplay.lt\\\/\",\"name\":\"Kidsplay.lt\",\"description\":\"\u012evairios prek\u0117s vaikams\",\"publisher\":{\"@id\":\"https:\\\/\\\/kidsplay.lt\\\/#organization\"},\"alternateName\":\"Kidsplay\",\"potentialAction\":[{\"@type\":\"SearchAction\",\"target\":{\"@type\":\"EntryPoint\",\"urlTemplate\":\"https:\\\/\\\/kidsplay.lt\\\/?s={search_term_string}\"},\"query-input\":{\"@type\":\"PropertyValueSpecification\",\"valueRequired\":true,\"valueName\":\"search_term_string\"}}],\"inLanguage\":\"lv-LV\"},{\"@type\":\"Organization\",\"@id\":\"https:\\\/\\\/kidsplay.lt\\\/#organization\",\"name\":\"KidsPlay\",\"url\":\"https:\\\/\\\/kidsplay.lt\\\/\",\"logo\":{\"@type\":\"ImageObject\",\"inLanguage\":\"lv-LV\",\"@id\":\"https:\\\/\\\/kidsplay.lt\\\/#\\\/schema\\\/logo\\\/image\\\/\",\"url\":\"https:\\\/\\\/kidsplay.lt\\\/wp-content\\\/uploads\\\/2023\\\/07\\\/kidsplay-logo.png\",\"contentUrl\":\"https:\\\/\\\/kidsplay.lt\\\/wp-content\\\/uploads\\\/2023\\\/07\\\/kidsplay-logo.png\",\"width\":451,\"height\":98,\"caption\":\"KidsPlay\"},\"image\":{\"@id\":\"https:\\\/\\\/kidsplay.lt\\\/#\\\/schema\\\/logo\\\/image\\\/\"},\"sameAs\":[\"https:\\\/\\\/www.facebook.com\\\/www.kidsplay.lt\"]}]}<\/script>\n<!-- \/ Yoast SEO plugin. -->","yoast_head_json":{"title":"\u201eWOOPIE liel\u0101 darbn\u012bca ar instrumentiem b\u0113rniem - DIY komplekts","description":"\u201eWOOPIE\u201c didel\u0117 dirbtuv\u0117 su \u012frankiais vaikams \u2013 \u201epasidaryk pats\u201c rinkinys - KidsPlay. Did\u017eiausias vaik\u0173 \u017eaisl\u0173 pasirinkimas.","robots":{"index":"index","follow":"follow","max-snippet":"max-snippet:-1","max-image-preview":"max-image-preview:large","max-video-preview":"max-video-preview:-1"},"canonical":"https:\/\/kidsplay.lt\/lv\/products\/woopie-didele-dirbtuve-su-irankiais-vaikams-pasidaryk-pats-rinkinys\/","og_locale":"lv_LV","og_type":"article","og_title":"\u201eWOOPIE\u201c didel\u0117 dirbtuv\u0117 su \u012frankiais vaikams \u2013 \u201epasidaryk pats\u201c rinkinys","og_description":"\u201eWOOPIE\u201c didel\u0117 dirbtuv\u0117 su \u012frankiais vaikams \u2013 \u201epasidaryk pats\u201c rinkinys - KidsPlay. Did\u017eiausias vaik\u0173 \u017eaisl\u0173 pasirinkimas.","og_url":"https:\/\/kidsplay.lt\/lv\/products\/woopie-didele-dirbtuve-su-irankiais-vaikams-pasidaryk-pats-rinkinys\/","og_site_name":"KidsPlay","article_publisher":"https:\/\/www.facebook.com\/www.kidsplay.lt","article_modified_time":"2026-04-24T05:05:47+00:00","og_image":[{"width":1000,"height":1000,"url":"https:\/\/kidsplay.lt\/wp-content\/uploads\/2026\/04\/\u201eWOOPIE-didele-dirbtuve-su-irankiais-vaikams-\u2013-\u201epasidaryk-pats-rinkinys.jpg","type":"image\/jpeg"}],"twitter_card":"summary_large_image","twitter_misc":{"Est. reading time":"1 min\u016bte"},"schema":{"@context":"https:\/\/schema.org","@graph":[{"@type":"WebPage","@id":"https:\/\/kidsplay.lt\/produktas\/woopie-didele-dirbtuve-su-irankiais-vaikams-pasidaryk-pats-rinkinys\/","url":"https:\/\/kidsplay.lt\/produktas\/woopie-didele-dirbtuve-su-irankiais-vaikams-pasidaryk-pats-rinkinys\/","name":"\u201eWOOPIE liel\u0101 darbn\u012bca ar instrumentiem b\u0113rniem - DIY komplekts","isPartOf":{"@id":"https:\/\/kidsplay.lt\/#website"},"primaryImageOfPage":{"@id":"https:\/\/kidsplay.lt\/produktas\/woopie-didele-dirbtuve-su-irankiais-vaikams-pasidaryk-pats-rinkinys\/#primaryimage"},"image":{"@id":"https:\/\/kidsplay.lt\/produktas\/woopie-didele-dirbtuve-su-irankiais-vaikams-pasidaryk-pats-rinkinys\/#primaryimage"},"thumbnailUrl":"https:\/\/kidsplay.lt\/wp-content\/uploads\/2026\/04\/\u201eWOOPIE-didele-dirbtuve-su-irankiais-vaikams-\u2013-\u201epasidaryk-pats-rinkinys.jpg","datePublished":"2026-04-24T05:05:44+00:00","dateModified":"2026-04-24T05:05:47+00:00","description":"\u201eWOOPIE\u201c didel\u0117 dirbtuv\u0117 su \u012frankiais vaikams \u2013 \u201epasidaryk pats\u201c rinkinys - KidsPlay. Did\u017eiausias vaik\u0173 \u017eaisl\u0173 pasirinkimas.","breadcrumb":{"@id":"https:\/\/kidsplay.lt\/produktas\/woopie-didele-dirbtuve-su-irankiais-vaikams-pasidaryk-pats-rinkinys\/#breadcrumb"},"inLanguage":"lv-LV","potentialAction":[{"@type":"ReadAction","target":["https:\/\/kidsplay.lt\/produktas\/woopie-didele-dirbtuve-su-irankiais-vaikams-pasidaryk-pats-rinkinys\/"]}]},{"@type":"ImageObject","inLanguage":"lv-LV","@id":"https:\/\/kidsplay.lt\/produktas\/woopie-didele-dirbtuve-su-irankiais-vaikams-pasidaryk-pats-rinkinys\/#primaryimage","url":"https:\/\/kidsplay.lt\/wp-content\/uploads\/2026\/04\/\u201eWOOPIE-didele-dirbtuve-su-irankiais-vaikams-\u2013-\u201epasidaryk-pats-rinkinys.jpg","contentUrl":"https:\/\/kidsplay.lt\/wp-content\/uploads\/2026\/04\/\u201eWOOPIE-didele-dirbtuve-su-irankiais-vaikams-\u2013-\u201epasidaryk-pats-rinkinys.jpg","width":1000,"height":1000,"caption":"\u201eWOOPIE\u201c didel\u0117 dirbtuv\u0117 su \u012frankiais vaikams \u2013 \u201epasidaryk pats\u201c rinkinys"},{"@type":"BreadcrumbList","@id":"https:\/\/kidsplay.lt\/produktas\/woopie-didele-dirbtuve-su-irankiais-vaikams-pasidaryk-pats-rinkinys\/#breadcrumb","itemListElement":[{"@type":"ListItem","position":1,"name":"Pagrindinis","item":"https:\/\/kidsplay.lt\/"},{"@type":"ListItem","position":2,"name":"Parduotuv\u0117","item":"https:\/\/kidsplay.lt\/parduotuve\/"},{"@type":"ListItem","position":3,"name":"\u201eWOOPIE\u201c didel\u0117 dirbtuv\u0117 su \u012frankiais vaikams \u2013 \u201epasidaryk pats\u201c rinkinys"}]},{"@type":"WebSite","@id":"https:\/\/kidsplay.lt\/#website","url":"https:\/\/kidsplay.lt\/","name":"B\u0113rnu sp\u0113les.lv","description":"\u012evairios prek\u0117s vaikams","publisher":{"@id":"https:\/\/kidsplay.lt\/#organization"},"alternateName":"Kidsplay","potentialAction":[{"@type":"SearchAction","target":{"@type":"EntryPoint","urlTemplate":"https:\/\/kidsplay.lt\/?s={search_term_string}"},"query-input":{"@type":"PropertyValueSpecification","valueRequired":true,"valueName":"search_term_string"}}],"inLanguage":"lv-LV"},{"@type":"Organization","@id":"https:\/\/kidsplay.lt\/#organization","name":"B\u0113rnu sp\u0113le","url":"https:\/\/kidsplay.lt\/","logo":{"@type":"ImageObject","inLanguage":"lv-LV","@id":"https:\/\/kidsplay.lt\/#\/schema\/logo\/image\/","url":"https:\/\/kidsplay.lt\/wp-content\/uploads\/2023\/07\/kidsplay-logo.png","contentUrl":"https:\/\/kidsplay.lt\/wp-content\/uploads\/2023\/07\/kidsplay-logo.png","width":451,"height":98,"caption":"KidsPlay"},"image":{"@id":"https:\/\/kidsplay.lt\/#\/schema\/logo\/image\/"},"sameAs":["https:\/\/www.facebook.com\/www.kidsplay.lt"]}]}},"_links":{"self":[{"href":"https:\/\/kidsplay.lt\/lv\/wp-json\/wp\/v2\/product\/108700","targetHints":{"allow":["GET"]}}],"collection":[{"href":"https:\/\/kidsplay.lt\/lv\/wp-json\/wp\/v2\/product"}],"about":[{"href":"https:\/\/kidsplay.lt\/lv\/wp-json\/wp\/v2\/types\/product"}],"version-history":[{"count":1,"href":"https:\/\/kidsplay.lt\/lv\/wp-json\/wp\/v2\/product\/108700\/revisions"}],"predecessor-version":[{"id":108701,"href":"https:\/\/kidsplay.lt\/lv\/wp-json\/wp\/v2\/product\/108700\/revisions\/108701"}],"wp:featuredmedia":[{"embeddable":true,"href":"https:\/\/kidsplay.lt\/lv\/wp-json\/wp\/v2\/media\/108702"}],"wp:attachment":[{"href":"https:\/\/kidsplay.lt\/lv\/wp-json\/wp\/v2\/media?parent=108700"}],"wp:term":[{"taxonomy":"product_brand","embeddable":true,"href":"https:\/\/kidsplay.lt\/lv\/wp-json\/wp\/v2\/product_brand?post=108700"},{"taxonomy":"product_cat","embeddable":true,"href":"https:\/\/kidsplay.lt\/lv\/wp-json\/wp\/v2\/product_cat?post=108700"},{"taxonomy":"product_tag","embeddable":true,"href":"https:\/\/kidsplay.lt\/lv\/wp-json\/wp\/v2\/product_tag?post=108700"}],"curies":[{"name":"wp","href":"https:\/\/api.w.org\/{rel}","templated":true}]}}