{"id":108707,"date":"2026-04-24T08:05:50","date_gmt":"2026-04-24T05:05:50","guid":{"rendered":"https:\/\/kidsplay.lt\/produktas\/woopie-montessori-dinozauru-delione-formu-derinimo-lavinamasis-zaidimas\/"},"modified":"2026-04-24T08:06:09","modified_gmt":"2026-04-24T05:06:09","slug":"woopie-montessori-dinozauru-delione-formu-derinimo-lavinamasis-zaidimas","status":"publish","type":"product","link":"https:\/\/kidsplay.lt\/lv\/products\/woopie-montessori-dinozauru-delione-formu-derinimo-lavinamasis-zaidimas\/","title":{"rendered":"\u201eWOOPIE\u201c Montessori dinozaur\u0173 d\u0117lion\u0117 \u2013 form\u0173 derinimo lavinamasis \u017eaidimas"},"content":{"rendered":"<p>\u201eWOOPIE\u201c dinozaur\u0173 arkadinis \u017eaidimas puikiai tinka \u017eaisti dviese arba vienam. Kruop\u0161\u010diai pagamintas dizainas, patraukli forma ir gra\u017eios spalvos i\u0161 karto patraukia vaik\u0173 d\u0117mes\u012f. Tai idealus \u017eaidimas, stiprinantis t\u0117v\u0173 ir vaik\u0173 ry\u0161\u012f bei suteikiantis valand\u0173 valandas smagaus laiko tiek vaikams, tiek suaugusiesiems.<br \/>\nFunkcijas:<\/p>\n<p> \t\u017daislas nuo 3 met\u0173<br \/>\n \tGra\u017eios spalvos ir kokybi\u0161ka gamyba<br \/>\n \tStiprina t\u0117v\u0173 ir vaiko ry\u0161\u012f<br \/>\n \tMoko sveikos konkurencijos<br \/>\n \tPadeda mokytis spalv\u0173 ir form\u0173<\/p>\n<p>Solo \u017eaidimas:<br \/>\nVaikas prie\u0161 save pasideda dinozauro lent\u0105 ir \u0161alia \u2013 korteli\u0173 kr\u016bv\u0105 su form\u0173 i\u0161d\u0117stymo pavyzd\u017eiais. I\u0161traukia pirm\u0105 kortel\u0119 ir sudeda formas pagal pateikt\u0105 \u0161ablon\u0105 lentoje. Baig\u0119s traukia kit\u0105 kortel\u0119.<br \/>\n\u017daidimas dviese:<br \/>\nKiekvienas \u017eaid\u0117jas pasideda savo dinozauro lent\u0105. Korteli\u0173 kr\u016bva su form\u0173 \u0161ablonais padedama matomoje vietoje abiem \u017eaid\u0117jams. Tarp lent\u0173 padedamas skambutis. Atsivertus kortelei, abu \u017eaid\u0117jai kuo grei\u010diau sudeda fig\u016bras pagal pateikt\u0105 ra\u0161t\u0105. Pirmas teisingai sud\u0117j\u0119s paspaud\u017eia skambut\u012f. Teisingai atlikus u\u017eduot\u012f, traukiama kita kortel\u0117. Laimi tas, kuris surenka daugiausiai korteli\u0173.<br \/>\nKomplekt\u0101 ietilpst:<\/p>\n<p> \t2 dinozaur\u0173 lentos<br \/>\n \t48 skirtingos kortel\u0117s<br \/>\n \t1 skambutis<br \/>\n \t32 formos<\/p>","protected":false},"excerpt":{"rendered":"<p>\u201eWOOPIE\u201c dinozaur\u0173 arkadinis \u017eaidimas puikiai tinka \u017eaisti dviese arba vienam. Kruop\u0161\u010diai pagamintas dizainas, patraukli forma ir gra\u017eios spalvos i\u0161 karto<\/p>","protected":false},"featured_media":108709,"template":"","meta":{"_acf_changed":false,"_glsr_average":0,"_glsr_ranking":0,"_glsr_reviews":0},"product_brand":[],"product_cat":[445,229],"product_tag":[],"class_list":{"0":"post-108707","1":"product","2":"type-product","3":"status-publish","4":"has-post-thumbnail","6":"product_cat-stalo-zaidimai","7":"product_cat-zaislai-vaikams","8":"\"style=\"background-color: #2ecc711c;\"","10":"first","11":"instock","12":"purchasable","13":"product-type-simple"},"acf":[],"yoast_head":"<!-- This site is optimized with the Yoast SEO plugin v27.4 - https:\/\/yoast.com\/product\/yoast-seo-wordpress\/ -->\n<title>\u201eWOOPIE\u201c Montessori dinozaur\u0173 d\u0117lion\u0117 \u2013 form\u0173 derinimo lavinamasis \u017eaidimas<\/title>\n<meta name=\"description\" content=\"\u201eWOOPIE\u201c Montessori dinozaur\u0173 d\u0117lion\u0117 \u2013 form\u0173 derinimo lavinamasis \u017eaidimas - KidsPlay. Did\u017eiausias vaik\u0173 \u017eaisl\u0173 pasirinkimas.\" \/>\n<meta name=\"robots\" content=\"index, follow, max-snippet:-1, max-image-preview:large, max-video-preview:-1\" \/>\n<link rel=\"canonical\" href=\"https:\/\/kidsplay.lt\/lv\/products\/woopie-montessori-dinozauru-delione-formu-derinimo-lavinamasis-zaidimas\/\" \/>\n<meta property=\"og:locale\" content=\"lv_LV\" \/>\n<meta property=\"og:type\" content=\"article\" \/>\n<meta property=\"og:title\" content=\"\u201eWOOPIE\u201c Montessori dinozaur\u0173 d\u0117lion\u0117 \u2013 form\u0173 derinimo lavinamasis \u017eaidimas\" \/>\n<meta property=\"og:description\" content=\"\u201eWOOPIE\u201c Montessori dinozaur\u0173 d\u0117lion\u0117 \u2013 form\u0173 derinimo lavinamasis \u017eaidimas - KidsPlay. Did\u017eiausias vaik\u0173 \u017eaisl\u0173 pasirinkimas.\" \/>\n<meta property=\"og:url\" content=\"https:\/\/kidsplay.lt\/lv\/products\/woopie-montessori-dinozauru-delione-formu-derinimo-lavinamasis-zaidimas\/\" \/>\n<meta property=\"og:site_name\" content=\"KidsPlay\" \/>\n<meta property=\"article:publisher\" content=\"https:\/\/www.facebook.com\/www.kidsplay.lt\" \/>\n<meta property=\"article:modified_time\" content=\"2026-04-24T05:06:09+00:00\" \/>\n<meta property=\"og:image\" content=\"https:\/\/kidsplay.lt\/wp-content\/uploads\/2026\/04\/\u201eWOOPIE-Montessori-dinozauru-delione-\u2013-formu-derinimo-lavinamasis-zaidimas.jpg\" \/>\n\t<meta property=\"og:image:width\" content=\"2560\" \/>\n\t<meta property=\"og:image:height\" content=\"2560\" \/>\n\t<meta property=\"og:image:type\" content=\"image\/jpeg\" \/>\n<meta name=\"twitter:card\" content=\"summary_large_image\" \/>\n<meta name=\"twitter:label1\" content=\"Est. reading time\" \/>\n\t<meta name=\"twitter:data1\" content=\"1 min\u016bte\" \/>\n<script type=\"application\/ld+json\" class=\"yoast-schema-graph\">{\"@context\":\"https:\\\/\\\/schema.org\",\"@graph\":[{\"@type\":\"WebPage\",\"@id\":\"https:\\\/\\\/kidsplay.lt\\\/produktas\\\/woopie-montessori-dinozauru-delione-formu-derinimo-lavinamasis-zaidimas\\\/\",\"url\":\"https:\\\/\\\/kidsplay.lt\\\/produktas\\\/woopie-montessori-dinozauru-delione-formu-derinimo-lavinamasis-zaidimas\\\/\",\"name\":\"\u201eWOOPIE\u201c Montessori dinozaur\u0173 d\u0117lion\u0117 \u2013 form\u0173 derinimo lavinamasis \u017eaidimas\",\"isPartOf\":{\"@id\":\"https:\\\/\\\/kidsplay.lt\\\/#website\"},\"primaryImageOfPage\":{\"@id\":\"https:\\\/\\\/kidsplay.lt\\\/produktas\\\/woopie-montessori-dinozauru-delione-formu-derinimo-lavinamasis-zaidimas\\\/#primaryimage\"},\"image\":{\"@id\":\"https:\\\/\\\/kidsplay.lt\\\/produktas\\\/woopie-montessori-dinozauru-delione-formu-derinimo-lavinamasis-zaidimas\\\/#primaryimage\"},\"thumbnailUrl\":\"https:\\\/\\\/kidsplay.lt\\\/wp-content\\\/uploads\\\/2026\\\/04\\\/\u201eWOOPIE-Montessori-dinozauru-delione-\u2013-formu-derinimo-lavinamasis-zaidimas.jpg\",\"datePublished\":\"2026-04-24T05:05:50+00:00\",\"dateModified\":\"2026-04-24T05:06:09+00:00\",\"description\":\"\u201eWOOPIE\u201c Montessori dinozaur\u0173 d\u0117lion\u0117 \u2013 form\u0173 derinimo lavinamasis \u017eaidimas - KidsPlay. Did\u017eiausias vaik\u0173 \u017eaisl\u0173 pasirinkimas.\",\"breadcrumb\":{\"@id\":\"https:\\\/\\\/kidsplay.lt\\\/produktas\\\/woopie-montessori-dinozauru-delione-formu-derinimo-lavinamasis-zaidimas\\\/#breadcrumb\"},\"inLanguage\":\"lv-LV\",\"potentialAction\":[{\"@type\":\"ReadAction\",\"target\":[\"https:\\\/\\\/kidsplay.lt\\\/produktas\\\/woopie-montessori-dinozauru-delione-formu-derinimo-lavinamasis-zaidimas\\\/\"]}]},{\"@type\":\"ImageObject\",\"inLanguage\":\"lv-LV\",\"@id\":\"https:\\\/\\\/kidsplay.lt\\\/produktas\\\/woopie-montessori-dinozauru-delione-formu-derinimo-lavinamasis-zaidimas\\\/#primaryimage\",\"url\":\"https:\\\/\\\/kidsplay.lt\\\/wp-content\\\/uploads\\\/2026\\\/04\\\/\u201eWOOPIE-Montessori-dinozauru-delione-\u2013-formu-derinimo-lavinamasis-zaidimas.jpg\",\"contentUrl\":\"https:\\\/\\\/kidsplay.lt\\\/wp-content\\\/uploads\\\/2026\\\/04\\\/\u201eWOOPIE-Montessori-dinozauru-delione-\u2013-formu-derinimo-lavinamasis-zaidimas.jpg\",\"width\":2560,\"height\":2560,\"caption\":\"\u201eWOOPIE\u201c Montessori dinozaur\u0173 d\u0117lion\u0117 \u2013 form\u0173 derinimo lavinamasis \u017eaidimas\"},{\"@type\":\"BreadcrumbList\",\"@id\":\"https:\\\/\\\/kidsplay.lt\\\/produktas\\\/woopie-montessori-dinozauru-delione-formu-derinimo-lavinamasis-zaidimas\\\/#breadcrumb\",\"itemListElement\":[{\"@type\":\"ListItem\",\"position\":1,\"name\":\"Pagrindinis\",\"item\":\"https:\\\/\\\/kidsplay.lt\\\/\"},{\"@type\":\"ListItem\",\"position\":2,\"name\":\"Parduotuv\u0117\",\"item\":\"https:\\\/\\\/kidsplay.lt\\\/parduotuve\\\/\"},{\"@type\":\"ListItem\",\"position\":3,\"name\":\"\u201eWOOPIE\u201c Montessori dinozaur\u0173 d\u0117lion\u0117 \u2013 form\u0173 derinimo lavinamasis \u017eaidimas\"}]},{\"@type\":\"WebSite\",\"@id\":\"https:\\\/\\\/kidsplay.lt\\\/#website\",\"url\":\"https:\\\/\\\/kidsplay.lt\\\/\",\"name\":\"Kidsplay.lt\",\"description\":\"\u012evairios prek\u0117s vaikams\",\"publisher\":{\"@id\":\"https:\\\/\\\/kidsplay.lt\\\/#organization\"},\"alternateName\":\"Kidsplay\",\"potentialAction\":[{\"@type\":\"SearchAction\",\"target\":{\"@type\":\"EntryPoint\",\"urlTemplate\":\"https:\\\/\\\/kidsplay.lt\\\/?s={search_term_string}\"},\"query-input\":{\"@type\":\"PropertyValueSpecification\",\"valueRequired\":true,\"valueName\":\"search_term_string\"}}],\"inLanguage\":\"lv-LV\"},{\"@type\":\"Organization\",\"@id\":\"https:\\\/\\\/kidsplay.lt\\\/#organization\",\"name\":\"KidsPlay\",\"url\":\"https:\\\/\\\/kidsplay.lt\\\/\",\"logo\":{\"@type\":\"ImageObject\",\"inLanguage\":\"lv-LV\",\"@id\":\"https:\\\/\\\/kidsplay.lt\\\/#\\\/schema\\\/logo\\\/image\\\/\",\"url\":\"https:\\\/\\\/kidsplay.lt\\\/wp-content\\\/uploads\\\/2023\\\/07\\\/kidsplay-logo.png\",\"contentUrl\":\"https:\\\/\\\/kidsplay.lt\\\/wp-content\\\/uploads\\\/2023\\\/07\\\/kidsplay-logo.png\",\"width\":451,\"height\":98,\"caption\":\"KidsPlay\"},\"image\":{\"@id\":\"https:\\\/\\\/kidsplay.lt\\\/#\\\/schema\\\/logo\\\/image\\\/\"},\"sameAs\":[\"https:\\\/\\\/www.facebook.com\\\/www.kidsplay.lt\"]}]}<\/script>\n<!-- \/ Yoast SEO plugin. -->","yoast_head_json":{"title":"\u201eWOOPIE\u201c Montessori dinozaur\u0173 d\u0117lion\u0117 \u2013 form\u0173 derinimo lavinamasis \u017eaidimas","description":"\u201eWOOPIE\u201c Montessori dinozaur\u0173 d\u0117lion\u0117 \u2013 form\u0173 derinimo lavinamasis \u017eaidimas - KidsPlay. Did\u017eiausias vaik\u0173 \u017eaisl\u0173 pasirinkimas.","robots":{"index":"index","follow":"follow","max-snippet":"max-snippet:-1","max-image-preview":"max-image-preview:large","max-video-preview":"max-video-preview:-1"},"canonical":"https:\/\/kidsplay.lt\/lv\/products\/woopie-montessori-dinozauru-delione-formu-derinimo-lavinamasis-zaidimas\/","og_locale":"lv_LV","og_type":"article","og_title":"\u201eWOOPIE\u201c Montessori dinozaur\u0173 d\u0117lion\u0117 \u2013 form\u0173 derinimo lavinamasis \u017eaidimas","og_description":"\u201eWOOPIE\u201c Montessori dinozaur\u0173 d\u0117lion\u0117 \u2013 form\u0173 derinimo lavinamasis \u017eaidimas - KidsPlay. Did\u017eiausias vaik\u0173 \u017eaisl\u0173 pasirinkimas.","og_url":"https:\/\/kidsplay.lt\/lv\/products\/woopie-montessori-dinozauru-delione-formu-derinimo-lavinamasis-zaidimas\/","og_site_name":"KidsPlay","article_publisher":"https:\/\/www.facebook.com\/www.kidsplay.lt","article_modified_time":"2026-04-24T05:06:09+00:00","og_image":[{"width":2560,"height":2560,"url":"https:\/\/kidsplay.lt\/wp-content\/uploads\/2026\/04\/\u201eWOOPIE-Montessori-dinozauru-delione-\u2013-formu-derinimo-lavinamasis-zaidimas.jpg","type":"image\/jpeg"}],"twitter_card":"summary_large_image","twitter_misc":{"Est. reading time":"1 min\u016bte"},"schema":{"@context":"https:\/\/schema.org","@graph":[{"@type":"WebPage","@id":"https:\/\/kidsplay.lt\/produktas\/woopie-montessori-dinozauru-delione-formu-derinimo-lavinamasis-zaidimas\/","url":"https:\/\/kidsplay.lt\/produktas\/woopie-montessori-dinozauru-delione-formu-derinimo-lavinamasis-zaidimas\/","name":"\u201eWOOPIE\u201c Montessori dinozaur\u0173 d\u0117lion\u0117 \u2013 form\u0173 derinimo lavinamasis \u017eaidimas","isPartOf":{"@id":"https:\/\/kidsplay.lt\/#website"},"primaryImageOfPage":{"@id":"https:\/\/kidsplay.lt\/produktas\/woopie-montessori-dinozauru-delione-formu-derinimo-lavinamasis-zaidimas\/#primaryimage"},"image":{"@id":"https:\/\/kidsplay.lt\/produktas\/woopie-montessori-dinozauru-delione-formu-derinimo-lavinamasis-zaidimas\/#primaryimage"},"thumbnailUrl":"https:\/\/kidsplay.lt\/wp-content\/uploads\/2026\/04\/\u201eWOOPIE-Montessori-dinozauru-delione-\u2013-formu-derinimo-lavinamasis-zaidimas.jpg","datePublished":"2026-04-24T05:05:50+00:00","dateModified":"2026-04-24T05:06:09+00:00","description":"\u201eWOOPIE\u201c Montessori dinozaur\u0173 d\u0117lion\u0117 \u2013 form\u0173 derinimo lavinamasis \u017eaidimas - KidsPlay. Did\u017eiausias vaik\u0173 \u017eaisl\u0173 pasirinkimas.","breadcrumb":{"@id":"https:\/\/kidsplay.lt\/produktas\/woopie-montessori-dinozauru-delione-formu-derinimo-lavinamasis-zaidimas\/#breadcrumb"},"inLanguage":"lv-LV","potentialAction":[{"@type":"ReadAction","target":["https:\/\/kidsplay.lt\/produktas\/woopie-montessori-dinozauru-delione-formu-derinimo-lavinamasis-zaidimas\/"]}]},{"@type":"ImageObject","inLanguage":"lv-LV","@id":"https:\/\/kidsplay.lt\/produktas\/woopie-montessori-dinozauru-delione-formu-derinimo-lavinamasis-zaidimas\/#primaryimage","url":"https:\/\/kidsplay.lt\/wp-content\/uploads\/2026\/04\/\u201eWOOPIE-Montessori-dinozauru-delione-\u2013-formu-derinimo-lavinamasis-zaidimas.jpg","contentUrl":"https:\/\/kidsplay.lt\/wp-content\/uploads\/2026\/04\/\u201eWOOPIE-Montessori-dinozauru-delione-\u2013-formu-derinimo-lavinamasis-zaidimas.jpg","width":2560,"height":2560,"caption":"\u201eWOOPIE\u201c Montessori dinozaur\u0173 d\u0117lion\u0117 \u2013 form\u0173 derinimo lavinamasis \u017eaidimas"},{"@type":"BreadcrumbList","@id":"https:\/\/kidsplay.lt\/produktas\/woopie-montessori-dinozauru-delione-formu-derinimo-lavinamasis-zaidimas\/#breadcrumb","itemListElement":[{"@type":"ListItem","position":1,"name":"Pagrindinis","item":"https:\/\/kidsplay.lt\/"},{"@type":"ListItem","position":2,"name":"Parduotuv\u0117","item":"https:\/\/kidsplay.lt\/parduotuve\/"},{"@type":"ListItem","position":3,"name":"\u201eWOOPIE\u201c Montessori dinozaur\u0173 d\u0117lion\u0117 \u2013 form\u0173 derinimo lavinamasis \u017eaidimas"}]},{"@type":"WebSite","@id":"https:\/\/kidsplay.lt\/#website","url":"https:\/\/kidsplay.lt\/","name":"B\u0113rnu sp\u0113les.lv","description":"\u012evairios prek\u0117s vaikams","publisher":{"@id":"https:\/\/kidsplay.lt\/#organization"},"alternateName":"Kidsplay","potentialAction":[{"@type":"SearchAction","target":{"@type":"EntryPoint","urlTemplate":"https:\/\/kidsplay.lt\/?s={search_term_string}"},"query-input":{"@type":"PropertyValueSpecification","valueRequired":true,"valueName":"search_term_string"}}],"inLanguage":"lv-LV"},{"@type":"Organization","@id":"https:\/\/kidsplay.lt\/#organization","name":"B\u0113rnu sp\u0113le","url":"https:\/\/kidsplay.lt\/","logo":{"@type":"ImageObject","inLanguage":"lv-LV","@id":"https:\/\/kidsplay.lt\/#\/schema\/logo\/image\/","url":"https:\/\/kidsplay.lt\/wp-content\/uploads\/2023\/07\/kidsplay-logo.png","contentUrl":"https:\/\/kidsplay.lt\/wp-content\/uploads\/2023\/07\/kidsplay-logo.png","width":451,"height":98,"caption":"KidsPlay"},"image":{"@id":"https:\/\/kidsplay.lt\/#\/schema\/logo\/image\/"},"sameAs":["https:\/\/www.facebook.com\/www.kidsplay.lt"]}]}},"_links":{"self":[{"href":"https:\/\/kidsplay.lt\/lv\/wp-json\/wp\/v2\/product\/108707","targetHints":{"allow":["GET"]}}],"collection":[{"href":"https:\/\/kidsplay.lt\/lv\/wp-json\/wp\/v2\/product"}],"about":[{"href":"https:\/\/kidsplay.lt\/lv\/wp-json\/wp\/v2\/types\/product"}],"version-history":[{"count":1,"href":"https:\/\/kidsplay.lt\/lv\/wp-json\/wp\/v2\/product\/108707\/revisions"}],"predecessor-version":[{"id":108708,"href":"https:\/\/kidsplay.lt\/lv\/wp-json\/wp\/v2\/product\/108707\/revisions\/108708"}],"wp:featuredmedia":[{"embeddable":true,"href":"https:\/\/kidsplay.lt\/lv\/wp-json\/wp\/v2\/media\/108709"}],"wp:attachment":[{"href":"https:\/\/kidsplay.lt\/lv\/wp-json\/wp\/v2\/media?parent=108707"}],"wp:term":[{"taxonomy":"product_brand","embeddable":true,"href":"https:\/\/kidsplay.lt\/lv\/wp-json\/wp\/v2\/product_brand?post=108707"},{"taxonomy":"product_cat","embeddable":true,"href":"https:\/\/kidsplay.lt\/lv\/wp-json\/wp\/v2\/product_cat?post=108707"},{"taxonomy":"product_tag","embeddable":true,"href":"https:\/\/kidsplay.lt\/lv\/wp-json\/wp\/v2\/product_tag?post=108707"}],"curies":[{"name":"wp","href":"https:\/\/api.w.org\/{rel}","templated":true}]}}