{"id":108714,"date":"2026-04-24T08:06:19","date_gmt":"2026-04-24T05:06:19","guid":{"rendered":"https:\/\/kidsplay.lt\/produktas\/woopie-kalimo-igudziu-zaidimas-statybu-aikstele-su-priedais\/"},"modified":"2026-04-24T08:06:35","modified_gmt":"2026-04-24T05:06:35","slug":"woopie-kalimo-igudziu-zaidimas-statybu-aikstele-su-priedais","status":"publish","type":"product","link":"https:\/\/kidsplay.lt\/lv\/products\/woopie-kalimo-igudziu-zaidimas-statybu-aikstele-su-priedais\/","title":{"rendered":"\u201eWOOPIE\u201c kalimo \u012fg\u016bd\u017ei\u0173 \u017eaidimas \u2013 statyb\u0173 aik\u0161tel\u0117 su priedais"},"content":{"rendered":"<p>\u201eWOOPIE\u201c 2-in-1 statyb\u0173 sunkve\u017eimis yra unikalus \u017eaislas, suteikiantis vaikams valand\u0173 valandas k\u016brybi\u0161ko, aktyvaus ir \u012fdomaus \u017eaidimo. Jis sujungia dinami\u0161k\u0105 arkadin\u012f \u017eaidim\u0105 \u201emu\u0161k kurmius\u201c su klasikiniu va\u017eiuojamu automobiliu. Tiesiog \u012fmesk monet\u0105, paimk mink\u0161t\u0105 plaktuk\u0105 ir rink ta\u0161kus, dau\u017eydamas \u201ekurmius\u201c \u2013 ma\u017eus geltonus automobiliukus! Spalvingas dizainas, tvirta konstrukcija ir daugiafunkci\u0161kumas u\u017etikrina, kad \u0161is \u017eaislas patrauks kiekvieno ma\u017eojo d\u0117mes\u012f.<br \/>\nFunkcijas:<\/p>\n<p> \tSkirtas vaikams nuo 3 met\u0173<br \/>\n \tPagamintas i\u0161 auk\u0161tos kokyb\u0117s med\u017eiag\u0173<br \/>\n \t2-in-1 \u017eaislas \u2013 \u201emu\u0161k kurmius\u201c \u017eaidimas ir judantis statyb\u0173 automobilis<br \/>\n \t6 grei\u010diai ir 3 sud\u0117tingumo lygiai i\u0161bandys vaiko \u012fg\u016bd\u017eius<br \/>\n \tTa\u0161k\u0173 rodymo ekranas<br \/>\n \tSaugus, mink\u0161tas plaktukas ir u\u017eapvalintos detal\u0117s<br \/>\n \tLyg\u016bs ratukai leid\u017eia laisvai jud\u0117ti per grindis<br \/>\n \tSiurbtukai apa\u010dioje u\u017etikrina stabilum\u0105 \u017eaidimo metu<\/p>\n<p>Komplekt\u0101 ietilpst:<\/p>\n<p> \tStatyb\u0173 sunkve\u017eimis<br \/>\n \tPlaktukas<br \/>\n \t6 monetos<br \/>\n \tMini statybinis automobilis<\/p>","protected":false},"excerpt":{"rendered":"<p>\u201eWOOPIE\u201c 2-in-1 statyb\u0173 sunkve\u017eimis yra unikalus \u017eaislas, suteikiantis vaikams valand\u0173 valandas k\u016brybi\u0161ko, aktyvaus ir \u012fdomaus \u017eaidimo. Jis sujungia dinami\u0161k\u0105 arkadin\u012f<\/p>","protected":false},"featured_media":108716,"template":"","meta":{"_acf_changed":false,"_glsr_average":0,"_glsr_ranking":0,"_glsr_reviews":0},"product_brand":[],"product_cat":[445,229],"product_tag":[],"class_list":{"0":"post-108714","1":"product","2":"type-product","3":"status-publish","4":"has-post-thumbnail","6":"product_cat-stalo-zaidimai","7":"product_cat-zaislai-vaikams","8":"\"style=\"background-color: #2ecc711c;\"","10":"first","11":"instock","12":"purchasable","13":"product-type-simple"},"acf":[],"yoast_head":"<!-- This site is optimized with the Yoast SEO plugin v27.4 - https:\/\/yoast.com\/product\/yoast-seo-wordpress\/ -->\n<title>\u201eWOOPIE\u201c kalimo \u012fg\u016bd\u017ei\u0173 \u017eaidimas \u2013 statyb\u0173 aik\u0161tel\u0117 su priedais<\/title>\n<meta name=\"description\" content=\"\u201eWOOPIE\u201c kalimo \u012fg\u016bd\u017ei\u0173 \u017eaidimas \u2013 statyb\u0173 aik\u0161tel\u0117 su priedais - KidsPlay. Did\u017eiausias vaik\u0173 \u017eaisl\u0173 pasirinkimas.\" \/>\n<meta name=\"robots\" content=\"index, follow, max-snippet:-1, max-image-preview:large, max-video-preview:-1\" \/>\n<link rel=\"canonical\" href=\"https:\/\/kidsplay.lt\/lv\/products\/woopie-kalimo-igudziu-zaidimas-statybu-aikstele-su-priedais\/\" \/>\n<meta property=\"og:locale\" content=\"lv_LV\" \/>\n<meta property=\"og:type\" content=\"article\" \/>\n<meta property=\"og:title\" content=\"\u201eWOOPIE\u201c kalimo \u012fg\u016bd\u017ei\u0173 \u017eaidimas \u2013 statyb\u0173 aik\u0161tel\u0117 su priedais\" \/>\n<meta property=\"og:description\" content=\"\u201eWOOPIE\u201c kalimo \u012fg\u016bd\u017ei\u0173 \u017eaidimas \u2013 statyb\u0173 aik\u0161tel\u0117 su priedais - KidsPlay. Did\u017eiausias vaik\u0173 \u017eaisl\u0173 pasirinkimas.\" \/>\n<meta property=\"og:url\" content=\"https:\/\/kidsplay.lt\/lv\/products\/woopie-kalimo-igudziu-zaidimas-statybu-aikstele-su-priedais\/\" \/>\n<meta property=\"og:site_name\" content=\"KidsPlay\" \/>\n<meta property=\"article:publisher\" content=\"https:\/\/www.facebook.com\/www.kidsplay.lt\" \/>\n<meta property=\"article:modified_time\" content=\"2026-04-24T05:06:35+00:00\" \/>\n<meta property=\"og:image\" content=\"https:\/\/kidsplay.lt\/wp-content\/uploads\/2026\/04\/\u201eWOOPIE-kalimo-igudziu-zaidimas-\u2013-statybu-aikstele-su-priedais.jpg\" \/>\n\t<meta property=\"og:image:width\" content=\"1000\" \/>\n\t<meta property=\"og:image:height\" content=\"1000\" \/>\n\t<meta property=\"og:image:type\" content=\"image\/jpeg\" \/>\n<meta name=\"twitter:card\" content=\"summary_large_image\" \/>\n<meta name=\"twitter:label1\" content=\"Est. reading time\" \/>\n\t<meta name=\"twitter:data1\" content=\"1 min\u016bte\" \/>\n<script type=\"application\/ld+json\" class=\"yoast-schema-graph\">{\"@context\":\"https:\\\/\\\/schema.org\",\"@graph\":[{\"@type\":\"WebPage\",\"@id\":\"https:\\\/\\\/kidsplay.lt\\\/produktas\\\/woopie-kalimo-igudziu-zaidimas-statybu-aikstele-su-priedais\\\/\",\"url\":\"https:\\\/\\\/kidsplay.lt\\\/produktas\\\/woopie-kalimo-igudziu-zaidimas-statybu-aikstele-su-priedais\\\/\",\"name\":\"\u201eWOOPIE\u201c kalimo \u012fg\u016bd\u017ei\u0173 \u017eaidimas \u2013 statyb\u0173 aik\u0161tel\u0117 su priedais\",\"isPartOf\":{\"@id\":\"https:\\\/\\\/kidsplay.lt\\\/#website\"},\"primaryImageOfPage\":{\"@id\":\"https:\\\/\\\/kidsplay.lt\\\/produktas\\\/woopie-kalimo-igudziu-zaidimas-statybu-aikstele-su-priedais\\\/#primaryimage\"},\"image\":{\"@id\":\"https:\\\/\\\/kidsplay.lt\\\/produktas\\\/woopie-kalimo-igudziu-zaidimas-statybu-aikstele-su-priedais\\\/#primaryimage\"},\"thumbnailUrl\":\"https:\\\/\\\/kidsplay.lt\\\/wp-content\\\/uploads\\\/2026\\\/04\\\/\u201eWOOPIE-kalimo-igudziu-zaidimas-\u2013-statybu-aikstele-su-priedais.jpg\",\"datePublished\":\"2026-04-24T05:06:19+00:00\",\"dateModified\":\"2026-04-24T05:06:35+00:00\",\"description\":\"\u201eWOOPIE\u201c kalimo \u012fg\u016bd\u017ei\u0173 \u017eaidimas \u2013 statyb\u0173 aik\u0161tel\u0117 su priedais - KidsPlay. Did\u017eiausias vaik\u0173 \u017eaisl\u0173 pasirinkimas.\",\"breadcrumb\":{\"@id\":\"https:\\\/\\\/kidsplay.lt\\\/produktas\\\/woopie-kalimo-igudziu-zaidimas-statybu-aikstele-su-priedais\\\/#breadcrumb\"},\"inLanguage\":\"lv-LV\",\"potentialAction\":[{\"@type\":\"ReadAction\",\"target\":[\"https:\\\/\\\/kidsplay.lt\\\/produktas\\\/woopie-kalimo-igudziu-zaidimas-statybu-aikstele-su-priedais\\\/\"]}]},{\"@type\":\"ImageObject\",\"inLanguage\":\"lv-LV\",\"@id\":\"https:\\\/\\\/kidsplay.lt\\\/produktas\\\/woopie-kalimo-igudziu-zaidimas-statybu-aikstele-su-priedais\\\/#primaryimage\",\"url\":\"https:\\\/\\\/kidsplay.lt\\\/wp-content\\\/uploads\\\/2026\\\/04\\\/\u201eWOOPIE-kalimo-igudziu-zaidimas-\u2013-statybu-aikstele-su-priedais.jpg\",\"contentUrl\":\"https:\\\/\\\/kidsplay.lt\\\/wp-content\\\/uploads\\\/2026\\\/04\\\/\u201eWOOPIE-kalimo-igudziu-zaidimas-\u2013-statybu-aikstele-su-priedais.jpg\",\"width\":1000,\"height\":1000,\"caption\":\"\u201eWOOPIE\u201c kalimo \u012fg\u016bd\u017ei\u0173 \u017eaidimas \u2013 statyb\u0173 aik\u0161tel\u0117 su priedais\"},{\"@type\":\"BreadcrumbList\",\"@id\":\"https:\\\/\\\/kidsplay.lt\\\/produktas\\\/woopie-kalimo-igudziu-zaidimas-statybu-aikstele-su-priedais\\\/#breadcrumb\",\"itemListElement\":[{\"@type\":\"ListItem\",\"position\":1,\"name\":\"Pagrindinis\",\"item\":\"https:\\\/\\\/kidsplay.lt\\\/\"},{\"@type\":\"ListItem\",\"position\":2,\"name\":\"Parduotuv\u0117\",\"item\":\"https:\\\/\\\/kidsplay.lt\\\/parduotuve\\\/\"},{\"@type\":\"ListItem\",\"position\":3,\"name\":\"\u201eWOOPIE\u201c kalimo \u012fg\u016bd\u017ei\u0173 \u017eaidimas \u2013 statyb\u0173 aik\u0161tel\u0117 su priedais\"}]},{\"@type\":\"WebSite\",\"@id\":\"https:\\\/\\\/kidsplay.lt\\\/#website\",\"url\":\"https:\\\/\\\/kidsplay.lt\\\/\",\"name\":\"Kidsplay.lt\",\"description\":\"\u012evairios prek\u0117s vaikams\",\"publisher\":{\"@id\":\"https:\\\/\\\/kidsplay.lt\\\/#organization\"},\"alternateName\":\"Kidsplay\",\"potentialAction\":[{\"@type\":\"SearchAction\",\"target\":{\"@type\":\"EntryPoint\",\"urlTemplate\":\"https:\\\/\\\/kidsplay.lt\\\/?s={search_term_string}\"},\"query-input\":{\"@type\":\"PropertyValueSpecification\",\"valueRequired\":true,\"valueName\":\"search_term_string\"}}],\"inLanguage\":\"lv-LV\"},{\"@type\":\"Organization\",\"@id\":\"https:\\\/\\\/kidsplay.lt\\\/#organization\",\"name\":\"KidsPlay\",\"url\":\"https:\\\/\\\/kidsplay.lt\\\/\",\"logo\":{\"@type\":\"ImageObject\",\"inLanguage\":\"lv-LV\",\"@id\":\"https:\\\/\\\/kidsplay.lt\\\/#\\\/schema\\\/logo\\\/image\\\/\",\"url\":\"https:\\\/\\\/kidsplay.lt\\\/wp-content\\\/uploads\\\/2023\\\/07\\\/kidsplay-logo.png\",\"contentUrl\":\"https:\\\/\\\/kidsplay.lt\\\/wp-content\\\/uploads\\\/2023\\\/07\\\/kidsplay-logo.png\",\"width\":451,\"height\":98,\"caption\":\"KidsPlay\"},\"image\":{\"@id\":\"https:\\\/\\\/kidsplay.lt\\\/#\\\/schema\\\/logo\\\/image\\\/\"},\"sameAs\":[\"https:\\\/\\\/www.facebook.com\\\/www.kidsplay.lt\"]}]}<\/script>\n<!-- \/ Yoast SEO plugin. -->","yoast_head_json":{"title":"\u201eWOOPIE\u201c kalimo \u012fg\u016bd\u017ei\u0173 \u017eaidimas \u2013 statyb\u0173 aik\u0161tel\u0117 su priedais","description":"\u201eWOOPIE\u201c kalimo \u012fg\u016bd\u017ei\u0173 \u017eaidimas \u2013 statyb\u0173 aik\u0161tel\u0117 su priedais - KidsPlay. Did\u017eiausias vaik\u0173 \u017eaisl\u0173 pasirinkimas.","robots":{"index":"index","follow":"follow","max-snippet":"max-snippet:-1","max-image-preview":"max-image-preview:large","max-video-preview":"max-video-preview:-1"},"canonical":"https:\/\/kidsplay.lt\/lv\/products\/woopie-kalimo-igudziu-zaidimas-statybu-aikstele-su-priedais\/","og_locale":"lv_LV","og_type":"article","og_title":"\u201eWOOPIE\u201c kalimo \u012fg\u016bd\u017ei\u0173 \u017eaidimas \u2013 statyb\u0173 aik\u0161tel\u0117 su priedais","og_description":"\u201eWOOPIE\u201c kalimo \u012fg\u016bd\u017ei\u0173 \u017eaidimas \u2013 statyb\u0173 aik\u0161tel\u0117 su priedais - KidsPlay. Did\u017eiausias vaik\u0173 \u017eaisl\u0173 pasirinkimas.","og_url":"https:\/\/kidsplay.lt\/lv\/products\/woopie-kalimo-igudziu-zaidimas-statybu-aikstele-su-priedais\/","og_site_name":"KidsPlay","article_publisher":"https:\/\/www.facebook.com\/www.kidsplay.lt","article_modified_time":"2026-04-24T05:06:35+00:00","og_image":[{"width":1000,"height":1000,"url":"https:\/\/kidsplay.lt\/wp-content\/uploads\/2026\/04\/\u201eWOOPIE-kalimo-igudziu-zaidimas-\u2013-statybu-aikstele-su-priedais.jpg","type":"image\/jpeg"}],"twitter_card":"summary_large_image","twitter_misc":{"Est. reading time":"1 min\u016bte"},"schema":{"@context":"https:\/\/schema.org","@graph":[{"@type":"WebPage","@id":"https:\/\/kidsplay.lt\/produktas\/woopie-kalimo-igudziu-zaidimas-statybu-aikstele-su-priedais\/","url":"https:\/\/kidsplay.lt\/produktas\/woopie-kalimo-igudziu-zaidimas-statybu-aikstele-su-priedais\/","name":"\u201eWOOPIE\u201c kalimo \u012fg\u016bd\u017ei\u0173 \u017eaidimas \u2013 statyb\u0173 aik\u0161tel\u0117 su priedais","isPartOf":{"@id":"https:\/\/kidsplay.lt\/#website"},"primaryImageOfPage":{"@id":"https:\/\/kidsplay.lt\/produktas\/woopie-kalimo-igudziu-zaidimas-statybu-aikstele-su-priedais\/#primaryimage"},"image":{"@id":"https:\/\/kidsplay.lt\/produktas\/woopie-kalimo-igudziu-zaidimas-statybu-aikstele-su-priedais\/#primaryimage"},"thumbnailUrl":"https:\/\/kidsplay.lt\/wp-content\/uploads\/2026\/04\/\u201eWOOPIE-kalimo-igudziu-zaidimas-\u2013-statybu-aikstele-su-priedais.jpg","datePublished":"2026-04-24T05:06:19+00:00","dateModified":"2026-04-24T05:06:35+00:00","description":"\u201eWOOPIE\u201c kalimo \u012fg\u016bd\u017ei\u0173 \u017eaidimas \u2013 statyb\u0173 aik\u0161tel\u0117 su priedais - KidsPlay. Did\u017eiausias vaik\u0173 \u017eaisl\u0173 pasirinkimas.","breadcrumb":{"@id":"https:\/\/kidsplay.lt\/produktas\/woopie-kalimo-igudziu-zaidimas-statybu-aikstele-su-priedais\/#breadcrumb"},"inLanguage":"lv-LV","potentialAction":[{"@type":"ReadAction","target":["https:\/\/kidsplay.lt\/produktas\/woopie-kalimo-igudziu-zaidimas-statybu-aikstele-su-priedais\/"]}]},{"@type":"ImageObject","inLanguage":"lv-LV","@id":"https:\/\/kidsplay.lt\/produktas\/woopie-kalimo-igudziu-zaidimas-statybu-aikstele-su-priedais\/#primaryimage","url":"https:\/\/kidsplay.lt\/wp-content\/uploads\/2026\/04\/\u201eWOOPIE-kalimo-igudziu-zaidimas-\u2013-statybu-aikstele-su-priedais.jpg","contentUrl":"https:\/\/kidsplay.lt\/wp-content\/uploads\/2026\/04\/\u201eWOOPIE-kalimo-igudziu-zaidimas-\u2013-statybu-aikstele-su-priedais.jpg","width":1000,"height":1000,"caption":"\u201eWOOPIE\u201c kalimo \u012fg\u016bd\u017ei\u0173 \u017eaidimas \u2013 statyb\u0173 aik\u0161tel\u0117 su priedais"},{"@type":"BreadcrumbList","@id":"https:\/\/kidsplay.lt\/produktas\/woopie-kalimo-igudziu-zaidimas-statybu-aikstele-su-priedais\/#breadcrumb","itemListElement":[{"@type":"ListItem","position":1,"name":"Pagrindinis","item":"https:\/\/kidsplay.lt\/"},{"@type":"ListItem","position":2,"name":"Parduotuv\u0117","item":"https:\/\/kidsplay.lt\/parduotuve\/"},{"@type":"ListItem","position":3,"name":"\u201eWOOPIE\u201c kalimo \u012fg\u016bd\u017ei\u0173 \u017eaidimas \u2013 statyb\u0173 aik\u0161tel\u0117 su priedais"}]},{"@type":"WebSite","@id":"https:\/\/kidsplay.lt\/#website","url":"https:\/\/kidsplay.lt\/","name":"B\u0113rnu sp\u0113les.lv","description":"\u012evairios prek\u0117s vaikams","publisher":{"@id":"https:\/\/kidsplay.lt\/#organization"},"alternateName":"Kidsplay","potentialAction":[{"@type":"SearchAction","target":{"@type":"EntryPoint","urlTemplate":"https:\/\/kidsplay.lt\/?s={search_term_string}"},"query-input":{"@type":"PropertyValueSpecification","valueRequired":true,"valueName":"search_term_string"}}],"inLanguage":"lv-LV"},{"@type":"Organization","@id":"https:\/\/kidsplay.lt\/#organization","name":"B\u0113rnu sp\u0113le","url":"https:\/\/kidsplay.lt\/","logo":{"@type":"ImageObject","inLanguage":"lv-LV","@id":"https:\/\/kidsplay.lt\/#\/schema\/logo\/image\/","url":"https:\/\/kidsplay.lt\/wp-content\/uploads\/2023\/07\/kidsplay-logo.png","contentUrl":"https:\/\/kidsplay.lt\/wp-content\/uploads\/2023\/07\/kidsplay-logo.png","width":451,"height":98,"caption":"KidsPlay"},"image":{"@id":"https:\/\/kidsplay.lt\/#\/schema\/logo\/image\/"},"sameAs":["https:\/\/www.facebook.com\/www.kidsplay.lt"]}]}},"_links":{"self":[{"href":"https:\/\/kidsplay.lt\/lv\/wp-json\/wp\/v2\/product\/108714","targetHints":{"allow":["GET"]}}],"collection":[{"href":"https:\/\/kidsplay.lt\/lv\/wp-json\/wp\/v2\/product"}],"about":[{"href":"https:\/\/kidsplay.lt\/lv\/wp-json\/wp\/v2\/types\/product"}],"version-history":[{"count":1,"href":"https:\/\/kidsplay.lt\/lv\/wp-json\/wp\/v2\/product\/108714\/revisions"}],"predecessor-version":[{"id":108715,"href":"https:\/\/kidsplay.lt\/lv\/wp-json\/wp\/v2\/product\/108714\/revisions\/108715"}],"wp:featuredmedia":[{"embeddable":true,"href":"https:\/\/kidsplay.lt\/lv\/wp-json\/wp\/v2\/media\/108716"}],"wp:attachment":[{"href":"https:\/\/kidsplay.lt\/lv\/wp-json\/wp\/v2\/media?parent=108714"}],"wp:term":[{"taxonomy":"product_brand","embeddable":true,"href":"https:\/\/kidsplay.lt\/lv\/wp-json\/wp\/v2\/product_brand?post=108714"},{"taxonomy":"product_cat","embeddable":true,"href":"https:\/\/kidsplay.lt\/lv\/wp-json\/wp\/v2\/product_cat?post=108714"},{"taxonomy":"product_tag","embeddable":true,"href":"https:\/\/kidsplay.lt\/lv\/wp-json\/wp\/v2\/product_tag?post=108714"}],"curies":[{"name":"wp","href":"https:\/\/api.w.org\/{rel}","templated":true}]}}