{"id":108735,"date":"2026-04-24T08:07:16","date_gmt":"2026-04-24T05:07:16","guid":{"rendered":"https:\/\/kidsplay.lt\/produktas\/viga-medinis-leliu-vezimelis-su-gondola\/"},"modified":"2026-04-24T08:07:32","modified_gmt":"2026-04-24T05:07:32","slug":"viga-medinis-leliu-vezimelis-su-gondola","status":"publish","type":"product","link":"https:\/\/kidsplay.lt\/lv\/products\/viga-medinis-leliu-vezimelis-su-gondola\/","title":{"rendered":"\u201eVIGA\u201c medinis l\u0117li\u0173 ve\u017eim\u0117lis su gondola"},"content":{"rendered":"<p>\u0160is \u017eavus medinis l\u0117li\u0173 ve\u017eim\u0117lis i\u0161 gerai \u017einomo \u201eViga\u201c prek\u0117s \u017eenklo sujungia auk\u0161tos kokyb\u0117s medien\u0105 su moderniu dizainu. EVA padangos u\u017etikrina tvirt\u0105, neslystan\u010di\u0105 konstrukcij\u0105, tod\u0117l \u017eaidimas yra saugus vaikams. Ve\u017eim\u0117lis pasi\u017eymi \u0161iuolaiki\u0161komis, \u0161viesiomis spalvomis, o med\u017eiaginis stogelis puikiai papildo vientis\u0105 \u017eaislo i\u0161vaizd\u0105.<br \/>\nFunkcijas:<\/p>\n<p> \t\u017daislas nuo 18 m\u0117nesi\u0173 am\u017eiaus<br \/>\n \tJudinamas med\u017eiaginis stogelis<br \/>\n \tSaug\u016bs, neslystantys EVA ratukai<br \/>\n \tTvirta medin\u0117 konstrukcija<br \/>\n \tPuikiai tinka vaidmen\u0173 \u017eaidimams<br \/>\n \t\u017daidimas su l\u0117l\u0117mis lavina vaik\u0173 vaizduot\u0119, moko empatijos ir palaiko emocin\u012f vystym\u0105si<\/p>","protected":false},"excerpt":{"rendered":"<p>\u0160is \u017eavus medinis l\u0117li\u0173 ve\u017eim\u0117lis i\u0161 gerai \u017einomo \u201eViga\u201c prek\u0117s \u017eenklo sujungia auk\u0161tos kokyb\u0117s medien\u0105 su moderniu dizainu. EVA padangos<\/p>","protected":false},"featured_media":108737,"template":"","meta":{"_acf_changed":false,"_glsr_average":0,"_glsr_ranking":0,"_glsr_reviews":0},"product_brand":[],"product_cat":[443,229],"product_tag":[],"class_list":{"0":"post-108735","1":"product","2":"type-product","3":"status-publish","4":"has-post-thumbnail","6":"product_cat-leles-ir-priedai","7":"product_cat-zaislai-vaikams","8":"\"style=\"background-color: #2ecc711c;\"","10":"first","11":"instock","12":"purchasable","13":"product-type-simple"},"acf":[],"yoast_head":"<!-- This site is optimized with the Yoast SEO plugin v27.4 - https:\/\/yoast.com\/product\/yoast-seo-wordpress\/ -->\n<title>\u201eVIGA\u201c medinis l\u0117li\u0173 ve\u017eim\u0117lis su gondola<\/title>\n<meta name=\"description\" content=\"\u201eVIGA\u201c medinis l\u0117li\u0173 ve\u017eim\u0117lis su gondola - KidsPlay. Did\u017eiausias vaik\u0173 \u017eaisl\u0173 pasirinkimas.\" \/>\n<meta name=\"robots\" content=\"index, follow, max-snippet:-1, max-image-preview:large, max-video-preview:-1\" \/>\n<link rel=\"canonical\" href=\"https:\/\/kidsplay.lt\/lv\/products\/viga-medinis-leliu-vezimelis-su-gondola\/\" \/>\n<meta property=\"og:locale\" content=\"lv_LV\" \/>\n<meta property=\"og:type\" content=\"article\" \/>\n<meta property=\"og:title\" content=\"\u201eVIGA\u201c medinis l\u0117li\u0173 ve\u017eim\u0117lis su gondola\" \/>\n<meta property=\"og:description\" content=\"\u201eVIGA\u201c medinis l\u0117li\u0173 ve\u017eim\u0117lis su gondola - KidsPlay. Did\u017eiausias vaik\u0173 \u017eaisl\u0173 pasirinkimas.\" \/>\n<meta property=\"og:url\" content=\"https:\/\/kidsplay.lt\/lv\/products\/viga-medinis-leliu-vezimelis-su-gondola\/\" \/>\n<meta property=\"og:site_name\" content=\"KidsPlay\" \/>\n<meta property=\"article:publisher\" content=\"https:\/\/www.facebook.com\/www.kidsplay.lt\" \/>\n<meta property=\"article:modified_time\" content=\"2026-04-24T05:07:32+00:00\" \/>\n<meta property=\"og:image\" content=\"https:\/\/kidsplay.lt\/wp-content\/uploads\/2026\/04\/\u201eVIGA-medinis-leliu-vezimelis-su-gondola.jpg\" \/>\n\t<meta property=\"og:image:width\" content=\"2560\" \/>\n\t<meta property=\"og:image:height\" content=\"2560\" \/>\n\t<meta property=\"og:image:type\" content=\"image\/jpeg\" \/>\n<meta name=\"twitter:card\" content=\"summary_large_image\" \/>\n<script type=\"application\/ld+json\" class=\"yoast-schema-graph\">{\"@context\":\"https:\\\/\\\/schema.org\",\"@graph\":[{\"@type\":\"WebPage\",\"@id\":\"https:\\\/\\\/kidsplay.lt\\\/produktas\\\/viga-medinis-leliu-vezimelis-su-gondola\\\/\",\"url\":\"https:\\\/\\\/kidsplay.lt\\\/produktas\\\/viga-medinis-leliu-vezimelis-su-gondola\\\/\",\"name\":\"\u201eVIGA\u201c medinis l\u0117li\u0173 ve\u017eim\u0117lis su gondola\",\"isPartOf\":{\"@id\":\"https:\\\/\\\/kidsplay.lt\\\/#website\"},\"primaryImageOfPage\":{\"@id\":\"https:\\\/\\\/kidsplay.lt\\\/produktas\\\/viga-medinis-leliu-vezimelis-su-gondola\\\/#primaryimage\"},\"image\":{\"@id\":\"https:\\\/\\\/kidsplay.lt\\\/produktas\\\/viga-medinis-leliu-vezimelis-su-gondola\\\/#primaryimage\"},\"thumbnailUrl\":\"https:\\\/\\\/kidsplay.lt\\\/wp-content\\\/uploads\\\/2026\\\/04\\\/\u201eVIGA-medinis-leliu-vezimelis-su-gondola.jpg\",\"datePublished\":\"2026-04-24T05:07:16+00:00\",\"dateModified\":\"2026-04-24T05:07:32+00:00\",\"description\":\"\u201eVIGA\u201c medinis l\u0117li\u0173 ve\u017eim\u0117lis su gondola - KidsPlay. Did\u017eiausias vaik\u0173 \u017eaisl\u0173 pasirinkimas.\",\"breadcrumb\":{\"@id\":\"https:\\\/\\\/kidsplay.lt\\\/produktas\\\/viga-medinis-leliu-vezimelis-su-gondola\\\/#breadcrumb\"},\"inLanguage\":\"lv-LV\",\"potentialAction\":[{\"@type\":\"ReadAction\",\"target\":[\"https:\\\/\\\/kidsplay.lt\\\/produktas\\\/viga-medinis-leliu-vezimelis-su-gondola\\\/\"]}]},{\"@type\":\"ImageObject\",\"inLanguage\":\"lv-LV\",\"@id\":\"https:\\\/\\\/kidsplay.lt\\\/produktas\\\/viga-medinis-leliu-vezimelis-su-gondola\\\/#primaryimage\",\"url\":\"https:\\\/\\\/kidsplay.lt\\\/wp-content\\\/uploads\\\/2026\\\/04\\\/\u201eVIGA-medinis-leliu-vezimelis-su-gondola.jpg\",\"contentUrl\":\"https:\\\/\\\/kidsplay.lt\\\/wp-content\\\/uploads\\\/2026\\\/04\\\/\u201eVIGA-medinis-leliu-vezimelis-su-gondola.jpg\",\"width\":2560,\"height\":2560,\"caption\":\"\u201eVIGA\u201c medinis l\u0117li\u0173 ve\u017eim\u0117lis su gondola\"},{\"@type\":\"BreadcrumbList\",\"@id\":\"https:\\\/\\\/kidsplay.lt\\\/produktas\\\/viga-medinis-leliu-vezimelis-su-gondola\\\/#breadcrumb\",\"itemListElement\":[{\"@type\":\"ListItem\",\"position\":1,\"name\":\"Pagrindinis\",\"item\":\"https:\\\/\\\/kidsplay.lt\\\/\"},{\"@type\":\"ListItem\",\"position\":2,\"name\":\"Parduotuv\u0117\",\"item\":\"https:\\\/\\\/kidsplay.lt\\\/parduotuve\\\/\"},{\"@type\":\"ListItem\",\"position\":3,\"name\":\"\u201eVIGA\u201c medinis l\u0117li\u0173 ve\u017eim\u0117lis su gondola\"}]},{\"@type\":\"WebSite\",\"@id\":\"https:\\\/\\\/kidsplay.lt\\\/#website\",\"url\":\"https:\\\/\\\/kidsplay.lt\\\/\",\"name\":\"Kidsplay.lt\",\"description\":\"\u012evairios prek\u0117s vaikams\",\"publisher\":{\"@id\":\"https:\\\/\\\/kidsplay.lt\\\/#organization\"},\"alternateName\":\"Kidsplay\",\"potentialAction\":[{\"@type\":\"SearchAction\",\"target\":{\"@type\":\"EntryPoint\",\"urlTemplate\":\"https:\\\/\\\/kidsplay.lt\\\/?s={search_term_string}\"},\"query-input\":{\"@type\":\"PropertyValueSpecification\",\"valueRequired\":true,\"valueName\":\"search_term_string\"}}],\"inLanguage\":\"lv-LV\"},{\"@type\":\"Organization\",\"@id\":\"https:\\\/\\\/kidsplay.lt\\\/#organization\",\"name\":\"KidsPlay\",\"url\":\"https:\\\/\\\/kidsplay.lt\\\/\",\"logo\":{\"@type\":\"ImageObject\",\"inLanguage\":\"lv-LV\",\"@id\":\"https:\\\/\\\/kidsplay.lt\\\/#\\\/schema\\\/logo\\\/image\\\/\",\"url\":\"https:\\\/\\\/kidsplay.lt\\\/wp-content\\\/uploads\\\/2023\\\/07\\\/kidsplay-logo.png\",\"contentUrl\":\"https:\\\/\\\/kidsplay.lt\\\/wp-content\\\/uploads\\\/2023\\\/07\\\/kidsplay-logo.png\",\"width\":451,\"height\":98,\"caption\":\"KidsPlay\"},\"image\":{\"@id\":\"https:\\\/\\\/kidsplay.lt\\\/#\\\/schema\\\/logo\\\/image\\\/\"},\"sameAs\":[\"https:\\\/\\\/www.facebook.com\\\/www.kidsplay.lt\"]}]}<\/script>\n<!-- \/ Yoast SEO plugin. -->","yoast_head_json":{"title":"\u201eVIGA\u201c medinis l\u0117li\u0173 ve\u017eim\u0117lis su gondola","description":"\u201eVIGA\u201c medinis l\u0117li\u0173 ve\u017eim\u0117lis su gondola - KidsPlay. Did\u017eiausias vaik\u0173 \u017eaisl\u0173 pasirinkimas.","robots":{"index":"index","follow":"follow","max-snippet":"max-snippet:-1","max-image-preview":"max-image-preview:large","max-video-preview":"max-video-preview:-1"},"canonical":"https:\/\/kidsplay.lt\/lv\/products\/viga-medinis-leliu-vezimelis-su-gondola\/","og_locale":"lv_LV","og_type":"article","og_title":"\u201eVIGA\u201c medinis l\u0117li\u0173 ve\u017eim\u0117lis su gondola","og_description":"\u201eVIGA\u201c medinis l\u0117li\u0173 ve\u017eim\u0117lis su gondola - KidsPlay. Did\u017eiausias vaik\u0173 \u017eaisl\u0173 pasirinkimas.","og_url":"https:\/\/kidsplay.lt\/lv\/products\/viga-medinis-leliu-vezimelis-su-gondola\/","og_site_name":"KidsPlay","article_publisher":"https:\/\/www.facebook.com\/www.kidsplay.lt","article_modified_time":"2026-04-24T05:07:32+00:00","og_image":[{"width":2560,"height":2560,"url":"https:\/\/kidsplay.lt\/wp-content\/uploads\/2026\/04\/\u201eVIGA-medinis-leliu-vezimelis-su-gondola.jpg","type":"image\/jpeg"}],"twitter_card":"summary_large_image","schema":{"@context":"https:\/\/schema.org","@graph":[{"@type":"WebPage","@id":"https:\/\/kidsplay.lt\/produktas\/viga-medinis-leliu-vezimelis-su-gondola\/","url":"https:\/\/kidsplay.lt\/produktas\/viga-medinis-leliu-vezimelis-su-gondola\/","name":"\u201eVIGA\u201c medinis l\u0117li\u0173 ve\u017eim\u0117lis su gondola","isPartOf":{"@id":"https:\/\/kidsplay.lt\/#website"},"primaryImageOfPage":{"@id":"https:\/\/kidsplay.lt\/produktas\/viga-medinis-leliu-vezimelis-su-gondola\/#primaryimage"},"image":{"@id":"https:\/\/kidsplay.lt\/produktas\/viga-medinis-leliu-vezimelis-su-gondola\/#primaryimage"},"thumbnailUrl":"https:\/\/kidsplay.lt\/wp-content\/uploads\/2026\/04\/\u201eVIGA-medinis-leliu-vezimelis-su-gondola.jpg","datePublished":"2026-04-24T05:07:16+00:00","dateModified":"2026-04-24T05:07:32+00:00","description":"\u201eVIGA\u201c medinis l\u0117li\u0173 ve\u017eim\u0117lis su gondola - KidsPlay. Did\u017eiausias vaik\u0173 \u017eaisl\u0173 pasirinkimas.","breadcrumb":{"@id":"https:\/\/kidsplay.lt\/produktas\/viga-medinis-leliu-vezimelis-su-gondola\/#breadcrumb"},"inLanguage":"lv-LV","potentialAction":[{"@type":"ReadAction","target":["https:\/\/kidsplay.lt\/produktas\/viga-medinis-leliu-vezimelis-su-gondola\/"]}]},{"@type":"ImageObject","inLanguage":"lv-LV","@id":"https:\/\/kidsplay.lt\/produktas\/viga-medinis-leliu-vezimelis-su-gondola\/#primaryimage","url":"https:\/\/kidsplay.lt\/wp-content\/uploads\/2026\/04\/\u201eVIGA-medinis-leliu-vezimelis-su-gondola.jpg","contentUrl":"https:\/\/kidsplay.lt\/wp-content\/uploads\/2026\/04\/\u201eVIGA-medinis-leliu-vezimelis-su-gondola.jpg","width":2560,"height":2560,"caption":"\u201eVIGA\u201c medinis l\u0117li\u0173 ve\u017eim\u0117lis su gondola"},{"@type":"BreadcrumbList","@id":"https:\/\/kidsplay.lt\/produktas\/viga-medinis-leliu-vezimelis-su-gondola\/#breadcrumb","itemListElement":[{"@type":"ListItem","position":1,"name":"Pagrindinis","item":"https:\/\/kidsplay.lt\/"},{"@type":"ListItem","position":2,"name":"Parduotuv\u0117","item":"https:\/\/kidsplay.lt\/parduotuve\/"},{"@type":"ListItem","position":3,"name":"\u201eVIGA\u201c medinis l\u0117li\u0173 ve\u017eim\u0117lis su gondola"}]},{"@type":"WebSite","@id":"https:\/\/kidsplay.lt\/#website","url":"https:\/\/kidsplay.lt\/","name":"B\u0113rnu sp\u0113les.lv","description":"\u012evairios prek\u0117s vaikams","publisher":{"@id":"https:\/\/kidsplay.lt\/#organization"},"alternateName":"Kidsplay","potentialAction":[{"@type":"SearchAction","target":{"@type":"EntryPoint","urlTemplate":"https:\/\/kidsplay.lt\/?s={search_term_string}"},"query-input":{"@type":"PropertyValueSpecification","valueRequired":true,"valueName":"search_term_string"}}],"inLanguage":"lv-LV"},{"@type":"Organization","@id":"https:\/\/kidsplay.lt\/#organization","name":"B\u0113rnu sp\u0113le","url":"https:\/\/kidsplay.lt\/","logo":{"@type":"ImageObject","inLanguage":"lv-LV","@id":"https:\/\/kidsplay.lt\/#\/schema\/logo\/image\/","url":"https:\/\/kidsplay.lt\/wp-content\/uploads\/2023\/07\/kidsplay-logo.png","contentUrl":"https:\/\/kidsplay.lt\/wp-content\/uploads\/2023\/07\/kidsplay-logo.png","width":451,"height":98,"caption":"KidsPlay"},"image":{"@id":"https:\/\/kidsplay.lt\/#\/schema\/logo\/image\/"},"sameAs":["https:\/\/www.facebook.com\/www.kidsplay.lt"]}]}},"_links":{"self":[{"href":"https:\/\/kidsplay.lt\/lv\/wp-json\/wp\/v2\/product\/108735","targetHints":{"allow":["GET"]}}],"collection":[{"href":"https:\/\/kidsplay.lt\/lv\/wp-json\/wp\/v2\/product"}],"about":[{"href":"https:\/\/kidsplay.lt\/lv\/wp-json\/wp\/v2\/types\/product"}],"version-history":[{"count":1,"href":"https:\/\/kidsplay.lt\/lv\/wp-json\/wp\/v2\/product\/108735\/revisions"}],"predecessor-version":[{"id":108736,"href":"https:\/\/kidsplay.lt\/lv\/wp-json\/wp\/v2\/product\/108735\/revisions\/108736"}],"wp:featuredmedia":[{"embeddable":true,"href":"https:\/\/kidsplay.lt\/lv\/wp-json\/wp\/v2\/media\/108737"}],"wp:attachment":[{"href":"https:\/\/kidsplay.lt\/lv\/wp-json\/wp\/v2\/media?parent=108735"}],"wp:term":[{"taxonomy":"product_brand","embeddable":true,"href":"https:\/\/kidsplay.lt\/lv\/wp-json\/wp\/v2\/product_brand?post=108735"},{"taxonomy":"product_cat","embeddable":true,"href":"https:\/\/kidsplay.lt\/lv\/wp-json\/wp\/v2\/product_cat?post=108735"},{"taxonomy":"product_tag","embeddable":true,"href":"https:\/\/kidsplay.lt\/lv\/wp-json\/wp\/v2\/product_tag?post=108735"}],"curies":[{"name":"wp","href":"https:\/\/api.w.org\/{rel}","templated":true}]}}