{"id":108742,"date":"2026-04-24T08:07:35","date_gmt":"2026-04-24T05:07:35","guid":{"rendered":"https:\/\/kidsplay.lt\/produktas\/viga-polarb-didelis-medinis-leliu-namelis\/"},"modified":"2026-04-24T08:07:49","modified_gmt":"2026-04-24T05:07:49","slug":"viga-polarb-didelis-medinis-leliu-namelis","status":"publish","type":"product","link":"https:\/\/kidsplay.lt\/lv\/products\/viga-polarb-didelis-medinis-leliu-namelis\/","title":{"rendered":"\u201eVIGA PolarB\u201c didelis medinis l\u0117li\u0173 namelis"},"content":{"rendered":"<p>Didelis medinis namelis i\u0161 \u201eViga\u201c \u201ePolarB\u201c serijos \u2013 tai \u017eaislas, pagamintas i\u0161 auk\u0161tos kokyb\u0117s nat\u016brali\u0173 med\u017eiag\u0173, kuris tikrai prad\u017eiugins j\u016bs\u0173 vaik\u0105!<br \/>\nNamelis yra pilnai \u012frengtas ir turi visus b\u016btiniausius baldus. Vaikas ras visk\u0105, ko reikia kuriant savo pasaki\u0161k\u0105 pasaul\u012f: virtuv\u0119, svetain\u0119, vonios kambar\u012f ir jauk\u0173 miegam\u0105j\u012f, esant\u012f antrame auk\u0161te. Kiekvienas kambarys yra kruop\u0161\u010diai suprojektuotas ir apr\u016bpintas baldais bei aksesuarais. Rinkinys skatina k\u016brybi\u0161k\u0105 \u017eaidim\u0105, lavina vaizduot\u0119 ir ugdo socialinius \u012fg\u016bd\u017eius.<br \/>\nFunkcijas:<\/p>\n<p> \t\u017daislas nuo 3 met\u0173<br \/>\n \tNet 16 skirting\u0173 bald\u0173 element\u0173!<br \/>\n \t2 auk\u0161tai, sujungti laiptais<br \/>\n \tPagamintas i\u0161 auk\u0161\u010diausios kokyb\u0117s medienos, \u0161velni\u0173 pastelini\u0173 spalv\u0173<br \/>\n \tI\u0161matavimai: 405 \u00d7 195 \u00d7 380 mm<br \/>\n \tTinka l\u0117l\u0117ms iki 10 cm dyd\u017eio<\/p>\n<p>Komplekt\u0101 ietilpst:<br \/>\nVirtuv\u0117: virykl\u0117, \u0161aldytuvas, stalas su dviem k\u0117d\u0117misSvetain\u0117: sofa, fotelis, kavos staliukas, lempaVonios kambarys: kilim\u0117lis, tualetas, voniaMiegamasis: lova, spinta, komoda, naktin\u0117 lempa<\/p>","protected":false},"excerpt":{"rendered":"<p>Didelis medinis namelis i\u0161 \u201eViga\u201c \u201ePolarB\u201c serijos \u2013 tai \u017eaislas, pagamintas i\u0161 auk\u0161tos kokyb\u0117s nat\u016brali\u0173 med\u017eiag\u0173, kuris tikrai prad\u017eiugins j\u016bs\u0173<\/p>","protected":false},"featured_media":108744,"template":"","meta":{"_acf_changed":false,"_glsr_average":0,"_glsr_ranking":0,"_glsr_reviews":0},"product_brand":[],"product_cat":[443,229],"product_tag":[],"class_list":{"0":"post-108742","1":"product","2":"type-product","3":"status-publish","4":"has-post-thumbnail","6":"product_cat-leles-ir-priedai","7":"product_cat-zaislai-vaikams","8":"\"style=\"background-color: #2ecc711c;\"","10":"first","11":"instock","12":"purchasable","13":"product-type-simple"},"acf":[],"yoast_head":"<!-- This site is optimized with the Yoast SEO plugin v27.4 - https:\/\/yoast.com\/product\/yoast-seo-wordpress\/ -->\n<title>\u201eVIGA PolarB\u201c didelis medinis l\u0117li\u0173 namelis<\/title>\n<meta name=\"description\" content=\"\u201eVIGA PolarB\u201c didelis medinis l\u0117li\u0173 namelis - KidsPlay. Did\u017eiausias vaik\u0173 \u017eaisl\u0173 pasirinkimas.\" \/>\n<meta name=\"robots\" content=\"index, follow, max-snippet:-1, max-image-preview:large, max-video-preview:-1\" \/>\n<link rel=\"canonical\" href=\"https:\/\/kidsplay.lt\/lv\/products\/viga-polarb-didelis-medinis-leliu-namelis\/\" \/>\n<meta property=\"og:locale\" content=\"lv_LV\" \/>\n<meta property=\"og:type\" content=\"article\" \/>\n<meta property=\"og:title\" content=\"\u201eVIGA PolarB\u201c didelis medinis l\u0117li\u0173 namelis\" \/>\n<meta property=\"og:description\" content=\"\u201eVIGA PolarB\u201c didelis medinis l\u0117li\u0173 namelis - KidsPlay. Did\u017eiausias vaik\u0173 \u017eaisl\u0173 pasirinkimas.\" \/>\n<meta property=\"og:url\" content=\"https:\/\/kidsplay.lt\/lv\/products\/viga-polarb-didelis-medinis-leliu-namelis\/\" \/>\n<meta property=\"og:site_name\" content=\"KidsPlay\" \/>\n<meta property=\"article:publisher\" content=\"https:\/\/www.facebook.com\/www.kidsplay.lt\" \/>\n<meta property=\"article:modified_time\" content=\"2026-04-24T05:07:49+00:00\" \/>\n<meta property=\"og:image\" content=\"https:\/\/kidsplay.lt\/wp-content\/uploads\/2026\/04\/\u201eVIGA-PolarB-didelis-medinis-leliu-namelis.jpg\" \/>\n\t<meta property=\"og:image:width\" content=\"1000\" \/>\n\t<meta property=\"og:image:height\" content=\"1000\" \/>\n\t<meta property=\"og:image:type\" content=\"image\/jpeg\" \/>\n<meta name=\"twitter:card\" content=\"summary_large_image\" \/>\n<meta name=\"twitter:label1\" content=\"Est. reading time\" \/>\n\t<meta name=\"twitter:data1\" content=\"1 min\u016bte\" \/>\n<script type=\"application\/ld+json\" class=\"yoast-schema-graph\">{\"@context\":\"https:\\\/\\\/schema.org\",\"@graph\":[{\"@type\":\"WebPage\",\"@id\":\"https:\\\/\\\/kidsplay.lt\\\/produktas\\\/viga-polarb-didelis-medinis-leliu-namelis\\\/\",\"url\":\"https:\\\/\\\/kidsplay.lt\\\/produktas\\\/viga-polarb-didelis-medinis-leliu-namelis\\\/\",\"name\":\"\u201eVIGA PolarB\u201c didelis medinis l\u0117li\u0173 namelis\",\"isPartOf\":{\"@id\":\"https:\\\/\\\/kidsplay.lt\\\/#website\"},\"primaryImageOfPage\":{\"@id\":\"https:\\\/\\\/kidsplay.lt\\\/produktas\\\/viga-polarb-didelis-medinis-leliu-namelis\\\/#primaryimage\"},\"image\":{\"@id\":\"https:\\\/\\\/kidsplay.lt\\\/produktas\\\/viga-polarb-didelis-medinis-leliu-namelis\\\/#primaryimage\"},\"thumbnailUrl\":\"https:\\\/\\\/kidsplay.lt\\\/wp-content\\\/uploads\\\/2026\\\/04\\\/\u201eVIGA-PolarB-didelis-medinis-leliu-namelis.jpg\",\"datePublished\":\"2026-04-24T05:07:35+00:00\",\"dateModified\":\"2026-04-24T05:07:49+00:00\",\"description\":\"\u201eVIGA PolarB\u201c didelis medinis l\u0117li\u0173 namelis - KidsPlay. Did\u017eiausias vaik\u0173 \u017eaisl\u0173 pasirinkimas.\",\"breadcrumb\":{\"@id\":\"https:\\\/\\\/kidsplay.lt\\\/produktas\\\/viga-polarb-didelis-medinis-leliu-namelis\\\/#breadcrumb\"},\"inLanguage\":\"lv-LV\",\"potentialAction\":[{\"@type\":\"ReadAction\",\"target\":[\"https:\\\/\\\/kidsplay.lt\\\/produktas\\\/viga-polarb-didelis-medinis-leliu-namelis\\\/\"]}]},{\"@type\":\"ImageObject\",\"inLanguage\":\"lv-LV\",\"@id\":\"https:\\\/\\\/kidsplay.lt\\\/produktas\\\/viga-polarb-didelis-medinis-leliu-namelis\\\/#primaryimage\",\"url\":\"https:\\\/\\\/kidsplay.lt\\\/wp-content\\\/uploads\\\/2026\\\/04\\\/\u201eVIGA-PolarB-didelis-medinis-leliu-namelis.jpg\",\"contentUrl\":\"https:\\\/\\\/kidsplay.lt\\\/wp-content\\\/uploads\\\/2026\\\/04\\\/\u201eVIGA-PolarB-didelis-medinis-leliu-namelis.jpg\",\"width\":1000,\"height\":1000,\"caption\":\"\u201eVIGA PolarB\u201c didelis medinis l\u0117li\u0173 namelis\"},{\"@type\":\"BreadcrumbList\",\"@id\":\"https:\\\/\\\/kidsplay.lt\\\/produktas\\\/viga-polarb-didelis-medinis-leliu-namelis\\\/#breadcrumb\",\"itemListElement\":[{\"@type\":\"ListItem\",\"position\":1,\"name\":\"Pagrindinis\",\"item\":\"https:\\\/\\\/kidsplay.lt\\\/\"},{\"@type\":\"ListItem\",\"position\":2,\"name\":\"Parduotuv\u0117\",\"item\":\"https:\\\/\\\/kidsplay.lt\\\/parduotuve\\\/\"},{\"@type\":\"ListItem\",\"position\":3,\"name\":\"\u201eVIGA PolarB\u201c didelis medinis l\u0117li\u0173 namelis\"}]},{\"@type\":\"WebSite\",\"@id\":\"https:\\\/\\\/kidsplay.lt\\\/#website\",\"url\":\"https:\\\/\\\/kidsplay.lt\\\/\",\"name\":\"Kidsplay.lt\",\"description\":\"\u012evairios prek\u0117s vaikams\",\"publisher\":{\"@id\":\"https:\\\/\\\/kidsplay.lt\\\/#organization\"},\"alternateName\":\"Kidsplay\",\"potentialAction\":[{\"@type\":\"SearchAction\",\"target\":{\"@type\":\"EntryPoint\",\"urlTemplate\":\"https:\\\/\\\/kidsplay.lt\\\/?s={search_term_string}\"},\"query-input\":{\"@type\":\"PropertyValueSpecification\",\"valueRequired\":true,\"valueName\":\"search_term_string\"}}],\"inLanguage\":\"lv-LV\"},{\"@type\":\"Organization\",\"@id\":\"https:\\\/\\\/kidsplay.lt\\\/#organization\",\"name\":\"KidsPlay\",\"url\":\"https:\\\/\\\/kidsplay.lt\\\/\",\"logo\":{\"@type\":\"ImageObject\",\"inLanguage\":\"lv-LV\",\"@id\":\"https:\\\/\\\/kidsplay.lt\\\/#\\\/schema\\\/logo\\\/image\\\/\",\"url\":\"https:\\\/\\\/kidsplay.lt\\\/wp-content\\\/uploads\\\/2023\\\/07\\\/kidsplay-logo.png\",\"contentUrl\":\"https:\\\/\\\/kidsplay.lt\\\/wp-content\\\/uploads\\\/2023\\\/07\\\/kidsplay-logo.png\",\"width\":451,\"height\":98,\"caption\":\"KidsPlay\"},\"image\":{\"@id\":\"https:\\\/\\\/kidsplay.lt\\\/#\\\/schema\\\/logo\\\/image\\\/\"},\"sameAs\":[\"https:\\\/\\\/www.facebook.com\\\/www.kidsplay.lt\"]}]}<\/script>\n<!-- \/ Yoast SEO plugin. -->","yoast_head_json":{"title":"\u201eVIGA PolarB\u201c didelis medinis l\u0117li\u0173 namelis","description":"\u201eVIGA PolarB\u201c didelis medinis l\u0117li\u0173 namelis - KidsPlay. Did\u017eiausias vaik\u0173 \u017eaisl\u0173 pasirinkimas.","robots":{"index":"index","follow":"follow","max-snippet":"max-snippet:-1","max-image-preview":"max-image-preview:large","max-video-preview":"max-video-preview:-1"},"canonical":"https:\/\/kidsplay.lt\/lv\/products\/viga-polarb-didelis-medinis-leliu-namelis\/","og_locale":"lv_LV","og_type":"article","og_title":"\u201eVIGA PolarB\u201c didelis medinis l\u0117li\u0173 namelis","og_description":"\u201eVIGA PolarB\u201c didelis medinis l\u0117li\u0173 namelis - KidsPlay. Did\u017eiausias vaik\u0173 \u017eaisl\u0173 pasirinkimas.","og_url":"https:\/\/kidsplay.lt\/lv\/products\/viga-polarb-didelis-medinis-leliu-namelis\/","og_site_name":"KidsPlay","article_publisher":"https:\/\/www.facebook.com\/www.kidsplay.lt","article_modified_time":"2026-04-24T05:07:49+00:00","og_image":[{"width":1000,"height":1000,"url":"https:\/\/kidsplay.lt\/wp-content\/uploads\/2026\/04\/\u201eVIGA-PolarB-didelis-medinis-leliu-namelis.jpg","type":"image\/jpeg"}],"twitter_card":"summary_large_image","twitter_misc":{"Est. reading time":"1 min\u016bte"},"schema":{"@context":"https:\/\/schema.org","@graph":[{"@type":"WebPage","@id":"https:\/\/kidsplay.lt\/produktas\/viga-polarb-didelis-medinis-leliu-namelis\/","url":"https:\/\/kidsplay.lt\/produktas\/viga-polarb-didelis-medinis-leliu-namelis\/","name":"\u201eVIGA PolarB\u201c didelis medinis l\u0117li\u0173 namelis","isPartOf":{"@id":"https:\/\/kidsplay.lt\/#website"},"primaryImageOfPage":{"@id":"https:\/\/kidsplay.lt\/produktas\/viga-polarb-didelis-medinis-leliu-namelis\/#primaryimage"},"image":{"@id":"https:\/\/kidsplay.lt\/produktas\/viga-polarb-didelis-medinis-leliu-namelis\/#primaryimage"},"thumbnailUrl":"https:\/\/kidsplay.lt\/wp-content\/uploads\/2026\/04\/\u201eVIGA-PolarB-didelis-medinis-leliu-namelis.jpg","datePublished":"2026-04-24T05:07:35+00:00","dateModified":"2026-04-24T05:07:49+00:00","description":"\u201eVIGA PolarB\u201c didelis medinis l\u0117li\u0173 namelis - KidsPlay. Did\u017eiausias vaik\u0173 \u017eaisl\u0173 pasirinkimas.","breadcrumb":{"@id":"https:\/\/kidsplay.lt\/produktas\/viga-polarb-didelis-medinis-leliu-namelis\/#breadcrumb"},"inLanguage":"lv-LV","potentialAction":[{"@type":"ReadAction","target":["https:\/\/kidsplay.lt\/produktas\/viga-polarb-didelis-medinis-leliu-namelis\/"]}]},{"@type":"ImageObject","inLanguage":"lv-LV","@id":"https:\/\/kidsplay.lt\/produktas\/viga-polarb-didelis-medinis-leliu-namelis\/#primaryimage","url":"https:\/\/kidsplay.lt\/wp-content\/uploads\/2026\/04\/\u201eVIGA-PolarB-didelis-medinis-leliu-namelis.jpg","contentUrl":"https:\/\/kidsplay.lt\/wp-content\/uploads\/2026\/04\/\u201eVIGA-PolarB-didelis-medinis-leliu-namelis.jpg","width":1000,"height":1000,"caption":"\u201eVIGA PolarB\u201c didelis medinis l\u0117li\u0173 namelis"},{"@type":"BreadcrumbList","@id":"https:\/\/kidsplay.lt\/produktas\/viga-polarb-didelis-medinis-leliu-namelis\/#breadcrumb","itemListElement":[{"@type":"ListItem","position":1,"name":"Pagrindinis","item":"https:\/\/kidsplay.lt\/"},{"@type":"ListItem","position":2,"name":"Parduotuv\u0117","item":"https:\/\/kidsplay.lt\/parduotuve\/"},{"@type":"ListItem","position":3,"name":"\u201eVIGA PolarB\u201c didelis medinis l\u0117li\u0173 namelis"}]},{"@type":"WebSite","@id":"https:\/\/kidsplay.lt\/#website","url":"https:\/\/kidsplay.lt\/","name":"B\u0113rnu sp\u0113les.lv","description":"\u012evairios prek\u0117s vaikams","publisher":{"@id":"https:\/\/kidsplay.lt\/#organization"},"alternateName":"Kidsplay","potentialAction":[{"@type":"SearchAction","target":{"@type":"EntryPoint","urlTemplate":"https:\/\/kidsplay.lt\/?s={search_term_string}"},"query-input":{"@type":"PropertyValueSpecification","valueRequired":true,"valueName":"search_term_string"}}],"inLanguage":"lv-LV"},{"@type":"Organization","@id":"https:\/\/kidsplay.lt\/#organization","name":"B\u0113rnu sp\u0113le","url":"https:\/\/kidsplay.lt\/","logo":{"@type":"ImageObject","inLanguage":"lv-LV","@id":"https:\/\/kidsplay.lt\/#\/schema\/logo\/image\/","url":"https:\/\/kidsplay.lt\/wp-content\/uploads\/2023\/07\/kidsplay-logo.png","contentUrl":"https:\/\/kidsplay.lt\/wp-content\/uploads\/2023\/07\/kidsplay-logo.png","width":451,"height":98,"caption":"KidsPlay"},"image":{"@id":"https:\/\/kidsplay.lt\/#\/schema\/logo\/image\/"},"sameAs":["https:\/\/www.facebook.com\/www.kidsplay.lt"]}]}},"_links":{"self":[{"href":"https:\/\/kidsplay.lt\/lv\/wp-json\/wp\/v2\/product\/108742","targetHints":{"allow":["GET"]}}],"collection":[{"href":"https:\/\/kidsplay.lt\/lv\/wp-json\/wp\/v2\/product"}],"about":[{"href":"https:\/\/kidsplay.lt\/lv\/wp-json\/wp\/v2\/types\/product"}],"version-history":[{"count":1,"href":"https:\/\/kidsplay.lt\/lv\/wp-json\/wp\/v2\/product\/108742\/revisions"}],"predecessor-version":[{"id":108743,"href":"https:\/\/kidsplay.lt\/lv\/wp-json\/wp\/v2\/product\/108742\/revisions\/108743"}],"wp:featuredmedia":[{"embeddable":true,"href":"https:\/\/kidsplay.lt\/lv\/wp-json\/wp\/v2\/media\/108744"}],"wp:attachment":[{"href":"https:\/\/kidsplay.lt\/lv\/wp-json\/wp\/v2\/media?parent=108742"}],"wp:term":[{"taxonomy":"product_brand","embeddable":true,"href":"https:\/\/kidsplay.lt\/lv\/wp-json\/wp\/v2\/product_brand?post=108742"},{"taxonomy":"product_cat","embeddable":true,"href":"https:\/\/kidsplay.lt\/lv\/wp-json\/wp\/v2\/product_cat?post=108742"},{"taxonomy":"product_tag","embeddable":true,"href":"https:\/\/kidsplay.lt\/lv\/wp-json\/wp\/v2\/product_tag?post=108742"}],"curies":[{"name":"wp","href":"https:\/\/api.w.org\/{rel}","templated":true}]}}