{"id":108749,"date":"2026-04-24T08:07:52","date_gmt":"2026-04-24T05:07:52","guid":{"rendered":"https:\/\/kidsplay.lt\/produktas\/viga-medinis-kemperis-papludimio-zaidimu-rinkinys\/"},"modified":"2026-04-24T08:08:06","modified_gmt":"2026-04-24T05:08:06","slug":"viga-medinis-kemperis-papludimio-zaidimu-rinkinys","status":"publish","type":"product","link":"https:\/\/kidsplay.lt\/lv\/products\/viga-medinis-kemperis-papludimio-zaidimu-rinkinys\/","title":{"rendered":"\u201eVIGA\u201c medinis kemperis \u2013 papl\u016bdimio \u017eaidim\u0173 rinkinys"},"content":{"rendered":"<p>Leiskim\u0117s \u012f kelion\u0119 su \u0161iuo \u201eViga\u201c papl\u016bdimio kemperiu! Rinkinyje yra 2 fig\u016br\u0117l\u0117s, 2 gultai su mink\u0161tomis pagalv\u0117l\u0117mis, stalas, grilis, papl\u016bdimio sk\u0117tis, banglent\u0117, tualetas ir \u0161uo. Kemperis turi slankiojan\u010dias duris, atidarom\u0105 stog\u0105, banglent\u0117s laikikl\u012f ir lengvai atidarom\u0105 baga\u017ein\u0119.<br \/>\nFunkcijas:<\/p>\n<p> \tRinkin\u012f sudaro kemperis su priedais<br \/>\n \tSlankiojan\u010dios durys<br \/>\n \tPakeliamas stogas<br \/>\n \tAtidaroma baga\u017ein\u0117<br \/>\n \tBanglent\u0117 gali b\u016bti tvirtinama ant kemperio stogo<br \/>\n \tPagaminta i\u0161 auk\u0161\u010diausios kokyb\u0117s medienos<\/p>\n<p>Komplekt\u0101 ietilpst:<\/p>\n<p> \tKemperis<br \/>\n \t2 fig\u016br\u0117l\u0117s<br \/>\n \t\u0160uo<br \/>\n \t2 gultai<br \/>\n \tStalas<br \/>\n \tGrilis<br \/>\n \tPapl\u016bdimio sk\u0117tis<br \/>\n \t2 banglent\u0117s<br \/>\n \tTualetas<\/p>","protected":false},"excerpt":{"rendered":"<p>Leiskim\u0117s \u012f kelion\u0119 su \u0161iuo \u201eViga\u201c papl\u016bdimio kemperiu! Rinkinyje yra 2 fig\u016br\u0117l\u0117s, 2 gultai su mink\u0161tomis pagalv\u0117l\u0117mis, stalas, grilis, papl\u016bdimio<\/p>","protected":false},"featured_media":108751,"template":"","meta":{"_acf_changed":false,"_glsr_average":0,"_glsr_ranking":0,"_glsr_reviews":0},"product_brand":[],"product_cat":[891,883],"product_tag":[],"class_list":{"0":"post-108749","1":"product","2":"type-product","3":"status-publish","4":"has-post-thumbnail","6":"product_cat-medines-transporto-priemones","7":"product_cat-mediniai-zaislai-2","8":"\"style=\"background-color: #2ecc711c;\"","10":"first","11":"instock","12":"purchasable","13":"product-type-simple"},"acf":[],"yoast_head":"<!-- This site is optimized with the Yoast SEO plugin v27.4 - https:\/\/yoast.com\/product\/yoast-seo-wordpress\/ -->\n<title>\u201eVIGA\u201c medinis kemperis \u2013 papl\u016bdimio \u017eaidim\u0173 rinkinys<\/title>\n<meta name=\"description\" content=\"\u201eVIGA\u201c medinis kemperis \u2013 papl\u016bdimio \u017eaidim\u0173 rinkinys - KidsPlay. Did\u017eiausias vaik\u0173 \u017eaisl\u0173 pasirinkimas.\" \/>\n<meta name=\"robots\" content=\"index, follow, max-snippet:-1, max-image-preview:large, max-video-preview:-1\" \/>\n<link rel=\"canonical\" href=\"https:\/\/kidsplay.lt\/lv\/products\/viga-medinis-kemperis-papludimio-zaidimu-rinkinys\/\" \/>\n<meta property=\"og:locale\" content=\"lv_LV\" \/>\n<meta property=\"og:type\" content=\"article\" \/>\n<meta property=\"og:title\" content=\"\u201eVIGA\u201c medinis kemperis \u2013 papl\u016bdimio \u017eaidim\u0173 rinkinys\" \/>\n<meta property=\"og:description\" content=\"\u201eVIGA\u201c medinis kemperis \u2013 papl\u016bdimio \u017eaidim\u0173 rinkinys - KidsPlay. Did\u017eiausias vaik\u0173 \u017eaisl\u0173 pasirinkimas.\" \/>\n<meta property=\"og:url\" content=\"https:\/\/kidsplay.lt\/lv\/products\/viga-medinis-kemperis-papludimio-zaidimu-rinkinys\/\" \/>\n<meta property=\"og:site_name\" content=\"KidsPlay\" \/>\n<meta property=\"article:publisher\" content=\"https:\/\/www.facebook.com\/www.kidsplay.lt\" \/>\n<meta property=\"article:modified_time\" content=\"2026-04-24T05:08:06+00:00\" \/>\n<meta property=\"og:image\" content=\"https:\/\/kidsplay.lt\/wp-content\/uploads\/2026\/04\/\u201eVIGA-medinis-kemperis-\u2013-papludimio-zaidimu-rinkinys.jpg\" \/>\n\t<meta property=\"og:image:width\" content=\"1600\" \/>\n\t<meta property=\"og:image:height\" content=\"1600\" \/>\n\t<meta property=\"og:image:type\" content=\"image\/jpeg\" \/>\n<meta name=\"twitter:card\" content=\"summary_large_image\" \/>\n<script type=\"application\/ld+json\" class=\"yoast-schema-graph\">{\"@context\":\"https:\\\/\\\/schema.org\",\"@graph\":[{\"@type\":\"WebPage\",\"@id\":\"https:\\\/\\\/kidsplay.lt\\\/produktas\\\/viga-medinis-kemperis-papludimio-zaidimu-rinkinys\\\/\",\"url\":\"https:\\\/\\\/kidsplay.lt\\\/produktas\\\/viga-medinis-kemperis-papludimio-zaidimu-rinkinys\\\/\",\"name\":\"\u201eVIGA\u201c medinis kemperis \u2013 papl\u016bdimio \u017eaidim\u0173 rinkinys\",\"isPartOf\":{\"@id\":\"https:\\\/\\\/kidsplay.lt\\\/#website\"},\"primaryImageOfPage\":{\"@id\":\"https:\\\/\\\/kidsplay.lt\\\/produktas\\\/viga-medinis-kemperis-papludimio-zaidimu-rinkinys\\\/#primaryimage\"},\"image\":{\"@id\":\"https:\\\/\\\/kidsplay.lt\\\/produktas\\\/viga-medinis-kemperis-papludimio-zaidimu-rinkinys\\\/#primaryimage\"},\"thumbnailUrl\":\"https:\\\/\\\/kidsplay.lt\\\/wp-content\\\/uploads\\\/2026\\\/04\\\/\u201eVIGA-medinis-kemperis-\u2013-papludimio-zaidimu-rinkinys.jpg\",\"datePublished\":\"2026-04-24T05:07:52+00:00\",\"dateModified\":\"2026-04-24T05:08:06+00:00\",\"description\":\"\u201eVIGA\u201c medinis kemperis \u2013 papl\u016bdimio \u017eaidim\u0173 rinkinys - KidsPlay. Did\u017eiausias vaik\u0173 \u017eaisl\u0173 pasirinkimas.\",\"breadcrumb\":{\"@id\":\"https:\\\/\\\/kidsplay.lt\\\/produktas\\\/viga-medinis-kemperis-papludimio-zaidimu-rinkinys\\\/#breadcrumb\"},\"inLanguage\":\"lv-LV\",\"potentialAction\":[{\"@type\":\"ReadAction\",\"target\":[\"https:\\\/\\\/kidsplay.lt\\\/produktas\\\/viga-medinis-kemperis-papludimio-zaidimu-rinkinys\\\/\"]}]},{\"@type\":\"ImageObject\",\"inLanguage\":\"lv-LV\",\"@id\":\"https:\\\/\\\/kidsplay.lt\\\/produktas\\\/viga-medinis-kemperis-papludimio-zaidimu-rinkinys\\\/#primaryimage\",\"url\":\"https:\\\/\\\/kidsplay.lt\\\/wp-content\\\/uploads\\\/2026\\\/04\\\/\u201eVIGA-medinis-kemperis-\u2013-papludimio-zaidimu-rinkinys.jpg\",\"contentUrl\":\"https:\\\/\\\/kidsplay.lt\\\/wp-content\\\/uploads\\\/2026\\\/04\\\/\u201eVIGA-medinis-kemperis-\u2013-papludimio-zaidimu-rinkinys.jpg\",\"width\":1600,\"height\":1600,\"caption\":\"\u201eVIGA\u201c medinis kemperis \u2013 papl\u016bdimio \u017eaidim\u0173 rinkinys\"},{\"@type\":\"BreadcrumbList\",\"@id\":\"https:\\\/\\\/kidsplay.lt\\\/produktas\\\/viga-medinis-kemperis-papludimio-zaidimu-rinkinys\\\/#breadcrumb\",\"itemListElement\":[{\"@type\":\"ListItem\",\"position\":1,\"name\":\"Pagrindinis\",\"item\":\"https:\\\/\\\/kidsplay.lt\\\/\"},{\"@type\":\"ListItem\",\"position\":2,\"name\":\"Parduotuv\u0117\",\"item\":\"https:\\\/\\\/kidsplay.lt\\\/parduotuve\\\/\"},{\"@type\":\"ListItem\",\"position\":3,\"name\":\"\u201eVIGA\u201c medinis kemperis \u2013 papl\u016bdimio \u017eaidim\u0173 rinkinys\"}]},{\"@type\":\"WebSite\",\"@id\":\"https:\\\/\\\/kidsplay.lt\\\/#website\",\"url\":\"https:\\\/\\\/kidsplay.lt\\\/\",\"name\":\"Kidsplay.lt\",\"description\":\"\u012evairios prek\u0117s vaikams\",\"publisher\":{\"@id\":\"https:\\\/\\\/kidsplay.lt\\\/#organization\"},\"alternateName\":\"Kidsplay\",\"potentialAction\":[{\"@type\":\"SearchAction\",\"target\":{\"@type\":\"EntryPoint\",\"urlTemplate\":\"https:\\\/\\\/kidsplay.lt\\\/?s={search_term_string}\"},\"query-input\":{\"@type\":\"PropertyValueSpecification\",\"valueRequired\":true,\"valueName\":\"search_term_string\"}}],\"inLanguage\":\"lv-LV\"},{\"@type\":\"Organization\",\"@id\":\"https:\\\/\\\/kidsplay.lt\\\/#organization\",\"name\":\"KidsPlay\",\"url\":\"https:\\\/\\\/kidsplay.lt\\\/\",\"logo\":{\"@type\":\"ImageObject\",\"inLanguage\":\"lv-LV\",\"@id\":\"https:\\\/\\\/kidsplay.lt\\\/#\\\/schema\\\/logo\\\/image\\\/\",\"url\":\"https:\\\/\\\/kidsplay.lt\\\/wp-content\\\/uploads\\\/2023\\\/07\\\/kidsplay-logo.png\",\"contentUrl\":\"https:\\\/\\\/kidsplay.lt\\\/wp-content\\\/uploads\\\/2023\\\/07\\\/kidsplay-logo.png\",\"width\":451,\"height\":98,\"caption\":\"KidsPlay\"},\"image\":{\"@id\":\"https:\\\/\\\/kidsplay.lt\\\/#\\\/schema\\\/logo\\\/image\\\/\"},\"sameAs\":[\"https:\\\/\\\/www.facebook.com\\\/www.kidsplay.lt\"]}]}<\/script>\n<!-- \/ Yoast SEO plugin. -->","yoast_head_json":{"title":"\u201eVIGA\u201c medinis kemperis \u2013 papl\u016bdimio \u017eaidim\u0173 rinkinys","description":"\u201eVIGA\u201c medinis kemperis \u2013 papl\u016bdimio \u017eaidim\u0173 rinkinys - KidsPlay. Did\u017eiausias vaik\u0173 \u017eaisl\u0173 pasirinkimas.","robots":{"index":"index","follow":"follow","max-snippet":"max-snippet:-1","max-image-preview":"max-image-preview:large","max-video-preview":"max-video-preview:-1"},"canonical":"https:\/\/kidsplay.lt\/lv\/products\/viga-medinis-kemperis-papludimio-zaidimu-rinkinys\/","og_locale":"lv_LV","og_type":"article","og_title":"\u201eVIGA\u201c medinis kemperis \u2013 papl\u016bdimio \u017eaidim\u0173 rinkinys","og_description":"\u201eVIGA\u201c medinis kemperis \u2013 papl\u016bdimio \u017eaidim\u0173 rinkinys - KidsPlay. Did\u017eiausias vaik\u0173 \u017eaisl\u0173 pasirinkimas.","og_url":"https:\/\/kidsplay.lt\/lv\/products\/viga-medinis-kemperis-papludimio-zaidimu-rinkinys\/","og_site_name":"KidsPlay","article_publisher":"https:\/\/www.facebook.com\/www.kidsplay.lt","article_modified_time":"2026-04-24T05:08:06+00:00","og_image":[{"width":1600,"height":1600,"url":"https:\/\/kidsplay.lt\/wp-content\/uploads\/2026\/04\/\u201eVIGA-medinis-kemperis-\u2013-papludimio-zaidimu-rinkinys.jpg","type":"image\/jpeg"}],"twitter_card":"summary_large_image","schema":{"@context":"https:\/\/schema.org","@graph":[{"@type":"WebPage","@id":"https:\/\/kidsplay.lt\/produktas\/viga-medinis-kemperis-papludimio-zaidimu-rinkinys\/","url":"https:\/\/kidsplay.lt\/produktas\/viga-medinis-kemperis-papludimio-zaidimu-rinkinys\/","name":"\u201eVIGA\u201c medinis kemperis \u2013 papl\u016bdimio \u017eaidim\u0173 rinkinys","isPartOf":{"@id":"https:\/\/kidsplay.lt\/#website"},"primaryImageOfPage":{"@id":"https:\/\/kidsplay.lt\/produktas\/viga-medinis-kemperis-papludimio-zaidimu-rinkinys\/#primaryimage"},"image":{"@id":"https:\/\/kidsplay.lt\/produktas\/viga-medinis-kemperis-papludimio-zaidimu-rinkinys\/#primaryimage"},"thumbnailUrl":"https:\/\/kidsplay.lt\/wp-content\/uploads\/2026\/04\/\u201eVIGA-medinis-kemperis-\u2013-papludimio-zaidimu-rinkinys.jpg","datePublished":"2026-04-24T05:07:52+00:00","dateModified":"2026-04-24T05:08:06+00:00","description":"\u201eVIGA\u201c medinis kemperis \u2013 papl\u016bdimio \u017eaidim\u0173 rinkinys - KidsPlay. Did\u017eiausias vaik\u0173 \u017eaisl\u0173 pasirinkimas.","breadcrumb":{"@id":"https:\/\/kidsplay.lt\/produktas\/viga-medinis-kemperis-papludimio-zaidimu-rinkinys\/#breadcrumb"},"inLanguage":"lv-LV","potentialAction":[{"@type":"ReadAction","target":["https:\/\/kidsplay.lt\/produktas\/viga-medinis-kemperis-papludimio-zaidimu-rinkinys\/"]}]},{"@type":"ImageObject","inLanguage":"lv-LV","@id":"https:\/\/kidsplay.lt\/produktas\/viga-medinis-kemperis-papludimio-zaidimu-rinkinys\/#primaryimage","url":"https:\/\/kidsplay.lt\/wp-content\/uploads\/2026\/04\/\u201eVIGA-medinis-kemperis-\u2013-papludimio-zaidimu-rinkinys.jpg","contentUrl":"https:\/\/kidsplay.lt\/wp-content\/uploads\/2026\/04\/\u201eVIGA-medinis-kemperis-\u2013-papludimio-zaidimu-rinkinys.jpg","width":1600,"height":1600,"caption":"\u201eVIGA\u201c medinis kemperis \u2013 papl\u016bdimio \u017eaidim\u0173 rinkinys"},{"@type":"BreadcrumbList","@id":"https:\/\/kidsplay.lt\/produktas\/viga-medinis-kemperis-papludimio-zaidimu-rinkinys\/#breadcrumb","itemListElement":[{"@type":"ListItem","position":1,"name":"Pagrindinis","item":"https:\/\/kidsplay.lt\/"},{"@type":"ListItem","position":2,"name":"Parduotuv\u0117","item":"https:\/\/kidsplay.lt\/parduotuve\/"},{"@type":"ListItem","position":3,"name":"\u201eVIGA\u201c medinis kemperis \u2013 papl\u016bdimio \u017eaidim\u0173 rinkinys"}]},{"@type":"WebSite","@id":"https:\/\/kidsplay.lt\/#website","url":"https:\/\/kidsplay.lt\/","name":"B\u0113rnu sp\u0113les.lv","description":"\u012evairios prek\u0117s vaikams","publisher":{"@id":"https:\/\/kidsplay.lt\/#organization"},"alternateName":"Kidsplay","potentialAction":[{"@type":"SearchAction","target":{"@type":"EntryPoint","urlTemplate":"https:\/\/kidsplay.lt\/?s={search_term_string}"},"query-input":{"@type":"PropertyValueSpecification","valueRequired":true,"valueName":"search_term_string"}}],"inLanguage":"lv-LV"},{"@type":"Organization","@id":"https:\/\/kidsplay.lt\/#organization","name":"B\u0113rnu sp\u0113le","url":"https:\/\/kidsplay.lt\/","logo":{"@type":"ImageObject","inLanguage":"lv-LV","@id":"https:\/\/kidsplay.lt\/#\/schema\/logo\/image\/","url":"https:\/\/kidsplay.lt\/wp-content\/uploads\/2023\/07\/kidsplay-logo.png","contentUrl":"https:\/\/kidsplay.lt\/wp-content\/uploads\/2023\/07\/kidsplay-logo.png","width":451,"height":98,"caption":"KidsPlay"},"image":{"@id":"https:\/\/kidsplay.lt\/#\/schema\/logo\/image\/"},"sameAs":["https:\/\/www.facebook.com\/www.kidsplay.lt"]}]}},"_links":{"self":[{"href":"https:\/\/kidsplay.lt\/lv\/wp-json\/wp\/v2\/product\/108749","targetHints":{"allow":["GET"]}}],"collection":[{"href":"https:\/\/kidsplay.lt\/lv\/wp-json\/wp\/v2\/product"}],"about":[{"href":"https:\/\/kidsplay.lt\/lv\/wp-json\/wp\/v2\/types\/product"}],"version-history":[{"count":1,"href":"https:\/\/kidsplay.lt\/lv\/wp-json\/wp\/v2\/product\/108749\/revisions"}],"predecessor-version":[{"id":108750,"href":"https:\/\/kidsplay.lt\/lv\/wp-json\/wp\/v2\/product\/108749\/revisions\/108750"}],"wp:featuredmedia":[{"embeddable":true,"href":"https:\/\/kidsplay.lt\/lv\/wp-json\/wp\/v2\/media\/108751"}],"wp:attachment":[{"href":"https:\/\/kidsplay.lt\/lv\/wp-json\/wp\/v2\/media?parent=108749"}],"wp:term":[{"taxonomy":"product_brand","embeddable":true,"href":"https:\/\/kidsplay.lt\/lv\/wp-json\/wp\/v2\/product_brand?post=108749"},{"taxonomy":"product_cat","embeddable":true,"href":"https:\/\/kidsplay.lt\/lv\/wp-json\/wp\/v2\/product_cat?post=108749"},{"taxonomy":"product_tag","embeddable":true,"href":"https:\/\/kidsplay.lt\/lv\/wp-json\/wp\/v2\/product_tag?post=108749"}],"curies":[{"name":"wp","href":"https:\/\/api.w.org\/{rel}","templated":true}]}}