{"id":108756,"date":"2026-04-24T08:08:10","date_gmt":"2026-04-24T05:08:10","guid":{"rendered":"https:\/\/kidsplay.lt\/produktas\/woopie-royal-interaktyvi-lele-kudikis-raquel\/"},"modified":"2026-04-24T08:08:24","modified_gmt":"2026-04-24T05:08:24","slug":"woopie-royal-interaktyvi-lele-kudikis-raquel","status":"publish","type":"product","link":"https:\/\/kidsplay.lt\/lv\/products\/woopie-royal-interaktyvi-lele-kudikis-raquel\/","title":{"rendered":"\u201eWOOPIE ROYAL\u201c interaktyvi l\u0117l\u0117 k\u016bdikis Raquel"},"content":{"rendered":"<p>\u0160i interaktyvi \u201eWOOPIE\u201c prek\u0117s \u017eenklo ROYAL serijos l\u0117l\u0117 yra tarsi tikras vaikas! \u017daisdamas su l\u0117le, vaikas lavina empatijos ir atsakomyb\u0117s jausm\u0105. L\u0117l\u0117 yra mink\u0161ta liesti, o jos gra\u017eios akys traukia vaiko d\u0117mes\u012f. Didelis privalumas \u2013 ilgi, \u017evilgantys plaukai, puikiai tinkantys \u0161ukavimui. D\u0117l auk\u0161tos kokyb\u0117s plauk\u0173 vaikas gali i\u0161laisvinti k\u016brybi\u0161kum\u0105 kurdamas \u012fvairias \u0161ukuosenas. L\u0117l\u0117s rankos kruop\u0161\u010diai i\u0161dirbtos, su subtiliais nagu\u010diais, o lengvai paraud\u0119 skruostai suteikia dar daugiau realisti\u0161kumo. Komplekte esantys priedai leid\u017eia \u017eaisti be galo \u2013 vaikas bus u\u017eimtas, o t\u0117vai gal\u0117s ramiai ils\u0117tis, \u017einodami, kad laikas leid\u017eiamas kokybi\u0161kai.<br \/>\n\u0160ios l\u0117l\u0117s sukurtos itin tiksliai ir su dideliu d\u0117mesiu detal\u0117ms, kad atrodyt\u0173 kaip tikros. L\u0117l\u0117 d\u0117vi ro\u017ein\u0119 ir juod\u0105 suknel\u0119 su mielais kaspin\u0117liais. Suknel\u0117 yra per liemen\u012f ir dekoruota spalvotu ra\u0161tu. Aprang\u0105 papildo ro\u017einiai bateliai ir deranti galvos juosta.<br \/>\nFunkcijas:<\/p>\n<p> \t\u017daislas nuo 3 met\u0173<br \/>\n \tInteraktyvi l\u0117l\u0117, reaguojanti \u012f dirgiklius<br \/>\n \tNuimami drabu\u017eiai, lengvai skalbiami skalbimo ma\u0161inoje<br \/>\n \tMink\u0161tas, pliu\u0161inis l\u0117l\u0117s pilvukas<br \/>\n \tJudamos rankos, kojos ir galva \u2013 mink\u0161tas silikonas<br \/>\n \tD\u0117mesys kiekvienai detalei \u2013 vidus i\u0161 mink\u0161to pliu\u0161o<br \/>\n \tGali s\u0117d\u0117ti savaranki\u0161kai<br \/>\n \tIlgos, gra\u017eios blakstienos<br \/>\n \tGarso sistema veikia su 3 AA baterijomis (nepridedamos)<\/p>\n<p>Funkcijos:<\/p>\n<p> \tJuokiasi, kai j\u0105 pakeli<br \/>\n \tLeid\u017eia d\u017eiugius garsus, kai j\u0105 apkabini<br \/>\n \tVerkia<br \/>\n \tU\u017emigus leid\u017eia miego garsus<br \/>\n \tPajutusi sm\u016bg\u012f pradeda verkti<br \/>\n \tPaguldyta ant pilvo rei\u0161kia nepasitenkinim\u0105 garsais<\/p>\n<p>Komplekt\u0101 ietilpst:<\/p>\n<p> \t1 buteliukas l\u0117lei<br \/>\n \t1 \u010diulptukas<br \/>\n \t1 pliu\u0161inis \u017eaislas<br \/>\n \t1 sauskeln\u0117<\/p>\n<p>Aki\u0173 spalva: m\u0117lyna arba ruda \u2013 parenkama atsitiktinai.<\/p>","protected":false},"excerpt":{"rendered":"<p>\u0160i interaktyvi \u201eWOOPIE\u201c prek\u0117s \u017eenklo ROYAL serijos l\u0117l\u0117 yra tarsi tikras vaikas! \u017daisdamas su l\u0117le, vaikas lavina empatijos ir atsakomyb\u0117s<\/p>","protected":false},"featured_media":108758,"template":"","meta":{"_acf_changed":false,"_glsr_average":0,"_glsr_ranking":0,"_glsr_reviews":0},"product_brand":[],"product_cat":[443,229],"product_tag":[],"class_list":{"0":"post-108756","1":"product","2":"type-product","3":"status-publish","4":"has-post-thumbnail","6":"product_cat-leles-ir-priedai","7":"product_cat-zaislai-vaikams","8":"\"style=\"background-color: #2ecc711c;\"","10":"first","11":"instock","12":"purchasable","13":"product-type-simple"},"acf":[],"yoast_head":"<!-- This site is optimized with the Yoast SEO plugin v27.4 - https:\/\/yoast.com\/product\/yoast-seo-wordpress\/ -->\n<title>\u201eWOOPIE ROYAL\u201c interaktyvi l\u0117l\u0117 k\u016bdikis Raquel<\/title>\n<meta name=\"description\" content=\"\u201eWOOPIE ROYAL\u201c interaktyvi l\u0117l\u0117 k\u016bdikis Raquel - KidsPlay. Did\u017eiausias vaik\u0173 \u017eaisl\u0173 pasirinkimas.\" \/>\n<meta name=\"robots\" content=\"index, follow, max-snippet:-1, max-image-preview:large, max-video-preview:-1\" \/>\n<link rel=\"canonical\" href=\"https:\/\/kidsplay.lt\/lv\/products\/woopie-royal-interaktyvi-lele-kudikis-raquel\/\" \/>\n<meta property=\"og:locale\" content=\"lv_LV\" \/>\n<meta property=\"og:type\" content=\"article\" \/>\n<meta property=\"og:title\" content=\"\u201eWOOPIE ROYAL\u201c interaktyvi l\u0117l\u0117 k\u016bdikis Raquel\" \/>\n<meta property=\"og:description\" content=\"\u201eWOOPIE ROYAL\u201c interaktyvi l\u0117l\u0117 k\u016bdikis Raquel - KidsPlay. Did\u017eiausias vaik\u0173 \u017eaisl\u0173 pasirinkimas.\" \/>\n<meta property=\"og:url\" content=\"https:\/\/kidsplay.lt\/lv\/products\/woopie-royal-interaktyvi-lele-kudikis-raquel\/\" \/>\n<meta property=\"og:site_name\" content=\"KidsPlay\" \/>\n<meta property=\"article:publisher\" content=\"https:\/\/www.facebook.com\/www.kidsplay.lt\" \/>\n<meta property=\"article:modified_time\" content=\"2026-04-24T05:08:24+00:00\" \/>\n<meta property=\"og:image\" content=\"https:\/\/kidsplay.lt\/wp-content\/uploads\/2026\/04\/\u201eWOOPIE-ROYAL-interaktyvi-lele-kudikis-Raquel.jpg\" \/>\n\t<meta property=\"og:image:width\" content=\"1000\" \/>\n\t<meta property=\"og:image:height\" content=\"1000\" \/>\n\t<meta property=\"og:image:type\" content=\"image\/jpeg\" \/>\n<meta name=\"twitter:card\" content=\"summary_large_image\" \/>\n<meta name=\"twitter:label1\" content=\"Est. reading time\" \/>\n\t<meta name=\"twitter:data1\" content=\"1 min\u016bte\" \/>\n<script type=\"application\/ld+json\" class=\"yoast-schema-graph\">{\"@context\":\"https:\\\/\\\/schema.org\",\"@graph\":[{\"@type\":\"WebPage\",\"@id\":\"https:\\\/\\\/kidsplay.lt\\\/produktas\\\/woopie-royal-interaktyvi-lele-kudikis-raquel\\\/\",\"url\":\"https:\\\/\\\/kidsplay.lt\\\/produktas\\\/woopie-royal-interaktyvi-lele-kudikis-raquel\\\/\",\"name\":\"\u201eWOOPIE ROYAL\u201c interaktyvi l\u0117l\u0117 k\u016bdikis Raquel\",\"isPartOf\":{\"@id\":\"https:\\\/\\\/kidsplay.lt\\\/#website\"},\"primaryImageOfPage\":{\"@id\":\"https:\\\/\\\/kidsplay.lt\\\/produktas\\\/woopie-royal-interaktyvi-lele-kudikis-raquel\\\/#primaryimage\"},\"image\":{\"@id\":\"https:\\\/\\\/kidsplay.lt\\\/produktas\\\/woopie-royal-interaktyvi-lele-kudikis-raquel\\\/#primaryimage\"},\"thumbnailUrl\":\"https:\\\/\\\/kidsplay.lt\\\/wp-content\\\/uploads\\\/2026\\\/04\\\/\u201eWOOPIE-ROYAL-interaktyvi-lele-kudikis-Raquel.jpg\",\"datePublished\":\"2026-04-24T05:08:10+00:00\",\"dateModified\":\"2026-04-24T05:08:24+00:00\",\"description\":\"\u201eWOOPIE ROYAL\u201c interaktyvi l\u0117l\u0117 k\u016bdikis Raquel - KidsPlay. Did\u017eiausias vaik\u0173 \u017eaisl\u0173 pasirinkimas.\",\"breadcrumb\":{\"@id\":\"https:\\\/\\\/kidsplay.lt\\\/produktas\\\/woopie-royal-interaktyvi-lele-kudikis-raquel\\\/#breadcrumb\"},\"inLanguage\":\"lv-LV\",\"potentialAction\":[{\"@type\":\"ReadAction\",\"target\":[\"https:\\\/\\\/kidsplay.lt\\\/produktas\\\/woopie-royal-interaktyvi-lele-kudikis-raquel\\\/\"]}]},{\"@type\":\"ImageObject\",\"inLanguage\":\"lv-LV\",\"@id\":\"https:\\\/\\\/kidsplay.lt\\\/produktas\\\/woopie-royal-interaktyvi-lele-kudikis-raquel\\\/#primaryimage\",\"url\":\"https:\\\/\\\/kidsplay.lt\\\/wp-content\\\/uploads\\\/2026\\\/04\\\/\u201eWOOPIE-ROYAL-interaktyvi-lele-kudikis-Raquel.jpg\",\"contentUrl\":\"https:\\\/\\\/kidsplay.lt\\\/wp-content\\\/uploads\\\/2026\\\/04\\\/\u201eWOOPIE-ROYAL-interaktyvi-lele-kudikis-Raquel.jpg\",\"width\":1000,\"height\":1000,\"caption\":\"\u201eWOOPIE ROYAL\u201c interaktyvi l\u0117l\u0117 k\u016bdikis Raquel\"},{\"@type\":\"BreadcrumbList\",\"@id\":\"https:\\\/\\\/kidsplay.lt\\\/produktas\\\/woopie-royal-interaktyvi-lele-kudikis-raquel\\\/#breadcrumb\",\"itemListElement\":[{\"@type\":\"ListItem\",\"position\":1,\"name\":\"Pagrindinis\",\"item\":\"https:\\\/\\\/kidsplay.lt\\\/\"},{\"@type\":\"ListItem\",\"position\":2,\"name\":\"Parduotuv\u0117\",\"item\":\"https:\\\/\\\/kidsplay.lt\\\/parduotuve\\\/\"},{\"@type\":\"ListItem\",\"position\":3,\"name\":\"\u201eWOOPIE ROYAL\u201c interaktyvi l\u0117l\u0117 k\u016bdikis Raquel\"}]},{\"@type\":\"WebSite\",\"@id\":\"https:\\\/\\\/kidsplay.lt\\\/#website\",\"url\":\"https:\\\/\\\/kidsplay.lt\\\/\",\"name\":\"Kidsplay.lt\",\"description\":\"\u012evairios prek\u0117s vaikams\",\"publisher\":{\"@id\":\"https:\\\/\\\/kidsplay.lt\\\/#organization\"},\"alternateName\":\"Kidsplay\",\"potentialAction\":[{\"@type\":\"SearchAction\",\"target\":{\"@type\":\"EntryPoint\",\"urlTemplate\":\"https:\\\/\\\/kidsplay.lt\\\/?s={search_term_string}\"},\"query-input\":{\"@type\":\"PropertyValueSpecification\",\"valueRequired\":true,\"valueName\":\"search_term_string\"}}],\"inLanguage\":\"lv-LV\"},{\"@type\":\"Organization\",\"@id\":\"https:\\\/\\\/kidsplay.lt\\\/#organization\",\"name\":\"KidsPlay\",\"url\":\"https:\\\/\\\/kidsplay.lt\\\/\",\"logo\":{\"@type\":\"ImageObject\",\"inLanguage\":\"lv-LV\",\"@id\":\"https:\\\/\\\/kidsplay.lt\\\/#\\\/schema\\\/logo\\\/image\\\/\",\"url\":\"https:\\\/\\\/kidsplay.lt\\\/wp-content\\\/uploads\\\/2023\\\/07\\\/kidsplay-logo.png\",\"contentUrl\":\"https:\\\/\\\/kidsplay.lt\\\/wp-content\\\/uploads\\\/2023\\\/07\\\/kidsplay-logo.png\",\"width\":451,\"height\":98,\"caption\":\"KidsPlay\"},\"image\":{\"@id\":\"https:\\\/\\\/kidsplay.lt\\\/#\\\/schema\\\/logo\\\/image\\\/\"},\"sameAs\":[\"https:\\\/\\\/www.facebook.com\\\/www.kidsplay.lt\"]}]}<\/script>\n<!-- \/ Yoast SEO plugin. -->","yoast_head_json":{"title":"\u201eWOOPIE ROYAL\u201c interaktyvi l\u0117l\u0117 k\u016bdikis Raquel","description":"\u201eWOOPIE ROYAL\u201c interaktyvi l\u0117l\u0117 k\u016bdikis Raquel - KidsPlay. Did\u017eiausias vaik\u0173 \u017eaisl\u0173 pasirinkimas.","robots":{"index":"index","follow":"follow","max-snippet":"max-snippet:-1","max-image-preview":"max-image-preview:large","max-video-preview":"max-video-preview:-1"},"canonical":"https:\/\/kidsplay.lt\/lv\/products\/woopie-royal-interaktyvi-lele-kudikis-raquel\/","og_locale":"lv_LV","og_type":"article","og_title":"\u201eWOOPIE ROYAL\u201c interaktyvi l\u0117l\u0117 k\u016bdikis Raquel","og_description":"\u201eWOOPIE ROYAL\u201c interaktyvi l\u0117l\u0117 k\u016bdikis Raquel - KidsPlay. Did\u017eiausias vaik\u0173 \u017eaisl\u0173 pasirinkimas.","og_url":"https:\/\/kidsplay.lt\/lv\/products\/woopie-royal-interaktyvi-lele-kudikis-raquel\/","og_site_name":"KidsPlay","article_publisher":"https:\/\/www.facebook.com\/www.kidsplay.lt","article_modified_time":"2026-04-24T05:08:24+00:00","og_image":[{"width":1000,"height":1000,"url":"https:\/\/kidsplay.lt\/wp-content\/uploads\/2026\/04\/\u201eWOOPIE-ROYAL-interaktyvi-lele-kudikis-Raquel.jpg","type":"image\/jpeg"}],"twitter_card":"summary_large_image","twitter_misc":{"Est. reading time":"1 min\u016bte"},"schema":{"@context":"https:\/\/schema.org","@graph":[{"@type":"WebPage","@id":"https:\/\/kidsplay.lt\/produktas\/woopie-royal-interaktyvi-lele-kudikis-raquel\/","url":"https:\/\/kidsplay.lt\/produktas\/woopie-royal-interaktyvi-lele-kudikis-raquel\/","name":"\u201eWOOPIE ROYAL\u201c interaktyvi l\u0117l\u0117 k\u016bdikis Raquel","isPartOf":{"@id":"https:\/\/kidsplay.lt\/#website"},"primaryImageOfPage":{"@id":"https:\/\/kidsplay.lt\/produktas\/woopie-royal-interaktyvi-lele-kudikis-raquel\/#primaryimage"},"image":{"@id":"https:\/\/kidsplay.lt\/produktas\/woopie-royal-interaktyvi-lele-kudikis-raquel\/#primaryimage"},"thumbnailUrl":"https:\/\/kidsplay.lt\/wp-content\/uploads\/2026\/04\/\u201eWOOPIE-ROYAL-interaktyvi-lele-kudikis-Raquel.jpg","datePublished":"2026-04-24T05:08:10+00:00","dateModified":"2026-04-24T05:08:24+00:00","description":"\u201eWOOPIE ROYAL\u201c interaktyvi l\u0117l\u0117 k\u016bdikis Raquel - KidsPlay. Did\u017eiausias vaik\u0173 \u017eaisl\u0173 pasirinkimas.","breadcrumb":{"@id":"https:\/\/kidsplay.lt\/produktas\/woopie-royal-interaktyvi-lele-kudikis-raquel\/#breadcrumb"},"inLanguage":"lv-LV","potentialAction":[{"@type":"ReadAction","target":["https:\/\/kidsplay.lt\/produktas\/woopie-royal-interaktyvi-lele-kudikis-raquel\/"]}]},{"@type":"ImageObject","inLanguage":"lv-LV","@id":"https:\/\/kidsplay.lt\/produktas\/woopie-royal-interaktyvi-lele-kudikis-raquel\/#primaryimage","url":"https:\/\/kidsplay.lt\/wp-content\/uploads\/2026\/04\/\u201eWOOPIE-ROYAL-interaktyvi-lele-kudikis-Raquel.jpg","contentUrl":"https:\/\/kidsplay.lt\/wp-content\/uploads\/2026\/04\/\u201eWOOPIE-ROYAL-interaktyvi-lele-kudikis-Raquel.jpg","width":1000,"height":1000,"caption":"\u201eWOOPIE ROYAL\u201c interaktyvi l\u0117l\u0117 k\u016bdikis Raquel"},{"@type":"BreadcrumbList","@id":"https:\/\/kidsplay.lt\/produktas\/woopie-royal-interaktyvi-lele-kudikis-raquel\/#breadcrumb","itemListElement":[{"@type":"ListItem","position":1,"name":"Pagrindinis","item":"https:\/\/kidsplay.lt\/"},{"@type":"ListItem","position":2,"name":"Parduotuv\u0117","item":"https:\/\/kidsplay.lt\/parduotuve\/"},{"@type":"ListItem","position":3,"name":"\u201eWOOPIE ROYAL\u201c interaktyvi l\u0117l\u0117 k\u016bdikis Raquel"}]},{"@type":"WebSite","@id":"https:\/\/kidsplay.lt\/#website","url":"https:\/\/kidsplay.lt\/","name":"B\u0113rnu sp\u0113les.lv","description":"\u012evairios prek\u0117s vaikams","publisher":{"@id":"https:\/\/kidsplay.lt\/#organization"},"alternateName":"Kidsplay","potentialAction":[{"@type":"SearchAction","target":{"@type":"EntryPoint","urlTemplate":"https:\/\/kidsplay.lt\/?s={search_term_string}"},"query-input":{"@type":"PropertyValueSpecification","valueRequired":true,"valueName":"search_term_string"}}],"inLanguage":"lv-LV"},{"@type":"Organization","@id":"https:\/\/kidsplay.lt\/#organization","name":"B\u0113rnu sp\u0113le","url":"https:\/\/kidsplay.lt\/","logo":{"@type":"ImageObject","inLanguage":"lv-LV","@id":"https:\/\/kidsplay.lt\/#\/schema\/logo\/image\/","url":"https:\/\/kidsplay.lt\/wp-content\/uploads\/2023\/07\/kidsplay-logo.png","contentUrl":"https:\/\/kidsplay.lt\/wp-content\/uploads\/2023\/07\/kidsplay-logo.png","width":451,"height":98,"caption":"KidsPlay"},"image":{"@id":"https:\/\/kidsplay.lt\/#\/schema\/logo\/image\/"},"sameAs":["https:\/\/www.facebook.com\/www.kidsplay.lt"]}]}},"_links":{"self":[{"href":"https:\/\/kidsplay.lt\/lv\/wp-json\/wp\/v2\/product\/108756","targetHints":{"allow":["GET"]}}],"collection":[{"href":"https:\/\/kidsplay.lt\/lv\/wp-json\/wp\/v2\/product"}],"about":[{"href":"https:\/\/kidsplay.lt\/lv\/wp-json\/wp\/v2\/types\/product"}],"version-history":[{"count":1,"href":"https:\/\/kidsplay.lt\/lv\/wp-json\/wp\/v2\/product\/108756\/revisions"}],"predecessor-version":[{"id":108757,"href":"https:\/\/kidsplay.lt\/lv\/wp-json\/wp\/v2\/product\/108756\/revisions\/108757"}],"wp:featuredmedia":[{"embeddable":true,"href":"https:\/\/kidsplay.lt\/lv\/wp-json\/wp\/v2\/media\/108758"}],"wp:attachment":[{"href":"https:\/\/kidsplay.lt\/lv\/wp-json\/wp\/v2\/media?parent=108756"}],"wp:term":[{"taxonomy":"product_brand","embeddable":true,"href":"https:\/\/kidsplay.lt\/lv\/wp-json\/wp\/v2\/product_brand?post=108756"},{"taxonomy":"product_cat","embeddable":true,"href":"https:\/\/kidsplay.lt\/lv\/wp-json\/wp\/v2\/product_cat?post=108756"},{"taxonomy":"product_tag","embeddable":true,"href":"https:\/\/kidsplay.lt\/lv\/wp-json\/wp\/v2\/product_tag?post=108756"}],"curies":[{"name":"wp","href":"https:\/\/api.w.org\/{rel}","templated":true}]}}