{"id":108763,"date":"2026-04-24T08:08:27","date_gmt":"2026-04-24T05:08:27","guid":{"rendered":"https:\/\/kidsplay.lt\/produktas\/viga-edukaciniu-zaislu-dezes-rinkinys-vaikams-nuo-24-iki-36-menesiu\/"},"modified":"2026-04-24T08:08:41","modified_gmt":"2026-04-24T05:08:41","slug":"viga-edukaciniu-zaislu-dezes-rinkinys-vaikams-nuo-24-iki-36-menesiu","status":"publish","type":"product","link":"https:\/\/kidsplay.lt\/lv\/products\/viga-edukaciniu-zaislu-dezes-rinkinys-vaikams-nuo-24-iki-36-menesiu\/","title":{"rendered":"\u201eVIGA\u201c edukacini\u0173 \u017eaisl\u0173 d\u0117\u017e\u0117s rinkinys vaikams nuo 24 iki 36 m\u0117nesi\u0173"},"content":{"rendered":"<p>\u201eViga\u201c vaik\u0173 d\u0117\u017e\u0117 (24\u201336 m\u0117n.) yra edukacinis rinkinys, suteikiantis ma\u017eyliams nauj\u0173 pa\u017eintini\u0173 i\u0161\u0161\u016bki\u0173 erdviniam m\u0105stymui ir ra\u0161t\u0173 atpa\u017einimui. Su \u0161iuose \u017eaisluose esan\u010diais elementais vaikai lavina tikslius judesius, mokosi geometrijos pagrind\u0173 ir ugdo problem\u0173 sprendimo \u012fg\u016bd\u017eius. Tai puikus pasirinkimas ma\u017eiesiems tyrin\u0117tojams, pasiruo\u0161usiems sud\u0117tingesn\u0117ms u\u017eduotims.<br \/>\nFunkcijas:<\/p>\n<p> \tSkirta vaikams nuo 24 iki 36 m\u0117nesi\u0173<br \/>\n \tLavina smulki\u0105j\u0105 motorik\u0105, login\u012f m\u0105stym\u0105 ir ra\u0161t\u0173 atpa\u017einim\u0105<br \/>\n \tPuikiai tinka mokytis skai\u010diuoti, r\u016b\u0161iuoti ir atpa\u017einti formas<br \/>\n \tMedin\u0117s, patvarios detal\u0117s su saugiais kra\u0161tais<br \/>\n \tPatogi d\u0117\u017e\u0117 su rankena laikymui ir transportavimui<\/p>\n<p>Komplekt\u0101 ietilpst:<\/p>\n<p> \tD\u0117lion\u0117s kalad\u0117l\u0117s<br \/>\n \tMagnetinis e\u017eio labirintas \u2013 karoliuk\u0173 valdymas magnetine lazdele<br \/>\n \tMedin\u0117 knygel\u0117 (transporto priemon\u0117s)<br \/>\n \tVaisi\u0173 pjaustymo rinkinys<br \/>\n \tSkai\u010di\u0173 d\u0117lion\u0117s<br \/>\n \tGeometrinio labirinto d\u0117lion\u0117<\/p>","protected":false},"excerpt":{"rendered":"<p>\u201eViga\u201c vaik\u0173 d\u0117\u017e\u0117 (24\u201336 m\u0117n.) yra edukacinis rinkinys, suteikiantis ma\u017eyliams nauj\u0173 pa\u017eintini\u0173 i\u0161\u0161\u016bki\u0173 erdviniam m\u0105stymui ir ra\u0161t\u0173 atpa\u017einimui. Su \u0161iuose<\/p>","protected":false},"featured_media":108765,"template":"","meta":{"_acf_changed":false,"_glsr_average":0,"_glsr_ranking":0,"_glsr_reviews":0},"product_brand":[],"product_cat":[884,883],"product_tag":[],"class_list":{"0":"post-108763","1":"product","2":"type-product","3":"status-publish","4":"has-post-thumbnail","6":"product_cat-edukaciniai-lavinamieji-mediniai-zaislai","7":"product_cat-mediniai-zaislai-2","8":"\"style=\"background-color: #2ecc711c;\"","10":"first","11":"instock","12":"purchasable","13":"product-type-simple"},"acf":[],"yoast_head":"<!-- This site is optimized with the Yoast SEO plugin v27.4 - https:\/\/yoast.com\/product\/yoast-seo-wordpress\/ -->\n<title>\u201eVIGA\u201c edukacini\u0173 \u017eaisl\u0173 d\u0117\u017e\u0117s rinkinys vaikams nuo 24 iki 36 m\u0117nesi\u0173<\/title>\n<meta name=\"description\" content=\"\u201eVIGA\u201c edukacini\u0173 \u017eaisl\u0173 d\u0117\u017e\u0117s rinkinys vaikams nuo 24 iki 36 m\u0117nesi\u0173 - KidsPlay. Did\u017eiausias vaik\u0173 \u017eaisl\u0173 pasirinkimas.\" \/>\n<meta name=\"robots\" content=\"index, follow, max-snippet:-1, max-image-preview:large, max-video-preview:-1\" \/>\n<link rel=\"canonical\" href=\"https:\/\/kidsplay.lt\/lv\/products\/viga-edukaciniu-zaislu-dezes-rinkinys-vaikams-nuo-24-iki-36-menesiu\/\" \/>\n<meta property=\"og:locale\" content=\"lv_LV\" \/>\n<meta property=\"og:type\" content=\"article\" \/>\n<meta property=\"og:title\" content=\"\u201eVIGA\u201c edukacini\u0173 \u017eaisl\u0173 d\u0117\u017e\u0117s rinkinys vaikams nuo 24 iki 36 m\u0117nesi\u0173\" \/>\n<meta property=\"og:description\" content=\"\u201eVIGA\u201c edukacini\u0173 \u017eaisl\u0173 d\u0117\u017e\u0117s rinkinys vaikams nuo 24 iki 36 m\u0117nesi\u0173 - KidsPlay. Did\u017eiausias vaik\u0173 \u017eaisl\u0173 pasirinkimas.\" \/>\n<meta property=\"og:url\" content=\"https:\/\/kidsplay.lt\/lv\/products\/viga-edukaciniu-zaislu-dezes-rinkinys-vaikams-nuo-24-iki-36-menesiu\/\" \/>\n<meta property=\"og:site_name\" content=\"KidsPlay\" \/>\n<meta property=\"article:publisher\" content=\"https:\/\/www.facebook.com\/www.kidsplay.lt\" \/>\n<meta property=\"article:modified_time\" content=\"2026-04-24T05:08:41+00:00\" \/>\n<meta property=\"og:image\" content=\"https:\/\/kidsplay.lt\/wp-content\/uploads\/2026\/04\/\u201eVIGA-edukaciniu-zaislu-dezes-rinkinys-vaikams-nuo-24-iki-36-menesiu.jpg\" \/>\n\t<meta property=\"og:image:width\" content=\"1000\" \/>\n\t<meta property=\"og:image:height\" content=\"1000\" \/>\n\t<meta property=\"og:image:type\" content=\"image\/jpeg\" \/>\n<meta name=\"twitter:card\" content=\"summary_large_image\" \/>\n<meta name=\"twitter:label1\" content=\"Est. reading time\" \/>\n\t<meta name=\"twitter:data1\" content=\"1 min\u016bte\" \/>\n<script type=\"application\/ld+json\" class=\"yoast-schema-graph\">{\"@context\":\"https:\\\/\\\/schema.org\",\"@graph\":[{\"@type\":\"WebPage\",\"@id\":\"https:\\\/\\\/kidsplay.lt\\\/produktas\\\/viga-edukaciniu-zaislu-dezes-rinkinys-vaikams-nuo-24-iki-36-menesiu\\\/\",\"url\":\"https:\\\/\\\/kidsplay.lt\\\/produktas\\\/viga-edukaciniu-zaislu-dezes-rinkinys-vaikams-nuo-24-iki-36-menesiu\\\/\",\"name\":\"\u201eVIGA\u201c edukacini\u0173 \u017eaisl\u0173 d\u0117\u017e\u0117s rinkinys vaikams nuo 24 iki 36 m\u0117nesi\u0173\",\"isPartOf\":{\"@id\":\"https:\\\/\\\/kidsplay.lt\\\/#website\"},\"primaryImageOfPage\":{\"@id\":\"https:\\\/\\\/kidsplay.lt\\\/produktas\\\/viga-edukaciniu-zaislu-dezes-rinkinys-vaikams-nuo-24-iki-36-menesiu\\\/#primaryimage\"},\"image\":{\"@id\":\"https:\\\/\\\/kidsplay.lt\\\/produktas\\\/viga-edukaciniu-zaislu-dezes-rinkinys-vaikams-nuo-24-iki-36-menesiu\\\/#primaryimage\"},\"thumbnailUrl\":\"https:\\\/\\\/kidsplay.lt\\\/wp-content\\\/uploads\\\/2026\\\/04\\\/\u201eVIGA-edukaciniu-zaislu-dezes-rinkinys-vaikams-nuo-24-iki-36-menesiu.jpg\",\"datePublished\":\"2026-04-24T05:08:27+00:00\",\"dateModified\":\"2026-04-24T05:08:41+00:00\",\"description\":\"\u201eVIGA\u201c edukacini\u0173 \u017eaisl\u0173 d\u0117\u017e\u0117s rinkinys vaikams nuo 24 iki 36 m\u0117nesi\u0173 - KidsPlay. Did\u017eiausias vaik\u0173 \u017eaisl\u0173 pasirinkimas.\",\"breadcrumb\":{\"@id\":\"https:\\\/\\\/kidsplay.lt\\\/produktas\\\/viga-edukaciniu-zaislu-dezes-rinkinys-vaikams-nuo-24-iki-36-menesiu\\\/#breadcrumb\"},\"inLanguage\":\"lv-LV\",\"potentialAction\":[{\"@type\":\"ReadAction\",\"target\":[\"https:\\\/\\\/kidsplay.lt\\\/produktas\\\/viga-edukaciniu-zaislu-dezes-rinkinys-vaikams-nuo-24-iki-36-menesiu\\\/\"]}]},{\"@type\":\"ImageObject\",\"inLanguage\":\"lv-LV\",\"@id\":\"https:\\\/\\\/kidsplay.lt\\\/produktas\\\/viga-edukaciniu-zaislu-dezes-rinkinys-vaikams-nuo-24-iki-36-menesiu\\\/#primaryimage\",\"url\":\"https:\\\/\\\/kidsplay.lt\\\/wp-content\\\/uploads\\\/2026\\\/04\\\/\u201eVIGA-edukaciniu-zaislu-dezes-rinkinys-vaikams-nuo-24-iki-36-menesiu.jpg\",\"contentUrl\":\"https:\\\/\\\/kidsplay.lt\\\/wp-content\\\/uploads\\\/2026\\\/04\\\/\u201eVIGA-edukaciniu-zaislu-dezes-rinkinys-vaikams-nuo-24-iki-36-menesiu.jpg\",\"width\":1000,\"height\":1000,\"caption\":\"\u201eVIGA\u201c edukacini\u0173 \u017eaisl\u0173 d\u0117\u017e\u0117s rinkinys vaikams nuo 24 iki 36 m\u0117nesi\u0173\"},{\"@type\":\"BreadcrumbList\",\"@id\":\"https:\\\/\\\/kidsplay.lt\\\/produktas\\\/viga-edukaciniu-zaislu-dezes-rinkinys-vaikams-nuo-24-iki-36-menesiu\\\/#breadcrumb\",\"itemListElement\":[{\"@type\":\"ListItem\",\"position\":1,\"name\":\"Pagrindinis\",\"item\":\"https:\\\/\\\/kidsplay.lt\\\/\"},{\"@type\":\"ListItem\",\"position\":2,\"name\":\"Parduotuv\u0117\",\"item\":\"https:\\\/\\\/kidsplay.lt\\\/parduotuve\\\/\"},{\"@type\":\"ListItem\",\"position\":3,\"name\":\"\u201eVIGA\u201c edukacini\u0173 \u017eaisl\u0173 d\u0117\u017e\u0117s rinkinys vaikams nuo 24 iki 36 m\u0117nesi\u0173\"}]},{\"@type\":\"WebSite\",\"@id\":\"https:\\\/\\\/kidsplay.lt\\\/#website\",\"url\":\"https:\\\/\\\/kidsplay.lt\\\/\",\"name\":\"Kidsplay.lt\",\"description\":\"\u012evairios prek\u0117s vaikams\",\"publisher\":{\"@id\":\"https:\\\/\\\/kidsplay.lt\\\/#organization\"},\"alternateName\":\"Kidsplay\",\"potentialAction\":[{\"@type\":\"SearchAction\",\"target\":{\"@type\":\"EntryPoint\",\"urlTemplate\":\"https:\\\/\\\/kidsplay.lt\\\/?s={search_term_string}\"},\"query-input\":{\"@type\":\"PropertyValueSpecification\",\"valueRequired\":true,\"valueName\":\"search_term_string\"}}],\"inLanguage\":\"lv-LV\"},{\"@type\":\"Organization\",\"@id\":\"https:\\\/\\\/kidsplay.lt\\\/#organization\",\"name\":\"KidsPlay\",\"url\":\"https:\\\/\\\/kidsplay.lt\\\/\",\"logo\":{\"@type\":\"ImageObject\",\"inLanguage\":\"lv-LV\",\"@id\":\"https:\\\/\\\/kidsplay.lt\\\/#\\\/schema\\\/logo\\\/image\\\/\",\"url\":\"https:\\\/\\\/kidsplay.lt\\\/wp-content\\\/uploads\\\/2023\\\/07\\\/kidsplay-logo.png\",\"contentUrl\":\"https:\\\/\\\/kidsplay.lt\\\/wp-content\\\/uploads\\\/2023\\\/07\\\/kidsplay-logo.png\",\"width\":451,\"height\":98,\"caption\":\"KidsPlay\"},\"image\":{\"@id\":\"https:\\\/\\\/kidsplay.lt\\\/#\\\/schema\\\/logo\\\/image\\\/\"},\"sameAs\":[\"https:\\\/\\\/www.facebook.com\\\/www.kidsplay.lt\"]}]}<\/script>\n<!-- \/ Yoast SEO plugin. -->","yoast_head_json":{"title":"\u201eVIGA\u201c edukacini\u0173 \u017eaisl\u0173 d\u0117\u017e\u0117s rinkinys vaikams nuo 24 iki 36 m\u0117nesi\u0173","description":"\u201eVIGA\u201c edukacini\u0173 \u017eaisl\u0173 d\u0117\u017e\u0117s rinkinys vaikams nuo 24 iki 36 m\u0117nesi\u0173 - KidsPlay. Did\u017eiausias vaik\u0173 \u017eaisl\u0173 pasirinkimas.","robots":{"index":"index","follow":"follow","max-snippet":"max-snippet:-1","max-image-preview":"max-image-preview:large","max-video-preview":"max-video-preview:-1"},"canonical":"https:\/\/kidsplay.lt\/lv\/products\/viga-edukaciniu-zaislu-dezes-rinkinys-vaikams-nuo-24-iki-36-menesiu\/","og_locale":"lv_LV","og_type":"article","og_title":"\u201eVIGA\u201c edukacini\u0173 \u017eaisl\u0173 d\u0117\u017e\u0117s rinkinys vaikams nuo 24 iki 36 m\u0117nesi\u0173","og_description":"\u201eVIGA\u201c edukacini\u0173 \u017eaisl\u0173 d\u0117\u017e\u0117s rinkinys vaikams nuo 24 iki 36 m\u0117nesi\u0173 - KidsPlay. Did\u017eiausias vaik\u0173 \u017eaisl\u0173 pasirinkimas.","og_url":"https:\/\/kidsplay.lt\/lv\/products\/viga-edukaciniu-zaislu-dezes-rinkinys-vaikams-nuo-24-iki-36-menesiu\/","og_site_name":"KidsPlay","article_publisher":"https:\/\/www.facebook.com\/www.kidsplay.lt","article_modified_time":"2026-04-24T05:08:41+00:00","og_image":[{"width":1000,"height":1000,"url":"https:\/\/kidsplay.lt\/wp-content\/uploads\/2026\/04\/\u201eVIGA-edukaciniu-zaislu-dezes-rinkinys-vaikams-nuo-24-iki-36-menesiu.jpg","type":"image\/jpeg"}],"twitter_card":"summary_large_image","twitter_misc":{"Est. reading time":"1 min\u016bte"},"schema":{"@context":"https:\/\/schema.org","@graph":[{"@type":"WebPage","@id":"https:\/\/kidsplay.lt\/produktas\/viga-edukaciniu-zaislu-dezes-rinkinys-vaikams-nuo-24-iki-36-menesiu\/","url":"https:\/\/kidsplay.lt\/produktas\/viga-edukaciniu-zaislu-dezes-rinkinys-vaikams-nuo-24-iki-36-menesiu\/","name":"\u201eVIGA\u201c edukacini\u0173 \u017eaisl\u0173 d\u0117\u017e\u0117s rinkinys vaikams nuo 24 iki 36 m\u0117nesi\u0173","isPartOf":{"@id":"https:\/\/kidsplay.lt\/#website"},"primaryImageOfPage":{"@id":"https:\/\/kidsplay.lt\/produktas\/viga-edukaciniu-zaislu-dezes-rinkinys-vaikams-nuo-24-iki-36-menesiu\/#primaryimage"},"image":{"@id":"https:\/\/kidsplay.lt\/produktas\/viga-edukaciniu-zaislu-dezes-rinkinys-vaikams-nuo-24-iki-36-menesiu\/#primaryimage"},"thumbnailUrl":"https:\/\/kidsplay.lt\/wp-content\/uploads\/2026\/04\/\u201eVIGA-edukaciniu-zaislu-dezes-rinkinys-vaikams-nuo-24-iki-36-menesiu.jpg","datePublished":"2026-04-24T05:08:27+00:00","dateModified":"2026-04-24T05:08:41+00:00","description":"\u201eVIGA\u201c edukacini\u0173 \u017eaisl\u0173 d\u0117\u017e\u0117s rinkinys vaikams nuo 24 iki 36 m\u0117nesi\u0173 - KidsPlay. Did\u017eiausias vaik\u0173 \u017eaisl\u0173 pasirinkimas.","breadcrumb":{"@id":"https:\/\/kidsplay.lt\/produktas\/viga-edukaciniu-zaislu-dezes-rinkinys-vaikams-nuo-24-iki-36-menesiu\/#breadcrumb"},"inLanguage":"lv-LV","potentialAction":[{"@type":"ReadAction","target":["https:\/\/kidsplay.lt\/produktas\/viga-edukaciniu-zaislu-dezes-rinkinys-vaikams-nuo-24-iki-36-menesiu\/"]}]},{"@type":"ImageObject","inLanguage":"lv-LV","@id":"https:\/\/kidsplay.lt\/produktas\/viga-edukaciniu-zaislu-dezes-rinkinys-vaikams-nuo-24-iki-36-menesiu\/#primaryimage","url":"https:\/\/kidsplay.lt\/wp-content\/uploads\/2026\/04\/\u201eVIGA-edukaciniu-zaislu-dezes-rinkinys-vaikams-nuo-24-iki-36-menesiu.jpg","contentUrl":"https:\/\/kidsplay.lt\/wp-content\/uploads\/2026\/04\/\u201eVIGA-edukaciniu-zaislu-dezes-rinkinys-vaikams-nuo-24-iki-36-menesiu.jpg","width":1000,"height":1000,"caption":"\u201eVIGA\u201c edukacini\u0173 \u017eaisl\u0173 d\u0117\u017e\u0117s rinkinys vaikams nuo 24 iki 36 m\u0117nesi\u0173"},{"@type":"BreadcrumbList","@id":"https:\/\/kidsplay.lt\/produktas\/viga-edukaciniu-zaislu-dezes-rinkinys-vaikams-nuo-24-iki-36-menesiu\/#breadcrumb","itemListElement":[{"@type":"ListItem","position":1,"name":"Pagrindinis","item":"https:\/\/kidsplay.lt\/"},{"@type":"ListItem","position":2,"name":"Parduotuv\u0117","item":"https:\/\/kidsplay.lt\/parduotuve\/"},{"@type":"ListItem","position":3,"name":"\u201eVIGA\u201c edukacini\u0173 \u017eaisl\u0173 d\u0117\u017e\u0117s rinkinys vaikams nuo 24 iki 36 m\u0117nesi\u0173"}]},{"@type":"WebSite","@id":"https:\/\/kidsplay.lt\/#website","url":"https:\/\/kidsplay.lt\/","name":"B\u0113rnu sp\u0113les.lv","description":"\u012evairios prek\u0117s vaikams","publisher":{"@id":"https:\/\/kidsplay.lt\/#organization"},"alternateName":"Kidsplay","potentialAction":[{"@type":"SearchAction","target":{"@type":"EntryPoint","urlTemplate":"https:\/\/kidsplay.lt\/?s={search_term_string}"},"query-input":{"@type":"PropertyValueSpecification","valueRequired":true,"valueName":"search_term_string"}}],"inLanguage":"lv-LV"},{"@type":"Organization","@id":"https:\/\/kidsplay.lt\/#organization","name":"B\u0113rnu sp\u0113le","url":"https:\/\/kidsplay.lt\/","logo":{"@type":"ImageObject","inLanguage":"lv-LV","@id":"https:\/\/kidsplay.lt\/#\/schema\/logo\/image\/","url":"https:\/\/kidsplay.lt\/wp-content\/uploads\/2023\/07\/kidsplay-logo.png","contentUrl":"https:\/\/kidsplay.lt\/wp-content\/uploads\/2023\/07\/kidsplay-logo.png","width":451,"height":98,"caption":"KidsPlay"},"image":{"@id":"https:\/\/kidsplay.lt\/#\/schema\/logo\/image\/"},"sameAs":["https:\/\/www.facebook.com\/www.kidsplay.lt"]}]}},"_links":{"self":[{"href":"https:\/\/kidsplay.lt\/lv\/wp-json\/wp\/v2\/product\/108763","targetHints":{"allow":["GET"]}}],"collection":[{"href":"https:\/\/kidsplay.lt\/lv\/wp-json\/wp\/v2\/product"}],"about":[{"href":"https:\/\/kidsplay.lt\/lv\/wp-json\/wp\/v2\/types\/product"}],"version-history":[{"count":1,"href":"https:\/\/kidsplay.lt\/lv\/wp-json\/wp\/v2\/product\/108763\/revisions"}],"predecessor-version":[{"id":108764,"href":"https:\/\/kidsplay.lt\/lv\/wp-json\/wp\/v2\/product\/108763\/revisions\/108764"}],"wp:featuredmedia":[{"embeddable":true,"href":"https:\/\/kidsplay.lt\/lv\/wp-json\/wp\/v2\/media\/108765"}],"wp:attachment":[{"href":"https:\/\/kidsplay.lt\/lv\/wp-json\/wp\/v2\/media?parent=108763"}],"wp:term":[{"taxonomy":"product_brand","embeddable":true,"href":"https:\/\/kidsplay.lt\/lv\/wp-json\/wp\/v2\/product_brand?post=108763"},{"taxonomy":"product_cat","embeddable":true,"href":"https:\/\/kidsplay.lt\/lv\/wp-json\/wp\/v2\/product_cat?post=108763"},{"taxonomy":"product_tag","embeddable":true,"href":"https:\/\/kidsplay.lt\/lv\/wp-json\/wp\/v2\/product_tag?post=108763"}],"curies":[{"name":"wp","href":"https:\/\/api.w.org\/{rel}","templated":true}]}}