{"id":108784,"date":"2026-04-24T08:09:19","date_gmt":"2026-04-24T05:09:19","guid":{"rendered":"https:\/\/kidsplay.lt\/produktas\/viga-karoliuku-labirintas-ant-ratuku-eziukas\/"},"modified":"2026-04-24T08:09:33","modified_gmt":"2026-04-24T05:09:33","slug":"viga-karoliuku-labirintas-ant-ratuku-eziukas","status":"publish","type":"product","link":"https:\/\/kidsplay.lt\/lv\/products\/viga-karoliuku-labirintas-ant-ratuku-eziukas\/","title":{"rendered":"\u201eVIGA\u201c karoliuk\u0173 labirintas ant ratuk\u0173 \u2013 e\u017eiukas"},"content":{"rendered":"<p>\u0160is mielas e\u017eiuko formos karoliuk\u0173 labirintas yra puikus pirmasis edukacinis \u017eaislas k\u016bdikiams nuo 12 m\u0117nesi\u0173. Jis sujungia karoliuk\u0173 labirint\u0105 su stumiamu \u017eaislu, suteikdamas dvigub\u0105 \u017eaidimo d\u017eiaugsm\u0105. Vaikas gali stumdyti spalvotus karoliukus metaline arka arba ridenti \u017eaisl\u0105 per grindis, taip lavindamas smulki\u0105j\u0105 motorik\u0105. Nat\u016brali buko mediena ir u\u017eapvalinti kra\u0161tai u\u017etikrina saugum\u0105 \u017eaidimo metu. Tai puikus pasirinkimas t\u0117vams, ie\u0161kantiems patvaraus, esteti\u0161ko ir lavinamojo \u017eaislo.<br \/>\nFunkcijas:<\/p>\n<p> \t2 viename \u017eaislas: karoliuk\u0173 labirintas + stumiamas \u017eaislas<br \/>\n \tMielas e\u017eiuko dizainas<br \/>\n \tPagamintas i\u0161 auk\u0161tos kokyb\u0117s buko medienos<br \/>\n \tSpalvoti karoliukai slankioja metaline arka<br \/>\n \tStabil\u016bs mediniai ratukai su u\u017eapvalintais kra\u0161tais<br \/>\n \tSaugus, ma\u017eoms rankyt\u0117ms pritaikytas dizainas<br \/>\n \tTinka vaikams nuo 12 m\u0117nesi\u0173<br \/>\n \tPakuot\u0117: esteti\u0161ka d\u0117\u017eut\u0117 su langu<\/p>","protected":false},"excerpt":{"rendered":"<p>\u0160is mielas e\u017eiuko formos karoliuk\u0173 labirintas yra puikus pirmasis edukacinis \u017eaislas k\u016bdikiams nuo 12 m\u0117nesi\u0173. Jis sujungia karoliuk\u0173 labirint\u0105 su<\/p>","protected":false},"featured_media":108786,"template":"","meta":{"_acf_changed":false,"_glsr_average":0,"_glsr_ranking":0,"_glsr_reviews":0},"product_brand":[],"product_cat":[396,229],"product_tag":[],"class_list":{"0":"post-108784","1":"product","2":"type-product","3":"status-publish","4":"has-post-thumbnail","6":"product_cat-kudikiu-zaislai-vaikams2","7":"product_cat-zaislai-vaikams","8":"\"style=\"background-color: #2ecc711c;\"","10":"first","11":"instock","12":"purchasable","13":"product-type-simple"},"acf":[],"yoast_head":"<!-- This site is optimized with the Yoast SEO plugin v27.4 - https:\/\/yoast.com\/product\/yoast-seo-wordpress\/ -->\n<title>\u201eVIGA\u201c karoliuk\u0173 labirintas ant ratuk\u0173 \u2013 e\u017eiukas<\/title>\n<meta name=\"description\" content=\"\u201eVIGA\u201c karoliuk\u0173 labirintas ant ratuk\u0173 \u2013 e\u017eiukas - KidsPlay. Did\u017eiausias vaik\u0173 \u017eaisl\u0173 pasirinkimas.\" \/>\n<meta name=\"robots\" content=\"index, follow, max-snippet:-1, max-image-preview:large, max-video-preview:-1\" \/>\n<link rel=\"canonical\" href=\"https:\/\/kidsplay.lt\/lv\/products\/viga-karoliuku-labirintas-ant-ratuku-eziukas\/\" \/>\n<meta property=\"og:locale\" content=\"lv_LV\" \/>\n<meta property=\"og:type\" content=\"article\" \/>\n<meta property=\"og:title\" content=\"\u201eVIGA\u201c karoliuk\u0173 labirintas ant ratuk\u0173 \u2013 e\u017eiukas\" \/>\n<meta property=\"og:description\" content=\"\u201eVIGA\u201c karoliuk\u0173 labirintas ant ratuk\u0173 \u2013 e\u017eiukas - KidsPlay. Did\u017eiausias vaik\u0173 \u017eaisl\u0173 pasirinkimas.\" \/>\n<meta property=\"og:url\" content=\"https:\/\/kidsplay.lt\/lv\/products\/viga-karoliuku-labirintas-ant-ratuku-eziukas\/\" \/>\n<meta property=\"og:site_name\" content=\"KidsPlay\" \/>\n<meta property=\"article:publisher\" content=\"https:\/\/www.facebook.com\/www.kidsplay.lt\" \/>\n<meta property=\"article:modified_time\" content=\"2026-04-24T05:09:33+00:00\" \/>\n<meta property=\"og:image\" content=\"https:\/\/kidsplay.lt\/wp-content\/uploads\/2026\/04\/\u201eVIGA-karoliuku-labirintas-ant-ratuku-\u2013-eziukas.jpg\" \/>\n\t<meta property=\"og:image:width\" content=\"1000\" \/>\n\t<meta property=\"og:image:height\" content=\"1000\" \/>\n\t<meta property=\"og:image:type\" content=\"image\/jpeg\" \/>\n<meta name=\"twitter:card\" content=\"summary_large_image\" \/>\n<meta name=\"twitter:label1\" content=\"Est. reading time\" \/>\n\t<meta name=\"twitter:data1\" content=\"1 min\u016bte\" \/>\n<script type=\"application\/ld+json\" class=\"yoast-schema-graph\">{\"@context\":\"https:\\\/\\\/schema.org\",\"@graph\":[{\"@type\":\"WebPage\",\"@id\":\"https:\\\/\\\/kidsplay.lt\\\/produktas\\\/viga-karoliuku-labirintas-ant-ratuku-eziukas\\\/\",\"url\":\"https:\\\/\\\/kidsplay.lt\\\/produktas\\\/viga-karoliuku-labirintas-ant-ratuku-eziukas\\\/\",\"name\":\"\u201eVIGA\u201c karoliuk\u0173 labirintas ant ratuk\u0173 \u2013 e\u017eiukas\",\"isPartOf\":{\"@id\":\"https:\\\/\\\/kidsplay.lt\\\/#website\"},\"primaryImageOfPage\":{\"@id\":\"https:\\\/\\\/kidsplay.lt\\\/produktas\\\/viga-karoliuku-labirintas-ant-ratuku-eziukas\\\/#primaryimage\"},\"image\":{\"@id\":\"https:\\\/\\\/kidsplay.lt\\\/produktas\\\/viga-karoliuku-labirintas-ant-ratuku-eziukas\\\/#primaryimage\"},\"thumbnailUrl\":\"https:\\\/\\\/kidsplay.lt\\\/wp-content\\\/uploads\\\/2026\\\/04\\\/\u201eVIGA-karoliuku-labirintas-ant-ratuku-\u2013-eziukas.jpg\",\"datePublished\":\"2026-04-24T05:09:19+00:00\",\"dateModified\":\"2026-04-24T05:09:33+00:00\",\"description\":\"\u201eVIGA\u201c karoliuk\u0173 labirintas ant ratuk\u0173 \u2013 e\u017eiukas - KidsPlay. Did\u017eiausias vaik\u0173 \u017eaisl\u0173 pasirinkimas.\",\"breadcrumb\":{\"@id\":\"https:\\\/\\\/kidsplay.lt\\\/produktas\\\/viga-karoliuku-labirintas-ant-ratuku-eziukas\\\/#breadcrumb\"},\"inLanguage\":\"lv-LV\",\"potentialAction\":[{\"@type\":\"ReadAction\",\"target\":[\"https:\\\/\\\/kidsplay.lt\\\/produktas\\\/viga-karoliuku-labirintas-ant-ratuku-eziukas\\\/\"]}]},{\"@type\":\"ImageObject\",\"inLanguage\":\"lv-LV\",\"@id\":\"https:\\\/\\\/kidsplay.lt\\\/produktas\\\/viga-karoliuku-labirintas-ant-ratuku-eziukas\\\/#primaryimage\",\"url\":\"https:\\\/\\\/kidsplay.lt\\\/wp-content\\\/uploads\\\/2026\\\/04\\\/\u201eVIGA-karoliuku-labirintas-ant-ratuku-\u2013-eziukas.jpg\",\"contentUrl\":\"https:\\\/\\\/kidsplay.lt\\\/wp-content\\\/uploads\\\/2026\\\/04\\\/\u201eVIGA-karoliuku-labirintas-ant-ratuku-\u2013-eziukas.jpg\",\"width\":1000,\"height\":1000,\"caption\":\"\u201eVIGA\u201c karoliuk\u0173 labirintas ant ratuk\u0173 \u2013 e\u017eiukas\"},{\"@type\":\"BreadcrumbList\",\"@id\":\"https:\\\/\\\/kidsplay.lt\\\/produktas\\\/viga-karoliuku-labirintas-ant-ratuku-eziukas\\\/#breadcrumb\",\"itemListElement\":[{\"@type\":\"ListItem\",\"position\":1,\"name\":\"Pagrindinis\",\"item\":\"https:\\\/\\\/kidsplay.lt\\\/\"},{\"@type\":\"ListItem\",\"position\":2,\"name\":\"Parduotuv\u0117\",\"item\":\"https:\\\/\\\/kidsplay.lt\\\/parduotuve\\\/\"},{\"@type\":\"ListItem\",\"position\":3,\"name\":\"\u201eVIGA\u201c karoliuk\u0173 labirintas ant ratuk\u0173 \u2013 e\u017eiukas\"}]},{\"@type\":\"WebSite\",\"@id\":\"https:\\\/\\\/kidsplay.lt\\\/#website\",\"url\":\"https:\\\/\\\/kidsplay.lt\\\/\",\"name\":\"Kidsplay.lt\",\"description\":\"\u012evairios prek\u0117s vaikams\",\"publisher\":{\"@id\":\"https:\\\/\\\/kidsplay.lt\\\/#organization\"},\"alternateName\":\"Kidsplay\",\"potentialAction\":[{\"@type\":\"SearchAction\",\"target\":{\"@type\":\"EntryPoint\",\"urlTemplate\":\"https:\\\/\\\/kidsplay.lt\\\/?s={search_term_string}\"},\"query-input\":{\"@type\":\"PropertyValueSpecification\",\"valueRequired\":true,\"valueName\":\"search_term_string\"}}],\"inLanguage\":\"lv-LV\"},{\"@type\":\"Organization\",\"@id\":\"https:\\\/\\\/kidsplay.lt\\\/#organization\",\"name\":\"KidsPlay\",\"url\":\"https:\\\/\\\/kidsplay.lt\\\/\",\"logo\":{\"@type\":\"ImageObject\",\"inLanguage\":\"lv-LV\",\"@id\":\"https:\\\/\\\/kidsplay.lt\\\/#\\\/schema\\\/logo\\\/image\\\/\",\"url\":\"https:\\\/\\\/kidsplay.lt\\\/wp-content\\\/uploads\\\/2023\\\/07\\\/kidsplay-logo.png\",\"contentUrl\":\"https:\\\/\\\/kidsplay.lt\\\/wp-content\\\/uploads\\\/2023\\\/07\\\/kidsplay-logo.png\",\"width\":451,\"height\":98,\"caption\":\"KidsPlay\"},\"image\":{\"@id\":\"https:\\\/\\\/kidsplay.lt\\\/#\\\/schema\\\/logo\\\/image\\\/\"},\"sameAs\":[\"https:\\\/\\\/www.facebook.com\\\/www.kidsplay.lt\"]}]}<\/script>\n<!-- \/ Yoast SEO plugin. -->","yoast_head_json":{"title":"\u201eVIGA\u201c karoliuk\u0173 labirintas ant ratuk\u0173 \u2013 e\u017eiukas","description":"\u201eVIGA\u201c karoliuk\u0173 labirintas ant ratuk\u0173 \u2013 e\u017eiukas - KidsPlay. Did\u017eiausias vaik\u0173 \u017eaisl\u0173 pasirinkimas.","robots":{"index":"index","follow":"follow","max-snippet":"max-snippet:-1","max-image-preview":"max-image-preview:large","max-video-preview":"max-video-preview:-1"},"canonical":"https:\/\/kidsplay.lt\/lv\/products\/viga-karoliuku-labirintas-ant-ratuku-eziukas\/","og_locale":"lv_LV","og_type":"article","og_title":"\u201eVIGA\u201c karoliuk\u0173 labirintas ant ratuk\u0173 \u2013 e\u017eiukas","og_description":"\u201eVIGA\u201c karoliuk\u0173 labirintas ant ratuk\u0173 \u2013 e\u017eiukas - KidsPlay. Did\u017eiausias vaik\u0173 \u017eaisl\u0173 pasirinkimas.","og_url":"https:\/\/kidsplay.lt\/lv\/products\/viga-karoliuku-labirintas-ant-ratuku-eziukas\/","og_site_name":"KidsPlay","article_publisher":"https:\/\/www.facebook.com\/www.kidsplay.lt","article_modified_time":"2026-04-24T05:09:33+00:00","og_image":[{"width":1000,"height":1000,"url":"https:\/\/kidsplay.lt\/wp-content\/uploads\/2026\/04\/\u201eVIGA-karoliuku-labirintas-ant-ratuku-\u2013-eziukas.jpg","type":"image\/jpeg"}],"twitter_card":"summary_large_image","twitter_misc":{"Est. reading time":"1 min\u016bte"},"schema":{"@context":"https:\/\/schema.org","@graph":[{"@type":"WebPage","@id":"https:\/\/kidsplay.lt\/produktas\/viga-karoliuku-labirintas-ant-ratuku-eziukas\/","url":"https:\/\/kidsplay.lt\/produktas\/viga-karoliuku-labirintas-ant-ratuku-eziukas\/","name":"\u201eVIGA\u201c karoliuk\u0173 labirintas ant ratuk\u0173 \u2013 e\u017eiukas","isPartOf":{"@id":"https:\/\/kidsplay.lt\/#website"},"primaryImageOfPage":{"@id":"https:\/\/kidsplay.lt\/produktas\/viga-karoliuku-labirintas-ant-ratuku-eziukas\/#primaryimage"},"image":{"@id":"https:\/\/kidsplay.lt\/produktas\/viga-karoliuku-labirintas-ant-ratuku-eziukas\/#primaryimage"},"thumbnailUrl":"https:\/\/kidsplay.lt\/wp-content\/uploads\/2026\/04\/\u201eVIGA-karoliuku-labirintas-ant-ratuku-\u2013-eziukas.jpg","datePublished":"2026-04-24T05:09:19+00:00","dateModified":"2026-04-24T05:09:33+00:00","description":"\u201eVIGA\u201c karoliuk\u0173 labirintas ant ratuk\u0173 \u2013 e\u017eiukas - KidsPlay. Did\u017eiausias vaik\u0173 \u017eaisl\u0173 pasirinkimas.","breadcrumb":{"@id":"https:\/\/kidsplay.lt\/produktas\/viga-karoliuku-labirintas-ant-ratuku-eziukas\/#breadcrumb"},"inLanguage":"lv-LV","potentialAction":[{"@type":"ReadAction","target":["https:\/\/kidsplay.lt\/produktas\/viga-karoliuku-labirintas-ant-ratuku-eziukas\/"]}]},{"@type":"ImageObject","inLanguage":"lv-LV","@id":"https:\/\/kidsplay.lt\/produktas\/viga-karoliuku-labirintas-ant-ratuku-eziukas\/#primaryimage","url":"https:\/\/kidsplay.lt\/wp-content\/uploads\/2026\/04\/\u201eVIGA-karoliuku-labirintas-ant-ratuku-\u2013-eziukas.jpg","contentUrl":"https:\/\/kidsplay.lt\/wp-content\/uploads\/2026\/04\/\u201eVIGA-karoliuku-labirintas-ant-ratuku-\u2013-eziukas.jpg","width":1000,"height":1000,"caption":"\u201eVIGA\u201c karoliuk\u0173 labirintas ant ratuk\u0173 \u2013 e\u017eiukas"},{"@type":"BreadcrumbList","@id":"https:\/\/kidsplay.lt\/produktas\/viga-karoliuku-labirintas-ant-ratuku-eziukas\/#breadcrumb","itemListElement":[{"@type":"ListItem","position":1,"name":"Pagrindinis","item":"https:\/\/kidsplay.lt\/"},{"@type":"ListItem","position":2,"name":"Parduotuv\u0117","item":"https:\/\/kidsplay.lt\/parduotuve\/"},{"@type":"ListItem","position":3,"name":"\u201eVIGA\u201c karoliuk\u0173 labirintas ant ratuk\u0173 \u2013 e\u017eiukas"}]},{"@type":"WebSite","@id":"https:\/\/kidsplay.lt\/#website","url":"https:\/\/kidsplay.lt\/","name":"B\u0113rnu sp\u0113les.lv","description":"\u012evairios prek\u0117s vaikams","publisher":{"@id":"https:\/\/kidsplay.lt\/#organization"},"alternateName":"Kidsplay","potentialAction":[{"@type":"SearchAction","target":{"@type":"EntryPoint","urlTemplate":"https:\/\/kidsplay.lt\/?s={search_term_string}"},"query-input":{"@type":"PropertyValueSpecification","valueRequired":true,"valueName":"search_term_string"}}],"inLanguage":"lv-LV"},{"@type":"Organization","@id":"https:\/\/kidsplay.lt\/#organization","name":"B\u0113rnu sp\u0113le","url":"https:\/\/kidsplay.lt\/","logo":{"@type":"ImageObject","inLanguage":"lv-LV","@id":"https:\/\/kidsplay.lt\/#\/schema\/logo\/image\/","url":"https:\/\/kidsplay.lt\/wp-content\/uploads\/2023\/07\/kidsplay-logo.png","contentUrl":"https:\/\/kidsplay.lt\/wp-content\/uploads\/2023\/07\/kidsplay-logo.png","width":451,"height":98,"caption":"KidsPlay"},"image":{"@id":"https:\/\/kidsplay.lt\/#\/schema\/logo\/image\/"},"sameAs":["https:\/\/www.facebook.com\/www.kidsplay.lt"]}]}},"_links":{"self":[{"href":"https:\/\/kidsplay.lt\/lv\/wp-json\/wp\/v2\/product\/108784","targetHints":{"allow":["GET"]}}],"collection":[{"href":"https:\/\/kidsplay.lt\/lv\/wp-json\/wp\/v2\/product"}],"about":[{"href":"https:\/\/kidsplay.lt\/lv\/wp-json\/wp\/v2\/types\/product"}],"version-history":[{"count":1,"href":"https:\/\/kidsplay.lt\/lv\/wp-json\/wp\/v2\/product\/108784\/revisions"}],"predecessor-version":[{"id":108785,"href":"https:\/\/kidsplay.lt\/lv\/wp-json\/wp\/v2\/product\/108784\/revisions\/108785"}],"wp:featuredmedia":[{"embeddable":true,"href":"https:\/\/kidsplay.lt\/lv\/wp-json\/wp\/v2\/media\/108786"}],"wp:attachment":[{"href":"https:\/\/kidsplay.lt\/lv\/wp-json\/wp\/v2\/media?parent=108784"}],"wp:term":[{"taxonomy":"product_brand","embeddable":true,"href":"https:\/\/kidsplay.lt\/lv\/wp-json\/wp\/v2\/product_brand?post=108784"},{"taxonomy":"product_cat","embeddable":true,"href":"https:\/\/kidsplay.lt\/lv\/wp-json\/wp\/v2\/product_cat?post=108784"},{"taxonomy":"product_tag","embeddable":true,"href":"https:\/\/kidsplay.lt\/lv\/wp-json\/wp\/v2\/product_tag?post=108784"}],"curies":[{"name":"wp","href":"https:\/\/api.w.org\/{rel}","templated":true}]}}