{"id":108791,"date":"2026-04-24T08:09:36","date_gmt":"2026-04-24T05:09:36","guid":{"rendered":"https:\/\/kidsplay.lt\/produktas\/viga-blizguciais-dekoruota-sienine-veiklos-lenta\/"},"modified":"2026-04-24T08:09:49","modified_gmt":"2026-04-24T05:09:49","slug":"viga-blizguciais-dekoruota-sienine-veiklos-lenta","status":"publish","type":"product","link":"https:\/\/kidsplay.lt\/lv\/products\/viga-blizguciais-dekoruota-sienine-veiklos-lenta\/","title":{"rendered":"\u201eVIGA\u201c blizgu\u010diais dekoruota sienin\u0117 veiklos lenta"},"content":{"rendered":"<p>\u0160i \u012fsp\u016bdinga blizgu\u010di\u0173 sienin\u0117 veiklos lenta i\u0161 \u201eViga\u201c \u2013 tikras \u017eaidimo ir mokymosi derinys! Braukdami ranka per pavir\u0161i\u0173, vaikai atranda pasl\u0117ptas spalvas ir kuria savo ra\u0161tus, raides ar formas. Dvipusiai blizgu\u010diai kei\u010dia spalv\u0105 kiekvienu judesiu, skatindami smalsum\u0105 ir eksperimentavim\u0105. Mink\u0161tas, saugus pavir\u0161ius \u017eaidim\u0105 daro ne tik k\u016brybi\u0161k\u0105, bet ir raminant\u012f. Puikiai tinka namams, dar\u017eeliui ar sensoriniam kambariui \u2013 mokymasis vyksta per lyt\u0117jim\u0105, judes\u012f ir laisv\u0105 savirai\u0161k\u0105.<br \/>\nFunkcijas:<\/p>\n<p> \tSienin\u0117 veiklos lenta<br \/>\n \tTinka vaikams nuo 3 met\u0173 am\u017eiaus<br \/>\n \tDvipusiai spalv\u0105 kei\u010diantys blizgu\u010diai (\u017ealia\/auksin\u0117)<br \/>\n \tGalimyb\u0117 pir\u0161tu ar ranka kurti ra\u0161tus, raides ir \u017eod\u017eius<br \/>\n \tLygus, mink\u0161tas ir saugus pavir\u0161ius<br \/>\n \tTvirtas nat\u016bralaus med\u017eio r\u0117mas<br \/>\n \tPuikiai tinka edukacin\u0117ms ir nam\u0173 erdv\u0117ms<\/p>","protected":false},"excerpt":{"rendered":"<p>\u0160i \u012fsp\u016bdinga blizgu\u010di\u0173 sienin\u0117 veiklos lenta i\u0161 \u201eViga\u201c \u2013 tikras \u017eaidimo ir mokymosi derinys! Braukdami ranka per pavir\u0161i\u0173, vaikai atranda<\/p>","protected":false},"featured_media":108793,"template":"","meta":{"_acf_changed":false,"_glsr_average":0,"_glsr_ranking":0,"_glsr_reviews":0},"product_brand":[],"product_cat":[884,883],"product_tag":[],"class_list":{"0":"post-108791","1":"product","2":"type-product","3":"status-publish","4":"has-post-thumbnail","6":"product_cat-edukaciniai-lavinamieji-mediniai-zaislai","7":"product_cat-mediniai-zaislai-2","8":"\"style=\"background-color: #2ecc711c;\"","10":"first","11":"instock","12":"purchasable","13":"product-type-simple"},"acf":[],"yoast_head":"<!-- This site is optimized with the Yoast SEO plugin v27.4 - https:\/\/yoast.com\/product\/yoast-seo-wordpress\/ -->\n<title>\u201eVIGA\u201c blizgu\u010diais dekoruota sienin\u0117 veiklos lenta<\/title>\n<meta name=\"description\" content=\"\u201eVIGA\u201c blizgu\u010diais dekoruota sienin\u0117 veiklos lenta - KidsPlay. Did\u017eiausias vaik\u0173 \u017eaisl\u0173 pasirinkimas.\" \/>\n<meta name=\"robots\" content=\"index, follow, max-snippet:-1, max-image-preview:large, max-video-preview:-1\" \/>\n<link rel=\"canonical\" href=\"https:\/\/kidsplay.lt\/lv\/products\/viga-blizguciais-dekoruota-sienine-veiklos-lenta\/\" \/>\n<meta property=\"og:locale\" content=\"lv_LV\" \/>\n<meta property=\"og:type\" content=\"article\" \/>\n<meta property=\"og:title\" content=\"\u201eVIGA\u201c blizgu\u010diais dekoruota sienin\u0117 veiklos lenta\" \/>\n<meta property=\"og:description\" content=\"\u201eVIGA\u201c blizgu\u010diais dekoruota sienin\u0117 veiklos lenta - KidsPlay. Did\u017eiausias vaik\u0173 \u017eaisl\u0173 pasirinkimas.\" \/>\n<meta property=\"og:url\" content=\"https:\/\/kidsplay.lt\/lv\/products\/viga-blizguciais-dekoruota-sienine-veiklos-lenta\/\" \/>\n<meta property=\"og:site_name\" content=\"KidsPlay\" \/>\n<meta property=\"article:publisher\" content=\"https:\/\/www.facebook.com\/www.kidsplay.lt\" \/>\n<meta property=\"article:modified_time\" content=\"2026-04-24T05:09:49+00:00\" \/>\n<meta property=\"og:image\" content=\"https:\/\/kidsplay.lt\/wp-content\/uploads\/2026\/04\/\u201eVIGA-blizguciais-dekoruota-sienine-veiklos-lenta.jpg\" \/>\n\t<meta property=\"og:image:width\" content=\"1000\" \/>\n\t<meta property=\"og:image:height\" content=\"1000\" \/>\n\t<meta property=\"og:image:type\" content=\"image\/jpeg\" \/>\n<meta name=\"twitter:card\" content=\"summary_large_image\" \/>\n<meta name=\"twitter:label1\" content=\"Est. reading time\" \/>\n\t<meta name=\"twitter:data1\" content=\"1 min\u016bte\" \/>\n<script type=\"application\/ld+json\" class=\"yoast-schema-graph\">{\"@context\":\"https:\\\/\\\/schema.org\",\"@graph\":[{\"@type\":\"WebPage\",\"@id\":\"https:\\\/\\\/kidsplay.lt\\\/produktas\\\/viga-blizguciais-dekoruota-sienine-veiklos-lenta\\\/\",\"url\":\"https:\\\/\\\/kidsplay.lt\\\/produktas\\\/viga-blizguciais-dekoruota-sienine-veiklos-lenta\\\/\",\"name\":\"\u201eVIGA\u201c blizgu\u010diais dekoruota sienin\u0117 veiklos lenta\",\"isPartOf\":{\"@id\":\"https:\\\/\\\/kidsplay.lt\\\/#website\"},\"primaryImageOfPage\":{\"@id\":\"https:\\\/\\\/kidsplay.lt\\\/produktas\\\/viga-blizguciais-dekoruota-sienine-veiklos-lenta\\\/#primaryimage\"},\"image\":{\"@id\":\"https:\\\/\\\/kidsplay.lt\\\/produktas\\\/viga-blizguciais-dekoruota-sienine-veiklos-lenta\\\/#primaryimage\"},\"thumbnailUrl\":\"https:\\\/\\\/kidsplay.lt\\\/wp-content\\\/uploads\\\/2026\\\/04\\\/\u201eVIGA-blizguciais-dekoruota-sienine-veiklos-lenta.jpg\",\"datePublished\":\"2026-04-24T05:09:36+00:00\",\"dateModified\":\"2026-04-24T05:09:49+00:00\",\"description\":\"\u201eVIGA\u201c blizgu\u010diais dekoruota sienin\u0117 veiklos lenta - KidsPlay. Did\u017eiausias vaik\u0173 \u017eaisl\u0173 pasirinkimas.\",\"breadcrumb\":{\"@id\":\"https:\\\/\\\/kidsplay.lt\\\/produktas\\\/viga-blizguciais-dekoruota-sienine-veiklos-lenta\\\/#breadcrumb\"},\"inLanguage\":\"lv-LV\",\"potentialAction\":[{\"@type\":\"ReadAction\",\"target\":[\"https:\\\/\\\/kidsplay.lt\\\/produktas\\\/viga-blizguciais-dekoruota-sienine-veiklos-lenta\\\/\"]}]},{\"@type\":\"ImageObject\",\"inLanguage\":\"lv-LV\",\"@id\":\"https:\\\/\\\/kidsplay.lt\\\/produktas\\\/viga-blizguciais-dekoruota-sienine-veiklos-lenta\\\/#primaryimage\",\"url\":\"https:\\\/\\\/kidsplay.lt\\\/wp-content\\\/uploads\\\/2026\\\/04\\\/\u201eVIGA-blizguciais-dekoruota-sienine-veiklos-lenta.jpg\",\"contentUrl\":\"https:\\\/\\\/kidsplay.lt\\\/wp-content\\\/uploads\\\/2026\\\/04\\\/\u201eVIGA-blizguciais-dekoruota-sienine-veiklos-lenta.jpg\",\"width\":1000,\"height\":1000,\"caption\":\"\u201eVIGA\u201c blizgu\u010diais dekoruota sienin\u0117 veiklos lenta\"},{\"@type\":\"BreadcrumbList\",\"@id\":\"https:\\\/\\\/kidsplay.lt\\\/produktas\\\/viga-blizguciais-dekoruota-sienine-veiklos-lenta\\\/#breadcrumb\",\"itemListElement\":[{\"@type\":\"ListItem\",\"position\":1,\"name\":\"Pagrindinis\",\"item\":\"https:\\\/\\\/kidsplay.lt\\\/\"},{\"@type\":\"ListItem\",\"position\":2,\"name\":\"Parduotuv\u0117\",\"item\":\"https:\\\/\\\/kidsplay.lt\\\/parduotuve\\\/\"},{\"@type\":\"ListItem\",\"position\":3,\"name\":\"\u201eVIGA\u201c blizgu\u010diais dekoruota sienin\u0117 veiklos lenta\"}]},{\"@type\":\"WebSite\",\"@id\":\"https:\\\/\\\/kidsplay.lt\\\/#website\",\"url\":\"https:\\\/\\\/kidsplay.lt\\\/\",\"name\":\"Kidsplay.lt\",\"description\":\"\u012evairios prek\u0117s vaikams\",\"publisher\":{\"@id\":\"https:\\\/\\\/kidsplay.lt\\\/#organization\"},\"alternateName\":\"Kidsplay\",\"potentialAction\":[{\"@type\":\"SearchAction\",\"target\":{\"@type\":\"EntryPoint\",\"urlTemplate\":\"https:\\\/\\\/kidsplay.lt\\\/?s={search_term_string}\"},\"query-input\":{\"@type\":\"PropertyValueSpecification\",\"valueRequired\":true,\"valueName\":\"search_term_string\"}}],\"inLanguage\":\"lv-LV\"},{\"@type\":\"Organization\",\"@id\":\"https:\\\/\\\/kidsplay.lt\\\/#organization\",\"name\":\"KidsPlay\",\"url\":\"https:\\\/\\\/kidsplay.lt\\\/\",\"logo\":{\"@type\":\"ImageObject\",\"inLanguage\":\"lv-LV\",\"@id\":\"https:\\\/\\\/kidsplay.lt\\\/#\\\/schema\\\/logo\\\/image\\\/\",\"url\":\"https:\\\/\\\/kidsplay.lt\\\/wp-content\\\/uploads\\\/2023\\\/07\\\/kidsplay-logo.png\",\"contentUrl\":\"https:\\\/\\\/kidsplay.lt\\\/wp-content\\\/uploads\\\/2023\\\/07\\\/kidsplay-logo.png\",\"width\":451,\"height\":98,\"caption\":\"KidsPlay\"},\"image\":{\"@id\":\"https:\\\/\\\/kidsplay.lt\\\/#\\\/schema\\\/logo\\\/image\\\/\"},\"sameAs\":[\"https:\\\/\\\/www.facebook.com\\\/www.kidsplay.lt\"]}]}<\/script>\n<!-- \/ Yoast SEO plugin. -->","yoast_head_json":{"title":"\u201eVIGA\u201c blizgu\u010diais dekoruota sienin\u0117 veiklos lenta","description":"\u201eVIGA\u201c blizgu\u010diais dekoruota sienin\u0117 veiklos lenta - KidsPlay. Did\u017eiausias vaik\u0173 \u017eaisl\u0173 pasirinkimas.","robots":{"index":"index","follow":"follow","max-snippet":"max-snippet:-1","max-image-preview":"max-image-preview:large","max-video-preview":"max-video-preview:-1"},"canonical":"https:\/\/kidsplay.lt\/lv\/products\/viga-blizguciais-dekoruota-sienine-veiklos-lenta\/","og_locale":"lv_LV","og_type":"article","og_title":"\u201eVIGA\u201c blizgu\u010diais dekoruota sienin\u0117 veiklos lenta","og_description":"\u201eVIGA\u201c blizgu\u010diais dekoruota sienin\u0117 veiklos lenta - KidsPlay. Did\u017eiausias vaik\u0173 \u017eaisl\u0173 pasirinkimas.","og_url":"https:\/\/kidsplay.lt\/lv\/products\/viga-blizguciais-dekoruota-sienine-veiklos-lenta\/","og_site_name":"KidsPlay","article_publisher":"https:\/\/www.facebook.com\/www.kidsplay.lt","article_modified_time":"2026-04-24T05:09:49+00:00","og_image":[{"width":1000,"height":1000,"url":"https:\/\/kidsplay.lt\/wp-content\/uploads\/2026\/04\/\u201eVIGA-blizguciais-dekoruota-sienine-veiklos-lenta.jpg","type":"image\/jpeg"}],"twitter_card":"summary_large_image","twitter_misc":{"Est. reading time":"1 min\u016bte"},"schema":{"@context":"https:\/\/schema.org","@graph":[{"@type":"WebPage","@id":"https:\/\/kidsplay.lt\/produktas\/viga-blizguciais-dekoruota-sienine-veiklos-lenta\/","url":"https:\/\/kidsplay.lt\/produktas\/viga-blizguciais-dekoruota-sienine-veiklos-lenta\/","name":"\u201eVIGA\u201c blizgu\u010diais dekoruota sienin\u0117 veiklos lenta","isPartOf":{"@id":"https:\/\/kidsplay.lt\/#website"},"primaryImageOfPage":{"@id":"https:\/\/kidsplay.lt\/produktas\/viga-blizguciais-dekoruota-sienine-veiklos-lenta\/#primaryimage"},"image":{"@id":"https:\/\/kidsplay.lt\/produktas\/viga-blizguciais-dekoruota-sienine-veiklos-lenta\/#primaryimage"},"thumbnailUrl":"https:\/\/kidsplay.lt\/wp-content\/uploads\/2026\/04\/\u201eVIGA-blizguciais-dekoruota-sienine-veiklos-lenta.jpg","datePublished":"2026-04-24T05:09:36+00:00","dateModified":"2026-04-24T05:09:49+00:00","description":"\u201eVIGA\u201c blizgu\u010diais dekoruota sienin\u0117 veiklos lenta - KidsPlay. Did\u017eiausias vaik\u0173 \u017eaisl\u0173 pasirinkimas.","breadcrumb":{"@id":"https:\/\/kidsplay.lt\/produktas\/viga-blizguciais-dekoruota-sienine-veiklos-lenta\/#breadcrumb"},"inLanguage":"lv-LV","potentialAction":[{"@type":"ReadAction","target":["https:\/\/kidsplay.lt\/produktas\/viga-blizguciais-dekoruota-sienine-veiklos-lenta\/"]}]},{"@type":"ImageObject","inLanguage":"lv-LV","@id":"https:\/\/kidsplay.lt\/produktas\/viga-blizguciais-dekoruota-sienine-veiklos-lenta\/#primaryimage","url":"https:\/\/kidsplay.lt\/wp-content\/uploads\/2026\/04\/\u201eVIGA-blizguciais-dekoruota-sienine-veiklos-lenta.jpg","contentUrl":"https:\/\/kidsplay.lt\/wp-content\/uploads\/2026\/04\/\u201eVIGA-blizguciais-dekoruota-sienine-veiklos-lenta.jpg","width":1000,"height":1000,"caption":"\u201eVIGA\u201c blizgu\u010diais dekoruota sienin\u0117 veiklos lenta"},{"@type":"BreadcrumbList","@id":"https:\/\/kidsplay.lt\/produktas\/viga-blizguciais-dekoruota-sienine-veiklos-lenta\/#breadcrumb","itemListElement":[{"@type":"ListItem","position":1,"name":"Pagrindinis","item":"https:\/\/kidsplay.lt\/"},{"@type":"ListItem","position":2,"name":"Parduotuv\u0117","item":"https:\/\/kidsplay.lt\/parduotuve\/"},{"@type":"ListItem","position":3,"name":"\u201eVIGA\u201c blizgu\u010diais dekoruota sienin\u0117 veiklos lenta"}]},{"@type":"WebSite","@id":"https:\/\/kidsplay.lt\/#website","url":"https:\/\/kidsplay.lt\/","name":"B\u0113rnu sp\u0113les.lv","description":"\u012evairios prek\u0117s vaikams","publisher":{"@id":"https:\/\/kidsplay.lt\/#organization"},"alternateName":"Kidsplay","potentialAction":[{"@type":"SearchAction","target":{"@type":"EntryPoint","urlTemplate":"https:\/\/kidsplay.lt\/?s={search_term_string}"},"query-input":{"@type":"PropertyValueSpecification","valueRequired":true,"valueName":"search_term_string"}}],"inLanguage":"lv-LV"},{"@type":"Organization","@id":"https:\/\/kidsplay.lt\/#organization","name":"B\u0113rnu sp\u0113le","url":"https:\/\/kidsplay.lt\/","logo":{"@type":"ImageObject","inLanguage":"lv-LV","@id":"https:\/\/kidsplay.lt\/#\/schema\/logo\/image\/","url":"https:\/\/kidsplay.lt\/wp-content\/uploads\/2023\/07\/kidsplay-logo.png","contentUrl":"https:\/\/kidsplay.lt\/wp-content\/uploads\/2023\/07\/kidsplay-logo.png","width":451,"height":98,"caption":"KidsPlay"},"image":{"@id":"https:\/\/kidsplay.lt\/#\/schema\/logo\/image\/"},"sameAs":["https:\/\/www.facebook.com\/www.kidsplay.lt"]}]}},"_links":{"self":[{"href":"https:\/\/kidsplay.lt\/lv\/wp-json\/wp\/v2\/product\/108791","targetHints":{"allow":["GET"]}}],"collection":[{"href":"https:\/\/kidsplay.lt\/lv\/wp-json\/wp\/v2\/product"}],"about":[{"href":"https:\/\/kidsplay.lt\/lv\/wp-json\/wp\/v2\/types\/product"}],"version-history":[{"count":1,"href":"https:\/\/kidsplay.lt\/lv\/wp-json\/wp\/v2\/product\/108791\/revisions"}],"predecessor-version":[{"id":108792,"href":"https:\/\/kidsplay.lt\/lv\/wp-json\/wp\/v2\/product\/108791\/revisions\/108792"}],"wp:featuredmedia":[{"embeddable":true,"href":"https:\/\/kidsplay.lt\/lv\/wp-json\/wp\/v2\/media\/108793"}],"wp:attachment":[{"href":"https:\/\/kidsplay.lt\/lv\/wp-json\/wp\/v2\/media?parent=108791"}],"wp:term":[{"taxonomy":"product_brand","embeddable":true,"href":"https:\/\/kidsplay.lt\/lv\/wp-json\/wp\/v2\/product_brand?post=108791"},{"taxonomy":"product_cat","embeddable":true,"href":"https:\/\/kidsplay.lt\/lv\/wp-json\/wp\/v2\/product_cat?post=108791"},{"taxonomy":"product_tag","embeddable":true,"href":"https:\/\/kidsplay.lt\/lv\/wp-json\/wp\/v2\/product_tag?post=108791"}],"curies":[{"name":"wp","href":"https:\/\/api.w.org\/{rel}","templated":true}]}}