{"id":108798,"date":"2026-04-24T08:09:52","date_gmt":"2026-04-24T05:09:52","guid":{"rendered":"https:\/\/kidsplay.lt\/produktas\/viga-medine-rusiuokle-delione-sodas\/"},"modified":"2026-04-24T08:10:06","modified_gmt":"2026-04-24T05:10:06","slug":"viga-medine-rusiuokle-delione-sodas","status":"publish","type":"product","link":"https:\/\/kidsplay.lt\/lv\/products\/viga-medine-rusiuokle-delione-sodas\/","title":{"rendered":"VIGA medin\u0117 r\u016b\u0161iuokl\u0117-d\u0117lion\u0117 \u201eSodas\u201c"},"content":{"rendered":"<p>Sukurk savo spalving\u0105 mikro pasaul\u012f, piln\u0105 \u017eavi\u0173 g\u0117li\u0173, gryb\u0173 ir skraidan\u010di\u0173 vabzd\u017ei\u0173! \u0160i k\u016brybin\u0117 \u201eViga\u201c d\u0117lion\u0117 leid\u017eia ma\u017eyliams laisvai statyti vertikalias konstrukcijas, suteikdama did\u017eiul\u012f pasitenkinim\u0105 su kiekvienu s\u0117kmingai u\u017ebaigtu projektu. \u017daisdamas sodininko vaidmen\u012f, vaikas nat\u016braliai lavina kantryb\u0119 ir smulki\u0105j\u0105 motorik\u0105. Esteti\u0161kas, pastelini\u0173 spalv\u0173 dizainas daro \u0161\u012f \u017eaisl\u0105 malon\u0173 akiai ir jis puikiai dera prie bet kokio vaik\u0173 kambario interjero. Tai puikus mokymosi ir gryno d\u017eiaugsmo derinys, \u012ftraukiantis poj\u016b\u010dius ir skatinantis vaizduot\u0119.<br \/>\nFunkcijas:<\/p>\n<p> \tVaikams nuo 12 m\u0117nesi\u0173+<br \/>\n \t\u0160velnios, pastelin\u0117s, vaikams draugi\u0161kos spalvos<br \/>\n \tAuk\u0161tos kokyb\u0117s mediena, ekologi\u0161ka ir patvari<\/p>\n<p>Komplekt\u0101 ietilpst:<\/p>\n<p> \tStabilus medinis stovas su trimis kai\u0161\u010diais elementams d\u0117ti<br \/>\n \tSpalvoti vabzd\u017ei\u0173 formos kalad\u0117l\u0117s (boru\u017e\u0117l\u0117, bit\u0117, drugelis)<br \/>\n \tAugalijos elementai (lapai, g\u0117l\u0117s, grybai)<br \/>\n \tGeometriniai jungiamieji elementai, padedantys stabiliai statyti bok\u0161telius<\/p>","protected":false},"excerpt":{"rendered":"<p>Sukurk savo spalving\u0105 mikro pasaul\u012f, piln\u0105 \u017eavi\u0173 g\u0117li\u0173, gryb\u0173 ir skraidan\u010di\u0173 vabzd\u017ei\u0173! \u0160i k\u016brybin\u0117 \u201eViga\u201c d\u0117lion\u0117 leid\u017eia ma\u017eyliams laisvai statyti<\/p>","protected":false},"featured_media":108800,"template":"","meta":{"_acf_changed":false,"_glsr_average":0,"_glsr_ranking":0,"_glsr_reviews":0},"product_brand":[],"product_cat":[396,229],"product_tag":[],"class_list":{"0":"post-108798","1":"product","2":"type-product","3":"status-publish","4":"has-post-thumbnail","6":"product_cat-kudikiu-zaislai-vaikams2","7":"product_cat-zaislai-vaikams","8":"\"style=\"background-color: #2ecc711c;\"","10":"first","11":"instock","12":"purchasable","13":"product-type-simple"},"acf":[],"yoast_head":"<!-- This site is optimized with the Yoast SEO plugin v27.4 - https:\/\/yoast.com\/product\/yoast-seo-wordpress\/ -->\n<title>VIGA medin\u0117 r\u016b\u0161iuokl\u0117-d\u0117lion\u0117 \u201eSodas\u201c<\/title>\n<meta name=\"description\" content=\"VIGA medin\u0117 r\u016b\u0161iuokl\u0117-d\u0117lion\u0117 \u201eSodas\u201c - KidsPlay. Did\u017eiausias vaik\u0173 \u017eaisl\u0173 pasirinkimas.\" \/>\n<meta name=\"robots\" content=\"index, follow, max-snippet:-1, max-image-preview:large, max-video-preview:-1\" \/>\n<link rel=\"canonical\" href=\"https:\/\/kidsplay.lt\/lv\/products\/viga-medine-rusiuokle-delione-sodas\/\" \/>\n<meta property=\"og:locale\" content=\"lv_LV\" \/>\n<meta property=\"og:type\" content=\"article\" \/>\n<meta property=\"og:title\" content=\"VIGA medin\u0117 r\u016b\u0161iuokl\u0117-d\u0117lion\u0117 \u201eSodas\u201c\" \/>\n<meta property=\"og:description\" content=\"VIGA medin\u0117 r\u016b\u0161iuokl\u0117-d\u0117lion\u0117 \u201eSodas\u201c - KidsPlay. Did\u017eiausias vaik\u0173 \u017eaisl\u0173 pasirinkimas.\" \/>\n<meta property=\"og:url\" content=\"https:\/\/kidsplay.lt\/lv\/products\/viga-medine-rusiuokle-delione-sodas\/\" \/>\n<meta property=\"og:site_name\" content=\"KidsPlay\" \/>\n<meta property=\"article:publisher\" content=\"https:\/\/www.facebook.com\/www.kidsplay.lt\" \/>\n<meta property=\"article:modified_time\" content=\"2026-04-24T05:10:06+00:00\" \/>\n<meta property=\"og:image\" content=\"https:\/\/kidsplay.lt\/wp-content\/uploads\/2026\/04\/VIGA-medine-rusiuokle-delione-\u201eSodas.jpg\" \/>\n\t<meta property=\"og:image:width\" content=\"1000\" \/>\n\t<meta property=\"og:image:height\" content=\"1000\" \/>\n\t<meta property=\"og:image:type\" content=\"image\/jpeg\" \/>\n<meta name=\"twitter:card\" content=\"summary_large_image\" \/>\n<meta name=\"twitter:label1\" content=\"Est. reading time\" \/>\n\t<meta name=\"twitter:data1\" content=\"1 min\u016bte\" \/>\n<script type=\"application\/ld+json\" class=\"yoast-schema-graph\">{\"@context\":\"https:\\\/\\\/schema.org\",\"@graph\":[{\"@type\":\"WebPage\",\"@id\":\"https:\\\/\\\/kidsplay.lt\\\/produktas\\\/viga-medine-rusiuokle-delione-sodas\\\/\",\"url\":\"https:\\\/\\\/kidsplay.lt\\\/produktas\\\/viga-medine-rusiuokle-delione-sodas\\\/\",\"name\":\"VIGA medin\u0117 r\u016b\u0161iuokl\u0117-d\u0117lion\u0117 \u201eSodas\u201c\",\"isPartOf\":{\"@id\":\"https:\\\/\\\/kidsplay.lt\\\/#website\"},\"primaryImageOfPage\":{\"@id\":\"https:\\\/\\\/kidsplay.lt\\\/produktas\\\/viga-medine-rusiuokle-delione-sodas\\\/#primaryimage\"},\"image\":{\"@id\":\"https:\\\/\\\/kidsplay.lt\\\/produktas\\\/viga-medine-rusiuokle-delione-sodas\\\/#primaryimage\"},\"thumbnailUrl\":\"https:\\\/\\\/kidsplay.lt\\\/wp-content\\\/uploads\\\/2026\\\/04\\\/VIGA-medine-rusiuokle-delione-\u201eSodas.jpg\",\"datePublished\":\"2026-04-24T05:09:52+00:00\",\"dateModified\":\"2026-04-24T05:10:06+00:00\",\"description\":\"VIGA medin\u0117 r\u016b\u0161iuokl\u0117-d\u0117lion\u0117 \u201eSodas\u201c - KidsPlay. Did\u017eiausias vaik\u0173 \u017eaisl\u0173 pasirinkimas.\",\"breadcrumb\":{\"@id\":\"https:\\\/\\\/kidsplay.lt\\\/produktas\\\/viga-medine-rusiuokle-delione-sodas\\\/#breadcrumb\"},\"inLanguage\":\"lv-LV\",\"potentialAction\":[{\"@type\":\"ReadAction\",\"target\":[\"https:\\\/\\\/kidsplay.lt\\\/produktas\\\/viga-medine-rusiuokle-delione-sodas\\\/\"]}]},{\"@type\":\"ImageObject\",\"inLanguage\":\"lv-LV\",\"@id\":\"https:\\\/\\\/kidsplay.lt\\\/produktas\\\/viga-medine-rusiuokle-delione-sodas\\\/#primaryimage\",\"url\":\"https:\\\/\\\/kidsplay.lt\\\/wp-content\\\/uploads\\\/2026\\\/04\\\/VIGA-medine-rusiuokle-delione-\u201eSodas.jpg\",\"contentUrl\":\"https:\\\/\\\/kidsplay.lt\\\/wp-content\\\/uploads\\\/2026\\\/04\\\/VIGA-medine-rusiuokle-delione-\u201eSodas.jpg\",\"width\":1000,\"height\":1000,\"caption\":\"VIGA medin\u0117 r\u016b\u0161iuokl\u0117-d\u0117lion\u0117 \u201eSodas\u201c\"},{\"@type\":\"BreadcrumbList\",\"@id\":\"https:\\\/\\\/kidsplay.lt\\\/produktas\\\/viga-medine-rusiuokle-delione-sodas\\\/#breadcrumb\",\"itemListElement\":[{\"@type\":\"ListItem\",\"position\":1,\"name\":\"Pagrindinis\",\"item\":\"https:\\\/\\\/kidsplay.lt\\\/\"},{\"@type\":\"ListItem\",\"position\":2,\"name\":\"Parduotuv\u0117\",\"item\":\"https:\\\/\\\/kidsplay.lt\\\/parduotuve\\\/\"},{\"@type\":\"ListItem\",\"position\":3,\"name\":\"VIGA medin\u0117 r\u016b\u0161iuokl\u0117-d\u0117lion\u0117 \u201eSodas\u201c\"}]},{\"@type\":\"WebSite\",\"@id\":\"https:\\\/\\\/kidsplay.lt\\\/#website\",\"url\":\"https:\\\/\\\/kidsplay.lt\\\/\",\"name\":\"Kidsplay.lt\",\"description\":\"\u012evairios prek\u0117s vaikams\",\"publisher\":{\"@id\":\"https:\\\/\\\/kidsplay.lt\\\/#organization\"},\"alternateName\":\"Kidsplay\",\"potentialAction\":[{\"@type\":\"SearchAction\",\"target\":{\"@type\":\"EntryPoint\",\"urlTemplate\":\"https:\\\/\\\/kidsplay.lt\\\/?s={search_term_string}\"},\"query-input\":{\"@type\":\"PropertyValueSpecification\",\"valueRequired\":true,\"valueName\":\"search_term_string\"}}],\"inLanguage\":\"lv-LV\"},{\"@type\":\"Organization\",\"@id\":\"https:\\\/\\\/kidsplay.lt\\\/#organization\",\"name\":\"KidsPlay\",\"url\":\"https:\\\/\\\/kidsplay.lt\\\/\",\"logo\":{\"@type\":\"ImageObject\",\"inLanguage\":\"lv-LV\",\"@id\":\"https:\\\/\\\/kidsplay.lt\\\/#\\\/schema\\\/logo\\\/image\\\/\",\"url\":\"https:\\\/\\\/kidsplay.lt\\\/wp-content\\\/uploads\\\/2023\\\/07\\\/kidsplay-logo.png\",\"contentUrl\":\"https:\\\/\\\/kidsplay.lt\\\/wp-content\\\/uploads\\\/2023\\\/07\\\/kidsplay-logo.png\",\"width\":451,\"height\":98,\"caption\":\"KidsPlay\"},\"image\":{\"@id\":\"https:\\\/\\\/kidsplay.lt\\\/#\\\/schema\\\/logo\\\/image\\\/\"},\"sameAs\":[\"https:\\\/\\\/www.facebook.com\\\/www.kidsplay.lt\"]}]}<\/script>\n<!-- \/ Yoast SEO plugin. -->","yoast_head_json":{"title":"VIGA medin\u0117 r\u016b\u0161iuokl\u0117-d\u0117lion\u0117 \u201eSodas\u201c","description":"VIGA medin\u0117 r\u016b\u0161iuokl\u0117-d\u0117lion\u0117 \u201eSodas\u201c - KidsPlay. Did\u017eiausias vaik\u0173 \u017eaisl\u0173 pasirinkimas.","robots":{"index":"index","follow":"follow","max-snippet":"max-snippet:-1","max-image-preview":"max-image-preview:large","max-video-preview":"max-video-preview:-1"},"canonical":"https:\/\/kidsplay.lt\/lv\/products\/viga-medine-rusiuokle-delione-sodas\/","og_locale":"lv_LV","og_type":"article","og_title":"VIGA medin\u0117 r\u016b\u0161iuokl\u0117-d\u0117lion\u0117 \u201eSodas\u201c","og_description":"VIGA medin\u0117 r\u016b\u0161iuokl\u0117-d\u0117lion\u0117 \u201eSodas\u201c - KidsPlay. Did\u017eiausias vaik\u0173 \u017eaisl\u0173 pasirinkimas.","og_url":"https:\/\/kidsplay.lt\/lv\/products\/viga-medine-rusiuokle-delione-sodas\/","og_site_name":"KidsPlay","article_publisher":"https:\/\/www.facebook.com\/www.kidsplay.lt","article_modified_time":"2026-04-24T05:10:06+00:00","og_image":[{"width":1000,"height":1000,"url":"https:\/\/kidsplay.lt\/wp-content\/uploads\/2026\/04\/VIGA-medine-rusiuokle-delione-\u201eSodas.jpg","type":"image\/jpeg"}],"twitter_card":"summary_large_image","twitter_misc":{"Est. reading time":"1 min\u016bte"},"schema":{"@context":"https:\/\/schema.org","@graph":[{"@type":"WebPage","@id":"https:\/\/kidsplay.lt\/produktas\/viga-medine-rusiuokle-delione-sodas\/","url":"https:\/\/kidsplay.lt\/produktas\/viga-medine-rusiuokle-delione-sodas\/","name":"VIGA medin\u0117 r\u016b\u0161iuokl\u0117-d\u0117lion\u0117 \u201eSodas\u201c","isPartOf":{"@id":"https:\/\/kidsplay.lt\/#website"},"primaryImageOfPage":{"@id":"https:\/\/kidsplay.lt\/produktas\/viga-medine-rusiuokle-delione-sodas\/#primaryimage"},"image":{"@id":"https:\/\/kidsplay.lt\/produktas\/viga-medine-rusiuokle-delione-sodas\/#primaryimage"},"thumbnailUrl":"https:\/\/kidsplay.lt\/wp-content\/uploads\/2026\/04\/VIGA-medine-rusiuokle-delione-\u201eSodas.jpg","datePublished":"2026-04-24T05:09:52+00:00","dateModified":"2026-04-24T05:10:06+00:00","description":"VIGA medin\u0117 r\u016b\u0161iuokl\u0117-d\u0117lion\u0117 \u201eSodas\u201c - KidsPlay. Did\u017eiausias vaik\u0173 \u017eaisl\u0173 pasirinkimas.","breadcrumb":{"@id":"https:\/\/kidsplay.lt\/produktas\/viga-medine-rusiuokle-delione-sodas\/#breadcrumb"},"inLanguage":"lv-LV","potentialAction":[{"@type":"ReadAction","target":["https:\/\/kidsplay.lt\/produktas\/viga-medine-rusiuokle-delione-sodas\/"]}]},{"@type":"ImageObject","inLanguage":"lv-LV","@id":"https:\/\/kidsplay.lt\/produktas\/viga-medine-rusiuokle-delione-sodas\/#primaryimage","url":"https:\/\/kidsplay.lt\/wp-content\/uploads\/2026\/04\/VIGA-medine-rusiuokle-delione-\u201eSodas.jpg","contentUrl":"https:\/\/kidsplay.lt\/wp-content\/uploads\/2026\/04\/VIGA-medine-rusiuokle-delione-\u201eSodas.jpg","width":1000,"height":1000,"caption":"VIGA medin\u0117 r\u016b\u0161iuokl\u0117-d\u0117lion\u0117 \u201eSodas\u201c"},{"@type":"BreadcrumbList","@id":"https:\/\/kidsplay.lt\/produktas\/viga-medine-rusiuokle-delione-sodas\/#breadcrumb","itemListElement":[{"@type":"ListItem","position":1,"name":"Pagrindinis","item":"https:\/\/kidsplay.lt\/"},{"@type":"ListItem","position":2,"name":"Parduotuv\u0117","item":"https:\/\/kidsplay.lt\/parduotuve\/"},{"@type":"ListItem","position":3,"name":"VIGA medin\u0117 r\u016b\u0161iuokl\u0117-d\u0117lion\u0117 \u201eSodas\u201c"}]},{"@type":"WebSite","@id":"https:\/\/kidsplay.lt\/#website","url":"https:\/\/kidsplay.lt\/","name":"B\u0113rnu sp\u0113les.lv","description":"\u012evairios prek\u0117s vaikams","publisher":{"@id":"https:\/\/kidsplay.lt\/#organization"},"alternateName":"Kidsplay","potentialAction":[{"@type":"SearchAction","target":{"@type":"EntryPoint","urlTemplate":"https:\/\/kidsplay.lt\/?s={search_term_string}"},"query-input":{"@type":"PropertyValueSpecification","valueRequired":true,"valueName":"search_term_string"}}],"inLanguage":"lv-LV"},{"@type":"Organization","@id":"https:\/\/kidsplay.lt\/#organization","name":"B\u0113rnu sp\u0113le","url":"https:\/\/kidsplay.lt\/","logo":{"@type":"ImageObject","inLanguage":"lv-LV","@id":"https:\/\/kidsplay.lt\/#\/schema\/logo\/image\/","url":"https:\/\/kidsplay.lt\/wp-content\/uploads\/2023\/07\/kidsplay-logo.png","contentUrl":"https:\/\/kidsplay.lt\/wp-content\/uploads\/2023\/07\/kidsplay-logo.png","width":451,"height":98,"caption":"KidsPlay"},"image":{"@id":"https:\/\/kidsplay.lt\/#\/schema\/logo\/image\/"},"sameAs":["https:\/\/www.facebook.com\/www.kidsplay.lt"]}]}},"_links":{"self":[{"href":"https:\/\/kidsplay.lt\/lv\/wp-json\/wp\/v2\/product\/108798","targetHints":{"allow":["GET"]}}],"collection":[{"href":"https:\/\/kidsplay.lt\/lv\/wp-json\/wp\/v2\/product"}],"about":[{"href":"https:\/\/kidsplay.lt\/lv\/wp-json\/wp\/v2\/types\/product"}],"version-history":[{"count":1,"href":"https:\/\/kidsplay.lt\/lv\/wp-json\/wp\/v2\/product\/108798\/revisions"}],"predecessor-version":[{"id":108799,"href":"https:\/\/kidsplay.lt\/lv\/wp-json\/wp\/v2\/product\/108798\/revisions\/108799"}],"wp:featuredmedia":[{"embeddable":true,"href":"https:\/\/kidsplay.lt\/lv\/wp-json\/wp\/v2\/media\/108800"}],"wp:attachment":[{"href":"https:\/\/kidsplay.lt\/lv\/wp-json\/wp\/v2\/media?parent=108798"}],"wp:term":[{"taxonomy":"product_brand","embeddable":true,"href":"https:\/\/kidsplay.lt\/lv\/wp-json\/wp\/v2\/product_brand?post=108798"},{"taxonomy":"product_cat","embeddable":true,"href":"https:\/\/kidsplay.lt\/lv\/wp-json\/wp\/v2\/product_cat?post=108798"},{"taxonomy":"product_tag","embeddable":true,"href":"https:\/\/kidsplay.lt\/lv\/wp-json\/wp\/v2\/product_tag?post=108798"}],"curies":[{"name":"wp","href":"https:\/\/api.w.org\/{rel}","templated":true}]}}