{"id":108811,"date":"2026-04-24T08:10:25","date_gmt":"2026-04-24T05:10:25","guid":{"rendered":"https:\/\/kidsplay.lt\/produktas\/viga-medine-delione-spalvingas-lektuvas\/"},"modified":"2026-04-24T08:10:37","modified_gmt":"2026-04-24T05:10:37","slug":"viga-medine-delione-spalvingas-lektuvas","status":"publish","type":"product","link":"https:\/\/kidsplay.lt\/lv\/products\/viga-medine-delione-spalvingas-lektuvas\/","title":{"rendered":"VIGA medin\u0117 d\u0117lion\u0117 \u2013 spalvingas l\u0117ktuvas"},"content":{"rendered":"<p>Atraskite mokymosi stebukl\u0105 su \u0161ia l\u0117ktuvo formos Viga d\u0117lione, kuri kvie\u010dia vaikus tyrin\u0117ti pasaul\u012f. \u0160i unikali d\u0117lion\u0117 sukurta specialiai ma\u017eoms rankyt\u0117ms, si\u016blant puik\u0173 pramogos ir smulkiosios motorikos lavinimo derin\u012f. Ry\u0161kios, gyvos spalvos ir patogus dizainas i\u0161 karto patraukia vaiko d\u0117mes\u012f, skatindami pirmuosius savaranki\u0161kus pasiekimus. Suapvalinti kra\u0161tai ir storos detal\u0117s u\u017etikrina saug\u0173 ir patog\u0173 \u017eaidim\u0105. Tai puiki dovana, palaikanti vaiko raid\u0105.<br \/>\nRaksturojums:<\/p>\n<p> \tB\u0113rniem no 18 m\u0113ne\u0161u vecuma<br \/>\n \tAuk\u0161tos kokyb\u0117s mediena \u2013 ekologi\u0161ka, patvari ir nat\u016brali<br \/>\n \tSuapvalinti kra\u0161tai maksimaliam saugumui<br \/>\n \tL\u0117ktuvo motyvas ry\u0161kiomis, \u017eaismingomis spalvomis<br \/>\n \tKompakti\u0161kas dydis \u2013 patogu \u017eaisti namuose ir kelion\u0117se<\/p>","protected":false},"excerpt":{"rendered":"<p>Atraskite mokymosi stebukl\u0105 su \u0161ia l\u0117ktuvo formos Viga d\u0117lione, kuri kvie\u010dia vaikus tyrin\u0117ti pasaul\u012f. \u0160i unikali d\u0117lion\u0117 sukurta specialiai ma\u017eoms<\/p>","protected":false},"featured_media":108813,"template":"","meta":{"_acf_changed":false,"_glsr_average":0,"_glsr_ranking":0,"_glsr_reviews":0},"product_brand":[],"product_cat":[396,229],"product_tag":[],"class_list":{"0":"post-108811","1":"product","2":"type-product","3":"status-publish","4":"has-post-thumbnail","6":"product_cat-kudikiu-zaislai-vaikams2","7":"product_cat-zaislai-vaikams","8":"\"style=\"background-color: #2ecc711c;\"","10":"first","11":"instock","12":"purchasable","13":"product-type-simple"},"acf":[],"yoast_head":"<!-- This site is optimized with the Yoast SEO plugin v27.4 - https:\/\/yoast.com\/product\/yoast-seo-wordpress\/ -->\n<title>VIGA medin\u0117 d\u0117lion\u0117 \u2013 spalvingas l\u0117ktuvas<\/title>\n<meta name=\"description\" content=\"VIGA medin\u0117 d\u0117lion\u0117 \u2013 spalvingas l\u0117ktuvas - KidsPlay. Did\u017eiausias vaik\u0173 \u017eaisl\u0173 pasirinkimas.\" \/>\n<meta name=\"robots\" content=\"index, follow, max-snippet:-1, max-image-preview:large, max-video-preview:-1\" \/>\n<link rel=\"canonical\" href=\"https:\/\/kidsplay.lt\/lv\/products\/viga-medine-delione-spalvingas-lektuvas\/\" \/>\n<meta property=\"og:locale\" content=\"lv_LV\" \/>\n<meta property=\"og:type\" content=\"article\" \/>\n<meta property=\"og:title\" content=\"VIGA medin\u0117 d\u0117lion\u0117 \u2013 spalvingas l\u0117ktuvas\" \/>\n<meta property=\"og:description\" content=\"VIGA medin\u0117 d\u0117lion\u0117 \u2013 spalvingas l\u0117ktuvas - KidsPlay. Did\u017eiausias vaik\u0173 \u017eaisl\u0173 pasirinkimas.\" \/>\n<meta property=\"og:url\" content=\"https:\/\/kidsplay.lt\/lv\/products\/viga-medine-delione-spalvingas-lektuvas\/\" \/>\n<meta property=\"og:site_name\" content=\"KidsPlay\" \/>\n<meta property=\"article:publisher\" content=\"https:\/\/www.facebook.com\/www.kidsplay.lt\" \/>\n<meta property=\"article:modified_time\" content=\"2026-04-24T05:10:37+00:00\" \/>\n<meta property=\"og:image\" content=\"https:\/\/kidsplay.lt\/wp-content\/uploads\/2026\/04\/VIGA-medine-delione-\u2013-spalvingas-lektuvas.jpg\" \/>\n\t<meta property=\"og:image:width\" content=\"1000\" \/>\n\t<meta property=\"og:image:height\" content=\"1000\" \/>\n\t<meta property=\"og:image:type\" content=\"image\/jpeg\" \/>\n<meta name=\"twitter:card\" content=\"summary_large_image\" \/>\n<meta name=\"twitter:label1\" content=\"Est. reading time\" \/>\n\t<meta name=\"twitter:data1\" content=\"1 min\u016bte\" \/>\n<script type=\"application\/ld+json\" class=\"yoast-schema-graph\">{\"@context\":\"https:\\\/\\\/schema.org\",\"@graph\":[{\"@type\":\"WebPage\",\"@id\":\"https:\\\/\\\/kidsplay.lt\\\/produktas\\\/viga-medine-delione-spalvingas-lektuvas\\\/\",\"url\":\"https:\\\/\\\/kidsplay.lt\\\/produktas\\\/viga-medine-delione-spalvingas-lektuvas\\\/\",\"name\":\"VIGA medin\u0117 d\u0117lion\u0117 \u2013 spalvingas l\u0117ktuvas\",\"isPartOf\":{\"@id\":\"https:\\\/\\\/kidsplay.lt\\\/#website\"},\"primaryImageOfPage\":{\"@id\":\"https:\\\/\\\/kidsplay.lt\\\/produktas\\\/viga-medine-delione-spalvingas-lektuvas\\\/#primaryimage\"},\"image\":{\"@id\":\"https:\\\/\\\/kidsplay.lt\\\/produktas\\\/viga-medine-delione-spalvingas-lektuvas\\\/#primaryimage\"},\"thumbnailUrl\":\"https:\\\/\\\/kidsplay.lt\\\/wp-content\\\/uploads\\\/2026\\\/04\\\/VIGA-medine-delione-\u2013-spalvingas-lektuvas.jpg\",\"datePublished\":\"2026-04-24T05:10:25+00:00\",\"dateModified\":\"2026-04-24T05:10:37+00:00\",\"description\":\"VIGA medin\u0117 d\u0117lion\u0117 \u2013 spalvingas l\u0117ktuvas - KidsPlay. Did\u017eiausias vaik\u0173 \u017eaisl\u0173 pasirinkimas.\",\"breadcrumb\":{\"@id\":\"https:\\\/\\\/kidsplay.lt\\\/produktas\\\/viga-medine-delione-spalvingas-lektuvas\\\/#breadcrumb\"},\"inLanguage\":\"lv-LV\",\"potentialAction\":[{\"@type\":\"ReadAction\",\"target\":[\"https:\\\/\\\/kidsplay.lt\\\/produktas\\\/viga-medine-delione-spalvingas-lektuvas\\\/\"]}]},{\"@type\":\"ImageObject\",\"inLanguage\":\"lv-LV\",\"@id\":\"https:\\\/\\\/kidsplay.lt\\\/produktas\\\/viga-medine-delione-spalvingas-lektuvas\\\/#primaryimage\",\"url\":\"https:\\\/\\\/kidsplay.lt\\\/wp-content\\\/uploads\\\/2026\\\/04\\\/VIGA-medine-delione-\u2013-spalvingas-lektuvas.jpg\",\"contentUrl\":\"https:\\\/\\\/kidsplay.lt\\\/wp-content\\\/uploads\\\/2026\\\/04\\\/VIGA-medine-delione-\u2013-spalvingas-lektuvas.jpg\",\"width\":1000,\"height\":1000,\"caption\":\"VIGA medin\u0117 d\u0117lion\u0117 \u2013 spalvingas l\u0117ktuvas\"},{\"@type\":\"BreadcrumbList\",\"@id\":\"https:\\\/\\\/kidsplay.lt\\\/produktas\\\/viga-medine-delione-spalvingas-lektuvas\\\/#breadcrumb\",\"itemListElement\":[{\"@type\":\"ListItem\",\"position\":1,\"name\":\"Pagrindinis\",\"item\":\"https:\\\/\\\/kidsplay.lt\\\/\"},{\"@type\":\"ListItem\",\"position\":2,\"name\":\"Parduotuv\u0117\",\"item\":\"https:\\\/\\\/kidsplay.lt\\\/parduotuve\\\/\"},{\"@type\":\"ListItem\",\"position\":3,\"name\":\"VIGA medin\u0117 d\u0117lion\u0117 \u2013 spalvingas l\u0117ktuvas\"}]},{\"@type\":\"WebSite\",\"@id\":\"https:\\\/\\\/kidsplay.lt\\\/#website\",\"url\":\"https:\\\/\\\/kidsplay.lt\\\/\",\"name\":\"Kidsplay.lt\",\"description\":\"\u012evairios prek\u0117s vaikams\",\"publisher\":{\"@id\":\"https:\\\/\\\/kidsplay.lt\\\/#organization\"},\"alternateName\":\"Kidsplay\",\"potentialAction\":[{\"@type\":\"SearchAction\",\"target\":{\"@type\":\"EntryPoint\",\"urlTemplate\":\"https:\\\/\\\/kidsplay.lt\\\/?s={search_term_string}\"},\"query-input\":{\"@type\":\"PropertyValueSpecification\",\"valueRequired\":true,\"valueName\":\"search_term_string\"}}],\"inLanguage\":\"lv-LV\"},{\"@type\":\"Organization\",\"@id\":\"https:\\\/\\\/kidsplay.lt\\\/#organization\",\"name\":\"KidsPlay\",\"url\":\"https:\\\/\\\/kidsplay.lt\\\/\",\"logo\":{\"@type\":\"ImageObject\",\"inLanguage\":\"lv-LV\",\"@id\":\"https:\\\/\\\/kidsplay.lt\\\/#\\\/schema\\\/logo\\\/image\\\/\",\"url\":\"https:\\\/\\\/kidsplay.lt\\\/wp-content\\\/uploads\\\/2023\\\/07\\\/kidsplay-logo.png\",\"contentUrl\":\"https:\\\/\\\/kidsplay.lt\\\/wp-content\\\/uploads\\\/2023\\\/07\\\/kidsplay-logo.png\",\"width\":451,\"height\":98,\"caption\":\"KidsPlay\"},\"image\":{\"@id\":\"https:\\\/\\\/kidsplay.lt\\\/#\\\/schema\\\/logo\\\/image\\\/\"},\"sameAs\":[\"https:\\\/\\\/www.facebook.com\\\/www.kidsplay.lt\"]}]}<\/script>\n<!-- \/ Yoast SEO plugin. -->","yoast_head_json":{"title":"VIGA medin\u0117 d\u0117lion\u0117 \u2013 spalvingas l\u0117ktuvas","description":"VIGA medin\u0117 d\u0117lion\u0117 \u2013 spalvingas l\u0117ktuvas - KidsPlay. Did\u017eiausias vaik\u0173 \u017eaisl\u0173 pasirinkimas.","robots":{"index":"index","follow":"follow","max-snippet":"max-snippet:-1","max-image-preview":"max-image-preview:large","max-video-preview":"max-video-preview:-1"},"canonical":"https:\/\/kidsplay.lt\/lv\/products\/viga-medine-delione-spalvingas-lektuvas\/","og_locale":"lv_LV","og_type":"article","og_title":"VIGA medin\u0117 d\u0117lion\u0117 \u2013 spalvingas l\u0117ktuvas","og_description":"VIGA medin\u0117 d\u0117lion\u0117 \u2013 spalvingas l\u0117ktuvas - KidsPlay. Did\u017eiausias vaik\u0173 \u017eaisl\u0173 pasirinkimas.","og_url":"https:\/\/kidsplay.lt\/lv\/products\/viga-medine-delione-spalvingas-lektuvas\/","og_site_name":"KidsPlay","article_publisher":"https:\/\/www.facebook.com\/www.kidsplay.lt","article_modified_time":"2026-04-24T05:10:37+00:00","og_image":[{"width":1000,"height":1000,"url":"https:\/\/kidsplay.lt\/wp-content\/uploads\/2026\/04\/VIGA-medine-delione-\u2013-spalvingas-lektuvas.jpg","type":"image\/jpeg"}],"twitter_card":"summary_large_image","twitter_misc":{"Est. reading time":"1 min\u016bte"},"schema":{"@context":"https:\/\/schema.org","@graph":[{"@type":"WebPage","@id":"https:\/\/kidsplay.lt\/produktas\/viga-medine-delione-spalvingas-lektuvas\/","url":"https:\/\/kidsplay.lt\/produktas\/viga-medine-delione-spalvingas-lektuvas\/","name":"VIGA medin\u0117 d\u0117lion\u0117 \u2013 spalvingas l\u0117ktuvas","isPartOf":{"@id":"https:\/\/kidsplay.lt\/#website"},"primaryImageOfPage":{"@id":"https:\/\/kidsplay.lt\/produktas\/viga-medine-delione-spalvingas-lektuvas\/#primaryimage"},"image":{"@id":"https:\/\/kidsplay.lt\/produktas\/viga-medine-delione-spalvingas-lektuvas\/#primaryimage"},"thumbnailUrl":"https:\/\/kidsplay.lt\/wp-content\/uploads\/2026\/04\/VIGA-medine-delione-\u2013-spalvingas-lektuvas.jpg","datePublished":"2026-04-24T05:10:25+00:00","dateModified":"2026-04-24T05:10:37+00:00","description":"VIGA medin\u0117 d\u0117lion\u0117 \u2013 spalvingas l\u0117ktuvas - KidsPlay. Did\u017eiausias vaik\u0173 \u017eaisl\u0173 pasirinkimas.","breadcrumb":{"@id":"https:\/\/kidsplay.lt\/produktas\/viga-medine-delione-spalvingas-lektuvas\/#breadcrumb"},"inLanguage":"lv-LV","potentialAction":[{"@type":"ReadAction","target":["https:\/\/kidsplay.lt\/produktas\/viga-medine-delione-spalvingas-lektuvas\/"]}]},{"@type":"ImageObject","inLanguage":"lv-LV","@id":"https:\/\/kidsplay.lt\/produktas\/viga-medine-delione-spalvingas-lektuvas\/#primaryimage","url":"https:\/\/kidsplay.lt\/wp-content\/uploads\/2026\/04\/VIGA-medine-delione-\u2013-spalvingas-lektuvas.jpg","contentUrl":"https:\/\/kidsplay.lt\/wp-content\/uploads\/2026\/04\/VIGA-medine-delione-\u2013-spalvingas-lektuvas.jpg","width":1000,"height":1000,"caption":"VIGA medin\u0117 d\u0117lion\u0117 \u2013 spalvingas l\u0117ktuvas"},{"@type":"BreadcrumbList","@id":"https:\/\/kidsplay.lt\/produktas\/viga-medine-delione-spalvingas-lektuvas\/#breadcrumb","itemListElement":[{"@type":"ListItem","position":1,"name":"Pagrindinis","item":"https:\/\/kidsplay.lt\/"},{"@type":"ListItem","position":2,"name":"Parduotuv\u0117","item":"https:\/\/kidsplay.lt\/parduotuve\/"},{"@type":"ListItem","position":3,"name":"VIGA medin\u0117 d\u0117lion\u0117 \u2013 spalvingas l\u0117ktuvas"}]},{"@type":"WebSite","@id":"https:\/\/kidsplay.lt\/#website","url":"https:\/\/kidsplay.lt\/","name":"B\u0113rnu sp\u0113les.lv","description":"\u012evairios prek\u0117s vaikams","publisher":{"@id":"https:\/\/kidsplay.lt\/#organization"},"alternateName":"Kidsplay","potentialAction":[{"@type":"SearchAction","target":{"@type":"EntryPoint","urlTemplate":"https:\/\/kidsplay.lt\/?s={search_term_string}"},"query-input":{"@type":"PropertyValueSpecification","valueRequired":true,"valueName":"search_term_string"}}],"inLanguage":"lv-LV"},{"@type":"Organization","@id":"https:\/\/kidsplay.lt\/#organization","name":"B\u0113rnu sp\u0113le","url":"https:\/\/kidsplay.lt\/","logo":{"@type":"ImageObject","inLanguage":"lv-LV","@id":"https:\/\/kidsplay.lt\/#\/schema\/logo\/image\/","url":"https:\/\/kidsplay.lt\/wp-content\/uploads\/2023\/07\/kidsplay-logo.png","contentUrl":"https:\/\/kidsplay.lt\/wp-content\/uploads\/2023\/07\/kidsplay-logo.png","width":451,"height":98,"caption":"KidsPlay"},"image":{"@id":"https:\/\/kidsplay.lt\/#\/schema\/logo\/image\/"},"sameAs":["https:\/\/www.facebook.com\/www.kidsplay.lt"]}]}},"_links":{"self":[{"href":"https:\/\/kidsplay.lt\/lv\/wp-json\/wp\/v2\/product\/108811","targetHints":{"allow":["GET"]}}],"collection":[{"href":"https:\/\/kidsplay.lt\/lv\/wp-json\/wp\/v2\/product"}],"about":[{"href":"https:\/\/kidsplay.lt\/lv\/wp-json\/wp\/v2\/types\/product"}],"version-history":[{"count":1,"href":"https:\/\/kidsplay.lt\/lv\/wp-json\/wp\/v2\/product\/108811\/revisions"}],"predecessor-version":[{"id":108812,"href":"https:\/\/kidsplay.lt\/lv\/wp-json\/wp\/v2\/product\/108811\/revisions\/108812"}],"wp:featuredmedia":[{"embeddable":true,"href":"https:\/\/kidsplay.lt\/lv\/wp-json\/wp\/v2\/media\/108813"}],"wp:attachment":[{"href":"https:\/\/kidsplay.lt\/lv\/wp-json\/wp\/v2\/media?parent=108811"}],"wp:term":[{"taxonomy":"product_brand","embeddable":true,"href":"https:\/\/kidsplay.lt\/lv\/wp-json\/wp\/v2\/product_brand?post=108811"},{"taxonomy":"product_cat","embeddable":true,"href":"https:\/\/kidsplay.lt\/lv\/wp-json\/wp\/v2\/product_cat?post=108811"},{"taxonomy":"product_tag","embeddable":true,"href":"https:\/\/kidsplay.lt\/lv\/wp-json\/wp\/v2\/product_tag?post=108811"}],"curies":[{"name":"wp","href":"https:\/\/api.w.org\/{rel}","templated":true}]}}