{"id":108823,"date":"2026-04-24T08:10:58","date_gmt":"2026-04-24T05:10:58","guid":{"rendered":"https:\/\/kidsplay.lt\/produktas\/viga-edukacinis-zaidimas-pojuciu-rusiavimo-delione-montessori\/"},"modified":"2026-04-24T08:11:32","modified_gmt":"2026-04-24T05:11:32","slug":"viga-edukacinis-zaidimas-pojuciu-rusiavimo-delione-montessori","status":"publish","type":"product","link":"https:\/\/kidsplay.lt\/lv\/products\/viga-edukacinis-zaidimas-pojuciu-rusiavimo-delione-montessori\/","title":{"rendered":"VIGA edukacinis \u017eaidimas \u2013 poj\u016b\u010di\u0173 r\u016b\u0161iavimo d\u0117lion\u0117, Montessori"},"content":{"rendered":"<p>Medin\u0117 d\u0117lion\u0117 mokymuisi ir poj\u016b\u010di\u0173 r\u016b\u0161iavimui. Vaiko u\u017eduotis \u2013 priskirti objektus atitinkamiems poj\u016b\u010diams. Paveiksl\u0117liuose pavaizduoti \u012fvair\u016bs kasdieniai daiktai, tokie kaip me\u0161kiukas ar automobilis. Visa d\u0117lion\u0117 pagaminta i\u0161 med\u017eio ir nuda\u017eyta netoksi\u0161kais da\u017eais. Pridedama instrukcija si\u016blo \u012fvairius \u017eaidimo variantus vienam arba keliems \u017eaid\u0117jams bei skirtingus sud\u0117tingumo lygius.<br \/>\nRaksturojums:<\/p>\n<p> \tVisa pagaminta i\u0161 med\u017eio<br \/>\n \tLeid\u017eia vaikams mokytis per \u017eaidim\u0105<br \/>\n \tDa\u017eyta netoksi\u0161kais, vaikams saugiais da\u017eais<\/p>\n<p>Komplekt\u0101 ietilpst:<\/p>\n<p> \t5 pagrindin\u0117s lentel\u0117s (pagrindiniai poj\u016b\u010diai: akis \u2013 rega, ranka \u2013 lyt\u0117jimas, nosis \u2013 uosl\u0117, burna \u2013 skonis, ausis \u2013 klausa)<br \/>\n \t30 korteli\u0173 su spalvotais paveiksl\u0117liais r\u016b\u0161iavimui<br \/>\n \t2 kauliukai<br \/>\n \tInstrukcija<\/p>","protected":false},"excerpt":{"rendered":"<p>Medin\u0117 d\u0117lion\u0117 mokymuisi ir poj\u016b\u010di\u0173 r\u016b\u0161iavimui. Vaiko u\u017eduotis \u2013 priskirti objektus atitinkamiems poj\u016b\u010diams. Paveiksl\u0117liuose pavaizduoti \u012fvair\u016bs kasdieniai daiktai, tokie kaip<\/p>","protected":false},"featured_media":108825,"template":"","meta":{"_acf_changed":false,"_glsr_average":0,"_glsr_ranking":0,"_glsr_reviews":0},"product_brand":[],"product_cat":[397,883],"product_tag":[],"class_list":{"0":"post-108823","1":"product","2":"type-product","3":"status-publish","4":"has-post-thumbnail","6":"product_cat-medines-deliones-mediniai-zaislai","7":"product_cat-mediniai-zaislai-2","8":"\"style=\"background-color: #2ecc711c;\"","10":"first","11":"instock","12":"purchasable","13":"product-type-simple"},"acf":[],"yoast_head":"<!-- This site is optimized with the Yoast SEO plugin v27.4 - https:\/\/yoast.com\/product\/yoast-seo-wordpress\/ -->\n<title>VIGA edukacinis \u017eaidimas \u2013 poj\u016b\u010di\u0173 r\u016b\u0161iavimo d\u0117lion\u0117, Montessori<\/title>\n<meta name=\"description\" content=\"VIGA edukacinis \u017eaidimas \u2013 poj\u016b\u010di\u0173 r\u016b\u0161iavimo d\u0117lion\u0117, Montessori - KidsPlay. Did\u017eiausias vaik\u0173 \u017eaisl\u0173 pasirinkimas.\" \/>\n<meta name=\"robots\" content=\"index, follow, max-snippet:-1, max-image-preview:large, max-video-preview:-1\" \/>\n<link rel=\"canonical\" href=\"https:\/\/kidsplay.lt\/lv\/products\/viga-edukacinis-zaidimas-pojuciu-rusiavimo-delione-montessori\/\" \/>\n<meta property=\"og:locale\" content=\"lv_LV\" \/>\n<meta property=\"og:type\" content=\"article\" \/>\n<meta property=\"og:title\" content=\"VIGA edukacinis \u017eaidimas \u2013 poj\u016b\u010di\u0173 r\u016b\u0161iavimo d\u0117lion\u0117, Montessori\" \/>\n<meta property=\"og:description\" content=\"VIGA edukacinis \u017eaidimas \u2013 poj\u016b\u010di\u0173 r\u016b\u0161iavimo d\u0117lion\u0117, Montessori - KidsPlay. Did\u017eiausias vaik\u0173 \u017eaisl\u0173 pasirinkimas.\" \/>\n<meta property=\"og:url\" content=\"https:\/\/kidsplay.lt\/lv\/products\/viga-edukacinis-zaidimas-pojuciu-rusiavimo-delione-montessori\/\" \/>\n<meta property=\"og:site_name\" content=\"KidsPlay\" \/>\n<meta property=\"article:publisher\" content=\"https:\/\/www.facebook.com\/www.kidsplay.lt\" \/>\n<meta property=\"article:modified_time\" content=\"2026-04-24T05:11:32+00:00\" \/>\n<meta property=\"og:image\" content=\"https:\/\/kidsplay.lt\/wp-content\/uploads\/2026\/04\/VIGA-edukacinis-zaidimas-\u2013-pojuciu-rusiavimo-delione-Montessori-800x800.png\" \/>\n\t<meta property=\"og:image:width\" content=\"800\" \/>\n\t<meta property=\"og:image:height\" content=\"800\" \/>\n\t<meta property=\"og:image:type\" content=\"image\/png\" \/>\n<meta name=\"twitter:card\" content=\"summary_large_image\" \/>\n<meta name=\"twitter:label1\" content=\"Est. reading time\" \/>\n\t<meta name=\"twitter:data1\" content=\"1 min\u016bte\" \/>\n<script type=\"application\/ld+json\" class=\"yoast-schema-graph\">{\"@context\":\"https:\\\/\\\/schema.org\",\"@graph\":[{\"@type\":\"WebPage\",\"@id\":\"https:\\\/\\\/kidsplay.lt\\\/produktas\\\/viga-edukacinis-zaidimas-pojuciu-rusiavimo-delione-montessori\\\/\",\"url\":\"https:\\\/\\\/kidsplay.lt\\\/produktas\\\/viga-edukacinis-zaidimas-pojuciu-rusiavimo-delione-montessori\\\/\",\"name\":\"VIGA edukacinis \u017eaidimas \u2013 poj\u016b\u010di\u0173 r\u016b\u0161iavimo d\u0117lion\u0117, Montessori\",\"isPartOf\":{\"@id\":\"https:\\\/\\\/kidsplay.lt\\\/#website\"},\"primaryImageOfPage\":{\"@id\":\"https:\\\/\\\/kidsplay.lt\\\/produktas\\\/viga-edukacinis-zaidimas-pojuciu-rusiavimo-delione-montessori\\\/#primaryimage\"},\"image\":{\"@id\":\"https:\\\/\\\/kidsplay.lt\\\/produktas\\\/viga-edukacinis-zaidimas-pojuciu-rusiavimo-delione-montessori\\\/#primaryimage\"},\"thumbnailUrl\":\"https:\\\/\\\/kidsplay.lt\\\/wp-content\\\/uploads\\\/2026\\\/04\\\/VIGA-edukacinis-zaidimas-\u2013-pojuciu-rusiavimo-delione-Montessori.png\",\"datePublished\":\"2026-04-24T05:10:58+00:00\",\"dateModified\":\"2026-04-24T05:11:32+00:00\",\"description\":\"VIGA edukacinis \u017eaidimas \u2013 poj\u016b\u010di\u0173 r\u016b\u0161iavimo d\u0117lion\u0117, Montessori - KidsPlay. Did\u017eiausias vaik\u0173 \u017eaisl\u0173 pasirinkimas.\",\"breadcrumb\":{\"@id\":\"https:\\\/\\\/kidsplay.lt\\\/produktas\\\/viga-edukacinis-zaidimas-pojuciu-rusiavimo-delione-montessori\\\/#breadcrumb\"},\"inLanguage\":\"lv-LV\",\"potentialAction\":[{\"@type\":\"ReadAction\",\"target\":[\"https:\\\/\\\/kidsplay.lt\\\/produktas\\\/viga-edukacinis-zaidimas-pojuciu-rusiavimo-delione-montessori\\\/\"]}]},{\"@type\":\"ImageObject\",\"inLanguage\":\"lv-LV\",\"@id\":\"https:\\\/\\\/kidsplay.lt\\\/produktas\\\/viga-edukacinis-zaidimas-pojuciu-rusiavimo-delione-montessori\\\/#primaryimage\",\"url\":\"https:\\\/\\\/kidsplay.lt\\\/wp-content\\\/uploads\\\/2026\\\/04\\\/VIGA-edukacinis-zaidimas-\u2013-pojuciu-rusiavimo-delione-Montessori.png\",\"contentUrl\":\"https:\\\/\\\/kidsplay.lt\\\/wp-content\\\/uploads\\\/2026\\\/04\\\/VIGA-edukacinis-zaidimas-\u2013-pojuciu-rusiavimo-delione-Montessori.png\",\"width\":2560,\"height\":2560,\"caption\":\"VIGA edukacinis \u017eaidimas \u2013 poj\u016b\u010di\u0173 r\u016b\u0161iavimo d\u0117lion\u0117\"},{\"@type\":\"BreadcrumbList\",\"@id\":\"https:\\\/\\\/kidsplay.lt\\\/produktas\\\/viga-edukacinis-zaidimas-pojuciu-rusiavimo-delione-montessori\\\/#breadcrumb\",\"itemListElement\":[{\"@type\":\"ListItem\",\"position\":1,\"name\":\"Pagrindinis\",\"item\":\"https:\\\/\\\/kidsplay.lt\\\/\"},{\"@type\":\"ListItem\",\"position\":2,\"name\":\"Parduotuv\u0117\",\"item\":\"https:\\\/\\\/kidsplay.lt\\\/parduotuve\\\/\"},{\"@type\":\"ListItem\",\"position\":3,\"name\":\"VIGA edukacinis \u017eaidimas \u2013 poj\u016b\u010di\u0173 r\u016b\u0161iavimo d\u0117lion\u0117, Montessori\"}]},{\"@type\":\"WebSite\",\"@id\":\"https:\\\/\\\/kidsplay.lt\\\/#website\",\"url\":\"https:\\\/\\\/kidsplay.lt\\\/\",\"name\":\"Kidsplay.lt\",\"description\":\"\u012evairios prek\u0117s vaikams\",\"publisher\":{\"@id\":\"https:\\\/\\\/kidsplay.lt\\\/#organization\"},\"alternateName\":\"Kidsplay\",\"potentialAction\":[{\"@type\":\"SearchAction\",\"target\":{\"@type\":\"EntryPoint\",\"urlTemplate\":\"https:\\\/\\\/kidsplay.lt\\\/?s={search_term_string}\"},\"query-input\":{\"@type\":\"PropertyValueSpecification\",\"valueRequired\":true,\"valueName\":\"search_term_string\"}}],\"inLanguage\":\"lv-LV\"},{\"@type\":\"Organization\",\"@id\":\"https:\\\/\\\/kidsplay.lt\\\/#organization\",\"name\":\"KidsPlay\",\"url\":\"https:\\\/\\\/kidsplay.lt\\\/\",\"logo\":{\"@type\":\"ImageObject\",\"inLanguage\":\"lv-LV\",\"@id\":\"https:\\\/\\\/kidsplay.lt\\\/#\\\/schema\\\/logo\\\/image\\\/\",\"url\":\"https:\\\/\\\/kidsplay.lt\\\/wp-content\\\/uploads\\\/2023\\\/07\\\/kidsplay-logo.png\",\"contentUrl\":\"https:\\\/\\\/kidsplay.lt\\\/wp-content\\\/uploads\\\/2023\\\/07\\\/kidsplay-logo.png\",\"width\":451,\"height\":98,\"caption\":\"KidsPlay\"},\"image\":{\"@id\":\"https:\\\/\\\/kidsplay.lt\\\/#\\\/schema\\\/logo\\\/image\\\/\"},\"sameAs\":[\"https:\\\/\\\/www.facebook.com\\\/www.kidsplay.lt\"]}]}<\/script>\n<!-- \/ Yoast SEO plugin. -->","yoast_head_json":{"title":"VIGA edukacinis \u017eaidimas \u2013 poj\u016b\u010di\u0173 r\u016b\u0161iavimo d\u0117lion\u0117, Montessori","description":"VIGA edukacinis \u017eaidimas \u2013 poj\u016b\u010di\u0173 r\u016b\u0161iavimo d\u0117lion\u0117, Montessori - KidsPlay. Did\u017eiausias vaik\u0173 \u017eaisl\u0173 pasirinkimas.","robots":{"index":"index","follow":"follow","max-snippet":"max-snippet:-1","max-image-preview":"max-image-preview:large","max-video-preview":"max-video-preview:-1"},"canonical":"https:\/\/kidsplay.lt\/lv\/products\/viga-edukacinis-zaidimas-pojuciu-rusiavimo-delione-montessori\/","og_locale":"lv_LV","og_type":"article","og_title":"VIGA edukacinis \u017eaidimas \u2013 poj\u016b\u010di\u0173 r\u016b\u0161iavimo d\u0117lion\u0117, Montessori","og_description":"VIGA edukacinis \u017eaidimas \u2013 poj\u016b\u010di\u0173 r\u016b\u0161iavimo d\u0117lion\u0117, Montessori - KidsPlay. Did\u017eiausias vaik\u0173 \u017eaisl\u0173 pasirinkimas.","og_url":"https:\/\/kidsplay.lt\/lv\/products\/viga-edukacinis-zaidimas-pojuciu-rusiavimo-delione-montessori\/","og_site_name":"KidsPlay","article_publisher":"https:\/\/www.facebook.com\/www.kidsplay.lt","article_modified_time":"2026-04-24T05:11:32+00:00","og_image":[{"width":800,"height":800,"url":"https:\/\/kidsplay.lt\/wp-content\/uploads\/2026\/04\/VIGA-edukacinis-zaidimas-\u2013-pojuciu-rusiavimo-delione-Montessori-800x800.png","type":"image\/png"}],"twitter_card":"summary_large_image","twitter_misc":{"Est. reading time":"1 min\u016bte"},"schema":{"@context":"https:\/\/schema.org","@graph":[{"@type":"WebPage","@id":"https:\/\/kidsplay.lt\/produktas\/viga-edukacinis-zaidimas-pojuciu-rusiavimo-delione-montessori\/","url":"https:\/\/kidsplay.lt\/produktas\/viga-edukacinis-zaidimas-pojuciu-rusiavimo-delione-montessori\/","name":"VIGA edukacinis \u017eaidimas \u2013 poj\u016b\u010di\u0173 r\u016b\u0161iavimo d\u0117lion\u0117, Montessori","isPartOf":{"@id":"https:\/\/kidsplay.lt\/#website"},"primaryImageOfPage":{"@id":"https:\/\/kidsplay.lt\/produktas\/viga-edukacinis-zaidimas-pojuciu-rusiavimo-delione-montessori\/#primaryimage"},"image":{"@id":"https:\/\/kidsplay.lt\/produktas\/viga-edukacinis-zaidimas-pojuciu-rusiavimo-delione-montessori\/#primaryimage"},"thumbnailUrl":"https:\/\/kidsplay.lt\/wp-content\/uploads\/2026\/04\/VIGA-edukacinis-zaidimas-\u2013-pojuciu-rusiavimo-delione-Montessori.png","datePublished":"2026-04-24T05:10:58+00:00","dateModified":"2026-04-24T05:11:32+00:00","description":"VIGA edukacinis \u017eaidimas \u2013 poj\u016b\u010di\u0173 r\u016b\u0161iavimo d\u0117lion\u0117, Montessori - KidsPlay. Did\u017eiausias vaik\u0173 \u017eaisl\u0173 pasirinkimas.","breadcrumb":{"@id":"https:\/\/kidsplay.lt\/produktas\/viga-edukacinis-zaidimas-pojuciu-rusiavimo-delione-montessori\/#breadcrumb"},"inLanguage":"lv-LV","potentialAction":[{"@type":"ReadAction","target":["https:\/\/kidsplay.lt\/produktas\/viga-edukacinis-zaidimas-pojuciu-rusiavimo-delione-montessori\/"]}]},{"@type":"ImageObject","inLanguage":"lv-LV","@id":"https:\/\/kidsplay.lt\/produktas\/viga-edukacinis-zaidimas-pojuciu-rusiavimo-delione-montessori\/#primaryimage","url":"https:\/\/kidsplay.lt\/wp-content\/uploads\/2026\/04\/VIGA-edukacinis-zaidimas-\u2013-pojuciu-rusiavimo-delione-Montessori.png","contentUrl":"https:\/\/kidsplay.lt\/wp-content\/uploads\/2026\/04\/VIGA-edukacinis-zaidimas-\u2013-pojuciu-rusiavimo-delione-Montessori.png","width":2560,"height":2560,"caption":"VIGA edukacinis \u017eaidimas \u2013 poj\u016b\u010di\u0173 r\u016b\u0161iavimo d\u0117lion\u0117"},{"@type":"BreadcrumbList","@id":"https:\/\/kidsplay.lt\/produktas\/viga-edukacinis-zaidimas-pojuciu-rusiavimo-delione-montessori\/#breadcrumb","itemListElement":[{"@type":"ListItem","position":1,"name":"Pagrindinis","item":"https:\/\/kidsplay.lt\/"},{"@type":"ListItem","position":2,"name":"Parduotuv\u0117","item":"https:\/\/kidsplay.lt\/parduotuve\/"},{"@type":"ListItem","position":3,"name":"VIGA edukacinis \u017eaidimas \u2013 poj\u016b\u010di\u0173 r\u016b\u0161iavimo d\u0117lion\u0117, Montessori"}]},{"@type":"WebSite","@id":"https:\/\/kidsplay.lt\/#website","url":"https:\/\/kidsplay.lt\/","name":"B\u0113rnu sp\u0113les.lv","description":"\u012evairios prek\u0117s vaikams","publisher":{"@id":"https:\/\/kidsplay.lt\/#organization"},"alternateName":"Kidsplay","potentialAction":[{"@type":"SearchAction","target":{"@type":"EntryPoint","urlTemplate":"https:\/\/kidsplay.lt\/?s={search_term_string}"},"query-input":{"@type":"PropertyValueSpecification","valueRequired":true,"valueName":"search_term_string"}}],"inLanguage":"lv-LV"},{"@type":"Organization","@id":"https:\/\/kidsplay.lt\/#organization","name":"B\u0113rnu sp\u0113le","url":"https:\/\/kidsplay.lt\/","logo":{"@type":"ImageObject","inLanguage":"lv-LV","@id":"https:\/\/kidsplay.lt\/#\/schema\/logo\/image\/","url":"https:\/\/kidsplay.lt\/wp-content\/uploads\/2023\/07\/kidsplay-logo.png","contentUrl":"https:\/\/kidsplay.lt\/wp-content\/uploads\/2023\/07\/kidsplay-logo.png","width":451,"height":98,"caption":"KidsPlay"},"image":{"@id":"https:\/\/kidsplay.lt\/#\/schema\/logo\/image\/"},"sameAs":["https:\/\/www.facebook.com\/www.kidsplay.lt"]}]}},"_links":{"self":[{"href":"https:\/\/kidsplay.lt\/lv\/wp-json\/wp\/v2\/product\/108823","targetHints":{"allow":["GET"]}}],"collection":[{"href":"https:\/\/kidsplay.lt\/lv\/wp-json\/wp\/v2\/product"}],"about":[{"href":"https:\/\/kidsplay.lt\/lv\/wp-json\/wp\/v2\/types\/product"}],"version-history":[{"count":1,"href":"https:\/\/kidsplay.lt\/lv\/wp-json\/wp\/v2\/product\/108823\/revisions"}],"predecessor-version":[{"id":108824,"href":"https:\/\/kidsplay.lt\/lv\/wp-json\/wp\/v2\/product\/108823\/revisions\/108824"}],"wp:featuredmedia":[{"embeddable":true,"href":"https:\/\/kidsplay.lt\/lv\/wp-json\/wp\/v2\/media\/108825"}],"wp:attachment":[{"href":"https:\/\/kidsplay.lt\/lv\/wp-json\/wp\/v2\/media?parent=108823"}],"wp:term":[{"taxonomy":"product_brand","embeddable":true,"href":"https:\/\/kidsplay.lt\/lv\/wp-json\/wp\/v2\/product_brand?post=108823"},{"taxonomy":"product_cat","embeddable":true,"href":"https:\/\/kidsplay.lt\/lv\/wp-json\/wp\/v2\/product_cat?post=108823"},{"taxonomy":"product_tag","embeddable":true,"href":"https:\/\/kidsplay.lt\/lv\/wp-json\/wp\/v2\/product_tag?post=108823"}],"curies":[{"name":"wp","href":"https:\/\/api.w.org\/{rel}","templated":true}]}}