{"id":108844,"date":"2026-04-24T08:12:11","date_gmt":"2026-04-24T05:12:11","guid":{"rendered":"https:\/\/kidsplay.lt\/produktas\/viga-sienine-veiklos-lenta-su-16-judanciu-elementu\/"},"modified":"2026-04-24T08:12:27","modified_gmt":"2026-04-24T05:12:27","slug":"viga-sienine-veiklos-lenta-su-16-judanciu-elementu","status":"publish","type":"product","link":"https:\/\/kidsplay.lt\/lv\/products\/viga-sienine-veiklos-lenta-su-16-judanciu-elementu\/","title":{"rendered":"VIGA sienin\u0117 veiklos lenta su 16 judan\u010di\u0173 element\u0173"},"content":{"rendered":"<p>\u0160i spalvinga sienin\u0117 Viga veiklos lenta sujungia i\u0161man\u0173 \u017eaidim\u0105 su mokymusi per veikl\u0105. Judindami kalad\u0117les takeliais, vaikai nat\u016braliai ir \u012ftraukian\u010diai atranda form\u0173 bei spalv\u0173 pasaul\u012f. \u017daidimas skatina smalsum\u0105, eksperimentavim\u0105 ir savo ra\u0161t\u0173 k\u016brim\u0105. Tvirta medin\u0117 konstrukcija leid\u017eia lent\u0105 naudoti namuose, dar\u017eelyje ar \u017eaidim\u0173 kambaryje. Tai puikus sprendimas, kuris moko per judes\u012f, lietim\u0105 ir steb\u0117jim\u0105 \u2013 taip, kaip vaikai m\u0117gsta mokytis.<br \/>\nRaksturojums:<\/p>\n<p> \tSienin\u0117 veiklos lenta<br \/>\n \tSkirta vaikams nuo 2 met\u0173<br \/>\n \tPagaminta i\u0161 patvarios medienos ir spalving\u0173 element\u0173<br \/>\n \tJudantys takeliai su slankiojan\u010diomis kalad\u0117l\u0117mis<br \/>\n \tSpausdinti ra\u0161tai, padedantys d\u0117lioti formas<br \/>\n \tTinka individualiam ir grupiniam \u017eaidimui<\/p>","protected":false},"excerpt":{"rendered":"<p>\u0160i spalvinga sienin\u0117 Viga veiklos lenta sujungia i\u0161man\u0173 \u017eaidim\u0105 su mokymusi per veikl\u0105. Judindami kalad\u0117les takeliais, vaikai nat\u016braliai ir \u012ftraukian\u010diai<\/p>","protected":false},"featured_media":108846,"template":"","meta":{"_acf_changed":false,"_glsr_average":0,"_glsr_ranking":0,"_glsr_reviews":0},"product_brand":[],"product_cat":[884,883],"product_tag":[],"class_list":{"0":"post-108844","1":"product","2":"type-product","3":"status-publish","4":"has-post-thumbnail","6":"product_cat-edukaciniai-lavinamieji-mediniai-zaislai","7":"product_cat-mediniai-zaislai-2","8":"\"style=\"background-color: #2ecc711c;\"","10":"first","11":"instock","12":"purchasable","13":"product-type-simple"},"acf":[],"yoast_head":"<!-- This site is optimized with the Yoast SEO plugin v27.4 - https:\/\/yoast.com\/product\/yoast-seo-wordpress\/ -->\n<title>VIGA sienin\u0117 veiklos lenta su 16 judan\u010di\u0173 element\u0173<\/title>\n<meta name=\"description\" content=\"VIGA sienin\u0117 veiklos lenta su 16 judan\u010di\u0173 element\u0173 - KidsPlay. Did\u017eiausias vaik\u0173 \u017eaisl\u0173 pasirinkimas.\" \/>\n<meta name=\"robots\" content=\"index, follow, max-snippet:-1, max-image-preview:large, max-video-preview:-1\" \/>\n<link rel=\"canonical\" href=\"https:\/\/kidsplay.lt\/lv\/products\/viga-sienine-veiklos-lenta-su-16-judanciu-elementu\/\" \/>\n<meta property=\"og:locale\" content=\"lv_LV\" \/>\n<meta property=\"og:type\" content=\"article\" \/>\n<meta property=\"og:title\" content=\"VIGA sienin\u0117 veiklos lenta su 16 judan\u010di\u0173 element\u0173\" \/>\n<meta property=\"og:description\" content=\"VIGA sienin\u0117 veiklos lenta su 16 judan\u010di\u0173 element\u0173 - KidsPlay. Did\u017eiausias vaik\u0173 \u017eaisl\u0173 pasirinkimas.\" \/>\n<meta property=\"og:url\" content=\"https:\/\/kidsplay.lt\/lv\/products\/viga-sienine-veiklos-lenta-su-16-judanciu-elementu\/\" \/>\n<meta property=\"og:site_name\" content=\"KidsPlay\" \/>\n<meta property=\"article:publisher\" content=\"https:\/\/www.facebook.com\/www.kidsplay.lt\" \/>\n<meta property=\"article:modified_time\" content=\"2026-04-24T05:12:27+00:00\" \/>\n<meta property=\"og:image\" content=\"https:\/\/kidsplay.lt\/wp-content\/uploads\/2026\/04\/VIGA-sienine-veiklos-lenta-su-16-judanciu-elementu.jpg\" \/>\n\t<meta property=\"og:image:width\" content=\"1000\" \/>\n\t<meta property=\"og:image:height\" content=\"1000\" \/>\n\t<meta property=\"og:image:type\" content=\"image\/jpeg\" \/>\n<meta name=\"twitter:card\" content=\"summary_large_image\" \/>\n<meta name=\"twitter:label1\" content=\"Est. reading time\" \/>\n\t<meta name=\"twitter:data1\" content=\"1 min\u016bte\" \/>\n<script type=\"application\/ld+json\" class=\"yoast-schema-graph\">{\"@context\":\"https:\\\/\\\/schema.org\",\"@graph\":[{\"@type\":\"WebPage\",\"@id\":\"https:\\\/\\\/kidsplay.lt\\\/produktas\\\/viga-sienine-veiklos-lenta-su-16-judanciu-elementu\\\/\",\"url\":\"https:\\\/\\\/kidsplay.lt\\\/produktas\\\/viga-sienine-veiklos-lenta-su-16-judanciu-elementu\\\/\",\"name\":\"VIGA sienin\u0117 veiklos lenta su 16 judan\u010di\u0173 element\u0173\",\"isPartOf\":{\"@id\":\"https:\\\/\\\/kidsplay.lt\\\/#website\"},\"primaryImageOfPage\":{\"@id\":\"https:\\\/\\\/kidsplay.lt\\\/produktas\\\/viga-sienine-veiklos-lenta-su-16-judanciu-elementu\\\/#primaryimage\"},\"image\":{\"@id\":\"https:\\\/\\\/kidsplay.lt\\\/produktas\\\/viga-sienine-veiklos-lenta-su-16-judanciu-elementu\\\/#primaryimage\"},\"thumbnailUrl\":\"https:\\\/\\\/kidsplay.lt\\\/wp-content\\\/uploads\\\/2026\\\/04\\\/VIGA-sienine-veiklos-lenta-su-16-judanciu-elementu.jpg\",\"datePublished\":\"2026-04-24T05:12:11+00:00\",\"dateModified\":\"2026-04-24T05:12:27+00:00\",\"description\":\"VIGA sienin\u0117 veiklos lenta su 16 judan\u010di\u0173 element\u0173 - KidsPlay. Did\u017eiausias vaik\u0173 \u017eaisl\u0173 pasirinkimas.\",\"breadcrumb\":{\"@id\":\"https:\\\/\\\/kidsplay.lt\\\/produktas\\\/viga-sienine-veiklos-lenta-su-16-judanciu-elementu\\\/#breadcrumb\"},\"inLanguage\":\"lv-LV\",\"potentialAction\":[{\"@type\":\"ReadAction\",\"target\":[\"https:\\\/\\\/kidsplay.lt\\\/produktas\\\/viga-sienine-veiklos-lenta-su-16-judanciu-elementu\\\/\"]}]},{\"@type\":\"ImageObject\",\"inLanguage\":\"lv-LV\",\"@id\":\"https:\\\/\\\/kidsplay.lt\\\/produktas\\\/viga-sienine-veiklos-lenta-su-16-judanciu-elementu\\\/#primaryimage\",\"url\":\"https:\\\/\\\/kidsplay.lt\\\/wp-content\\\/uploads\\\/2026\\\/04\\\/VIGA-sienine-veiklos-lenta-su-16-judanciu-elementu.jpg\",\"contentUrl\":\"https:\\\/\\\/kidsplay.lt\\\/wp-content\\\/uploads\\\/2026\\\/04\\\/VIGA-sienine-veiklos-lenta-su-16-judanciu-elementu.jpg\",\"width\":1000,\"height\":1000,\"caption\":\"VIGA sienin\u0117 veiklos lenta su 16 judan\u010di\u0173 element\u0173\"},{\"@type\":\"BreadcrumbList\",\"@id\":\"https:\\\/\\\/kidsplay.lt\\\/produktas\\\/viga-sienine-veiklos-lenta-su-16-judanciu-elementu\\\/#breadcrumb\",\"itemListElement\":[{\"@type\":\"ListItem\",\"position\":1,\"name\":\"Pagrindinis\",\"item\":\"https:\\\/\\\/kidsplay.lt\\\/\"},{\"@type\":\"ListItem\",\"position\":2,\"name\":\"Parduotuv\u0117\",\"item\":\"https:\\\/\\\/kidsplay.lt\\\/parduotuve\\\/\"},{\"@type\":\"ListItem\",\"position\":3,\"name\":\"VIGA sienin\u0117 veiklos lenta su 16 judan\u010di\u0173 element\u0173\"}]},{\"@type\":\"WebSite\",\"@id\":\"https:\\\/\\\/kidsplay.lt\\\/#website\",\"url\":\"https:\\\/\\\/kidsplay.lt\\\/\",\"name\":\"Kidsplay.lt\",\"description\":\"\u012evairios prek\u0117s vaikams\",\"publisher\":{\"@id\":\"https:\\\/\\\/kidsplay.lt\\\/#organization\"},\"alternateName\":\"Kidsplay\",\"potentialAction\":[{\"@type\":\"SearchAction\",\"target\":{\"@type\":\"EntryPoint\",\"urlTemplate\":\"https:\\\/\\\/kidsplay.lt\\\/?s={search_term_string}\"},\"query-input\":{\"@type\":\"PropertyValueSpecification\",\"valueRequired\":true,\"valueName\":\"search_term_string\"}}],\"inLanguage\":\"lv-LV\"},{\"@type\":\"Organization\",\"@id\":\"https:\\\/\\\/kidsplay.lt\\\/#organization\",\"name\":\"KidsPlay\",\"url\":\"https:\\\/\\\/kidsplay.lt\\\/\",\"logo\":{\"@type\":\"ImageObject\",\"inLanguage\":\"lv-LV\",\"@id\":\"https:\\\/\\\/kidsplay.lt\\\/#\\\/schema\\\/logo\\\/image\\\/\",\"url\":\"https:\\\/\\\/kidsplay.lt\\\/wp-content\\\/uploads\\\/2023\\\/07\\\/kidsplay-logo.png\",\"contentUrl\":\"https:\\\/\\\/kidsplay.lt\\\/wp-content\\\/uploads\\\/2023\\\/07\\\/kidsplay-logo.png\",\"width\":451,\"height\":98,\"caption\":\"KidsPlay\"},\"image\":{\"@id\":\"https:\\\/\\\/kidsplay.lt\\\/#\\\/schema\\\/logo\\\/image\\\/\"},\"sameAs\":[\"https:\\\/\\\/www.facebook.com\\\/www.kidsplay.lt\"]}]}<\/script>\n<!-- \/ Yoast SEO plugin. -->","yoast_head_json":{"title":"VIGA sienin\u0117 veiklos lenta su 16 judan\u010di\u0173 element\u0173","description":"VIGA sienin\u0117 veiklos lenta su 16 judan\u010di\u0173 element\u0173 - KidsPlay. Did\u017eiausias vaik\u0173 \u017eaisl\u0173 pasirinkimas.","robots":{"index":"index","follow":"follow","max-snippet":"max-snippet:-1","max-image-preview":"max-image-preview:large","max-video-preview":"max-video-preview:-1"},"canonical":"https:\/\/kidsplay.lt\/lv\/products\/viga-sienine-veiklos-lenta-su-16-judanciu-elementu\/","og_locale":"lv_LV","og_type":"article","og_title":"VIGA sienin\u0117 veiklos lenta su 16 judan\u010di\u0173 element\u0173","og_description":"VIGA sienin\u0117 veiklos lenta su 16 judan\u010di\u0173 element\u0173 - KidsPlay. Did\u017eiausias vaik\u0173 \u017eaisl\u0173 pasirinkimas.","og_url":"https:\/\/kidsplay.lt\/lv\/products\/viga-sienine-veiklos-lenta-su-16-judanciu-elementu\/","og_site_name":"KidsPlay","article_publisher":"https:\/\/www.facebook.com\/www.kidsplay.lt","article_modified_time":"2026-04-24T05:12:27+00:00","og_image":[{"width":1000,"height":1000,"url":"https:\/\/kidsplay.lt\/wp-content\/uploads\/2026\/04\/VIGA-sienine-veiklos-lenta-su-16-judanciu-elementu.jpg","type":"image\/jpeg"}],"twitter_card":"summary_large_image","twitter_misc":{"Est. reading time":"1 min\u016bte"},"schema":{"@context":"https:\/\/schema.org","@graph":[{"@type":"WebPage","@id":"https:\/\/kidsplay.lt\/produktas\/viga-sienine-veiklos-lenta-su-16-judanciu-elementu\/","url":"https:\/\/kidsplay.lt\/produktas\/viga-sienine-veiklos-lenta-su-16-judanciu-elementu\/","name":"VIGA sienin\u0117 veiklos lenta su 16 judan\u010di\u0173 element\u0173","isPartOf":{"@id":"https:\/\/kidsplay.lt\/#website"},"primaryImageOfPage":{"@id":"https:\/\/kidsplay.lt\/produktas\/viga-sienine-veiklos-lenta-su-16-judanciu-elementu\/#primaryimage"},"image":{"@id":"https:\/\/kidsplay.lt\/produktas\/viga-sienine-veiklos-lenta-su-16-judanciu-elementu\/#primaryimage"},"thumbnailUrl":"https:\/\/kidsplay.lt\/wp-content\/uploads\/2026\/04\/VIGA-sienine-veiklos-lenta-su-16-judanciu-elementu.jpg","datePublished":"2026-04-24T05:12:11+00:00","dateModified":"2026-04-24T05:12:27+00:00","description":"VIGA sienin\u0117 veiklos lenta su 16 judan\u010di\u0173 element\u0173 - KidsPlay. Did\u017eiausias vaik\u0173 \u017eaisl\u0173 pasirinkimas.","breadcrumb":{"@id":"https:\/\/kidsplay.lt\/produktas\/viga-sienine-veiklos-lenta-su-16-judanciu-elementu\/#breadcrumb"},"inLanguage":"lv-LV","potentialAction":[{"@type":"ReadAction","target":["https:\/\/kidsplay.lt\/produktas\/viga-sienine-veiklos-lenta-su-16-judanciu-elementu\/"]}]},{"@type":"ImageObject","inLanguage":"lv-LV","@id":"https:\/\/kidsplay.lt\/produktas\/viga-sienine-veiklos-lenta-su-16-judanciu-elementu\/#primaryimage","url":"https:\/\/kidsplay.lt\/wp-content\/uploads\/2026\/04\/VIGA-sienine-veiklos-lenta-su-16-judanciu-elementu.jpg","contentUrl":"https:\/\/kidsplay.lt\/wp-content\/uploads\/2026\/04\/VIGA-sienine-veiklos-lenta-su-16-judanciu-elementu.jpg","width":1000,"height":1000,"caption":"VIGA sienin\u0117 veiklos lenta su 16 judan\u010di\u0173 element\u0173"},{"@type":"BreadcrumbList","@id":"https:\/\/kidsplay.lt\/produktas\/viga-sienine-veiklos-lenta-su-16-judanciu-elementu\/#breadcrumb","itemListElement":[{"@type":"ListItem","position":1,"name":"Pagrindinis","item":"https:\/\/kidsplay.lt\/"},{"@type":"ListItem","position":2,"name":"Parduotuv\u0117","item":"https:\/\/kidsplay.lt\/parduotuve\/"},{"@type":"ListItem","position":3,"name":"VIGA sienin\u0117 veiklos lenta su 16 judan\u010di\u0173 element\u0173"}]},{"@type":"WebSite","@id":"https:\/\/kidsplay.lt\/#website","url":"https:\/\/kidsplay.lt\/","name":"B\u0113rnu sp\u0113les.lv","description":"\u012evairios prek\u0117s vaikams","publisher":{"@id":"https:\/\/kidsplay.lt\/#organization"},"alternateName":"Kidsplay","potentialAction":[{"@type":"SearchAction","target":{"@type":"EntryPoint","urlTemplate":"https:\/\/kidsplay.lt\/?s={search_term_string}"},"query-input":{"@type":"PropertyValueSpecification","valueRequired":true,"valueName":"search_term_string"}}],"inLanguage":"lv-LV"},{"@type":"Organization","@id":"https:\/\/kidsplay.lt\/#organization","name":"B\u0113rnu sp\u0113le","url":"https:\/\/kidsplay.lt\/","logo":{"@type":"ImageObject","inLanguage":"lv-LV","@id":"https:\/\/kidsplay.lt\/#\/schema\/logo\/image\/","url":"https:\/\/kidsplay.lt\/wp-content\/uploads\/2023\/07\/kidsplay-logo.png","contentUrl":"https:\/\/kidsplay.lt\/wp-content\/uploads\/2023\/07\/kidsplay-logo.png","width":451,"height":98,"caption":"KidsPlay"},"image":{"@id":"https:\/\/kidsplay.lt\/#\/schema\/logo\/image\/"},"sameAs":["https:\/\/www.facebook.com\/www.kidsplay.lt"]}]}},"_links":{"self":[{"href":"https:\/\/kidsplay.lt\/lv\/wp-json\/wp\/v2\/product\/108844","targetHints":{"allow":["GET"]}}],"collection":[{"href":"https:\/\/kidsplay.lt\/lv\/wp-json\/wp\/v2\/product"}],"about":[{"href":"https:\/\/kidsplay.lt\/lv\/wp-json\/wp\/v2\/types\/product"}],"version-history":[{"count":1,"href":"https:\/\/kidsplay.lt\/lv\/wp-json\/wp\/v2\/product\/108844\/revisions"}],"predecessor-version":[{"id":108845,"href":"https:\/\/kidsplay.lt\/lv\/wp-json\/wp\/v2\/product\/108844\/revisions\/108845"}],"wp:featuredmedia":[{"embeddable":true,"href":"https:\/\/kidsplay.lt\/lv\/wp-json\/wp\/v2\/media\/108846"}],"wp:attachment":[{"href":"https:\/\/kidsplay.lt\/lv\/wp-json\/wp\/v2\/media?parent=108844"}],"wp:term":[{"taxonomy":"product_brand","embeddable":true,"href":"https:\/\/kidsplay.lt\/lv\/wp-json\/wp\/v2\/product_brand?post=108844"},{"taxonomy":"product_cat","embeddable":true,"href":"https:\/\/kidsplay.lt\/lv\/wp-json\/wp\/v2\/product_cat?post=108844"},{"taxonomy":"product_tag","embeddable":true,"href":"https:\/\/kidsplay.lt\/lv\/wp-json\/wp\/v2\/product_tag?post=108844"}],"curies":[{"name":"wp","href":"https:\/\/api.w.org\/{rel}","templated":true}]}}