{"id":108858,"date":"2026-04-24T08:12:46","date_gmt":"2026-04-24T05:12:46","guid":{"rendered":"https:\/\/kidsplay.lt\/produktas\/viga-medinis-pusryciu-rinkinys-mazasis-kepejas\/"},"modified":"2026-04-24T08:13:00","modified_gmt":"2026-04-24T05:13:00","slug":"viga-medinis-pusryciu-rinkinys-mazasis-kepejas","status":"publish","type":"product","link":"https:\/\/kidsplay.lt\/lv\/products\/viga-medinis-pusryciu-rinkinys-mazasis-kepejas\/","title":{"rendered":"VIGA medinis pusry\u010di\u0173 rinkinys \u2013 ma\u017easis kep\u0117jas"},"content":{"rendered":"<p>Atraskite stebukling\u0105 bendr\u0173 ryt\u0173 pasaul\u012f, kuriame j\u016bs\u0173 vaikas tampa tikru kepimo meistru! \u0160is gra\u017eiai pagamintas duonos pjaustymo rinkinys i\u0161 Viga \u2013 tai ne tik \u017eaislas, bet ir puiki lavinamoji veikla ma\u017eoms rankyt\u0117ms. D\u0117l realisti\u0161k\u0173 \u201eVelcro\u201c (lipdukini\u0173) jung\u010di\u0173 vaikas gali daug kart\u0173 \u201epjaustyti\u201c skan\u0117stus, m\u0117gaudamasis maloniu atsiskyrimo garsu. Pastelin\u0117s spalvos ir saugi medin\u0117 apdaila daro rinkin\u012f ne tik \u017eaislu, bet ir gra\u017eia vaiko kambario detale. Tai puikus b\u016bdas mokytis kasdieni\u0173 \u012fg\u016bd\u017ei\u0173 per smag\u0173 ir \u012ftraukiant\u012f \u017eaidim\u0105 namuose ar \u201ekepykloje\u201c.<br \/>\nRaksturojums:<\/p>\n<p> \tSkirta vaikams nuo 18 m\u0117n.<br \/>\n \tPagaminta i\u0161 auk\u0161tos kokyb\u0117s medienos<br \/>\n \tKiekvien\u0105 dal\u012f galima atskirti ir v\u0117l sujungti, suteikiant neribotas \u017eaidimo galimybes<br \/>\n \tSuapvalinti kra\u0161tai u\u017etikrina saug\u0173 \u017eaidim\u0105<br \/>\n \t\u0160velnios \u201ePolarB\u201c serijos spalvos malonios akiai<\/p>\n<p>Komplekt\u0101 ietilpst:<\/p>\n<p> \tTvirta medin\u0117 pjaustymo lentel\u0117<br \/>\n \tSaugus medinis peilis \u201epjaustymui\u201c<br \/>\n \tPlatus kepini\u0173 pasirinkimas \u2013 riestainis, kruasanas, bandel\u0117, cinamonin\u0117 bandel\u0117, spurga, baget\u0117<\/p>","protected":false},"excerpt":{"rendered":"<p>Atraskite stebukling\u0105 bendr\u0173 ryt\u0173 pasaul\u012f, kuriame j\u016bs\u0173 vaikas tampa tikru kepimo meistru! \u0160is gra\u017eiai pagamintas duonos pjaustymo rinkinys i\u0161 Viga<\/p>","protected":false},"featured_media":108860,"template":"","meta":{"_acf_changed":false,"_glsr_average":0,"_glsr_ranking":0,"_glsr_reviews":0},"product_brand":[],"product_cat":[399,229],"product_tag":[],"class_list":{"0":"post-108858","1":"product","2":"type-product","3":"status-publish","4":"has-post-thumbnail","6":"product_cat-vaidmenu-zaidimai-2","7":"product_cat-zaislai-vaikams","8":"\"style=\"background-color: #2ecc711c;\"","10":"first","11":"instock","12":"purchasable","13":"product-type-simple"},"acf":[],"yoast_head":"<!-- This site is optimized with the Yoast SEO plugin v27.4 - https:\/\/yoast.com\/product\/yoast-seo-wordpress\/ -->\n<title>VIGA medinis pusry\u010di\u0173 rinkinys \u2013 ma\u017easis kep\u0117jas<\/title>\n<meta name=\"description\" content=\"VIGA medinis pusry\u010di\u0173 rinkinys \u2013 ma\u017easis kep\u0117jas - KidsPlay. Did\u017eiausias vaik\u0173 \u017eaisl\u0173 pasirinkimas.\" \/>\n<meta name=\"robots\" content=\"index, follow, max-snippet:-1, max-image-preview:large, max-video-preview:-1\" \/>\n<link rel=\"canonical\" href=\"https:\/\/kidsplay.lt\/lv\/products\/viga-medinis-pusryciu-rinkinys-mazasis-kepejas\/\" \/>\n<meta property=\"og:locale\" content=\"lv_LV\" \/>\n<meta property=\"og:type\" content=\"article\" \/>\n<meta property=\"og:title\" content=\"VIGA medinis pusry\u010di\u0173 rinkinys \u2013 ma\u017easis kep\u0117jas\" \/>\n<meta property=\"og:description\" content=\"VIGA medinis pusry\u010di\u0173 rinkinys \u2013 ma\u017easis kep\u0117jas - KidsPlay. Did\u017eiausias vaik\u0173 \u017eaisl\u0173 pasirinkimas.\" \/>\n<meta property=\"og:url\" content=\"https:\/\/kidsplay.lt\/lv\/products\/viga-medinis-pusryciu-rinkinys-mazasis-kepejas\/\" \/>\n<meta property=\"og:site_name\" content=\"KidsPlay\" \/>\n<meta property=\"article:publisher\" content=\"https:\/\/www.facebook.com\/www.kidsplay.lt\" \/>\n<meta property=\"article:modified_time\" content=\"2026-04-24T05:13:00+00:00\" \/>\n<meta property=\"og:image\" content=\"https:\/\/kidsplay.lt\/wp-content\/uploads\/2026\/04\/VIGA-medinis-pusryciu-rinkinys-\u2013-mazasis-kepejas.jpg\" \/>\n\t<meta property=\"og:image:width\" content=\"1000\" \/>\n\t<meta property=\"og:image:height\" content=\"1000\" \/>\n\t<meta property=\"og:image:type\" content=\"image\/jpeg\" \/>\n<meta name=\"twitter:card\" content=\"summary_large_image\" \/>\n<meta name=\"twitter:label1\" content=\"Est. reading time\" \/>\n\t<meta name=\"twitter:data1\" content=\"1 min\u016bte\" \/>\n<script type=\"application\/ld+json\" class=\"yoast-schema-graph\">{\"@context\":\"https:\\\/\\\/schema.org\",\"@graph\":[{\"@type\":\"WebPage\",\"@id\":\"https:\\\/\\\/kidsplay.lt\\\/produktas\\\/viga-medinis-pusryciu-rinkinys-mazasis-kepejas\\\/\",\"url\":\"https:\\\/\\\/kidsplay.lt\\\/produktas\\\/viga-medinis-pusryciu-rinkinys-mazasis-kepejas\\\/\",\"name\":\"VIGA medinis pusry\u010di\u0173 rinkinys \u2013 ma\u017easis kep\u0117jas\",\"isPartOf\":{\"@id\":\"https:\\\/\\\/kidsplay.lt\\\/#website\"},\"primaryImageOfPage\":{\"@id\":\"https:\\\/\\\/kidsplay.lt\\\/produktas\\\/viga-medinis-pusryciu-rinkinys-mazasis-kepejas\\\/#primaryimage\"},\"image\":{\"@id\":\"https:\\\/\\\/kidsplay.lt\\\/produktas\\\/viga-medinis-pusryciu-rinkinys-mazasis-kepejas\\\/#primaryimage\"},\"thumbnailUrl\":\"https:\\\/\\\/kidsplay.lt\\\/wp-content\\\/uploads\\\/2026\\\/04\\\/VIGA-medinis-pusryciu-rinkinys-\u2013-mazasis-kepejas.jpg\",\"datePublished\":\"2026-04-24T05:12:46+00:00\",\"dateModified\":\"2026-04-24T05:13:00+00:00\",\"description\":\"VIGA medinis pusry\u010di\u0173 rinkinys \u2013 ma\u017easis kep\u0117jas - KidsPlay. Did\u017eiausias vaik\u0173 \u017eaisl\u0173 pasirinkimas.\",\"breadcrumb\":{\"@id\":\"https:\\\/\\\/kidsplay.lt\\\/produktas\\\/viga-medinis-pusryciu-rinkinys-mazasis-kepejas\\\/#breadcrumb\"},\"inLanguage\":\"lv-LV\",\"potentialAction\":[{\"@type\":\"ReadAction\",\"target\":[\"https:\\\/\\\/kidsplay.lt\\\/produktas\\\/viga-medinis-pusryciu-rinkinys-mazasis-kepejas\\\/\"]}]},{\"@type\":\"ImageObject\",\"inLanguage\":\"lv-LV\",\"@id\":\"https:\\\/\\\/kidsplay.lt\\\/produktas\\\/viga-medinis-pusryciu-rinkinys-mazasis-kepejas\\\/#primaryimage\",\"url\":\"https:\\\/\\\/kidsplay.lt\\\/wp-content\\\/uploads\\\/2026\\\/04\\\/VIGA-medinis-pusryciu-rinkinys-\u2013-mazasis-kepejas.jpg\",\"contentUrl\":\"https:\\\/\\\/kidsplay.lt\\\/wp-content\\\/uploads\\\/2026\\\/04\\\/VIGA-medinis-pusryciu-rinkinys-\u2013-mazasis-kepejas.jpg\",\"width\":1000,\"height\":1000,\"caption\":\"VIGA medinis pusry\u010di\u0173 rinkinys \u2013 ma\u017easis kep\u0117jas\"},{\"@type\":\"BreadcrumbList\",\"@id\":\"https:\\\/\\\/kidsplay.lt\\\/produktas\\\/viga-medinis-pusryciu-rinkinys-mazasis-kepejas\\\/#breadcrumb\",\"itemListElement\":[{\"@type\":\"ListItem\",\"position\":1,\"name\":\"Pagrindinis\",\"item\":\"https:\\\/\\\/kidsplay.lt\\\/\"},{\"@type\":\"ListItem\",\"position\":2,\"name\":\"Parduotuv\u0117\",\"item\":\"https:\\\/\\\/kidsplay.lt\\\/parduotuve\\\/\"},{\"@type\":\"ListItem\",\"position\":3,\"name\":\"VIGA medinis pusry\u010di\u0173 rinkinys \u2013 ma\u017easis kep\u0117jas\"}]},{\"@type\":\"WebSite\",\"@id\":\"https:\\\/\\\/kidsplay.lt\\\/#website\",\"url\":\"https:\\\/\\\/kidsplay.lt\\\/\",\"name\":\"Kidsplay.lt\",\"description\":\"\u012evairios prek\u0117s vaikams\",\"publisher\":{\"@id\":\"https:\\\/\\\/kidsplay.lt\\\/#organization\"},\"alternateName\":\"Kidsplay\",\"potentialAction\":[{\"@type\":\"SearchAction\",\"target\":{\"@type\":\"EntryPoint\",\"urlTemplate\":\"https:\\\/\\\/kidsplay.lt\\\/?s={search_term_string}\"},\"query-input\":{\"@type\":\"PropertyValueSpecification\",\"valueRequired\":true,\"valueName\":\"search_term_string\"}}],\"inLanguage\":\"lv-LV\"},{\"@type\":\"Organization\",\"@id\":\"https:\\\/\\\/kidsplay.lt\\\/#organization\",\"name\":\"KidsPlay\",\"url\":\"https:\\\/\\\/kidsplay.lt\\\/\",\"logo\":{\"@type\":\"ImageObject\",\"inLanguage\":\"lv-LV\",\"@id\":\"https:\\\/\\\/kidsplay.lt\\\/#\\\/schema\\\/logo\\\/image\\\/\",\"url\":\"https:\\\/\\\/kidsplay.lt\\\/wp-content\\\/uploads\\\/2023\\\/07\\\/kidsplay-logo.png\",\"contentUrl\":\"https:\\\/\\\/kidsplay.lt\\\/wp-content\\\/uploads\\\/2023\\\/07\\\/kidsplay-logo.png\",\"width\":451,\"height\":98,\"caption\":\"KidsPlay\"},\"image\":{\"@id\":\"https:\\\/\\\/kidsplay.lt\\\/#\\\/schema\\\/logo\\\/image\\\/\"},\"sameAs\":[\"https:\\\/\\\/www.facebook.com\\\/www.kidsplay.lt\"]}]}<\/script>\n<!-- \/ Yoast SEO plugin. -->","yoast_head_json":{"title":"VIGA medinis pusry\u010di\u0173 rinkinys \u2013 ma\u017easis kep\u0117jas","description":"VIGA medinis pusry\u010di\u0173 rinkinys \u2013 ma\u017easis kep\u0117jas - KidsPlay. Did\u017eiausias vaik\u0173 \u017eaisl\u0173 pasirinkimas.","robots":{"index":"index","follow":"follow","max-snippet":"max-snippet:-1","max-image-preview":"max-image-preview:large","max-video-preview":"max-video-preview:-1"},"canonical":"https:\/\/kidsplay.lt\/lv\/products\/viga-medinis-pusryciu-rinkinys-mazasis-kepejas\/","og_locale":"lv_LV","og_type":"article","og_title":"VIGA medinis pusry\u010di\u0173 rinkinys \u2013 ma\u017easis kep\u0117jas","og_description":"VIGA medinis pusry\u010di\u0173 rinkinys \u2013 ma\u017easis kep\u0117jas - KidsPlay. Did\u017eiausias vaik\u0173 \u017eaisl\u0173 pasirinkimas.","og_url":"https:\/\/kidsplay.lt\/lv\/products\/viga-medinis-pusryciu-rinkinys-mazasis-kepejas\/","og_site_name":"KidsPlay","article_publisher":"https:\/\/www.facebook.com\/www.kidsplay.lt","article_modified_time":"2026-04-24T05:13:00+00:00","og_image":[{"width":1000,"height":1000,"url":"https:\/\/kidsplay.lt\/wp-content\/uploads\/2026\/04\/VIGA-medinis-pusryciu-rinkinys-\u2013-mazasis-kepejas.jpg","type":"image\/jpeg"}],"twitter_card":"summary_large_image","twitter_misc":{"Est. reading time":"1 min\u016bte"},"schema":{"@context":"https:\/\/schema.org","@graph":[{"@type":"WebPage","@id":"https:\/\/kidsplay.lt\/produktas\/viga-medinis-pusryciu-rinkinys-mazasis-kepejas\/","url":"https:\/\/kidsplay.lt\/produktas\/viga-medinis-pusryciu-rinkinys-mazasis-kepejas\/","name":"VIGA medinis pusry\u010di\u0173 rinkinys \u2013 ma\u017easis kep\u0117jas","isPartOf":{"@id":"https:\/\/kidsplay.lt\/#website"},"primaryImageOfPage":{"@id":"https:\/\/kidsplay.lt\/produktas\/viga-medinis-pusryciu-rinkinys-mazasis-kepejas\/#primaryimage"},"image":{"@id":"https:\/\/kidsplay.lt\/produktas\/viga-medinis-pusryciu-rinkinys-mazasis-kepejas\/#primaryimage"},"thumbnailUrl":"https:\/\/kidsplay.lt\/wp-content\/uploads\/2026\/04\/VIGA-medinis-pusryciu-rinkinys-\u2013-mazasis-kepejas.jpg","datePublished":"2026-04-24T05:12:46+00:00","dateModified":"2026-04-24T05:13:00+00:00","description":"VIGA medinis pusry\u010di\u0173 rinkinys \u2013 ma\u017easis kep\u0117jas - KidsPlay. Did\u017eiausias vaik\u0173 \u017eaisl\u0173 pasirinkimas.","breadcrumb":{"@id":"https:\/\/kidsplay.lt\/produktas\/viga-medinis-pusryciu-rinkinys-mazasis-kepejas\/#breadcrumb"},"inLanguage":"lv-LV","potentialAction":[{"@type":"ReadAction","target":["https:\/\/kidsplay.lt\/produktas\/viga-medinis-pusryciu-rinkinys-mazasis-kepejas\/"]}]},{"@type":"ImageObject","inLanguage":"lv-LV","@id":"https:\/\/kidsplay.lt\/produktas\/viga-medinis-pusryciu-rinkinys-mazasis-kepejas\/#primaryimage","url":"https:\/\/kidsplay.lt\/wp-content\/uploads\/2026\/04\/VIGA-medinis-pusryciu-rinkinys-\u2013-mazasis-kepejas.jpg","contentUrl":"https:\/\/kidsplay.lt\/wp-content\/uploads\/2026\/04\/VIGA-medinis-pusryciu-rinkinys-\u2013-mazasis-kepejas.jpg","width":1000,"height":1000,"caption":"VIGA medinis pusry\u010di\u0173 rinkinys \u2013 ma\u017easis kep\u0117jas"},{"@type":"BreadcrumbList","@id":"https:\/\/kidsplay.lt\/produktas\/viga-medinis-pusryciu-rinkinys-mazasis-kepejas\/#breadcrumb","itemListElement":[{"@type":"ListItem","position":1,"name":"Pagrindinis","item":"https:\/\/kidsplay.lt\/"},{"@type":"ListItem","position":2,"name":"Parduotuv\u0117","item":"https:\/\/kidsplay.lt\/parduotuve\/"},{"@type":"ListItem","position":3,"name":"VIGA medinis pusry\u010di\u0173 rinkinys \u2013 ma\u017easis kep\u0117jas"}]},{"@type":"WebSite","@id":"https:\/\/kidsplay.lt\/#website","url":"https:\/\/kidsplay.lt\/","name":"B\u0113rnu sp\u0113les.lv","description":"\u012evairios prek\u0117s vaikams","publisher":{"@id":"https:\/\/kidsplay.lt\/#organization"},"alternateName":"Kidsplay","potentialAction":[{"@type":"SearchAction","target":{"@type":"EntryPoint","urlTemplate":"https:\/\/kidsplay.lt\/?s={search_term_string}"},"query-input":{"@type":"PropertyValueSpecification","valueRequired":true,"valueName":"search_term_string"}}],"inLanguage":"lv-LV"},{"@type":"Organization","@id":"https:\/\/kidsplay.lt\/#organization","name":"B\u0113rnu sp\u0113le","url":"https:\/\/kidsplay.lt\/","logo":{"@type":"ImageObject","inLanguage":"lv-LV","@id":"https:\/\/kidsplay.lt\/#\/schema\/logo\/image\/","url":"https:\/\/kidsplay.lt\/wp-content\/uploads\/2023\/07\/kidsplay-logo.png","contentUrl":"https:\/\/kidsplay.lt\/wp-content\/uploads\/2023\/07\/kidsplay-logo.png","width":451,"height":98,"caption":"KidsPlay"},"image":{"@id":"https:\/\/kidsplay.lt\/#\/schema\/logo\/image\/"},"sameAs":["https:\/\/www.facebook.com\/www.kidsplay.lt"]}]}},"_links":{"self":[{"href":"https:\/\/kidsplay.lt\/lv\/wp-json\/wp\/v2\/product\/108858","targetHints":{"allow":["GET"]}}],"collection":[{"href":"https:\/\/kidsplay.lt\/lv\/wp-json\/wp\/v2\/product"}],"about":[{"href":"https:\/\/kidsplay.lt\/lv\/wp-json\/wp\/v2\/types\/product"}],"version-history":[{"count":1,"href":"https:\/\/kidsplay.lt\/lv\/wp-json\/wp\/v2\/product\/108858\/revisions"}],"predecessor-version":[{"id":108859,"href":"https:\/\/kidsplay.lt\/lv\/wp-json\/wp\/v2\/product\/108858\/revisions\/108859"}],"wp:featuredmedia":[{"embeddable":true,"href":"https:\/\/kidsplay.lt\/lv\/wp-json\/wp\/v2\/media\/108860"}],"wp:attachment":[{"href":"https:\/\/kidsplay.lt\/lv\/wp-json\/wp\/v2\/media?parent=108858"}],"wp:term":[{"taxonomy":"product_brand","embeddable":true,"href":"https:\/\/kidsplay.lt\/lv\/wp-json\/wp\/v2\/product_brand?post=108858"},{"taxonomy":"product_cat","embeddable":true,"href":"https:\/\/kidsplay.lt\/lv\/wp-json\/wp\/v2\/product_cat?post=108858"},{"taxonomy":"product_tag","embeddable":true,"href":"https:\/\/kidsplay.lt\/lv\/wp-json\/wp\/v2\/product_tag?post=108858"}],"curies":[{"name":"wp","href":"https:\/\/api.w.org\/{rel}","templated":true}]}}