{"id":108872,"date":"2026-04-24T08:13:51","date_gmt":"2026-04-24T05:13:51","guid":{"rendered":"https:\/\/kidsplay.lt\/produktas\/viga-polarb-leliu-namelio-miegamojo-baldu-rinkinys\/"},"modified":"2026-04-24T08:14:07","modified_gmt":"2026-04-24T05:14:07","slug":"viga-polarb-leliu-namelio-miegamojo-baldu-rinkinys","status":"publish","type":"product","link":"https:\/\/kidsplay.lt\/lv\/products\/viga-polarb-leliu-namelio-miegamojo-baldu-rinkinys\/","title":{"rendered":"VIGA PolarB l\u0117li\u0173 namelio miegamojo bald\u0173 rinkinys"},"content":{"rendered":"<p>\u0160is l\u0117li\u0173 namelio bald\u0173 rinkinys i\u0161 \u017einomos \u201eViga\u201c kompanijos yra puiki dovana j\u016bs\u0173 vaikui. Serij\u0105 sudaro 5 skirtingi kambariai su skirtingomis spalv\u0173 schemomis. Susikurkite savo l\u0117li\u0173 namel\u012f ir i\u0161d\u0117liokite baldus bei kambarius taip, kaip norite. Produktas pagamintas i\u0161 auk\u0161tos kokyb\u0117s med\u017eiag\u0173 ir itin kruop\u0161\u010diai. \u017daislas nuda\u017eytas netoksi\u0161kais, \u0161velni\u0173 spalv\u0173 da\u017eais.<br \/>\nFunkcijas:<\/p>\n<p> \trinkin\u012f sudaro: lova, 2 naktiniai staliukai, pakaba, spinta, kilimas, tualetinis staliukas, k\u0117d\u0117 ir krep\u0161ys<br \/>\n \tgalima \u012fsigyti papildomus \u0161ios serijos kambarius: vaik\u0173 kambar\u012f, svetain\u0119, virtuv\u0119 ir vonios kambar\u012f<br \/>\n \tpagaminta itin kruop\u0161\u010diai ir atid\u017eiai<br \/>\n \tauk\u0161tos kokyb\u0117s med\u017eiagos<br \/>\n \tnuda\u017eyta netoksi\u0161kais da\u017eais<br \/>\n \t\u0161velnios spalvos, traukian\u010dios vaiko d\u0117mes\u012f<\/p>\n<p>Bald\u0173 i\u0161matavimai:<\/p>\n<p> \tlova \u2013 5 x 2,67 x 9 cm<br \/>\n \tspinta \u2013 4,1 x 3,22 x 7,1 cm<br \/>\n \ttualetinis staliukas \u2013 2,5 x 3 x 8 cm<\/p>","protected":false},"excerpt":{"rendered":"<p>\u0160is l\u0117li\u0173 namelio bald\u0173 rinkinys i\u0161 \u017einomos \u201eViga\u201c kompanijos yra puiki dovana j\u016bs\u0173 vaikui. Serij\u0105 sudaro 5 skirtingi kambariai su<\/p>","protected":false},"featured_media":108874,"template":"","meta":{"_acf_changed":false,"_glsr_average":0,"_glsr_ranking":0,"_glsr_reviews":0},"product_brand":[],"product_cat":[443,229],"product_tag":[],"class_list":{"0":"post-108872","1":"product","2":"type-product","3":"status-publish","4":"has-post-thumbnail","6":"product_cat-leles-ir-priedai","7":"product_cat-zaislai-vaikams","8":"\"style=\"background-color: #2ecc711c;\"","10":"first","11":"instock","12":"purchasable","13":"product-type-simple"},"acf":[],"yoast_head":"<!-- This site is optimized with the Yoast SEO plugin v27.4 - https:\/\/yoast.com\/product\/yoast-seo-wordpress\/ -->\n<title>VIGA PolarB l\u0117li\u0173 namelio miegamojo bald\u0173 rinkinys<\/title>\n<meta name=\"description\" content=\"VIGA PolarB l\u0117li\u0173 namelio miegamojo bald\u0173 rinkinys - KidsPlay. Did\u017eiausias vaik\u0173 \u017eaisl\u0173 pasirinkimas.\" \/>\n<meta name=\"robots\" content=\"index, follow, max-snippet:-1, max-image-preview:large, max-video-preview:-1\" \/>\n<link rel=\"canonical\" href=\"https:\/\/kidsplay.lt\/lv\/products\/viga-polarb-leliu-namelio-miegamojo-baldu-rinkinys\/\" \/>\n<meta property=\"og:locale\" content=\"lv_LV\" \/>\n<meta property=\"og:type\" content=\"article\" \/>\n<meta property=\"og:title\" content=\"VIGA PolarB l\u0117li\u0173 namelio miegamojo bald\u0173 rinkinys\" \/>\n<meta property=\"og:description\" content=\"VIGA PolarB l\u0117li\u0173 namelio miegamojo bald\u0173 rinkinys - KidsPlay. Did\u017eiausias vaik\u0173 \u017eaisl\u0173 pasirinkimas.\" \/>\n<meta property=\"og:url\" content=\"https:\/\/kidsplay.lt\/lv\/products\/viga-polarb-leliu-namelio-miegamojo-baldu-rinkinys\/\" \/>\n<meta property=\"og:site_name\" content=\"KidsPlay\" \/>\n<meta property=\"article:publisher\" content=\"https:\/\/www.facebook.com\/www.kidsplay.lt\" \/>\n<meta property=\"article:modified_time\" content=\"2026-04-24T05:14:07+00:00\" \/>\n<meta property=\"og:image\" content=\"https:\/\/kidsplay.lt\/wp-content\/uploads\/2026\/04\/VIGA-PolarB-leliu-namelio-miegamojo-baldu-rinkinys.jpg\" \/>\n\t<meta property=\"og:image:width\" content=\"2273\" \/>\n\t<meta property=\"og:image:height\" content=\"2273\" \/>\n\t<meta property=\"og:image:type\" content=\"image\/jpeg\" \/>\n<meta name=\"twitter:card\" content=\"summary_large_image\" \/>\n<meta name=\"twitter:label1\" content=\"Est. reading time\" \/>\n\t<meta name=\"twitter:data1\" content=\"1 min\u016bte\" \/>\n<script type=\"application\/ld+json\" class=\"yoast-schema-graph\">{\"@context\":\"https:\\\/\\\/schema.org\",\"@graph\":[{\"@type\":\"WebPage\",\"@id\":\"https:\\\/\\\/kidsplay.lt\\\/produktas\\\/viga-polarb-leliu-namelio-miegamojo-baldu-rinkinys\\\/\",\"url\":\"https:\\\/\\\/kidsplay.lt\\\/produktas\\\/viga-polarb-leliu-namelio-miegamojo-baldu-rinkinys\\\/\",\"name\":\"VIGA PolarB l\u0117li\u0173 namelio miegamojo bald\u0173 rinkinys\",\"isPartOf\":{\"@id\":\"https:\\\/\\\/kidsplay.lt\\\/#website\"},\"primaryImageOfPage\":{\"@id\":\"https:\\\/\\\/kidsplay.lt\\\/produktas\\\/viga-polarb-leliu-namelio-miegamojo-baldu-rinkinys\\\/#primaryimage\"},\"image\":{\"@id\":\"https:\\\/\\\/kidsplay.lt\\\/produktas\\\/viga-polarb-leliu-namelio-miegamojo-baldu-rinkinys\\\/#primaryimage\"},\"thumbnailUrl\":\"https:\\\/\\\/kidsplay.lt\\\/wp-content\\\/uploads\\\/2026\\\/04\\\/VIGA-PolarB-leliu-namelio-miegamojo-baldu-rinkinys.jpg\",\"datePublished\":\"2026-04-24T05:13:51+00:00\",\"dateModified\":\"2026-04-24T05:14:07+00:00\",\"description\":\"VIGA PolarB l\u0117li\u0173 namelio miegamojo bald\u0173 rinkinys - KidsPlay. Did\u017eiausias vaik\u0173 \u017eaisl\u0173 pasirinkimas.\",\"breadcrumb\":{\"@id\":\"https:\\\/\\\/kidsplay.lt\\\/produktas\\\/viga-polarb-leliu-namelio-miegamojo-baldu-rinkinys\\\/#breadcrumb\"},\"inLanguage\":\"lv-LV\",\"potentialAction\":[{\"@type\":\"ReadAction\",\"target\":[\"https:\\\/\\\/kidsplay.lt\\\/produktas\\\/viga-polarb-leliu-namelio-miegamojo-baldu-rinkinys\\\/\"]}]},{\"@type\":\"ImageObject\",\"inLanguage\":\"lv-LV\",\"@id\":\"https:\\\/\\\/kidsplay.lt\\\/produktas\\\/viga-polarb-leliu-namelio-miegamojo-baldu-rinkinys\\\/#primaryimage\",\"url\":\"https:\\\/\\\/kidsplay.lt\\\/wp-content\\\/uploads\\\/2026\\\/04\\\/VIGA-PolarB-leliu-namelio-miegamojo-baldu-rinkinys.jpg\",\"contentUrl\":\"https:\\\/\\\/kidsplay.lt\\\/wp-content\\\/uploads\\\/2026\\\/04\\\/VIGA-PolarB-leliu-namelio-miegamojo-baldu-rinkinys.jpg\",\"width\":2273,\"height\":2273,\"caption\":\"VIGA PolarB l\u0117li\u0173 namelio miegamojo bald\u0173 rinkinys\"},{\"@type\":\"BreadcrumbList\",\"@id\":\"https:\\\/\\\/kidsplay.lt\\\/produktas\\\/viga-polarb-leliu-namelio-miegamojo-baldu-rinkinys\\\/#breadcrumb\",\"itemListElement\":[{\"@type\":\"ListItem\",\"position\":1,\"name\":\"Pagrindinis\",\"item\":\"https:\\\/\\\/kidsplay.lt\\\/\"},{\"@type\":\"ListItem\",\"position\":2,\"name\":\"Parduotuv\u0117\",\"item\":\"https:\\\/\\\/kidsplay.lt\\\/parduotuve\\\/\"},{\"@type\":\"ListItem\",\"position\":3,\"name\":\"VIGA PolarB l\u0117li\u0173 namelio miegamojo bald\u0173 rinkinys\"}]},{\"@type\":\"WebSite\",\"@id\":\"https:\\\/\\\/kidsplay.lt\\\/#website\",\"url\":\"https:\\\/\\\/kidsplay.lt\\\/\",\"name\":\"Kidsplay.lt\",\"description\":\"\u012evairios prek\u0117s vaikams\",\"publisher\":{\"@id\":\"https:\\\/\\\/kidsplay.lt\\\/#organization\"},\"alternateName\":\"Kidsplay\",\"potentialAction\":[{\"@type\":\"SearchAction\",\"target\":{\"@type\":\"EntryPoint\",\"urlTemplate\":\"https:\\\/\\\/kidsplay.lt\\\/?s={search_term_string}\"},\"query-input\":{\"@type\":\"PropertyValueSpecification\",\"valueRequired\":true,\"valueName\":\"search_term_string\"}}],\"inLanguage\":\"lv-LV\"},{\"@type\":\"Organization\",\"@id\":\"https:\\\/\\\/kidsplay.lt\\\/#organization\",\"name\":\"KidsPlay\",\"url\":\"https:\\\/\\\/kidsplay.lt\\\/\",\"logo\":{\"@type\":\"ImageObject\",\"inLanguage\":\"lv-LV\",\"@id\":\"https:\\\/\\\/kidsplay.lt\\\/#\\\/schema\\\/logo\\\/image\\\/\",\"url\":\"https:\\\/\\\/kidsplay.lt\\\/wp-content\\\/uploads\\\/2023\\\/07\\\/kidsplay-logo.png\",\"contentUrl\":\"https:\\\/\\\/kidsplay.lt\\\/wp-content\\\/uploads\\\/2023\\\/07\\\/kidsplay-logo.png\",\"width\":451,\"height\":98,\"caption\":\"KidsPlay\"},\"image\":{\"@id\":\"https:\\\/\\\/kidsplay.lt\\\/#\\\/schema\\\/logo\\\/image\\\/\"},\"sameAs\":[\"https:\\\/\\\/www.facebook.com\\\/www.kidsplay.lt\"]}]}<\/script>\n<!-- \/ Yoast SEO plugin. -->","yoast_head_json":{"title":"VIGA PolarB l\u0117li\u0173 namelio miegamojo bald\u0173 rinkinys","description":"VIGA PolarB l\u0117li\u0173 namelio miegamojo bald\u0173 rinkinys - KidsPlay. Did\u017eiausias vaik\u0173 \u017eaisl\u0173 pasirinkimas.","robots":{"index":"index","follow":"follow","max-snippet":"max-snippet:-1","max-image-preview":"max-image-preview:large","max-video-preview":"max-video-preview:-1"},"canonical":"https:\/\/kidsplay.lt\/lv\/products\/viga-polarb-leliu-namelio-miegamojo-baldu-rinkinys\/","og_locale":"lv_LV","og_type":"article","og_title":"VIGA PolarB l\u0117li\u0173 namelio miegamojo bald\u0173 rinkinys","og_description":"VIGA PolarB l\u0117li\u0173 namelio miegamojo bald\u0173 rinkinys - KidsPlay. Did\u017eiausias vaik\u0173 \u017eaisl\u0173 pasirinkimas.","og_url":"https:\/\/kidsplay.lt\/lv\/products\/viga-polarb-leliu-namelio-miegamojo-baldu-rinkinys\/","og_site_name":"KidsPlay","article_publisher":"https:\/\/www.facebook.com\/www.kidsplay.lt","article_modified_time":"2026-04-24T05:14:07+00:00","og_image":[{"width":2273,"height":2273,"url":"https:\/\/kidsplay.lt\/wp-content\/uploads\/2026\/04\/VIGA-PolarB-leliu-namelio-miegamojo-baldu-rinkinys.jpg","type":"image\/jpeg"}],"twitter_card":"summary_large_image","twitter_misc":{"Est. reading time":"1 min\u016bte"},"schema":{"@context":"https:\/\/schema.org","@graph":[{"@type":"WebPage","@id":"https:\/\/kidsplay.lt\/produktas\/viga-polarb-leliu-namelio-miegamojo-baldu-rinkinys\/","url":"https:\/\/kidsplay.lt\/produktas\/viga-polarb-leliu-namelio-miegamojo-baldu-rinkinys\/","name":"VIGA PolarB l\u0117li\u0173 namelio miegamojo bald\u0173 rinkinys","isPartOf":{"@id":"https:\/\/kidsplay.lt\/#website"},"primaryImageOfPage":{"@id":"https:\/\/kidsplay.lt\/produktas\/viga-polarb-leliu-namelio-miegamojo-baldu-rinkinys\/#primaryimage"},"image":{"@id":"https:\/\/kidsplay.lt\/produktas\/viga-polarb-leliu-namelio-miegamojo-baldu-rinkinys\/#primaryimage"},"thumbnailUrl":"https:\/\/kidsplay.lt\/wp-content\/uploads\/2026\/04\/VIGA-PolarB-leliu-namelio-miegamojo-baldu-rinkinys.jpg","datePublished":"2026-04-24T05:13:51+00:00","dateModified":"2026-04-24T05:14:07+00:00","description":"VIGA PolarB l\u0117li\u0173 namelio miegamojo bald\u0173 rinkinys - KidsPlay. Did\u017eiausias vaik\u0173 \u017eaisl\u0173 pasirinkimas.","breadcrumb":{"@id":"https:\/\/kidsplay.lt\/produktas\/viga-polarb-leliu-namelio-miegamojo-baldu-rinkinys\/#breadcrumb"},"inLanguage":"lv-LV","potentialAction":[{"@type":"ReadAction","target":["https:\/\/kidsplay.lt\/produktas\/viga-polarb-leliu-namelio-miegamojo-baldu-rinkinys\/"]}]},{"@type":"ImageObject","inLanguage":"lv-LV","@id":"https:\/\/kidsplay.lt\/produktas\/viga-polarb-leliu-namelio-miegamojo-baldu-rinkinys\/#primaryimage","url":"https:\/\/kidsplay.lt\/wp-content\/uploads\/2026\/04\/VIGA-PolarB-leliu-namelio-miegamojo-baldu-rinkinys.jpg","contentUrl":"https:\/\/kidsplay.lt\/wp-content\/uploads\/2026\/04\/VIGA-PolarB-leliu-namelio-miegamojo-baldu-rinkinys.jpg","width":2273,"height":2273,"caption":"VIGA PolarB l\u0117li\u0173 namelio miegamojo bald\u0173 rinkinys"},{"@type":"BreadcrumbList","@id":"https:\/\/kidsplay.lt\/produktas\/viga-polarb-leliu-namelio-miegamojo-baldu-rinkinys\/#breadcrumb","itemListElement":[{"@type":"ListItem","position":1,"name":"Pagrindinis","item":"https:\/\/kidsplay.lt\/"},{"@type":"ListItem","position":2,"name":"Parduotuv\u0117","item":"https:\/\/kidsplay.lt\/parduotuve\/"},{"@type":"ListItem","position":3,"name":"VIGA PolarB l\u0117li\u0173 namelio miegamojo bald\u0173 rinkinys"}]},{"@type":"WebSite","@id":"https:\/\/kidsplay.lt\/#website","url":"https:\/\/kidsplay.lt\/","name":"B\u0113rnu sp\u0113les.lv","description":"\u012evairios prek\u0117s vaikams","publisher":{"@id":"https:\/\/kidsplay.lt\/#organization"},"alternateName":"Kidsplay","potentialAction":[{"@type":"SearchAction","target":{"@type":"EntryPoint","urlTemplate":"https:\/\/kidsplay.lt\/?s={search_term_string}"},"query-input":{"@type":"PropertyValueSpecification","valueRequired":true,"valueName":"search_term_string"}}],"inLanguage":"lv-LV"},{"@type":"Organization","@id":"https:\/\/kidsplay.lt\/#organization","name":"B\u0113rnu sp\u0113le","url":"https:\/\/kidsplay.lt\/","logo":{"@type":"ImageObject","inLanguage":"lv-LV","@id":"https:\/\/kidsplay.lt\/#\/schema\/logo\/image\/","url":"https:\/\/kidsplay.lt\/wp-content\/uploads\/2023\/07\/kidsplay-logo.png","contentUrl":"https:\/\/kidsplay.lt\/wp-content\/uploads\/2023\/07\/kidsplay-logo.png","width":451,"height":98,"caption":"KidsPlay"},"image":{"@id":"https:\/\/kidsplay.lt\/#\/schema\/logo\/image\/"},"sameAs":["https:\/\/www.facebook.com\/www.kidsplay.lt"]}]}},"_links":{"self":[{"href":"https:\/\/kidsplay.lt\/lv\/wp-json\/wp\/v2\/product\/108872","targetHints":{"allow":["GET"]}}],"collection":[{"href":"https:\/\/kidsplay.lt\/lv\/wp-json\/wp\/v2\/product"}],"about":[{"href":"https:\/\/kidsplay.lt\/lv\/wp-json\/wp\/v2\/types\/product"}],"version-history":[{"count":1,"href":"https:\/\/kidsplay.lt\/lv\/wp-json\/wp\/v2\/product\/108872\/revisions"}],"predecessor-version":[{"id":108873,"href":"https:\/\/kidsplay.lt\/lv\/wp-json\/wp\/v2\/product\/108872\/revisions\/108873"}],"wp:featuredmedia":[{"embeddable":true,"href":"https:\/\/kidsplay.lt\/lv\/wp-json\/wp\/v2\/media\/108874"}],"wp:attachment":[{"href":"https:\/\/kidsplay.lt\/lv\/wp-json\/wp\/v2\/media?parent=108872"}],"wp:term":[{"taxonomy":"product_brand","embeddable":true,"href":"https:\/\/kidsplay.lt\/lv\/wp-json\/wp\/v2\/product_brand?post=108872"},{"taxonomy":"product_cat","embeddable":true,"href":"https:\/\/kidsplay.lt\/lv\/wp-json\/wp\/v2\/product_cat?post=108872"},{"taxonomy":"product_tag","embeddable":true,"href":"https:\/\/kidsplay.lt\/lv\/wp-json\/wp\/v2\/product_tag?post=108872"}],"curies":[{"name":"wp","href":"https:\/\/api.w.org\/{rel}","templated":true}]}}