{"id":108904,"date":"2026-04-25T18:30:14","date_gmt":"2026-04-25T15:30:14","guid":{"rendered":"https:\/\/kidsplay.lt\/produktas\/woopie-little-chef-virtuves-rinkinys-7-vnt\/"},"modified":"2026-04-27T18:29:55","modified_gmt":"2026-04-27T15:29:55","slug":"woopie-little-chef-virtuves-rinkinys-7-vnt","status":"publish","type":"product","link":"https:\/\/kidsplay.lt\/lv\/products\/woopie-little-chef-virtuves-rinkinys-7-vnt\/","title":{"rendered":"WOOPIE maz\u0101 \u0161efpav\u0101ra virtuves komplekts (7 gab.)"},"content":{"rendered":"<p>WOOPIE \u201eLittle Chef Set\u201c yra puikus rinkinys vaikams nuo 3 met\u0173, m\u0117gstantiems vaidmen\u0173 \u017eaidimus virtuv\u0117je. Tai ne tik \u017eaislas, bet ir galimyb\u0117 vaikui \u012fsijausti \u012f vir\u0117jo vaidmen\u012f, gaminti \u201ekartu\u201c su t\u0117vais ir saugiai imituoti kasdienes veiklas.<br \/>\nRinkinys gra\u017eiai supakuotas, tod\u0117l puikiai tinka dovanai.<br \/>\nRaksturojums:<\/p>\n<p> \tskirtas vaikams nuo 3 met\u0173,<br \/>\n \trinkin\u012f sudaro kostiumas ir virtuv\u0117s aksesuarai,<br \/>\n \tskatina vaidmen\u0173 \u017eaidimus ir \u201etikro vir\u0117jo\u201c patirt\u012f,<br \/>\n \tleid\u017eia \u017eaisti maisto gaminim\u0105 kartu su t\u0117vais,<br \/>\n \tpagaminta i\u0161 saugi\u0173 ir patvari\u0173 med\u017eiag\u0173.<\/p>\n<p>Komplekt\u0101 ietilpst:<\/p>\n<p> \tvirtuv\u0117s prijuost\u0117,<br \/>\n \tvir\u0117jo kepur\u0117,<br \/>\n \torkait\u0117s pir\u0161tin\u0117,<br \/>\n \taudinio pad\u0117kliukas,<br \/>\n \tmedinis ko\u010d\u0117las (~20 cm),<br \/>\n \tmedinis \u0161auk\u0161tas,<br \/>\n \tmetalinis plaktuvas.<\/p>","protected":false},"excerpt":{"rendered":"<p>WOOPIE \u201eLittle Chef Set\u201c yra puikus rinkinys vaikams nuo 3 met\u0173, m\u0117gstantiems vaidmen\u0173 \u017eaidimus virtuv\u0117je. Tai ne tik \u017eaislas, bet<\/p>","protected":false},"featured_media":108906,"template":"","meta":{"_acf_changed":false,"_glsr_average":0,"_glsr_ranking":0,"_glsr_reviews":0},"product_brand":[],"product_cat":[399,229],"product_tag":[],"class_list":{"0":"post-108904","1":"product","2":"type-product","3":"status-publish","4":"has-post-thumbnail","6":"product_cat-vaidmenu-zaidimai-2","7":"product_cat-zaislai-vaikams","8":"\"style=\"background-color: #2ecc711c;\"","10":"first","11":"instock","12":"purchasable","13":"product-type-simple"},"acf":[],"yoast_head":"<!-- This site is optimized with the Yoast SEO plugin v27.4 - https:\/\/yoast.com\/product\/yoast-seo-wordpress\/ -->\n<title>WOOPIE \u201eLittle Chef\u201c virtuv\u0117s rinkinys (7 vnt.)<\/title>\n<meta name=\"description\" content=\"WOOPIE \u201eLittle Chef\u201c virtuv\u0117s rinkinys (7 vnt.) - KidsPlay. Did\u017eiausias vaik\u0173 \u017eaisl\u0173 pasirinkimas.\" \/>\n<meta name=\"robots\" content=\"index, follow, max-snippet:-1, max-image-preview:large, max-video-preview:-1\" \/>\n<link rel=\"canonical\" href=\"https:\/\/kidsplay.lt\/lv\/products\/woopie-little-chef-virtuves-rinkinys-7-vnt\/\" \/>\n<meta property=\"og:locale\" content=\"lv_LV\" \/>\n<meta property=\"og:type\" content=\"article\" \/>\n<meta property=\"og:title\" content=\"WOOPIE \u201eLittle Chef\u201c virtuv\u0117s rinkinys (7 vnt.)\" \/>\n<meta property=\"og:description\" content=\"WOOPIE \u201eLittle Chef\u201c virtuv\u0117s rinkinys (7 vnt.) - KidsPlay. Did\u017eiausias vaik\u0173 \u017eaisl\u0173 pasirinkimas.\" \/>\n<meta property=\"og:url\" content=\"https:\/\/kidsplay.lt\/lv\/products\/woopie-little-chef-virtuves-rinkinys-7-vnt\/\" \/>\n<meta property=\"og:site_name\" content=\"KidsPlay\" \/>\n<meta property=\"article:publisher\" content=\"https:\/\/www.facebook.com\/www.kidsplay.lt\" \/>\n<meta property=\"article:modified_time\" content=\"2026-04-27T15:29:55+00:00\" \/>\n<meta property=\"og:image\" content=\"https:\/\/kidsplay.lt\/wp-content\/uploads\/2026\/04\/WOOPIE-\u201eLittle-Chef-virtuves-rinkinys-7-vnt.jpg\" \/>\n\t<meta property=\"og:image:width\" content=\"2500\" \/>\n\t<meta property=\"og:image:height\" content=\"2500\" \/>\n\t<meta property=\"og:image:type\" content=\"image\/jpeg\" \/>\n<meta name=\"twitter:card\" content=\"summary_large_image\" \/>\n<meta name=\"twitter:label1\" content=\"Est. reading time\" \/>\n\t<meta name=\"twitter:data1\" content=\"1 min\u016bte\" \/>\n<script type=\"application\/ld+json\" class=\"yoast-schema-graph\">{\"@context\":\"https:\\\/\\\/schema.org\",\"@graph\":[{\"@type\":\"WebPage\",\"@id\":\"https:\\\/\\\/kidsplay.lt\\\/produktas\\\/woopie-little-chef-virtuves-rinkinys-7-vnt\\\/\",\"url\":\"https:\\\/\\\/kidsplay.lt\\\/produktas\\\/woopie-little-chef-virtuves-rinkinys-7-vnt\\\/\",\"name\":\"WOOPIE \u201eLittle Chef\u201c virtuv\u0117s rinkinys (7 vnt.)\",\"isPartOf\":{\"@id\":\"https:\\\/\\\/kidsplay.lt\\\/#website\"},\"primaryImageOfPage\":{\"@id\":\"https:\\\/\\\/kidsplay.lt\\\/produktas\\\/woopie-little-chef-virtuves-rinkinys-7-vnt\\\/#primaryimage\"},\"image\":{\"@id\":\"https:\\\/\\\/kidsplay.lt\\\/produktas\\\/woopie-little-chef-virtuves-rinkinys-7-vnt\\\/#primaryimage\"},\"thumbnailUrl\":\"https:\\\/\\\/kidsplay.lt\\\/wp-content\\\/uploads\\\/2026\\\/04\\\/WOOPIE-\u201eLittle-Chef-virtuves-rinkinys-7-vnt.jpg\",\"datePublished\":\"2026-04-25T15:30:14+00:00\",\"dateModified\":\"2026-04-27T15:29:55+00:00\",\"description\":\"WOOPIE \u201eLittle Chef\u201c virtuv\u0117s rinkinys (7 vnt.) - KidsPlay. Did\u017eiausias vaik\u0173 \u017eaisl\u0173 pasirinkimas.\",\"breadcrumb\":{\"@id\":\"https:\\\/\\\/kidsplay.lt\\\/produktas\\\/woopie-little-chef-virtuves-rinkinys-7-vnt\\\/#breadcrumb\"},\"inLanguage\":\"lv-LV\",\"potentialAction\":[{\"@type\":\"ReadAction\",\"target\":[\"https:\\\/\\\/kidsplay.lt\\\/produktas\\\/woopie-little-chef-virtuves-rinkinys-7-vnt\\\/\"]}]},{\"@type\":\"ImageObject\",\"inLanguage\":\"lv-LV\",\"@id\":\"https:\\\/\\\/kidsplay.lt\\\/produktas\\\/woopie-little-chef-virtuves-rinkinys-7-vnt\\\/#primaryimage\",\"url\":\"https:\\\/\\\/kidsplay.lt\\\/wp-content\\\/uploads\\\/2026\\\/04\\\/WOOPIE-\u201eLittle-Chef-virtuves-rinkinys-7-vnt.jpg\",\"contentUrl\":\"https:\\\/\\\/kidsplay.lt\\\/wp-content\\\/uploads\\\/2026\\\/04\\\/WOOPIE-\u201eLittle-Chef-virtuves-rinkinys-7-vnt.jpg\",\"width\":2500,\"height\":2500,\"caption\":\"WOOPIE \u201eLittle Chef\u201c virtuv\u0117s rinkinys (7 vnt.)\"},{\"@type\":\"BreadcrumbList\",\"@id\":\"https:\\\/\\\/kidsplay.lt\\\/produktas\\\/woopie-little-chef-virtuves-rinkinys-7-vnt\\\/#breadcrumb\",\"itemListElement\":[{\"@type\":\"ListItem\",\"position\":1,\"name\":\"Pagrindinis\",\"item\":\"https:\\\/\\\/kidsplay.lt\\\/\"},{\"@type\":\"ListItem\",\"position\":2,\"name\":\"Parduotuv\u0117\",\"item\":\"https:\\\/\\\/kidsplay.lt\\\/parduotuve\\\/\"},{\"@type\":\"ListItem\",\"position\":3,\"name\":\"WOOPIE \u201eLittle Chef\u201c virtuv\u0117s rinkinys (7 vnt.)\"}]},{\"@type\":\"WebSite\",\"@id\":\"https:\\\/\\\/kidsplay.lt\\\/#website\",\"url\":\"https:\\\/\\\/kidsplay.lt\\\/\",\"name\":\"Kidsplay.lt\",\"description\":\"\u012evairios prek\u0117s vaikams\",\"publisher\":{\"@id\":\"https:\\\/\\\/kidsplay.lt\\\/#organization\"},\"alternateName\":\"Kidsplay\",\"potentialAction\":[{\"@type\":\"SearchAction\",\"target\":{\"@type\":\"EntryPoint\",\"urlTemplate\":\"https:\\\/\\\/kidsplay.lt\\\/?s={search_term_string}\"},\"query-input\":{\"@type\":\"PropertyValueSpecification\",\"valueRequired\":true,\"valueName\":\"search_term_string\"}}],\"inLanguage\":\"lv-LV\"},{\"@type\":\"Organization\",\"@id\":\"https:\\\/\\\/kidsplay.lt\\\/#organization\",\"name\":\"KidsPlay\",\"url\":\"https:\\\/\\\/kidsplay.lt\\\/\",\"logo\":{\"@type\":\"ImageObject\",\"inLanguage\":\"lv-LV\",\"@id\":\"https:\\\/\\\/kidsplay.lt\\\/#\\\/schema\\\/logo\\\/image\\\/\",\"url\":\"https:\\\/\\\/kidsplay.lt\\\/wp-content\\\/uploads\\\/2023\\\/07\\\/kidsplay-logo.png\",\"contentUrl\":\"https:\\\/\\\/kidsplay.lt\\\/wp-content\\\/uploads\\\/2023\\\/07\\\/kidsplay-logo.png\",\"width\":451,\"height\":98,\"caption\":\"KidsPlay\"},\"image\":{\"@id\":\"https:\\\/\\\/kidsplay.lt\\\/#\\\/schema\\\/logo\\\/image\\\/\"},\"sameAs\":[\"https:\\\/\\\/www.facebook.com\\\/www.kidsplay.lt\"]}]}<\/script>\n<!-- \/ Yoast SEO plugin. -->","yoast_head_json":{"title":"WOOPIE maz\u0101 \u0161efpav\u0101ra virtuves komplekts (7 gab.)","description":"WOOPIE \u201eLittle Chef\u201c virtuv\u0117s rinkinys (7 vnt.) - KidsPlay. Did\u017eiausias vaik\u0173 \u017eaisl\u0173 pasirinkimas.","robots":{"index":"index","follow":"follow","max-snippet":"max-snippet:-1","max-image-preview":"max-image-preview:large","max-video-preview":"max-video-preview:-1"},"canonical":"https:\/\/kidsplay.lt\/lv\/products\/woopie-little-chef-virtuves-rinkinys-7-vnt\/","og_locale":"lv_LV","og_type":"article","og_title":"WOOPIE \u201eLittle Chef\u201c virtuv\u0117s rinkinys (7 vnt.)","og_description":"WOOPIE \u201eLittle Chef\u201c virtuv\u0117s rinkinys (7 vnt.) - KidsPlay. Did\u017eiausias vaik\u0173 \u017eaisl\u0173 pasirinkimas.","og_url":"https:\/\/kidsplay.lt\/lv\/products\/woopie-little-chef-virtuves-rinkinys-7-vnt\/","og_site_name":"KidsPlay","article_publisher":"https:\/\/www.facebook.com\/www.kidsplay.lt","article_modified_time":"2026-04-27T15:29:55+00:00","og_image":[{"width":2500,"height":2500,"url":"https:\/\/kidsplay.lt\/wp-content\/uploads\/2026\/04\/WOOPIE-\u201eLittle-Chef-virtuves-rinkinys-7-vnt.jpg","type":"image\/jpeg"}],"twitter_card":"summary_large_image","twitter_misc":{"Est. reading time":"1 min\u016bte"},"schema":{"@context":"https:\/\/schema.org","@graph":[{"@type":"WebPage","@id":"https:\/\/kidsplay.lt\/produktas\/woopie-little-chef-virtuves-rinkinys-7-vnt\/","url":"https:\/\/kidsplay.lt\/produktas\/woopie-little-chef-virtuves-rinkinys-7-vnt\/","name":"WOOPIE maz\u0101 \u0161efpav\u0101ra virtuves komplekts (7 gab.)","isPartOf":{"@id":"https:\/\/kidsplay.lt\/#website"},"primaryImageOfPage":{"@id":"https:\/\/kidsplay.lt\/produktas\/woopie-little-chef-virtuves-rinkinys-7-vnt\/#primaryimage"},"image":{"@id":"https:\/\/kidsplay.lt\/produktas\/woopie-little-chef-virtuves-rinkinys-7-vnt\/#primaryimage"},"thumbnailUrl":"https:\/\/kidsplay.lt\/wp-content\/uploads\/2026\/04\/WOOPIE-\u201eLittle-Chef-virtuves-rinkinys-7-vnt.jpg","datePublished":"2026-04-25T15:30:14+00:00","dateModified":"2026-04-27T15:29:55+00:00","description":"WOOPIE \u201eLittle Chef\u201c virtuv\u0117s rinkinys (7 vnt.) - KidsPlay. Did\u017eiausias vaik\u0173 \u017eaisl\u0173 pasirinkimas.","breadcrumb":{"@id":"https:\/\/kidsplay.lt\/produktas\/woopie-little-chef-virtuves-rinkinys-7-vnt\/#breadcrumb"},"inLanguage":"lv-LV","potentialAction":[{"@type":"ReadAction","target":["https:\/\/kidsplay.lt\/produktas\/woopie-little-chef-virtuves-rinkinys-7-vnt\/"]}]},{"@type":"ImageObject","inLanguage":"lv-LV","@id":"https:\/\/kidsplay.lt\/produktas\/woopie-little-chef-virtuves-rinkinys-7-vnt\/#primaryimage","url":"https:\/\/kidsplay.lt\/wp-content\/uploads\/2026\/04\/WOOPIE-\u201eLittle-Chef-virtuves-rinkinys-7-vnt.jpg","contentUrl":"https:\/\/kidsplay.lt\/wp-content\/uploads\/2026\/04\/WOOPIE-\u201eLittle-Chef-virtuves-rinkinys-7-vnt.jpg","width":2500,"height":2500,"caption":"WOOPIE \u201eLittle Chef\u201c virtuv\u0117s rinkinys (7 vnt.)"},{"@type":"BreadcrumbList","@id":"https:\/\/kidsplay.lt\/produktas\/woopie-little-chef-virtuves-rinkinys-7-vnt\/#breadcrumb","itemListElement":[{"@type":"ListItem","position":1,"name":"Pagrindinis","item":"https:\/\/kidsplay.lt\/"},{"@type":"ListItem","position":2,"name":"Parduotuv\u0117","item":"https:\/\/kidsplay.lt\/parduotuve\/"},{"@type":"ListItem","position":3,"name":"WOOPIE \u201eLittle Chef\u201c virtuv\u0117s rinkinys (7 vnt.)"}]},{"@type":"WebSite","@id":"https:\/\/kidsplay.lt\/#website","url":"https:\/\/kidsplay.lt\/","name":"B\u0113rnu sp\u0113les.lv","description":"\u012evairios prek\u0117s vaikams","publisher":{"@id":"https:\/\/kidsplay.lt\/#organization"},"alternateName":"Kidsplay","potentialAction":[{"@type":"SearchAction","target":{"@type":"EntryPoint","urlTemplate":"https:\/\/kidsplay.lt\/?s={search_term_string}"},"query-input":{"@type":"PropertyValueSpecification","valueRequired":true,"valueName":"search_term_string"}}],"inLanguage":"lv-LV"},{"@type":"Organization","@id":"https:\/\/kidsplay.lt\/#organization","name":"B\u0113rnu sp\u0113le","url":"https:\/\/kidsplay.lt\/","logo":{"@type":"ImageObject","inLanguage":"lv-LV","@id":"https:\/\/kidsplay.lt\/#\/schema\/logo\/image\/","url":"https:\/\/kidsplay.lt\/wp-content\/uploads\/2023\/07\/kidsplay-logo.png","contentUrl":"https:\/\/kidsplay.lt\/wp-content\/uploads\/2023\/07\/kidsplay-logo.png","width":451,"height":98,"caption":"KidsPlay"},"image":{"@id":"https:\/\/kidsplay.lt\/#\/schema\/logo\/image\/"},"sameAs":["https:\/\/www.facebook.com\/www.kidsplay.lt"]}]}},"_links":{"self":[{"href":"https:\/\/kidsplay.lt\/lv\/wp-json\/wp\/v2\/product\/108904","targetHints":{"allow":["GET"]}}],"collection":[{"href":"https:\/\/kidsplay.lt\/lv\/wp-json\/wp\/v2\/product"}],"about":[{"href":"https:\/\/kidsplay.lt\/lv\/wp-json\/wp\/v2\/types\/product"}],"version-history":[{"count":1,"href":"https:\/\/kidsplay.lt\/lv\/wp-json\/wp\/v2\/product\/108904\/revisions"}],"predecessor-version":[{"id":108905,"href":"https:\/\/kidsplay.lt\/lv\/wp-json\/wp\/v2\/product\/108904\/revisions\/108905"}],"wp:featuredmedia":[{"embeddable":true,"href":"https:\/\/kidsplay.lt\/lv\/wp-json\/wp\/v2\/media\/108906"}],"wp:attachment":[{"href":"https:\/\/kidsplay.lt\/lv\/wp-json\/wp\/v2\/media?parent=108904"}],"wp:term":[{"taxonomy":"product_brand","embeddable":true,"href":"https:\/\/kidsplay.lt\/lv\/wp-json\/wp\/v2\/product_brand?post=108904"},{"taxonomy":"product_cat","embeddable":true,"href":"https:\/\/kidsplay.lt\/lv\/wp-json\/wp\/v2\/product_cat?post=108904"},{"taxonomy":"product_tag","embeddable":true,"href":"https:\/\/kidsplay.lt\/lv\/wp-json\/wp\/v2\/product_tag?post=108904"}],"curies":[{"name":"wp","href":"https:\/\/api.w.org\/{rel}","templated":true}]}}