{"id":108918,"date":"2026-04-25T18:30:46","date_gmt":"2026-04-25T15:30:46","guid":{"rendered":"https:\/\/kidsplay.lt\/produktas\/viga-mediniai-veriami-raisiojami-kaladeliu-blokai-piratai\/"},"modified":"2026-04-27T18:29:56","modified_gmt":"2026-04-27T15:29:56","slug":"viga-mediniai-veriami-raisiojami-kaladeliu-blokai-piratai","status":"publish","type":"product","link":"https:\/\/kidsplay.lt\/lv\/products\/viga-mediniai-veriami-raisiojami-kaladeliu-blokai-piratai\/","title":{"rendered":"VIGA koka savilc\u0113jamie kluc\u012b\u0161i &quot;Pir\u0101ti&quot;\u201e"},"content":{"rendered":"<p>VIGA spalvingi veriami blokai skatina vaik\u0105 \u017eaisti ir mokytis vienu metu. Kiekviena i\u0161 12 detali\u0173 yra kruop\u0161\u010diai nuda\u017eyta i\u0161 abiej\u0173 pusi\u0173. Rinkinyje yra virvel\u0117 su mediniu antgaliu, leid\u017eianti vaikui verti kalad\u0117les bet kokia tvarka. Pirat\u0173 tema \u2013 laivas, lobiai ir persona\u017eai \u2013 paver\u010dia \u017eaidim\u0105 tikra lobi\u0173 paie\u0161kos istorija.<br \/>\nRaksturojums:<\/p>\n<p> \trinkin\u012f sudaro 12 element\u0173: kompasas, lobio skrynia, patranka, piratas, pirat\u0173 laivas, kapitono fig\u016br\u0117l\u0117, gelb\u0117jimosi ratas, \u0161vyturys, pap\u016bga, vairas, \u017eem\u0117lapis su keliu iki lobio ir banginis,<br \/>\n \tkomplekte yra virvel\u0117 su mediniu v\u0117rimo antgaliu,<br \/>\n \tsupakuota d\u0117\u017eut\u0117je su magnetiniu u\u017edarymu,<br \/>\n \tpagaminta i\u0161 lakuotos medienos,<br \/>\n \tda\u017eyta netoksi\u0161kais, ry\u0161kiais da\u017eais.<\/p>","protected":false},"excerpt":{"rendered":"<p>VIGA spalvingi veriami blokai skatina vaik\u0105 \u017eaisti ir mokytis vienu metu. Kiekviena i\u0161 12 detali\u0173 yra kruop\u0161\u010diai nuda\u017eyta i\u0161 abiej\u0173<\/p>","protected":false},"featured_media":108920,"template":"","meta":{"_acf_changed":false,"_glsr_average":0,"_glsr_ranking":0,"_glsr_reviews":0},"product_brand":[],"product_cat":[397,883],"product_tag":[],"class_list":{"0":"post-108918","1":"product","2":"type-product","3":"status-publish","4":"has-post-thumbnail","6":"product_cat-medines-deliones-mediniai-zaislai","7":"product_cat-mediniai-zaislai-2","8":"\"style=\"background-color: #2ecc711c;\"","10":"first","11":"instock","12":"purchasable","13":"product-type-simple"},"acf":[],"yoast_head":"<!-- This site is optimized with the Yoast SEO plugin v27.4 - https:\/\/yoast.com\/product\/yoast-seo-wordpress\/ -->\n<title>VIGA mediniai veriami (rai\u0161iojami) kalad\u0117li\u0173 blokai \u201ePiratai\u201c<\/title>\n<meta name=\"description\" content=\"VIGA mediniai veriami (rai\u0161iojami) kalad\u0117li\u0173 blokai \u201ePiratai\u201c - KidsPlay. Did\u017eiausias vaik\u0173 \u017eaisl\u0173 pasirinkimas.\" \/>\n<meta name=\"robots\" content=\"index, follow, max-snippet:-1, max-image-preview:large, max-video-preview:-1\" \/>\n<link rel=\"canonical\" href=\"https:\/\/kidsplay.lt\/lv\/products\/viga-mediniai-veriami-raisiojami-kaladeliu-blokai-piratai\/\" \/>\n<meta property=\"og:locale\" content=\"lv_LV\" \/>\n<meta property=\"og:type\" content=\"article\" \/>\n<meta property=\"og:title\" content=\"VIGA mediniai veriami (rai\u0161iojami) kalad\u0117li\u0173 blokai \u201ePiratai\u201c\" \/>\n<meta property=\"og:description\" content=\"VIGA mediniai veriami (rai\u0161iojami) kalad\u0117li\u0173 blokai \u201ePiratai\u201c - KidsPlay. Did\u017eiausias vaik\u0173 \u017eaisl\u0173 pasirinkimas.\" \/>\n<meta property=\"og:url\" content=\"https:\/\/kidsplay.lt\/lv\/products\/viga-mediniai-veriami-raisiojami-kaladeliu-blokai-piratai\/\" \/>\n<meta property=\"og:site_name\" content=\"KidsPlay\" \/>\n<meta property=\"article:publisher\" content=\"https:\/\/www.facebook.com\/www.kidsplay.lt\" \/>\n<meta property=\"article:modified_time\" content=\"2026-04-27T15:29:56+00:00\" \/>\n<meta property=\"og:image\" content=\"https:\/\/kidsplay.lt\/wp-content\/uploads\/2026\/04\/VIGA-mediniai-veriami-raisiojami-kaladeliu-blokai-\u201ePiratai.jpg\" \/>\n\t<meta property=\"og:image:width\" content=\"2560\" \/>\n\t<meta property=\"og:image:height\" content=\"2560\" \/>\n\t<meta property=\"og:image:type\" content=\"image\/jpeg\" \/>\n<meta name=\"twitter:card\" content=\"summary_large_image\" \/>\n<meta name=\"twitter:label1\" content=\"Est. reading time\" \/>\n\t<meta name=\"twitter:data1\" content=\"1 min\u016bte\" \/>\n<script type=\"application\/ld+json\" class=\"yoast-schema-graph\">{\"@context\":\"https:\\\/\\\/schema.org\",\"@graph\":[{\"@type\":\"WebPage\",\"@id\":\"https:\\\/\\\/kidsplay.lt\\\/produktas\\\/viga-mediniai-veriami-raisiojami-kaladeliu-blokai-piratai\\\/\",\"url\":\"https:\\\/\\\/kidsplay.lt\\\/produktas\\\/viga-mediniai-veriami-raisiojami-kaladeliu-blokai-piratai\\\/\",\"name\":\"VIGA mediniai veriami (rai\u0161iojami) kalad\u0117li\u0173 blokai \u201ePiratai\u201c\",\"isPartOf\":{\"@id\":\"https:\\\/\\\/kidsplay.lt\\\/#website\"},\"primaryImageOfPage\":{\"@id\":\"https:\\\/\\\/kidsplay.lt\\\/produktas\\\/viga-mediniai-veriami-raisiojami-kaladeliu-blokai-piratai\\\/#primaryimage\"},\"image\":{\"@id\":\"https:\\\/\\\/kidsplay.lt\\\/produktas\\\/viga-mediniai-veriami-raisiojami-kaladeliu-blokai-piratai\\\/#primaryimage\"},\"thumbnailUrl\":\"https:\\\/\\\/kidsplay.lt\\\/wp-content\\\/uploads\\\/2026\\\/04\\\/VIGA-mediniai-veriami-raisiojami-kaladeliu-blokai-\u201ePiratai.jpg\",\"datePublished\":\"2026-04-25T15:30:46+00:00\",\"dateModified\":\"2026-04-27T15:29:56+00:00\",\"description\":\"VIGA mediniai veriami (rai\u0161iojami) kalad\u0117li\u0173 blokai \u201ePiratai\u201c - KidsPlay. Did\u017eiausias vaik\u0173 \u017eaisl\u0173 pasirinkimas.\",\"breadcrumb\":{\"@id\":\"https:\\\/\\\/kidsplay.lt\\\/produktas\\\/viga-mediniai-veriami-raisiojami-kaladeliu-blokai-piratai\\\/#breadcrumb\"},\"inLanguage\":\"lv-LV\",\"potentialAction\":[{\"@type\":\"ReadAction\",\"target\":[\"https:\\\/\\\/kidsplay.lt\\\/produktas\\\/viga-mediniai-veriami-raisiojami-kaladeliu-blokai-piratai\\\/\"]}]},{\"@type\":\"ImageObject\",\"inLanguage\":\"lv-LV\",\"@id\":\"https:\\\/\\\/kidsplay.lt\\\/produktas\\\/viga-mediniai-veriami-raisiojami-kaladeliu-blokai-piratai\\\/#primaryimage\",\"url\":\"https:\\\/\\\/kidsplay.lt\\\/wp-content\\\/uploads\\\/2026\\\/04\\\/VIGA-mediniai-veriami-raisiojami-kaladeliu-blokai-\u201ePiratai.jpg\",\"contentUrl\":\"https:\\\/\\\/kidsplay.lt\\\/wp-content\\\/uploads\\\/2026\\\/04\\\/VIGA-mediniai-veriami-raisiojami-kaladeliu-blokai-\u201ePiratai.jpg\",\"width\":2560,\"height\":2560,\"caption\":\"VIGA mediniai veriami (rai\u0161iojami) kalad\u0117li\u0173 blokai \u201ePiratai\u201c\"},{\"@type\":\"BreadcrumbList\",\"@id\":\"https:\\\/\\\/kidsplay.lt\\\/produktas\\\/viga-mediniai-veriami-raisiojami-kaladeliu-blokai-piratai\\\/#breadcrumb\",\"itemListElement\":[{\"@type\":\"ListItem\",\"position\":1,\"name\":\"Pagrindinis\",\"item\":\"https:\\\/\\\/kidsplay.lt\\\/\"},{\"@type\":\"ListItem\",\"position\":2,\"name\":\"Parduotuv\u0117\",\"item\":\"https:\\\/\\\/kidsplay.lt\\\/parduotuve\\\/\"},{\"@type\":\"ListItem\",\"position\":3,\"name\":\"VIGA mediniai veriami (rai\u0161iojami) kalad\u0117li\u0173 blokai \u201ePiratai\u201c\"}]},{\"@type\":\"WebSite\",\"@id\":\"https:\\\/\\\/kidsplay.lt\\\/#website\",\"url\":\"https:\\\/\\\/kidsplay.lt\\\/\",\"name\":\"Kidsplay.lt\",\"description\":\"\u012evairios prek\u0117s vaikams\",\"publisher\":{\"@id\":\"https:\\\/\\\/kidsplay.lt\\\/#organization\"},\"alternateName\":\"Kidsplay\",\"potentialAction\":[{\"@type\":\"SearchAction\",\"target\":{\"@type\":\"EntryPoint\",\"urlTemplate\":\"https:\\\/\\\/kidsplay.lt\\\/?s={search_term_string}\"},\"query-input\":{\"@type\":\"PropertyValueSpecification\",\"valueRequired\":true,\"valueName\":\"search_term_string\"}}],\"inLanguage\":\"lv-LV\"},{\"@type\":\"Organization\",\"@id\":\"https:\\\/\\\/kidsplay.lt\\\/#organization\",\"name\":\"KidsPlay\",\"url\":\"https:\\\/\\\/kidsplay.lt\\\/\",\"logo\":{\"@type\":\"ImageObject\",\"inLanguage\":\"lv-LV\",\"@id\":\"https:\\\/\\\/kidsplay.lt\\\/#\\\/schema\\\/logo\\\/image\\\/\",\"url\":\"https:\\\/\\\/kidsplay.lt\\\/wp-content\\\/uploads\\\/2023\\\/07\\\/kidsplay-logo.png\",\"contentUrl\":\"https:\\\/\\\/kidsplay.lt\\\/wp-content\\\/uploads\\\/2023\\\/07\\\/kidsplay-logo.png\",\"width\":451,\"height\":98,\"caption\":\"KidsPlay\"},\"image\":{\"@id\":\"https:\\\/\\\/kidsplay.lt\\\/#\\\/schema\\\/logo\\\/image\\\/\"},\"sameAs\":[\"https:\\\/\\\/www.facebook.com\\\/www.kidsplay.lt\"]}]}<\/script>\n<!-- \/ Yoast SEO plugin. -->","yoast_head_json":{"title":"VIGA koka savilc\u0113jamie kluc\u012b\u0161i &quot;Pir\u0101ti&quot;\u201e","description":"VIGA mediniai veriami (rai\u0161iojami) kalad\u0117li\u0173 blokai \u201ePiratai\u201c - KidsPlay. Did\u017eiausias vaik\u0173 \u017eaisl\u0173 pasirinkimas.","robots":{"index":"index","follow":"follow","max-snippet":"max-snippet:-1","max-image-preview":"max-image-preview:large","max-video-preview":"max-video-preview:-1"},"canonical":"https:\/\/kidsplay.lt\/lv\/products\/viga-mediniai-veriami-raisiojami-kaladeliu-blokai-piratai\/","og_locale":"lv_LV","og_type":"article","og_title":"VIGA mediniai veriami (rai\u0161iojami) kalad\u0117li\u0173 blokai \u201ePiratai\u201c","og_description":"VIGA mediniai veriami (rai\u0161iojami) kalad\u0117li\u0173 blokai \u201ePiratai\u201c - KidsPlay. Did\u017eiausias vaik\u0173 \u017eaisl\u0173 pasirinkimas.","og_url":"https:\/\/kidsplay.lt\/lv\/products\/viga-mediniai-veriami-raisiojami-kaladeliu-blokai-piratai\/","og_site_name":"KidsPlay","article_publisher":"https:\/\/www.facebook.com\/www.kidsplay.lt","article_modified_time":"2026-04-27T15:29:56+00:00","og_image":[{"width":2560,"height":2560,"url":"https:\/\/kidsplay.lt\/wp-content\/uploads\/2026\/04\/VIGA-mediniai-veriami-raisiojami-kaladeliu-blokai-\u201ePiratai.jpg","type":"image\/jpeg"}],"twitter_card":"summary_large_image","twitter_misc":{"Est. reading time":"1 min\u016bte"},"schema":{"@context":"https:\/\/schema.org","@graph":[{"@type":"WebPage","@id":"https:\/\/kidsplay.lt\/produktas\/viga-mediniai-veriami-raisiojami-kaladeliu-blokai-piratai\/","url":"https:\/\/kidsplay.lt\/produktas\/viga-mediniai-veriami-raisiojami-kaladeliu-blokai-piratai\/","name":"VIGA koka savilc\u0113jamie kluc\u012b\u0161i &quot;Pir\u0101ti&quot;\u201e","isPartOf":{"@id":"https:\/\/kidsplay.lt\/#website"},"primaryImageOfPage":{"@id":"https:\/\/kidsplay.lt\/produktas\/viga-mediniai-veriami-raisiojami-kaladeliu-blokai-piratai\/#primaryimage"},"image":{"@id":"https:\/\/kidsplay.lt\/produktas\/viga-mediniai-veriami-raisiojami-kaladeliu-blokai-piratai\/#primaryimage"},"thumbnailUrl":"https:\/\/kidsplay.lt\/wp-content\/uploads\/2026\/04\/VIGA-mediniai-veriami-raisiojami-kaladeliu-blokai-\u201ePiratai.jpg","datePublished":"2026-04-25T15:30:46+00:00","dateModified":"2026-04-27T15:29:56+00:00","description":"VIGA mediniai veriami (rai\u0161iojami) kalad\u0117li\u0173 blokai \u201ePiratai\u201c - KidsPlay. Did\u017eiausias vaik\u0173 \u017eaisl\u0173 pasirinkimas.","breadcrumb":{"@id":"https:\/\/kidsplay.lt\/produktas\/viga-mediniai-veriami-raisiojami-kaladeliu-blokai-piratai\/#breadcrumb"},"inLanguage":"lv-LV","potentialAction":[{"@type":"ReadAction","target":["https:\/\/kidsplay.lt\/produktas\/viga-mediniai-veriami-raisiojami-kaladeliu-blokai-piratai\/"]}]},{"@type":"ImageObject","inLanguage":"lv-LV","@id":"https:\/\/kidsplay.lt\/produktas\/viga-mediniai-veriami-raisiojami-kaladeliu-blokai-piratai\/#primaryimage","url":"https:\/\/kidsplay.lt\/wp-content\/uploads\/2026\/04\/VIGA-mediniai-veriami-raisiojami-kaladeliu-blokai-\u201ePiratai.jpg","contentUrl":"https:\/\/kidsplay.lt\/wp-content\/uploads\/2026\/04\/VIGA-mediniai-veriami-raisiojami-kaladeliu-blokai-\u201ePiratai.jpg","width":2560,"height":2560,"caption":"VIGA mediniai veriami (rai\u0161iojami) kalad\u0117li\u0173 blokai \u201ePiratai\u201c"},{"@type":"BreadcrumbList","@id":"https:\/\/kidsplay.lt\/produktas\/viga-mediniai-veriami-raisiojami-kaladeliu-blokai-piratai\/#breadcrumb","itemListElement":[{"@type":"ListItem","position":1,"name":"Pagrindinis","item":"https:\/\/kidsplay.lt\/"},{"@type":"ListItem","position":2,"name":"Parduotuv\u0117","item":"https:\/\/kidsplay.lt\/parduotuve\/"},{"@type":"ListItem","position":3,"name":"VIGA mediniai veriami (rai\u0161iojami) kalad\u0117li\u0173 blokai \u201ePiratai\u201c"}]},{"@type":"WebSite","@id":"https:\/\/kidsplay.lt\/#website","url":"https:\/\/kidsplay.lt\/","name":"B\u0113rnu sp\u0113les.lv","description":"\u012evairios prek\u0117s vaikams","publisher":{"@id":"https:\/\/kidsplay.lt\/#organization"},"alternateName":"Kidsplay","potentialAction":[{"@type":"SearchAction","target":{"@type":"EntryPoint","urlTemplate":"https:\/\/kidsplay.lt\/?s={search_term_string}"},"query-input":{"@type":"PropertyValueSpecification","valueRequired":true,"valueName":"search_term_string"}}],"inLanguage":"lv-LV"},{"@type":"Organization","@id":"https:\/\/kidsplay.lt\/#organization","name":"B\u0113rnu sp\u0113le","url":"https:\/\/kidsplay.lt\/","logo":{"@type":"ImageObject","inLanguage":"lv-LV","@id":"https:\/\/kidsplay.lt\/#\/schema\/logo\/image\/","url":"https:\/\/kidsplay.lt\/wp-content\/uploads\/2023\/07\/kidsplay-logo.png","contentUrl":"https:\/\/kidsplay.lt\/wp-content\/uploads\/2023\/07\/kidsplay-logo.png","width":451,"height":98,"caption":"KidsPlay"},"image":{"@id":"https:\/\/kidsplay.lt\/#\/schema\/logo\/image\/"},"sameAs":["https:\/\/www.facebook.com\/www.kidsplay.lt"]}]}},"_links":{"self":[{"href":"https:\/\/kidsplay.lt\/lv\/wp-json\/wp\/v2\/product\/108918","targetHints":{"allow":["GET"]}}],"collection":[{"href":"https:\/\/kidsplay.lt\/lv\/wp-json\/wp\/v2\/product"}],"about":[{"href":"https:\/\/kidsplay.lt\/lv\/wp-json\/wp\/v2\/types\/product"}],"version-history":[{"count":1,"href":"https:\/\/kidsplay.lt\/lv\/wp-json\/wp\/v2\/product\/108918\/revisions"}],"predecessor-version":[{"id":108919,"href":"https:\/\/kidsplay.lt\/lv\/wp-json\/wp\/v2\/product\/108918\/revisions\/108919"}],"wp:featuredmedia":[{"embeddable":true,"href":"https:\/\/kidsplay.lt\/lv\/wp-json\/wp\/v2\/media\/108920"}],"wp:attachment":[{"href":"https:\/\/kidsplay.lt\/lv\/wp-json\/wp\/v2\/media?parent=108918"}],"wp:term":[{"taxonomy":"product_brand","embeddable":true,"href":"https:\/\/kidsplay.lt\/lv\/wp-json\/wp\/v2\/product_brand?post=108918"},{"taxonomy":"product_cat","embeddable":true,"href":"https:\/\/kidsplay.lt\/lv\/wp-json\/wp\/v2\/product_cat?post=108918"},{"taxonomy":"product_tag","embeddable":true,"href":"https:\/\/kidsplay.lt\/lv\/wp-json\/wp\/v2\/product_tag?post=108918"}],"curies":[{"name":"wp","href":"https:\/\/api.w.org\/{rel}","templated":true}]}}