{"id":108937,"date":"2026-04-26T18:30:00","date_gmt":"2026-04-26T15:30:00","guid":{"rendered":"https:\/\/kidsplay.lt\/produktas\/viga-dvipuse-medine-magnetine-kreidines-lentos-sistema-su-priedais\/"},"modified":"2026-04-27T18:29:56","modified_gmt":"2026-04-27T15:29:56","slug":"viga-dvipuse-medine-magnetine-kreidines-lentos-sistema-su-priedais","status":"publish","type":"product","link":"https:\/\/kidsplay.lt\/lv\/products\/viga-dvipuse-medine-magnetine-kreidines-lentos-sistema-su-priedais\/","title":{"rendered":"VIGA dvipus\u0117 medin\u0117 magnetin\u0117 kreidin\u0117s lentos sistema su priedais"},"content":{"rendered":"<p>VIGA dvipus\u0117 medin\u0117 lenta yra tikras ma\u017eojo menininko ir b\u016bsimo mokinio \u201evaldymo centras\u201c. Pagaminta i\u0161 nat\u016bralios medienos, ji suteikia saug\u0173 ir k\u016brybi\u0161k\u0105 \u017eaidim\u0105 vaiko kambaryje.<br \/>\nViena pus\u0117 yra klasikin\u0117 kreidin\u0117 lenta, kita \u2013 magnetin\u0117 ir skirta ra\u0161ymui ar k\u016brybai su priedais. Tai puikus derinys tarp \u017eaidimo ir mokymosi \u2013 vaikas gali pie\u0161ti, ra\u0161yti, d\u0117lioti magnetinius \u017eod\u017eius ar skai\u010dius.<br \/>\nRaksturojums:<\/p>\n<p> \t\u017eaislas vaikams nuo 3 met\u0173,<br \/>\n \tpagamintas i\u0161 auk\u0161tos kokyb\u0117s med\u017eio, u\u017etikrinan\u010dio stabilum\u0105,<br \/>\n \tviena pus\u0117 \u2013 kreidin\u0117 lenta, kita \u2013 magnetin\u0117 \/ ra\u0161ymo pavir\u0161ius,<br \/>\n \tu\u017eapvalinti kra\u0161tai ir netoksi\u0161ki da\u017eai u\u017etikrina saugum\u0105,<br \/>\n \tpatogi lentyn\u0117l\u0117 priedams laikyti,<br \/>\n \tklasikinis, esteti\u0161kas dizainas tinkantis bet kokiam interjerui.<\/p>\n<p>Komplekt\u0101 ietilpst:<\/p>\n<p> \tdvipus\u0117 lenta su mediniu r\u0117mu ir lentyn\u0117le,<br \/>\n \tspalvotos kreidel\u0117s,<br \/>\n \tsauso valymo markeris su kempin\u0117le,<br \/>\n \tkempin\u0117l\u0117 kreidai trinti.<\/p>","protected":false},"excerpt":{"rendered":"<p>VIGA dvipus\u0117 medin\u0117 lenta yra tikras ma\u017eojo menininko ir b\u016bsimo mokinio \u201evaldymo centras\u201c. Pagaminta i\u0161 nat\u016bralios medienos, ji suteikia saug\u0173<\/p>","protected":false},"featured_media":108939,"template":"","meta":{"_acf_changed":false,"_glsr_average":0,"_glsr_ranking":0,"_glsr_reviews":0},"product_brand":[],"product_cat":[72],"product_tag":[],"class_list":{"0":"post-108937","1":"product","2":"type-product","3":"status-publish","4":"has-post-thumbnail","6":"product_cat-ispardavimas","7":"\"style=\"background-color: #2ecc711c;\"","9":"first","10":"instock","11":"purchasable","12":"product-type-simple"},"acf":[],"yoast_head":"<!-- This site is optimized with the Yoast SEO plugin v27.4 - https:\/\/yoast.com\/product\/yoast-seo-wordpress\/ -->\n<title>VIGA dvipus\u0117 medin\u0117 magnetin\u0117 kreidin\u0117s lentos sistema su priedais<\/title>\n<meta name=\"description\" content=\"VIGA dvipus\u0117 medin\u0117 magnetin\u0117 kreidin\u0117s lentos sistema su priedais - KidsPlay. Did\u017eiausias vaik\u0173 \u017eaisl\u0173 pasirinkimas.\" \/>\n<meta name=\"robots\" content=\"index, follow, max-snippet:-1, max-image-preview:large, max-video-preview:-1\" \/>\n<link rel=\"canonical\" href=\"https:\/\/kidsplay.lt\/lv\/products\/viga-dvipuse-medine-magnetine-kreidines-lentos-sistema-su-priedais\/\" \/>\n<meta property=\"og:locale\" content=\"lv_LV\" \/>\n<meta property=\"og:type\" content=\"article\" \/>\n<meta property=\"og:title\" content=\"VIGA dvipus\u0117 medin\u0117 magnetin\u0117 kreidin\u0117s lentos sistema su priedais\" \/>\n<meta property=\"og:description\" content=\"VIGA dvipus\u0117 medin\u0117 magnetin\u0117 kreidin\u0117s lentos sistema su priedais - KidsPlay. Did\u017eiausias vaik\u0173 \u017eaisl\u0173 pasirinkimas.\" \/>\n<meta property=\"og:url\" content=\"https:\/\/kidsplay.lt\/lv\/products\/viga-dvipuse-medine-magnetine-kreidines-lentos-sistema-su-priedais\/\" \/>\n<meta property=\"og:site_name\" content=\"KidsPlay\" \/>\n<meta property=\"article:publisher\" content=\"https:\/\/www.facebook.com\/www.kidsplay.lt\" \/>\n<meta property=\"article:modified_time\" content=\"2026-04-27T15:29:56+00:00\" \/>\n<meta property=\"og:image\" content=\"https:\/\/kidsplay.lt\/wp-content\/uploads\/2026\/04\/VIGA-dvipuse-medine-magnetine-kreidines-lentos-sistema-su-priedais.jpg\" \/>\n\t<meta property=\"og:image:width\" content=\"2560\" \/>\n\t<meta property=\"og:image:height\" content=\"2560\" \/>\n\t<meta property=\"og:image:type\" content=\"image\/jpeg\" \/>\n<meta name=\"twitter:card\" content=\"summary_large_image\" \/>\n<meta name=\"twitter:label1\" content=\"Est. reading time\" \/>\n\t<meta name=\"twitter:data1\" content=\"1 min\u016bte\" \/>\n<script type=\"application\/ld+json\" class=\"yoast-schema-graph\">{\"@context\":\"https:\\\/\\\/schema.org\",\"@graph\":[{\"@type\":\"WebPage\",\"@id\":\"https:\\\/\\\/kidsplay.lt\\\/produktas\\\/viga-dvipuse-medine-magnetine-kreidines-lentos-sistema-su-priedais\\\/\",\"url\":\"https:\\\/\\\/kidsplay.lt\\\/produktas\\\/viga-dvipuse-medine-magnetine-kreidines-lentos-sistema-su-priedais\\\/\",\"name\":\"VIGA dvipus\u0117 medin\u0117 magnetin\u0117 kreidin\u0117s lentos sistema su priedais\",\"isPartOf\":{\"@id\":\"https:\\\/\\\/kidsplay.lt\\\/#website\"},\"primaryImageOfPage\":{\"@id\":\"https:\\\/\\\/kidsplay.lt\\\/produktas\\\/viga-dvipuse-medine-magnetine-kreidines-lentos-sistema-su-priedais\\\/#primaryimage\"},\"image\":{\"@id\":\"https:\\\/\\\/kidsplay.lt\\\/produktas\\\/viga-dvipuse-medine-magnetine-kreidines-lentos-sistema-su-priedais\\\/#primaryimage\"},\"thumbnailUrl\":\"https:\\\/\\\/kidsplay.lt\\\/wp-content\\\/uploads\\\/2026\\\/04\\\/VIGA-dvipuse-medine-magnetine-kreidines-lentos-sistema-su-priedais.jpg\",\"datePublished\":\"2026-04-26T15:30:00+00:00\",\"dateModified\":\"2026-04-27T15:29:56+00:00\",\"description\":\"VIGA dvipus\u0117 medin\u0117 magnetin\u0117 kreidin\u0117s lentos sistema su priedais - KidsPlay. Did\u017eiausias vaik\u0173 \u017eaisl\u0173 pasirinkimas.\",\"breadcrumb\":{\"@id\":\"https:\\\/\\\/kidsplay.lt\\\/produktas\\\/viga-dvipuse-medine-magnetine-kreidines-lentos-sistema-su-priedais\\\/#breadcrumb\"},\"inLanguage\":\"lv-LV\",\"potentialAction\":[{\"@type\":\"ReadAction\",\"target\":[\"https:\\\/\\\/kidsplay.lt\\\/produktas\\\/viga-dvipuse-medine-magnetine-kreidines-lentos-sistema-su-priedais\\\/\"]}]},{\"@type\":\"ImageObject\",\"inLanguage\":\"lv-LV\",\"@id\":\"https:\\\/\\\/kidsplay.lt\\\/produktas\\\/viga-dvipuse-medine-magnetine-kreidines-lentos-sistema-su-priedais\\\/#primaryimage\",\"url\":\"https:\\\/\\\/kidsplay.lt\\\/wp-content\\\/uploads\\\/2026\\\/04\\\/VIGA-dvipuse-medine-magnetine-kreidines-lentos-sistema-su-priedais.jpg\",\"contentUrl\":\"https:\\\/\\\/kidsplay.lt\\\/wp-content\\\/uploads\\\/2026\\\/04\\\/VIGA-dvipuse-medine-magnetine-kreidines-lentos-sistema-su-priedais.jpg\",\"width\":2560,\"height\":2560,\"caption\":\"VIGA dvipus\u0117 medin\u0117 magnetin\u0117 kreidin\u0117s lentos sistema su priedais\"},{\"@type\":\"BreadcrumbList\",\"@id\":\"https:\\\/\\\/kidsplay.lt\\\/produktas\\\/viga-dvipuse-medine-magnetine-kreidines-lentos-sistema-su-priedais\\\/#breadcrumb\",\"itemListElement\":[{\"@type\":\"ListItem\",\"position\":1,\"name\":\"Pagrindinis\",\"item\":\"https:\\\/\\\/kidsplay.lt\\\/\"},{\"@type\":\"ListItem\",\"position\":2,\"name\":\"Parduotuv\u0117\",\"item\":\"https:\\\/\\\/kidsplay.lt\\\/parduotuve\\\/\"},{\"@type\":\"ListItem\",\"position\":3,\"name\":\"VIGA dvipus\u0117 medin\u0117 magnetin\u0117 kreidin\u0117s lentos sistema su priedais\"}]},{\"@type\":\"WebSite\",\"@id\":\"https:\\\/\\\/kidsplay.lt\\\/#website\",\"url\":\"https:\\\/\\\/kidsplay.lt\\\/\",\"name\":\"Kidsplay.lt\",\"description\":\"\u012evairios prek\u0117s vaikams\",\"publisher\":{\"@id\":\"https:\\\/\\\/kidsplay.lt\\\/#organization\"},\"alternateName\":\"Kidsplay\",\"potentialAction\":[{\"@type\":\"SearchAction\",\"target\":{\"@type\":\"EntryPoint\",\"urlTemplate\":\"https:\\\/\\\/kidsplay.lt\\\/?s={search_term_string}\"},\"query-input\":{\"@type\":\"PropertyValueSpecification\",\"valueRequired\":true,\"valueName\":\"search_term_string\"}}],\"inLanguage\":\"lv-LV\"},{\"@type\":\"Organization\",\"@id\":\"https:\\\/\\\/kidsplay.lt\\\/#organization\",\"name\":\"KidsPlay\",\"url\":\"https:\\\/\\\/kidsplay.lt\\\/\",\"logo\":{\"@type\":\"ImageObject\",\"inLanguage\":\"lv-LV\",\"@id\":\"https:\\\/\\\/kidsplay.lt\\\/#\\\/schema\\\/logo\\\/image\\\/\",\"url\":\"https:\\\/\\\/kidsplay.lt\\\/wp-content\\\/uploads\\\/2023\\\/07\\\/kidsplay-logo.png\",\"contentUrl\":\"https:\\\/\\\/kidsplay.lt\\\/wp-content\\\/uploads\\\/2023\\\/07\\\/kidsplay-logo.png\",\"width\":451,\"height\":98,\"caption\":\"KidsPlay\"},\"image\":{\"@id\":\"https:\\\/\\\/kidsplay.lt\\\/#\\\/schema\\\/logo\\\/image\\\/\"},\"sameAs\":[\"https:\\\/\\\/www.facebook.com\\\/www.kidsplay.lt\"]}]}<\/script>\n<!-- \/ Yoast SEO plugin. -->","yoast_head_json":{"title":"VIGA dvipus\u0117 medin\u0117 magnetin\u0117 kreidin\u0117s lentos sistema su priedais","description":"VIGA dvipus\u0117 medin\u0117 magnetin\u0117 kreidin\u0117s lentos sistema su priedais - KidsPlay. Did\u017eiausias vaik\u0173 \u017eaisl\u0173 pasirinkimas.","robots":{"index":"index","follow":"follow","max-snippet":"max-snippet:-1","max-image-preview":"max-image-preview:large","max-video-preview":"max-video-preview:-1"},"canonical":"https:\/\/kidsplay.lt\/lv\/products\/viga-dvipuse-medine-magnetine-kreidines-lentos-sistema-su-priedais\/","og_locale":"lv_LV","og_type":"article","og_title":"VIGA dvipus\u0117 medin\u0117 magnetin\u0117 kreidin\u0117s lentos sistema su priedais","og_description":"VIGA dvipus\u0117 medin\u0117 magnetin\u0117 kreidin\u0117s lentos sistema su priedais - KidsPlay. Did\u017eiausias vaik\u0173 \u017eaisl\u0173 pasirinkimas.","og_url":"https:\/\/kidsplay.lt\/lv\/products\/viga-dvipuse-medine-magnetine-kreidines-lentos-sistema-su-priedais\/","og_site_name":"KidsPlay","article_publisher":"https:\/\/www.facebook.com\/www.kidsplay.lt","article_modified_time":"2026-04-27T15:29:56+00:00","og_image":[{"width":2560,"height":2560,"url":"https:\/\/kidsplay.lt\/wp-content\/uploads\/2026\/04\/VIGA-dvipuse-medine-magnetine-kreidines-lentos-sistema-su-priedais.jpg","type":"image\/jpeg"}],"twitter_card":"summary_large_image","twitter_misc":{"Est. reading time":"1 min\u016bte"},"schema":{"@context":"https:\/\/schema.org","@graph":[{"@type":"WebPage","@id":"https:\/\/kidsplay.lt\/produktas\/viga-dvipuse-medine-magnetine-kreidines-lentos-sistema-su-priedais\/","url":"https:\/\/kidsplay.lt\/produktas\/viga-dvipuse-medine-magnetine-kreidines-lentos-sistema-su-priedais\/","name":"VIGA dvipus\u0117 medin\u0117 magnetin\u0117 kreidin\u0117s lentos sistema su priedais","isPartOf":{"@id":"https:\/\/kidsplay.lt\/#website"},"primaryImageOfPage":{"@id":"https:\/\/kidsplay.lt\/produktas\/viga-dvipuse-medine-magnetine-kreidines-lentos-sistema-su-priedais\/#primaryimage"},"image":{"@id":"https:\/\/kidsplay.lt\/produktas\/viga-dvipuse-medine-magnetine-kreidines-lentos-sistema-su-priedais\/#primaryimage"},"thumbnailUrl":"https:\/\/kidsplay.lt\/wp-content\/uploads\/2026\/04\/VIGA-dvipuse-medine-magnetine-kreidines-lentos-sistema-su-priedais.jpg","datePublished":"2026-04-26T15:30:00+00:00","dateModified":"2026-04-27T15:29:56+00:00","description":"VIGA dvipus\u0117 medin\u0117 magnetin\u0117 kreidin\u0117s lentos sistema su priedais - KidsPlay. Did\u017eiausias vaik\u0173 \u017eaisl\u0173 pasirinkimas.","breadcrumb":{"@id":"https:\/\/kidsplay.lt\/produktas\/viga-dvipuse-medine-magnetine-kreidines-lentos-sistema-su-priedais\/#breadcrumb"},"inLanguage":"lv-LV","potentialAction":[{"@type":"ReadAction","target":["https:\/\/kidsplay.lt\/produktas\/viga-dvipuse-medine-magnetine-kreidines-lentos-sistema-su-priedais\/"]}]},{"@type":"ImageObject","inLanguage":"lv-LV","@id":"https:\/\/kidsplay.lt\/produktas\/viga-dvipuse-medine-magnetine-kreidines-lentos-sistema-su-priedais\/#primaryimage","url":"https:\/\/kidsplay.lt\/wp-content\/uploads\/2026\/04\/VIGA-dvipuse-medine-magnetine-kreidines-lentos-sistema-su-priedais.jpg","contentUrl":"https:\/\/kidsplay.lt\/wp-content\/uploads\/2026\/04\/VIGA-dvipuse-medine-magnetine-kreidines-lentos-sistema-su-priedais.jpg","width":2560,"height":2560,"caption":"VIGA dvipus\u0117 medin\u0117 magnetin\u0117 kreidin\u0117s lentos sistema su priedais"},{"@type":"BreadcrumbList","@id":"https:\/\/kidsplay.lt\/produktas\/viga-dvipuse-medine-magnetine-kreidines-lentos-sistema-su-priedais\/#breadcrumb","itemListElement":[{"@type":"ListItem","position":1,"name":"Pagrindinis","item":"https:\/\/kidsplay.lt\/"},{"@type":"ListItem","position":2,"name":"Parduotuv\u0117","item":"https:\/\/kidsplay.lt\/parduotuve\/"},{"@type":"ListItem","position":3,"name":"VIGA dvipus\u0117 medin\u0117 magnetin\u0117 kreidin\u0117s lentos sistema su priedais"}]},{"@type":"WebSite","@id":"https:\/\/kidsplay.lt\/#website","url":"https:\/\/kidsplay.lt\/","name":"B\u0113rnu sp\u0113les.lv","description":"\u012evairios prek\u0117s vaikams","publisher":{"@id":"https:\/\/kidsplay.lt\/#organization"},"alternateName":"Kidsplay","potentialAction":[{"@type":"SearchAction","target":{"@type":"EntryPoint","urlTemplate":"https:\/\/kidsplay.lt\/?s={search_term_string}"},"query-input":{"@type":"PropertyValueSpecification","valueRequired":true,"valueName":"search_term_string"}}],"inLanguage":"lv-LV"},{"@type":"Organization","@id":"https:\/\/kidsplay.lt\/#organization","name":"B\u0113rnu sp\u0113le","url":"https:\/\/kidsplay.lt\/","logo":{"@type":"ImageObject","inLanguage":"lv-LV","@id":"https:\/\/kidsplay.lt\/#\/schema\/logo\/image\/","url":"https:\/\/kidsplay.lt\/wp-content\/uploads\/2023\/07\/kidsplay-logo.png","contentUrl":"https:\/\/kidsplay.lt\/wp-content\/uploads\/2023\/07\/kidsplay-logo.png","width":451,"height":98,"caption":"KidsPlay"},"image":{"@id":"https:\/\/kidsplay.lt\/#\/schema\/logo\/image\/"},"sameAs":["https:\/\/www.facebook.com\/www.kidsplay.lt"]}]}},"_links":{"self":[{"href":"https:\/\/kidsplay.lt\/lv\/wp-json\/wp\/v2\/product\/108937","targetHints":{"allow":["GET"]}}],"collection":[{"href":"https:\/\/kidsplay.lt\/lv\/wp-json\/wp\/v2\/product"}],"about":[{"href":"https:\/\/kidsplay.lt\/lv\/wp-json\/wp\/v2\/types\/product"}],"version-history":[{"count":1,"href":"https:\/\/kidsplay.lt\/lv\/wp-json\/wp\/v2\/product\/108937\/revisions"}],"predecessor-version":[{"id":108938,"href":"https:\/\/kidsplay.lt\/lv\/wp-json\/wp\/v2\/product\/108937\/revisions\/108938"}],"wp:featuredmedia":[{"embeddable":true,"href":"https:\/\/kidsplay.lt\/lv\/wp-json\/wp\/v2\/media\/108939"}],"wp:attachment":[{"href":"https:\/\/kidsplay.lt\/lv\/wp-json\/wp\/v2\/media?parent=108937"}],"wp:term":[{"taxonomy":"product_brand","embeddable":true,"href":"https:\/\/kidsplay.lt\/lv\/wp-json\/wp\/v2\/product_brand?post=108937"},{"taxonomy":"product_cat","embeddable":true,"href":"https:\/\/kidsplay.lt\/lv\/wp-json\/wp\/v2\/product_cat?post=108937"},{"taxonomy":"product_tag","embeddable":true,"href":"https:\/\/kidsplay.lt\/lv\/wp-json\/wp\/v2\/product_tag?post=108937"}],"curies":[{"name":"wp","href":"https:\/\/api.w.org\/{rel}","templated":true}]}}