{"id":108944,"date":"2026-04-27T07:15:13","date_gmt":"2026-04-27T04:15:13","guid":{"rendered":"https:\/\/kidsplay.lt\/produktas\/viga-medinis-kasos-aparatas-su-skaitytuvu-ir-priedais\/"},"modified":"2026-04-27T18:29:54","modified_gmt":"2026-04-27T15:29:54","slug":"viga-medinis-kasos-aparatas-su-skaitytuvu-ir-priedais","status":"publish","type":"product","link":"https:\/\/kidsplay.lt\/lv\/products\/viga-medinis-kasos-aparatas-su-skaitytuvu-ir-priedais\/","title":{"rendered":"\u201eVIGA\u201c medinis kasos aparatas su skaitytuvu ir priedais"},"content":{"rendered":"<p>\u201eVIGA\u201c medinis kasos aparatas \u2013 tai puikus edukacinis \u017eaislas, leid\u017eiantis vaikams smagiai \u017eaisti parduotuv\u0119 ir kartu mokytis skai\u010diuoti, pa\u017einti pinigus bei lavinti socialinius \u012fg\u016bd\u017eius. \u0160is kokybi\u0161kas medinis rinkinys pavers vaik\u0173 kambar\u012f tikra parduotuve, g\u0117li\u0173 salonu ar boutique.<br \/>\nFunkcijas:<\/p>\n<p> \tSkirtas vaikams nuo 3 met\u0173<br \/>\n \tPagamintas i\u0161 ekologi\u0161kos, auk\u0161tos kokyb\u0117s buko medienos<br \/>\n \tTvirta ir ilgaam\u017e\u0117 konstrukcija<br \/>\n \tKompakti\u0161kas dydis: 18 x 18 x 9,5 cm<br \/>\n \tRy\u0161kios spalvos ir judan\u010dios detal\u0117s<br \/>\n \tI\u0161traukiamas stal\u010dius pinigams laikyti<\/p>\n<p>Komplekt\u0101:<\/p>\n<p> \tMedinis kasos aparatas<br \/>\n \tRankinis preki\u0173 skaitytuvas<br \/>\n \tMok\u0117jimo kortel\u0117<br \/>\n \t40 monet\u0173<br \/>\n \tPopieriaus ritin\u0117lis kvitams<\/p>","protected":false},"excerpt":{"rendered":"<p>\u201eVIGA\u201c medinis kasos aparatas \u2013 tai puikus edukacinis \u017eaislas, leid\u017eiantis vaikams smagiai \u017eaisti parduotuv\u0119 ir kartu mokytis skai\u010diuoti, pa\u017einti pinigus<\/p>","protected":false},"featured_media":108946,"template":"","meta":{"_acf_changed":false,"_glsr_average":0,"_glsr_ranking":0,"_glsr_reviews":0},"product_brand":[],"product_cat":[893,399],"product_tag":[],"class_list":{"0":"post-108944","1":"product","2":"type-product","3":"status-publish","4":"has-post-thumbnail","6":"product_cat-parduotuves","7":"product_cat-vaidmenu-zaidimai-2","8":"\"style=\"background-color: #2ecc711c;\"","10":"first","11":"instock","12":"purchasable","13":"product-type-simple"},"acf":[],"yoast_head":"<!-- This site is optimized with the Yoast SEO plugin v27.4 - https:\/\/yoast.com\/product\/yoast-seo-wordpress\/ -->\n<title>\u201eVIGA\u201c medinis kasos aparatas su skaitytuvu ir priedais<\/title>\n<meta name=\"description\" content=\"\u201eVIGA\u201c medinis kasos aparatas su skaitytuvu ir priedais - KidsPlay. Did\u017eiausias vaik\u0173 \u017eaisl\u0173 pasirinkimas.\" \/>\n<meta name=\"robots\" content=\"index, follow, max-snippet:-1, max-image-preview:large, max-video-preview:-1\" \/>\n<link rel=\"canonical\" href=\"https:\/\/kidsplay.lt\/lv\/products\/viga-medinis-kasos-aparatas-su-skaitytuvu-ir-priedais\/\" \/>\n<meta property=\"og:locale\" content=\"lv_LV\" \/>\n<meta property=\"og:type\" content=\"article\" \/>\n<meta property=\"og:title\" content=\"\u201eVIGA\u201c medinis kasos aparatas su skaitytuvu ir priedais\" \/>\n<meta property=\"og:description\" content=\"\u201eVIGA\u201c medinis kasos aparatas su skaitytuvu ir priedais - KidsPlay. Did\u017eiausias vaik\u0173 \u017eaisl\u0173 pasirinkimas.\" \/>\n<meta property=\"og:url\" content=\"https:\/\/kidsplay.lt\/lv\/products\/viga-medinis-kasos-aparatas-su-skaitytuvu-ir-priedais\/\" \/>\n<meta property=\"og:site_name\" content=\"KidsPlay\" \/>\n<meta property=\"article:publisher\" content=\"https:\/\/www.facebook.com\/www.kidsplay.lt\" \/>\n<meta property=\"article:modified_time\" content=\"2026-04-27T15:29:54+00:00\" \/>\n<meta property=\"og:image\" content=\"https:\/\/kidsplay.lt\/wp-content\/uploads\/2026\/04\/\u201eVIGA-medinis-kasos-aparatas-su-skaitytuvu-ir-priedais.jpg\" \/>\n\t<meta property=\"og:image:width\" content=\"1000\" \/>\n\t<meta property=\"og:image:height\" content=\"1000\" \/>\n\t<meta property=\"og:image:type\" content=\"image\/jpeg\" \/>\n<meta name=\"twitter:card\" content=\"summary_large_image\" \/>\n<script type=\"application\/ld+json\" class=\"yoast-schema-graph\">{\"@context\":\"https:\\\/\\\/schema.org\",\"@graph\":[{\"@type\":\"WebPage\",\"@id\":\"https:\\\/\\\/kidsplay.lt\\\/produktas\\\/viga-medinis-kasos-aparatas-su-skaitytuvu-ir-priedais\\\/\",\"url\":\"https:\\\/\\\/kidsplay.lt\\\/produktas\\\/viga-medinis-kasos-aparatas-su-skaitytuvu-ir-priedais\\\/\",\"name\":\"\u201eVIGA\u201c medinis kasos aparatas su skaitytuvu ir priedais\",\"isPartOf\":{\"@id\":\"https:\\\/\\\/kidsplay.lt\\\/#website\"},\"primaryImageOfPage\":{\"@id\":\"https:\\\/\\\/kidsplay.lt\\\/produktas\\\/viga-medinis-kasos-aparatas-su-skaitytuvu-ir-priedais\\\/#primaryimage\"},\"image\":{\"@id\":\"https:\\\/\\\/kidsplay.lt\\\/produktas\\\/viga-medinis-kasos-aparatas-su-skaitytuvu-ir-priedais\\\/#primaryimage\"},\"thumbnailUrl\":\"https:\\\/\\\/kidsplay.lt\\\/wp-content\\\/uploads\\\/2026\\\/04\\\/\u201eVIGA-medinis-kasos-aparatas-su-skaitytuvu-ir-priedais.jpg\",\"datePublished\":\"2026-04-27T04:15:13+00:00\",\"dateModified\":\"2026-04-27T15:29:54+00:00\",\"description\":\"\u201eVIGA\u201c medinis kasos aparatas su skaitytuvu ir priedais - KidsPlay. Did\u017eiausias vaik\u0173 \u017eaisl\u0173 pasirinkimas.\",\"breadcrumb\":{\"@id\":\"https:\\\/\\\/kidsplay.lt\\\/produktas\\\/viga-medinis-kasos-aparatas-su-skaitytuvu-ir-priedais\\\/#breadcrumb\"},\"inLanguage\":\"lv-LV\",\"potentialAction\":[{\"@type\":\"ReadAction\",\"target\":[\"https:\\\/\\\/kidsplay.lt\\\/produktas\\\/viga-medinis-kasos-aparatas-su-skaitytuvu-ir-priedais\\\/\"]}]},{\"@type\":\"ImageObject\",\"inLanguage\":\"lv-LV\",\"@id\":\"https:\\\/\\\/kidsplay.lt\\\/produktas\\\/viga-medinis-kasos-aparatas-su-skaitytuvu-ir-priedais\\\/#primaryimage\",\"url\":\"https:\\\/\\\/kidsplay.lt\\\/wp-content\\\/uploads\\\/2026\\\/04\\\/\u201eVIGA-medinis-kasos-aparatas-su-skaitytuvu-ir-priedais.jpg\",\"contentUrl\":\"https:\\\/\\\/kidsplay.lt\\\/wp-content\\\/uploads\\\/2026\\\/04\\\/\u201eVIGA-medinis-kasos-aparatas-su-skaitytuvu-ir-priedais.jpg\",\"width\":1000,\"height\":1000,\"caption\":\"\u201eVIGA\u201c medinis kasos aparatas su skaitytuvu ir priedais\"},{\"@type\":\"BreadcrumbList\",\"@id\":\"https:\\\/\\\/kidsplay.lt\\\/produktas\\\/viga-medinis-kasos-aparatas-su-skaitytuvu-ir-priedais\\\/#breadcrumb\",\"itemListElement\":[{\"@type\":\"ListItem\",\"position\":1,\"name\":\"Pagrindinis\",\"item\":\"https:\\\/\\\/kidsplay.lt\\\/\"},{\"@type\":\"ListItem\",\"position\":2,\"name\":\"Parduotuv\u0117\",\"item\":\"https:\\\/\\\/kidsplay.lt\\\/parduotuve\\\/\"},{\"@type\":\"ListItem\",\"position\":3,\"name\":\"\u201eVIGA\u201c medinis kasos aparatas su skaitytuvu ir priedais\"}]},{\"@type\":\"WebSite\",\"@id\":\"https:\\\/\\\/kidsplay.lt\\\/#website\",\"url\":\"https:\\\/\\\/kidsplay.lt\\\/\",\"name\":\"Kidsplay.lt\",\"description\":\"\u012evairios prek\u0117s vaikams\",\"publisher\":{\"@id\":\"https:\\\/\\\/kidsplay.lt\\\/#organization\"},\"alternateName\":\"Kidsplay\",\"potentialAction\":[{\"@type\":\"SearchAction\",\"target\":{\"@type\":\"EntryPoint\",\"urlTemplate\":\"https:\\\/\\\/kidsplay.lt\\\/?s={search_term_string}\"},\"query-input\":{\"@type\":\"PropertyValueSpecification\",\"valueRequired\":true,\"valueName\":\"search_term_string\"}}],\"inLanguage\":\"lv-LV\"},{\"@type\":\"Organization\",\"@id\":\"https:\\\/\\\/kidsplay.lt\\\/#organization\",\"name\":\"KidsPlay\",\"url\":\"https:\\\/\\\/kidsplay.lt\\\/\",\"logo\":{\"@type\":\"ImageObject\",\"inLanguage\":\"lv-LV\",\"@id\":\"https:\\\/\\\/kidsplay.lt\\\/#\\\/schema\\\/logo\\\/image\\\/\",\"url\":\"https:\\\/\\\/kidsplay.lt\\\/wp-content\\\/uploads\\\/2023\\\/07\\\/kidsplay-logo.png\",\"contentUrl\":\"https:\\\/\\\/kidsplay.lt\\\/wp-content\\\/uploads\\\/2023\\\/07\\\/kidsplay-logo.png\",\"width\":451,\"height\":98,\"caption\":\"KidsPlay\"},\"image\":{\"@id\":\"https:\\\/\\\/kidsplay.lt\\\/#\\\/schema\\\/logo\\\/image\\\/\"},\"sameAs\":[\"https:\\\/\\\/www.facebook.com\\\/www.kidsplay.lt\"]}]}<\/script>\n<!-- \/ Yoast SEO plugin. -->","yoast_head_json":{"title":"\u201eVIGA\u201c medinis kasos aparatas su skaitytuvu ir priedais","description":"\u201eVIGA\u201c medinis kasos aparatas su skaitytuvu ir priedais - KidsPlay. Did\u017eiausias vaik\u0173 \u017eaisl\u0173 pasirinkimas.","robots":{"index":"index","follow":"follow","max-snippet":"max-snippet:-1","max-image-preview":"max-image-preview:large","max-video-preview":"max-video-preview:-1"},"canonical":"https:\/\/kidsplay.lt\/lv\/products\/viga-medinis-kasos-aparatas-su-skaitytuvu-ir-priedais\/","og_locale":"lv_LV","og_type":"article","og_title":"\u201eVIGA\u201c medinis kasos aparatas su skaitytuvu ir priedais","og_description":"\u201eVIGA\u201c medinis kasos aparatas su skaitytuvu ir priedais - KidsPlay. Did\u017eiausias vaik\u0173 \u017eaisl\u0173 pasirinkimas.","og_url":"https:\/\/kidsplay.lt\/lv\/products\/viga-medinis-kasos-aparatas-su-skaitytuvu-ir-priedais\/","og_site_name":"KidsPlay","article_publisher":"https:\/\/www.facebook.com\/www.kidsplay.lt","article_modified_time":"2026-04-27T15:29:54+00:00","og_image":[{"width":1000,"height":1000,"url":"https:\/\/kidsplay.lt\/wp-content\/uploads\/2026\/04\/\u201eVIGA-medinis-kasos-aparatas-su-skaitytuvu-ir-priedais.jpg","type":"image\/jpeg"}],"twitter_card":"summary_large_image","schema":{"@context":"https:\/\/schema.org","@graph":[{"@type":"WebPage","@id":"https:\/\/kidsplay.lt\/produktas\/viga-medinis-kasos-aparatas-su-skaitytuvu-ir-priedais\/","url":"https:\/\/kidsplay.lt\/produktas\/viga-medinis-kasos-aparatas-su-skaitytuvu-ir-priedais\/","name":"\u201eVIGA\u201c medinis kasos aparatas su skaitytuvu ir priedais","isPartOf":{"@id":"https:\/\/kidsplay.lt\/#website"},"primaryImageOfPage":{"@id":"https:\/\/kidsplay.lt\/produktas\/viga-medinis-kasos-aparatas-su-skaitytuvu-ir-priedais\/#primaryimage"},"image":{"@id":"https:\/\/kidsplay.lt\/produktas\/viga-medinis-kasos-aparatas-su-skaitytuvu-ir-priedais\/#primaryimage"},"thumbnailUrl":"https:\/\/kidsplay.lt\/wp-content\/uploads\/2026\/04\/\u201eVIGA-medinis-kasos-aparatas-su-skaitytuvu-ir-priedais.jpg","datePublished":"2026-04-27T04:15:13+00:00","dateModified":"2026-04-27T15:29:54+00:00","description":"\u201eVIGA\u201c medinis kasos aparatas su skaitytuvu ir priedais - KidsPlay. Did\u017eiausias vaik\u0173 \u017eaisl\u0173 pasirinkimas.","breadcrumb":{"@id":"https:\/\/kidsplay.lt\/produktas\/viga-medinis-kasos-aparatas-su-skaitytuvu-ir-priedais\/#breadcrumb"},"inLanguage":"lv-LV","potentialAction":[{"@type":"ReadAction","target":["https:\/\/kidsplay.lt\/produktas\/viga-medinis-kasos-aparatas-su-skaitytuvu-ir-priedais\/"]}]},{"@type":"ImageObject","inLanguage":"lv-LV","@id":"https:\/\/kidsplay.lt\/produktas\/viga-medinis-kasos-aparatas-su-skaitytuvu-ir-priedais\/#primaryimage","url":"https:\/\/kidsplay.lt\/wp-content\/uploads\/2026\/04\/\u201eVIGA-medinis-kasos-aparatas-su-skaitytuvu-ir-priedais.jpg","contentUrl":"https:\/\/kidsplay.lt\/wp-content\/uploads\/2026\/04\/\u201eVIGA-medinis-kasos-aparatas-su-skaitytuvu-ir-priedais.jpg","width":1000,"height":1000,"caption":"\u201eVIGA\u201c medinis kasos aparatas su skaitytuvu ir priedais"},{"@type":"BreadcrumbList","@id":"https:\/\/kidsplay.lt\/produktas\/viga-medinis-kasos-aparatas-su-skaitytuvu-ir-priedais\/#breadcrumb","itemListElement":[{"@type":"ListItem","position":1,"name":"Pagrindinis","item":"https:\/\/kidsplay.lt\/"},{"@type":"ListItem","position":2,"name":"Parduotuv\u0117","item":"https:\/\/kidsplay.lt\/parduotuve\/"},{"@type":"ListItem","position":3,"name":"\u201eVIGA\u201c medinis kasos aparatas su skaitytuvu ir priedais"}]},{"@type":"WebSite","@id":"https:\/\/kidsplay.lt\/#website","url":"https:\/\/kidsplay.lt\/","name":"B\u0113rnu sp\u0113les.lv","description":"\u012evairios prek\u0117s vaikams","publisher":{"@id":"https:\/\/kidsplay.lt\/#organization"},"alternateName":"Kidsplay","potentialAction":[{"@type":"SearchAction","target":{"@type":"EntryPoint","urlTemplate":"https:\/\/kidsplay.lt\/?s={search_term_string}"},"query-input":{"@type":"PropertyValueSpecification","valueRequired":true,"valueName":"search_term_string"}}],"inLanguage":"lv-LV"},{"@type":"Organization","@id":"https:\/\/kidsplay.lt\/#organization","name":"B\u0113rnu sp\u0113le","url":"https:\/\/kidsplay.lt\/","logo":{"@type":"ImageObject","inLanguage":"lv-LV","@id":"https:\/\/kidsplay.lt\/#\/schema\/logo\/image\/","url":"https:\/\/kidsplay.lt\/wp-content\/uploads\/2023\/07\/kidsplay-logo.png","contentUrl":"https:\/\/kidsplay.lt\/wp-content\/uploads\/2023\/07\/kidsplay-logo.png","width":451,"height":98,"caption":"KidsPlay"},"image":{"@id":"https:\/\/kidsplay.lt\/#\/schema\/logo\/image\/"},"sameAs":["https:\/\/www.facebook.com\/www.kidsplay.lt"]}]}},"_links":{"self":[{"href":"https:\/\/kidsplay.lt\/lv\/wp-json\/wp\/v2\/product\/108944","targetHints":{"allow":["GET"]}}],"collection":[{"href":"https:\/\/kidsplay.lt\/lv\/wp-json\/wp\/v2\/product"}],"about":[{"href":"https:\/\/kidsplay.lt\/lv\/wp-json\/wp\/v2\/types\/product"}],"version-history":[{"count":1,"href":"https:\/\/kidsplay.lt\/lv\/wp-json\/wp\/v2\/product\/108944\/revisions"}],"predecessor-version":[{"id":108945,"href":"https:\/\/kidsplay.lt\/lv\/wp-json\/wp\/v2\/product\/108944\/revisions\/108945"}],"wp:featuredmedia":[{"embeddable":true,"href":"https:\/\/kidsplay.lt\/lv\/wp-json\/wp\/v2\/media\/108946"}],"wp:attachment":[{"href":"https:\/\/kidsplay.lt\/lv\/wp-json\/wp\/v2\/media?parent=108944"}],"wp:term":[{"taxonomy":"product_brand","embeddable":true,"href":"https:\/\/kidsplay.lt\/lv\/wp-json\/wp\/v2\/product_brand?post=108944"},{"taxonomy":"product_cat","embeddable":true,"href":"https:\/\/kidsplay.lt\/lv\/wp-json\/wp\/v2\/product_cat?post=108944"},{"taxonomy":"product_tag","embeddable":true,"href":"https:\/\/kidsplay.lt\/lv\/wp-json\/wp\/v2\/product_tag?post=108944"}],"curies":[{"name":"wp","href":"https:\/\/api.w.org\/{rel}","templated":true}]}}