{"id":108972,"date":"2026-04-27T07:16:53","date_gmt":"2026-04-27T04:16:53","guid":{"rendered":"https:\/\/kidsplay.lt\/produktas\/viga-medinis-2-in-1-leliu-pervystymo-stalas-ir-vonele\/"},"modified":"2026-04-27T18:29:57","modified_gmt":"2026-04-27T15:29:57","slug":"viga-medinis-2-in-1-leliu-pervystymo-stalas-ir-vonele","status":"publish","type":"product","link":"https:\/\/kidsplay.lt\/lv\/products\/viga-medinis-2-in-1-leliu-pervystymo-stalas-ir-vonele\/","title":{"rendered":"VIGA medinis 2-in-1 l\u0117li\u0173 pervystymo stalas ir vonel\u0117"},"content":{"rendered":"<p>VIGA 2-in-1 medinis pervystymo stalas yra unikalus \u017eaislas vaikams nuo 3 met\u0173, jungiantis pervystymo stalo ir vonel\u0117s funkcijas l\u0117l\u0117ms. Tai realisti\u0161kas vaidmen\u0173 \u017eaidim\u0173 baldas, kuris skatina r\u016bpestingum\u0105 ir k\u016brybi\u0161k\u0105 \u017eaidim\u0105.<br \/>\nStalo vir\u0161us turi patog\u0173 plok\u0161\u010di\u0105 pavir\u0161i\u0173, tinkam\u0105 \u017eaidimui. Po juo yra lentyna ir med\u017eiagin\u0117 krep\u0161elio vieta aksesuarams laikyti. Norint naudoti kaip vonel\u0119, vir\u0161utin\u0117 dalis nuimama ir prijungiami \u010diaupas bei du\u0161o galvut\u0117. Tvirta medin\u0117 konstrukcija u\u017etikrina stabilum\u0105 ir saugum\u0105.<br \/>\nRaksturojums:<\/p>\n<p> \t\u017eaislas vaikams nuo 3 met\u0173,<br \/>\n \t2-in-1 funkcija: pervystymo stalas ir vonel\u0117,<br \/>\n \tpapildoma lentyna su krep\u0161eliu aksesuarams laikyti,<br \/>\n \trinkinyje yra miela geltona antis,<br \/>\n \ttinka l\u0117l\u0117ms iki 43 cm dyd\u017eio,<br \/>\n \tpuikiai tinka vaidmen\u0173 \u017eaidimams,<br \/>\n \tskatina r\u016bpestingumo ir globos \u012fg\u016bd\u017eius.<\/p>\n<p>Produkto dydis: 50 \u00d7 30 \u00d7 54,5 cm.<\/p>","protected":false},"excerpt":{"rendered":"<p>VIGA 2-in-1 medinis pervystymo stalas yra unikalus \u017eaislas vaikams nuo 3 met\u0173, jungiantis pervystymo stalo ir vonel\u0117s funkcijas l\u0117l\u0117ms. Tai<\/p>","protected":false},"featured_media":108974,"template":"","meta":{"_acf_changed":false,"_glsr_average":0,"_glsr_ranking":0,"_glsr_reviews":0},"product_brand":[],"product_cat":[443,229],"product_tag":[],"class_list":{"0":"post-108972","1":"product","2":"type-product","3":"status-publish","4":"has-post-thumbnail","6":"product_cat-leles-ir-priedai","7":"product_cat-zaislai-vaikams","8":"\"style=\"background-color: #2ecc711c;\"","10":"first","11":"instock","12":"purchasable","13":"product-type-simple"},"acf":[],"yoast_head":"<!-- This site is optimized with the Yoast SEO plugin v27.4 - https:\/\/yoast.com\/product\/yoast-seo-wordpress\/ -->\n<title>VIGA medinis 2-in-1 l\u0117li\u0173 pervystymo stalas ir vonel\u0117<\/title>\n<meta name=\"description\" content=\"VIGA medinis 2-in-1 l\u0117li\u0173 pervystymo stalas ir vonel\u0117 - KidsPlay. Did\u017eiausias vaik\u0173 \u017eaisl\u0173 pasirinkimas.\" \/>\n<meta name=\"robots\" content=\"index, follow, max-snippet:-1, max-image-preview:large, max-video-preview:-1\" \/>\n<link rel=\"canonical\" href=\"https:\/\/kidsplay.lt\/lv\/products\/viga-medinis-2-in-1-leliu-pervystymo-stalas-ir-vonele\/\" \/>\n<meta property=\"og:locale\" content=\"lv_LV\" \/>\n<meta property=\"og:type\" content=\"article\" \/>\n<meta property=\"og:title\" content=\"VIGA medinis 2-in-1 l\u0117li\u0173 pervystymo stalas ir vonel\u0117\" \/>\n<meta property=\"og:description\" content=\"VIGA medinis 2-in-1 l\u0117li\u0173 pervystymo stalas ir vonel\u0117 - KidsPlay. Did\u017eiausias vaik\u0173 \u017eaisl\u0173 pasirinkimas.\" \/>\n<meta property=\"og:url\" content=\"https:\/\/kidsplay.lt\/lv\/products\/viga-medinis-2-in-1-leliu-pervystymo-stalas-ir-vonele\/\" \/>\n<meta property=\"og:site_name\" content=\"KidsPlay\" \/>\n<meta property=\"article:publisher\" content=\"https:\/\/www.facebook.com\/www.kidsplay.lt\" \/>\n<meta property=\"article:modified_time\" content=\"2026-04-27T15:29:57+00:00\" \/>\n<meta property=\"og:image\" content=\"https:\/\/kidsplay.lt\/wp-content\/uploads\/2026\/04\/VIGA-medinis-2-in-1-leliu-pervystymo-stalas-ir-vonele.jpg\" \/>\n\t<meta property=\"og:image:width\" content=\"2560\" \/>\n\t<meta property=\"og:image:height\" content=\"2560\" \/>\n\t<meta property=\"og:image:type\" content=\"image\/jpeg\" \/>\n<meta name=\"twitter:card\" content=\"summary_large_image\" \/>\n<meta name=\"twitter:label1\" content=\"Est. reading time\" \/>\n\t<meta name=\"twitter:data1\" content=\"1 min\u016bte\" \/>\n<script type=\"application\/ld+json\" class=\"yoast-schema-graph\">{\"@context\":\"https:\\\/\\\/schema.org\",\"@graph\":[{\"@type\":\"WebPage\",\"@id\":\"https:\\\/\\\/kidsplay.lt\\\/produktas\\\/viga-medinis-2-in-1-leliu-pervystymo-stalas-ir-vonele\\\/\",\"url\":\"https:\\\/\\\/kidsplay.lt\\\/produktas\\\/viga-medinis-2-in-1-leliu-pervystymo-stalas-ir-vonele\\\/\",\"name\":\"VIGA medinis 2-in-1 l\u0117li\u0173 pervystymo stalas ir vonel\u0117\",\"isPartOf\":{\"@id\":\"https:\\\/\\\/kidsplay.lt\\\/#website\"},\"primaryImageOfPage\":{\"@id\":\"https:\\\/\\\/kidsplay.lt\\\/produktas\\\/viga-medinis-2-in-1-leliu-pervystymo-stalas-ir-vonele\\\/#primaryimage\"},\"image\":{\"@id\":\"https:\\\/\\\/kidsplay.lt\\\/produktas\\\/viga-medinis-2-in-1-leliu-pervystymo-stalas-ir-vonele\\\/#primaryimage\"},\"thumbnailUrl\":\"https:\\\/\\\/kidsplay.lt\\\/wp-content\\\/uploads\\\/2026\\\/04\\\/VIGA-medinis-2-in-1-leliu-pervystymo-stalas-ir-vonele.jpg\",\"datePublished\":\"2026-04-27T04:16:53+00:00\",\"dateModified\":\"2026-04-27T15:29:57+00:00\",\"description\":\"VIGA medinis 2-in-1 l\u0117li\u0173 pervystymo stalas ir vonel\u0117 - KidsPlay. Did\u017eiausias vaik\u0173 \u017eaisl\u0173 pasirinkimas.\",\"breadcrumb\":{\"@id\":\"https:\\\/\\\/kidsplay.lt\\\/produktas\\\/viga-medinis-2-in-1-leliu-pervystymo-stalas-ir-vonele\\\/#breadcrumb\"},\"inLanguage\":\"lv-LV\",\"potentialAction\":[{\"@type\":\"ReadAction\",\"target\":[\"https:\\\/\\\/kidsplay.lt\\\/produktas\\\/viga-medinis-2-in-1-leliu-pervystymo-stalas-ir-vonele\\\/\"]}]},{\"@type\":\"ImageObject\",\"inLanguage\":\"lv-LV\",\"@id\":\"https:\\\/\\\/kidsplay.lt\\\/produktas\\\/viga-medinis-2-in-1-leliu-pervystymo-stalas-ir-vonele\\\/#primaryimage\",\"url\":\"https:\\\/\\\/kidsplay.lt\\\/wp-content\\\/uploads\\\/2026\\\/04\\\/VIGA-medinis-2-in-1-leliu-pervystymo-stalas-ir-vonele.jpg\",\"contentUrl\":\"https:\\\/\\\/kidsplay.lt\\\/wp-content\\\/uploads\\\/2026\\\/04\\\/VIGA-medinis-2-in-1-leliu-pervystymo-stalas-ir-vonele.jpg\",\"width\":2560,\"height\":2560,\"caption\":\"VIGA medinis 2-in-1 l\u0117li\u0173 pervystymo stalas ir vonel\u0117\"},{\"@type\":\"BreadcrumbList\",\"@id\":\"https:\\\/\\\/kidsplay.lt\\\/produktas\\\/viga-medinis-2-in-1-leliu-pervystymo-stalas-ir-vonele\\\/#breadcrumb\",\"itemListElement\":[{\"@type\":\"ListItem\",\"position\":1,\"name\":\"Pagrindinis\",\"item\":\"https:\\\/\\\/kidsplay.lt\\\/\"},{\"@type\":\"ListItem\",\"position\":2,\"name\":\"Parduotuv\u0117\",\"item\":\"https:\\\/\\\/kidsplay.lt\\\/parduotuve\\\/\"},{\"@type\":\"ListItem\",\"position\":3,\"name\":\"VIGA medinis 2-in-1 l\u0117li\u0173 pervystymo stalas ir vonel\u0117\"}]},{\"@type\":\"WebSite\",\"@id\":\"https:\\\/\\\/kidsplay.lt\\\/#website\",\"url\":\"https:\\\/\\\/kidsplay.lt\\\/\",\"name\":\"Kidsplay.lt\",\"description\":\"\u012evairios prek\u0117s vaikams\",\"publisher\":{\"@id\":\"https:\\\/\\\/kidsplay.lt\\\/#organization\"},\"alternateName\":\"Kidsplay\",\"potentialAction\":[{\"@type\":\"SearchAction\",\"target\":{\"@type\":\"EntryPoint\",\"urlTemplate\":\"https:\\\/\\\/kidsplay.lt\\\/?s={search_term_string}\"},\"query-input\":{\"@type\":\"PropertyValueSpecification\",\"valueRequired\":true,\"valueName\":\"search_term_string\"}}],\"inLanguage\":\"lv-LV\"},{\"@type\":\"Organization\",\"@id\":\"https:\\\/\\\/kidsplay.lt\\\/#organization\",\"name\":\"KidsPlay\",\"url\":\"https:\\\/\\\/kidsplay.lt\\\/\",\"logo\":{\"@type\":\"ImageObject\",\"inLanguage\":\"lv-LV\",\"@id\":\"https:\\\/\\\/kidsplay.lt\\\/#\\\/schema\\\/logo\\\/image\\\/\",\"url\":\"https:\\\/\\\/kidsplay.lt\\\/wp-content\\\/uploads\\\/2023\\\/07\\\/kidsplay-logo.png\",\"contentUrl\":\"https:\\\/\\\/kidsplay.lt\\\/wp-content\\\/uploads\\\/2023\\\/07\\\/kidsplay-logo.png\",\"width\":451,\"height\":98,\"caption\":\"KidsPlay\"},\"image\":{\"@id\":\"https:\\\/\\\/kidsplay.lt\\\/#\\\/schema\\\/logo\\\/image\\\/\"},\"sameAs\":[\"https:\\\/\\\/www.facebook.com\\\/www.kidsplay.lt\"]}]}<\/script>\n<!-- \/ Yoast SEO plugin. -->","yoast_head_json":{"title":"VIGA medinis 2-in-1 l\u0117li\u0173 pervystymo stalas ir vonel\u0117","description":"VIGA medinis 2-in-1 l\u0117li\u0173 pervystymo stalas ir vonel\u0117 - KidsPlay. Did\u017eiausias vaik\u0173 \u017eaisl\u0173 pasirinkimas.","robots":{"index":"index","follow":"follow","max-snippet":"max-snippet:-1","max-image-preview":"max-image-preview:large","max-video-preview":"max-video-preview:-1"},"canonical":"https:\/\/kidsplay.lt\/lv\/products\/viga-medinis-2-in-1-leliu-pervystymo-stalas-ir-vonele\/","og_locale":"lv_LV","og_type":"article","og_title":"VIGA medinis 2-in-1 l\u0117li\u0173 pervystymo stalas ir vonel\u0117","og_description":"VIGA medinis 2-in-1 l\u0117li\u0173 pervystymo stalas ir vonel\u0117 - KidsPlay. Did\u017eiausias vaik\u0173 \u017eaisl\u0173 pasirinkimas.","og_url":"https:\/\/kidsplay.lt\/lv\/products\/viga-medinis-2-in-1-leliu-pervystymo-stalas-ir-vonele\/","og_site_name":"KidsPlay","article_publisher":"https:\/\/www.facebook.com\/www.kidsplay.lt","article_modified_time":"2026-04-27T15:29:57+00:00","og_image":[{"width":2560,"height":2560,"url":"https:\/\/kidsplay.lt\/wp-content\/uploads\/2026\/04\/VIGA-medinis-2-in-1-leliu-pervystymo-stalas-ir-vonele.jpg","type":"image\/jpeg"}],"twitter_card":"summary_large_image","twitter_misc":{"Est. reading time":"1 min\u016bte"},"schema":{"@context":"https:\/\/schema.org","@graph":[{"@type":"WebPage","@id":"https:\/\/kidsplay.lt\/produktas\/viga-medinis-2-in-1-leliu-pervystymo-stalas-ir-vonele\/","url":"https:\/\/kidsplay.lt\/produktas\/viga-medinis-2-in-1-leliu-pervystymo-stalas-ir-vonele\/","name":"VIGA medinis 2-in-1 l\u0117li\u0173 pervystymo stalas ir vonel\u0117","isPartOf":{"@id":"https:\/\/kidsplay.lt\/#website"},"primaryImageOfPage":{"@id":"https:\/\/kidsplay.lt\/produktas\/viga-medinis-2-in-1-leliu-pervystymo-stalas-ir-vonele\/#primaryimage"},"image":{"@id":"https:\/\/kidsplay.lt\/produktas\/viga-medinis-2-in-1-leliu-pervystymo-stalas-ir-vonele\/#primaryimage"},"thumbnailUrl":"https:\/\/kidsplay.lt\/wp-content\/uploads\/2026\/04\/VIGA-medinis-2-in-1-leliu-pervystymo-stalas-ir-vonele.jpg","datePublished":"2026-04-27T04:16:53+00:00","dateModified":"2026-04-27T15:29:57+00:00","description":"VIGA medinis 2-in-1 l\u0117li\u0173 pervystymo stalas ir vonel\u0117 - KidsPlay. Did\u017eiausias vaik\u0173 \u017eaisl\u0173 pasirinkimas.","breadcrumb":{"@id":"https:\/\/kidsplay.lt\/produktas\/viga-medinis-2-in-1-leliu-pervystymo-stalas-ir-vonele\/#breadcrumb"},"inLanguage":"lv-LV","potentialAction":[{"@type":"ReadAction","target":["https:\/\/kidsplay.lt\/produktas\/viga-medinis-2-in-1-leliu-pervystymo-stalas-ir-vonele\/"]}]},{"@type":"ImageObject","inLanguage":"lv-LV","@id":"https:\/\/kidsplay.lt\/produktas\/viga-medinis-2-in-1-leliu-pervystymo-stalas-ir-vonele\/#primaryimage","url":"https:\/\/kidsplay.lt\/wp-content\/uploads\/2026\/04\/VIGA-medinis-2-in-1-leliu-pervystymo-stalas-ir-vonele.jpg","contentUrl":"https:\/\/kidsplay.lt\/wp-content\/uploads\/2026\/04\/VIGA-medinis-2-in-1-leliu-pervystymo-stalas-ir-vonele.jpg","width":2560,"height":2560,"caption":"VIGA medinis 2-in-1 l\u0117li\u0173 pervystymo stalas ir vonel\u0117"},{"@type":"BreadcrumbList","@id":"https:\/\/kidsplay.lt\/produktas\/viga-medinis-2-in-1-leliu-pervystymo-stalas-ir-vonele\/#breadcrumb","itemListElement":[{"@type":"ListItem","position":1,"name":"Pagrindinis","item":"https:\/\/kidsplay.lt\/"},{"@type":"ListItem","position":2,"name":"Parduotuv\u0117","item":"https:\/\/kidsplay.lt\/parduotuve\/"},{"@type":"ListItem","position":3,"name":"VIGA medinis 2-in-1 l\u0117li\u0173 pervystymo stalas ir vonel\u0117"}]},{"@type":"WebSite","@id":"https:\/\/kidsplay.lt\/#website","url":"https:\/\/kidsplay.lt\/","name":"B\u0113rnu sp\u0113les.lv","description":"\u012evairios prek\u0117s vaikams","publisher":{"@id":"https:\/\/kidsplay.lt\/#organization"},"alternateName":"Kidsplay","potentialAction":[{"@type":"SearchAction","target":{"@type":"EntryPoint","urlTemplate":"https:\/\/kidsplay.lt\/?s={search_term_string}"},"query-input":{"@type":"PropertyValueSpecification","valueRequired":true,"valueName":"search_term_string"}}],"inLanguage":"lv-LV"},{"@type":"Organization","@id":"https:\/\/kidsplay.lt\/#organization","name":"B\u0113rnu sp\u0113le","url":"https:\/\/kidsplay.lt\/","logo":{"@type":"ImageObject","inLanguage":"lv-LV","@id":"https:\/\/kidsplay.lt\/#\/schema\/logo\/image\/","url":"https:\/\/kidsplay.lt\/wp-content\/uploads\/2023\/07\/kidsplay-logo.png","contentUrl":"https:\/\/kidsplay.lt\/wp-content\/uploads\/2023\/07\/kidsplay-logo.png","width":451,"height":98,"caption":"KidsPlay"},"image":{"@id":"https:\/\/kidsplay.lt\/#\/schema\/logo\/image\/"},"sameAs":["https:\/\/www.facebook.com\/www.kidsplay.lt"]}]}},"_links":{"self":[{"href":"https:\/\/kidsplay.lt\/lv\/wp-json\/wp\/v2\/product\/108972","targetHints":{"allow":["GET"]}}],"collection":[{"href":"https:\/\/kidsplay.lt\/lv\/wp-json\/wp\/v2\/product"}],"about":[{"href":"https:\/\/kidsplay.lt\/lv\/wp-json\/wp\/v2\/types\/product"}],"version-history":[{"count":1,"href":"https:\/\/kidsplay.lt\/lv\/wp-json\/wp\/v2\/product\/108972\/revisions"}],"predecessor-version":[{"id":108973,"href":"https:\/\/kidsplay.lt\/lv\/wp-json\/wp\/v2\/product\/108972\/revisions\/108973"}],"wp:featuredmedia":[{"embeddable":true,"href":"https:\/\/kidsplay.lt\/lv\/wp-json\/wp\/v2\/media\/108974"}],"wp:attachment":[{"href":"https:\/\/kidsplay.lt\/lv\/wp-json\/wp\/v2\/media?parent=108972"}],"wp:term":[{"taxonomy":"product_brand","embeddable":true,"href":"https:\/\/kidsplay.lt\/lv\/wp-json\/wp\/v2\/product_brand?post=108972"},{"taxonomy":"product_cat","embeddable":true,"href":"https:\/\/kidsplay.lt\/lv\/wp-json\/wp\/v2\/product_cat?post=108972"},{"taxonomy":"product_tag","embeddable":true,"href":"https:\/\/kidsplay.lt\/lv\/wp-json\/wp\/v2\/product_tag?post=108972"}],"curies":[{"name":"wp","href":"https:\/\/api.w.org\/{rel}","templated":true}]}}