{"id":108986,"date":"2026-04-27T07:17:41","date_gmt":"2026-04-27T04:17:41","guid":{"rendered":"https:\/\/kidsplay.lt\/produktas\/viga-polarb-leliu-namelio-baldu-rinkinys-svetaine\/"},"modified":"2026-04-27T18:29:57","modified_gmt":"2026-04-27T15:29:57","slug":"viga-polarb-leliu-namelio-baldu-rinkinys-svetaine","status":"publish","type":"product","link":"https:\/\/kidsplay.lt\/lv\/products\/viga-polarb-leliu-namelio-baldu-rinkinys-svetaine\/","title":{"rendered":"VIGA \u201ePolarB\u201c l\u0117li\u0173 namelio bald\u0173 rinkinys \u2013 svetain\u0117"},"content":{"rendered":"<p>VIGA l\u0117li\u0173 namelio bald\u0173 rinkinys \u2013 svetain\u0117 yra puiki dovana vaikui, skirta k\u016brybi\u0161kam vaidmen\u0173 \u017eaidimui. \u0160i serija apima 5 skirtingus kambarius su skirtingomis spalv\u0173 schemomis. Vaikas gali susikurti savo l\u0117li\u0173 namel\u012f ir laisvai i\u0161d\u0117styti baldus bei kambarius pagal savo id\u0117jas.<br \/>\nProduktas pagamintas i\u0161 auk\u0161tos kokyb\u0117s med\u017eiag\u0173, itin kruop\u0161\u010diai apdirbtas ir nuda\u017eytas netoksi\u0161kais, \u0161velni\u0173 spalv\u0173 da\u017eais.<br \/>\nRaksturojums:<\/p>\n<p> \trinkinyje: spinta su lentynomis, spintel\u0117 su televizoriumi, lempa, 2 foteliai, sofa ir staliukas,<br \/>\n \tgalimyb\u0117 \u012fsigyti papildomus kambarius i\u0161 serijos: miegam\u0105j\u012f, vaik\u0173 kambar\u012f, virtuv\u0119 ir vonios kambar\u012f,<br \/>\n \tpagaminta labai kruop\u0161\u010diai ir kokybi\u0161kai,<br \/>\n \tda\u017eyta netoksi\u0161kais da\u017eais,<br \/>\n \t\u0161velnios, vaik\u0173 d\u0117mes\u012f traukian\u010dios spalvos.<\/p>\n<p>Bald\u0173 matmenys:<\/p>\n<p> \tspinta: 3,9 \u00d7 5,3 \u00d7 9,1 cm,<br \/>\n \tsofa: 4,2 \u00d7 7,7 \u00d7 3,6 cm,<br \/>\n \tTV staliukas: 3,2 \u00d7 6,4 \u00d7 2,8 cm.<\/p>","protected":false},"excerpt":{"rendered":"<p>VIGA l\u0117li\u0173 namelio bald\u0173 rinkinys \u2013 svetain\u0117 yra puiki dovana vaikui, skirta k\u016brybi\u0161kam vaidmen\u0173 \u017eaidimui. \u0160i serija apima 5 skirtingus<\/p>","protected":false},"featured_media":108988,"template":"","meta":{"_acf_changed":false,"_glsr_average":0,"_glsr_ranking":0,"_glsr_reviews":0},"product_brand":[],"product_cat":[443,229],"product_tag":[],"class_list":{"0":"post-108986","1":"product","2":"type-product","3":"status-publish","4":"has-post-thumbnail","6":"product_cat-leles-ir-priedai","7":"product_cat-zaislai-vaikams","8":"\"style=\"background-color: #2ecc711c;\"","10":"first","11":"instock","12":"purchasable","13":"product-type-simple"},"acf":[],"yoast_head":"<!-- This site is optimized with the Yoast SEO plugin v27.4 - https:\/\/yoast.com\/product\/yoast-seo-wordpress\/ -->\n<title>VIGA \u201ePolarB\u201c l\u0117li\u0173 namelio bald\u0173 rinkinys \u2013 svetain\u0117<\/title>\n<meta name=\"description\" content=\"VIGA \u201ePolarB\u201c l\u0117li\u0173 namelio bald\u0173 rinkinys \u2013 svetain\u0117 - KidsPlay. Did\u017eiausias vaik\u0173 \u017eaisl\u0173 pasirinkimas.\" \/>\n<meta name=\"robots\" content=\"index, follow, max-snippet:-1, max-image-preview:large, max-video-preview:-1\" \/>\n<link rel=\"canonical\" href=\"https:\/\/kidsplay.lt\/lv\/products\/viga-polarb-leliu-namelio-baldu-rinkinys-svetaine\/\" \/>\n<meta property=\"og:locale\" content=\"lv_LV\" \/>\n<meta property=\"og:type\" content=\"article\" \/>\n<meta property=\"og:title\" content=\"VIGA \u201ePolarB\u201c l\u0117li\u0173 namelio bald\u0173 rinkinys \u2013 svetain\u0117\" \/>\n<meta property=\"og:description\" content=\"VIGA \u201ePolarB\u201c l\u0117li\u0173 namelio bald\u0173 rinkinys \u2013 svetain\u0117 - KidsPlay. Did\u017eiausias vaik\u0173 \u017eaisl\u0173 pasirinkimas.\" \/>\n<meta property=\"og:url\" content=\"https:\/\/kidsplay.lt\/lv\/products\/viga-polarb-leliu-namelio-baldu-rinkinys-svetaine\/\" \/>\n<meta property=\"og:site_name\" content=\"KidsPlay\" \/>\n<meta property=\"article:publisher\" content=\"https:\/\/www.facebook.com\/www.kidsplay.lt\" \/>\n<meta property=\"article:modified_time\" content=\"2026-04-27T15:29:57+00:00\" \/>\n<meta property=\"og:image\" content=\"https:\/\/kidsplay.lt\/wp-content\/uploads\/2026\/04\/VIGA-\u201ePolarB-leliu-namelio-baldu-rinkinys-\u2013-svetaine.jpg\" \/>\n\t<meta property=\"og:image:width\" content=\"1976\" \/>\n\t<meta property=\"og:image:height\" content=\"1976\" \/>\n\t<meta property=\"og:image:type\" content=\"image\/jpeg\" \/>\n<meta name=\"twitter:card\" content=\"summary_large_image\" \/>\n<meta name=\"twitter:label1\" content=\"Est. reading time\" \/>\n\t<meta name=\"twitter:data1\" content=\"1 min\u016bte\" \/>\n<script type=\"application\/ld+json\" class=\"yoast-schema-graph\">{\"@context\":\"https:\\\/\\\/schema.org\",\"@graph\":[{\"@type\":\"WebPage\",\"@id\":\"https:\\\/\\\/kidsplay.lt\\\/produktas\\\/viga-polarb-leliu-namelio-baldu-rinkinys-svetaine\\\/\",\"url\":\"https:\\\/\\\/kidsplay.lt\\\/produktas\\\/viga-polarb-leliu-namelio-baldu-rinkinys-svetaine\\\/\",\"name\":\"VIGA \u201ePolarB\u201c l\u0117li\u0173 namelio bald\u0173 rinkinys \u2013 svetain\u0117\",\"isPartOf\":{\"@id\":\"https:\\\/\\\/kidsplay.lt\\\/#website\"},\"primaryImageOfPage\":{\"@id\":\"https:\\\/\\\/kidsplay.lt\\\/produktas\\\/viga-polarb-leliu-namelio-baldu-rinkinys-svetaine\\\/#primaryimage\"},\"image\":{\"@id\":\"https:\\\/\\\/kidsplay.lt\\\/produktas\\\/viga-polarb-leliu-namelio-baldu-rinkinys-svetaine\\\/#primaryimage\"},\"thumbnailUrl\":\"https:\\\/\\\/kidsplay.lt\\\/wp-content\\\/uploads\\\/2026\\\/04\\\/VIGA-\u201ePolarB-leliu-namelio-baldu-rinkinys-\u2013-svetaine.jpg\",\"datePublished\":\"2026-04-27T04:17:41+00:00\",\"dateModified\":\"2026-04-27T15:29:57+00:00\",\"description\":\"VIGA \u201ePolarB\u201c l\u0117li\u0173 namelio bald\u0173 rinkinys \u2013 svetain\u0117 - KidsPlay. Did\u017eiausias vaik\u0173 \u017eaisl\u0173 pasirinkimas.\",\"breadcrumb\":{\"@id\":\"https:\\\/\\\/kidsplay.lt\\\/produktas\\\/viga-polarb-leliu-namelio-baldu-rinkinys-svetaine\\\/#breadcrumb\"},\"inLanguage\":\"lv-LV\",\"potentialAction\":[{\"@type\":\"ReadAction\",\"target\":[\"https:\\\/\\\/kidsplay.lt\\\/produktas\\\/viga-polarb-leliu-namelio-baldu-rinkinys-svetaine\\\/\"]}]},{\"@type\":\"ImageObject\",\"inLanguage\":\"lv-LV\",\"@id\":\"https:\\\/\\\/kidsplay.lt\\\/produktas\\\/viga-polarb-leliu-namelio-baldu-rinkinys-svetaine\\\/#primaryimage\",\"url\":\"https:\\\/\\\/kidsplay.lt\\\/wp-content\\\/uploads\\\/2026\\\/04\\\/VIGA-\u201ePolarB-leliu-namelio-baldu-rinkinys-\u2013-svetaine.jpg\",\"contentUrl\":\"https:\\\/\\\/kidsplay.lt\\\/wp-content\\\/uploads\\\/2026\\\/04\\\/VIGA-\u201ePolarB-leliu-namelio-baldu-rinkinys-\u2013-svetaine.jpg\",\"width\":1976,\"height\":1976,\"caption\":\"VIGA \u201ePolarB\u201c l\u0117li\u0173 namelio bald\u0173 rinkinys \u2013 svetain\u0117\"},{\"@type\":\"BreadcrumbList\",\"@id\":\"https:\\\/\\\/kidsplay.lt\\\/produktas\\\/viga-polarb-leliu-namelio-baldu-rinkinys-svetaine\\\/#breadcrumb\",\"itemListElement\":[{\"@type\":\"ListItem\",\"position\":1,\"name\":\"Pagrindinis\",\"item\":\"https:\\\/\\\/kidsplay.lt\\\/\"},{\"@type\":\"ListItem\",\"position\":2,\"name\":\"Parduotuv\u0117\",\"item\":\"https:\\\/\\\/kidsplay.lt\\\/parduotuve\\\/\"},{\"@type\":\"ListItem\",\"position\":3,\"name\":\"VIGA \u201ePolarB\u201c l\u0117li\u0173 namelio bald\u0173 rinkinys \u2013 svetain\u0117\"}]},{\"@type\":\"WebSite\",\"@id\":\"https:\\\/\\\/kidsplay.lt\\\/#website\",\"url\":\"https:\\\/\\\/kidsplay.lt\\\/\",\"name\":\"Kidsplay.lt\",\"description\":\"\u012evairios prek\u0117s vaikams\",\"publisher\":{\"@id\":\"https:\\\/\\\/kidsplay.lt\\\/#organization\"},\"alternateName\":\"Kidsplay\",\"potentialAction\":[{\"@type\":\"SearchAction\",\"target\":{\"@type\":\"EntryPoint\",\"urlTemplate\":\"https:\\\/\\\/kidsplay.lt\\\/?s={search_term_string}\"},\"query-input\":{\"@type\":\"PropertyValueSpecification\",\"valueRequired\":true,\"valueName\":\"search_term_string\"}}],\"inLanguage\":\"lv-LV\"},{\"@type\":\"Organization\",\"@id\":\"https:\\\/\\\/kidsplay.lt\\\/#organization\",\"name\":\"KidsPlay\",\"url\":\"https:\\\/\\\/kidsplay.lt\\\/\",\"logo\":{\"@type\":\"ImageObject\",\"inLanguage\":\"lv-LV\",\"@id\":\"https:\\\/\\\/kidsplay.lt\\\/#\\\/schema\\\/logo\\\/image\\\/\",\"url\":\"https:\\\/\\\/kidsplay.lt\\\/wp-content\\\/uploads\\\/2023\\\/07\\\/kidsplay-logo.png\",\"contentUrl\":\"https:\\\/\\\/kidsplay.lt\\\/wp-content\\\/uploads\\\/2023\\\/07\\\/kidsplay-logo.png\",\"width\":451,\"height\":98,\"caption\":\"KidsPlay\"},\"image\":{\"@id\":\"https:\\\/\\\/kidsplay.lt\\\/#\\\/schema\\\/logo\\\/image\\\/\"},\"sameAs\":[\"https:\\\/\\\/www.facebook.com\\\/www.kidsplay.lt\"]}]}<\/script>\n<!-- \/ Yoast SEO plugin. -->","yoast_head_json":{"title":"VIGA \u201ePolarB\u201c l\u0117li\u0173 namelio bald\u0173 rinkinys \u2013 svetain\u0117","description":"VIGA \u201ePolarB\u201c l\u0117li\u0173 namelio bald\u0173 rinkinys \u2013 svetain\u0117 - KidsPlay. Did\u017eiausias vaik\u0173 \u017eaisl\u0173 pasirinkimas.","robots":{"index":"index","follow":"follow","max-snippet":"max-snippet:-1","max-image-preview":"max-image-preview:large","max-video-preview":"max-video-preview:-1"},"canonical":"https:\/\/kidsplay.lt\/lv\/products\/viga-polarb-leliu-namelio-baldu-rinkinys-svetaine\/","og_locale":"lv_LV","og_type":"article","og_title":"VIGA \u201ePolarB\u201c l\u0117li\u0173 namelio bald\u0173 rinkinys \u2013 svetain\u0117","og_description":"VIGA \u201ePolarB\u201c l\u0117li\u0173 namelio bald\u0173 rinkinys \u2013 svetain\u0117 - KidsPlay. Did\u017eiausias vaik\u0173 \u017eaisl\u0173 pasirinkimas.","og_url":"https:\/\/kidsplay.lt\/lv\/products\/viga-polarb-leliu-namelio-baldu-rinkinys-svetaine\/","og_site_name":"KidsPlay","article_publisher":"https:\/\/www.facebook.com\/www.kidsplay.lt","article_modified_time":"2026-04-27T15:29:57+00:00","og_image":[{"width":1976,"height":1976,"url":"https:\/\/kidsplay.lt\/wp-content\/uploads\/2026\/04\/VIGA-\u201ePolarB-leliu-namelio-baldu-rinkinys-\u2013-svetaine.jpg","type":"image\/jpeg"}],"twitter_card":"summary_large_image","twitter_misc":{"Est. reading time":"1 min\u016bte"},"schema":{"@context":"https:\/\/schema.org","@graph":[{"@type":"WebPage","@id":"https:\/\/kidsplay.lt\/produktas\/viga-polarb-leliu-namelio-baldu-rinkinys-svetaine\/","url":"https:\/\/kidsplay.lt\/produktas\/viga-polarb-leliu-namelio-baldu-rinkinys-svetaine\/","name":"VIGA \u201ePolarB\u201c l\u0117li\u0173 namelio bald\u0173 rinkinys \u2013 svetain\u0117","isPartOf":{"@id":"https:\/\/kidsplay.lt\/#website"},"primaryImageOfPage":{"@id":"https:\/\/kidsplay.lt\/produktas\/viga-polarb-leliu-namelio-baldu-rinkinys-svetaine\/#primaryimage"},"image":{"@id":"https:\/\/kidsplay.lt\/produktas\/viga-polarb-leliu-namelio-baldu-rinkinys-svetaine\/#primaryimage"},"thumbnailUrl":"https:\/\/kidsplay.lt\/wp-content\/uploads\/2026\/04\/VIGA-\u201ePolarB-leliu-namelio-baldu-rinkinys-\u2013-svetaine.jpg","datePublished":"2026-04-27T04:17:41+00:00","dateModified":"2026-04-27T15:29:57+00:00","description":"VIGA \u201ePolarB\u201c l\u0117li\u0173 namelio bald\u0173 rinkinys \u2013 svetain\u0117 - KidsPlay. Did\u017eiausias vaik\u0173 \u017eaisl\u0173 pasirinkimas.","breadcrumb":{"@id":"https:\/\/kidsplay.lt\/produktas\/viga-polarb-leliu-namelio-baldu-rinkinys-svetaine\/#breadcrumb"},"inLanguage":"lv-LV","potentialAction":[{"@type":"ReadAction","target":["https:\/\/kidsplay.lt\/produktas\/viga-polarb-leliu-namelio-baldu-rinkinys-svetaine\/"]}]},{"@type":"ImageObject","inLanguage":"lv-LV","@id":"https:\/\/kidsplay.lt\/produktas\/viga-polarb-leliu-namelio-baldu-rinkinys-svetaine\/#primaryimage","url":"https:\/\/kidsplay.lt\/wp-content\/uploads\/2026\/04\/VIGA-\u201ePolarB-leliu-namelio-baldu-rinkinys-\u2013-svetaine.jpg","contentUrl":"https:\/\/kidsplay.lt\/wp-content\/uploads\/2026\/04\/VIGA-\u201ePolarB-leliu-namelio-baldu-rinkinys-\u2013-svetaine.jpg","width":1976,"height":1976,"caption":"VIGA \u201ePolarB\u201c l\u0117li\u0173 namelio bald\u0173 rinkinys \u2013 svetain\u0117"},{"@type":"BreadcrumbList","@id":"https:\/\/kidsplay.lt\/produktas\/viga-polarb-leliu-namelio-baldu-rinkinys-svetaine\/#breadcrumb","itemListElement":[{"@type":"ListItem","position":1,"name":"Pagrindinis","item":"https:\/\/kidsplay.lt\/"},{"@type":"ListItem","position":2,"name":"Parduotuv\u0117","item":"https:\/\/kidsplay.lt\/parduotuve\/"},{"@type":"ListItem","position":3,"name":"VIGA \u201ePolarB\u201c l\u0117li\u0173 namelio bald\u0173 rinkinys \u2013 svetain\u0117"}]},{"@type":"WebSite","@id":"https:\/\/kidsplay.lt\/#website","url":"https:\/\/kidsplay.lt\/","name":"B\u0113rnu sp\u0113les.lv","description":"\u012evairios prek\u0117s vaikams","publisher":{"@id":"https:\/\/kidsplay.lt\/#organization"},"alternateName":"Kidsplay","potentialAction":[{"@type":"SearchAction","target":{"@type":"EntryPoint","urlTemplate":"https:\/\/kidsplay.lt\/?s={search_term_string}"},"query-input":{"@type":"PropertyValueSpecification","valueRequired":true,"valueName":"search_term_string"}}],"inLanguage":"lv-LV"},{"@type":"Organization","@id":"https:\/\/kidsplay.lt\/#organization","name":"B\u0113rnu sp\u0113le","url":"https:\/\/kidsplay.lt\/","logo":{"@type":"ImageObject","inLanguage":"lv-LV","@id":"https:\/\/kidsplay.lt\/#\/schema\/logo\/image\/","url":"https:\/\/kidsplay.lt\/wp-content\/uploads\/2023\/07\/kidsplay-logo.png","contentUrl":"https:\/\/kidsplay.lt\/wp-content\/uploads\/2023\/07\/kidsplay-logo.png","width":451,"height":98,"caption":"KidsPlay"},"image":{"@id":"https:\/\/kidsplay.lt\/#\/schema\/logo\/image\/"},"sameAs":["https:\/\/www.facebook.com\/www.kidsplay.lt"]}]}},"_links":{"self":[{"href":"https:\/\/kidsplay.lt\/lv\/wp-json\/wp\/v2\/product\/108986","targetHints":{"allow":["GET"]}}],"collection":[{"href":"https:\/\/kidsplay.lt\/lv\/wp-json\/wp\/v2\/product"}],"about":[{"href":"https:\/\/kidsplay.lt\/lv\/wp-json\/wp\/v2\/types\/product"}],"version-history":[{"count":1,"href":"https:\/\/kidsplay.lt\/lv\/wp-json\/wp\/v2\/product\/108986\/revisions"}],"predecessor-version":[{"id":108987,"href":"https:\/\/kidsplay.lt\/lv\/wp-json\/wp\/v2\/product\/108986\/revisions\/108987"}],"wp:featuredmedia":[{"embeddable":true,"href":"https:\/\/kidsplay.lt\/lv\/wp-json\/wp\/v2\/media\/108988"}],"wp:attachment":[{"href":"https:\/\/kidsplay.lt\/lv\/wp-json\/wp\/v2\/media?parent=108986"}],"wp:term":[{"taxonomy":"product_brand","embeddable":true,"href":"https:\/\/kidsplay.lt\/lv\/wp-json\/wp\/v2\/product_brand?post=108986"},{"taxonomy":"product_cat","embeddable":true,"href":"https:\/\/kidsplay.lt\/lv\/wp-json\/wp\/v2\/product_cat?post=108986"},{"taxonomy":"product_tag","embeddable":true,"href":"https:\/\/kidsplay.lt\/lv\/wp-json\/wp\/v2\/product_tag?post=108986"}],"curies":[{"name":"wp","href":"https:\/\/api.w.org\/{rel}","templated":true}]}}