{"id":109014,"date":"2026-04-27T07:18:59","date_gmt":"2026-04-27T04:18:59","guid":{"rendered":"https:\/\/kidsplay.lt\/produktas\/viga-polarb-piramides-edukacinis-deliones-kubas-rusiuokle-kaladeles\/"},"modified":"2026-04-29T18:30:41","modified_gmt":"2026-04-29T15:30:41","slug":"viga-polarb-piramides-edukacinis-deliones-kubas-rusiuokle-kaladeles","status":"publish","type":"product","link":"https:\/\/kidsplay.lt\/lv\/products\/viga-polarb-piramides-edukacinis-deliones-kubas-rusiuokle-kaladeles\/","title":{"rendered":"VIGA \u201ePolarB\u201c piramid\u0117s edukacinis d\u0117lion\u0117s kubas (r\u016b\u0161iuokl\u0117, kalad\u0117l\u0117s)"},"content":{"rendered":"<p>VIGA spalvinga edukacin\u0117 piramid\u0117 su form\u0173 r\u016b\u0161iuokle yra vaik\u0173 m\u0117gstamas lavinamasis \u017eaislas. \u0160velnios pastelin\u0117s spalvos ir esteti\u0161kas dizainas skatina vaikus \u017eaisti ir tyrin\u0117ti.<br \/>\nRaksturojums:<\/p>\n<p> \trinkin\u012f sudaro 5 skirting\u0173 dyd\u017ei\u0173 d\u0117\u017eut\u0117s ir 4 skirting\u0173 geometrini\u0173 form\u0173 kalad\u0117l\u0117s,<br \/>\n \tkalad\u0117li\u0173 sienel\u0117se yra skirtingi pie\u0161iniai:<\/p>\n<p> \tvienoje pus\u0117je skai\u010diai (nuo 1 iki 5),<br \/>\n \tkitoje pus\u0117je mieli VIGA PolarB serijos gyv\u016bnai,<br \/>\n \ttre\u010dioje pus\u0117je \u2013 paveiksl\u0117liai, kuri\u0173 kiekis atitinka skai\u010di\u0173,<br \/>\n \tketvirtoje pus\u0117je \u2013 i\u0161pjautos arba nupie\u0161tos geometrin\u0117s formos,<\/p>\n<p> \tvaikai gali laisvai d\u0117lioti kubus, mokytis skai\u010di\u0173, derinti formas r\u016b\u0161iuokl\u0117je ir pa\u017einti gyv\u016bnus,<br \/>\n \tpagaminta i\u0161 lakuotos medienos, da\u017eyta netoksi\u0161kais \u201epoliarini\u0173\u201c spalv\u0173 da\u017eais.<\/p>","protected":false},"excerpt":{"rendered":"<p>VIGA spalvinga edukacin\u0117 piramid\u0117 su form\u0173 r\u016b\u0161iuokle yra vaik\u0173 m\u0117gstamas lavinamasis \u017eaislas. \u0160velnios pastelin\u0117s spalvos ir esteti\u0161kas dizainas skatina vaikus<\/p>","protected":false},"featured_media":109016,"template":"","meta":{"_acf_changed":false,"_glsr_average":0,"_glsr_ranking":0,"_glsr_reviews":0},"product_brand":[],"product_cat":[388,229],"product_tag":[],"class_list":{"0":"post-109014","1":"product","2":"type-product","3":"status-publish","4":"has-post-thumbnail","6":"product_cat-edukaciniai-lavinamieji-zaislai","7":"product_cat-zaislai-vaikams","8":"\"style=\"background-color: #2ecc711c;\"","10":"first","11":"instock","12":"purchasable","13":"product-type-simple"},"acf":[],"yoast_head":"<!-- This site is optimized with the Yoast SEO plugin v27.5 - https:\/\/yoast.com\/product\/yoast-seo-wordpress\/ -->\n<title>VIGA \u201ePolarB\u201c piramid\u0117s edukacinis d\u0117lion\u0117s kubas (r\u016b\u0161iuokl\u0117, kalad\u0117l\u0117s)<\/title>\n<meta name=\"description\" content=\"VIGA \u201ePolarB\u201c piramid\u0117s edukacinis d\u0117lion\u0117s kubas (r\u016b\u0161iuokl\u0117, kalad\u0117l\u0117s) - KidsPlay. Did\u017eiausias vaik\u0173 \u017eaisl\u0173 pasirinkimas.\" \/>\n<meta name=\"robots\" content=\"index, follow, max-snippet:-1, max-image-preview:large, max-video-preview:-1\" \/>\n<link rel=\"canonical\" href=\"https:\/\/kidsplay.lt\/lv\/products\/viga-polarb-piramides-edukacinis-deliones-kubas-rusiuokle-kaladeles\/\" \/>\n<meta property=\"og:locale\" content=\"lv_LV\" \/>\n<meta property=\"og:type\" content=\"article\" \/>\n<meta property=\"og:title\" content=\"VIGA \u201ePolarB\u201c piramid\u0117s edukacinis d\u0117lion\u0117s kubas (r\u016b\u0161iuokl\u0117, kalad\u0117l\u0117s)\" \/>\n<meta property=\"og:description\" content=\"VIGA \u201ePolarB\u201c piramid\u0117s edukacinis d\u0117lion\u0117s kubas (r\u016b\u0161iuokl\u0117, kalad\u0117l\u0117s) - KidsPlay. Did\u017eiausias vaik\u0173 \u017eaisl\u0173 pasirinkimas.\" \/>\n<meta property=\"og:url\" content=\"https:\/\/kidsplay.lt\/lv\/products\/viga-polarb-piramides-edukacinis-deliones-kubas-rusiuokle-kaladeles\/\" \/>\n<meta property=\"og:site_name\" content=\"KidsPlay\" \/>\n<meta property=\"article:publisher\" content=\"https:\/\/www.facebook.com\/www.kidsplay.lt\" \/>\n<meta property=\"article:modified_time\" content=\"2026-04-29T15:30:41+00:00\" \/>\n<meta property=\"og:image\" content=\"https:\/\/kidsplay.lt\/wp-content\/uploads\/2026\/04\/VIGA-\u201ePolarB-piramides-edukacinis-deliones-kubas-rusiuokle-kaladeles.jpg\" \/>\n\t<meta property=\"og:image:width\" content=\"1206\" \/>\n\t<meta property=\"og:image:height\" content=\"1206\" \/>\n\t<meta property=\"og:image:type\" content=\"image\/jpeg\" \/>\n<meta name=\"twitter:card\" content=\"summary_large_image\" \/>\n<meta name=\"twitter:label1\" content=\"Est. reading time\" \/>\n\t<meta name=\"twitter:data1\" content=\"1 min\u016bte\" \/>\n<script type=\"application\/ld+json\" class=\"yoast-schema-graph\">{\"@context\":\"https:\\\/\\\/schema.org\",\"@graph\":[{\"@type\":\"WebPage\",\"@id\":\"https:\\\/\\\/kidsplay.lt\\\/produktas\\\/viga-polarb-piramides-edukacinis-deliones-kubas-rusiuokle-kaladeles\\\/\",\"url\":\"https:\\\/\\\/kidsplay.lt\\\/produktas\\\/viga-polarb-piramides-edukacinis-deliones-kubas-rusiuokle-kaladeles\\\/\",\"name\":\"VIGA \u201ePolarB\u201c piramid\u0117s edukacinis d\u0117lion\u0117s kubas (r\u016b\u0161iuokl\u0117, kalad\u0117l\u0117s)\",\"isPartOf\":{\"@id\":\"https:\\\/\\\/kidsplay.lt\\\/#website\"},\"primaryImageOfPage\":{\"@id\":\"https:\\\/\\\/kidsplay.lt\\\/produktas\\\/viga-polarb-piramides-edukacinis-deliones-kubas-rusiuokle-kaladeles\\\/#primaryimage\"},\"image\":{\"@id\":\"https:\\\/\\\/kidsplay.lt\\\/produktas\\\/viga-polarb-piramides-edukacinis-deliones-kubas-rusiuokle-kaladeles\\\/#primaryimage\"},\"thumbnailUrl\":\"https:\\\/\\\/kidsplay.lt\\\/wp-content\\\/uploads\\\/2026\\\/04\\\/VIGA-\u201ePolarB-piramides-edukacinis-deliones-kubas-rusiuokle-kaladeles.jpg\",\"datePublished\":\"2026-04-27T04:18:59+00:00\",\"dateModified\":\"2026-04-29T15:30:41+00:00\",\"description\":\"VIGA \u201ePolarB\u201c piramid\u0117s edukacinis d\u0117lion\u0117s kubas (r\u016b\u0161iuokl\u0117, kalad\u0117l\u0117s) - KidsPlay. Did\u017eiausias vaik\u0173 \u017eaisl\u0173 pasirinkimas.\",\"breadcrumb\":{\"@id\":\"https:\\\/\\\/kidsplay.lt\\\/produktas\\\/viga-polarb-piramides-edukacinis-deliones-kubas-rusiuokle-kaladeles\\\/#breadcrumb\"},\"inLanguage\":\"lv-LV\",\"potentialAction\":[{\"@type\":\"ReadAction\",\"target\":[\"https:\\\/\\\/kidsplay.lt\\\/produktas\\\/viga-polarb-piramides-edukacinis-deliones-kubas-rusiuokle-kaladeles\\\/\"]}]},{\"@type\":\"ImageObject\",\"inLanguage\":\"lv-LV\",\"@id\":\"https:\\\/\\\/kidsplay.lt\\\/produktas\\\/viga-polarb-piramides-edukacinis-deliones-kubas-rusiuokle-kaladeles\\\/#primaryimage\",\"url\":\"https:\\\/\\\/kidsplay.lt\\\/wp-content\\\/uploads\\\/2026\\\/04\\\/VIGA-\u201ePolarB-piramides-edukacinis-deliones-kubas-rusiuokle-kaladeles.jpg\",\"contentUrl\":\"https:\\\/\\\/kidsplay.lt\\\/wp-content\\\/uploads\\\/2026\\\/04\\\/VIGA-\u201ePolarB-piramides-edukacinis-deliones-kubas-rusiuokle-kaladeles.jpg\",\"width\":1206,\"height\":1206,\"caption\":\"VIGA \u201ePolarB\u201c piramid\u0117s edukacinis d\u0117lion\u0117s kubas (r\u016b\u0161iuokl\u0117\"},{\"@type\":\"BreadcrumbList\",\"@id\":\"https:\\\/\\\/kidsplay.lt\\\/produktas\\\/viga-polarb-piramides-edukacinis-deliones-kubas-rusiuokle-kaladeles\\\/#breadcrumb\",\"itemListElement\":[{\"@type\":\"ListItem\",\"position\":1,\"name\":\"Pagrindinis\",\"item\":\"https:\\\/\\\/kidsplay.lt\\\/\"},{\"@type\":\"ListItem\",\"position\":2,\"name\":\"Parduotuv\u0117\",\"item\":\"https:\\\/\\\/kidsplay.lt\\\/parduotuve\\\/\"},{\"@type\":\"ListItem\",\"position\":3,\"name\":\"VIGA \u201ePolarB\u201c piramid\u0117s edukacinis d\u0117lion\u0117s kubas (r\u016b\u0161iuokl\u0117, kalad\u0117l\u0117s)\"}]},{\"@type\":\"WebSite\",\"@id\":\"https:\\\/\\\/kidsplay.lt\\\/#website\",\"url\":\"https:\\\/\\\/kidsplay.lt\\\/\",\"name\":\"Kidsplay.lt\",\"description\":\"\u012evairios prek\u0117s vaikams\",\"publisher\":{\"@id\":\"https:\\\/\\\/kidsplay.lt\\\/#organization\"},\"alternateName\":\"Kidsplay\",\"potentialAction\":[{\"@type\":\"SearchAction\",\"target\":{\"@type\":\"EntryPoint\",\"urlTemplate\":\"https:\\\/\\\/kidsplay.lt\\\/?s={search_term_string}\"},\"query-input\":{\"@type\":\"PropertyValueSpecification\",\"valueRequired\":true,\"valueName\":\"search_term_string\"}}],\"inLanguage\":\"lv-LV\"},{\"@type\":\"Organization\",\"@id\":\"https:\\\/\\\/kidsplay.lt\\\/#organization\",\"name\":\"KidsPlay\",\"url\":\"https:\\\/\\\/kidsplay.lt\\\/\",\"logo\":{\"@type\":\"ImageObject\",\"inLanguage\":\"lv-LV\",\"@id\":\"https:\\\/\\\/kidsplay.lt\\\/#\\\/schema\\\/logo\\\/image\\\/\",\"url\":\"https:\\\/\\\/kidsplay.lt\\\/wp-content\\\/uploads\\\/2023\\\/07\\\/kidsplay-logo.png\",\"contentUrl\":\"https:\\\/\\\/kidsplay.lt\\\/wp-content\\\/uploads\\\/2023\\\/07\\\/kidsplay-logo.png\",\"width\":451,\"height\":98,\"caption\":\"KidsPlay\"},\"image\":{\"@id\":\"https:\\\/\\\/kidsplay.lt\\\/#\\\/schema\\\/logo\\\/image\\\/\"},\"sameAs\":[\"https:\\\/\\\/www.facebook.com\\\/www.kidsplay.lt\"]}]}<\/script>\n<!-- \/ Yoast SEO plugin. -->","yoast_head_json":{"title":"VIGA \u201ePolarB\u201c piramid\u0117s edukacinis d\u0117lion\u0117s kubas (r\u016b\u0161iuokl\u0117, kalad\u0117l\u0117s)","description":"VIGA \u201ePolarB\u201c piramid\u0117s edukacinis d\u0117lion\u0117s kubas (r\u016b\u0161iuokl\u0117, kalad\u0117l\u0117s) - KidsPlay. Did\u017eiausias vaik\u0173 \u017eaisl\u0173 pasirinkimas.","robots":{"index":"index","follow":"follow","max-snippet":"max-snippet:-1","max-image-preview":"max-image-preview:large","max-video-preview":"max-video-preview:-1"},"canonical":"https:\/\/kidsplay.lt\/lv\/products\/viga-polarb-piramides-edukacinis-deliones-kubas-rusiuokle-kaladeles\/","og_locale":"lv_LV","og_type":"article","og_title":"VIGA \u201ePolarB\u201c piramid\u0117s edukacinis d\u0117lion\u0117s kubas (r\u016b\u0161iuokl\u0117, kalad\u0117l\u0117s)","og_description":"VIGA \u201ePolarB\u201c piramid\u0117s edukacinis d\u0117lion\u0117s kubas (r\u016b\u0161iuokl\u0117, kalad\u0117l\u0117s) - KidsPlay. Did\u017eiausias vaik\u0173 \u017eaisl\u0173 pasirinkimas.","og_url":"https:\/\/kidsplay.lt\/lv\/products\/viga-polarb-piramides-edukacinis-deliones-kubas-rusiuokle-kaladeles\/","og_site_name":"KidsPlay","article_publisher":"https:\/\/www.facebook.com\/www.kidsplay.lt","article_modified_time":"2026-04-29T15:30:41+00:00","og_image":[{"width":1206,"height":1206,"url":"https:\/\/kidsplay.lt\/wp-content\/uploads\/2026\/04\/VIGA-\u201ePolarB-piramides-edukacinis-deliones-kubas-rusiuokle-kaladeles.jpg","type":"image\/jpeg"}],"twitter_card":"summary_large_image","twitter_misc":{"Est. reading time":"1 min\u016bte"},"schema":{"@context":"https:\/\/schema.org","@graph":[{"@type":"WebPage","@id":"https:\/\/kidsplay.lt\/produktas\/viga-polarb-piramides-edukacinis-deliones-kubas-rusiuokle-kaladeles\/","url":"https:\/\/kidsplay.lt\/produktas\/viga-polarb-piramides-edukacinis-deliones-kubas-rusiuokle-kaladeles\/","name":"VIGA \u201ePolarB\u201c piramid\u0117s edukacinis d\u0117lion\u0117s kubas (r\u016b\u0161iuokl\u0117, kalad\u0117l\u0117s)","isPartOf":{"@id":"https:\/\/kidsplay.lt\/#website"},"primaryImageOfPage":{"@id":"https:\/\/kidsplay.lt\/produktas\/viga-polarb-piramides-edukacinis-deliones-kubas-rusiuokle-kaladeles\/#primaryimage"},"image":{"@id":"https:\/\/kidsplay.lt\/produktas\/viga-polarb-piramides-edukacinis-deliones-kubas-rusiuokle-kaladeles\/#primaryimage"},"thumbnailUrl":"https:\/\/kidsplay.lt\/wp-content\/uploads\/2026\/04\/VIGA-\u201ePolarB-piramides-edukacinis-deliones-kubas-rusiuokle-kaladeles.jpg","datePublished":"2026-04-27T04:18:59+00:00","dateModified":"2026-04-29T15:30:41+00:00","description":"VIGA \u201ePolarB\u201c piramid\u0117s edukacinis d\u0117lion\u0117s kubas (r\u016b\u0161iuokl\u0117, kalad\u0117l\u0117s) - KidsPlay. Did\u017eiausias vaik\u0173 \u017eaisl\u0173 pasirinkimas.","breadcrumb":{"@id":"https:\/\/kidsplay.lt\/produktas\/viga-polarb-piramides-edukacinis-deliones-kubas-rusiuokle-kaladeles\/#breadcrumb"},"inLanguage":"lv-LV","potentialAction":[{"@type":"ReadAction","target":["https:\/\/kidsplay.lt\/produktas\/viga-polarb-piramides-edukacinis-deliones-kubas-rusiuokle-kaladeles\/"]}]},{"@type":"ImageObject","inLanguage":"lv-LV","@id":"https:\/\/kidsplay.lt\/produktas\/viga-polarb-piramides-edukacinis-deliones-kubas-rusiuokle-kaladeles\/#primaryimage","url":"https:\/\/kidsplay.lt\/wp-content\/uploads\/2026\/04\/VIGA-\u201ePolarB-piramides-edukacinis-deliones-kubas-rusiuokle-kaladeles.jpg","contentUrl":"https:\/\/kidsplay.lt\/wp-content\/uploads\/2026\/04\/VIGA-\u201ePolarB-piramides-edukacinis-deliones-kubas-rusiuokle-kaladeles.jpg","width":1206,"height":1206,"caption":"VIGA \u201ePolarB\u201c piramid\u0117s edukacinis d\u0117lion\u0117s kubas (r\u016b\u0161iuokl\u0117"},{"@type":"BreadcrumbList","@id":"https:\/\/kidsplay.lt\/produktas\/viga-polarb-piramides-edukacinis-deliones-kubas-rusiuokle-kaladeles\/#breadcrumb","itemListElement":[{"@type":"ListItem","position":1,"name":"Pagrindinis","item":"https:\/\/kidsplay.lt\/"},{"@type":"ListItem","position":2,"name":"Parduotuv\u0117","item":"https:\/\/kidsplay.lt\/parduotuve\/"},{"@type":"ListItem","position":3,"name":"VIGA \u201ePolarB\u201c piramid\u0117s edukacinis d\u0117lion\u0117s kubas (r\u016b\u0161iuokl\u0117, kalad\u0117l\u0117s)"}]},{"@type":"WebSite","@id":"https:\/\/kidsplay.lt\/#website","url":"https:\/\/kidsplay.lt\/","name":"B\u0113rnu sp\u0113les.lv","description":"\u012evairios prek\u0117s vaikams","publisher":{"@id":"https:\/\/kidsplay.lt\/#organization"},"alternateName":"Kidsplay","potentialAction":[{"@type":"SearchAction","target":{"@type":"EntryPoint","urlTemplate":"https:\/\/kidsplay.lt\/?s={search_term_string}"},"query-input":{"@type":"PropertyValueSpecification","valueRequired":true,"valueName":"search_term_string"}}],"inLanguage":"lv-LV"},{"@type":"Organization","@id":"https:\/\/kidsplay.lt\/#organization","name":"B\u0113rnu sp\u0113le","url":"https:\/\/kidsplay.lt\/","logo":{"@type":"ImageObject","inLanguage":"lv-LV","@id":"https:\/\/kidsplay.lt\/#\/schema\/logo\/image\/","url":"https:\/\/kidsplay.lt\/wp-content\/uploads\/2023\/07\/kidsplay-logo.png","contentUrl":"https:\/\/kidsplay.lt\/wp-content\/uploads\/2023\/07\/kidsplay-logo.png","width":451,"height":98,"caption":"KidsPlay"},"image":{"@id":"https:\/\/kidsplay.lt\/#\/schema\/logo\/image\/"},"sameAs":["https:\/\/www.facebook.com\/www.kidsplay.lt"]}]}},"_links":{"self":[{"href":"https:\/\/kidsplay.lt\/lv\/wp-json\/wp\/v2\/product\/109014","targetHints":{"allow":["GET"]}}],"collection":[{"href":"https:\/\/kidsplay.lt\/lv\/wp-json\/wp\/v2\/product"}],"about":[{"href":"https:\/\/kidsplay.lt\/lv\/wp-json\/wp\/v2\/types\/product"}],"version-history":[{"count":1,"href":"https:\/\/kidsplay.lt\/lv\/wp-json\/wp\/v2\/product\/109014\/revisions"}],"predecessor-version":[{"id":109015,"href":"https:\/\/kidsplay.lt\/lv\/wp-json\/wp\/v2\/product\/109014\/revisions\/109015"}],"wp:featuredmedia":[{"embeddable":true,"href":"https:\/\/kidsplay.lt\/lv\/wp-json\/wp\/v2\/media\/109016"}],"wp:attachment":[{"href":"https:\/\/kidsplay.lt\/lv\/wp-json\/wp\/v2\/media?parent=109014"}],"wp:term":[{"taxonomy":"product_brand","embeddable":true,"href":"https:\/\/kidsplay.lt\/lv\/wp-json\/wp\/v2\/product_brand?post=109014"},{"taxonomy":"product_cat","embeddable":true,"href":"https:\/\/kidsplay.lt\/lv\/wp-json\/wp\/v2\/product_cat?post=109014"},{"taxonomy":"product_tag","embeddable":true,"href":"https:\/\/kidsplay.lt\/lv\/wp-json\/wp\/v2\/product_tag?post=109014"}],"curies":[{"name":"wp","href":"https:\/\/api.w.org\/{rel}","templated":true}]}}