{"id":109021,"date":"2026-04-27T07:19:16","date_gmt":"2026-04-27T04:19:16","guid":{"rendered":"https:\/\/kidsplay.lt\/produktas\/viga-medinis-mesainio-ir-sumustinio-pjaustymo-rinkinys\/"},"modified":"2026-04-27T18:29:58","modified_gmt":"2026-04-27T15:29:58","slug":"viga-medinis-mesainio-ir-sumustinio-pjaustymo-rinkinys","status":"publish","type":"product","link":"https:\/\/kidsplay.lt\/lv\/products\/viga-medinis-mesainio-ir-sumustinio-pjaustymo-rinkinys\/","title":{"rendered":"VIGA medinis m\u0117sainio ir sumu\u0161tinio pjaustymo rinkinys"},"content":{"rendered":"<p>VIGA vaikai m\u0117gsta m\u0117gd\u017eioti savo t\u0117vus. Daugelyje nam\u0173 bendri pusry\u010diai yra svarbi savaitgalio tradicija. \u0160io VIGA \u017eaislo d\u0117ka ma\u017eieji gali kartu su t\u0117vais \u201edalyvauti\u201c ruo\u0161iant \u0161\u012f valg\u012f. Kruop\u0161\u010diai parinkti ingredientai leid\u017eia \u201epasigaminti\u201c skan\u0173 sumu\u0161tin\u012f ar m\u0117sain\u012f. Kai viskas paruo\u0161ta, galima kartu s\u0117sti prie stalo.<br \/>\nRaksturojums:<\/p>\n<p> \trinkinyje: peilis, 2 skrudintos duonos riek\u0117s, 1 m\u0117sainio bandel\u0117, 2 salotos lapai, 2 pomidoro grie\u017ein\u0117liai, 1 s\u016brio riek\u0117, 1 kumpio riek\u0117, m\u0117sainio paplot\u0117lis,<br \/>\n \tvisas rinkinys pagamintas i\u0161 lakuotos medienos,<br \/>\n \tda\u017eytas vaikams saugiais, ry\u0161kiais da\u017eais.<\/p>","protected":false},"excerpt":{"rendered":"<p>VIGA vaikai m\u0117gsta m\u0117gd\u017eioti savo t\u0117vus. Daugelyje nam\u0173 bendri pusry\u010diai yra svarbi savaitgalio tradicija. \u0160io VIGA \u017eaislo d\u0117ka ma\u017eieji gali<\/p>","protected":false},"featured_media":109023,"template":"","meta":{"_acf_changed":false,"_glsr_average":0,"_glsr_ranking":0,"_glsr_reviews":0},"product_brand":[],"product_cat":[399,229],"product_tag":[],"class_list":{"0":"post-109021","1":"product","2":"type-product","3":"status-publish","4":"has-post-thumbnail","6":"product_cat-vaidmenu-zaidimai-2","7":"product_cat-zaislai-vaikams","8":"\"style=\"background-color: #2ecc711c;\"","10":"first","11":"instock","12":"purchasable","13":"product-type-simple"},"acf":[],"yoast_head":"<!-- This site is optimized with the Yoast SEO plugin v27.4 - https:\/\/yoast.com\/product\/yoast-seo-wordpress\/ -->\n<title>VIGA medinis m\u0117sainio ir sumu\u0161tinio pjaustymo rinkinys<\/title>\n<meta name=\"description\" content=\"VIGA medinis m\u0117sainio ir sumu\u0161tinio pjaustymo rinkinys - KidsPlay. Did\u017eiausias vaik\u0173 \u017eaisl\u0173 pasirinkimas.\" \/>\n<meta name=\"robots\" content=\"index, follow, max-snippet:-1, max-image-preview:large, max-video-preview:-1\" \/>\n<link rel=\"canonical\" href=\"https:\/\/kidsplay.lt\/lv\/products\/viga-medinis-mesainio-ir-sumustinio-pjaustymo-rinkinys\/\" \/>\n<meta property=\"og:locale\" content=\"lv_LV\" \/>\n<meta property=\"og:type\" content=\"article\" \/>\n<meta property=\"og:title\" content=\"VIGA medinis m\u0117sainio ir sumu\u0161tinio pjaustymo rinkinys\" \/>\n<meta property=\"og:description\" content=\"VIGA medinis m\u0117sainio ir sumu\u0161tinio pjaustymo rinkinys - KidsPlay. Did\u017eiausias vaik\u0173 \u017eaisl\u0173 pasirinkimas.\" \/>\n<meta property=\"og:url\" content=\"https:\/\/kidsplay.lt\/lv\/products\/viga-medinis-mesainio-ir-sumustinio-pjaustymo-rinkinys\/\" \/>\n<meta property=\"og:site_name\" content=\"KidsPlay\" \/>\n<meta property=\"article:publisher\" content=\"https:\/\/www.facebook.com\/www.kidsplay.lt\" \/>\n<meta property=\"article:modified_time\" content=\"2026-04-27T15:29:58+00:00\" \/>\n<meta property=\"og:image\" content=\"https:\/\/kidsplay.lt\/wp-content\/uploads\/2026\/04\/VIGA-medinis-mesainio-ir-sumustinio-pjaustymo-rinkinys.jpg\" \/>\n\t<meta property=\"og:image:width\" content=\"2560\" \/>\n\t<meta property=\"og:image:height\" content=\"2560\" \/>\n\t<meta property=\"og:image:type\" content=\"image\/jpeg\" \/>\n<meta name=\"twitter:card\" content=\"summary_large_image\" \/>\n<script type=\"application\/ld+json\" class=\"yoast-schema-graph\">{\"@context\":\"https:\\\/\\\/schema.org\",\"@graph\":[{\"@type\":\"WebPage\",\"@id\":\"https:\\\/\\\/kidsplay.lt\\\/produktas\\\/viga-medinis-mesainio-ir-sumustinio-pjaustymo-rinkinys\\\/\",\"url\":\"https:\\\/\\\/kidsplay.lt\\\/produktas\\\/viga-medinis-mesainio-ir-sumustinio-pjaustymo-rinkinys\\\/\",\"name\":\"VIGA medinis m\u0117sainio ir sumu\u0161tinio pjaustymo rinkinys\",\"isPartOf\":{\"@id\":\"https:\\\/\\\/kidsplay.lt\\\/#website\"},\"primaryImageOfPage\":{\"@id\":\"https:\\\/\\\/kidsplay.lt\\\/produktas\\\/viga-medinis-mesainio-ir-sumustinio-pjaustymo-rinkinys\\\/#primaryimage\"},\"image\":{\"@id\":\"https:\\\/\\\/kidsplay.lt\\\/produktas\\\/viga-medinis-mesainio-ir-sumustinio-pjaustymo-rinkinys\\\/#primaryimage\"},\"thumbnailUrl\":\"https:\\\/\\\/kidsplay.lt\\\/wp-content\\\/uploads\\\/2026\\\/04\\\/VIGA-medinis-mesainio-ir-sumustinio-pjaustymo-rinkinys.jpg\",\"datePublished\":\"2026-04-27T04:19:16+00:00\",\"dateModified\":\"2026-04-27T15:29:58+00:00\",\"description\":\"VIGA medinis m\u0117sainio ir sumu\u0161tinio pjaustymo rinkinys - KidsPlay. Did\u017eiausias vaik\u0173 \u017eaisl\u0173 pasirinkimas.\",\"breadcrumb\":{\"@id\":\"https:\\\/\\\/kidsplay.lt\\\/produktas\\\/viga-medinis-mesainio-ir-sumustinio-pjaustymo-rinkinys\\\/#breadcrumb\"},\"inLanguage\":\"lv-LV\",\"potentialAction\":[{\"@type\":\"ReadAction\",\"target\":[\"https:\\\/\\\/kidsplay.lt\\\/produktas\\\/viga-medinis-mesainio-ir-sumustinio-pjaustymo-rinkinys\\\/\"]}]},{\"@type\":\"ImageObject\",\"inLanguage\":\"lv-LV\",\"@id\":\"https:\\\/\\\/kidsplay.lt\\\/produktas\\\/viga-medinis-mesainio-ir-sumustinio-pjaustymo-rinkinys\\\/#primaryimage\",\"url\":\"https:\\\/\\\/kidsplay.lt\\\/wp-content\\\/uploads\\\/2026\\\/04\\\/VIGA-medinis-mesainio-ir-sumustinio-pjaustymo-rinkinys.jpg\",\"contentUrl\":\"https:\\\/\\\/kidsplay.lt\\\/wp-content\\\/uploads\\\/2026\\\/04\\\/VIGA-medinis-mesainio-ir-sumustinio-pjaustymo-rinkinys.jpg\",\"width\":2560,\"height\":2560,\"caption\":\"VIGA medinis m\u0117sainio ir sumu\u0161tinio pjaustymo rinkinys\"},{\"@type\":\"BreadcrumbList\",\"@id\":\"https:\\\/\\\/kidsplay.lt\\\/produktas\\\/viga-medinis-mesainio-ir-sumustinio-pjaustymo-rinkinys\\\/#breadcrumb\",\"itemListElement\":[{\"@type\":\"ListItem\",\"position\":1,\"name\":\"Pagrindinis\",\"item\":\"https:\\\/\\\/kidsplay.lt\\\/\"},{\"@type\":\"ListItem\",\"position\":2,\"name\":\"Parduotuv\u0117\",\"item\":\"https:\\\/\\\/kidsplay.lt\\\/parduotuve\\\/\"},{\"@type\":\"ListItem\",\"position\":3,\"name\":\"VIGA medinis m\u0117sainio ir sumu\u0161tinio pjaustymo rinkinys\"}]},{\"@type\":\"WebSite\",\"@id\":\"https:\\\/\\\/kidsplay.lt\\\/#website\",\"url\":\"https:\\\/\\\/kidsplay.lt\\\/\",\"name\":\"Kidsplay.lt\",\"description\":\"\u012evairios prek\u0117s vaikams\",\"publisher\":{\"@id\":\"https:\\\/\\\/kidsplay.lt\\\/#organization\"},\"alternateName\":\"Kidsplay\",\"potentialAction\":[{\"@type\":\"SearchAction\",\"target\":{\"@type\":\"EntryPoint\",\"urlTemplate\":\"https:\\\/\\\/kidsplay.lt\\\/?s={search_term_string}\"},\"query-input\":{\"@type\":\"PropertyValueSpecification\",\"valueRequired\":true,\"valueName\":\"search_term_string\"}}],\"inLanguage\":\"lv-LV\"},{\"@type\":\"Organization\",\"@id\":\"https:\\\/\\\/kidsplay.lt\\\/#organization\",\"name\":\"KidsPlay\",\"url\":\"https:\\\/\\\/kidsplay.lt\\\/\",\"logo\":{\"@type\":\"ImageObject\",\"inLanguage\":\"lv-LV\",\"@id\":\"https:\\\/\\\/kidsplay.lt\\\/#\\\/schema\\\/logo\\\/image\\\/\",\"url\":\"https:\\\/\\\/kidsplay.lt\\\/wp-content\\\/uploads\\\/2023\\\/07\\\/kidsplay-logo.png\",\"contentUrl\":\"https:\\\/\\\/kidsplay.lt\\\/wp-content\\\/uploads\\\/2023\\\/07\\\/kidsplay-logo.png\",\"width\":451,\"height\":98,\"caption\":\"KidsPlay\"},\"image\":{\"@id\":\"https:\\\/\\\/kidsplay.lt\\\/#\\\/schema\\\/logo\\\/image\\\/\"},\"sameAs\":[\"https:\\\/\\\/www.facebook.com\\\/www.kidsplay.lt\"]}]}<\/script>\n<!-- \/ Yoast SEO plugin. -->","yoast_head_json":{"title":"VIGA medinis m\u0117sainio ir sumu\u0161tinio pjaustymo rinkinys","description":"VIGA medinis m\u0117sainio ir sumu\u0161tinio pjaustymo rinkinys - KidsPlay. Did\u017eiausias vaik\u0173 \u017eaisl\u0173 pasirinkimas.","robots":{"index":"index","follow":"follow","max-snippet":"max-snippet:-1","max-image-preview":"max-image-preview:large","max-video-preview":"max-video-preview:-1"},"canonical":"https:\/\/kidsplay.lt\/lv\/products\/viga-medinis-mesainio-ir-sumustinio-pjaustymo-rinkinys\/","og_locale":"lv_LV","og_type":"article","og_title":"VIGA medinis m\u0117sainio ir sumu\u0161tinio pjaustymo rinkinys","og_description":"VIGA medinis m\u0117sainio ir sumu\u0161tinio pjaustymo rinkinys - KidsPlay. Did\u017eiausias vaik\u0173 \u017eaisl\u0173 pasirinkimas.","og_url":"https:\/\/kidsplay.lt\/lv\/products\/viga-medinis-mesainio-ir-sumustinio-pjaustymo-rinkinys\/","og_site_name":"KidsPlay","article_publisher":"https:\/\/www.facebook.com\/www.kidsplay.lt","article_modified_time":"2026-04-27T15:29:58+00:00","og_image":[{"width":2560,"height":2560,"url":"https:\/\/kidsplay.lt\/wp-content\/uploads\/2026\/04\/VIGA-medinis-mesainio-ir-sumustinio-pjaustymo-rinkinys.jpg","type":"image\/jpeg"}],"twitter_card":"summary_large_image","schema":{"@context":"https:\/\/schema.org","@graph":[{"@type":"WebPage","@id":"https:\/\/kidsplay.lt\/produktas\/viga-medinis-mesainio-ir-sumustinio-pjaustymo-rinkinys\/","url":"https:\/\/kidsplay.lt\/produktas\/viga-medinis-mesainio-ir-sumustinio-pjaustymo-rinkinys\/","name":"VIGA medinis m\u0117sainio ir sumu\u0161tinio pjaustymo rinkinys","isPartOf":{"@id":"https:\/\/kidsplay.lt\/#website"},"primaryImageOfPage":{"@id":"https:\/\/kidsplay.lt\/produktas\/viga-medinis-mesainio-ir-sumustinio-pjaustymo-rinkinys\/#primaryimage"},"image":{"@id":"https:\/\/kidsplay.lt\/produktas\/viga-medinis-mesainio-ir-sumustinio-pjaustymo-rinkinys\/#primaryimage"},"thumbnailUrl":"https:\/\/kidsplay.lt\/wp-content\/uploads\/2026\/04\/VIGA-medinis-mesainio-ir-sumustinio-pjaustymo-rinkinys.jpg","datePublished":"2026-04-27T04:19:16+00:00","dateModified":"2026-04-27T15:29:58+00:00","description":"VIGA medinis m\u0117sainio ir sumu\u0161tinio pjaustymo rinkinys - KidsPlay. Did\u017eiausias vaik\u0173 \u017eaisl\u0173 pasirinkimas.","breadcrumb":{"@id":"https:\/\/kidsplay.lt\/produktas\/viga-medinis-mesainio-ir-sumustinio-pjaustymo-rinkinys\/#breadcrumb"},"inLanguage":"lv-LV","potentialAction":[{"@type":"ReadAction","target":["https:\/\/kidsplay.lt\/produktas\/viga-medinis-mesainio-ir-sumustinio-pjaustymo-rinkinys\/"]}]},{"@type":"ImageObject","inLanguage":"lv-LV","@id":"https:\/\/kidsplay.lt\/produktas\/viga-medinis-mesainio-ir-sumustinio-pjaustymo-rinkinys\/#primaryimage","url":"https:\/\/kidsplay.lt\/wp-content\/uploads\/2026\/04\/VIGA-medinis-mesainio-ir-sumustinio-pjaustymo-rinkinys.jpg","contentUrl":"https:\/\/kidsplay.lt\/wp-content\/uploads\/2026\/04\/VIGA-medinis-mesainio-ir-sumustinio-pjaustymo-rinkinys.jpg","width":2560,"height":2560,"caption":"VIGA medinis m\u0117sainio ir sumu\u0161tinio pjaustymo rinkinys"},{"@type":"BreadcrumbList","@id":"https:\/\/kidsplay.lt\/produktas\/viga-medinis-mesainio-ir-sumustinio-pjaustymo-rinkinys\/#breadcrumb","itemListElement":[{"@type":"ListItem","position":1,"name":"Pagrindinis","item":"https:\/\/kidsplay.lt\/"},{"@type":"ListItem","position":2,"name":"Parduotuv\u0117","item":"https:\/\/kidsplay.lt\/parduotuve\/"},{"@type":"ListItem","position":3,"name":"VIGA medinis m\u0117sainio ir sumu\u0161tinio pjaustymo rinkinys"}]},{"@type":"WebSite","@id":"https:\/\/kidsplay.lt\/#website","url":"https:\/\/kidsplay.lt\/","name":"B\u0113rnu sp\u0113les.lv","description":"\u012evairios prek\u0117s vaikams","publisher":{"@id":"https:\/\/kidsplay.lt\/#organization"},"alternateName":"Kidsplay","potentialAction":[{"@type":"SearchAction","target":{"@type":"EntryPoint","urlTemplate":"https:\/\/kidsplay.lt\/?s={search_term_string}"},"query-input":{"@type":"PropertyValueSpecification","valueRequired":true,"valueName":"search_term_string"}}],"inLanguage":"lv-LV"},{"@type":"Organization","@id":"https:\/\/kidsplay.lt\/#organization","name":"B\u0113rnu sp\u0113le","url":"https:\/\/kidsplay.lt\/","logo":{"@type":"ImageObject","inLanguage":"lv-LV","@id":"https:\/\/kidsplay.lt\/#\/schema\/logo\/image\/","url":"https:\/\/kidsplay.lt\/wp-content\/uploads\/2023\/07\/kidsplay-logo.png","contentUrl":"https:\/\/kidsplay.lt\/wp-content\/uploads\/2023\/07\/kidsplay-logo.png","width":451,"height":98,"caption":"KidsPlay"},"image":{"@id":"https:\/\/kidsplay.lt\/#\/schema\/logo\/image\/"},"sameAs":["https:\/\/www.facebook.com\/www.kidsplay.lt"]}]}},"_links":{"self":[{"href":"https:\/\/kidsplay.lt\/lv\/wp-json\/wp\/v2\/product\/109021","targetHints":{"allow":["GET"]}}],"collection":[{"href":"https:\/\/kidsplay.lt\/lv\/wp-json\/wp\/v2\/product"}],"about":[{"href":"https:\/\/kidsplay.lt\/lv\/wp-json\/wp\/v2\/types\/product"}],"version-history":[{"count":1,"href":"https:\/\/kidsplay.lt\/lv\/wp-json\/wp\/v2\/product\/109021\/revisions"}],"predecessor-version":[{"id":109022,"href":"https:\/\/kidsplay.lt\/lv\/wp-json\/wp\/v2\/product\/109021\/revisions\/109022"}],"wp:featuredmedia":[{"embeddable":true,"href":"https:\/\/kidsplay.lt\/lv\/wp-json\/wp\/v2\/media\/109023"}],"wp:attachment":[{"href":"https:\/\/kidsplay.lt\/lv\/wp-json\/wp\/v2\/media?parent=109021"}],"wp:term":[{"taxonomy":"product_brand","embeddable":true,"href":"https:\/\/kidsplay.lt\/lv\/wp-json\/wp\/v2\/product_brand?post=109021"},{"taxonomy":"product_cat","embeddable":true,"href":"https:\/\/kidsplay.lt\/lv\/wp-json\/wp\/v2\/product_cat?post=109021"},{"taxonomy":"product_tag","embeddable":true,"href":"https:\/\/kidsplay.lt\/lv\/wp-json\/wp\/v2\/product_tag?post=109021"}],"curies":[{"name":"wp","href":"https:\/\/api.w.org\/{rel}","templated":true}]}}