{"id":109062,"date":"2026-04-27T07:20:44","date_gmt":"2026-04-27T04:20:44","guid":{"rendered":"https:\/\/kidsplay.lt\/produktas\/viga-medine-montessori-abeceles-ir-anglu-kalbos-mokymosi-knygele\/"},"modified":"2026-04-27T18:29:59","modified_gmt":"2026-04-27T15:29:59","slug":"viga-medine-montessori-abeceles-ir-anglu-kalbos-mokymosi-knygele","status":"publish","type":"product","link":"https:\/\/kidsplay.lt\/lv\/products\/viga-medine-montessori-abeceles-ir-anglu-kalbos-mokymosi-knygele\/","title":{"rendered":"VIGA medin\u0117 Montessori ab\u0117c\u0117l\u0117s ir angl\u0173 kalbos mokymosi knygel\u0117"},"content":{"rendered":"<p>VIGA ab\u0117c\u0117l\u0117s mokymosi rinkinys, sukurtas \u017einomo medini\u0173 \u017eaisl\u0173 gamintojo, skirtas vaikams nuo 12 m\u0117nesi\u0173 am\u017eiaus. Tai puikus pasirinkimas tiek naudojimui dar\u017eelyje, tiek namuose. Medin\u0117s kortel\u0117s sujungtos raudona virvele. Kiekvienoje kortel\u0117je yra paveiksl\u0117lis, raid\u0117 ir pilnas daikto pavadinimas angl\u0173 kalba. \u0160is \u017eaislas supa\u017eindina vaikus su raid\u0117mis, padeda lavinti smulkiuosius rank\u0173 judesius ir skatina pirm\u0173j\u0173 angli\u0161k\u0173 \u017eod\u017ei\u0173 mokym\u0105si.<br \/>\nRaksturojums:<\/p>\n<p> \t\u017eaislas skirtas vaikams nuo 12 m\u0117nesi\u0173,<br \/>\n \tsupa\u017eindina su spalvomis ir angl\u0173 kalba,<br \/>\n \tknygel\u0117 neturi a\u0161tri\u0173 kamp\u0173 ir pagaminta i\u0161 auk\u0161\u010diausios kokyb\u0117s, vaikams saugi\u0173 med\u017eiag\u0173,<br \/>\n \tda\u017eyta netoksi\u0161kais da\u017eais.<\/p>","protected":false},"excerpt":{"rendered":"<p>VIGA ab\u0117c\u0117l\u0117s mokymosi rinkinys, sukurtas \u017einomo medini\u0173 \u017eaisl\u0173 gamintojo, skirtas vaikams nuo 12 m\u0117nesi\u0173 am\u017eiaus. Tai puikus pasirinkimas tiek naudojimui<\/p>","protected":false},"featured_media":109064,"template":"","meta":{"_acf_changed":false,"_glsr_average":0,"_glsr_ranking":0,"_glsr_reviews":0},"product_brand":[],"product_cat":[884,883],"product_tag":[],"class_list":{"0":"post-109062","1":"product","2":"type-product","3":"status-publish","4":"has-post-thumbnail","6":"product_cat-edukaciniai-lavinamieji-mediniai-zaislai","7":"product_cat-mediniai-zaislai-2","8":"\"style=\"background-color: #2ecc711c;\"","10":"first","11":"instock","12":"purchasable","13":"product-type-simple"},"acf":[],"yoast_head":"<!-- This site is optimized with the Yoast SEO plugin v27.4 - https:\/\/yoast.com\/product\/yoast-seo-wordpress\/ -->\n<title>VIGA medin\u0117 Montessori ab\u0117c\u0117l\u0117s ir angl\u0173 kalbos mokymosi knygel\u0117<\/title>\n<meta name=\"description\" content=\"VIGA medin\u0117 Montessori ab\u0117c\u0117l\u0117s ir angl\u0173 kalbos mokymosi knygel\u0117 - KidsPlay. Did\u017eiausias vaik\u0173 \u017eaisl\u0173 pasirinkimas.\" \/>\n<meta name=\"robots\" content=\"index, follow, max-snippet:-1, max-image-preview:large, max-video-preview:-1\" \/>\n<link rel=\"canonical\" href=\"https:\/\/kidsplay.lt\/lv\/products\/viga-medine-montessori-abeceles-ir-anglu-kalbos-mokymosi-knygele\/\" \/>\n<meta property=\"og:locale\" content=\"lv_LV\" \/>\n<meta property=\"og:type\" content=\"article\" \/>\n<meta property=\"og:title\" content=\"VIGA medin\u0117 Montessori ab\u0117c\u0117l\u0117s ir angl\u0173 kalbos mokymosi knygel\u0117\" \/>\n<meta property=\"og:description\" content=\"VIGA medin\u0117 Montessori ab\u0117c\u0117l\u0117s ir angl\u0173 kalbos mokymosi knygel\u0117 - KidsPlay. Did\u017eiausias vaik\u0173 \u017eaisl\u0173 pasirinkimas.\" \/>\n<meta property=\"og:url\" content=\"https:\/\/kidsplay.lt\/lv\/products\/viga-medine-montessori-abeceles-ir-anglu-kalbos-mokymosi-knygele\/\" \/>\n<meta property=\"og:site_name\" content=\"KidsPlay\" \/>\n<meta property=\"article:publisher\" content=\"https:\/\/www.facebook.com\/www.kidsplay.lt\" \/>\n<meta property=\"article:modified_time\" content=\"2026-04-27T15:29:59+00:00\" \/>\n<meta property=\"og:image\" content=\"https:\/\/kidsplay.lt\/wp-content\/uploads\/2026\/04\/VIGA-medine-Montessori-abeceles-ir-anglu-kalbos-mokymosi-knygele.jpg\" \/>\n\t<meta property=\"og:image:width\" content=\"2560\" \/>\n\t<meta property=\"og:image:height\" content=\"1410\" \/>\n\t<meta property=\"og:image:type\" content=\"image\/jpeg\" \/>\n<meta name=\"twitter:card\" content=\"summary_large_image\" \/>\n<meta name=\"twitter:label1\" content=\"Est. reading time\" \/>\n\t<meta name=\"twitter:data1\" content=\"1 min\u016bte\" \/>\n<script type=\"application\/ld+json\" class=\"yoast-schema-graph\">{\"@context\":\"https:\\\/\\\/schema.org\",\"@graph\":[{\"@type\":\"WebPage\",\"@id\":\"https:\\\/\\\/kidsplay.lt\\\/produktas\\\/viga-medine-montessori-abeceles-ir-anglu-kalbos-mokymosi-knygele\\\/\",\"url\":\"https:\\\/\\\/kidsplay.lt\\\/produktas\\\/viga-medine-montessori-abeceles-ir-anglu-kalbos-mokymosi-knygele\\\/\",\"name\":\"VIGA medin\u0117 Montessori ab\u0117c\u0117l\u0117s ir angl\u0173 kalbos mokymosi knygel\u0117\",\"isPartOf\":{\"@id\":\"https:\\\/\\\/kidsplay.lt\\\/#website\"},\"primaryImageOfPage\":{\"@id\":\"https:\\\/\\\/kidsplay.lt\\\/produktas\\\/viga-medine-montessori-abeceles-ir-anglu-kalbos-mokymosi-knygele\\\/#primaryimage\"},\"image\":{\"@id\":\"https:\\\/\\\/kidsplay.lt\\\/produktas\\\/viga-medine-montessori-abeceles-ir-anglu-kalbos-mokymosi-knygele\\\/#primaryimage\"},\"thumbnailUrl\":\"https:\\\/\\\/kidsplay.lt\\\/wp-content\\\/uploads\\\/2026\\\/04\\\/VIGA-medine-Montessori-abeceles-ir-anglu-kalbos-mokymosi-knygele.jpg\",\"datePublished\":\"2026-04-27T04:20:44+00:00\",\"dateModified\":\"2026-04-27T15:29:59+00:00\",\"description\":\"VIGA medin\u0117 Montessori ab\u0117c\u0117l\u0117s ir angl\u0173 kalbos mokymosi knygel\u0117 - KidsPlay. Did\u017eiausias vaik\u0173 \u017eaisl\u0173 pasirinkimas.\",\"breadcrumb\":{\"@id\":\"https:\\\/\\\/kidsplay.lt\\\/produktas\\\/viga-medine-montessori-abeceles-ir-anglu-kalbos-mokymosi-knygele\\\/#breadcrumb\"},\"inLanguage\":\"lv-LV\",\"potentialAction\":[{\"@type\":\"ReadAction\",\"target\":[\"https:\\\/\\\/kidsplay.lt\\\/produktas\\\/viga-medine-montessori-abeceles-ir-anglu-kalbos-mokymosi-knygele\\\/\"]}]},{\"@type\":\"ImageObject\",\"inLanguage\":\"lv-LV\",\"@id\":\"https:\\\/\\\/kidsplay.lt\\\/produktas\\\/viga-medine-montessori-abeceles-ir-anglu-kalbos-mokymosi-knygele\\\/#primaryimage\",\"url\":\"https:\\\/\\\/kidsplay.lt\\\/wp-content\\\/uploads\\\/2026\\\/04\\\/VIGA-medine-Montessori-abeceles-ir-anglu-kalbos-mokymosi-knygele.jpg\",\"contentUrl\":\"https:\\\/\\\/kidsplay.lt\\\/wp-content\\\/uploads\\\/2026\\\/04\\\/VIGA-medine-Montessori-abeceles-ir-anglu-kalbos-mokymosi-knygele.jpg\",\"width\":2560,\"height\":1410,\"caption\":\"VIGA medin\u0117 Montessori ab\u0117c\u0117l\u0117s ir angl\u0173 kalbos mokymosi knygel\u0117\"},{\"@type\":\"BreadcrumbList\",\"@id\":\"https:\\\/\\\/kidsplay.lt\\\/produktas\\\/viga-medine-montessori-abeceles-ir-anglu-kalbos-mokymosi-knygele\\\/#breadcrumb\",\"itemListElement\":[{\"@type\":\"ListItem\",\"position\":1,\"name\":\"Pagrindinis\",\"item\":\"https:\\\/\\\/kidsplay.lt\\\/\"},{\"@type\":\"ListItem\",\"position\":2,\"name\":\"Parduotuv\u0117\",\"item\":\"https:\\\/\\\/kidsplay.lt\\\/parduotuve\\\/\"},{\"@type\":\"ListItem\",\"position\":3,\"name\":\"VIGA medin\u0117 Montessori ab\u0117c\u0117l\u0117s ir angl\u0173 kalbos mokymosi knygel\u0117\"}]},{\"@type\":\"WebSite\",\"@id\":\"https:\\\/\\\/kidsplay.lt\\\/#website\",\"url\":\"https:\\\/\\\/kidsplay.lt\\\/\",\"name\":\"Kidsplay.lt\",\"description\":\"\u012evairios prek\u0117s vaikams\",\"publisher\":{\"@id\":\"https:\\\/\\\/kidsplay.lt\\\/#organization\"},\"alternateName\":\"Kidsplay\",\"potentialAction\":[{\"@type\":\"SearchAction\",\"target\":{\"@type\":\"EntryPoint\",\"urlTemplate\":\"https:\\\/\\\/kidsplay.lt\\\/?s={search_term_string}\"},\"query-input\":{\"@type\":\"PropertyValueSpecification\",\"valueRequired\":true,\"valueName\":\"search_term_string\"}}],\"inLanguage\":\"lv-LV\"},{\"@type\":\"Organization\",\"@id\":\"https:\\\/\\\/kidsplay.lt\\\/#organization\",\"name\":\"KidsPlay\",\"url\":\"https:\\\/\\\/kidsplay.lt\\\/\",\"logo\":{\"@type\":\"ImageObject\",\"inLanguage\":\"lv-LV\",\"@id\":\"https:\\\/\\\/kidsplay.lt\\\/#\\\/schema\\\/logo\\\/image\\\/\",\"url\":\"https:\\\/\\\/kidsplay.lt\\\/wp-content\\\/uploads\\\/2023\\\/07\\\/kidsplay-logo.png\",\"contentUrl\":\"https:\\\/\\\/kidsplay.lt\\\/wp-content\\\/uploads\\\/2023\\\/07\\\/kidsplay-logo.png\",\"width\":451,\"height\":98,\"caption\":\"KidsPlay\"},\"image\":{\"@id\":\"https:\\\/\\\/kidsplay.lt\\\/#\\\/schema\\\/logo\\\/image\\\/\"},\"sameAs\":[\"https:\\\/\\\/www.facebook.com\\\/www.kidsplay.lt\"]}]}<\/script>\n<!-- \/ Yoast SEO plugin. -->","yoast_head_json":{"title":"VIGA medin\u0117 Montessori ab\u0117c\u0117l\u0117s ir angl\u0173 kalbos mokymosi knygel\u0117","description":"VIGA medin\u0117 Montessori ab\u0117c\u0117l\u0117s ir angl\u0173 kalbos mokymosi knygel\u0117 - KidsPlay. Did\u017eiausias vaik\u0173 \u017eaisl\u0173 pasirinkimas.","robots":{"index":"index","follow":"follow","max-snippet":"max-snippet:-1","max-image-preview":"max-image-preview:large","max-video-preview":"max-video-preview:-1"},"canonical":"https:\/\/kidsplay.lt\/lv\/products\/viga-medine-montessori-abeceles-ir-anglu-kalbos-mokymosi-knygele\/","og_locale":"lv_LV","og_type":"article","og_title":"VIGA medin\u0117 Montessori ab\u0117c\u0117l\u0117s ir angl\u0173 kalbos mokymosi knygel\u0117","og_description":"VIGA medin\u0117 Montessori ab\u0117c\u0117l\u0117s ir angl\u0173 kalbos mokymosi knygel\u0117 - KidsPlay. Did\u017eiausias vaik\u0173 \u017eaisl\u0173 pasirinkimas.","og_url":"https:\/\/kidsplay.lt\/lv\/products\/viga-medine-montessori-abeceles-ir-anglu-kalbos-mokymosi-knygele\/","og_site_name":"KidsPlay","article_publisher":"https:\/\/www.facebook.com\/www.kidsplay.lt","article_modified_time":"2026-04-27T15:29:59+00:00","og_image":[{"width":2560,"height":1410,"url":"https:\/\/kidsplay.lt\/wp-content\/uploads\/2026\/04\/VIGA-medine-Montessori-abeceles-ir-anglu-kalbos-mokymosi-knygele.jpg","type":"image\/jpeg"}],"twitter_card":"summary_large_image","twitter_misc":{"Est. reading time":"1 min\u016bte"},"schema":{"@context":"https:\/\/schema.org","@graph":[{"@type":"WebPage","@id":"https:\/\/kidsplay.lt\/produktas\/viga-medine-montessori-abeceles-ir-anglu-kalbos-mokymosi-knygele\/","url":"https:\/\/kidsplay.lt\/produktas\/viga-medine-montessori-abeceles-ir-anglu-kalbos-mokymosi-knygele\/","name":"VIGA medin\u0117 Montessori ab\u0117c\u0117l\u0117s ir angl\u0173 kalbos mokymosi knygel\u0117","isPartOf":{"@id":"https:\/\/kidsplay.lt\/#website"},"primaryImageOfPage":{"@id":"https:\/\/kidsplay.lt\/produktas\/viga-medine-montessori-abeceles-ir-anglu-kalbos-mokymosi-knygele\/#primaryimage"},"image":{"@id":"https:\/\/kidsplay.lt\/produktas\/viga-medine-montessori-abeceles-ir-anglu-kalbos-mokymosi-knygele\/#primaryimage"},"thumbnailUrl":"https:\/\/kidsplay.lt\/wp-content\/uploads\/2026\/04\/VIGA-medine-Montessori-abeceles-ir-anglu-kalbos-mokymosi-knygele.jpg","datePublished":"2026-04-27T04:20:44+00:00","dateModified":"2026-04-27T15:29:59+00:00","description":"VIGA medin\u0117 Montessori ab\u0117c\u0117l\u0117s ir angl\u0173 kalbos mokymosi knygel\u0117 - KidsPlay. Did\u017eiausias vaik\u0173 \u017eaisl\u0173 pasirinkimas.","breadcrumb":{"@id":"https:\/\/kidsplay.lt\/produktas\/viga-medine-montessori-abeceles-ir-anglu-kalbos-mokymosi-knygele\/#breadcrumb"},"inLanguage":"lv-LV","potentialAction":[{"@type":"ReadAction","target":["https:\/\/kidsplay.lt\/produktas\/viga-medine-montessori-abeceles-ir-anglu-kalbos-mokymosi-knygele\/"]}]},{"@type":"ImageObject","inLanguage":"lv-LV","@id":"https:\/\/kidsplay.lt\/produktas\/viga-medine-montessori-abeceles-ir-anglu-kalbos-mokymosi-knygele\/#primaryimage","url":"https:\/\/kidsplay.lt\/wp-content\/uploads\/2026\/04\/VIGA-medine-Montessori-abeceles-ir-anglu-kalbos-mokymosi-knygele.jpg","contentUrl":"https:\/\/kidsplay.lt\/wp-content\/uploads\/2026\/04\/VIGA-medine-Montessori-abeceles-ir-anglu-kalbos-mokymosi-knygele.jpg","width":2560,"height":1410,"caption":"VIGA medin\u0117 Montessori ab\u0117c\u0117l\u0117s ir angl\u0173 kalbos mokymosi knygel\u0117"},{"@type":"BreadcrumbList","@id":"https:\/\/kidsplay.lt\/produktas\/viga-medine-montessori-abeceles-ir-anglu-kalbos-mokymosi-knygele\/#breadcrumb","itemListElement":[{"@type":"ListItem","position":1,"name":"Pagrindinis","item":"https:\/\/kidsplay.lt\/"},{"@type":"ListItem","position":2,"name":"Parduotuv\u0117","item":"https:\/\/kidsplay.lt\/parduotuve\/"},{"@type":"ListItem","position":3,"name":"VIGA medin\u0117 Montessori ab\u0117c\u0117l\u0117s ir angl\u0173 kalbos mokymosi knygel\u0117"}]},{"@type":"WebSite","@id":"https:\/\/kidsplay.lt\/#website","url":"https:\/\/kidsplay.lt\/","name":"B\u0113rnu sp\u0113les.lv","description":"\u012evairios prek\u0117s vaikams","publisher":{"@id":"https:\/\/kidsplay.lt\/#organization"},"alternateName":"Kidsplay","potentialAction":[{"@type":"SearchAction","target":{"@type":"EntryPoint","urlTemplate":"https:\/\/kidsplay.lt\/?s={search_term_string}"},"query-input":{"@type":"PropertyValueSpecification","valueRequired":true,"valueName":"search_term_string"}}],"inLanguage":"lv-LV"},{"@type":"Organization","@id":"https:\/\/kidsplay.lt\/#organization","name":"B\u0113rnu sp\u0113le","url":"https:\/\/kidsplay.lt\/","logo":{"@type":"ImageObject","inLanguage":"lv-LV","@id":"https:\/\/kidsplay.lt\/#\/schema\/logo\/image\/","url":"https:\/\/kidsplay.lt\/wp-content\/uploads\/2023\/07\/kidsplay-logo.png","contentUrl":"https:\/\/kidsplay.lt\/wp-content\/uploads\/2023\/07\/kidsplay-logo.png","width":451,"height":98,"caption":"KidsPlay"},"image":{"@id":"https:\/\/kidsplay.lt\/#\/schema\/logo\/image\/"},"sameAs":["https:\/\/www.facebook.com\/www.kidsplay.lt"]}]}},"_links":{"self":[{"href":"https:\/\/kidsplay.lt\/lv\/wp-json\/wp\/v2\/product\/109062","targetHints":{"allow":["GET"]}}],"collection":[{"href":"https:\/\/kidsplay.lt\/lv\/wp-json\/wp\/v2\/product"}],"about":[{"href":"https:\/\/kidsplay.lt\/lv\/wp-json\/wp\/v2\/types\/product"}],"version-history":[{"count":1,"href":"https:\/\/kidsplay.lt\/lv\/wp-json\/wp\/v2\/product\/109062\/revisions"}],"predecessor-version":[{"id":109063,"href":"https:\/\/kidsplay.lt\/lv\/wp-json\/wp\/v2\/product\/109062\/revisions\/109063"}],"wp:featuredmedia":[{"embeddable":true,"href":"https:\/\/kidsplay.lt\/lv\/wp-json\/wp\/v2\/media\/109064"}],"wp:attachment":[{"href":"https:\/\/kidsplay.lt\/lv\/wp-json\/wp\/v2\/media?parent=109062"}],"wp:term":[{"taxonomy":"product_brand","embeddable":true,"href":"https:\/\/kidsplay.lt\/lv\/wp-json\/wp\/v2\/product_brand?post=109062"},{"taxonomy":"product_cat","embeddable":true,"href":"https:\/\/kidsplay.lt\/lv\/wp-json\/wp\/v2\/product_cat?post=109062"},{"taxonomy":"product_tag","embeddable":true,"href":"https:\/\/kidsplay.lt\/lv\/wp-json\/wp\/v2\/product_tag?post=109062"}],"curies":[{"name":"wp","href":"https:\/\/api.w.org\/{rel}","templated":true}]}}