{"id":109069,"date":"2026-04-27T07:21:00","date_gmt":"2026-04-27T04:21:00","guid":{"rendered":"https:\/\/kidsplay.lt\/produktas\/viga-medine-vaivorykstes-delione-kurybines-montessori-kaladeles\/"},"modified":"2026-04-27T18:29:59","modified_gmt":"2026-04-27T15:29:59","slug":"viga-medine-vaivorykstes-delione-kurybines-montessori-kaladeles","status":"publish","type":"product","link":"https:\/\/kidsplay.lt\/lv\/products\/viga-medine-vaivorykstes-delione-kurybines-montessori-kaladeles\/","title":{"rendered":"VIGA medin\u0117 vaivoryk\u0161t\u0117s d\u0117lion\u0117 \u2013 k\u016brybin\u0117s Montessori kalad\u0117l\u0117s"},"content":{"rendered":"<p>VIGA medin\u0117 vaivoryk\u0161t\u0117 i\u0161kart \u017eadina vaiko vaizduot\u0119. Vaikai gali sud\u0117lioti kalad\u0117les \u012f vaivoryk\u0161t\u0119 ir atrasti spalv\u0173 i\u0161d\u0117stymo sek\u0105. \u0160ie spalvingi lankai suteikia daug daugiau \u017eaidimo galimybi\u0173 \u2013 juos galima naudoti kaip spalvot\u0105 tunel\u012f arba sukrauti vien\u0105 ant kito. Naudodami prid\u0117tus gyv\u016bn\u0117lius, vaikai gali kurti namelius i\u0161 lank\u0173 ir \u012fveikti \u012fvairias kli\u016btis, taip \u012fsitraukdami \u012f vaidmen\u0173 \u017eaidimus.<br \/>\nRaksturojums:<\/p>\n<p> \trinkin\u012f sudaro 5 spalvingi lankai, 11 gyv\u016bn\u0117li\u0173 ir 3 kalad\u0117l\u0117s, sudaran\u010dios med\u012f,<br \/>\n \tneribotos \u017eaidimo galimyb\u0117s,<br \/>\n \t\u017eaislas neturi a\u0161tri\u0173 kamp\u0173 ir pagamintas i\u0161 auk\u0161\u010diausios kokyb\u0117s, vaikams ir aplinkai saugi\u0173 med\u017eiag\u0173,<br \/>\n \tda\u017eytas netoksi\u0161kais da\u017eais.<\/p>","protected":false},"excerpt":{"rendered":"<p>VIGA medin\u0117 vaivoryk\u0161t\u0117 i\u0161kart \u017eadina vaiko vaizduot\u0119. Vaikai gali sud\u0117lioti kalad\u0117les \u012f vaivoryk\u0161t\u0119 ir atrasti spalv\u0173 i\u0161d\u0117stymo sek\u0105. \u0160ie spalvingi<\/p>","protected":false},"featured_media":109071,"template":"","meta":{"_acf_changed":false,"_glsr_average":0,"_glsr_ranking":0,"_glsr_reviews":0},"product_brand":[],"product_cat":[397,883],"product_tag":[],"class_list":{"0":"post-109069","1":"product","2":"type-product","3":"status-publish","4":"has-post-thumbnail","6":"product_cat-medines-deliones-mediniai-zaislai","7":"product_cat-mediniai-zaislai-2","8":"\"style=\"background-color: #2ecc711c;\"","10":"first","11":"instock","12":"purchasable","13":"product-type-simple"},"acf":[],"yoast_head":"<!-- This site is optimized with the Yoast SEO plugin v27.4 - https:\/\/yoast.com\/product\/yoast-seo-wordpress\/ -->\n<title>VIGA medin\u0117 vaivoryk\u0161t\u0117s d\u0117lion\u0117 \u2013 k\u016brybin\u0117s Montessori kalad\u0117l\u0117s<\/title>\n<meta name=\"description\" content=\"VIGA medin\u0117 vaivoryk\u0161t\u0117s d\u0117lion\u0117 \u2013 k\u016brybin\u0117s Montessori kalad\u0117l\u0117s - KidsPlay. Did\u017eiausias vaik\u0173 \u017eaisl\u0173 pasirinkimas.\" \/>\n<meta name=\"robots\" content=\"index, follow, max-snippet:-1, max-image-preview:large, max-video-preview:-1\" \/>\n<link rel=\"canonical\" href=\"https:\/\/kidsplay.lt\/lv\/products\/viga-medine-vaivorykstes-delione-kurybines-montessori-kaladeles\/\" \/>\n<meta property=\"og:locale\" content=\"lv_LV\" \/>\n<meta property=\"og:type\" content=\"article\" \/>\n<meta property=\"og:title\" content=\"VIGA medin\u0117 vaivoryk\u0161t\u0117s d\u0117lion\u0117 \u2013 k\u016brybin\u0117s Montessori kalad\u0117l\u0117s\" \/>\n<meta property=\"og:description\" content=\"VIGA medin\u0117 vaivoryk\u0161t\u0117s d\u0117lion\u0117 \u2013 k\u016brybin\u0117s Montessori kalad\u0117l\u0117s - KidsPlay. Did\u017eiausias vaik\u0173 \u017eaisl\u0173 pasirinkimas.\" \/>\n<meta property=\"og:url\" content=\"https:\/\/kidsplay.lt\/lv\/products\/viga-medine-vaivorykstes-delione-kurybines-montessori-kaladeles\/\" \/>\n<meta property=\"og:site_name\" content=\"KidsPlay\" \/>\n<meta property=\"article:publisher\" content=\"https:\/\/www.facebook.com\/www.kidsplay.lt\" \/>\n<meta property=\"article:modified_time\" content=\"2026-04-27T15:29:59+00:00\" \/>\n<meta property=\"og:image\" content=\"https:\/\/kidsplay.lt\/wp-content\/uploads\/2026\/04\/VIGA-medine-vaivorykstes-delione-\u2013-kurybines-Montessori-kaladeles-800x800.png\" \/>\n\t<meta property=\"og:image:width\" content=\"800\" \/>\n\t<meta property=\"og:image:height\" content=\"800\" \/>\n\t<meta property=\"og:image:type\" content=\"image\/png\" \/>\n<meta name=\"twitter:card\" content=\"summary_large_image\" \/>\n<meta name=\"twitter:label1\" content=\"Est. reading time\" \/>\n\t<meta name=\"twitter:data1\" content=\"1 min\u016bte\" \/>\n<script type=\"application\/ld+json\" class=\"yoast-schema-graph\">{\"@context\":\"https:\\\/\\\/schema.org\",\"@graph\":[{\"@type\":\"WebPage\",\"@id\":\"https:\\\/\\\/kidsplay.lt\\\/produktas\\\/viga-medine-vaivorykstes-delione-kurybines-montessori-kaladeles\\\/\",\"url\":\"https:\\\/\\\/kidsplay.lt\\\/produktas\\\/viga-medine-vaivorykstes-delione-kurybines-montessori-kaladeles\\\/\",\"name\":\"VIGA medin\u0117 vaivoryk\u0161t\u0117s d\u0117lion\u0117 \u2013 k\u016brybin\u0117s Montessori kalad\u0117l\u0117s\",\"isPartOf\":{\"@id\":\"https:\\\/\\\/kidsplay.lt\\\/#website\"},\"primaryImageOfPage\":{\"@id\":\"https:\\\/\\\/kidsplay.lt\\\/produktas\\\/viga-medine-vaivorykstes-delione-kurybines-montessori-kaladeles\\\/#primaryimage\"},\"image\":{\"@id\":\"https:\\\/\\\/kidsplay.lt\\\/produktas\\\/viga-medine-vaivorykstes-delione-kurybines-montessori-kaladeles\\\/#primaryimage\"},\"thumbnailUrl\":\"https:\\\/\\\/kidsplay.lt\\\/wp-content\\\/uploads\\\/2026\\\/04\\\/VIGA-medine-vaivorykstes-delione-\u2013-kurybines-Montessori-kaladeles.png\",\"datePublished\":\"2026-04-27T04:21:00+00:00\",\"dateModified\":\"2026-04-27T15:29:59+00:00\",\"description\":\"VIGA medin\u0117 vaivoryk\u0161t\u0117s d\u0117lion\u0117 \u2013 k\u016brybin\u0117s Montessori kalad\u0117l\u0117s - KidsPlay. Did\u017eiausias vaik\u0173 \u017eaisl\u0173 pasirinkimas.\",\"breadcrumb\":{\"@id\":\"https:\\\/\\\/kidsplay.lt\\\/produktas\\\/viga-medine-vaivorykstes-delione-kurybines-montessori-kaladeles\\\/#breadcrumb\"},\"inLanguage\":\"lv-LV\",\"potentialAction\":[{\"@type\":\"ReadAction\",\"target\":[\"https:\\\/\\\/kidsplay.lt\\\/produktas\\\/viga-medine-vaivorykstes-delione-kurybines-montessori-kaladeles\\\/\"]}]},{\"@type\":\"ImageObject\",\"inLanguage\":\"lv-LV\",\"@id\":\"https:\\\/\\\/kidsplay.lt\\\/produktas\\\/viga-medine-vaivorykstes-delione-kurybines-montessori-kaladeles\\\/#primaryimage\",\"url\":\"https:\\\/\\\/kidsplay.lt\\\/wp-content\\\/uploads\\\/2026\\\/04\\\/VIGA-medine-vaivorykstes-delione-\u2013-kurybines-Montessori-kaladeles.png\",\"contentUrl\":\"https:\\\/\\\/kidsplay.lt\\\/wp-content\\\/uploads\\\/2026\\\/04\\\/VIGA-medine-vaivorykstes-delione-\u2013-kurybines-Montessori-kaladeles.png\",\"width\":2560,\"height\":2560,\"caption\":\"VIGA medin\u0117 vaivoryk\u0161t\u0117s d\u0117lion\u0117 \u2013 k\u016brybin\u0117s Montessori kalad\u0117l\u0117s\"},{\"@type\":\"BreadcrumbList\",\"@id\":\"https:\\\/\\\/kidsplay.lt\\\/produktas\\\/viga-medine-vaivorykstes-delione-kurybines-montessori-kaladeles\\\/#breadcrumb\",\"itemListElement\":[{\"@type\":\"ListItem\",\"position\":1,\"name\":\"Pagrindinis\",\"item\":\"https:\\\/\\\/kidsplay.lt\\\/\"},{\"@type\":\"ListItem\",\"position\":2,\"name\":\"Parduotuv\u0117\",\"item\":\"https:\\\/\\\/kidsplay.lt\\\/parduotuve\\\/\"},{\"@type\":\"ListItem\",\"position\":3,\"name\":\"VIGA medin\u0117 vaivoryk\u0161t\u0117s d\u0117lion\u0117 \u2013 k\u016brybin\u0117s Montessori kalad\u0117l\u0117s\"}]},{\"@type\":\"WebSite\",\"@id\":\"https:\\\/\\\/kidsplay.lt\\\/#website\",\"url\":\"https:\\\/\\\/kidsplay.lt\\\/\",\"name\":\"Kidsplay.lt\",\"description\":\"\u012evairios prek\u0117s vaikams\",\"publisher\":{\"@id\":\"https:\\\/\\\/kidsplay.lt\\\/#organization\"},\"alternateName\":\"Kidsplay\",\"potentialAction\":[{\"@type\":\"SearchAction\",\"target\":{\"@type\":\"EntryPoint\",\"urlTemplate\":\"https:\\\/\\\/kidsplay.lt\\\/?s={search_term_string}\"},\"query-input\":{\"@type\":\"PropertyValueSpecification\",\"valueRequired\":true,\"valueName\":\"search_term_string\"}}],\"inLanguage\":\"lv-LV\"},{\"@type\":\"Organization\",\"@id\":\"https:\\\/\\\/kidsplay.lt\\\/#organization\",\"name\":\"KidsPlay\",\"url\":\"https:\\\/\\\/kidsplay.lt\\\/\",\"logo\":{\"@type\":\"ImageObject\",\"inLanguage\":\"lv-LV\",\"@id\":\"https:\\\/\\\/kidsplay.lt\\\/#\\\/schema\\\/logo\\\/image\\\/\",\"url\":\"https:\\\/\\\/kidsplay.lt\\\/wp-content\\\/uploads\\\/2023\\\/07\\\/kidsplay-logo.png\",\"contentUrl\":\"https:\\\/\\\/kidsplay.lt\\\/wp-content\\\/uploads\\\/2023\\\/07\\\/kidsplay-logo.png\",\"width\":451,\"height\":98,\"caption\":\"KidsPlay\"},\"image\":{\"@id\":\"https:\\\/\\\/kidsplay.lt\\\/#\\\/schema\\\/logo\\\/image\\\/\"},\"sameAs\":[\"https:\\\/\\\/www.facebook.com\\\/www.kidsplay.lt\"]}]}<\/script>\n<!-- \/ Yoast SEO plugin. -->","yoast_head_json":{"title":"VIGA medin\u0117 vaivoryk\u0161t\u0117s d\u0117lion\u0117 \u2013 k\u016brybin\u0117s Montessori kalad\u0117l\u0117s","description":"VIGA medin\u0117 vaivoryk\u0161t\u0117s d\u0117lion\u0117 \u2013 k\u016brybin\u0117s Montessori kalad\u0117l\u0117s - KidsPlay. Did\u017eiausias vaik\u0173 \u017eaisl\u0173 pasirinkimas.","robots":{"index":"index","follow":"follow","max-snippet":"max-snippet:-1","max-image-preview":"max-image-preview:large","max-video-preview":"max-video-preview:-1"},"canonical":"https:\/\/kidsplay.lt\/lv\/products\/viga-medine-vaivorykstes-delione-kurybines-montessori-kaladeles\/","og_locale":"lv_LV","og_type":"article","og_title":"VIGA medin\u0117 vaivoryk\u0161t\u0117s d\u0117lion\u0117 \u2013 k\u016brybin\u0117s Montessori kalad\u0117l\u0117s","og_description":"VIGA medin\u0117 vaivoryk\u0161t\u0117s d\u0117lion\u0117 \u2013 k\u016brybin\u0117s Montessori kalad\u0117l\u0117s - KidsPlay. Did\u017eiausias vaik\u0173 \u017eaisl\u0173 pasirinkimas.","og_url":"https:\/\/kidsplay.lt\/lv\/products\/viga-medine-vaivorykstes-delione-kurybines-montessori-kaladeles\/","og_site_name":"KidsPlay","article_publisher":"https:\/\/www.facebook.com\/www.kidsplay.lt","article_modified_time":"2026-04-27T15:29:59+00:00","og_image":[{"width":800,"height":800,"url":"https:\/\/kidsplay.lt\/wp-content\/uploads\/2026\/04\/VIGA-medine-vaivorykstes-delione-\u2013-kurybines-Montessori-kaladeles-800x800.png","type":"image\/png"}],"twitter_card":"summary_large_image","twitter_misc":{"Est. reading time":"1 min\u016bte"},"schema":{"@context":"https:\/\/schema.org","@graph":[{"@type":"WebPage","@id":"https:\/\/kidsplay.lt\/produktas\/viga-medine-vaivorykstes-delione-kurybines-montessori-kaladeles\/","url":"https:\/\/kidsplay.lt\/produktas\/viga-medine-vaivorykstes-delione-kurybines-montessori-kaladeles\/","name":"VIGA medin\u0117 vaivoryk\u0161t\u0117s d\u0117lion\u0117 \u2013 k\u016brybin\u0117s Montessori kalad\u0117l\u0117s","isPartOf":{"@id":"https:\/\/kidsplay.lt\/#website"},"primaryImageOfPage":{"@id":"https:\/\/kidsplay.lt\/produktas\/viga-medine-vaivorykstes-delione-kurybines-montessori-kaladeles\/#primaryimage"},"image":{"@id":"https:\/\/kidsplay.lt\/produktas\/viga-medine-vaivorykstes-delione-kurybines-montessori-kaladeles\/#primaryimage"},"thumbnailUrl":"https:\/\/kidsplay.lt\/wp-content\/uploads\/2026\/04\/VIGA-medine-vaivorykstes-delione-\u2013-kurybines-Montessori-kaladeles.png","datePublished":"2026-04-27T04:21:00+00:00","dateModified":"2026-04-27T15:29:59+00:00","description":"VIGA medin\u0117 vaivoryk\u0161t\u0117s d\u0117lion\u0117 \u2013 k\u016brybin\u0117s Montessori kalad\u0117l\u0117s - KidsPlay. Did\u017eiausias vaik\u0173 \u017eaisl\u0173 pasirinkimas.","breadcrumb":{"@id":"https:\/\/kidsplay.lt\/produktas\/viga-medine-vaivorykstes-delione-kurybines-montessori-kaladeles\/#breadcrumb"},"inLanguage":"lv-LV","potentialAction":[{"@type":"ReadAction","target":["https:\/\/kidsplay.lt\/produktas\/viga-medine-vaivorykstes-delione-kurybines-montessori-kaladeles\/"]}]},{"@type":"ImageObject","inLanguage":"lv-LV","@id":"https:\/\/kidsplay.lt\/produktas\/viga-medine-vaivorykstes-delione-kurybines-montessori-kaladeles\/#primaryimage","url":"https:\/\/kidsplay.lt\/wp-content\/uploads\/2026\/04\/VIGA-medine-vaivorykstes-delione-\u2013-kurybines-Montessori-kaladeles.png","contentUrl":"https:\/\/kidsplay.lt\/wp-content\/uploads\/2026\/04\/VIGA-medine-vaivorykstes-delione-\u2013-kurybines-Montessori-kaladeles.png","width":2560,"height":2560,"caption":"VIGA medin\u0117 vaivoryk\u0161t\u0117s d\u0117lion\u0117 \u2013 k\u016brybin\u0117s Montessori kalad\u0117l\u0117s"},{"@type":"BreadcrumbList","@id":"https:\/\/kidsplay.lt\/produktas\/viga-medine-vaivorykstes-delione-kurybines-montessori-kaladeles\/#breadcrumb","itemListElement":[{"@type":"ListItem","position":1,"name":"Pagrindinis","item":"https:\/\/kidsplay.lt\/"},{"@type":"ListItem","position":2,"name":"Parduotuv\u0117","item":"https:\/\/kidsplay.lt\/parduotuve\/"},{"@type":"ListItem","position":3,"name":"VIGA medin\u0117 vaivoryk\u0161t\u0117s d\u0117lion\u0117 \u2013 k\u016brybin\u0117s Montessori kalad\u0117l\u0117s"}]},{"@type":"WebSite","@id":"https:\/\/kidsplay.lt\/#website","url":"https:\/\/kidsplay.lt\/","name":"B\u0113rnu sp\u0113les.lv","description":"\u012evairios prek\u0117s vaikams","publisher":{"@id":"https:\/\/kidsplay.lt\/#organization"},"alternateName":"Kidsplay","potentialAction":[{"@type":"SearchAction","target":{"@type":"EntryPoint","urlTemplate":"https:\/\/kidsplay.lt\/?s={search_term_string}"},"query-input":{"@type":"PropertyValueSpecification","valueRequired":true,"valueName":"search_term_string"}}],"inLanguage":"lv-LV"},{"@type":"Organization","@id":"https:\/\/kidsplay.lt\/#organization","name":"B\u0113rnu sp\u0113le","url":"https:\/\/kidsplay.lt\/","logo":{"@type":"ImageObject","inLanguage":"lv-LV","@id":"https:\/\/kidsplay.lt\/#\/schema\/logo\/image\/","url":"https:\/\/kidsplay.lt\/wp-content\/uploads\/2023\/07\/kidsplay-logo.png","contentUrl":"https:\/\/kidsplay.lt\/wp-content\/uploads\/2023\/07\/kidsplay-logo.png","width":451,"height":98,"caption":"KidsPlay"},"image":{"@id":"https:\/\/kidsplay.lt\/#\/schema\/logo\/image\/"},"sameAs":["https:\/\/www.facebook.com\/www.kidsplay.lt"]}]}},"_links":{"self":[{"href":"https:\/\/kidsplay.lt\/lv\/wp-json\/wp\/v2\/product\/109069","targetHints":{"allow":["GET"]}}],"collection":[{"href":"https:\/\/kidsplay.lt\/lv\/wp-json\/wp\/v2\/product"}],"about":[{"href":"https:\/\/kidsplay.lt\/lv\/wp-json\/wp\/v2\/types\/product"}],"version-history":[{"count":1,"href":"https:\/\/kidsplay.lt\/lv\/wp-json\/wp\/v2\/product\/109069\/revisions"}],"predecessor-version":[{"id":109070,"href":"https:\/\/kidsplay.lt\/lv\/wp-json\/wp\/v2\/product\/109069\/revisions\/109070"}],"wp:featuredmedia":[{"embeddable":true,"href":"https:\/\/kidsplay.lt\/lv\/wp-json\/wp\/v2\/media\/109071"}],"wp:attachment":[{"href":"https:\/\/kidsplay.lt\/lv\/wp-json\/wp\/v2\/media?parent=109069"}],"wp:term":[{"taxonomy":"product_brand","embeddable":true,"href":"https:\/\/kidsplay.lt\/lv\/wp-json\/wp\/v2\/product_brand?post=109069"},{"taxonomy":"product_cat","embeddable":true,"href":"https:\/\/kidsplay.lt\/lv\/wp-json\/wp\/v2\/product_cat?post=109069"},{"taxonomy":"product_tag","embeddable":true,"href":"https:\/\/kidsplay.lt\/lv\/wp-json\/wp\/v2\/product_tag?post=109069"}],"curies":[{"name":"wp","href":"https:\/\/api.w.org\/{rel}","templated":true}]}}