{"id":109088,"date":"2026-04-27T07:22:17","date_gmt":"2026-04-27T04:22:17","guid":{"rendered":"https:\/\/kidsplay.lt\/produktas\/woopie-green-medine-edukacine-4-in-1-montessori-rusiavimo-dezute-morku-zaidimas\/"},"modified":"2026-04-27T18:30:00","modified_gmt":"2026-04-27T15:30:00","slug":"woopie-green-medine-edukacine-4-in-1-montessori-rusiavimo-dezute-morku-zaidimas","status":"publish","type":"product","link":"https:\/\/kidsplay.lt\/lv\/products\/woopie-green-medine-edukacine-4-in-1-montessori-rusiavimo-dezute-morku-zaidimas\/","title":{"rendered":"WOOPIE GREEN medin\u0117 edukacin\u0117 4-in-1 Montessori r\u016b\u0161iavimo d\u0117\u017eut\u0117 \u201eMork\u0173 \u017eaidimas\u201c"},"content":{"rendered":"<p>WOOPIE GREEN medin\u0117 edukacin\u0117 4 lygi\u0173 Montessori mokymosi d\u0117\u017e\u0117 (stal\u010dius) \u2013 smagus \u017eaidimas nuo pirm\u0173j\u0173 gyvenimo met\u0173<br \/>\nAtrask WOOPIE GREEN daugiafunkcin\u0119 mokom\u0105j\u0105 d\u0117\u017e\u0119 \u2013 tobul\u0105 \u017eaisl\u0105 vaikams nuo 12 m\u0117nesi\u0173. Tai ne tik pramoga, bet ir pirmas \u017eingsnis \u012f mokym\u0105si per \u017eaidim\u0105. Keturi skirtingi sud\u0117tingumo lygiai leid\u017eia vaikui tobul\u0117ti palaipsniui, savo tempu.<br \/>\n\u017daidimo principas paprastas \u2013 \u012fmesti daikt\u0105 \u012f tinkam\u0105 ang\u0105 ir steb\u0117ti, kaip jis nuslysta \u012f i\u0161traukiam\u0105 stal\u010di\u0173. Nors tai atrodo paprasta, veikla turi didel\u0119 edukacin\u0119 vert\u0119.<br \/>\nLygiai:<\/p>\n<p> \t1 lygis \u2013 kamuoliuko \u012fmetimas per apvali\u0105 skyl\u0119Pirmieji rank\u0173 ir aki\u0173 koordinacijos \u012fg\u016bd\u017eiai, skirti ma\u017eoms rankyt\u0117ms.<br \/>\n \t2 lygis \u2013 medini\u0173 monet\u0173 \u012fd\u0117jimasDidesnis i\u0161\u0161\u016bkis, lavinantis tikslum\u0105 ir koncentracij\u0105.<br \/>\n \t3 lygis \u2013 mork\u0173 \u201erinkimas\u201c\u017daidimas \u201esodininkas\u201c, kuriame vaikas \u201esodina\u201c ir \u201enuima derli\u0173\u201c, lavinant sugriebim\u0105 ir smulki\u0105j\u0105 motorik\u0105.<br \/>\n \t4 lygis \u2013 spalvot\u0173 pagaliuk\u0173 r\u016b\u0161iavimasSud\u0117tingiausias etapas, padedantis mokytis spalv\u0173 ir lavinti login\u012f m\u0105stym\u0105.<\/p>\n<p>Raksturojums:<\/p>\n<p> \t\u017eaislas skirtas vaikams nuo 12 m\u0117nesi\u0173,<br \/>\n \trinkinyje 26 elementai: stal\u010dius, 4 \u012fd\u0117klai, 1 kamuoliukas, 5 monetos, 5 morkos, 9 spalvoti pagaliukai,<br \/>\n \tprakti\u0161kas i\u0161traukiamas stal\u010dius \u2013 naudojamas ir daikt\u0173 laikymui,<br \/>\n \tpagaminta i\u0161 auk\u0161tos kokyb\u0117s med\u017eio, da\u017eyta saugiais, netoksi\u0161kais da\u017eais.<\/p>","protected":false},"excerpt":{"rendered":"<p>WOOPIE GREEN medin\u0117 edukacin\u0117 4 lygi\u0173 Montessori mokymosi d\u0117\u017e\u0117 (stal\u010dius) \u2013 smagus \u017eaidimas nuo pirm\u0173j\u0173 gyvenimo met\u0173 Atrask WOOPIE GREEN<\/p>","protected":false},"featured_media":109090,"template":"","meta":{"_acf_changed":false,"_glsr_average":0,"_glsr_ranking":0,"_glsr_reviews":0},"product_brand":[],"product_cat":[884,883],"product_tag":[],"class_list":{"0":"post-109088","1":"product","2":"type-product","3":"status-publish","4":"has-post-thumbnail","6":"product_cat-edukaciniai-lavinamieji-mediniai-zaislai","7":"product_cat-mediniai-zaislai-2","8":"\"style=\"background-color: #2ecc711c;\"","10":"first","11":"instock","12":"purchasable","13":"product-type-simple"},"acf":[],"yoast_head":"<!-- This site is optimized with the Yoast SEO plugin v27.4 - https:\/\/yoast.com\/product\/yoast-seo-wordpress\/ -->\n<title>WOOPIE GREEN medin\u0117 edukacin\u0117 4-in-1 Montessori r\u016b\u0161iavimo d\u0117\u017eut\u0117 \u201eMork\u0173 \u017eaidimas\u201c<\/title>\n<meta name=\"description\" content=\"WOOPIE GREEN medin\u0117 edukacin\u0117 4-in-1 Montessori r\u016b\u0161iavimo d\u0117\u017eut\u0117 \u201eMork\u0173 \u017eaidimas\u201c - KidsPlay. Did\u017eiausias vaik\u0173 \u017eaisl\u0173 pasirinkimas.\" \/>\n<meta name=\"robots\" content=\"index, follow, max-snippet:-1, max-image-preview:large, max-video-preview:-1\" \/>\n<link rel=\"canonical\" href=\"https:\/\/kidsplay.lt\/lv\/products\/woopie-green-medine-edukacine-4-in-1-montessori-rusiavimo-dezute-morku-zaidimas\/\" \/>\n<meta property=\"og:locale\" content=\"lv_LV\" \/>\n<meta property=\"og:type\" content=\"article\" \/>\n<meta property=\"og:title\" content=\"WOOPIE GREEN medin\u0117 edukacin\u0117 4-in-1 Montessori r\u016b\u0161iavimo d\u0117\u017eut\u0117 \u201eMork\u0173 \u017eaidimas\u201c\" \/>\n<meta property=\"og:description\" content=\"WOOPIE GREEN medin\u0117 edukacin\u0117 4-in-1 Montessori r\u016b\u0161iavimo d\u0117\u017eut\u0117 \u201eMork\u0173 \u017eaidimas\u201c - KidsPlay. Did\u017eiausias vaik\u0173 \u017eaisl\u0173 pasirinkimas.\" \/>\n<meta property=\"og:url\" content=\"https:\/\/kidsplay.lt\/lv\/products\/woopie-green-medine-edukacine-4-in-1-montessori-rusiavimo-dezute-morku-zaidimas\/\" \/>\n<meta property=\"og:site_name\" content=\"KidsPlay\" \/>\n<meta property=\"article:publisher\" content=\"https:\/\/www.facebook.com\/www.kidsplay.lt\" \/>\n<meta property=\"article:modified_time\" content=\"2026-04-27T15:30:00+00:00\" \/>\n<meta property=\"og:image\" content=\"https:\/\/kidsplay.lt\/wp-content\/uploads\/2026\/04\/WOOPIE-GREEN-medine-edukacine-4-in-1-Montessori-rusiavimo-dezute-\u201eMorku-zaidimas-800x800.png\" \/>\n\t<meta property=\"og:image:width\" content=\"800\" \/>\n\t<meta property=\"og:image:height\" content=\"800\" \/>\n\t<meta property=\"og:image:type\" content=\"image\/png\" \/>\n<meta name=\"twitter:card\" content=\"summary_large_image\" \/>\n<meta name=\"twitter:label1\" content=\"Est. reading time\" \/>\n\t<meta name=\"twitter:data1\" content=\"1 min\u016bte\" \/>\n<script type=\"application\/ld+json\" class=\"yoast-schema-graph\">{\"@context\":\"https:\\\/\\\/schema.org\",\"@graph\":[{\"@type\":\"WebPage\",\"@id\":\"https:\\\/\\\/kidsplay.lt\\\/produktas\\\/woopie-green-medine-edukacine-4-in-1-montessori-rusiavimo-dezute-morku-zaidimas\\\/\",\"url\":\"https:\\\/\\\/kidsplay.lt\\\/produktas\\\/woopie-green-medine-edukacine-4-in-1-montessori-rusiavimo-dezute-morku-zaidimas\\\/\",\"name\":\"WOOPIE GREEN medin\u0117 edukacin\u0117 4-in-1 Montessori r\u016b\u0161iavimo d\u0117\u017eut\u0117 \u201eMork\u0173 \u017eaidimas\u201c\",\"isPartOf\":{\"@id\":\"https:\\\/\\\/kidsplay.lt\\\/#website\"},\"primaryImageOfPage\":{\"@id\":\"https:\\\/\\\/kidsplay.lt\\\/produktas\\\/woopie-green-medine-edukacine-4-in-1-montessori-rusiavimo-dezute-morku-zaidimas\\\/#primaryimage\"},\"image\":{\"@id\":\"https:\\\/\\\/kidsplay.lt\\\/produktas\\\/woopie-green-medine-edukacine-4-in-1-montessori-rusiavimo-dezute-morku-zaidimas\\\/#primaryimage\"},\"thumbnailUrl\":\"https:\\\/\\\/kidsplay.lt\\\/wp-content\\\/uploads\\\/2026\\\/04\\\/WOOPIE-GREEN-medine-edukacine-4-in-1-Montessori-rusiavimo-dezute-\u201eMorku-zaidimas.png\",\"datePublished\":\"2026-04-27T04:22:17+00:00\",\"dateModified\":\"2026-04-27T15:30:00+00:00\",\"description\":\"WOOPIE GREEN medin\u0117 edukacin\u0117 4-in-1 Montessori r\u016b\u0161iavimo d\u0117\u017eut\u0117 \u201eMork\u0173 \u017eaidimas\u201c - KidsPlay. Did\u017eiausias vaik\u0173 \u017eaisl\u0173 pasirinkimas.\",\"breadcrumb\":{\"@id\":\"https:\\\/\\\/kidsplay.lt\\\/produktas\\\/woopie-green-medine-edukacine-4-in-1-montessori-rusiavimo-dezute-morku-zaidimas\\\/#breadcrumb\"},\"inLanguage\":\"lv-LV\",\"potentialAction\":[{\"@type\":\"ReadAction\",\"target\":[\"https:\\\/\\\/kidsplay.lt\\\/produktas\\\/woopie-green-medine-edukacine-4-in-1-montessori-rusiavimo-dezute-morku-zaidimas\\\/\"]}]},{\"@type\":\"ImageObject\",\"inLanguage\":\"lv-LV\",\"@id\":\"https:\\\/\\\/kidsplay.lt\\\/produktas\\\/woopie-green-medine-edukacine-4-in-1-montessori-rusiavimo-dezute-morku-zaidimas\\\/#primaryimage\",\"url\":\"https:\\\/\\\/kidsplay.lt\\\/wp-content\\\/uploads\\\/2026\\\/04\\\/WOOPIE-GREEN-medine-edukacine-4-in-1-Montessori-rusiavimo-dezute-\u201eMorku-zaidimas.png\",\"contentUrl\":\"https:\\\/\\\/kidsplay.lt\\\/wp-content\\\/uploads\\\/2026\\\/04\\\/WOOPIE-GREEN-medine-edukacine-4-in-1-Montessori-rusiavimo-dezute-\u201eMorku-zaidimas.png\",\"width\":2560,\"height\":2560,\"caption\":\"WOOPIE GREEN medin\u0117 edukacin\u0117 4-in-1 Montessori r\u016b\u0161iavimo d\u0117\u017eut\u0117 \u201eMork\u0173 \u017eaidimas\u201c\"},{\"@type\":\"BreadcrumbList\",\"@id\":\"https:\\\/\\\/kidsplay.lt\\\/produktas\\\/woopie-green-medine-edukacine-4-in-1-montessori-rusiavimo-dezute-morku-zaidimas\\\/#breadcrumb\",\"itemListElement\":[{\"@type\":\"ListItem\",\"position\":1,\"name\":\"Pagrindinis\",\"item\":\"https:\\\/\\\/kidsplay.lt\\\/\"},{\"@type\":\"ListItem\",\"position\":2,\"name\":\"Parduotuv\u0117\",\"item\":\"https:\\\/\\\/kidsplay.lt\\\/parduotuve\\\/\"},{\"@type\":\"ListItem\",\"position\":3,\"name\":\"WOOPIE GREEN medin\u0117 edukacin\u0117 4-in-1 Montessori r\u016b\u0161iavimo d\u0117\u017eut\u0117 \u201eMork\u0173 \u017eaidimas\u201c\"}]},{\"@type\":\"WebSite\",\"@id\":\"https:\\\/\\\/kidsplay.lt\\\/#website\",\"url\":\"https:\\\/\\\/kidsplay.lt\\\/\",\"name\":\"Kidsplay.lt\",\"description\":\"\u012evairios prek\u0117s vaikams\",\"publisher\":{\"@id\":\"https:\\\/\\\/kidsplay.lt\\\/#organization\"},\"alternateName\":\"Kidsplay\",\"potentialAction\":[{\"@type\":\"SearchAction\",\"target\":{\"@type\":\"EntryPoint\",\"urlTemplate\":\"https:\\\/\\\/kidsplay.lt\\\/?s={search_term_string}\"},\"query-input\":{\"@type\":\"PropertyValueSpecification\",\"valueRequired\":true,\"valueName\":\"search_term_string\"}}],\"inLanguage\":\"lv-LV\"},{\"@type\":\"Organization\",\"@id\":\"https:\\\/\\\/kidsplay.lt\\\/#organization\",\"name\":\"KidsPlay\",\"url\":\"https:\\\/\\\/kidsplay.lt\\\/\",\"logo\":{\"@type\":\"ImageObject\",\"inLanguage\":\"lv-LV\",\"@id\":\"https:\\\/\\\/kidsplay.lt\\\/#\\\/schema\\\/logo\\\/image\\\/\",\"url\":\"https:\\\/\\\/kidsplay.lt\\\/wp-content\\\/uploads\\\/2023\\\/07\\\/kidsplay-logo.png\",\"contentUrl\":\"https:\\\/\\\/kidsplay.lt\\\/wp-content\\\/uploads\\\/2023\\\/07\\\/kidsplay-logo.png\",\"width\":451,\"height\":98,\"caption\":\"KidsPlay\"},\"image\":{\"@id\":\"https:\\\/\\\/kidsplay.lt\\\/#\\\/schema\\\/logo\\\/image\\\/\"},\"sameAs\":[\"https:\\\/\\\/www.facebook.com\\\/www.kidsplay.lt\"]}]}<\/script>\n<!-- \/ Yoast SEO plugin. -->","yoast_head_json":{"title":"WOOPIE GREEN medin\u0117 edukacin\u0117 4-in-1 Montessori r\u016b\u0161iavimo d\u0117\u017eut\u0117 \u201eMork\u0173 \u017eaidimas\u201c","description":"WOOPIE GREEN medin\u0117 edukacin\u0117 4-in-1 Montessori r\u016b\u0161iavimo d\u0117\u017eut\u0117 \u201eMork\u0173 \u017eaidimas\u201c - KidsPlay. Did\u017eiausias vaik\u0173 \u017eaisl\u0173 pasirinkimas.","robots":{"index":"index","follow":"follow","max-snippet":"max-snippet:-1","max-image-preview":"max-image-preview:large","max-video-preview":"max-video-preview:-1"},"canonical":"https:\/\/kidsplay.lt\/lv\/products\/woopie-green-medine-edukacine-4-in-1-montessori-rusiavimo-dezute-morku-zaidimas\/","og_locale":"lv_LV","og_type":"article","og_title":"WOOPIE GREEN medin\u0117 edukacin\u0117 4-in-1 Montessori r\u016b\u0161iavimo d\u0117\u017eut\u0117 \u201eMork\u0173 \u017eaidimas\u201c","og_description":"WOOPIE GREEN medin\u0117 edukacin\u0117 4-in-1 Montessori r\u016b\u0161iavimo d\u0117\u017eut\u0117 \u201eMork\u0173 \u017eaidimas\u201c - KidsPlay. Did\u017eiausias vaik\u0173 \u017eaisl\u0173 pasirinkimas.","og_url":"https:\/\/kidsplay.lt\/lv\/products\/woopie-green-medine-edukacine-4-in-1-montessori-rusiavimo-dezute-morku-zaidimas\/","og_site_name":"KidsPlay","article_publisher":"https:\/\/www.facebook.com\/www.kidsplay.lt","article_modified_time":"2026-04-27T15:30:00+00:00","og_image":[{"width":800,"height":800,"url":"https:\/\/kidsplay.lt\/wp-content\/uploads\/2026\/04\/WOOPIE-GREEN-medine-edukacine-4-in-1-Montessori-rusiavimo-dezute-\u201eMorku-zaidimas-800x800.png","type":"image\/png"}],"twitter_card":"summary_large_image","twitter_misc":{"Est. reading time":"1 min\u016bte"},"schema":{"@context":"https:\/\/schema.org","@graph":[{"@type":"WebPage","@id":"https:\/\/kidsplay.lt\/produktas\/woopie-green-medine-edukacine-4-in-1-montessori-rusiavimo-dezute-morku-zaidimas\/","url":"https:\/\/kidsplay.lt\/produktas\/woopie-green-medine-edukacine-4-in-1-montessori-rusiavimo-dezute-morku-zaidimas\/","name":"WOOPIE GREEN medin\u0117 edukacin\u0117 4-in-1 Montessori r\u016b\u0161iavimo d\u0117\u017eut\u0117 \u201eMork\u0173 \u017eaidimas\u201c","isPartOf":{"@id":"https:\/\/kidsplay.lt\/#website"},"primaryImageOfPage":{"@id":"https:\/\/kidsplay.lt\/produktas\/woopie-green-medine-edukacine-4-in-1-montessori-rusiavimo-dezute-morku-zaidimas\/#primaryimage"},"image":{"@id":"https:\/\/kidsplay.lt\/produktas\/woopie-green-medine-edukacine-4-in-1-montessori-rusiavimo-dezute-morku-zaidimas\/#primaryimage"},"thumbnailUrl":"https:\/\/kidsplay.lt\/wp-content\/uploads\/2026\/04\/WOOPIE-GREEN-medine-edukacine-4-in-1-Montessori-rusiavimo-dezute-\u201eMorku-zaidimas.png","datePublished":"2026-04-27T04:22:17+00:00","dateModified":"2026-04-27T15:30:00+00:00","description":"WOOPIE GREEN medin\u0117 edukacin\u0117 4-in-1 Montessori r\u016b\u0161iavimo d\u0117\u017eut\u0117 \u201eMork\u0173 \u017eaidimas\u201c - KidsPlay. Did\u017eiausias vaik\u0173 \u017eaisl\u0173 pasirinkimas.","breadcrumb":{"@id":"https:\/\/kidsplay.lt\/produktas\/woopie-green-medine-edukacine-4-in-1-montessori-rusiavimo-dezute-morku-zaidimas\/#breadcrumb"},"inLanguage":"lv-LV","potentialAction":[{"@type":"ReadAction","target":["https:\/\/kidsplay.lt\/produktas\/woopie-green-medine-edukacine-4-in-1-montessori-rusiavimo-dezute-morku-zaidimas\/"]}]},{"@type":"ImageObject","inLanguage":"lv-LV","@id":"https:\/\/kidsplay.lt\/produktas\/woopie-green-medine-edukacine-4-in-1-montessori-rusiavimo-dezute-morku-zaidimas\/#primaryimage","url":"https:\/\/kidsplay.lt\/wp-content\/uploads\/2026\/04\/WOOPIE-GREEN-medine-edukacine-4-in-1-Montessori-rusiavimo-dezute-\u201eMorku-zaidimas.png","contentUrl":"https:\/\/kidsplay.lt\/wp-content\/uploads\/2026\/04\/WOOPIE-GREEN-medine-edukacine-4-in-1-Montessori-rusiavimo-dezute-\u201eMorku-zaidimas.png","width":2560,"height":2560,"caption":"WOOPIE GREEN medin\u0117 edukacin\u0117 4-in-1 Montessori r\u016b\u0161iavimo d\u0117\u017eut\u0117 \u201eMork\u0173 \u017eaidimas\u201c"},{"@type":"BreadcrumbList","@id":"https:\/\/kidsplay.lt\/produktas\/woopie-green-medine-edukacine-4-in-1-montessori-rusiavimo-dezute-morku-zaidimas\/#breadcrumb","itemListElement":[{"@type":"ListItem","position":1,"name":"Pagrindinis","item":"https:\/\/kidsplay.lt\/"},{"@type":"ListItem","position":2,"name":"Parduotuv\u0117","item":"https:\/\/kidsplay.lt\/parduotuve\/"},{"@type":"ListItem","position":3,"name":"WOOPIE GREEN medin\u0117 edukacin\u0117 4-in-1 Montessori r\u016b\u0161iavimo d\u0117\u017eut\u0117 \u201eMork\u0173 \u017eaidimas\u201c"}]},{"@type":"WebSite","@id":"https:\/\/kidsplay.lt\/#website","url":"https:\/\/kidsplay.lt\/","name":"B\u0113rnu sp\u0113les.lv","description":"\u012evairios prek\u0117s vaikams","publisher":{"@id":"https:\/\/kidsplay.lt\/#organization"},"alternateName":"Kidsplay","potentialAction":[{"@type":"SearchAction","target":{"@type":"EntryPoint","urlTemplate":"https:\/\/kidsplay.lt\/?s={search_term_string}"},"query-input":{"@type":"PropertyValueSpecification","valueRequired":true,"valueName":"search_term_string"}}],"inLanguage":"lv-LV"},{"@type":"Organization","@id":"https:\/\/kidsplay.lt\/#organization","name":"B\u0113rnu sp\u0113le","url":"https:\/\/kidsplay.lt\/","logo":{"@type":"ImageObject","inLanguage":"lv-LV","@id":"https:\/\/kidsplay.lt\/#\/schema\/logo\/image\/","url":"https:\/\/kidsplay.lt\/wp-content\/uploads\/2023\/07\/kidsplay-logo.png","contentUrl":"https:\/\/kidsplay.lt\/wp-content\/uploads\/2023\/07\/kidsplay-logo.png","width":451,"height":98,"caption":"KidsPlay"},"image":{"@id":"https:\/\/kidsplay.lt\/#\/schema\/logo\/image\/"},"sameAs":["https:\/\/www.facebook.com\/www.kidsplay.lt"]}]}},"_links":{"self":[{"href":"https:\/\/kidsplay.lt\/lv\/wp-json\/wp\/v2\/product\/109088","targetHints":{"allow":["GET"]}}],"collection":[{"href":"https:\/\/kidsplay.lt\/lv\/wp-json\/wp\/v2\/product"}],"about":[{"href":"https:\/\/kidsplay.lt\/lv\/wp-json\/wp\/v2\/types\/product"}],"version-history":[{"count":1,"href":"https:\/\/kidsplay.lt\/lv\/wp-json\/wp\/v2\/product\/109088\/revisions"}],"predecessor-version":[{"id":109089,"href":"https:\/\/kidsplay.lt\/lv\/wp-json\/wp\/v2\/product\/109088\/revisions\/109089"}],"wp:featuredmedia":[{"embeddable":true,"href":"https:\/\/kidsplay.lt\/lv\/wp-json\/wp\/v2\/media\/109090"}],"wp:attachment":[{"href":"https:\/\/kidsplay.lt\/lv\/wp-json\/wp\/v2\/media?parent=109088"}],"wp:term":[{"taxonomy":"product_brand","embeddable":true,"href":"https:\/\/kidsplay.lt\/lv\/wp-json\/wp\/v2\/product_brand?post=109088"},{"taxonomy":"product_cat","embeddable":true,"href":"https:\/\/kidsplay.lt\/lv\/wp-json\/wp\/v2\/product_cat?post=109088"},{"taxonomy":"product_tag","embeddable":true,"href":"https:\/\/kidsplay.lt\/lv\/wp-json\/wp\/v2\/product_tag?post=109088"}],"curies":[{"name":"wp","href":"https:\/\/api.w.org\/{rel}","templated":true}]}}