{"id":109095,"date":"2026-04-27T07:22:52","date_gmt":"2026-04-27T04:22:52","guid":{"rendered":"https:\/\/kidsplay.lt\/produktas\/viga-medine-delione-kosminis-nuotykis-24-detales\/"},"modified":"2026-04-29T18:30:44","modified_gmt":"2026-04-29T15:30:44","slug":"viga-medine-delione-kosminis-nuotykis-24-detales","status":"publish","type":"product","link":"https:\/\/kidsplay.lt\/lv\/products\/viga-medine-delione-kosminis-nuotykis-24-detales\/","title":{"rendered":"VIGA koka puzle &quot;Kosmosa piedz\u012bvojums&quot;, 24 gabali"},"content":{"rendered":"<p>VIGA \u201eSpace Adventure\u201c d\u0117lion\u0117 yra lavinamasis \u017eaislas i\u0161 serijos, skirtas vaikams nuo 24 m\u0117nesi\u0173. Visos \u0161ios serijos d\u0117lion\u0117s turi medin\u012f pagrind\u0105, kuris suteikia stabil\u0173 pavir\u0161i\u0173 d\u0117liojimui, o ant jo taip pat yra paveiksl\u0117lis, kur\u012f vaikas turi sud\u0117ti. Papildoma pagalba \u2013 d\u0117lion\u0117s detal\u0117s yra sunumeruotos nuo 1 iki 24, tod\u0117l vaikui lengviau atlikti u\u017eduot\u012f ir nepasiduoti.<br \/>\n\u201eSpace Adventure\u201c paveiksl\u0117lyje vaizduojama kosmoso tema: planetos, \u017evaig\u017ed\u0117s, kosminiai laivai ir mieli gyv\u016bnai astronaut\u0173 kostiumuose.<br \/>\nRaksturojums:<\/p>\n<p> \t\u017eaislas nuo 24 m\u0117nesi\u0173 am\u017eiaus,<br \/>\n \td\u0117lion\u0119 sudaro 24 detal\u0117s,<br \/>\n \tmedinis pagrindas su sudedamu paveiksl\u0117liu,<br \/>\n \tdetal\u0117s sunumeruotos nuo 1 iki 24,<br \/>\n \tda\u017eyta netoksi\u0161kais da\u017eais.<\/p>","protected":false},"excerpt":{"rendered":"<p>VIGA \u201eSpace Adventure\u201c d\u0117lion\u0117 yra lavinamasis \u017eaislas i\u0161 serijos, skirtas vaikams nuo 24 m\u0117nesi\u0173. Visos \u0161ios serijos d\u0117lion\u0117s turi medin\u012f<\/p>","protected":false},"featured_media":109097,"template":"","meta":{"_acf_changed":false,"_glsr_average":0,"_glsr_ranking":0,"_glsr_reviews":0},"product_brand":[],"product_cat":[397,883],"product_tag":[],"class_list":{"0":"post-109095","1":"product","2":"type-product","3":"status-publish","4":"has-post-thumbnail","6":"product_cat-medines-deliones-mediniai-zaislai","7":"product_cat-mediniai-zaislai-2","8":"\"style=\"background-color: #2ecc711c;\"","10":"first","11":"instock","12":"purchasable","13":"product-type-simple"},"acf":[],"yoast_head":"<!-- This site is optimized with the Yoast SEO plugin v27.5 - https:\/\/yoast.com\/product\/yoast-seo-wordpress\/ -->\n<title>VIGA medin\u0117 d\u0117lion\u0117 \u201eKosminis nuotykis\u201c, 24 detal\u0117s<\/title>\n<meta name=\"description\" content=\"VIGA medin\u0117 d\u0117lion\u0117 \u201eKosminis nuotykis\u201c, 24 detal\u0117s - KidsPlay. Did\u017eiausias vaik\u0173 \u017eaisl\u0173 pasirinkimas.\" \/>\n<meta name=\"robots\" content=\"index, follow, max-snippet:-1, max-image-preview:large, max-video-preview:-1\" \/>\n<link rel=\"canonical\" href=\"https:\/\/kidsplay.lt\/lv\/products\/viga-medine-delione-kosminis-nuotykis-24-detales\/\" \/>\n<meta property=\"og:locale\" content=\"lv_LV\" \/>\n<meta property=\"og:type\" content=\"article\" \/>\n<meta property=\"og:title\" content=\"VIGA medin\u0117 d\u0117lion\u0117 \u201eKosminis nuotykis\u201c, 24 detal\u0117s\" \/>\n<meta property=\"og:description\" content=\"VIGA medin\u0117 d\u0117lion\u0117 \u201eKosminis nuotykis\u201c, 24 detal\u0117s - KidsPlay. Did\u017eiausias vaik\u0173 \u017eaisl\u0173 pasirinkimas.\" \/>\n<meta property=\"og:url\" content=\"https:\/\/kidsplay.lt\/lv\/products\/viga-medine-delione-kosminis-nuotykis-24-detales\/\" \/>\n<meta property=\"og:site_name\" content=\"KidsPlay\" \/>\n<meta property=\"article:publisher\" content=\"https:\/\/www.facebook.com\/www.kidsplay.lt\" \/>\n<meta property=\"article:modified_time\" content=\"2026-04-29T15:30:44+00:00\" \/>\n<meta property=\"og:image\" content=\"https:\/\/kidsplay.lt\/wp-content\/uploads\/2026\/04\/VIGA-medine-delione-\u201eKosminis-nuotykis-24-detales.jpg\" \/>\n\t<meta property=\"og:image:width\" content=\"2560\" \/>\n\t<meta property=\"og:image:height\" content=\"2560\" \/>\n\t<meta property=\"og:image:type\" content=\"image\/jpeg\" \/>\n<meta name=\"twitter:card\" content=\"summary_large_image\" \/>\n<meta name=\"twitter:label1\" content=\"Est. reading time\" \/>\n\t<meta name=\"twitter:data1\" content=\"1 min\u016bte\" \/>\n<script type=\"application\/ld+json\" class=\"yoast-schema-graph\">{\"@context\":\"https:\\\/\\\/schema.org\",\"@graph\":[{\"@type\":\"WebPage\",\"@id\":\"https:\\\/\\\/kidsplay.lt\\\/produktas\\\/viga-medine-delione-kosminis-nuotykis-24-detales\\\/\",\"url\":\"https:\\\/\\\/kidsplay.lt\\\/produktas\\\/viga-medine-delione-kosminis-nuotykis-24-detales\\\/\",\"name\":\"VIGA medin\u0117 d\u0117lion\u0117 \u201eKosminis nuotykis\u201c, 24 detal\u0117s\",\"isPartOf\":{\"@id\":\"https:\\\/\\\/kidsplay.lt\\\/#website\"},\"primaryImageOfPage\":{\"@id\":\"https:\\\/\\\/kidsplay.lt\\\/produktas\\\/viga-medine-delione-kosminis-nuotykis-24-detales\\\/#primaryimage\"},\"image\":{\"@id\":\"https:\\\/\\\/kidsplay.lt\\\/produktas\\\/viga-medine-delione-kosminis-nuotykis-24-detales\\\/#primaryimage\"},\"thumbnailUrl\":\"https:\\\/\\\/kidsplay.lt\\\/wp-content\\\/uploads\\\/2026\\\/04\\\/VIGA-medine-delione-\u201eKosminis-nuotykis-24-detales.jpg\",\"datePublished\":\"2026-04-27T04:22:52+00:00\",\"dateModified\":\"2026-04-29T15:30:44+00:00\",\"description\":\"VIGA medin\u0117 d\u0117lion\u0117 \u201eKosminis nuotykis\u201c, 24 detal\u0117s - KidsPlay. Did\u017eiausias vaik\u0173 \u017eaisl\u0173 pasirinkimas.\",\"breadcrumb\":{\"@id\":\"https:\\\/\\\/kidsplay.lt\\\/produktas\\\/viga-medine-delione-kosminis-nuotykis-24-detales\\\/#breadcrumb\"},\"inLanguage\":\"lv-LV\",\"potentialAction\":[{\"@type\":\"ReadAction\",\"target\":[\"https:\\\/\\\/kidsplay.lt\\\/produktas\\\/viga-medine-delione-kosminis-nuotykis-24-detales\\\/\"]}]},{\"@type\":\"ImageObject\",\"inLanguage\":\"lv-LV\",\"@id\":\"https:\\\/\\\/kidsplay.lt\\\/produktas\\\/viga-medine-delione-kosminis-nuotykis-24-detales\\\/#primaryimage\",\"url\":\"https:\\\/\\\/kidsplay.lt\\\/wp-content\\\/uploads\\\/2026\\\/04\\\/VIGA-medine-delione-\u201eKosminis-nuotykis-24-detales.jpg\",\"contentUrl\":\"https:\\\/\\\/kidsplay.lt\\\/wp-content\\\/uploads\\\/2026\\\/04\\\/VIGA-medine-delione-\u201eKosminis-nuotykis-24-detales.jpg\",\"width\":2560,\"height\":2560,\"caption\":\"VIGA medin\u0117 d\u0117lion\u0117 \u201eKosminis nuotykis\u201c\"},{\"@type\":\"BreadcrumbList\",\"@id\":\"https:\\\/\\\/kidsplay.lt\\\/produktas\\\/viga-medine-delione-kosminis-nuotykis-24-detales\\\/#breadcrumb\",\"itemListElement\":[{\"@type\":\"ListItem\",\"position\":1,\"name\":\"Pagrindinis\",\"item\":\"https:\\\/\\\/kidsplay.lt\\\/\"},{\"@type\":\"ListItem\",\"position\":2,\"name\":\"Parduotuv\u0117\",\"item\":\"https:\\\/\\\/kidsplay.lt\\\/parduotuve\\\/\"},{\"@type\":\"ListItem\",\"position\":3,\"name\":\"VIGA medin\u0117 d\u0117lion\u0117 \u201eKosminis nuotykis\u201c, 24 detal\u0117s\"}]},{\"@type\":\"WebSite\",\"@id\":\"https:\\\/\\\/kidsplay.lt\\\/#website\",\"url\":\"https:\\\/\\\/kidsplay.lt\\\/\",\"name\":\"Kidsplay.lt\",\"description\":\"\u012evairios prek\u0117s vaikams\",\"publisher\":{\"@id\":\"https:\\\/\\\/kidsplay.lt\\\/#organization\"},\"alternateName\":\"Kidsplay\",\"potentialAction\":[{\"@type\":\"SearchAction\",\"target\":{\"@type\":\"EntryPoint\",\"urlTemplate\":\"https:\\\/\\\/kidsplay.lt\\\/?s={search_term_string}\"},\"query-input\":{\"@type\":\"PropertyValueSpecification\",\"valueRequired\":true,\"valueName\":\"search_term_string\"}}],\"inLanguage\":\"lv-LV\"},{\"@type\":\"Organization\",\"@id\":\"https:\\\/\\\/kidsplay.lt\\\/#organization\",\"name\":\"KidsPlay\",\"url\":\"https:\\\/\\\/kidsplay.lt\\\/\",\"logo\":{\"@type\":\"ImageObject\",\"inLanguage\":\"lv-LV\",\"@id\":\"https:\\\/\\\/kidsplay.lt\\\/#\\\/schema\\\/logo\\\/image\\\/\",\"url\":\"https:\\\/\\\/kidsplay.lt\\\/wp-content\\\/uploads\\\/2023\\\/07\\\/kidsplay-logo.png\",\"contentUrl\":\"https:\\\/\\\/kidsplay.lt\\\/wp-content\\\/uploads\\\/2023\\\/07\\\/kidsplay-logo.png\",\"width\":451,\"height\":98,\"caption\":\"KidsPlay\"},\"image\":{\"@id\":\"https:\\\/\\\/kidsplay.lt\\\/#\\\/schema\\\/logo\\\/image\\\/\"},\"sameAs\":[\"https:\\\/\\\/www.facebook.com\\\/www.kidsplay.lt\"]}]}<\/script>\n<!-- \/ Yoast SEO plugin. -->","yoast_head_json":{"title":"VIGA koka puzle &quot;Kosmosa piedz\u012bvojums&quot;, 24 gabali","description":"VIGA medin\u0117 d\u0117lion\u0117 \u201eKosminis nuotykis\u201c, 24 detal\u0117s - KidsPlay. Did\u017eiausias vaik\u0173 \u017eaisl\u0173 pasirinkimas.","robots":{"index":"index","follow":"follow","max-snippet":"max-snippet:-1","max-image-preview":"max-image-preview:large","max-video-preview":"max-video-preview:-1"},"canonical":"https:\/\/kidsplay.lt\/lv\/products\/viga-medine-delione-kosminis-nuotykis-24-detales\/","og_locale":"lv_LV","og_type":"article","og_title":"VIGA medin\u0117 d\u0117lion\u0117 \u201eKosminis nuotykis\u201c, 24 detal\u0117s","og_description":"VIGA medin\u0117 d\u0117lion\u0117 \u201eKosminis nuotykis\u201c, 24 detal\u0117s - KidsPlay. Did\u017eiausias vaik\u0173 \u017eaisl\u0173 pasirinkimas.","og_url":"https:\/\/kidsplay.lt\/lv\/products\/viga-medine-delione-kosminis-nuotykis-24-detales\/","og_site_name":"KidsPlay","article_publisher":"https:\/\/www.facebook.com\/www.kidsplay.lt","article_modified_time":"2026-04-29T15:30:44+00:00","og_image":[{"width":2560,"height":2560,"url":"https:\/\/kidsplay.lt\/wp-content\/uploads\/2026\/04\/VIGA-medine-delione-\u201eKosminis-nuotykis-24-detales.jpg","type":"image\/jpeg"}],"twitter_card":"summary_large_image","twitter_misc":{"Est. reading time":"1 min\u016bte"},"schema":{"@context":"https:\/\/schema.org","@graph":[{"@type":"WebPage","@id":"https:\/\/kidsplay.lt\/produktas\/viga-medine-delione-kosminis-nuotykis-24-detales\/","url":"https:\/\/kidsplay.lt\/produktas\/viga-medine-delione-kosminis-nuotykis-24-detales\/","name":"VIGA koka puzle &quot;Kosmosa piedz\u012bvojums&quot;, 24 gabali","isPartOf":{"@id":"https:\/\/kidsplay.lt\/#website"},"primaryImageOfPage":{"@id":"https:\/\/kidsplay.lt\/produktas\/viga-medine-delione-kosminis-nuotykis-24-detales\/#primaryimage"},"image":{"@id":"https:\/\/kidsplay.lt\/produktas\/viga-medine-delione-kosminis-nuotykis-24-detales\/#primaryimage"},"thumbnailUrl":"https:\/\/kidsplay.lt\/wp-content\/uploads\/2026\/04\/VIGA-medine-delione-\u201eKosminis-nuotykis-24-detales.jpg","datePublished":"2026-04-27T04:22:52+00:00","dateModified":"2026-04-29T15:30:44+00:00","description":"VIGA medin\u0117 d\u0117lion\u0117 \u201eKosminis nuotykis\u201c, 24 detal\u0117s - KidsPlay. Did\u017eiausias vaik\u0173 \u017eaisl\u0173 pasirinkimas.","breadcrumb":{"@id":"https:\/\/kidsplay.lt\/produktas\/viga-medine-delione-kosminis-nuotykis-24-detales\/#breadcrumb"},"inLanguage":"lv-LV","potentialAction":[{"@type":"ReadAction","target":["https:\/\/kidsplay.lt\/produktas\/viga-medine-delione-kosminis-nuotykis-24-detales\/"]}]},{"@type":"ImageObject","inLanguage":"lv-LV","@id":"https:\/\/kidsplay.lt\/produktas\/viga-medine-delione-kosminis-nuotykis-24-detales\/#primaryimage","url":"https:\/\/kidsplay.lt\/wp-content\/uploads\/2026\/04\/VIGA-medine-delione-\u201eKosminis-nuotykis-24-detales.jpg","contentUrl":"https:\/\/kidsplay.lt\/wp-content\/uploads\/2026\/04\/VIGA-medine-delione-\u201eKosminis-nuotykis-24-detales.jpg","width":2560,"height":2560,"caption":"VIGA medin\u0117 d\u0117lion\u0117 \u201eKosminis nuotykis\u201c"},{"@type":"BreadcrumbList","@id":"https:\/\/kidsplay.lt\/produktas\/viga-medine-delione-kosminis-nuotykis-24-detales\/#breadcrumb","itemListElement":[{"@type":"ListItem","position":1,"name":"Pagrindinis","item":"https:\/\/kidsplay.lt\/"},{"@type":"ListItem","position":2,"name":"Parduotuv\u0117","item":"https:\/\/kidsplay.lt\/parduotuve\/"},{"@type":"ListItem","position":3,"name":"VIGA medin\u0117 d\u0117lion\u0117 \u201eKosminis nuotykis\u201c, 24 detal\u0117s"}]},{"@type":"WebSite","@id":"https:\/\/kidsplay.lt\/#website","url":"https:\/\/kidsplay.lt\/","name":"B\u0113rnu sp\u0113les.lv","description":"\u012evairios prek\u0117s vaikams","publisher":{"@id":"https:\/\/kidsplay.lt\/#organization"},"alternateName":"Kidsplay","potentialAction":[{"@type":"SearchAction","target":{"@type":"EntryPoint","urlTemplate":"https:\/\/kidsplay.lt\/?s={search_term_string}"},"query-input":{"@type":"PropertyValueSpecification","valueRequired":true,"valueName":"search_term_string"}}],"inLanguage":"lv-LV"},{"@type":"Organization","@id":"https:\/\/kidsplay.lt\/#organization","name":"B\u0113rnu sp\u0113le","url":"https:\/\/kidsplay.lt\/","logo":{"@type":"ImageObject","inLanguage":"lv-LV","@id":"https:\/\/kidsplay.lt\/#\/schema\/logo\/image\/","url":"https:\/\/kidsplay.lt\/wp-content\/uploads\/2023\/07\/kidsplay-logo.png","contentUrl":"https:\/\/kidsplay.lt\/wp-content\/uploads\/2023\/07\/kidsplay-logo.png","width":451,"height":98,"caption":"KidsPlay"},"image":{"@id":"https:\/\/kidsplay.lt\/#\/schema\/logo\/image\/"},"sameAs":["https:\/\/www.facebook.com\/www.kidsplay.lt"]}]}},"_links":{"self":[{"href":"https:\/\/kidsplay.lt\/lv\/wp-json\/wp\/v2\/product\/109095","targetHints":{"allow":["GET"]}}],"collection":[{"href":"https:\/\/kidsplay.lt\/lv\/wp-json\/wp\/v2\/product"}],"about":[{"href":"https:\/\/kidsplay.lt\/lv\/wp-json\/wp\/v2\/types\/product"}],"version-history":[{"count":1,"href":"https:\/\/kidsplay.lt\/lv\/wp-json\/wp\/v2\/product\/109095\/revisions"}],"predecessor-version":[{"id":109096,"href":"https:\/\/kidsplay.lt\/lv\/wp-json\/wp\/v2\/product\/109095\/revisions\/109096"}],"wp:featuredmedia":[{"embeddable":true,"href":"https:\/\/kidsplay.lt\/lv\/wp-json\/wp\/v2\/media\/109097"}],"wp:attachment":[{"href":"https:\/\/kidsplay.lt\/lv\/wp-json\/wp\/v2\/media?parent=109095"}],"wp:term":[{"taxonomy":"product_brand","embeddable":true,"href":"https:\/\/kidsplay.lt\/lv\/wp-json\/wp\/v2\/product_brand?post=109095"},{"taxonomy":"product_cat","embeddable":true,"href":"https:\/\/kidsplay.lt\/lv\/wp-json\/wp\/v2\/product_cat?post=109095"},{"taxonomy":"product_tag","embeddable":true,"href":"https:\/\/kidsplay.lt\/lv\/wp-json\/wp\/v2\/product_tag?post=109095"}],"curies":[{"name":"wp","href":"https:\/\/api.w.org\/{rel}","templated":true}]}}