{"id":109111,"date":"2026-04-27T07:24:14","date_gmt":"2026-04-27T04:24:14","guid":{"rendered":"https:\/\/kidsplay.lt\/produktas\/viga-medine-montessori-fermos-kamstine-kurybine-lenta\/"},"modified":"2026-04-27T18:30:02","modified_gmt":"2026-04-27T15:30:02","slug":"viga-medine-montessori-fermos-kamstine-kurybine-lenta","status":"publish","type":"product","link":"https:\/\/kidsplay.lt\/lv\/products\/viga-medine-montessori-fermos-kamstine-kurybine-lenta\/","title":{"rendered":"\u201eVIGA\u201c medin\u0117 Montessori fermos kam\u0161tin\u0117 k\u016brybin\u0117 lenta"},"content":{"rendered":"<p>\u201eVIGA Farm Cork Board\u201c \u2013 tai Montessori tipo k\u016brybinis \u017eaidimas ma\u017eajam \u016bkininkui, leid\u017eiantis kurti \u012fvairias fermos kompozicijas kalant medines fig\u016br\u0117les prie kam\u0161tin\u0117s lentos. \u017daidimas skatina savaranki\u0161k\u0105 k\u016bryb\u0105 ir lavina svarbius ankstyvojo ugdymo \u012fg\u016bd\u017eius.<br \/>\nFunkcijas:<\/p>\n<p> \tB\u0113rniem no 3 gadu vecuma<br \/>\n \t24 medin\u0117s fermos iliustracijos<br \/>\n \tKam\u0161tin\u0117 lenta<br \/>\n \tPlaktukas ir kai\u0161tukai (vinukai)<br \/>\n \t10 pavyzdini\u0173 ra\u0161t\u0173 \/ \u0161ablon\u0173<br \/>\n \tElementai su skylut\u0117mis tvirtinimui<br \/>\n \tApvalinti kra\u0161tai \u2013 saugiam naudojimui<br \/>\n \tMontessori \u012fkv\u0117ptas mokomasis \u017eaislas<\/p>\n<p>Kaip \u017eaid\u017eiama:<\/p>\n<p> \tVaikas naudoja plaktuk\u0105 ir kai\u0161tukus, kad pritvirtint\u0173 medines detales prie lentos<br \/>\n \tGali kurti pagal pateiktus \u0161ablonus arba savo fantazij\u0105<\/p>","protected":false},"excerpt":{"rendered":"<p>\u201eVIGA Farm Cork Board\u201c \u2013 tai Montessori tipo k\u016brybinis \u017eaidimas ma\u017eajam \u016bkininkui, leid\u017eiantis kurti \u012fvairias fermos kompozicijas kalant medines fig\u016br\u0117les<\/p>","protected":false},"featured_media":109113,"template":"","meta":{"_acf_changed":false,"_glsr_average":0,"_glsr_ranking":0,"_glsr_reviews":0},"product_brand":[],"product_cat":[388,229],"product_tag":[],"class_list":{"0":"post-109111","1":"product","2":"type-product","3":"status-publish","4":"has-post-thumbnail","6":"product_cat-edukaciniai-lavinamieji-zaislai","7":"product_cat-zaislai-vaikams","8":"\"style=\"background-color: #2ecc711c;\"","10":"first","11":"instock","12":"purchasable","13":"product-type-simple"},"acf":[],"yoast_head":"<!-- This site is optimized with the Yoast SEO plugin v27.4 - https:\/\/yoast.com\/product\/yoast-seo-wordpress\/ -->\n<title>\u201eVIGA\u201c medin\u0117 Montessori fermos kam\u0161tin\u0117 k\u016brybin\u0117 lenta<\/title>\n<meta name=\"description\" content=\"\u201eVIGA\u201c medin\u0117 Montessori fermos kam\u0161tin\u0117 k\u016brybin\u0117 lenta - KidsPlay. Did\u017eiausias vaik\u0173 \u017eaisl\u0173 pasirinkimas.\" \/>\n<meta name=\"robots\" content=\"index, follow, max-snippet:-1, max-image-preview:large, max-video-preview:-1\" \/>\n<link rel=\"canonical\" href=\"https:\/\/kidsplay.lt\/lv\/products\/viga-medine-montessori-fermos-kamstine-kurybine-lenta\/\" \/>\n<meta property=\"og:locale\" content=\"lv_LV\" \/>\n<meta property=\"og:type\" content=\"article\" \/>\n<meta property=\"og:title\" content=\"\u201eVIGA\u201c medin\u0117 Montessori fermos kam\u0161tin\u0117 k\u016brybin\u0117 lenta\" \/>\n<meta property=\"og:description\" content=\"\u201eVIGA\u201c medin\u0117 Montessori fermos kam\u0161tin\u0117 k\u016brybin\u0117 lenta - KidsPlay. Did\u017eiausias vaik\u0173 \u017eaisl\u0173 pasirinkimas.\" \/>\n<meta property=\"og:url\" content=\"https:\/\/kidsplay.lt\/lv\/products\/viga-medine-montessori-fermos-kamstine-kurybine-lenta\/\" \/>\n<meta property=\"og:site_name\" content=\"KidsPlay\" \/>\n<meta property=\"article:publisher\" content=\"https:\/\/www.facebook.com\/www.kidsplay.lt\" \/>\n<meta property=\"article:modified_time\" content=\"2026-04-27T15:30:02+00:00\" \/>\n<meta property=\"og:image\" content=\"https:\/\/kidsplay.lt\/wp-content\/uploads\/2026\/04\/\u201eVIGA-medine-Montessori-fermos-kamstine-kurybine-lenta.jpg\" \/>\n\t<meta property=\"og:image:width\" content=\"2560\" \/>\n\t<meta property=\"og:image:height\" content=\"2560\" \/>\n\t<meta property=\"og:image:type\" content=\"image\/jpeg\" \/>\n<meta name=\"twitter:card\" content=\"summary_large_image\" \/>\n<meta name=\"twitter:label1\" content=\"Est. reading time\" \/>\n\t<meta name=\"twitter:data1\" content=\"1 min\u016bte\" \/>\n<script type=\"application\/ld+json\" class=\"yoast-schema-graph\">{\"@context\":\"https:\\\/\\\/schema.org\",\"@graph\":[{\"@type\":\"WebPage\",\"@id\":\"https:\\\/\\\/kidsplay.lt\\\/produktas\\\/viga-medine-montessori-fermos-kamstine-kurybine-lenta\\\/\",\"url\":\"https:\\\/\\\/kidsplay.lt\\\/produktas\\\/viga-medine-montessori-fermos-kamstine-kurybine-lenta\\\/\",\"name\":\"\u201eVIGA\u201c medin\u0117 Montessori fermos kam\u0161tin\u0117 k\u016brybin\u0117 lenta\",\"isPartOf\":{\"@id\":\"https:\\\/\\\/kidsplay.lt\\\/#website\"},\"primaryImageOfPage\":{\"@id\":\"https:\\\/\\\/kidsplay.lt\\\/produktas\\\/viga-medine-montessori-fermos-kamstine-kurybine-lenta\\\/#primaryimage\"},\"image\":{\"@id\":\"https:\\\/\\\/kidsplay.lt\\\/produktas\\\/viga-medine-montessori-fermos-kamstine-kurybine-lenta\\\/#primaryimage\"},\"thumbnailUrl\":\"https:\\\/\\\/kidsplay.lt\\\/wp-content\\\/uploads\\\/2026\\\/04\\\/\u201eVIGA-medine-Montessori-fermos-kamstine-kurybine-lenta.jpg\",\"datePublished\":\"2026-04-27T04:24:14+00:00\",\"dateModified\":\"2026-04-27T15:30:02+00:00\",\"description\":\"\u201eVIGA\u201c medin\u0117 Montessori fermos kam\u0161tin\u0117 k\u016brybin\u0117 lenta - KidsPlay. Did\u017eiausias vaik\u0173 \u017eaisl\u0173 pasirinkimas.\",\"breadcrumb\":{\"@id\":\"https:\\\/\\\/kidsplay.lt\\\/produktas\\\/viga-medine-montessori-fermos-kamstine-kurybine-lenta\\\/#breadcrumb\"},\"inLanguage\":\"lv-LV\",\"potentialAction\":[{\"@type\":\"ReadAction\",\"target\":[\"https:\\\/\\\/kidsplay.lt\\\/produktas\\\/viga-medine-montessori-fermos-kamstine-kurybine-lenta\\\/\"]}]},{\"@type\":\"ImageObject\",\"inLanguage\":\"lv-LV\",\"@id\":\"https:\\\/\\\/kidsplay.lt\\\/produktas\\\/viga-medine-montessori-fermos-kamstine-kurybine-lenta\\\/#primaryimage\",\"url\":\"https:\\\/\\\/kidsplay.lt\\\/wp-content\\\/uploads\\\/2026\\\/04\\\/\u201eVIGA-medine-Montessori-fermos-kamstine-kurybine-lenta.jpg\",\"contentUrl\":\"https:\\\/\\\/kidsplay.lt\\\/wp-content\\\/uploads\\\/2026\\\/04\\\/\u201eVIGA-medine-Montessori-fermos-kamstine-kurybine-lenta.jpg\",\"width\":2560,\"height\":2560,\"caption\":\"\u201eVIGA\u201c medin\u0117 Montessori fermos kam\u0161tin\u0117 k\u016brybin\u0117 lenta\"},{\"@type\":\"BreadcrumbList\",\"@id\":\"https:\\\/\\\/kidsplay.lt\\\/produktas\\\/viga-medine-montessori-fermos-kamstine-kurybine-lenta\\\/#breadcrumb\",\"itemListElement\":[{\"@type\":\"ListItem\",\"position\":1,\"name\":\"Pagrindinis\",\"item\":\"https:\\\/\\\/kidsplay.lt\\\/\"},{\"@type\":\"ListItem\",\"position\":2,\"name\":\"Parduotuv\u0117\",\"item\":\"https:\\\/\\\/kidsplay.lt\\\/parduotuve\\\/\"},{\"@type\":\"ListItem\",\"position\":3,\"name\":\"\u201eVIGA\u201c medin\u0117 Montessori fermos kam\u0161tin\u0117 k\u016brybin\u0117 lenta\"}]},{\"@type\":\"WebSite\",\"@id\":\"https:\\\/\\\/kidsplay.lt\\\/#website\",\"url\":\"https:\\\/\\\/kidsplay.lt\\\/\",\"name\":\"Kidsplay.lt\",\"description\":\"\u012evairios prek\u0117s vaikams\",\"publisher\":{\"@id\":\"https:\\\/\\\/kidsplay.lt\\\/#organization\"},\"alternateName\":\"Kidsplay\",\"potentialAction\":[{\"@type\":\"SearchAction\",\"target\":{\"@type\":\"EntryPoint\",\"urlTemplate\":\"https:\\\/\\\/kidsplay.lt\\\/?s={search_term_string}\"},\"query-input\":{\"@type\":\"PropertyValueSpecification\",\"valueRequired\":true,\"valueName\":\"search_term_string\"}}],\"inLanguage\":\"lv-LV\"},{\"@type\":\"Organization\",\"@id\":\"https:\\\/\\\/kidsplay.lt\\\/#organization\",\"name\":\"KidsPlay\",\"url\":\"https:\\\/\\\/kidsplay.lt\\\/\",\"logo\":{\"@type\":\"ImageObject\",\"inLanguage\":\"lv-LV\",\"@id\":\"https:\\\/\\\/kidsplay.lt\\\/#\\\/schema\\\/logo\\\/image\\\/\",\"url\":\"https:\\\/\\\/kidsplay.lt\\\/wp-content\\\/uploads\\\/2023\\\/07\\\/kidsplay-logo.png\",\"contentUrl\":\"https:\\\/\\\/kidsplay.lt\\\/wp-content\\\/uploads\\\/2023\\\/07\\\/kidsplay-logo.png\",\"width\":451,\"height\":98,\"caption\":\"KidsPlay\"},\"image\":{\"@id\":\"https:\\\/\\\/kidsplay.lt\\\/#\\\/schema\\\/logo\\\/image\\\/\"},\"sameAs\":[\"https:\\\/\\\/www.facebook.com\\\/www.kidsplay.lt\"]}]}<\/script>\n<!-- \/ Yoast SEO plugin. -->","yoast_head_json":{"title":"\u201eVIGA\u201c medin\u0117 Montessori fermos kam\u0161tin\u0117 k\u016brybin\u0117 lenta","description":"\u201eVIGA\u201c medin\u0117 Montessori fermos kam\u0161tin\u0117 k\u016brybin\u0117 lenta - KidsPlay. Did\u017eiausias vaik\u0173 \u017eaisl\u0173 pasirinkimas.","robots":{"index":"index","follow":"follow","max-snippet":"max-snippet:-1","max-image-preview":"max-image-preview:large","max-video-preview":"max-video-preview:-1"},"canonical":"https:\/\/kidsplay.lt\/lv\/products\/viga-medine-montessori-fermos-kamstine-kurybine-lenta\/","og_locale":"lv_LV","og_type":"article","og_title":"\u201eVIGA\u201c medin\u0117 Montessori fermos kam\u0161tin\u0117 k\u016brybin\u0117 lenta","og_description":"\u201eVIGA\u201c medin\u0117 Montessori fermos kam\u0161tin\u0117 k\u016brybin\u0117 lenta - KidsPlay. Did\u017eiausias vaik\u0173 \u017eaisl\u0173 pasirinkimas.","og_url":"https:\/\/kidsplay.lt\/lv\/products\/viga-medine-montessori-fermos-kamstine-kurybine-lenta\/","og_site_name":"KidsPlay","article_publisher":"https:\/\/www.facebook.com\/www.kidsplay.lt","article_modified_time":"2026-04-27T15:30:02+00:00","og_image":[{"width":2560,"height":2560,"url":"https:\/\/kidsplay.lt\/wp-content\/uploads\/2026\/04\/\u201eVIGA-medine-Montessori-fermos-kamstine-kurybine-lenta.jpg","type":"image\/jpeg"}],"twitter_card":"summary_large_image","twitter_misc":{"Est. reading time":"1 min\u016bte"},"schema":{"@context":"https:\/\/schema.org","@graph":[{"@type":"WebPage","@id":"https:\/\/kidsplay.lt\/produktas\/viga-medine-montessori-fermos-kamstine-kurybine-lenta\/","url":"https:\/\/kidsplay.lt\/produktas\/viga-medine-montessori-fermos-kamstine-kurybine-lenta\/","name":"\u201eVIGA\u201c medin\u0117 Montessori fermos kam\u0161tin\u0117 k\u016brybin\u0117 lenta","isPartOf":{"@id":"https:\/\/kidsplay.lt\/#website"},"primaryImageOfPage":{"@id":"https:\/\/kidsplay.lt\/produktas\/viga-medine-montessori-fermos-kamstine-kurybine-lenta\/#primaryimage"},"image":{"@id":"https:\/\/kidsplay.lt\/produktas\/viga-medine-montessori-fermos-kamstine-kurybine-lenta\/#primaryimage"},"thumbnailUrl":"https:\/\/kidsplay.lt\/wp-content\/uploads\/2026\/04\/\u201eVIGA-medine-Montessori-fermos-kamstine-kurybine-lenta.jpg","datePublished":"2026-04-27T04:24:14+00:00","dateModified":"2026-04-27T15:30:02+00:00","description":"\u201eVIGA\u201c medin\u0117 Montessori fermos kam\u0161tin\u0117 k\u016brybin\u0117 lenta - KidsPlay. Did\u017eiausias vaik\u0173 \u017eaisl\u0173 pasirinkimas.","breadcrumb":{"@id":"https:\/\/kidsplay.lt\/produktas\/viga-medine-montessori-fermos-kamstine-kurybine-lenta\/#breadcrumb"},"inLanguage":"lv-LV","potentialAction":[{"@type":"ReadAction","target":["https:\/\/kidsplay.lt\/produktas\/viga-medine-montessori-fermos-kamstine-kurybine-lenta\/"]}]},{"@type":"ImageObject","inLanguage":"lv-LV","@id":"https:\/\/kidsplay.lt\/produktas\/viga-medine-montessori-fermos-kamstine-kurybine-lenta\/#primaryimage","url":"https:\/\/kidsplay.lt\/wp-content\/uploads\/2026\/04\/\u201eVIGA-medine-Montessori-fermos-kamstine-kurybine-lenta.jpg","contentUrl":"https:\/\/kidsplay.lt\/wp-content\/uploads\/2026\/04\/\u201eVIGA-medine-Montessori-fermos-kamstine-kurybine-lenta.jpg","width":2560,"height":2560,"caption":"\u201eVIGA\u201c medin\u0117 Montessori fermos kam\u0161tin\u0117 k\u016brybin\u0117 lenta"},{"@type":"BreadcrumbList","@id":"https:\/\/kidsplay.lt\/produktas\/viga-medine-montessori-fermos-kamstine-kurybine-lenta\/#breadcrumb","itemListElement":[{"@type":"ListItem","position":1,"name":"Pagrindinis","item":"https:\/\/kidsplay.lt\/"},{"@type":"ListItem","position":2,"name":"Parduotuv\u0117","item":"https:\/\/kidsplay.lt\/parduotuve\/"},{"@type":"ListItem","position":3,"name":"\u201eVIGA\u201c medin\u0117 Montessori fermos kam\u0161tin\u0117 k\u016brybin\u0117 lenta"}]},{"@type":"WebSite","@id":"https:\/\/kidsplay.lt\/#website","url":"https:\/\/kidsplay.lt\/","name":"B\u0113rnu sp\u0113les.lv","description":"\u012evairios prek\u0117s vaikams","publisher":{"@id":"https:\/\/kidsplay.lt\/#organization"},"alternateName":"Kidsplay","potentialAction":[{"@type":"SearchAction","target":{"@type":"EntryPoint","urlTemplate":"https:\/\/kidsplay.lt\/?s={search_term_string}"},"query-input":{"@type":"PropertyValueSpecification","valueRequired":true,"valueName":"search_term_string"}}],"inLanguage":"lv-LV"},{"@type":"Organization","@id":"https:\/\/kidsplay.lt\/#organization","name":"B\u0113rnu sp\u0113le","url":"https:\/\/kidsplay.lt\/","logo":{"@type":"ImageObject","inLanguage":"lv-LV","@id":"https:\/\/kidsplay.lt\/#\/schema\/logo\/image\/","url":"https:\/\/kidsplay.lt\/wp-content\/uploads\/2023\/07\/kidsplay-logo.png","contentUrl":"https:\/\/kidsplay.lt\/wp-content\/uploads\/2023\/07\/kidsplay-logo.png","width":451,"height":98,"caption":"KidsPlay"},"image":{"@id":"https:\/\/kidsplay.lt\/#\/schema\/logo\/image\/"},"sameAs":["https:\/\/www.facebook.com\/www.kidsplay.lt"]}]}},"_links":{"self":[{"href":"https:\/\/kidsplay.lt\/lv\/wp-json\/wp\/v2\/product\/109111","targetHints":{"allow":["GET"]}}],"collection":[{"href":"https:\/\/kidsplay.lt\/lv\/wp-json\/wp\/v2\/product"}],"about":[{"href":"https:\/\/kidsplay.lt\/lv\/wp-json\/wp\/v2\/types\/product"}],"version-history":[{"count":1,"href":"https:\/\/kidsplay.lt\/lv\/wp-json\/wp\/v2\/product\/109111\/revisions"}],"predecessor-version":[{"id":109112,"href":"https:\/\/kidsplay.lt\/lv\/wp-json\/wp\/v2\/product\/109111\/revisions\/109112"}],"wp:featuredmedia":[{"embeddable":true,"href":"https:\/\/kidsplay.lt\/lv\/wp-json\/wp\/v2\/media\/109113"}],"wp:attachment":[{"href":"https:\/\/kidsplay.lt\/lv\/wp-json\/wp\/v2\/media?parent=109111"}],"wp:term":[{"taxonomy":"product_brand","embeddable":true,"href":"https:\/\/kidsplay.lt\/lv\/wp-json\/wp\/v2\/product_brand?post=109111"},{"taxonomy":"product_cat","embeddable":true,"href":"https:\/\/kidsplay.lt\/lv\/wp-json\/wp\/v2\/product_cat?post=109111"},{"taxonomy":"product_tag","embeddable":true,"href":"https:\/\/kidsplay.lt\/lv\/wp-json\/wp\/v2\/product_tag?post=109111"}],"curies":[{"name":"wp","href":"https:\/\/api.w.org\/{rel}","templated":true}]}}