{"id":109117,"date":"2026-04-27T07:24:33","date_gmt":"2026-04-27T04:24:33","guid":{"rendered":"https:\/\/kidsplay.lt\/produktas\/viga-5-in-1-medinis-edukacinis-veiklos-trikampis\/"},"modified":"2026-04-27T18:30:02","modified_gmt":"2026-04-27T15:30:02","slug":"viga-5-in-1-medinis-edukacinis-veiklos-trikampis","status":"publish","type":"product","link":"https:\/\/kidsplay.lt\/lv\/products\/viga-5-in-1-medinis-edukacinis-veiklos-trikampis\/","title":{"rendered":"\u201eVIGA\u201c 5-in-1 medinis edukacinis veiklos trikampis"},"content":{"rendered":"<p>\u201eVIGA\u201c Activity Triangle \u2013 tai universalus medinis edukacinis \u017eaislas, suteikiantis vaikams daug skirting\u0173 veikl\u0173 viename tvirtoje konstrukcijoje. Penkios stabilios pus\u0117s ir \u0161e\u0161ios skirtingos u\u017eduotys leid\u017eia tyrin\u0117ti formas, spalvas, judesius ir garsus i\u0161 \u012fvairi\u0173 pusi\u0173.<br \/>\nFunkcijas:<\/p>\n<p> \t5 stabilios \u017eaidim\u0173 pus\u0117s<br \/>\n \t6 skirtingos edukacin\u0117s veiklos<br \/>\n \tTvirta konstrukcija saugiam \u017eaidimui ant lygaus pavir\u0161iaus<br \/>\n \tPatogus ne\u0161imo lankas (abacuso formos rankena)<br \/>\n \tJudantys, sukami ir stumdomi elementai<br \/>\n \t\u0160velnios, vaikams draugi\u0161kos pastelin\u0117s spalvos<br \/>\n \tApsaugin\u0117 ir patvari medin\u0117 konstrukcija<br \/>\n \tSupakuota esteti\u0161koje d\u0117\u017e\u0117je su langeliu<\/p>\n<p>Komplekt\u0101:<\/p>\n<p> \tVeiklos trikampis su 5 pus\u0117mis<br \/>\n \tKaroliuk\u0173 skai\u010diuokl\u0117 (abacus)<br \/>\n \tForm\u0173 r\u016b\u0161iuoklis<br \/>\n \tSlankiojantys takeliai ir manipuliaciniai elementai<br \/>\n \tSukamos pavaros<br \/>\n \tVeidrod\u0117lis<br \/>\n \tGarsiniai (\u0161lamantys) elementai<\/p>","protected":false},"excerpt":{"rendered":"<p>\u201eVIGA\u201c Activity Triangle \u2013 tai universalus medinis edukacinis \u017eaislas, suteikiantis vaikams daug skirting\u0173 veikl\u0173 viename tvirtoje konstrukcijoje. Penkios stabilios pus\u0117s<\/p>","protected":false},"featured_media":109119,"template":"","meta":{"_acf_changed":false,"_glsr_average":0,"_glsr_ranking":0,"_glsr_reviews":0},"product_brand":[],"product_cat":[884,883],"product_tag":[],"class_list":{"0":"post-109117","1":"product","2":"type-product","3":"status-publish","4":"has-post-thumbnail","6":"product_cat-edukaciniai-lavinamieji-mediniai-zaislai","7":"product_cat-mediniai-zaislai-2","8":"\"style=\"background-color: #2ecc711c;\"","10":"first","11":"instock","12":"purchasable","13":"product-type-simple"},"acf":[],"yoast_head":"<!-- This site is optimized with the Yoast SEO plugin v27.4 - https:\/\/yoast.com\/product\/yoast-seo-wordpress\/ -->\n<title>\u201eVIGA\u201c 5-in-1 medinis edukacinis veiklos trikampis<\/title>\n<meta name=\"description\" content=\"\u201eVIGA\u201c 5-in-1 medinis edukacinis veiklos trikampis - KidsPlay. Did\u017eiausias vaik\u0173 \u017eaisl\u0173 pasirinkimas.\" \/>\n<meta name=\"robots\" content=\"index, follow, max-snippet:-1, max-image-preview:large, max-video-preview:-1\" \/>\n<link rel=\"canonical\" href=\"https:\/\/kidsplay.lt\/lv\/products\/viga-5-in-1-medinis-edukacinis-veiklos-trikampis\/\" \/>\n<meta property=\"og:locale\" content=\"lv_LV\" \/>\n<meta property=\"og:type\" content=\"article\" \/>\n<meta property=\"og:title\" content=\"\u201eVIGA\u201c 5-in-1 medinis edukacinis veiklos trikampis\" \/>\n<meta property=\"og:description\" content=\"\u201eVIGA\u201c 5-in-1 medinis edukacinis veiklos trikampis - KidsPlay. Did\u017eiausias vaik\u0173 \u017eaisl\u0173 pasirinkimas.\" \/>\n<meta property=\"og:url\" content=\"https:\/\/kidsplay.lt\/lv\/products\/viga-5-in-1-medinis-edukacinis-veiklos-trikampis\/\" \/>\n<meta property=\"og:site_name\" content=\"KidsPlay\" \/>\n<meta property=\"article:publisher\" content=\"https:\/\/www.facebook.com\/www.kidsplay.lt\" \/>\n<meta property=\"article:modified_time\" content=\"2026-04-27T15:30:02+00:00\" \/>\n<meta property=\"og:image\" content=\"https:\/\/kidsplay.lt\/wp-content\/uploads\/2026\/04\/\u201eVIGA-5-in-1-medinis-edukacinis-veiklos-trikampis.jpg\" \/>\n\t<meta property=\"og:image:width\" content=\"1000\" \/>\n\t<meta property=\"og:image:height\" content=\"1000\" \/>\n\t<meta property=\"og:image:type\" content=\"image\/jpeg\" \/>\n<meta name=\"twitter:card\" content=\"summary_large_image\" \/>\n<meta name=\"twitter:label1\" content=\"Est. reading time\" \/>\n\t<meta name=\"twitter:data1\" content=\"1 min\u016bte\" \/>\n<script type=\"application\/ld+json\" class=\"yoast-schema-graph\">{\"@context\":\"https:\\\/\\\/schema.org\",\"@graph\":[{\"@type\":\"WebPage\",\"@id\":\"https:\\\/\\\/kidsplay.lt\\\/produktas\\\/viga-5-in-1-medinis-edukacinis-veiklos-trikampis\\\/\",\"url\":\"https:\\\/\\\/kidsplay.lt\\\/produktas\\\/viga-5-in-1-medinis-edukacinis-veiklos-trikampis\\\/\",\"name\":\"\u201eVIGA\u201c 5-in-1 medinis edukacinis veiklos trikampis\",\"isPartOf\":{\"@id\":\"https:\\\/\\\/kidsplay.lt\\\/#website\"},\"primaryImageOfPage\":{\"@id\":\"https:\\\/\\\/kidsplay.lt\\\/produktas\\\/viga-5-in-1-medinis-edukacinis-veiklos-trikampis\\\/#primaryimage\"},\"image\":{\"@id\":\"https:\\\/\\\/kidsplay.lt\\\/produktas\\\/viga-5-in-1-medinis-edukacinis-veiklos-trikampis\\\/#primaryimage\"},\"thumbnailUrl\":\"https:\\\/\\\/kidsplay.lt\\\/wp-content\\\/uploads\\\/2026\\\/04\\\/\u201eVIGA-5-in-1-medinis-edukacinis-veiklos-trikampis.jpg\",\"datePublished\":\"2026-04-27T04:24:33+00:00\",\"dateModified\":\"2026-04-27T15:30:02+00:00\",\"description\":\"\u201eVIGA\u201c 5-in-1 medinis edukacinis veiklos trikampis - KidsPlay. Did\u017eiausias vaik\u0173 \u017eaisl\u0173 pasirinkimas.\",\"breadcrumb\":{\"@id\":\"https:\\\/\\\/kidsplay.lt\\\/produktas\\\/viga-5-in-1-medinis-edukacinis-veiklos-trikampis\\\/#breadcrumb\"},\"inLanguage\":\"lv-LV\",\"potentialAction\":[{\"@type\":\"ReadAction\",\"target\":[\"https:\\\/\\\/kidsplay.lt\\\/produktas\\\/viga-5-in-1-medinis-edukacinis-veiklos-trikampis\\\/\"]}]},{\"@type\":\"ImageObject\",\"inLanguage\":\"lv-LV\",\"@id\":\"https:\\\/\\\/kidsplay.lt\\\/produktas\\\/viga-5-in-1-medinis-edukacinis-veiklos-trikampis\\\/#primaryimage\",\"url\":\"https:\\\/\\\/kidsplay.lt\\\/wp-content\\\/uploads\\\/2026\\\/04\\\/\u201eVIGA-5-in-1-medinis-edukacinis-veiklos-trikampis.jpg\",\"contentUrl\":\"https:\\\/\\\/kidsplay.lt\\\/wp-content\\\/uploads\\\/2026\\\/04\\\/\u201eVIGA-5-in-1-medinis-edukacinis-veiklos-trikampis.jpg\",\"width\":1000,\"height\":1000,\"caption\":\"\u201eVIGA\u201c 5-in-1 medinis edukacinis veiklos trikampis\"},{\"@type\":\"BreadcrumbList\",\"@id\":\"https:\\\/\\\/kidsplay.lt\\\/produktas\\\/viga-5-in-1-medinis-edukacinis-veiklos-trikampis\\\/#breadcrumb\",\"itemListElement\":[{\"@type\":\"ListItem\",\"position\":1,\"name\":\"Pagrindinis\",\"item\":\"https:\\\/\\\/kidsplay.lt\\\/\"},{\"@type\":\"ListItem\",\"position\":2,\"name\":\"Parduotuv\u0117\",\"item\":\"https:\\\/\\\/kidsplay.lt\\\/parduotuve\\\/\"},{\"@type\":\"ListItem\",\"position\":3,\"name\":\"\u201eVIGA\u201c 5-in-1 medinis edukacinis veiklos trikampis\"}]},{\"@type\":\"WebSite\",\"@id\":\"https:\\\/\\\/kidsplay.lt\\\/#website\",\"url\":\"https:\\\/\\\/kidsplay.lt\\\/\",\"name\":\"Kidsplay.lt\",\"description\":\"\u012evairios prek\u0117s vaikams\",\"publisher\":{\"@id\":\"https:\\\/\\\/kidsplay.lt\\\/#organization\"},\"alternateName\":\"Kidsplay\",\"potentialAction\":[{\"@type\":\"SearchAction\",\"target\":{\"@type\":\"EntryPoint\",\"urlTemplate\":\"https:\\\/\\\/kidsplay.lt\\\/?s={search_term_string}\"},\"query-input\":{\"@type\":\"PropertyValueSpecification\",\"valueRequired\":true,\"valueName\":\"search_term_string\"}}],\"inLanguage\":\"lv-LV\"},{\"@type\":\"Organization\",\"@id\":\"https:\\\/\\\/kidsplay.lt\\\/#organization\",\"name\":\"KidsPlay\",\"url\":\"https:\\\/\\\/kidsplay.lt\\\/\",\"logo\":{\"@type\":\"ImageObject\",\"inLanguage\":\"lv-LV\",\"@id\":\"https:\\\/\\\/kidsplay.lt\\\/#\\\/schema\\\/logo\\\/image\\\/\",\"url\":\"https:\\\/\\\/kidsplay.lt\\\/wp-content\\\/uploads\\\/2023\\\/07\\\/kidsplay-logo.png\",\"contentUrl\":\"https:\\\/\\\/kidsplay.lt\\\/wp-content\\\/uploads\\\/2023\\\/07\\\/kidsplay-logo.png\",\"width\":451,\"height\":98,\"caption\":\"KidsPlay\"},\"image\":{\"@id\":\"https:\\\/\\\/kidsplay.lt\\\/#\\\/schema\\\/logo\\\/image\\\/\"},\"sameAs\":[\"https:\\\/\\\/www.facebook.com\\\/www.kidsplay.lt\"]}]}<\/script>\n<!-- \/ Yoast SEO plugin. -->","yoast_head_json":{"title":"\u201eVIGA\u201c 5-in-1 medinis edukacinis veiklos trikampis","description":"\u201eVIGA\u201c 5-in-1 medinis edukacinis veiklos trikampis - KidsPlay. Did\u017eiausias vaik\u0173 \u017eaisl\u0173 pasirinkimas.","robots":{"index":"index","follow":"follow","max-snippet":"max-snippet:-1","max-image-preview":"max-image-preview:large","max-video-preview":"max-video-preview:-1"},"canonical":"https:\/\/kidsplay.lt\/lv\/products\/viga-5-in-1-medinis-edukacinis-veiklos-trikampis\/","og_locale":"lv_LV","og_type":"article","og_title":"\u201eVIGA\u201c 5-in-1 medinis edukacinis veiklos trikampis","og_description":"\u201eVIGA\u201c 5-in-1 medinis edukacinis veiklos trikampis - KidsPlay. Did\u017eiausias vaik\u0173 \u017eaisl\u0173 pasirinkimas.","og_url":"https:\/\/kidsplay.lt\/lv\/products\/viga-5-in-1-medinis-edukacinis-veiklos-trikampis\/","og_site_name":"KidsPlay","article_publisher":"https:\/\/www.facebook.com\/www.kidsplay.lt","article_modified_time":"2026-04-27T15:30:02+00:00","og_image":[{"width":1000,"height":1000,"url":"https:\/\/kidsplay.lt\/wp-content\/uploads\/2026\/04\/\u201eVIGA-5-in-1-medinis-edukacinis-veiklos-trikampis.jpg","type":"image\/jpeg"}],"twitter_card":"summary_large_image","twitter_misc":{"Est. reading time":"1 min\u016bte"},"schema":{"@context":"https:\/\/schema.org","@graph":[{"@type":"WebPage","@id":"https:\/\/kidsplay.lt\/produktas\/viga-5-in-1-medinis-edukacinis-veiklos-trikampis\/","url":"https:\/\/kidsplay.lt\/produktas\/viga-5-in-1-medinis-edukacinis-veiklos-trikampis\/","name":"\u201eVIGA\u201c 5-in-1 medinis edukacinis veiklos trikampis","isPartOf":{"@id":"https:\/\/kidsplay.lt\/#website"},"primaryImageOfPage":{"@id":"https:\/\/kidsplay.lt\/produktas\/viga-5-in-1-medinis-edukacinis-veiklos-trikampis\/#primaryimage"},"image":{"@id":"https:\/\/kidsplay.lt\/produktas\/viga-5-in-1-medinis-edukacinis-veiklos-trikampis\/#primaryimage"},"thumbnailUrl":"https:\/\/kidsplay.lt\/wp-content\/uploads\/2026\/04\/\u201eVIGA-5-in-1-medinis-edukacinis-veiklos-trikampis.jpg","datePublished":"2026-04-27T04:24:33+00:00","dateModified":"2026-04-27T15:30:02+00:00","description":"\u201eVIGA\u201c 5-in-1 medinis edukacinis veiklos trikampis - KidsPlay. Did\u017eiausias vaik\u0173 \u017eaisl\u0173 pasirinkimas.","breadcrumb":{"@id":"https:\/\/kidsplay.lt\/produktas\/viga-5-in-1-medinis-edukacinis-veiklos-trikampis\/#breadcrumb"},"inLanguage":"lv-LV","potentialAction":[{"@type":"ReadAction","target":["https:\/\/kidsplay.lt\/produktas\/viga-5-in-1-medinis-edukacinis-veiklos-trikampis\/"]}]},{"@type":"ImageObject","inLanguage":"lv-LV","@id":"https:\/\/kidsplay.lt\/produktas\/viga-5-in-1-medinis-edukacinis-veiklos-trikampis\/#primaryimage","url":"https:\/\/kidsplay.lt\/wp-content\/uploads\/2026\/04\/\u201eVIGA-5-in-1-medinis-edukacinis-veiklos-trikampis.jpg","contentUrl":"https:\/\/kidsplay.lt\/wp-content\/uploads\/2026\/04\/\u201eVIGA-5-in-1-medinis-edukacinis-veiklos-trikampis.jpg","width":1000,"height":1000,"caption":"\u201eVIGA\u201c 5-in-1 medinis edukacinis veiklos trikampis"},{"@type":"BreadcrumbList","@id":"https:\/\/kidsplay.lt\/produktas\/viga-5-in-1-medinis-edukacinis-veiklos-trikampis\/#breadcrumb","itemListElement":[{"@type":"ListItem","position":1,"name":"Pagrindinis","item":"https:\/\/kidsplay.lt\/"},{"@type":"ListItem","position":2,"name":"Parduotuv\u0117","item":"https:\/\/kidsplay.lt\/parduotuve\/"},{"@type":"ListItem","position":3,"name":"\u201eVIGA\u201c 5-in-1 medinis edukacinis veiklos trikampis"}]},{"@type":"WebSite","@id":"https:\/\/kidsplay.lt\/#website","url":"https:\/\/kidsplay.lt\/","name":"B\u0113rnu sp\u0113les.lv","description":"\u012evairios prek\u0117s vaikams","publisher":{"@id":"https:\/\/kidsplay.lt\/#organization"},"alternateName":"Kidsplay","potentialAction":[{"@type":"SearchAction","target":{"@type":"EntryPoint","urlTemplate":"https:\/\/kidsplay.lt\/?s={search_term_string}"},"query-input":{"@type":"PropertyValueSpecification","valueRequired":true,"valueName":"search_term_string"}}],"inLanguage":"lv-LV"},{"@type":"Organization","@id":"https:\/\/kidsplay.lt\/#organization","name":"B\u0113rnu sp\u0113le","url":"https:\/\/kidsplay.lt\/","logo":{"@type":"ImageObject","inLanguage":"lv-LV","@id":"https:\/\/kidsplay.lt\/#\/schema\/logo\/image\/","url":"https:\/\/kidsplay.lt\/wp-content\/uploads\/2023\/07\/kidsplay-logo.png","contentUrl":"https:\/\/kidsplay.lt\/wp-content\/uploads\/2023\/07\/kidsplay-logo.png","width":451,"height":98,"caption":"KidsPlay"},"image":{"@id":"https:\/\/kidsplay.lt\/#\/schema\/logo\/image\/"},"sameAs":["https:\/\/www.facebook.com\/www.kidsplay.lt"]}]}},"_links":{"self":[{"href":"https:\/\/kidsplay.lt\/lv\/wp-json\/wp\/v2\/product\/109117","targetHints":{"allow":["GET"]}}],"collection":[{"href":"https:\/\/kidsplay.lt\/lv\/wp-json\/wp\/v2\/product"}],"about":[{"href":"https:\/\/kidsplay.lt\/lv\/wp-json\/wp\/v2\/types\/product"}],"version-history":[{"count":1,"href":"https:\/\/kidsplay.lt\/lv\/wp-json\/wp\/v2\/product\/109117\/revisions"}],"predecessor-version":[{"id":109118,"href":"https:\/\/kidsplay.lt\/lv\/wp-json\/wp\/v2\/product\/109117\/revisions\/109118"}],"wp:featuredmedia":[{"embeddable":true,"href":"https:\/\/kidsplay.lt\/lv\/wp-json\/wp\/v2\/media\/109119"}],"wp:attachment":[{"href":"https:\/\/kidsplay.lt\/lv\/wp-json\/wp\/v2\/media?parent=109117"}],"wp:term":[{"taxonomy":"product_brand","embeddable":true,"href":"https:\/\/kidsplay.lt\/lv\/wp-json\/wp\/v2\/product_brand?post=109117"},{"taxonomy":"product_cat","embeddable":true,"href":"https:\/\/kidsplay.lt\/lv\/wp-json\/wp\/v2\/product_cat?post=109117"},{"taxonomy":"product_tag","embeddable":true,"href":"https:\/\/kidsplay.lt\/lv\/wp-json\/wp\/v2\/product_tag?post=109117"}],"curies":[{"name":"wp","href":"https:\/\/api.w.org\/{rel}","templated":true}]}}