{"id":109124,"date":"2026-04-27T07:24:54","date_gmt":"2026-04-27T04:24:54","guid":{"rendered":"https:\/\/kidsplay.lt\/produktas\/woopie-smelio-deze-baseinas-shell-green-3in1-sausasis-baseinas\/"},"modified":"2026-04-27T18:30:02","modified_gmt":"2026-04-27T15:30:02","slug":"woopie-smelio-deze-baseinas-shell-green-3in1-sausasis-baseinas","status":"publish","type":"product","link":"https:\/\/kidsplay.lt\/lv\/products\/woopie-smelio-deze-baseinas-shell-green-3in1-sausasis-baseinas\/","title":{"rendered":"\u201eWOOPIE\u201c sm\u0117lio d\u0117\u017e\u0117 \/ baseinas \u201eShell Green\u201c 3in1 (sausasis baseinas)"},"content":{"rendered":"<p>\u201eWOOPIE\u201c SHELL sm\u0117lio d\u0117\u017e\u0117 \u2013 tai universali 3in1 \u017eaidim\u0173 erdv\u0117, tinkanti naudoti kaip sm\u0117lio d\u0117\u017e\u0117, vandens baseinas arba sausas kamuoliuk\u0173 baseinas. D\u0117l patvarios konstrukcijos ir apgalvoto dizaino ji puikiai tinka tiek lauke, tiek patalpose.<br \/>\nFunkcijas:<\/p>\n<p> \tSkirta vaikams nuo 12 m\u0117nesi\u0173<br \/>\n \t3in1 funkcija: sm\u0117lio d\u0117\u017e\u0117, baseinas arba sausas baseinas<br \/>\n \tPagaminta i\u0161 auk\u0161tos kokyb\u0117s, oro s\u0105lygoms atsparios med\u017eiagos<br \/>\n \tNeblunka saul\u0117je<br \/>\n \tNeturi a\u0161tri\u0173 kamp\u0173 \u2013 saugus dizainas vaikams<br \/>\n \tLengva valyti ir transportuoti<br \/>\n \tU\u017eapvalintos formos didesniam saugumui<br \/>\n \tGalima naudoti viduje kaip \u017eaisl\u0173 d\u0117\u017e\u0119 ar kamuoliuk\u0173 basein\u0105<\/p>\n<p>Papildoma informacija:<\/p>\n<p> \tGalima sujungti du komplektus ir sukurti u\u017edengiam\u0105 erdv\u0119<\/p>","protected":false},"excerpt":{"rendered":"<p>\u201eWOOPIE\u201c SHELL sm\u0117lio d\u0117\u017e\u0117 \u2013 tai universali 3in1 \u017eaidim\u0173 erdv\u0117, tinkanti naudoti kaip sm\u0117lio d\u0117\u017e\u0117, vandens baseinas arba sausas kamuoliuk\u0173<\/p>","protected":false},"featured_media":109126,"template":"","meta":{"_acf_changed":false,"_glsr_average":0,"_glsr_ranking":0,"_glsr_reviews":0},"product_brand":[],"product_cat":[327],"product_tag":[],"class_list":{"0":"post-109124","1":"product","2":"type-product","3":"status-publish","4":"has-post-thumbnail","6":"product_cat-smelio-dezes-ir-priedai","7":"\"style=\"background-color: #2ecc711c;\"","9":"first","10":"instock","11":"purchasable","12":"product-type-simple"},"acf":[],"yoast_head":"<!-- This site is optimized with the Yoast SEO plugin v27.4 - https:\/\/yoast.com\/product\/yoast-seo-wordpress\/ -->\n<title>\u201eWOOPIE\u201c sm\u0117lio d\u0117\u017e\u0117 \/ baseinas \u201eShell Green\u201c 3in1 (sausasis baseinas)<\/title>\n<meta name=\"description\" content=\"\u201eWOOPIE\u201c sm\u0117lio d\u0117\u017e\u0117 \/ baseinas \u201eShell Green\u201c 3in1 (sausasis baseinas) - KidsPlay. Did\u017eiausias vaik\u0173 \u017eaisl\u0173 pasirinkimas.\" \/>\n<meta name=\"robots\" content=\"index, follow, max-snippet:-1, max-image-preview:large, max-video-preview:-1\" \/>\n<link rel=\"canonical\" href=\"https:\/\/kidsplay.lt\/lv\/products\/woopie-smelio-deze-baseinas-shell-green-3in1-sausasis-baseinas\/\" \/>\n<meta property=\"og:locale\" content=\"lv_LV\" \/>\n<meta property=\"og:type\" content=\"article\" \/>\n<meta property=\"og:title\" content=\"\u201eWOOPIE\u201c sm\u0117lio d\u0117\u017e\u0117 \/ baseinas \u201eShell Green\u201c 3in1 (sausasis baseinas)\" \/>\n<meta property=\"og:description\" content=\"\u201eWOOPIE\u201c sm\u0117lio d\u0117\u017e\u0117 \/ baseinas \u201eShell Green\u201c 3in1 (sausasis baseinas) - KidsPlay. Did\u017eiausias vaik\u0173 \u017eaisl\u0173 pasirinkimas.\" \/>\n<meta property=\"og:url\" content=\"https:\/\/kidsplay.lt\/lv\/products\/woopie-smelio-deze-baseinas-shell-green-3in1-sausasis-baseinas\/\" \/>\n<meta property=\"og:site_name\" content=\"KidsPlay\" \/>\n<meta property=\"article:publisher\" content=\"https:\/\/www.facebook.com\/www.kidsplay.lt\" \/>\n<meta property=\"article:modified_time\" content=\"2026-04-27T15:30:02+00:00\" \/>\n<meta property=\"og:image\" content=\"https:\/\/kidsplay.lt\/wp-content\/uploads\/2026\/04\/\u201eWOOPIE-smelio-deze-baseinas-\u201eShell-Green-3in1-sausasis-baseinas.jpg\" \/>\n\t<meta property=\"og:image:width\" content=\"2560\" \/>\n\t<meta property=\"og:image:height\" content=\"2560\" \/>\n\t<meta property=\"og:image:type\" content=\"image\/jpeg\" \/>\n<meta name=\"twitter:card\" content=\"summary_large_image\" \/>\n<meta name=\"twitter:label1\" content=\"Est. reading time\" \/>\n\t<meta name=\"twitter:data1\" content=\"1 min\u016bte\" \/>\n<script type=\"application\/ld+json\" class=\"yoast-schema-graph\">{\"@context\":\"https:\\\/\\\/schema.org\",\"@graph\":[{\"@type\":\"WebPage\",\"@id\":\"https:\\\/\\\/kidsplay.lt\\\/produktas\\\/woopie-smelio-deze-baseinas-shell-green-3in1-sausasis-baseinas\\\/\",\"url\":\"https:\\\/\\\/kidsplay.lt\\\/produktas\\\/woopie-smelio-deze-baseinas-shell-green-3in1-sausasis-baseinas\\\/\",\"name\":\"\u201eWOOPIE\u201c sm\u0117lio d\u0117\u017e\u0117 \\\/ baseinas \u201eShell Green\u201c 3in1 (sausasis baseinas)\",\"isPartOf\":{\"@id\":\"https:\\\/\\\/kidsplay.lt\\\/#website\"},\"primaryImageOfPage\":{\"@id\":\"https:\\\/\\\/kidsplay.lt\\\/produktas\\\/woopie-smelio-deze-baseinas-shell-green-3in1-sausasis-baseinas\\\/#primaryimage\"},\"image\":{\"@id\":\"https:\\\/\\\/kidsplay.lt\\\/produktas\\\/woopie-smelio-deze-baseinas-shell-green-3in1-sausasis-baseinas\\\/#primaryimage\"},\"thumbnailUrl\":\"https:\\\/\\\/kidsplay.lt\\\/wp-content\\\/uploads\\\/2026\\\/04\\\/\u201eWOOPIE-smelio-deze-baseinas-\u201eShell-Green-3in1-sausasis-baseinas.jpg\",\"datePublished\":\"2026-04-27T04:24:54+00:00\",\"dateModified\":\"2026-04-27T15:30:02+00:00\",\"description\":\"\u201eWOOPIE\u201c sm\u0117lio d\u0117\u017e\u0117 \\\/ baseinas \u201eShell Green\u201c 3in1 (sausasis baseinas) - KidsPlay. Did\u017eiausias vaik\u0173 \u017eaisl\u0173 pasirinkimas.\",\"breadcrumb\":{\"@id\":\"https:\\\/\\\/kidsplay.lt\\\/produktas\\\/woopie-smelio-deze-baseinas-shell-green-3in1-sausasis-baseinas\\\/#breadcrumb\"},\"inLanguage\":\"lv-LV\",\"potentialAction\":[{\"@type\":\"ReadAction\",\"target\":[\"https:\\\/\\\/kidsplay.lt\\\/produktas\\\/woopie-smelio-deze-baseinas-shell-green-3in1-sausasis-baseinas\\\/\"]}]},{\"@type\":\"ImageObject\",\"inLanguage\":\"lv-LV\",\"@id\":\"https:\\\/\\\/kidsplay.lt\\\/produktas\\\/woopie-smelio-deze-baseinas-shell-green-3in1-sausasis-baseinas\\\/#primaryimage\",\"url\":\"https:\\\/\\\/kidsplay.lt\\\/wp-content\\\/uploads\\\/2026\\\/04\\\/\u201eWOOPIE-smelio-deze-baseinas-\u201eShell-Green-3in1-sausasis-baseinas.jpg\",\"contentUrl\":\"https:\\\/\\\/kidsplay.lt\\\/wp-content\\\/uploads\\\/2026\\\/04\\\/\u201eWOOPIE-smelio-deze-baseinas-\u201eShell-Green-3in1-sausasis-baseinas.jpg\",\"width\":2560,\"height\":2560,\"caption\":\"\u201eWOOPIE\u201c sm\u0117lio d\u0117\u017e\u0117 \\\/ baseinas \u201eShell Green\u201c 3in1 (sausasis baseinas)\"},{\"@type\":\"BreadcrumbList\",\"@id\":\"https:\\\/\\\/kidsplay.lt\\\/produktas\\\/woopie-smelio-deze-baseinas-shell-green-3in1-sausasis-baseinas\\\/#breadcrumb\",\"itemListElement\":[{\"@type\":\"ListItem\",\"position\":1,\"name\":\"Pagrindinis\",\"item\":\"https:\\\/\\\/kidsplay.lt\\\/\"},{\"@type\":\"ListItem\",\"position\":2,\"name\":\"Parduotuv\u0117\",\"item\":\"https:\\\/\\\/kidsplay.lt\\\/parduotuve\\\/\"},{\"@type\":\"ListItem\",\"position\":3,\"name\":\"\u201eWOOPIE\u201c sm\u0117lio d\u0117\u017e\u0117 \\\/ baseinas \u201eShell Green\u201c 3in1 (sausasis baseinas)\"}]},{\"@type\":\"WebSite\",\"@id\":\"https:\\\/\\\/kidsplay.lt\\\/#website\",\"url\":\"https:\\\/\\\/kidsplay.lt\\\/\",\"name\":\"Kidsplay.lt\",\"description\":\"\u012evairios prek\u0117s vaikams\",\"publisher\":{\"@id\":\"https:\\\/\\\/kidsplay.lt\\\/#organization\"},\"alternateName\":\"Kidsplay\",\"potentialAction\":[{\"@type\":\"SearchAction\",\"target\":{\"@type\":\"EntryPoint\",\"urlTemplate\":\"https:\\\/\\\/kidsplay.lt\\\/?s={search_term_string}\"},\"query-input\":{\"@type\":\"PropertyValueSpecification\",\"valueRequired\":true,\"valueName\":\"search_term_string\"}}],\"inLanguage\":\"lv-LV\"},{\"@type\":\"Organization\",\"@id\":\"https:\\\/\\\/kidsplay.lt\\\/#organization\",\"name\":\"KidsPlay\",\"url\":\"https:\\\/\\\/kidsplay.lt\\\/\",\"logo\":{\"@type\":\"ImageObject\",\"inLanguage\":\"lv-LV\",\"@id\":\"https:\\\/\\\/kidsplay.lt\\\/#\\\/schema\\\/logo\\\/image\\\/\",\"url\":\"https:\\\/\\\/kidsplay.lt\\\/wp-content\\\/uploads\\\/2023\\\/07\\\/kidsplay-logo.png\",\"contentUrl\":\"https:\\\/\\\/kidsplay.lt\\\/wp-content\\\/uploads\\\/2023\\\/07\\\/kidsplay-logo.png\",\"width\":451,\"height\":98,\"caption\":\"KidsPlay\"},\"image\":{\"@id\":\"https:\\\/\\\/kidsplay.lt\\\/#\\\/schema\\\/logo\\\/image\\\/\"},\"sameAs\":[\"https:\\\/\\\/www.facebook.com\\\/www.kidsplay.lt\"]}]}<\/script>\n<!-- \/ Yoast SEO plugin. -->","yoast_head_json":{"title":"\u201eWOOPIE\u201c sm\u0117lio d\u0117\u017e\u0117 \/ baseinas \u201eShell Green\u201c 3in1 (sausasis baseinas)","description":"\u201eWOOPIE\u201c sm\u0117lio d\u0117\u017e\u0117 \/ baseinas \u201eShell Green\u201c 3in1 (sausasis baseinas) - KidsPlay. Did\u017eiausias vaik\u0173 \u017eaisl\u0173 pasirinkimas.","robots":{"index":"index","follow":"follow","max-snippet":"max-snippet:-1","max-image-preview":"max-image-preview:large","max-video-preview":"max-video-preview:-1"},"canonical":"https:\/\/kidsplay.lt\/lv\/products\/woopie-smelio-deze-baseinas-shell-green-3in1-sausasis-baseinas\/","og_locale":"lv_LV","og_type":"article","og_title":"\u201eWOOPIE\u201c sm\u0117lio d\u0117\u017e\u0117 \/ baseinas \u201eShell Green\u201c 3in1 (sausasis baseinas)","og_description":"\u201eWOOPIE\u201c sm\u0117lio d\u0117\u017e\u0117 \/ baseinas \u201eShell Green\u201c 3in1 (sausasis baseinas) - KidsPlay. Did\u017eiausias vaik\u0173 \u017eaisl\u0173 pasirinkimas.","og_url":"https:\/\/kidsplay.lt\/lv\/products\/woopie-smelio-deze-baseinas-shell-green-3in1-sausasis-baseinas\/","og_site_name":"KidsPlay","article_publisher":"https:\/\/www.facebook.com\/www.kidsplay.lt","article_modified_time":"2026-04-27T15:30:02+00:00","og_image":[{"width":2560,"height":2560,"url":"https:\/\/kidsplay.lt\/wp-content\/uploads\/2026\/04\/\u201eWOOPIE-smelio-deze-baseinas-\u201eShell-Green-3in1-sausasis-baseinas.jpg","type":"image\/jpeg"}],"twitter_card":"summary_large_image","twitter_misc":{"Est. reading time":"1 min\u016bte"},"schema":{"@context":"https:\/\/schema.org","@graph":[{"@type":"WebPage","@id":"https:\/\/kidsplay.lt\/produktas\/woopie-smelio-deze-baseinas-shell-green-3in1-sausasis-baseinas\/","url":"https:\/\/kidsplay.lt\/produktas\/woopie-smelio-deze-baseinas-shell-green-3in1-sausasis-baseinas\/","name":"\u201eWOOPIE\u201c sm\u0117lio d\u0117\u017e\u0117 \/ baseinas \u201eShell Green\u201c 3in1 (sausasis baseinas)","isPartOf":{"@id":"https:\/\/kidsplay.lt\/#website"},"primaryImageOfPage":{"@id":"https:\/\/kidsplay.lt\/produktas\/woopie-smelio-deze-baseinas-shell-green-3in1-sausasis-baseinas\/#primaryimage"},"image":{"@id":"https:\/\/kidsplay.lt\/produktas\/woopie-smelio-deze-baseinas-shell-green-3in1-sausasis-baseinas\/#primaryimage"},"thumbnailUrl":"https:\/\/kidsplay.lt\/wp-content\/uploads\/2026\/04\/\u201eWOOPIE-smelio-deze-baseinas-\u201eShell-Green-3in1-sausasis-baseinas.jpg","datePublished":"2026-04-27T04:24:54+00:00","dateModified":"2026-04-27T15:30:02+00:00","description":"\u201eWOOPIE\u201c sm\u0117lio d\u0117\u017e\u0117 \/ baseinas \u201eShell Green\u201c 3in1 (sausasis baseinas) - KidsPlay. Did\u017eiausias vaik\u0173 \u017eaisl\u0173 pasirinkimas.","breadcrumb":{"@id":"https:\/\/kidsplay.lt\/produktas\/woopie-smelio-deze-baseinas-shell-green-3in1-sausasis-baseinas\/#breadcrumb"},"inLanguage":"lv-LV","potentialAction":[{"@type":"ReadAction","target":["https:\/\/kidsplay.lt\/produktas\/woopie-smelio-deze-baseinas-shell-green-3in1-sausasis-baseinas\/"]}]},{"@type":"ImageObject","inLanguage":"lv-LV","@id":"https:\/\/kidsplay.lt\/produktas\/woopie-smelio-deze-baseinas-shell-green-3in1-sausasis-baseinas\/#primaryimage","url":"https:\/\/kidsplay.lt\/wp-content\/uploads\/2026\/04\/\u201eWOOPIE-smelio-deze-baseinas-\u201eShell-Green-3in1-sausasis-baseinas.jpg","contentUrl":"https:\/\/kidsplay.lt\/wp-content\/uploads\/2026\/04\/\u201eWOOPIE-smelio-deze-baseinas-\u201eShell-Green-3in1-sausasis-baseinas.jpg","width":2560,"height":2560,"caption":"\u201eWOOPIE\u201c sm\u0117lio d\u0117\u017e\u0117 \/ baseinas \u201eShell Green\u201c 3in1 (sausasis baseinas)"},{"@type":"BreadcrumbList","@id":"https:\/\/kidsplay.lt\/produktas\/woopie-smelio-deze-baseinas-shell-green-3in1-sausasis-baseinas\/#breadcrumb","itemListElement":[{"@type":"ListItem","position":1,"name":"Pagrindinis","item":"https:\/\/kidsplay.lt\/"},{"@type":"ListItem","position":2,"name":"Parduotuv\u0117","item":"https:\/\/kidsplay.lt\/parduotuve\/"},{"@type":"ListItem","position":3,"name":"\u201eWOOPIE\u201c sm\u0117lio d\u0117\u017e\u0117 \/ baseinas \u201eShell Green\u201c 3in1 (sausasis baseinas)"}]},{"@type":"WebSite","@id":"https:\/\/kidsplay.lt\/#website","url":"https:\/\/kidsplay.lt\/","name":"B\u0113rnu sp\u0113les.lv","description":"\u012evairios prek\u0117s vaikams","publisher":{"@id":"https:\/\/kidsplay.lt\/#organization"},"alternateName":"Kidsplay","potentialAction":[{"@type":"SearchAction","target":{"@type":"EntryPoint","urlTemplate":"https:\/\/kidsplay.lt\/?s={search_term_string}"},"query-input":{"@type":"PropertyValueSpecification","valueRequired":true,"valueName":"search_term_string"}}],"inLanguage":"lv-LV"},{"@type":"Organization","@id":"https:\/\/kidsplay.lt\/#organization","name":"B\u0113rnu sp\u0113le","url":"https:\/\/kidsplay.lt\/","logo":{"@type":"ImageObject","inLanguage":"lv-LV","@id":"https:\/\/kidsplay.lt\/#\/schema\/logo\/image\/","url":"https:\/\/kidsplay.lt\/wp-content\/uploads\/2023\/07\/kidsplay-logo.png","contentUrl":"https:\/\/kidsplay.lt\/wp-content\/uploads\/2023\/07\/kidsplay-logo.png","width":451,"height":98,"caption":"KidsPlay"},"image":{"@id":"https:\/\/kidsplay.lt\/#\/schema\/logo\/image\/"},"sameAs":["https:\/\/www.facebook.com\/www.kidsplay.lt"]}]}},"_links":{"self":[{"href":"https:\/\/kidsplay.lt\/lv\/wp-json\/wp\/v2\/product\/109124","targetHints":{"allow":["GET"]}}],"collection":[{"href":"https:\/\/kidsplay.lt\/lv\/wp-json\/wp\/v2\/product"}],"about":[{"href":"https:\/\/kidsplay.lt\/lv\/wp-json\/wp\/v2\/types\/product"}],"version-history":[{"count":1,"href":"https:\/\/kidsplay.lt\/lv\/wp-json\/wp\/v2\/product\/109124\/revisions"}],"predecessor-version":[{"id":109125,"href":"https:\/\/kidsplay.lt\/lv\/wp-json\/wp\/v2\/product\/109124\/revisions\/109125"}],"wp:featuredmedia":[{"embeddable":true,"href":"https:\/\/kidsplay.lt\/lv\/wp-json\/wp\/v2\/media\/109126"}],"wp:attachment":[{"href":"https:\/\/kidsplay.lt\/lv\/wp-json\/wp\/v2\/media?parent=109124"}],"wp:term":[{"taxonomy":"product_brand","embeddable":true,"href":"https:\/\/kidsplay.lt\/lv\/wp-json\/wp\/v2\/product_brand?post=109124"},{"taxonomy":"product_cat","embeddable":true,"href":"https:\/\/kidsplay.lt\/lv\/wp-json\/wp\/v2\/product_cat?post=109124"},{"taxonomy":"product_tag","embeddable":true,"href":"https:\/\/kidsplay.lt\/lv\/wp-json\/wp\/v2\/product_tag?post=109124"}],"curies":[{"name":"wp","href":"https:\/\/api.w.org\/{rel}","templated":true}]}}