{"id":109131,"date":"2026-04-27T07:25:15","date_gmt":"2026-04-27T04:25:15","guid":{"rendered":"https:\/\/kidsplay.lt\/produktas\/woopie-stumdomas-zoliapjoves-zaislas-su-garsais-ir-sviesomis\/"},"modified":"2026-04-27T18:30:02","modified_gmt":"2026-04-27T15:30:02","slug":"woopie-stumdomas-zoliapjoves-zaislas-su-garsais-ir-sviesomis","status":"publish","type":"product","link":"https:\/\/kidsplay.lt\/lv\/products\/woopie-stumdomas-zoliapjoves-zaislas-su-garsais-ir-sviesomis\/","title":{"rendered":"\u201eWOOPIE\u201c stumdomas \u017eoliapjov\u0117s \u017eaislas su garsais ir \u0161viesomis"},"content":{"rendered":"<p>\u0160i \u201eWOOPIE\u201c \u017eaislin\u0117 \u017eoliapjov\u0117 \u2013 tai realisti\u0161kas sodo \u012frankio modelis, sukurtas ma\u017eiesiems, kurie m\u0117gsta m\u0117gd\u017eioti suaugusi\u0173j\u0173 veikl\u0105. Garsai ir \u0161viesos efektai suteikia dar daugiau tikrovi\u0161kumo ir \u012ftraukia \u012f aktyv\u0173 \u017eaidim\u0105 tiek lauke, tiek namuose.<br \/>\nFunkcijas:<\/p>\n<p> \tB\u0113rniem no 3 gadu vecuma<br \/>\n \tRealisti\u0161ka tikros \u017eoliapjov\u0117s i\u0161vaizda<br \/>\n \t\u0160vie\u010diantys elementai<br \/>\n \tTikrovi\u0161ki variklio garsai<br \/>\n \tJudan\u010dios detal\u0117s interaktyviam \u017eaidimui<br \/>\n \tAtidaromas \u201ekuro bakelio\u201c elementas<br \/>\n \tTvirta ir saugi konstrukcija vaikams<\/p>","protected":false},"excerpt":{"rendered":"<p>\u0160i \u201eWOOPIE\u201c \u017eaislin\u0117 \u017eoliapjov\u0117 \u2013 tai realisti\u0161kas sodo \u012frankio modelis, sukurtas ma\u017eiesiems, kurie m\u0117gsta m\u0117gd\u017eioti suaugusi\u0173j\u0173 veikl\u0105. Garsai ir \u0161viesos<\/p>","protected":false},"featured_media":109133,"template":"","meta":{"_acf_changed":false,"_glsr_average":0,"_glsr_ranking":0,"_glsr_reviews":0},"product_brand":[],"product_cat":[896,399],"product_tag":[],"class_list":{"0":"post-109131","1":"product","2":"type-product","3":"status-publish","4":"has-post-thumbnail","6":"product_cat-namu-ukis-vaidmenu-zaidimai","7":"product_cat-vaidmenu-zaidimai-2","8":"\"style=\"background-color: #2ecc711c;\"","10":"first","11":"instock","12":"purchasable","13":"product-type-simple"},"acf":[],"yoast_head":"<!-- This site is optimized with the Yoast SEO plugin v27.4 - https:\/\/yoast.com\/product\/yoast-seo-wordpress\/ -->\n<title>\u201eWOOPIE\u201c stumdomas \u017eoliapjov\u0117s \u017eaislas su garsais ir \u0161viesomis<\/title>\n<meta name=\"description\" content=\"\u201eWOOPIE\u201c stumdomas \u017eoliapjov\u0117s \u017eaislas su garsais ir \u0161viesomis - KidsPlay. Did\u017eiausias vaik\u0173 \u017eaisl\u0173 pasirinkimas.\" \/>\n<meta name=\"robots\" content=\"index, follow, max-snippet:-1, max-image-preview:large, max-video-preview:-1\" \/>\n<link rel=\"canonical\" href=\"https:\/\/kidsplay.lt\/lv\/products\/woopie-stumdomas-zoliapjoves-zaislas-su-garsais-ir-sviesomis\/\" \/>\n<meta property=\"og:locale\" content=\"lv_LV\" \/>\n<meta property=\"og:type\" content=\"article\" \/>\n<meta property=\"og:title\" content=\"\u201eWOOPIE\u201c stumdomas \u017eoliapjov\u0117s \u017eaislas su garsais ir \u0161viesomis\" \/>\n<meta property=\"og:description\" content=\"\u201eWOOPIE\u201c stumdomas \u017eoliapjov\u0117s \u017eaislas su garsais ir \u0161viesomis - KidsPlay. Did\u017eiausias vaik\u0173 \u017eaisl\u0173 pasirinkimas.\" \/>\n<meta property=\"og:url\" content=\"https:\/\/kidsplay.lt\/lv\/products\/woopie-stumdomas-zoliapjoves-zaislas-su-garsais-ir-sviesomis\/\" \/>\n<meta property=\"og:site_name\" content=\"KidsPlay\" \/>\n<meta property=\"article:publisher\" content=\"https:\/\/www.facebook.com\/www.kidsplay.lt\" \/>\n<meta property=\"article:modified_time\" content=\"2026-04-27T15:30:02+00:00\" \/>\n<meta property=\"og:image\" content=\"https:\/\/kidsplay.lt\/wp-content\/uploads\/2026\/04\/\u201eWOOPIE-stumdomas-zoliapjoves-zaislas-su-garsais-ir-sviesomis.jpg\" \/>\n\t<meta property=\"og:image:width\" content=\"1000\" \/>\n\t<meta property=\"og:image:height\" content=\"1000\" \/>\n\t<meta property=\"og:image:type\" content=\"image\/jpeg\" \/>\n<meta name=\"twitter:card\" content=\"summary_large_image\" \/>\n<script type=\"application\/ld+json\" class=\"yoast-schema-graph\">{\"@context\":\"https:\\\/\\\/schema.org\",\"@graph\":[{\"@type\":\"WebPage\",\"@id\":\"https:\\\/\\\/kidsplay.lt\\\/produktas\\\/woopie-stumdomas-zoliapjoves-zaislas-su-garsais-ir-sviesomis\\\/\",\"url\":\"https:\\\/\\\/kidsplay.lt\\\/produktas\\\/woopie-stumdomas-zoliapjoves-zaislas-su-garsais-ir-sviesomis\\\/\",\"name\":\"\u201eWOOPIE\u201c stumdomas \u017eoliapjov\u0117s \u017eaislas su garsais ir \u0161viesomis\",\"isPartOf\":{\"@id\":\"https:\\\/\\\/kidsplay.lt\\\/#website\"},\"primaryImageOfPage\":{\"@id\":\"https:\\\/\\\/kidsplay.lt\\\/produktas\\\/woopie-stumdomas-zoliapjoves-zaislas-su-garsais-ir-sviesomis\\\/#primaryimage\"},\"image\":{\"@id\":\"https:\\\/\\\/kidsplay.lt\\\/produktas\\\/woopie-stumdomas-zoliapjoves-zaislas-su-garsais-ir-sviesomis\\\/#primaryimage\"},\"thumbnailUrl\":\"https:\\\/\\\/kidsplay.lt\\\/wp-content\\\/uploads\\\/2026\\\/04\\\/\u201eWOOPIE-stumdomas-zoliapjoves-zaislas-su-garsais-ir-sviesomis.jpg\",\"datePublished\":\"2026-04-27T04:25:15+00:00\",\"dateModified\":\"2026-04-27T15:30:02+00:00\",\"description\":\"\u201eWOOPIE\u201c stumdomas \u017eoliapjov\u0117s \u017eaislas su garsais ir \u0161viesomis - KidsPlay. Did\u017eiausias vaik\u0173 \u017eaisl\u0173 pasirinkimas.\",\"breadcrumb\":{\"@id\":\"https:\\\/\\\/kidsplay.lt\\\/produktas\\\/woopie-stumdomas-zoliapjoves-zaislas-su-garsais-ir-sviesomis\\\/#breadcrumb\"},\"inLanguage\":\"lv-LV\",\"potentialAction\":[{\"@type\":\"ReadAction\",\"target\":[\"https:\\\/\\\/kidsplay.lt\\\/produktas\\\/woopie-stumdomas-zoliapjoves-zaislas-su-garsais-ir-sviesomis\\\/\"]}]},{\"@type\":\"ImageObject\",\"inLanguage\":\"lv-LV\",\"@id\":\"https:\\\/\\\/kidsplay.lt\\\/produktas\\\/woopie-stumdomas-zoliapjoves-zaislas-su-garsais-ir-sviesomis\\\/#primaryimage\",\"url\":\"https:\\\/\\\/kidsplay.lt\\\/wp-content\\\/uploads\\\/2026\\\/04\\\/\u201eWOOPIE-stumdomas-zoliapjoves-zaislas-su-garsais-ir-sviesomis.jpg\",\"contentUrl\":\"https:\\\/\\\/kidsplay.lt\\\/wp-content\\\/uploads\\\/2026\\\/04\\\/\u201eWOOPIE-stumdomas-zoliapjoves-zaislas-su-garsais-ir-sviesomis.jpg\",\"width\":1000,\"height\":1000,\"caption\":\"\u201eWOOPIE\u201c stumdomas \u017eoliapjov\u0117s \u017eaislas su garsais ir \u0161viesomis\"},{\"@type\":\"BreadcrumbList\",\"@id\":\"https:\\\/\\\/kidsplay.lt\\\/produktas\\\/woopie-stumdomas-zoliapjoves-zaislas-su-garsais-ir-sviesomis\\\/#breadcrumb\",\"itemListElement\":[{\"@type\":\"ListItem\",\"position\":1,\"name\":\"Pagrindinis\",\"item\":\"https:\\\/\\\/kidsplay.lt\\\/\"},{\"@type\":\"ListItem\",\"position\":2,\"name\":\"Parduotuv\u0117\",\"item\":\"https:\\\/\\\/kidsplay.lt\\\/parduotuve\\\/\"},{\"@type\":\"ListItem\",\"position\":3,\"name\":\"\u201eWOOPIE\u201c stumdomas \u017eoliapjov\u0117s \u017eaislas su garsais ir \u0161viesomis\"}]},{\"@type\":\"WebSite\",\"@id\":\"https:\\\/\\\/kidsplay.lt\\\/#website\",\"url\":\"https:\\\/\\\/kidsplay.lt\\\/\",\"name\":\"Kidsplay.lt\",\"description\":\"\u012evairios prek\u0117s vaikams\",\"publisher\":{\"@id\":\"https:\\\/\\\/kidsplay.lt\\\/#organization\"},\"alternateName\":\"Kidsplay\",\"potentialAction\":[{\"@type\":\"SearchAction\",\"target\":{\"@type\":\"EntryPoint\",\"urlTemplate\":\"https:\\\/\\\/kidsplay.lt\\\/?s={search_term_string}\"},\"query-input\":{\"@type\":\"PropertyValueSpecification\",\"valueRequired\":true,\"valueName\":\"search_term_string\"}}],\"inLanguage\":\"lv-LV\"},{\"@type\":\"Organization\",\"@id\":\"https:\\\/\\\/kidsplay.lt\\\/#organization\",\"name\":\"KidsPlay\",\"url\":\"https:\\\/\\\/kidsplay.lt\\\/\",\"logo\":{\"@type\":\"ImageObject\",\"inLanguage\":\"lv-LV\",\"@id\":\"https:\\\/\\\/kidsplay.lt\\\/#\\\/schema\\\/logo\\\/image\\\/\",\"url\":\"https:\\\/\\\/kidsplay.lt\\\/wp-content\\\/uploads\\\/2023\\\/07\\\/kidsplay-logo.png\",\"contentUrl\":\"https:\\\/\\\/kidsplay.lt\\\/wp-content\\\/uploads\\\/2023\\\/07\\\/kidsplay-logo.png\",\"width\":451,\"height\":98,\"caption\":\"KidsPlay\"},\"image\":{\"@id\":\"https:\\\/\\\/kidsplay.lt\\\/#\\\/schema\\\/logo\\\/image\\\/\"},\"sameAs\":[\"https:\\\/\\\/www.facebook.com\\\/www.kidsplay.lt\"]}]}<\/script>\n<!-- \/ Yoast SEO plugin. -->","yoast_head_json":{"title":"\u201eWOOPIE\u201c stumdomas \u017eoliapjov\u0117s \u017eaislas su garsais ir \u0161viesomis","description":"\u201eWOOPIE\u201c stumdomas \u017eoliapjov\u0117s \u017eaislas su garsais ir \u0161viesomis - KidsPlay. Did\u017eiausias vaik\u0173 \u017eaisl\u0173 pasirinkimas.","robots":{"index":"index","follow":"follow","max-snippet":"max-snippet:-1","max-image-preview":"max-image-preview:large","max-video-preview":"max-video-preview:-1"},"canonical":"https:\/\/kidsplay.lt\/lv\/products\/woopie-stumdomas-zoliapjoves-zaislas-su-garsais-ir-sviesomis\/","og_locale":"lv_LV","og_type":"article","og_title":"\u201eWOOPIE\u201c stumdomas \u017eoliapjov\u0117s \u017eaislas su garsais ir \u0161viesomis","og_description":"\u201eWOOPIE\u201c stumdomas \u017eoliapjov\u0117s \u017eaislas su garsais ir \u0161viesomis - KidsPlay. Did\u017eiausias vaik\u0173 \u017eaisl\u0173 pasirinkimas.","og_url":"https:\/\/kidsplay.lt\/lv\/products\/woopie-stumdomas-zoliapjoves-zaislas-su-garsais-ir-sviesomis\/","og_site_name":"KidsPlay","article_publisher":"https:\/\/www.facebook.com\/www.kidsplay.lt","article_modified_time":"2026-04-27T15:30:02+00:00","og_image":[{"width":1000,"height":1000,"url":"https:\/\/kidsplay.lt\/wp-content\/uploads\/2026\/04\/\u201eWOOPIE-stumdomas-zoliapjoves-zaislas-su-garsais-ir-sviesomis.jpg","type":"image\/jpeg"}],"twitter_card":"summary_large_image","schema":{"@context":"https:\/\/schema.org","@graph":[{"@type":"WebPage","@id":"https:\/\/kidsplay.lt\/produktas\/woopie-stumdomas-zoliapjoves-zaislas-su-garsais-ir-sviesomis\/","url":"https:\/\/kidsplay.lt\/produktas\/woopie-stumdomas-zoliapjoves-zaislas-su-garsais-ir-sviesomis\/","name":"\u201eWOOPIE\u201c stumdomas \u017eoliapjov\u0117s \u017eaislas su garsais ir \u0161viesomis","isPartOf":{"@id":"https:\/\/kidsplay.lt\/#website"},"primaryImageOfPage":{"@id":"https:\/\/kidsplay.lt\/produktas\/woopie-stumdomas-zoliapjoves-zaislas-su-garsais-ir-sviesomis\/#primaryimage"},"image":{"@id":"https:\/\/kidsplay.lt\/produktas\/woopie-stumdomas-zoliapjoves-zaislas-su-garsais-ir-sviesomis\/#primaryimage"},"thumbnailUrl":"https:\/\/kidsplay.lt\/wp-content\/uploads\/2026\/04\/\u201eWOOPIE-stumdomas-zoliapjoves-zaislas-su-garsais-ir-sviesomis.jpg","datePublished":"2026-04-27T04:25:15+00:00","dateModified":"2026-04-27T15:30:02+00:00","description":"\u201eWOOPIE\u201c stumdomas \u017eoliapjov\u0117s \u017eaislas su garsais ir \u0161viesomis - KidsPlay. Did\u017eiausias vaik\u0173 \u017eaisl\u0173 pasirinkimas.","breadcrumb":{"@id":"https:\/\/kidsplay.lt\/produktas\/woopie-stumdomas-zoliapjoves-zaislas-su-garsais-ir-sviesomis\/#breadcrumb"},"inLanguage":"lv-LV","potentialAction":[{"@type":"ReadAction","target":["https:\/\/kidsplay.lt\/produktas\/woopie-stumdomas-zoliapjoves-zaislas-su-garsais-ir-sviesomis\/"]}]},{"@type":"ImageObject","inLanguage":"lv-LV","@id":"https:\/\/kidsplay.lt\/produktas\/woopie-stumdomas-zoliapjoves-zaislas-su-garsais-ir-sviesomis\/#primaryimage","url":"https:\/\/kidsplay.lt\/wp-content\/uploads\/2026\/04\/\u201eWOOPIE-stumdomas-zoliapjoves-zaislas-su-garsais-ir-sviesomis.jpg","contentUrl":"https:\/\/kidsplay.lt\/wp-content\/uploads\/2026\/04\/\u201eWOOPIE-stumdomas-zoliapjoves-zaislas-su-garsais-ir-sviesomis.jpg","width":1000,"height":1000,"caption":"\u201eWOOPIE\u201c stumdomas \u017eoliapjov\u0117s \u017eaislas su garsais ir \u0161viesomis"},{"@type":"BreadcrumbList","@id":"https:\/\/kidsplay.lt\/produktas\/woopie-stumdomas-zoliapjoves-zaislas-su-garsais-ir-sviesomis\/#breadcrumb","itemListElement":[{"@type":"ListItem","position":1,"name":"Pagrindinis","item":"https:\/\/kidsplay.lt\/"},{"@type":"ListItem","position":2,"name":"Parduotuv\u0117","item":"https:\/\/kidsplay.lt\/parduotuve\/"},{"@type":"ListItem","position":3,"name":"\u201eWOOPIE\u201c stumdomas \u017eoliapjov\u0117s \u017eaislas su garsais ir \u0161viesomis"}]},{"@type":"WebSite","@id":"https:\/\/kidsplay.lt\/#website","url":"https:\/\/kidsplay.lt\/","name":"B\u0113rnu sp\u0113les.lv","description":"\u012evairios prek\u0117s vaikams","publisher":{"@id":"https:\/\/kidsplay.lt\/#organization"},"alternateName":"Kidsplay","potentialAction":[{"@type":"SearchAction","target":{"@type":"EntryPoint","urlTemplate":"https:\/\/kidsplay.lt\/?s={search_term_string}"},"query-input":{"@type":"PropertyValueSpecification","valueRequired":true,"valueName":"search_term_string"}}],"inLanguage":"lv-LV"},{"@type":"Organization","@id":"https:\/\/kidsplay.lt\/#organization","name":"B\u0113rnu sp\u0113le","url":"https:\/\/kidsplay.lt\/","logo":{"@type":"ImageObject","inLanguage":"lv-LV","@id":"https:\/\/kidsplay.lt\/#\/schema\/logo\/image\/","url":"https:\/\/kidsplay.lt\/wp-content\/uploads\/2023\/07\/kidsplay-logo.png","contentUrl":"https:\/\/kidsplay.lt\/wp-content\/uploads\/2023\/07\/kidsplay-logo.png","width":451,"height":98,"caption":"KidsPlay"},"image":{"@id":"https:\/\/kidsplay.lt\/#\/schema\/logo\/image\/"},"sameAs":["https:\/\/www.facebook.com\/www.kidsplay.lt"]}]}},"_links":{"self":[{"href":"https:\/\/kidsplay.lt\/lv\/wp-json\/wp\/v2\/product\/109131","targetHints":{"allow":["GET"]}}],"collection":[{"href":"https:\/\/kidsplay.lt\/lv\/wp-json\/wp\/v2\/product"}],"about":[{"href":"https:\/\/kidsplay.lt\/lv\/wp-json\/wp\/v2\/types\/product"}],"version-history":[{"count":1,"href":"https:\/\/kidsplay.lt\/lv\/wp-json\/wp\/v2\/product\/109131\/revisions"}],"predecessor-version":[{"id":109132,"href":"https:\/\/kidsplay.lt\/lv\/wp-json\/wp\/v2\/product\/109131\/revisions\/109132"}],"wp:featuredmedia":[{"embeddable":true,"href":"https:\/\/kidsplay.lt\/lv\/wp-json\/wp\/v2\/media\/109133"}],"wp:attachment":[{"href":"https:\/\/kidsplay.lt\/lv\/wp-json\/wp\/v2\/media?parent=109131"}],"wp:term":[{"taxonomy":"product_brand","embeddable":true,"href":"https:\/\/kidsplay.lt\/lv\/wp-json\/wp\/v2\/product_brand?post=109131"},{"taxonomy":"product_cat","embeddable":true,"href":"https:\/\/kidsplay.lt\/lv\/wp-json\/wp\/v2\/product_cat?post=109131"},{"taxonomy":"product_tag","embeddable":true,"href":"https:\/\/kidsplay.lt\/lv\/wp-json\/wp\/v2\/product_tag?post=109131"}],"curies":[{"name":"wp","href":"https:\/\/api.w.org\/{rel}","templated":true}]}}