{"id":109143,"date":"2026-04-27T07:25:37","date_gmt":"2026-04-27T04:25:37","guid":{"rendered":"https:\/\/kidsplay.lt\/produktas\/berg-xl-case-ih-bfr-pedalinis-kartingas\/"},"modified":"2026-04-27T18:30:03","modified_gmt":"2026-04-27T15:30:03","slug":"berg-xl-case-ih-bfr-pedalinis-kartingas","status":"publish","type":"product","link":"https:\/\/kidsplay.lt\/lv\/products\/berg-xl-case-ih-bfr-pedalinis-kartingas\/","title":{"rendered":"\u201eBERG\u201c XL Case IH BFR pedalinis kartingas"},"content":{"rendered":"<p>\u0160is \u201eBERG\u201c XL Case IH pedalinis kartingas \u2013 tai unikalus derinys tarp kartingo ir traktoriaus, sukurtas tikrovi\u0161kam ir aktyviam laisvalaikiui lauke. Oficialiai licencijuotas \u201eCase IH\u201c modelis i\u0161siskiria autenti\u0161komis detal\u0117mis, galinga konstrukcija ir puikiu prava\u017eumu net sud\u0117tingesn\u0117se vietov\u0117se.<br \/>\nFunkcijas:<\/p>\n<p> \tRealisti\u0161ka traktoriaus imitacija<br \/>\n \tOficialiai licencijuotas \u201eCase IH\u201c dizainas<br \/>\n \tReguliuojama s\u0117dyn\u0117 \u2013 prisitaiko prie naudotojo \u016bgio<br \/>\n \tGilus protektorius padangose \u2013 geresniam sukibimui<br \/>\n \tTvirta konstrukcija su \u0161vytuokline a\u0161imi stabilumui<br \/>\n \tBFR sistema: va\u017eiavimas pirmyn, atgal, stabdymas ir laisvoji eiga be pavar\u0173 perjungimo<br \/>\n \tTinka vaikams ir suaugusiesiems<br \/>\n \tKomplekte yra valstybinio numerio lentel\u0117<\/p>","protected":false},"excerpt":{"rendered":"<p>\u0160is \u201eBERG\u201c XL Case IH pedalinis kartingas \u2013 tai unikalus derinys tarp kartingo ir traktoriaus, sukurtas tikrovi\u0161kam ir aktyviam laisvalaikiui<\/p>","protected":false},"featured_media":109145,"template":"","meta":{"_acf_changed":false,"_glsr_average":0,"_glsr_ranking":0,"_glsr_reviews":0},"product_brand":[],"product_cat":[237,435],"product_tag":[],"class_list":{"0":"post-109143","1":"product","2":"type-product","3":"status-publish","4":"has-post-thumbnail","6":"product_cat-judejimo-priemones","7":"product_cat-kartingai","8":"\"style=\"background-color: #2ecc711c;\"","10":"first","11":"instock","12":"purchasable","13":"product-type-simple"},"acf":[],"yoast_head":"<!-- This site is optimized with the Yoast SEO plugin v27.4 - https:\/\/yoast.com\/product\/yoast-seo-wordpress\/ -->\n<title>\u201eBERG\u201c XL Case IH BFR pedalinis kartingas<\/title>\n<meta name=\"description\" content=\"\u201eBERG\u201c XL Case IH BFR pedalinis kartingas - KidsPlay. Did\u017eiausias vaik\u0173 \u017eaisl\u0173 pasirinkimas.\" \/>\n<meta name=\"robots\" content=\"index, follow, max-snippet:-1, max-image-preview:large, max-video-preview:-1\" \/>\n<link rel=\"canonical\" href=\"https:\/\/kidsplay.lt\/lv\/products\/berg-xl-case-ih-bfr-pedalinis-kartingas\/\" \/>\n<meta property=\"og:locale\" content=\"lv_LV\" \/>\n<meta property=\"og:type\" content=\"article\" \/>\n<meta property=\"og:title\" content=\"\u201eBERG\u201c XL Case IH BFR pedalinis kartingas\" \/>\n<meta property=\"og:description\" content=\"\u201eBERG\u201c XL Case IH BFR pedalinis kartingas - KidsPlay. Did\u017eiausias vaik\u0173 \u017eaisl\u0173 pasirinkimas.\" \/>\n<meta property=\"og:url\" content=\"https:\/\/kidsplay.lt\/lv\/products\/berg-xl-case-ih-bfr-pedalinis-kartingas\/\" \/>\n<meta property=\"og:site_name\" content=\"KidsPlay\" \/>\n<meta property=\"article:publisher\" content=\"https:\/\/www.facebook.com\/www.kidsplay.lt\" \/>\n<meta property=\"article:modified_time\" content=\"2026-04-27T15:30:03+00:00\" \/>\n<meta property=\"og:image\" content=\"https:\/\/kidsplay.lt\/wp-content\/uploads\/2026\/04\/\u201eBERG-XL-Case-IH-BFR-pedalinis-kartingas.jpg\" \/>\n\t<meta property=\"og:image:width\" content=\"2560\" \/>\n\t<meta property=\"og:image:height\" content=\"2560\" \/>\n\t<meta property=\"og:image:type\" content=\"image\/jpeg\" \/>\n<meta name=\"twitter:card\" content=\"summary_large_image\" \/>\n<script type=\"application\/ld+json\" class=\"yoast-schema-graph\">{\"@context\":\"https:\\\/\\\/schema.org\",\"@graph\":[{\"@type\":\"WebPage\",\"@id\":\"https:\\\/\\\/kidsplay.lt\\\/produktas\\\/berg-xl-case-ih-bfr-pedalinis-kartingas\\\/\",\"url\":\"https:\\\/\\\/kidsplay.lt\\\/produktas\\\/berg-xl-case-ih-bfr-pedalinis-kartingas\\\/\",\"name\":\"\u201eBERG\u201c XL Case IH BFR pedalinis kartingas\",\"isPartOf\":{\"@id\":\"https:\\\/\\\/kidsplay.lt\\\/#website\"},\"primaryImageOfPage\":{\"@id\":\"https:\\\/\\\/kidsplay.lt\\\/produktas\\\/berg-xl-case-ih-bfr-pedalinis-kartingas\\\/#primaryimage\"},\"image\":{\"@id\":\"https:\\\/\\\/kidsplay.lt\\\/produktas\\\/berg-xl-case-ih-bfr-pedalinis-kartingas\\\/#primaryimage\"},\"thumbnailUrl\":\"https:\\\/\\\/kidsplay.lt\\\/wp-content\\\/uploads\\\/2026\\\/04\\\/\u201eBERG-XL-Case-IH-BFR-pedalinis-kartingas.jpg\",\"datePublished\":\"2026-04-27T04:25:37+00:00\",\"dateModified\":\"2026-04-27T15:30:03+00:00\",\"description\":\"\u201eBERG\u201c XL Case IH BFR pedalinis kartingas - KidsPlay. Did\u017eiausias vaik\u0173 \u017eaisl\u0173 pasirinkimas.\",\"breadcrumb\":{\"@id\":\"https:\\\/\\\/kidsplay.lt\\\/produktas\\\/berg-xl-case-ih-bfr-pedalinis-kartingas\\\/#breadcrumb\"},\"inLanguage\":\"lv-LV\",\"potentialAction\":[{\"@type\":\"ReadAction\",\"target\":[\"https:\\\/\\\/kidsplay.lt\\\/produktas\\\/berg-xl-case-ih-bfr-pedalinis-kartingas\\\/\"]}]},{\"@type\":\"ImageObject\",\"inLanguage\":\"lv-LV\",\"@id\":\"https:\\\/\\\/kidsplay.lt\\\/produktas\\\/berg-xl-case-ih-bfr-pedalinis-kartingas\\\/#primaryimage\",\"url\":\"https:\\\/\\\/kidsplay.lt\\\/wp-content\\\/uploads\\\/2026\\\/04\\\/\u201eBERG-XL-Case-IH-BFR-pedalinis-kartingas.jpg\",\"contentUrl\":\"https:\\\/\\\/kidsplay.lt\\\/wp-content\\\/uploads\\\/2026\\\/04\\\/\u201eBERG-XL-Case-IH-BFR-pedalinis-kartingas.jpg\",\"width\":2560,\"height\":2560,\"caption\":\"\u201eBERG\u201c XL Case IH BFR pedalinis kartingas\"},{\"@type\":\"BreadcrumbList\",\"@id\":\"https:\\\/\\\/kidsplay.lt\\\/produktas\\\/berg-xl-case-ih-bfr-pedalinis-kartingas\\\/#breadcrumb\",\"itemListElement\":[{\"@type\":\"ListItem\",\"position\":1,\"name\":\"Pagrindinis\",\"item\":\"https:\\\/\\\/kidsplay.lt\\\/\"},{\"@type\":\"ListItem\",\"position\":2,\"name\":\"Parduotuv\u0117\",\"item\":\"https:\\\/\\\/kidsplay.lt\\\/parduotuve\\\/\"},{\"@type\":\"ListItem\",\"position\":3,\"name\":\"\u201eBERG\u201c XL Case IH BFR pedalinis kartingas\"}]},{\"@type\":\"WebSite\",\"@id\":\"https:\\\/\\\/kidsplay.lt\\\/#website\",\"url\":\"https:\\\/\\\/kidsplay.lt\\\/\",\"name\":\"Kidsplay.lt\",\"description\":\"\u012evairios prek\u0117s vaikams\",\"publisher\":{\"@id\":\"https:\\\/\\\/kidsplay.lt\\\/#organization\"},\"alternateName\":\"Kidsplay\",\"potentialAction\":[{\"@type\":\"SearchAction\",\"target\":{\"@type\":\"EntryPoint\",\"urlTemplate\":\"https:\\\/\\\/kidsplay.lt\\\/?s={search_term_string}\"},\"query-input\":{\"@type\":\"PropertyValueSpecification\",\"valueRequired\":true,\"valueName\":\"search_term_string\"}}],\"inLanguage\":\"lv-LV\"},{\"@type\":\"Organization\",\"@id\":\"https:\\\/\\\/kidsplay.lt\\\/#organization\",\"name\":\"KidsPlay\",\"url\":\"https:\\\/\\\/kidsplay.lt\\\/\",\"logo\":{\"@type\":\"ImageObject\",\"inLanguage\":\"lv-LV\",\"@id\":\"https:\\\/\\\/kidsplay.lt\\\/#\\\/schema\\\/logo\\\/image\\\/\",\"url\":\"https:\\\/\\\/kidsplay.lt\\\/wp-content\\\/uploads\\\/2023\\\/07\\\/kidsplay-logo.png\",\"contentUrl\":\"https:\\\/\\\/kidsplay.lt\\\/wp-content\\\/uploads\\\/2023\\\/07\\\/kidsplay-logo.png\",\"width\":451,\"height\":98,\"caption\":\"KidsPlay\"},\"image\":{\"@id\":\"https:\\\/\\\/kidsplay.lt\\\/#\\\/schema\\\/logo\\\/image\\\/\"},\"sameAs\":[\"https:\\\/\\\/www.facebook.com\\\/www.kidsplay.lt\"]}]}<\/script>\n<!-- \/ Yoast SEO plugin. -->","yoast_head_json":{"title":"\u201eBERG\u201c XL Case IH BFR pedalinis kartingas","description":"\u201eBERG\u201c XL Case IH BFR pedalinis kartingas - KidsPlay. Did\u017eiausias vaik\u0173 \u017eaisl\u0173 pasirinkimas.","robots":{"index":"index","follow":"follow","max-snippet":"max-snippet:-1","max-image-preview":"max-image-preview:large","max-video-preview":"max-video-preview:-1"},"canonical":"https:\/\/kidsplay.lt\/lv\/products\/berg-xl-case-ih-bfr-pedalinis-kartingas\/","og_locale":"lv_LV","og_type":"article","og_title":"\u201eBERG\u201c XL Case IH BFR pedalinis kartingas","og_description":"\u201eBERG\u201c XL Case IH BFR pedalinis kartingas - KidsPlay. Did\u017eiausias vaik\u0173 \u017eaisl\u0173 pasirinkimas.","og_url":"https:\/\/kidsplay.lt\/lv\/products\/berg-xl-case-ih-bfr-pedalinis-kartingas\/","og_site_name":"KidsPlay","article_publisher":"https:\/\/www.facebook.com\/www.kidsplay.lt","article_modified_time":"2026-04-27T15:30:03+00:00","og_image":[{"width":2560,"height":2560,"url":"https:\/\/kidsplay.lt\/wp-content\/uploads\/2026\/04\/\u201eBERG-XL-Case-IH-BFR-pedalinis-kartingas.jpg","type":"image\/jpeg"}],"twitter_card":"summary_large_image","schema":{"@context":"https:\/\/schema.org","@graph":[{"@type":"WebPage","@id":"https:\/\/kidsplay.lt\/produktas\/berg-xl-case-ih-bfr-pedalinis-kartingas\/","url":"https:\/\/kidsplay.lt\/produktas\/berg-xl-case-ih-bfr-pedalinis-kartingas\/","name":"\u201eBERG\u201c XL Case IH BFR pedalinis kartingas","isPartOf":{"@id":"https:\/\/kidsplay.lt\/#website"},"primaryImageOfPage":{"@id":"https:\/\/kidsplay.lt\/produktas\/berg-xl-case-ih-bfr-pedalinis-kartingas\/#primaryimage"},"image":{"@id":"https:\/\/kidsplay.lt\/produktas\/berg-xl-case-ih-bfr-pedalinis-kartingas\/#primaryimage"},"thumbnailUrl":"https:\/\/kidsplay.lt\/wp-content\/uploads\/2026\/04\/\u201eBERG-XL-Case-IH-BFR-pedalinis-kartingas.jpg","datePublished":"2026-04-27T04:25:37+00:00","dateModified":"2026-04-27T15:30:03+00:00","description":"\u201eBERG\u201c XL Case IH BFR pedalinis kartingas - KidsPlay. Did\u017eiausias vaik\u0173 \u017eaisl\u0173 pasirinkimas.","breadcrumb":{"@id":"https:\/\/kidsplay.lt\/produktas\/berg-xl-case-ih-bfr-pedalinis-kartingas\/#breadcrumb"},"inLanguage":"lv-LV","potentialAction":[{"@type":"ReadAction","target":["https:\/\/kidsplay.lt\/produktas\/berg-xl-case-ih-bfr-pedalinis-kartingas\/"]}]},{"@type":"ImageObject","inLanguage":"lv-LV","@id":"https:\/\/kidsplay.lt\/produktas\/berg-xl-case-ih-bfr-pedalinis-kartingas\/#primaryimage","url":"https:\/\/kidsplay.lt\/wp-content\/uploads\/2026\/04\/\u201eBERG-XL-Case-IH-BFR-pedalinis-kartingas.jpg","contentUrl":"https:\/\/kidsplay.lt\/wp-content\/uploads\/2026\/04\/\u201eBERG-XL-Case-IH-BFR-pedalinis-kartingas.jpg","width":2560,"height":2560,"caption":"\u201eBERG\u201c XL Case IH BFR pedalinis kartingas"},{"@type":"BreadcrumbList","@id":"https:\/\/kidsplay.lt\/produktas\/berg-xl-case-ih-bfr-pedalinis-kartingas\/#breadcrumb","itemListElement":[{"@type":"ListItem","position":1,"name":"Pagrindinis","item":"https:\/\/kidsplay.lt\/"},{"@type":"ListItem","position":2,"name":"Parduotuv\u0117","item":"https:\/\/kidsplay.lt\/parduotuve\/"},{"@type":"ListItem","position":3,"name":"\u201eBERG\u201c XL Case IH BFR pedalinis kartingas"}]},{"@type":"WebSite","@id":"https:\/\/kidsplay.lt\/#website","url":"https:\/\/kidsplay.lt\/","name":"B\u0113rnu sp\u0113les.lv","description":"\u012evairios prek\u0117s vaikams","publisher":{"@id":"https:\/\/kidsplay.lt\/#organization"},"alternateName":"Kidsplay","potentialAction":[{"@type":"SearchAction","target":{"@type":"EntryPoint","urlTemplate":"https:\/\/kidsplay.lt\/?s={search_term_string}"},"query-input":{"@type":"PropertyValueSpecification","valueRequired":true,"valueName":"search_term_string"}}],"inLanguage":"lv-LV"},{"@type":"Organization","@id":"https:\/\/kidsplay.lt\/#organization","name":"B\u0113rnu sp\u0113le","url":"https:\/\/kidsplay.lt\/","logo":{"@type":"ImageObject","inLanguage":"lv-LV","@id":"https:\/\/kidsplay.lt\/#\/schema\/logo\/image\/","url":"https:\/\/kidsplay.lt\/wp-content\/uploads\/2023\/07\/kidsplay-logo.png","contentUrl":"https:\/\/kidsplay.lt\/wp-content\/uploads\/2023\/07\/kidsplay-logo.png","width":451,"height":98,"caption":"KidsPlay"},"image":{"@id":"https:\/\/kidsplay.lt\/#\/schema\/logo\/image\/"},"sameAs":["https:\/\/www.facebook.com\/www.kidsplay.lt"]}]}},"_links":{"self":[{"href":"https:\/\/kidsplay.lt\/lv\/wp-json\/wp\/v2\/product\/109143","targetHints":{"allow":["GET"]}}],"collection":[{"href":"https:\/\/kidsplay.lt\/lv\/wp-json\/wp\/v2\/product"}],"about":[{"href":"https:\/\/kidsplay.lt\/lv\/wp-json\/wp\/v2\/types\/product"}],"version-history":[{"count":1,"href":"https:\/\/kidsplay.lt\/lv\/wp-json\/wp\/v2\/product\/109143\/revisions"}],"predecessor-version":[{"id":109144,"href":"https:\/\/kidsplay.lt\/lv\/wp-json\/wp\/v2\/product\/109143\/revisions\/109144"}],"wp:featuredmedia":[{"embeddable":true,"href":"https:\/\/kidsplay.lt\/lv\/wp-json\/wp\/v2\/media\/109145"}],"wp:attachment":[{"href":"https:\/\/kidsplay.lt\/lv\/wp-json\/wp\/v2\/media?parent=109143"}],"wp:term":[{"taxonomy":"product_brand","embeddable":true,"href":"https:\/\/kidsplay.lt\/lv\/wp-json\/wp\/v2\/product_brand?post=109143"},{"taxonomy":"product_cat","embeddable":true,"href":"https:\/\/kidsplay.lt\/lv\/wp-json\/wp\/v2\/product_cat?post=109143"},{"taxonomy":"product_tag","embeddable":true,"href":"https:\/\/kidsplay.lt\/lv\/wp-json\/wp\/v2\/product_tag?post=109143"}],"curies":[{"name":"wp","href":"https:\/\/api.w.org\/{rel}","templated":true}]}}