{"id":109150,"date":"2026-04-27T07:25:54","date_gmt":"2026-04-27T04:25:54","guid":{"rendered":"https:\/\/kidsplay.lt\/produktas\/berg-xl-new-holland-bfr-pedalinis-kartingas\/"},"modified":"2026-04-27T18:30:03","modified_gmt":"2026-04-27T15:30:03","slug":"berg-xl-new-holland-bfr-pedalinis-kartingas","status":"publish","type":"product","link":"https:\/\/kidsplay.lt\/lv\/products\/berg-xl-new-holland-bfr-pedalinis-kartingas\/","title":{"rendered":"\u201eBERG\u201c XL New Holland BFR pedalinis kartingas"},"content":{"rendered":"<p>\u201eBERG\u201c XL New Holland BFR \u2013 tai i\u0161skirtinis pedalinis kartingas, kuriame profesionalaus kartingo funkcionalumas derinamas su autenti\u0161ku \u017eem\u0117s \u016bkio traktoriaus dizainu. Oficialiai licencijuotas \u201eNew Holland\u201c modelis su i\u0161skirtine m\u0117lyna spalva ir realisti\u0161komis detal\u0117mis suteikia nepakartojam\u0105 vairavimo patirt\u012f.<br \/>\nFunkcijas:<\/p>\n<p> \tSkirtas vaikams nuo 5 met\u0173 ir suaugusiesiems<br \/>\n \tOficialiai licencijuotas \u201eNew Holland\u201c dizainas<br \/>\n \tBFR sistema: va\u017eiavimas pirmyn, stabdymas pedalais, va\u017eiavimas atgal ir laisvoji eiga<br \/>\n \tTvirtas XL plieninis r\u0117mas intensyviam naudojimui<br \/>\n \tReguliuojama s\u0117dyn\u0117 \u2013 kartingas \u201eauga\u201c kartu su vaiku<br \/>\n \tPneumatiniai pripu\u010diami ratai su giliu protektoriumi<br \/>\n \t\u0160vytuoklin\u0117 a\u0161is u\u017etikrina stabilum\u0105 nelygioje vietov\u0117je<br \/>\n \tMaksim\u0101l\u0101 slodze: 100 kg<br \/>\n \tKomplekte yra valstybinio numerio lentel\u0117<br \/>\n \tDekoratyvinis vertikalus i\u0161metimo vamzdis dar tikrovi\u0161kesniam vaizdui<\/p>\n<p>Komplekte:<\/p>\n<p> \t\u201eBERG\u201c XL New Holland BFR pedalinis kartingas<br \/>\n \tErgonomi\u0161ka reguliuojama s\u0117dyn\u0117<br \/>\n \t4 dideli pripu\u010diami ratai<br \/>\n \tNumerio lentel\u0117<br \/>\n \tSurinkimo instrukcija<\/p>","protected":false},"excerpt":{"rendered":"<p>\u201eBERG\u201c XL New Holland BFR \u2013 tai i\u0161skirtinis pedalinis kartingas, kuriame profesionalaus kartingo funkcionalumas derinamas su autenti\u0161ku \u017eem\u0117s \u016bkio traktoriaus<\/p>","protected":false},"featured_media":109152,"template":"","meta":{"_acf_changed":false,"_glsr_average":0,"_glsr_ranking":0,"_glsr_reviews":0},"product_brand":[],"product_cat":[237,435],"product_tag":[],"class_list":{"0":"post-109150","1":"product","2":"type-product","3":"status-publish","4":"has-post-thumbnail","6":"product_cat-judejimo-priemones","7":"product_cat-kartingai","8":"\"style=\"background-color: #2ecc711c;\"","10":"first","11":"instock","12":"purchasable","13":"product-type-simple"},"acf":[],"yoast_head":"<!-- This site is optimized with the Yoast SEO plugin v27.4 - https:\/\/yoast.com\/product\/yoast-seo-wordpress\/ -->\n<title>\u201eBERG\u201c XL New Holland BFR pedalinis kartingas<\/title>\n<meta name=\"description\" content=\"\u201eBERG\u201c XL New Holland BFR pedalinis kartingas - KidsPlay. Did\u017eiausias vaik\u0173 \u017eaisl\u0173 pasirinkimas.\" \/>\n<meta name=\"robots\" content=\"index, follow, max-snippet:-1, max-image-preview:large, max-video-preview:-1\" \/>\n<link rel=\"canonical\" href=\"https:\/\/kidsplay.lt\/lv\/products\/berg-xl-new-holland-bfr-pedalinis-kartingas\/\" \/>\n<meta property=\"og:locale\" content=\"lv_LV\" \/>\n<meta property=\"og:type\" content=\"article\" \/>\n<meta property=\"og:title\" content=\"\u201eBERG\u201c XL New Holland BFR pedalinis kartingas\" \/>\n<meta property=\"og:description\" content=\"\u201eBERG\u201c XL New Holland BFR pedalinis kartingas - KidsPlay. Did\u017eiausias vaik\u0173 \u017eaisl\u0173 pasirinkimas.\" \/>\n<meta property=\"og:url\" content=\"https:\/\/kidsplay.lt\/lv\/products\/berg-xl-new-holland-bfr-pedalinis-kartingas\/\" \/>\n<meta property=\"og:site_name\" content=\"KidsPlay\" \/>\n<meta property=\"article:publisher\" content=\"https:\/\/www.facebook.com\/www.kidsplay.lt\" \/>\n<meta property=\"article:modified_time\" content=\"2026-04-27T15:30:03+00:00\" \/>\n<meta property=\"og:image\" content=\"https:\/\/kidsplay.lt\/wp-content\/uploads\/2026\/04\/\u201eBERG-XL-New-Holland-BFR-pedalinis-kartingas.jpg\" \/>\n\t<meta property=\"og:image:width\" content=\"2560\" \/>\n\t<meta property=\"og:image:height\" content=\"2560\" \/>\n\t<meta property=\"og:image:type\" content=\"image\/jpeg\" \/>\n<meta name=\"twitter:card\" content=\"summary_large_image\" \/>\n<meta name=\"twitter:label1\" content=\"Est. reading time\" \/>\n\t<meta name=\"twitter:data1\" content=\"1 min\u016bte\" \/>\n<script type=\"application\/ld+json\" class=\"yoast-schema-graph\">{\"@context\":\"https:\\\/\\\/schema.org\",\"@graph\":[{\"@type\":\"WebPage\",\"@id\":\"https:\\\/\\\/kidsplay.lt\\\/produktas\\\/berg-xl-new-holland-bfr-pedalinis-kartingas\\\/\",\"url\":\"https:\\\/\\\/kidsplay.lt\\\/produktas\\\/berg-xl-new-holland-bfr-pedalinis-kartingas\\\/\",\"name\":\"\u201eBERG\u201c XL New Holland BFR pedalinis kartingas\",\"isPartOf\":{\"@id\":\"https:\\\/\\\/kidsplay.lt\\\/#website\"},\"primaryImageOfPage\":{\"@id\":\"https:\\\/\\\/kidsplay.lt\\\/produktas\\\/berg-xl-new-holland-bfr-pedalinis-kartingas\\\/#primaryimage\"},\"image\":{\"@id\":\"https:\\\/\\\/kidsplay.lt\\\/produktas\\\/berg-xl-new-holland-bfr-pedalinis-kartingas\\\/#primaryimage\"},\"thumbnailUrl\":\"https:\\\/\\\/kidsplay.lt\\\/wp-content\\\/uploads\\\/2026\\\/04\\\/\u201eBERG-XL-New-Holland-BFR-pedalinis-kartingas.jpg\",\"datePublished\":\"2026-04-27T04:25:54+00:00\",\"dateModified\":\"2026-04-27T15:30:03+00:00\",\"description\":\"\u201eBERG\u201c XL New Holland BFR pedalinis kartingas - KidsPlay. Did\u017eiausias vaik\u0173 \u017eaisl\u0173 pasirinkimas.\",\"breadcrumb\":{\"@id\":\"https:\\\/\\\/kidsplay.lt\\\/produktas\\\/berg-xl-new-holland-bfr-pedalinis-kartingas\\\/#breadcrumb\"},\"inLanguage\":\"lv-LV\",\"potentialAction\":[{\"@type\":\"ReadAction\",\"target\":[\"https:\\\/\\\/kidsplay.lt\\\/produktas\\\/berg-xl-new-holland-bfr-pedalinis-kartingas\\\/\"]}]},{\"@type\":\"ImageObject\",\"inLanguage\":\"lv-LV\",\"@id\":\"https:\\\/\\\/kidsplay.lt\\\/produktas\\\/berg-xl-new-holland-bfr-pedalinis-kartingas\\\/#primaryimage\",\"url\":\"https:\\\/\\\/kidsplay.lt\\\/wp-content\\\/uploads\\\/2026\\\/04\\\/\u201eBERG-XL-New-Holland-BFR-pedalinis-kartingas.jpg\",\"contentUrl\":\"https:\\\/\\\/kidsplay.lt\\\/wp-content\\\/uploads\\\/2026\\\/04\\\/\u201eBERG-XL-New-Holland-BFR-pedalinis-kartingas.jpg\",\"width\":2560,\"height\":2560,\"caption\":\"\u201eBERG\u201c XL New Holland BFR pedalinis kartingas\"},{\"@type\":\"BreadcrumbList\",\"@id\":\"https:\\\/\\\/kidsplay.lt\\\/produktas\\\/berg-xl-new-holland-bfr-pedalinis-kartingas\\\/#breadcrumb\",\"itemListElement\":[{\"@type\":\"ListItem\",\"position\":1,\"name\":\"Pagrindinis\",\"item\":\"https:\\\/\\\/kidsplay.lt\\\/\"},{\"@type\":\"ListItem\",\"position\":2,\"name\":\"Parduotuv\u0117\",\"item\":\"https:\\\/\\\/kidsplay.lt\\\/parduotuve\\\/\"},{\"@type\":\"ListItem\",\"position\":3,\"name\":\"\u201eBERG\u201c XL New Holland BFR pedalinis kartingas\"}]},{\"@type\":\"WebSite\",\"@id\":\"https:\\\/\\\/kidsplay.lt\\\/#website\",\"url\":\"https:\\\/\\\/kidsplay.lt\\\/\",\"name\":\"Kidsplay.lt\",\"description\":\"\u012evairios prek\u0117s vaikams\",\"publisher\":{\"@id\":\"https:\\\/\\\/kidsplay.lt\\\/#organization\"},\"alternateName\":\"Kidsplay\",\"potentialAction\":[{\"@type\":\"SearchAction\",\"target\":{\"@type\":\"EntryPoint\",\"urlTemplate\":\"https:\\\/\\\/kidsplay.lt\\\/?s={search_term_string}\"},\"query-input\":{\"@type\":\"PropertyValueSpecification\",\"valueRequired\":true,\"valueName\":\"search_term_string\"}}],\"inLanguage\":\"lv-LV\"},{\"@type\":\"Organization\",\"@id\":\"https:\\\/\\\/kidsplay.lt\\\/#organization\",\"name\":\"KidsPlay\",\"url\":\"https:\\\/\\\/kidsplay.lt\\\/\",\"logo\":{\"@type\":\"ImageObject\",\"inLanguage\":\"lv-LV\",\"@id\":\"https:\\\/\\\/kidsplay.lt\\\/#\\\/schema\\\/logo\\\/image\\\/\",\"url\":\"https:\\\/\\\/kidsplay.lt\\\/wp-content\\\/uploads\\\/2023\\\/07\\\/kidsplay-logo.png\",\"contentUrl\":\"https:\\\/\\\/kidsplay.lt\\\/wp-content\\\/uploads\\\/2023\\\/07\\\/kidsplay-logo.png\",\"width\":451,\"height\":98,\"caption\":\"KidsPlay\"},\"image\":{\"@id\":\"https:\\\/\\\/kidsplay.lt\\\/#\\\/schema\\\/logo\\\/image\\\/\"},\"sameAs\":[\"https:\\\/\\\/www.facebook.com\\\/www.kidsplay.lt\"]}]}<\/script>\n<!-- \/ Yoast SEO plugin. -->","yoast_head_json":{"title":"\u201eBERG\u201c XL New Holland BFR pedalinis kartingas","description":"\u201eBERG\u201c XL New Holland BFR pedalinis kartingas - KidsPlay. Did\u017eiausias vaik\u0173 \u017eaisl\u0173 pasirinkimas.","robots":{"index":"index","follow":"follow","max-snippet":"max-snippet:-1","max-image-preview":"max-image-preview:large","max-video-preview":"max-video-preview:-1"},"canonical":"https:\/\/kidsplay.lt\/lv\/products\/berg-xl-new-holland-bfr-pedalinis-kartingas\/","og_locale":"lv_LV","og_type":"article","og_title":"\u201eBERG\u201c XL New Holland BFR pedalinis kartingas","og_description":"\u201eBERG\u201c XL New Holland BFR pedalinis kartingas - KidsPlay. Did\u017eiausias vaik\u0173 \u017eaisl\u0173 pasirinkimas.","og_url":"https:\/\/kidsplay.lt\/lv\/products\/berg-xl-new-holland-bfr-pedalinis-kartingas\/","og_site_name":"KidsPlay","article_publisher":"https:\/\/www.facebook.com\/www.kidsplay.lt","article_modified_time":"2026-04-27T15:30:03+00:00","og_image":[{"width":2560,"height":2560,"url":"https:\/\/kidsplay.lt\/wp-content\/uploads\/2026\/04\/\u201eBERG-XL-New-Holland-BFR-pedalinis-kartingas.jpg","type":"image\/jpeg"}],"twitter_card":"summary_large_image","twitter_misc":{"Est. reading time":"1 min\u016bte"},"schema":{"@context":"https:\/\/schema.org","@graph":[{"@type":"WebPage","@id":"https:\/\/kidsplay.lt\/produktas\/berg-xl-new-holland-bfr-pedalinis-kartingas\/","url":"https:\/\/kidsplay.lt\/produktas\/berg-xl-new-holland-bfr-pedalinis-kartingas\/","name":"\u201eBERG\u201c XL New Holland BFR pedalinis kartingas","isPartOf":{"@id":"https:\/\/kidsplay.lt\/#website"},"primaryImageOfPage":{"@id":"https:\/\/kidsplay.lt\/produktas\/berg-xl-new-holland-bfr-pedalinis-kartingas\/#primaryimage"},"image":{"@id":"https:\/\/kidsplay.lt\/produktas\/berg-xl-new-holland-bfr-pedalinis-kartingas\/#primaryimage"},"thumbnailUrl":"https:\/\/kidsplay.lt\/wp-content\/uploads\/2026\/04\/\u201eBERG-XL-New-Holland-BFR-pedalinis-kartingas.jpg","datePublished":"2026-04-27T04:25:54+00:00","dateModified":"2026-04-27T15:30:03+00:00","description":"\u201eBERG\u201c XL New Holland BFR pedalinis kartingas - KidsPlay. Did\u017eiausias vaik\u0173 \u017eaisl\u0173 pasirinkimas.","breadcrumb":{"@id":"https:\/\/kidsplay.lt\/produktas\/berg-xl-new-holland-bfr-pedalinis-kartingas\/#breadcrumb"},"inLanguage":"lv-LV","potentialAction":[{"@type":"ReadAction","target":["https:\/\/kidsplay.lt\/produktas\/berg-xl-new-holland-bfr-pedalinis-kartingas\/"]}]},{"@type":"ImageObject","inLanguage":"lv-LV","@id":"https:\/\/kidsplay.lt\/produktas\/berg-xl-new-holland-bfr-pedalinis-kartingas\/#primaryimage","url":"https:\/\/kidsplay.lt\/wp-content\/uploads\/2026\/04\/\u201eBERG-XL-New-Holland-BFR-pedalinis-kartingas.jpg","contentUrl":"https:\/\/kidsplay.lt\/wp-content\/uploads\/2026\/04\/\u201eBERG-XL-New-Holland-BFR-pedalinis-kartingas.jpg","width":2560,"height":2560,"caption":"\u201eBERG\u201c XL New Holland BFR pedalinis kartingas"},{"@type":"BreadcrumbList","@id":"https:\/\/kidsplay.lt\/produktas\/berg-xl-new-holland-bfr-pedalinis-kartingas\/#breadcrumb","itemListElement":[{"@type":"ListItem","position":1,"name":"Pagrindinis","item":"https:\/\/kidsplay.lt\/"},{"@type":"ListItem","position":2,"name":"Parduotuv\u0117","item":"https:\/\/kidsplay.lt\/parduotuve\/"},{"@type":"ListItem","position":3,"name":"\u201eBERG\u201c XL New Holland BFR pedalinis kartingas"}]},{"@type":"WebSite","@id":"https:\/\/kidsplay.lt\/#website","url":"https:\/\/kidsplay.lt\/","name":"B\u0113rnu sp\u0113les.lv","description":"\u012evairios prek\u0117s vaikams","publisher":{"@id":"https:\/\/kidsplay.lt\/#organization"},"alternateName":"Kidsplay","potentialAction":[{"@type":"SearchAction","target":{"@type":"EntryPoint","urlTemplate":"https:\/\/kidsplay.lt\/?s={search_term_string}"},"query-input":{"@type":"PropertyValueSpecification","valueRequired":true,"valueName":"search_term_string"}}],"inLanguage":"lv-LV"},{"@type":"Organization","@id":"https:\/\/kidsplay.lt\/#organization","name":"B\u0113rnu sp\u0113le","url":"https:\/\/kidsplay.lt\/","logo":{"@type":"ImageObject","inLanguage":"lv-LV","@id":"https:\/\/kidsplay.lt\/#\/schema\/logo\/image\/","url":"https:\/\/kidsplay.lt\/wp-content\/uploads\/2023\/07\/kidsplay-logo.png","contentUrl":"https:\/\/kidsplay.lt\/wp-content\/uploads\/2023\/07\/kidsplay-logo.png","width":451,"height":98,"caption":"KidsPlay"},"image":{"@id":"https:\/\/kidsplay.lt\/#\/schema\/logo\/image\/"},"sameAs":["https:\/\/www.facebook.com\/www.kidsplay.lt"]}]}},"_links":{"self":[{"href":"https:\/\/kidsplay.lt\/lv\/wp-json\/wp\/v2\/product\/109150","targetHints":{"allow":["GET"]}}],"collection":[{"href":"https:\/\/kidsplay.lt\/lv\/wp-json\/wp\/v2\/product"}],"about":[{"href":"https:\/\/kidsplay.lt\/lv\/wp-json\/wp\/v2\/types\/product"}],"version-history":[{"count":1,"href":"https:\/\/kidsplay.lt\/lv\/wp-json\/wp\/v2\/product\/109150\/revisions"}],"predecessor-version":[{"id":109151,"href":"https:\/\/kidsplay.lt\/lv\/wp-json\/wp\/v2\/product\/109150\/revisions\/109151"}],"wp:featuredmedia":[{"embeddable":true,"href":"https:\/\/kidsplay.lt\/lv\/wp-json\/wp\/v2\/media\/109152"}],"wp:attachment":[{"href":"https:\/\/kidsplay.lt\/lv\/wp-json\/wp\/v2\/media?parent=109150"}],"wp:term":[{"taxonomy":"product_brand","embeddable":true,"href":"https:\/\/kidsplay.lt\/lv\/wp-json\/wp\/v2\/product_brand?post=109150"},{"taxonomy":"product_cat","embeddable":true,"href":"https:\/\/kidsplay.lt\/lv\/wp-json\/wp\/v2\/product_cat?post=109150"},{"taxonomy":"product_tag","embeddable":true,"href":"https:\/\/kidsplay.lt\/lv\/wp-json\/wp\/v2\/product_tag?post=109150"}],"curies":[{"name":"wp","href":"https:\/\/api.w.org\/{rel}","templated":true}]}}