{"id":109157,"date":"2026-04-27T07:26:16","date_gmt":"2026-04-27T04:26:16","guid":{"rendered":"https:\/\/kidsplay.lt\/produktas\/injusa-kawasaki-ninja-zx-10r-12v-elektrinis-motociklas\/"},"modified":"2026-04-27T18:30:03","modified_gmt":"2026-04-27T15:30:03","slug":"injusa-kawasaki-ninja-zx-10r-12v-elektrinis-motociklas","status":"publish","type":"product","link":"https:\/\/kidsplay.lt\/lv\/products\/injusa-kawasaki-ninja-zx-10r-12v-elektrinis-motociklas\/","title":{"rendered":"\u201eINJUSA\u201c Kawasaki Ninja ZX-10R 12V elektrinis motociklas"},"content":{"rendered":"<p>\u201eINJUSA\u201c Kawasaki Ninja ZX-10R \u2013 tai kiekvieno ma\u017eojo motocikl\u0173 gerb\u0117jo svajon\u0117! \u0160is oficialiai licencijuotas elektrinis motociklas i\u0161siskiria tikrovi\u0161ku sportiniu dizainu, \u012fkv\u0117ptu legendinio \u201eKawasaki Ninja\u201c modelio. Jis suteikia vaikams ne tik daug d\u017eiaugsmo, bet ir padeda lavinti svarbius vairavimo bei koordinacijos \u012fg\u016bd\u017eius.<br \/>\nFunkcijas:<\/p>\n<p> \tSkirtas vaikams nuo 3 met\u0173<br \/>\n \tOficialiai licencijuotas \u201eKawasaki Ninja ZX-10R\u201c modelis<br \/>\n \t12V akumuliatorinis variklis<br \/>\n \tGrei\u010dio valdymas ranken\u0117le \u2013 kaip tikrame motocikle<br \/>\n \t\u0160oniniai stabilizavimo ratukai saugesniam mokymuisi<br \/>\n \tPlastikiniai ratai su gumin\u0117mis juostomis geresniam sukibimui<br \/>\n \tPriekiniai ir galiniai LED \u017eibintai<br \/>\n \tTvirtas metalinis r\u0117mas<br \/>\n \tElektrinis stabdis didesniam saugumui<br \/>\n \tMaksimalus greitis: 6 km\/h<br \/>\n \tMaksim\u0101l\u0101 slodze: 50 kg<br \/>\n \tPatogus \u012fjungimo \/ i\u0161jungimo mygtukas<\/p>","protected":false},"excerpt":{"rendered":"<p>\u201eINJUSA\u201c Kawasaki Ninja ZX-10R \u2013 tai kiekvieno ma\u017eojo motocikl\u0173 gerb\u0117jo svajon\u0117! \u0160is oficialiai licencijuotas elektrinis motociklas i\u0161siskiria tikrovi\u0161ku sportiniu dizainu,<\/p>","protected":false},"featured_media":109159,"template":"","meta":{"_acf_changed":false,"_glsr_average":0,"_glsr_ranking":0,"_glsr_reviews":0},"product_brand":[],"product_cat":[310,237],"product_tag":[],"class_list":{"0":"post-109157","1":"product","2":"type-product","3":"status-publish","4":"has-post-thumbnail","6":"product_cat-akumuliatorines-transporto-priemones","7":"product_cat-judejimo-priemones","8":"\"style=\"background-color: #2ecc711c;\"","10":"first","11":"instock","12":"purchasable","13":"product-type-simple"},"acf":[],"yoast_head":"<!-- This site is optimized with the Yoast SEO plugin v27.4 - https:\/\/yoast.com\/product\/yoast-seo-wordpress\/ -->\n<title>\u201eINJUSA\u201c Kawasaki Ninja ZX-10R 12V elektrinis motociklas<\/title>\n<meta name=\"description\" content=\"\u201eINJUSA\u201c Kawasaki Ninja ZX-10R 12V elektrinis motociklas - KidsPlay. Did\u017eiausias vaik\u0173 \u017eaisl\u0173 pasirinkimas.\" \/>\n<meta name=\"robots\" content=\"index, follow, max-snippet:-1, max-image-preview:large, max-video-preview:-1\" \/>\n<link rel=\"canonical\" href=\"https:\/\/kidsplay.lt\/lv\/products\/injusa-kawasaki-ninja-zx-10r-12v-elektrinis-motociklas\/\" \/>\n<meta property=\"og:locale\" content=\"lv_LV\" \/>\n<meta property=\"og:type\" content=\"article\" \/>\n<meta property=\"og:title\" content=\"\u201eINJUSA\u201c Kawasaki Ninja ZX-10R 12V elektrinis motociklas\" \/>\n<meta property=\"og:description\" content=\"\u201eINJUSA\u201c Kawasaki Ninja ZX-10R 12V elektrinis motociklas - KidsPlay. Did\u017eiausias vaik\u0173 \u017eaisl\u0173 pasirinkimas.\" \/>\n<meta property=\"og:url\" content=\"https:\/\/kidsplay.lt\/lv\/products\/injusa-kawasaki-ninja-zx-10r-12v-elektrinis-motociklas\/\" \/>\n<meta property=\"og:site_name\" content=\"KidsPlay\" \/>\n<meta property=\"article:publisher\" content=\"https:\/\/www.facebook.com\/www.kidsplay.lt\" \/>\n<meta property=\"article:modified_time\" content=\"2026-04-27T15:30:03+00:00\" \/>\n<meta property=\"og:image\" content=\"https:\/\/kidsplay.lt\/wp-content\/uploads\/2026\/04\/\u201eINJUSA-Kawasaki-Ninja-ZX-10R-12V-elektrinis-motociklas.jpg\" \/>\n\t<meta property=\"og:image:width\" content=\"1000\" \/>\n\t<meta property=\"og:image:height\" content=\"1000\" \/>\n\t<meta property=\"og:image:type\" content=\"image\/jpeg\" \/>\n<meta name=\"twitter:card\" content=\"summary_large_image\" \/>\n<meta name=\"twitter:label1\" content=\"Est. reading time\" \/>\n\t<meta name=\"twitter:data1\" content=\"1 min\u016bte\" \/>\n<script type=\"application\/ld+json\" class=\"yoast-schema-graph\">{\"@context\":\"https:\\\/\\\/schema.org\",\"@graph\":[{\"@type\":\"WebPage\",\"@id\":\"https:\\\/\\\/kidsplay.lt\\\/produktas\\\/injusa-kawasaki-ninja-zx-10r-12v-elektrinis-motociklas\\\/\",\"url\":\"https:\\\/\\\/kidsplay.lt\\\/produktas\\\/injusa-kawasaki-ninja-zx-10r-12v-elektrinis-motociklas\\\/\",\"name\":\"\u201eINJUSA\u201c Kawasaki Ninja ZX-10R 12V elektrinis motociklas\",\"isPartOf\":{\"@id\":\"https:\\\/\\\/kidsplay.lt\\\/#website\"},\"primaryImageOfPage\":{\"@id\":\"https:\\\/\\\/kidsplay.lt\\\/produktas\\\/injusa-kawasaki-ninja-zx-10r-12v-elektrinis-motociklas\\\/#primaryimage\"},\"image\":{\"@id\":\"https:\\\/\\\/kidsplay.lt\\\/produktas\\\/injusa-kawasaki-ninja-zx-10r-12v-elektrinis-motociklas\\\/#primaryimage\"},\"thumbnailUrl\":\"https:\\\/\\\/kidsplay.lt\\\/wp-content\\\/uploads\\\/2026\\\/04\\\/\u201eINJUSA-Kawasaki-Ninja-ZX-10R-12V-elektrinis-motociklas.jpg\",\"datePublished\":\"2026-04-27T04:26:16+00:00\",\"dateModified\":\"2026-04-27T15:30:03+00:00\",\"description\":\"\u201eINJUSA\u201c Kawasaki Ninja ZX-10R 12V elektrinis motociklas - KidsPlay. Did\u017eiausias vaik\u0173 \u017eaisl\u0173 pasirinkimas.\",\"breadcrumb\":{\"@id\":\"https:\\\/\\\/kidsplay.lt\\\/produktas\\\/injusa-kawasaki-ninja-zx-10r-12v-elektrinis-motociklas\\\/#breadcrumb\"},\"inLanguage\":\"lv-LV\",\"potentialAction\":[{\"@type\":\"ReadAction\",\"target\":[\"https:\\\/\\\/kidsplay.lt\\\/produktas\\\/injusa-kawasaki-ninja-zx-10r-12v-elektrinis-motociklas\\\/\"]}]},{\"@type\":\"ImageObject\",\"inLanguage\":\"lv-LV\",\"@id\":\"https:\\\/\\\/kidsplay.lt\\\/produktas\\\/injusa-kawasaki-ninja-zx-10r-12v-elektrinis-motociklas\\\/#primaryimage\",\"url\":\"https:\\\/\\\/kidsplay.lt\\\/wp-content\\\/uploads\\\/2026\\\/04\\\/\u201eINJUSA-Kawasaki-Ninja-ZX-10R-12V-elektrinis-motociklas.jpg\",\"contentUrl\":\"https:\\\/\\\/kidsplay.lt\\\/wp-content\\\/uploads\\\/2026\\\/04\\\/\u201eINJUSA-Kawasaki-Ninja-ZX-10R-12V-elektrinis-motociklas.jpg\",\"width\":1000,\"height\":1000,\"caption\":\"\u201eINJUSA\u201c Kawasaki Ninja ZX-10R 12V elektrinis motociklas\"},{\"@type\":\"BreadcrumbList\",\"@id\":\"https:\\\/\\\/kidsplay.lt\\\/produktas\\\/injusa-kawasaki-ninja-zx-10r-12v-elektrinis-motociklas\\\/#breadcrumb\",\"itemListElement\":[{\"@type\":\"ListItem\",\"position\":1,\"name\":\"Pagrindinis\",\"item\":\"https:\\\/\\\/kidsplay.lt\\\/\"},{\"@type\":\"ListItem\",\"position\":2,\"name\":\"Parduotuv\u0117\",\"item\":\"https:\\\/\\\/kidsplay.lt\\\/parduotuve\\\/\"},{\"@type\":\"ListItem\",\"position\":3,\"name\":\"\u201eINJUSA\u201c Kawasaki Ninja ZX-10R 12V elektrinis motociklas\"}]},{\"@type\":\"WebSite\",\"@id\":\"https:\\\/\\\/kidsplay.lt\\\/#website\",\"url\":\"https:\\\/\\\/kidsplay.lt\\\/\",\"name\":\"Kidsplay.lt\",\"description\":\"\u012evairios prek\u0117s vaikams\",\"publisher\":{\"@id\":\"https:\\\/\\\/kidsplay.lt\\\/#organization\"},\"alternateName\":\"Kidsplay\",\"potentialAction\":[{\"@type\":\"SearchAction\",\"target\":{\"@type\":\"EntryPoint\",\"urlTemplate\":\"https:\\\/\\\/kidsplay.lt\\\/?s={search_term_string}\"},\"query-input\":{\"@type\":\"PropertyValueSpecification\",\"valueRequired\":true,\"valueName\":\"search_term_string\"}}],\"inLanguage\":\"lv-LV\"},{\"@type\":\"Organization\",\"@id\":\"https:\\\/\\\/kidsplay.lt\\\/#organization\",\"name\":\"KidsPlay\",\"url\":\"https:\\\/\\\/kidsplay.lt\\\/\",\"logo\":{\"@type\":\"ImageObject\",\"inLanguage\":\"lv-LV\",\"@id\":\"https:\\\/\\\/kidsplay.lt\\\/#\\\/schema\\\/logo\\\/image\\\/\",\"url\":\"https:\\\/\\\/kidsplay.lt\\\/wp-content\\\/uploads\\\/2023\\\/07\\\/kidsplay-logo.png\",\"contentUrl\":\"https:\\\/\\\/kidsplay.lt\\\/wp-content\\\/uploads\\\/2023\\\/07\\\/kidsplay-logo.png\",\"width\":451,\"height\":98,\"caption\":\"KidsPlay\"},\"image\":{\"@id\":\"https:\\\/\\\/kidsplay.lt\\\/#\\\/schema\\\/logo\\\/image\\\/\"},\"sameAs\":[\"https:\\\/\\\/www.facebook.com\\\/www.kidsplay.lt\"]}]}<\/script>\n<!-- \/ Yoast SEO plugin. -->","yoast_head_json":{"title":"\u201eINJUSA\u201c Kawasaki Ninja ZX-10R 12V elektrinis motociklas","description":"\u201eINJUSA\u201c Kawasaki Ninja ZX-10R 12V elektrinis motociklas - KidsPlay. Did\u017eiausias vaik\u0173 \u017eaisl\u0173 pasirinkimas.","robots":{"index":"index","follow":"follow","max-snippet":"max-snippet:-1","max-image-preview":"max-image-preview:large","max-video-preview":"max-video-preview:-1"},"canonical":"https:\/\/kidsplay.lt\/lv\/products\/injusa-kawasaki-ninja-zx-10r-12v-elektrinis-motociklas\/","og_locale":"lv_LV","og_type":"article","og_title":"\u201eINJUSA\u201c Kawasaki Ninja ZX-10R 12V elektrinis motociklas","og_description":"\u201eINJUSA\u201c Kawasaki Ninja ZX-10R 12V elektrinis motociklas - KidsPlay. Did\u017eiausias vaik\u0173 \u017eaisl\u0173 pasirinkimas.","og_url":"https:\/\/kidsplay.lt\/lv\/products\/injusa-kawasaki-ninja-zx-10r-12v-elektrinis-motociklas\/","og_site_name":"KidsPlay","article_publisher":"https:\/\/www.facebook.com\/www.kidsplay.lt","article_modified_time":"2026-04-27T15:30:03+00:00","og_image":[{"width":1000,"height":1000,"url":"https:\/\/kidsplay.lt\/wp-content\/uploads\/2026\/04\/\u201eINJUSA-Kawasaki-Ninja-ZX-10R-12V-elektrinis-motociklas.jpg","type":"image\/jpeg"}],"twitter_card":"summary_large_image","twitter_misc":{"Est. reading time":"1 min\u016bte"},"schema":{"@context":"https:\/\/schema.org","@graph":[{"@type":"WebPage","@id":"https:\/\/kidsplay.lt\/produktas\/injusa-kawasaki-ninja-zx-10r-12v-elektrinis-motociklas\/","url":"https:\/\/kidsplay.lt\/produktas\/injusa-kawasaki-ninja-zx-10r-12v-elektrinis-motociklas\/","name":"\u201eINJUSA\u201c Kawasaki Ninja ZX-10R 12V elektrinis motociklas","isPartOf":{"@id":"https:\/\/kidsplay.lt\/#website"},"primaryImageOfPage":{"@id":"https:\/\/kidsplay.lt\/produktas\/injusa-kawasaki-ninja-zx-10r-12v-elektrinis-motociklas\/#primaryimage"},"image":{"@id":"https:\/\/kidsplay.lt\/produktas\/injusa-kawasaki-ninja-zx-10r-12v-elektrinis-motociklas\/#primaryimage"},"thumbnailUrl":"https:\/\/kidsplay.lt\/wp-content\/uploads\/2026\/04\/\u201eINJUSA-Kawasaki-Ninja-ZX-10R-12V-elektrinis-motociklas.jpg","datePublished":"2026-04-27T04:26:16+00:00","dateModified":"2026-04-27T15:30:03+00:00","description":"\u201eINJUSA\u201c Kawasaki Ninja ZX-10R 12V elektrinis motociklas - KidsPlay. Did\u017eiausias vaik\u0173 \u017eaisl\u0173 pasirinkimas.","breadcrumb":{"@id":"https:\/\/kidsplay.lt\/produktas\/injusa-kawasaki-ninja-zx-10r-12v-elektrinis-motociklas\/#breadcrumb"},"inLanguage":"lv-LV","potentialAction":[{"@type":"ReadAction","target":["https:\/\/kidsplay.lt\/produktas\/injusa-kawasaki-ninja-zx-10r-12v-elektrinis-motociklas\/"]}]},{"@type":"ImageObject","inLanguage":"lv-LV","@id":"https:\/\/kidsplay.lt\/produktas\/injusa-kawasaki-ninja-zx-10r-12v-elektrinis-motociklas\/#primaryimage","url":"https:\/\/kidsplay.lt\/wp-content\/uploads\/2026\/04\/\u201eINJUSA-Kawasaki-Ninja-ZX-10R-12V-elektrinis-motociklas.jpg","contentUrl":"https:\/\/kidsplay.lt\/wp-content\/uploads\/2026\/04\/\u201eINJUSA-Kawasaki-Ninja-ZX-10R-12V-elektrinis-motociklas.jpg","width":1000,"height":1000,"caption":"\u201eINJUSA\u201c Kawasaki Ninja ZX-10R 12V elektrinis motociklas"},{"@type":"BreadcrumbList","@id":"https:\/\/kidsplay.lt\/produktas\/injusa-kawasaki-ninja-zx-10r-12v-elektrinis-motociklas\/#breadcrumb","itemListElement":[{"@type":"ListItem","position":1,"name":"Pagrindinis","item":"https:\/\/kidsplay.lt\/"},{"@type":"ListItem","position":2,"name":"Parduotuv\u0117","item":"https:\/\/kidsplay.lt\/parduotuve\/"},{"@type":"ListItem","position":3,"name":"\u201eINJUSA\u201c Kawasaki Ninja ZX-10R 12V elektrinis motociklas"}]},{"@type":"WebSite","@id":"https:\/\/kidsplay.lt\/#website","url":"https:\/\/kidsplay.lt\/","name":"B\u0113rnu sp\u0113les.lv","description":"\u012evairios prek\u0117s vaikams","publisher":{"@id":"https:\/\/kidsplay.lt\/#organization"},"alternateName":"Kidsplay","potentialAction":[{"@type":"SearchAction","target":{"@type":"EntryPoint","urlTemplate":"https:\/\/kidsplay.lt\/?s={search_term_string}"},"query-input":{"@type":"PropertyValueSpecification","valueRequired":true,"valueName":"search_term_string"}}],"inLanguage":"lv-LV"},{"@type":"Organization","@id":"https:\/\/kidsplay.lt\/#organization","name":"B\u0113rnu sp\u0113le","url":"https:\/\/kidsplay.lt\/","logo":{"@type":"ImageObject","inLanguage":"lv-LV","@id":"https:\/\/kidsplay.lt\/#\/schema\/logo\/image\/","url":"https:\/\/kidsplay.lt\/wp-content\/uploads\/2023\/07\/kidsplay-logo.png","contentUrl":"https:\/\/kidsplay.lt\/wp-content\/uploads\/2023\/07\/kidsplay-logo.png","width":451,"height":98,"caption":"KidsPlay"},"image":{"@id":"https:\/\/kidsplay.lt\/#\/schema\/logo\/image\/"},"sameAs":["https:\/\/www.facebook.com\/www.kidsplay.lt"]}]}},"_links":{"self":[{"href":"https:\/\/kidsplay.lt\/lv\/wp-json\/wp\/v2\/product\/109157","targetHints":{"allow":["GET"]}}],"collection":[{"href":"https:\/\/kidsplay.lt\/lv\/wp-json\/wp\/v2\/product"}],"about":[{"href":"https:\/\/kidsplay.lt\/lv\/wp-json\/wp\/v2\/types\/product"}],"version-history":[{"count":1,"href":"https:\/\/kidsplay.lt\/lv\/wp-json\/wp\/v2\/product\/109157\/revisions"}],"predecessor-version":[{"id":109158,"href":"https:\/\/kidsplay.lt\/lv\/wp-json\/wp\/v2\/product\/109157\/revisions\/109158"}],"wp:featuredmedia":[{"embeddable":true,"href":"https:\/\/kidsplay.lt\/lv\/wp-json\/wp\/v2\/media\/109159"}],"wp:attachment":[{"href":"https:\/\/kidsplay.lt\/lv\/wp-json\/wp\/v2\/media?parent=109157"}],"wp:term":[{"taxonomy":"product_brand","embeddable":true,"href":"https:\/\/kidsplay.lt\/lv\/wp-json\/wp\/v2\/product_brand?post=109157"},{"taxonomy":"product_cat","embeddable":true,"href":"https:\/\/kidsplay.lt\/lv\/wp-json\/wp\/v2\/product_cat?post=109157"},{"taxonomy":"product_tag","embeddable":true,"href":"https:\/\/kidsplay.lt\/lv\/wp-json\/wp\/v2\/product_tag?post=109157"}],"curies":[{"name":"wp","href":"https:\/\/api.w.org\/{rel}","templated":true}]}}