{"id":111120,"date":"2026-04-29T13:03:27","date_gmt":"2026-04-29T10:03:27","guid":{"rendered":"https:\/\/kidsplay.lt\/produktas\/woopie-edukacinis-musamuju-instrumentu-rinkinys-vaikams-3-bugnai-1-lekste-taburete\/"},"modified":"2026-04-29T18:30:37","modified_gmt":"2026-04-29T15:30:37","slug":"woopie-edukacinis-musamuju-instrumentu-rinkinys-vaikams-3-bugnai-1-lekste-taburete","status":"publish","type":"product","link":"https:\/\/kidsplay.lt\/lv\/products\/woopie-edukacinis-musamuju-instrumentu-rinkinys-vaikams-3-bugnai-1-lekste-taburete\/","title":{"rendered":"\u201eWOOPIE\u201c edukacinis mu\u0161am\u0173j\u0173 instrument\u0173 rinkinys vaikams (3 b\u016bgnai + 1 l\u0117k\u0161t\u0117 + taburet\u0117)"},"content":{"rendered":"<p>\u0160is \u201eWOOPIE\u201c b\u016bgn\u0173 rinkinys \u2013 tai interaktyvus muzikos \u017eaislas, sukurtas ma\u017eiesiems muzikantams, norintiems atrasti ritm\u0105 ir gars\u0173 pasaul\u012f. Realisti\u0161kas dizainas, saugios med\u017eiagos ir smag\u016bs garso efektai skatina k\u016brybi\u0161kum\u0105 bei aktyv\u0173 \u017eaidim\u0105.<br \/>\nFunkcijas:<\/p>\n<p> \tSkirtas vaikams nuo 3 met\u0173<br \/>\n \tUgnies (flame) dizainas: juoda spalva su raudonais ir oran\u017einiais liepsn\u0173 motyvais<br \/>\n \tSaugios, sertifikuotos med\u017eiagos<br \/>\n \tApvalinti kra\u0161tai ir netoksi\u0161kas plastikas<br \/>\n \tRealisti\u0161ka b\u016bgn\u0173 i\u0161vaizda<br \/>\n \tTvirta ir stabili konstrukcija<br \/>\n \t\u012evair\u016bs garso efektai<br \/>\n \tKompakti\u0161kas dydis<\/p>\n<p>Komplekt\u0101:<\/p>\n<p> \t1 centrinis b\u016bgnas<br \/>\n \t2 ma\u017eesni b\u016bgnai<br \/>\n \t1 cimbolas (l\u0117k\u0161t\u0117)<br \/>\n \t2 b\u016bgn\u0173 lazdel\u0117s<br \/>\n \t1 taburet\u0117<\/p>","protected":false},"excerpt":{"rendered":"<p>\u0160is \u201eWOOPIE\u201c b\u016bgn\u0173 rinkinys \u2013 tai interaktyvus muzikos \u017eaislas, sukurtas ma\u017eiesiems muzikantams, norintiems atrasti ritm\u0105 ir gars\u0173 pasaul\u012f. Realisti\u0161kas dizainas,<\/p>","protected":false},"featured_media":111122,"template":"","meta":{"_acf_changed":false,"_glsr_average":0,"_glsr_ranking":0,"_glsr_reviews":0},"product_brand":[],"product_cat":[449,229],"product_tag":[],"class_list":{"0":"post-111120","1":"product","2":"type-product","3":"status-publish","4":"has-post-thumbnail","6":"product_cat-muzikiniai","7":"product_cat-zaislai-vaikams","8":"\"style=\"background-color: #2ecc711c;\"","10":"first","11":"instock","12":"purchasable","13":"product-type-simple"},"acf":[],"yoast_head":"<!-- This site is optimized with the Yoast SEO plugin v27.4 - https:\/\/yoast.com\/product\/yoast-seo-wordpress\/ -->\n<title>\u201eWOOPIE\u201c edukacinis mu\u0161am\u0173j\u0173 instrument\u0173 rinkinys vaikams (3 b\u016bgnai + 1 l\u0117k\u0161t\u0117 + taburet\u0117)<\/title>\n<meta name=\"description\" content=\"\u201eWOOPIE\u201c edukacinis mu\u0161am\u0173j\u0173 instrument\u0173 rinkinys vaikams (3 b\u016bgnai + 1 l\u0117k\u0161t\u0117 + taburet\u0117) - KidsPlay. Did\u017eiausias vaik\u0173 \u017eaisl\u0173 pasirinkimas.\" \/>\n<meta name=\"robots\" content=\"index, follow, max-snippet:-1, max-image-preview:large, max-video-preview:-1\" \/>\n<link rel=\"canonical\" href=\"https:\/\/kidsplay.lt\/lv\/products\/woopie-edukacinis-musamuju-instrumentu-rinkinys-vaikams-3-bugnai-1-lekste-taburete\/\" \/>\n<meta property=\"og:locale\" content=\"lv_LV\" \/>\n<meta property=\"og:type\" content=\"article\" \/>\n<meta property=\"og:title\" content=\"\u201eWOOPIE\u201c edukacinis mu\u0161am\u0173j\u0173 instrument\u0173 rinkinys vaikams (3 b\u016bgnai + 1 l\u0117k\u0161t\u0117 + taburet\u0117)\" \/>\n<meta property=\"og:description\" content=\"\u201eWOOPIE\u201c edukacinis mu\u0161am\u0173j\u0173 instrument\u0173 rinkinys vaikams (3 b\u016bgnai + 1 l\u0117k\u0161t\u0117 + taburet\u0117) - KidsPlay. Did\u017eiausias vaik\u0173 \u017eaisl\u0173 pasirinkimas.\" \/>\n<meta property=\"og:url\" content=\"https:\/\/kidsplay.lt\/lv\/products\/woopie-edukacinis-musamuju-instrumentu-rinkinys-vaikams-3-bugnai-1-lekste-taburete\/\" \/>\n<meta property=\"og:site_name\" content=\"KidsPlay\" \/>\n<meta property=\"article:publisher\" content=\"https:\/\/www.facebook.com\/www.kidsplay.lt\" \/>\n<meta property=\"article:modified_time\" content=\"2026-04-29T15:30:37+00:00\" \/>\n<meta property=\"og:image\" content=\"https:\/\/kidsplay.lt\/wp-content\/uploads\/2026\/04\/\u201eWOOPIE-edukacinis-musamuju-instrumentu-rinkinys-vaikams-3-bugnai-1-lekste-taburete.jpg\" \/>\n\t<meta property=\"og:image:width\" content=\"1000\" \/>\n\t<meta property=\"og:image:height\" content=\"1000\" \/>\n\t<meta property=\"og:image:type\" content=\"image\/jpeg\" \/>\n<meta name=\"twitter:card\" content=\"summary_large_image\" \/>\n<meta name=\"twitter:label1\" content=\"Est. reading time\" \/>\n\t<meta name=\"twitter:data1\" content=\"1 min\u016bte\" \/>\n<script type=\"application\/ld+json\" class=\"yoast-schema-graph\">{\"@context\":\"https:\\\/\\\/schema.org\",\"@graph\":[{\"@type\":\"WebPage\",\"@id\":\"https:\\\/\\\/kidsplay.lt\\\/produktas\\\/woopie-edukacinis-musamuju-instrumentu-rinkinys-vaikams-3-bugnai-1-lekste-taburete\\\/\",\"url\":\"https:\\\/\\\/kidsplay.lt\\\/produktas\\\/woopie-edukacinis-musamuju-instrumentu-rinkinys-vaikams-3-bugnai-1-lekste-taburete\\\/\",\"name\":\"\u201eWOOPIE\u201c edukacinis mu\u0161am\u0173j\u0173 instrument\u0173 rinkinys vaikams (3 b\u016bgnai + 1 l\u0117k\u0161t\u0117 + taburet\u0117)\",\"isPartOf\":{\"@id\":\"https:\\\/\\\/kidsplay.lt\\\/#website\"},\"primaryImageOfPage\":{\"@id\":\"https:\\\/\\\/kidsplay.lt\\\/produktas\\\/woopie-edukacinis-musamuju-instrumentu-rinkinys-vaikams-3-bugnai-1-lekste-taburete\\\/#primaryimage\"},\"image\":{\"@id\":\"https:\\\/\\\/kidsplay.lt\\\/produktas\\\/woopie-edukacinis-musamuju-instrumentu-rinkinys-vaikams-3-bugnai-1-lekste-taburete\\\/#primaryimage\"},\"thumbnailUrl\":\"https:\\\/\\\/kidsplay.lt\\\/wp-content\\\/uploads\\\/2026\\\/04\\\/\u201eWOOPIE-edukacinis-musamuju-instrumentu-rinkinys-vaikams-3-bugnai-1-lekste-taburete.jpg\",\"datePublished\":\"2026-04-29T10:03:27+00:00\",\"dateModified\":\"2026-04-29T15:30:37+00:00\",\"description\":\"\u201eWOOPIE\u201c edukacinis mu\u0161am\u0173j\u0173 instrument\u0173 rinkinys vaikams (3 b\u016bgnai + 1 l\u0117k\u0161t\u0117 + taburet\u0117) - KidsPlay. Did\u017eiausias vaik\u0173 \u017eaisl\u0173 pasirinkimas.\",\"breadcrumb\":{\"@id\":\"https:\\\/\\\/kidsplay.lt\\\/produktas\\\/woopie-edukacinis-musamuju-instrumentu-rinkinys-vaikams-3-bugnai-1-lekste-taburete\\\/#breadcrumb\"},\"inLanguage\":\"lv-LV\",\"potentialAction\":[{\"@type\":\"ReadAction\",\"target\":[\"https:\\\/\\\/kidsplay.lt\\\/produktas\\\/woopie-edukacinis-musamuju-instrumentu-rinkinys-vaikams-3-bugnai-1-lekste-taburete\\\/\"]}]},{\"@type\":\"ImageObject\",\"inLanguage\":\"lv-LV\",\"@id\":\"https:\\\/\\\/kidsplay.lt\\\/produktas\\\/woopie-edukacinis-musamuju-instrumentu-rinkinys-vaikams-3-bugnai-1-lekste-taburete\\\/#primaryimage\",\"url\":\"https:\\\/\\\/kidsplay.lt\\\/wp-content\\\/uploads\\\/2026\\\/04\\\/\u201eWOOPIE-edukacinis-musamuju-instrumentu-rinkinys-vaikams-3-bugnai-1-lekste-taburete.jpg\",\"contentUrl\":\"https:\\\/\\\/kidsplay.lt\\\/wp-content\\\/uploads\\\/2026\\\/04\\\/\u201eWOOPIE-edukacinis-musamuju-instrumentu-rinkinys-vaikams-3-bugnai-1-lekste-taburete.jpg\",\"width\":1000,\"height\":1000,\"caption\":\"\u201eWOOPIE\u201c edukacinis mu\u0161am\u0173j\u0173 instrument\u0173 rinkinys vaikams (3 b\u016bgnai + 1 l\u0117k\u0161t\u0117 + taburet\u0117)\"},{\"@type\":\"BreadcrumbList\",\"@id\":\"https:\\\/\\\/kidsplay.lt\\\/produktas\\\/woopie-edukacinis-musamuju-instrumentu-rinkinys-vaikams-3-bugnai-1-lekste-taburete\\\/#breadcrumb\",\"itemListElement\":[{\"@type\":\"ListItem\",\"position\":1,\"name\":\"Pagrindinis\",\"item\":\"https:\\\/\\\/kidsplay.lt\\\/\"},{\"@type\":\"ListItem\",\"position\":2,\"name\":\"Parduotuv\u0117\",\"item\":\"https:\\\/\\\/kidsplay.lt\\\/parduotuve\\\/\"},{\"@type\":\"ListItem\",\"position\":3,\"name\":\"\u201eWOOPIE\u201c edukacinis mu\u0161am\u0173j\u0173 instrument\u0173 rinkinys vaikams (3 b\u016bgnai + 1 l\u0117k\u0161t\u0117 + taburet\u0117)\"}]},{\"@type\":\"WebSite\",\"@id\":\"https:\\\/\\\/kidsplay.lt\\\/#website\",\"url\":\"https:\\\/\\\/kidsplay.lt\\\/\",\"name\":\"Kidsplay.lt\",\"description\":\"\u012evairios prek\u0117s vaikams\",\"publisher\":{\"@id\":\"https:\\\/\\\/kidsplay.lt\\\/#organization\"},\"alternateName\":\"Kidsplay\",\"potentialAction\":[{\"@type\":\"SearchAction\",\"target\":{\"@type\":\"EntryPoint\",\"urlTemplate\":\"https:\\\/\\\/kidsplay.lt\\\/?s={search_term_string}\"},\"query-input\":{\"@type\":\"PropertyValueSpecification\",\"valueRequired\":true,\"valueName\":\"search_term_string\"}}],\"inLanguage\":\"lv-LV\"},{\"@type\":\"Organization\",\"@id\":\"https:\\\/\\\/kidsplay.lt\\\/#organization\",\"name\":\"KidsPlay\",\"url\":\"https:\\\/\\\/kidsplay.lt\\\/\",\"logo\":{\"@type\":\"ImageObject\",\"inLanguage\":\"lv-LV\",\"@id\":\"https:\\\/\\\/kidsplay.lt\\\/#\\\/schema\\\/logo\\\/image\\\/\",\"url\":\"https:\\\/\\\/kidsplay.lt\\\/wp-content\\\/uploads\\\/2023\\\/07\\\/kidsplay-logo.png\",\"contentUrl\":\"https:\\\/\\\/kidsplay.lt\\\/wp-content\\\/uploads\\\/2023\\\/07\\\/kidsplay-logo.png\",\"width\":451,\"height\":98,\"caption\":\"KidsPlay\"},\"image\":{\"@id\":\"https:\\\/\\\/kidsplay.lt\\\/#\\\/schema\\\/logo\\\/image\\\/\"},\"sameAs\":[\"https:\\\/\\\/www.facebook.com\\\/www.kidsplay.lt\"]}]}<\/script>\n<!-- \/ Yoast SEO plugin. -->","yoast_head_json":{"title":"\u201eWOOPIE\u201c edukacinis mu\u0161am\u0173j\u0173 instrument\u0173 rinkinys vaikams (3 b\u016bgnai + 1 l\u0117k\u0161t\u0117 + taburet\u0117)","description":"\u201eWOOPIE\u201c edukacinis mu\u0161am\u0173j\u0173 instrument\u0173 rinkinys vaikams (3 b\u016bgnai + 1 l\u0117k\u0161t\u0117 + taburet\u0117) - KidsPlay. Did\u017eiausias vaik\u0173 \u017eaisl\u0173 pasirinkimas.","robots":{"index":"index","follow":"follow","max-snippet":"max-snippet:-1","max-image-preview":"max-image-preview:large","max-video-preview":"max-video-preview:-1"},"canonical":"https:\/\/kidsplay.lt\/lv\/products\/woopie-edukacinis-musamuju-instrumentu-rinkinys-vaikams-3-bugnai-1-lekste-taburete\/","og_locale":"lv_LV","og_type":"article","og_title":"\u201eWOOPIE\u201c edukacinis mu\u0161am\u0173j\u0173 instrument\u0173 rinkinys vaikams (3 b\u016bgnai + 1 l\u0117k\u0161t\u0117 + taburet\u0117)","og_description":"\u201eWOOPIE\u201c edukacinis mu\u0161am\u0173j\u0173 instrument\u0173 rinkinys vaikams (3 b\u016bgnai + 1 l\u0117k\u0161t\u0117 + taburet\u0117) - KidsPlay. Did\u017eiausias vaik\u0173 \u017eaisl\u0173 pasirinkimas.","og_url":"https:\/\/kidsplay.lt\/lv\/products\/woopie-edukacinis-musamuju-instrumentu-rinkinys-vaikams-3-bugnai-1-lekste-taburete\/","og_site_name":"KidsPlay","article_publisher":"https:\/\/www.facebook.com\/www.kidsplay.lt","article_modified_time":"2026-04-29T15:30:37+00:00","og_image":[{"width":1000,"height":1000,"url":"https:\/\/kidsplay.lt\/wp-content\/uploads\/2026\/04\/\u201eWOOPIE-edukacinis-musamuju-instrumentu-rinkinys-vaikams-3-bugnai-1-lekste-taburete.jpg","type":"image\/jpeg"}],"twitter_card":"summary_large_image","twitter_misc":{"Est. reading time":"1 min\u016bte"},"schema":{"@context":"https:\/\/schema.org","@graph":[{"@type":"WebPage","@id":"https:\/\/kidsplay.lt\/produktas\/woopie-edukacinis-musamuju-instrumentu-rinkinys-vaikams-3-bugnai-1-lekste-taburete\/","url":"https:\/\/kidsplay.lt\/produktas\/woopie-edukacinis-musamuju-instrumentu-rinkinys-vaikams-3-bugnai-1-lekste-taburete\/","name":"\u201eWOOPIE\u201c edukacinis mu\u0161am\u0173j\u0173 instrument\u0173 rinkinys vaikams (3 b\u016bgnai + 1 l\u0117k\u0161t\u0117 + taburet\u0117)","isPartOf":{"@id":"https:\/\/kidsplay.lt\/#website"},"primaryImageOfPage":{"@id":"https:\/\/kidsplay.lt\/produktas\/woopie-edukacinis-musamuju-instrumentu-rinkinys-vaikams-3-bugnai-1-lekste-taburete\/#primaryimage"},"image":{"@id":"https:\/\/kidsplay.lt\/produktas\/woopie-edukacinis-musamuju-instrumentu-rinkinys-vaikams-3-bugnai-1-lekste-taburete\/#primaryimage"},"thumbnailUrl":"https:\/\/kidsplay.lt\/wp-content\/uploads\/2026\/04\/\u201eWOOPIE-edukacinis-musamuju-instrumentu-rinkinys-vaikams-3-bugnai-1-lekste-taburete.jpg","datePublished":"2026-04-29T10:03:27+00:00","dateModified":"2026-04-29T15:30:37+00:00","description":"\u201eWOOPIE\u201c edukacinis mu\u0161am\u0173j\u0173 instrument\u0173 rinkinys vaikams (3 b\u016bgnai + 1 l\u0117k\u0161t\u0117 + taburet\u0117) - KidsPlay. Did\u017eiausias vaik\u0173 \u017eaisl\u0173 pasirinkimas.","breadcrumb":{"@id":"https:\/\/kidsplay.lt\/produktas\/woopie-edukacinis-musamuju-instrumentu-rinkinys-vaikams-3-bugnai-1-lekste-taburete\/#breadcrumb"},"inLanguage":"lv-LV","potentialAction":[{"@type":"ReadAction","target":["https:\/\/kidsplay.lt\/produktas\/woopie-edukacinis-musamuju-instrumentu-rinkinys-vaikams-3-bugnai-1-lekste-taburete\/"]}]},{"@type":"ImageObject","inLanguage":"lv-LV","@id":"https:\/\/kidsplay.lt\/produktas\/woopie-edukacinis-musamuju-instrumentu-rinkinys-vaikams-3-bugnai-1-lekste-taburete\/#primaryimage","url":"https:\/\/kidsplay.lt\/wp-content\/uploads\/2026\/04\/\u201eWOOPIE-edukacinis-musamuju-instrumentu-rinkinys-vaikams-3-bugnai-1-lekste-taburete.jpg","contentUrl":"https:\/\/kidsplay.lt\/wp-content\/uploads\/2026\/04\/\u201eWOOPIE-edukacinis-musamuju-instrumentu-rinkinys-vaikams-3-bugnai-1-lekste-taburete.jpg","width":1000,"height":1000,"caption":"\u201eWOOPIE\u201c edukacinis mu\u0161am\u0173j\u0173 instrument\u0173 rinkinys vaikams (3 b\u016bgnai + 1 l\u0117k\u0161t\u0117 + taburet\u0117)"},{"@type":"BreadcrumbList","@id":"https:\/\/kidsplay.lt\/produktas\/woopie-edukacinis-musamuju-instrumentu-rinkinys-vaikams-3-bugnai-1-lekste-taburete\/#breadcrumb","itemListElement":[{"@type":"ListItem","position":1,"name":"Pagrindinis","item":"https:\/\/kidsplay.lt\/"},{"@type":"ListItem","position":2,"name":"Parduotuv\u0117","item":"https:\/\/kidsplay.lt\/parduotuve\/"},{"@type":"ListItem","position":3,"name":"\u201eWOOPIE\u201c edukacinis mu\u0161am\u0173j\u0173 instrument\u0173 rinkinys vaikams (3 b\u016bgnai + 1 l\u0117k\u0161t\u0117 + taburet\u0117)"}]},{"@type":"WebSite","@id":"https:\/\/kidsplay.lt\/#website","url":"https:\/\/kidsplay.lt\/","name":"B\u0113rnu sp\u0113les.lv","description":"\u012evairios prek\u0117s vaikams","publisher":{"@id":"https:\/\/kidsplay.lt\/#organization"},"alternateName":"Kidsplay","potentialAction":[{"@type":"SearchAction","target":{"@type":"EntryPoint","urlTemplate":"https:\/\/kidsplay.lt\/?s={search_term_string}"},"query-input":{"@type":"PropertyValueSpecification","valueRequired":true,"valueName":"search_term_string"}}],"inLanguage":"lv-LV"},{"@type":"Organization","@id":"https:\/\/kidsplay.lt\/#organization","name":"B\u0113rnu sp\u0113le","url":"https:\/\/kidsplay.lt\/","logo":{"@type":"ImageObject","inLanguage":"lv-LV","@id":"https:\/\/kidsplay.lt\/#\/schema\/logo\/image\/","url":"https:\/\/kidsplay.lt\/wp-content\/uploads\/2023\/07\/kidsplay-logo.png","contentUrl":"https:\/\/kidsplay.lt\/wp-content\/uploads\/2023\/07\/kidsplay-logo.png","width":451,"height":98,"caption":"KidsPlay"},"image":{"@id":"https:\/\/kidsplay.lt\/#\/schema\/logo\/image\/"},"sameAs":["https:\/\/www.facebook.com\/www.kidsplay.lt"]}]}},"_links":{"self":[{"href":"https:\/\/kidsplay.lt\/lv\/wp-json\/wp\/v2\/product\/111120","targetHints":{"allow":["GET"]}}],"collection":[{"href":"https:\/\/kidsplay.lt\/lv\/wp-json\/wp\/v2\/product"}],"about":[{"href":"https:\/\/kidsplay.lt\/lv\/wp-json\/wp\/v2\/types\/product"}],"version-history":[{"count":1,"href":"https:\/\/kidsplay.lt\/lv\/wp-json\/wp\/v2\/product\/111120\/revisions"}],"predecessor-version":[{"id":111121,"href":"https:\/\/kidsplay.lt\/lv\/wp-json\/wp\/v2\/product\/111120\/revisions\/111121"}],"wp:featuredmedia":[{"embeddable":true,"href":"https:\/\/kidsplay.lt\/lv\/wp-json\/wp\/v2\/media\/111122"}],"wp:attachment":[{"href":"https:\/\/kidsplay.lt\/lv\/wp-json\/wp\/v2\/media?parent=111120"}],"wp:term":[{"taxonomy":"product_brand","embeddable":true,"href":"https:\/\/kidsplay.lt\/lv\/wp-json\/wp\/v2\/product_brand?post=111120"},{"taxonomy":"product_cat","embeddable":true,"href":"https:\/\/kidsplay.lt\/lv\/wp-json\/wp\/v2\/product_cat?post=111120"},{"taxonomy":"product_tag","embeddable":true,"href":"https:\/\/kidsplay.lt\/lv\/wp-json\/wp\/v2\/product_tag?post=111120"}],"curies":[{"name":"wp","href":"https:\/\/api.w.org\/{rel}","templated":true}]}}